{"id":10,"date":"2021-07-07T12:18:23","date_gmt":"2021-07-07T10:18:23","guid":{"rendered":"https:\/\/printyourfun.eu\/cart\/"},"modified":"2021-07-07T12:18:23","modified_gmt":"2021-07-07T10:18:23","slug":"cart","status":"publish","type":"page","link":"https:\/\/printyourfun.eu\/en\/cart\/","title":{"rendered":"Cart"},"content":{"rendered":"<div class=\"woocommerce\"><div class=\"text-center pt pb\">\n\t<div class = \"free_delivery_box\" style = \"border:1px solid #f19214;padding:1em;margin-bottom:1em;\"><span class = \"free_delivery_text\">Zr\u00f3b zakupy za <strong>250 z\u0142<\/strong>, aby otrzyma\u0107 <strong>darmow\u0105 dostaw\u0119<\/strong><\/div><div class=\"woocommerce-notices-wrapper\"><\/div><div class=\"wc-empty-cart-message\">\n\t<div class=\"woocommerce-info message-wrapper\">\n\t\t<div class=\"message-container container medium-text-center\">\n\t\t\tYour basket is currently empty.\t\t<\/div>\n\t<\/div>\n\t<\/div>\t\t<p class=\"return-to-shop\">\n\t\t\t<a class=\"button primary wc-backward\" href=\"https:\/\/printyourfun.eu\/en\/sklep\/\">\n\t\t\t\tReturn to shop\t\t\t<\/a>\n\t\t<\/p>\n\t<\/div>\n<\/div>","protected":false},"excerpt":{"rendered":"","protected":false},"author":1,"featured_media":0,"parent":0,"menu_order":0,"comment_status":"closed","ping_status":"closed","template":"","meta":{"_acf_changed":false,"footnotes":""},"class_list":["post-10","page","type-page","status-publish","hentry"],"acf":[],"yoast_head":"<!-- This site is optimized with the Yoast SEO plugin v24.8.1 - https:\/\/yoast.com\/wordpress\/plugins\/seo\/ -->\n<title>Cart - PrintYourFun<\/title>\n<meta name=\"robots\" content=\"index, follow, max-snippet:-1, max-image-preview:large, max-video-preview:-1\" \/>\n<link rel=\"canonical\" href=\"https:\/\/printyourfun.eu\/en\/cart\/\" \/>\n<meta property=\"og:locale\" content=\"en_GB\" \/>\n<meta property=\"og:type\" content=\"article\" \/>\n<meta property=\"og:title\" content=\"Cart - PrintYourFun\" \/>\n<meta property=\"og:url\" content=\"https:\/\/printyourfun.eu\/en\/cart\/\" \/>\n<meta property=\"og:site_name\" content=\"PrintYourFun\" \/>\n<meta property=\"article:publisher\" content=\"https:\/\/www.facebook.com\/Printyourfun\/\" \/>\n<meta property=\"og:image\" content=\"https:\/\/printyourfun.eu\/wp-content\/uploads\/2022\/01\/PRINT_YOUR_FUN_logo-1.png\" \/>\n\t<meta property=\"og:image:width\" content=\"1480\" \/>\n\t<meta property=\"og:image:height\" content=\"562\" \/>\n\t<meta property=\"og:image:type\" content=\"image\/png\" \/>\n<meta name=\"twitter:card\" content=\"summary_large_image\" \/>\n<script type=\"application\/ld+json\" class=\"yoast-schema-graph\">{\"@context\":\"https:\/\/schema.org\",\"@graph\":[{\"@type\":\"WebPage\",\"@id\":\"https:\/\/printyourfun.eu\/cart\/\",\"url\":\"https:\/\/printyourfun.eu\/cart\/\",\"name\":\"Cart - PrintYourFun\",\"isPartOf\":{\"@id\":\"https:\/\/printyourfun.eu\/#website\"},\"datePublished\":\"2021-07-07T10:18:23+00:00\",\"breadcrumb\":{\"@id\":\"https:\/\/printyourfun.eu\/cart\/#breadcrumb\"},\"inLanguage\":\"en-GB\",\"potentialAction\":[{\"@type\":\"ReadAction\",\"target\":[\"https:\/\/printyourfun.eu\/cart\/\"]}]},{\"@type\":\"BreadcrumbList\",\"@id\":\"https:\/\/printyourfun.eu\/cart\/#breadcrumb\",\"itemListElement\":[{\"@type\":\"ListItem\",\"position\":1,\"name\":\"Home\",\"item\":\"https:\/\/printyourfun.eu\/\"},{\"@type\":\"ListItem\",\"position\":2,\"name\":\"Cart\"}]},{\"@type\":\"WebSite\",\"@id\":\"https:\/\/printyourfun.eu\/#website\",\"url\":\"https:\/\/printyourfun.eu\/\",\"name\":\"PrintYourFun\",\"description\":\"Wydruki 3D\",\"potentialAction\":[{\"@type\":\"SearchAction\",\"target\":{\"@type\":\"EntryPoint\",\"urlTemplate\":\"https:\/\/printyourfun.eu\/?s={search_term_string}\"},\"query-input\":{\"@type\":\"PropertyValueSpecification\",\"valueRequired\":true,\"valueName\":\"search_term_string\"}}],\"inLanguage\":\"en-GB\"}]}<\/script>\n<!-- \/ Yoast SEO plugin. -->","yoast_head_json":{"title":"Cart - PrintYourFun","robots":{"index":"index","follow":"follow","max-snippet":"max-snippet:-1","max-image-preview":"max-image-preview:large","max-video-preview":"max-video-preview:-1"},"canonical":"https:\/\/printyourfun.eu\/en\/cart\/","og_locale":"en_GB","og_type":"article","og_title":"Cart - PrintYourFun","og_url":"https:\/\/printyourfun.eu\/en\/cart\/","og_site_name":"PrintYourFun","article_publisher":"https:\/\/www.facebook.com\/Printyourfun\/","og_image":[{"width":1480,"height":562,"url":"https:\/\/printyourfun.eu\/wp-content\/uploads\/2022\/01\/PRINT_YOUR_FUN_logo-1.png","type":"image\/png"}],"twitter_card":"summary_large_image","schema":{"@context":"https:\/\/schema.org","@graph":[{"@type":"WebPage","@id":"https:\/\/printyourfun.eu\/cart\/","url":"https:\/\/printyourfun.eu\/cart\/","name":"Cart - PrintYourFun","isPartOf":{"@id":"https:\/\/printyourfun.eu\/#website"},"datePublished":"2021-07-07T10:18:23+00:00","breadcrumb":{"@id":"https:\/\/printyourfun.eu\/cart\/#breadcrumb"},"inLanguage":"en-GB","potentialAction":[{"@type":"ReadAction","target":["https:\/\/printyourfun.eu\/cart\/"]}]},{"@type":"BreadcrumbList","@id":"https:\/\/printyourfun.eu\/cart\/#breadcrumb","itemListElement":[{"@type":"ListItem","position":1,"name":"Home","item":"https:\/\/printyourfun.eu\/"},{"@type":"ListItem","position":2,"name":"Cart"}]},{"@type":"WebSite","@id":"https:\/\/printyourfun.eu\/#website","url":"https:\/\/printyourfun.eu\/","name":"PrintYourFun","description":"Wydruki 3D","potentialAction":[{"@type":"SearchAction","target":{"@type":"EntryPoint","urlTemplate":"https:\/\/printyourfun.eu\/?s={search_term_string}"},"query-input":{"@type":"PropertyValueSpecification","valueRequired":true,"valueName":"search_term_string"}}],"inLanguage":"en-GB"}]}},"_links":{"self":[{"href":"https:\/\/printyourfun.eu\/en\/wp-json\/wp\/v2\/pages\/10","targetHints":{"allow":["GET"]}}],"collection":[{"href":"https:\/\/printyourfun.eu\/en\/wp-json\/wp\/v2\/pages"}],"about":[{"href":"https:\/\/printyourfun.eu\/en\/wp-json\/wp\/v2\/types\/page"}],"author":[{"embeddable":true,"href":"https:\/\/printyourfun.eu\/en\/wp-json\/wp\/v2\/users\/1"}],"replies":[{"embeddable":true,"href":"https:\/\/printyourfun.eu\/en\/wp-json\/wp\/v2\/comments?post=10"}],"version-history":[{"count":0,"href":"https:\/\/printyourfun.eu\/en\/wp-json\/wp\/v2\/pages\/10\/revisions"}],"wp:attachment":[{"href":"https:\/\/printyourfun.eu\/en\/wp-json\/wp\/v2\/media?parent=10"}],"curies":[{"name":"wp","href":"https:\/\/api.w.org\/{rel}","templated":true}]}}