{"id":534,"date":"2021-08-22T17:02:33","date_gmt":"2021-08-22T15:02:33","guid":{"rendered":"https:\/\/printyourfun.eu\/?page_id=534"},"modified":"2022-01-20T11:53:35","modified_gmt":"2022-01-20T10:53:35","slug":"about-choose-region","status":"publish","type":"page","link":"https:\/\/printyourfun.eu\/en\/about-choose-region\/","title":{"rendered":"Auto Draft"},"content":{"rendered":"<section class=\"section\" id=\"section_218553319\">\n\t\t<div class=\"section-bg fill\" >\n\t\t\t\t\t\t\t\t\t<div class=\"section-bg-overlay absolute fill\"><\/div><div class=\"loading-spin centered\"><\/div>\n\t\t\t\n\n\t\t<\/div>\n\n\t\t\n\n\t\t<div class=\"section-content relative\">\n\t\t\t\n\n<div class=\"row\"  id=\"row-1872789210\">\n\n\n\t<div id=\"col-440116939\" class=\"col medium-6 small-12 large-6\"  >\n\t\t\t\t<div class=\"col-inner text-left\"  >\n\t\t\t\n\t\t\t\n\n\t<div class=\"img has-hover x md-x lg-x y md-y lg-y\" id=\"image_962111849\">\n\t\t<a class=\"\" href=\"https:\/\/printyourfun.eu\/en\/\" >\t\t\t\t\t\t<div class=\"img-inner dark\" >\n\t\t\t<img loading=\"lazy\" decoding=\"async\" width=\"1020\" height=\"388\" src=\"https:\/\/printyourfun.eu\/wp-content\/uploads\/2022\/01\/PRINT_YOUR_FUN_logo-1-1400x532.png\" class=\"attachment-large size-large\" alt=\"\" srcset=\"https:\/\/printyourfun.eu\/wp-content\/uploads\/2022\/01\/PRINT_YOUR_FUN_logo-1-1400x532.png 1400w, https:\/\/printyourfun.eu\/wp-content\/uploads\/2022\/01\/PRINT_YOUR_FUN_logo-1-800x304.png 800w, https:\/\/printyourfun.eu\/wp-content\/uploads\/2022\/01\/PRINT_YOUR_FUN_logo-1-768x292.png 768w, https:\/\/printyourfun.eu\/wp-content\/uploads\/2022\/01\/PRINT_YOUR_FUN_logo-1-18x7.png 18w, https:\/\/printyourfun.eu\/wp-content\/uploads\/2022\/01\/PRINT_YOUR_FUN_logo-1-600x228.png 600w, https:\/\/printyourfun.eu\/wp-content\/uploads\/2022\/01\/PRINT_YOUR_FUN_logo-1.png 1480w\" sizes=\"auto, (max-width: 1020px) 100vw, 1020px\" \/>\t\t\t\t\t\t\n\t\t\t\t\t<\/div>\n\t\t\t\t\t\t<\/a>\t\t\n<style>\n#image_962111849 {\n  width: 35%;\n}\n<\/style>\n\t<\/div>\n\t\n\n\n\t\t<\/div>\n\t\t\t\t\n<style>\n#col-440116939 > .col-inner {\n  padding: 0px 0px 0px 0px;\n  margin: 0px 0px 0 0px;\n}\n<\/style>\n\t<\/div>\n\n\t\n\n\t<div id=\"col-1643565957\" class=\"col medium-6 small-12 large-6\"  >\n\t\t\t\t<div class=\"col-inner text-center\"  >\n\t\t\t\n\t\t\t\n\n\t<div id=\"text-2947848707\" class=\"text\">\n\t\t\n\n<div class=\"trp_language_switcher_shortcode\">\n<div class=\"trp-language-switcher trp-language-switcher-container\" data-no-translation>\n    <div class=\"trp-ls-shortcode-current-language\">\n        <a href=\"#\" class=\"trp-ls-shortcode-disabled-language trp-ls-disabled-language\" title=\"English (UK)\" onclick=\"event.preventDefault()\">\n\t\t\t<img loading=\"lazy\" decoding=\"async\" class=\"trp-flag-image\" src=\"https:\/\/printyourfun.eu\/wp-content\/plugins\/translatepress-multilingual\/assets\/images\/flags\/en_GB.png\" width=\"18\" height=\"12\" alt=\"en_GB\" title=\"English (UK)\"> \t\t<\/a>\n    <\/div>\n    <div class=\"trp-ls-shortcode-language\">\n                <a href=\"#\" class=\"trp-ls-shortcode-disabled-language trp-ls-disabled-language\"  title=\"English (UK)\" onclick=\"event.preventDefault()\">\n\t\t\t<img loading=\"lazy\" decoding=\"async\" class=\"trp-flag-image\" src=\"https:\/\/printyourfun.eu\/wp-content\/plugins\/translatepress-multilingual\/assets\/images\/flags\/en_GB.png\" width=\"18\" height=\"12\" alt=\"en_GB\" title=\"English (UK)\"> \t\t<\/a>\n                    <a href=\"https:\/\/printyourfun.eu\/en\/wp-json\/wp\/v2\/pages\/534\" title=\"Polski\">\n            <img loading=\"lazy\" decoding=\"async\" class=\"trp-flag-image\" src=\"https:\/\/printyourfun.eu\/wp-content\/plugins\/translatepress-multilingual\/assets\/images\/flags\/pl_PL.png\" width=\"18\" height=\"12\" alt=\"pl_PL\" title=\"Polski\">         <\/a>\n\n        <\/div>\n    <script type=\"application\/javascript\">\n        \/\/ need to have the same with set from JS on both divs. Otherwise it can push stuff around in HTML\n        var trp_ls_shortcodes = document.querySelectorAll('.trp_language_switcher_shortcode .trp-language-switcher');\n        if ( trp_ls_shortcodes.length > 0) {\n            \/\/ get the last language switcher added\n            var trp_el = trp_ls_shortcodes[trp_ls_shortcodes.length - 1];\n\n            var trp_shortcode_language_item = trp_el.querySelector( '.trp-ls-shortcode-language' )\n            \/\/ set width\n            var trp_ls_shortcode_width                                               = trp_shortcode_language_item.offsetWidth + 16;\n            trp_shortcode_language_item.style.width                                  = trp_ls_shortcode_width + 'px';\n            trp_el.querySelector( '.trp-ls-shortcode-current-language' ).style.width = trp_ls_shortcode_width + 'px';\n\n            \/\/ We're putting this on display: none after we have its width.\n            trp_shortcode_language_item.style.display = 'none';\n        }\n    <\/script>\n<\/div>\n<\/div>\n\t\t\n<style>\n#text-2947848707 {\n  font-size: 0.75rem;\n  line-height: 1.75;\n  text-align: right;\n  color: rgb(255,255,255);\n}\n#text-2947848707 > * {\n  color: rgb(255,255,255);\n}\n<\/style>\n\t<\/div>\n\t\n\n\t\t<\/div>\n\t\t\t\t\n<style>\n#col-1643565957 > .col-inner {\n  padding: 0px 0px 0px 0px;\n  margin: 0px 0px -34px 0px;\n}\n<\/style>\n\t<\/div>\n\n\t\n\n\t<div id=\"col-864495496\" class=\"col small-12 large-12\"  >\n\t\t\t\t<div class=\"col-inner\"  >\n\t\t\t\n\t\t\t\n\n\t<div id=\"gap-784912150\" class=\"gap-element clearfix\" style=\"display:block; height:auto;\">\n\t\t\n<style>\n#gap-784912150 {\n  padding-top: 30px;\n}\n<\/style>\n\t<\/div>\n\t\n\n\t<div id=\"text-2064045808\" class=\"text\">\n\t\t\n\n<h2>WHO WE ARE?\n<\/h2>\n<p>We are a family company that has been dealing with 3D printing for over 5 years.<\/p>\n\t\t\n<style>\n#text-2064045808 {\n  text-align: center;\n  color: rgb(255,255,255);\n}\n#text-2064045808 > * {\n  color: rgb(255,255,255);\n}\n<\/style>\n\t<\/div>\n\t\n\n\t\t<\/div>\n\t\t\t\t\t<\/div>\n\n\t\n\n<\/div>\n<div class=\"row\"  id=\"row-168595873\">\n\n\n\t<div id=\"col-1758039928\" class=\"col medium-6 small-12 large-6\"  >\n\t\t\t\t<div class=\"col-inner\"  >\n\t\t\t\n\t\t\t\n\n\t<div id=\"text-1277567872\" class=\"text\">\n\t\t\n\n<h2>About Us\n<\/h2>\n<p>We are total geeks, we love everything about board games, card games and battle games. Many years ago we started our adventure with 3D printing as a new hobby and it quickly turned out that building our own printers gives us as much fun as playing games. After years of gathering experience, we decided to combine these two passions into one family business.<\/p>\n\t\t\n<style>\n#text-1277567872 {\n  text-align: left;\n  color: rgb(255,255,255);\n}\n#text-1277567872 > * {\n  color: rgb(255,255,255);\n}\n<\/style>\n\t<\/div>\n\t\n\n\t\t<\/div>\n\t\t\t\t\t<\/div>\n\n\t\n\n\t<div id=\"col-3817518\" class=\"col medium-6 small-12 large-6\"  >\n\t\t\t\t<div class=\"col-inner\"  >\n\t\t\t\n\t\t\t\n\n\t<div id=\"text-1808898787\" class=\"text\">\n\t\t\n\n<h2>What we do?\n<\/h2>\n<p>Aktualnie nasz park maszynowy pozwala nam na druk w dw\u00f3ch technologiach.<\/p>\n<p><strong>FDM <\/strong>\u2013 druk 3D z termoplastycznych materia\u0142\u00f3w takich jak PLA, ABS, PETG, ASA.<\/p>\n<p><strong>DLP <\/strong>\u2013 Druk 3D z \u017cywic utwardzanych \u015bwiat\u0142em UV.<\/p><p>W planach mamy rozszerzenie mo\u017cliwo\u015bci produkcyjnych o maszyny CNC.<\/p>\n\t\t\n<style>\n#text-1808898787 {\n  text-align: left;\n  color: rgb(255,255,255);\n}\n#text-1808898787 > * {\n  color: rgb(255,255,255);\n}\n<\/style>\n\t<\/div>\n\t\n\n\t\t<\/div>\n\t\t\t\t\t<\/div>\n\n\t\n\n<\/div>\n\t<div id=\"gap-1380331358\" class=\"gap-element clearfix\" style=\"display:block; height:auto;\">\n\t\t\n<style>\n#gap-1380331358 {\n  padding-top: 55px;\n}\n<\/style>\n\t<\/div>\n\t\n\n<div class=\"row\"  id=\"row-745980720\">\n\n\n\t<div id=\"col-718316089\" class=\"col small-12 large-12\"  >\n\t\t\t\t<div class=\"col-inner text-center\"  >\n\t\t\t\n\t\t\t\n\n\t<div id=\"text-3173151517\" class=\"text\">\n\t\t\n\n<h2>OUR TEAM\n<\/h2>\n\t\t\n<style>\n#text-3173151517 {\n  text-align: center;\n  color: rgb(255,255,255);\n}\n#text-3173151517 > * {\n  color: rgb(255,255,255);\n}\n<\/style>\n\t<\/div>\n\t\n\n\t\t<\/div>\n\t\t\t\t\t<\/div>\n\n\t\n\n\t<div id=\"col-1006796238\" class=\"col medium-6 small-9 large-6\"  >\n\t\t\t\t<div class=\"col-inner\"  >\n\t\t\t\n\t\t\t\n\n    <div class=\"box has-hover has-hover box-default box-text-bottom\" >\n\n                  <div class=\"box-image image-zoom-long\" style=\"width:50%;\">\n           <div class=\"box-image-inner image-cover\" style=\"border-radius:100%;padding-top:100%;\">\n              <img loading=\"lazy\" decoding=\"async\" width=\"1606\" height=\"2048\" src=\"https:\/\/printyourfun.eu\/wp-content\/uploads\/2021\/07\/224274102_415466539813492_6554220430336951824_n.jpg\" class=\"attachment- size-\" alt=\"\" srcset=\"https:\/\/printyourfun.eu\/wp-content\/uploads\/2021\/07\/224274102_415466539813492_6554220430336951824_n.jpg 1606w, https:\/\/printyourfun.eu\/wp-content\/uploads\/2021\/07\/224274102_415466539813492_6554220430336951824_n-314x400.jpg 314w, https:\/\/printyourfun.eu\/wp-content\/uploads\/2021\/07\/224274102_415466539813492_6554220430336951824_n-627x800.jpg 627w, https:\/\/printyourfun.eu\/wp-content\/uploads\/2021\/07\/224274102_415466539813492_6554220430336951824_n-768x979.jpg 768w, https:\/\/printyourfun.eu\/wp-content\/uploads\/2021\/07\/224274102_415466539813492_6554220430336951824_n-1205x1536.jpg 1205w, https:\/\/printyourfun.eu\/wp-content\/uploads\/2021\/07\/224274102_415466539813492_6554220430336951824_n-9x12.jpg 9w, https:\/\/printyourfun.eu\/wp-content\/uploads\/2021\/07\/224274102_415466539813492_6554220430336951824_n-600x765.jpg 600w\" sizes=\"auto, (max-width: 1606px) 100vw, 1606px\" \/>                         <\/div>\n          <\/div>\n         \n          <div class=\"box-text text-center dark\" >\n                <div class=\"box-text-inner\">\n                  <h4 class=\"uppercase\">\n                    <span class=\"person-name\">PAWE\u0141 'SELIVE'<\/span><br\/>\n                    <span class=\"person-title is-small thin-font op-7\">\n                      3D PRINTING TECHNICIAN                    <\/span>\n                  <\/h4>\n\t\t\t\t\t\n\n<p>A magician of 3D printing techniques, he loves screws and spending hours pampering his works. It deals with printing everything that comes out to our clients.<\/p>\n\n                <\/div>\n          <\/div>\n    <\/div>\n\n\t\n    \n\n\t\t<\/div>\n\t\t\t\t\t<\/div>\n\n\t\n\n\t<div id=\"col-1233242709\" class=\"col medium-6 small-9 large-6\"  >\n\t\t\t\t<div class=\"col-inner\"  >\n\t\t\t\n\t\t\t\n\n    <div class=\"box has-hover has-hover box-default box-text-bottom\" >\n\n                  <div class=\"box-image image-zoom-long\" style=\"width:50%;\">\n           <div class=\"box-image-inner image-cover\" style=\"border-radius:100%;padding-top:100%;\">\n              <img loading=\"lazy\" decoding=\"async\" width=\"571\" height=\"858\" src=\"https:\/\/printyourfun.eu\/wp-content\/uploads\/2021\/07\/225444185_1008519043291623_2838904210074185177_n.jpg\" class=\"attachment- size-\" alt=\"\" srcset=\"https:\/\/printyourfun.eu\/wp-content\/uploads\/2021\/07\/225444185_1008519043291623_2838904210074185177_n.jpg 571w, https:\/\/printyourfun.eu\/wp-content\/uploads\/2021\/07\/225444185_1008519043291623_2838904210074185177_n-266x400.jpg 266w, https:\/\/printyourfun.eu\/wp-content\/uploads\/2021\/07\/225444185_1008519043291623_2838904210074185177_n-532x800.jpg 532w, https:\/\/printyourfun.eu\/wp-content\/uploads\/2021\/07\/225444185_1008519043291623_2838904210074185177_n-8x12.jpg 8w\" sizes=\"auto, (max-width: 571px) 100vw, 571px\" \/>                         <\/div>\n          <\/div>\n         \n          <div class=\"box-text text-center dark\" >\n                <div class=\"box-text-inner\">\n                  <h4 class=\"uppercase\">\n                    <span class=\"person-name\">KRZYSZTOF 'RIEEK'<\/span><br\/>\n                    <span class=\"person-title is-small thin-font op-7\">\n                      MARKETING AND LOGISTICS                    <\/span>\n                  <\/h4>\n\t\t\t\t\t\n\n<p>A typical person for tasks on the first line of contact with the client, he is also involved in inventing new products for printing.<\/p>\n\n                <\/div>\n          <\/div>\n    <\/div>\n\n\t\n    \n\n\t\t<\/div>\n\t\t\t\t\t<\/div>\n\n\t\n\n<\/div>\n\t<div id=\"gap-1713062245\" class=\"gap-element clearfix\" style=\"display:block; height:auto;\">\n\t\t\n<style>\n#gap-1713062245 {\n  padding-top: 30px;\n}\n<\/style>\n\t<\/div>\n\t\n\n<div class=\"row\"  id=\"row-908312128\">\n\n\n\t<div id=\"col-334663797\" class=\"col small-12 large-12\"  >\n\t\t\t\t<div class=\"col-inner\"  >\n\t\t\t\n\t\t\t\n\n\t<div id=\"text-2907333846\" class=\"text\">\n\t\t\n\n<a href=\"https:\/\/printyourfun.eu\/en\/\">Choose Region<\/a> | <a href=\"https:\/\/printyourfun.eu\/en\/choose-order-a-print\/\">Order A Print<\/a> | <a href=\"https:\/\/printyourfun.eu\/en\/about-choose-region\/\">About Us<\/a> | <a href=\"https:\/\/printyourfun.eu\/en\/contact-choose-region\/\">Contact<\/a>\n\t\t\n<style>\n#text-2907333846 {\n  font-size: 0.75rem;\n  text-align: center;\n  color: rgb(255,255,255);\n}\n#text-2907333846 > * {\n  color: rgb(255,255,255);\n}\n<\/style>\n\t<\/div>\n\t\n\n\t\t<\/div>\n\t\t\t\t\t<\/div>\n\n\t\n\n<\/div>\n\n\t\t<\/div>\n\n\t\t\n<style>\n#section_218553319 {\n  padding-top: 0px;\n  padding-bottom: 0px;\n  margin-bottom: 0px;\n  background-color: rgb(9, 62, 109);\n}\n#section_218553319 .section-bg-overlay {\n  background-color: rgba(9, 62, 109, 0.866);\n}\n@media (min-width:550px) {\n  #section_218553319 {\n    padding-top: 8%;\n    padding-bottom: 8%;\n  }\n}\n<\/style>\n\t<\/section>","protected":false},"excerpt":{"rendered":"","protected":false},"author":1,"featured_media":0,"parent":0,"menu_order":0,"comment_status":"closed","ping_status":"closed","template":"page-blank-landingpage.php","meta":{"_acf_changed":false,"footnotes":""},"class_list":["post-534","page","type-page","status-publish","hentry"],"acf":[],"yoast_head":"<!-- This site is optimized with the Yoast SEO plugin v24.8.1 - https:\/\/yoast.com\/wordpress\/plugins\/seo\/ -->\n<title>Auto Draft - PrintYourFun<\/title>\n<meta name=\"robots\" content=\"index, follow, max-snippet:-1, max-image-preview:large, max-video-preview:-1\" \/>\n<link rel=\"canonical\" href=\"https:\/\/printyourfun.eu\/en\/about-choose-region\/\" \/>\n<meta property=\"og:locale\" content=\"en_GB\" \/>\n<meta property=\"og:type\" content=\"article\" \/>\n<meta property=\"og:title\" content=\"Auto Draft - PrintYourFun\" \/>\n<meta property=\"og:url\" content=\"https:\/\/printyourfun.eu\/en\/about-choose-region\/\" \/>\n<meta property=\"og:site_name\" content=\"PrintYourFun\" \/>\n<meta property=\"article:publisher\" content=\"https:\/\/www.facebook.com\/Printyourfun\/\" \/>\n<meta property=\"article:modified_time\" content=\"2022-01-20T10:53:35+00:00\" \/>\n<meta property=\"og:image\" content=\"https:\/\/printyourfun.eu\/wp-content\/uploads\/2022\/01\/PRINT_YOUR_FUN_logo-1.png\" \/>\n\t<meta property=\"og:image:width\" content=\"1480\" \/>\n\t<meta property=\"og:image:height\" content=\"562\" \/>\n\t<meta property=\"og:image:type\" content=\"image\/png\" \/>\n<meta name=\"twitter:card\" content=\"summary_large_image\" \/>\n<meta name=\"twitter:label1\" content=\"Estimated reading time\" \/>\n\t<meta name=\"twitter:data1\" content=\"2 minutes\" \/>\n<script type=\"application\/ld+json\" class=\"yoast-schema-graph\">{\"@context\":\"https:\/\/schema.org\",\"@graph\":[{\"@type\":\"WebPage\",\"@id\":\"https:\/\/printyourfun.eu\/about-choose-region\/\",\"url\":\"https:\/\/printyourfun.eu\/about-choose-region\/\",\"name\":\"Auto Draft - PrintYourFun\",\"isPartOf\":{\"@id\":\"https:\/\/printyourfun.eu\/#website\"},\"datePublished\":\"2021-08-22T15:02:33+00:00\",\"dateModified\":\"2022-01-20T10:53:35+00:00\",\"breadcrumb\":{\"@id\":\"https:\/\/printyourfun.eu\/about-choose-region\/#breadcrumb\"},\"inLanguage\":\"en-GB\",\"potentialAction\":[{\"@type\":\"ReadAction\",\"target\":[\"https:\/\/printyourfun.eu\/about-choose-region\/\"]}]},{\"@type\":\"BreadcrumbList\",\"@id\":\"https:\/\/printyourfun.eu\/about-choose-region\/#breadcrumb\",\"itemListElement\":[{\"@type\":\"ListItem\",\"position\":1,\"name\":\"Home\",\"item\":\"https:\/\/printyourfun.eu\/\"},{\"@type\":\"ListItem\",\"position\":2,\"name\":\"Auto Draft\"}]},{\"@type\":\"WebSite\",\"@id\":\"https:\/\/printyourfun.eu\/#website\",\"url\":\"https:\/\/printyourfun.eu\/\",\"name\":\"PrintYourFun\",\"description\":\"Wydruki 3D\",\"potentialAction\":[{\"@type\":\"SearchAction\",\"target\":{\"@type\":\"EntryPoint\",\"urlTemplate\":\"https:\/\/printyourfun.eu\/?s={search_term_string}\"},\"query-input\":{\"@type\":\"PropertyValueSpecification\",\"valueRequired\":true,\"valueName\":\"search_term_string\"}}],\"inLanguage\":\"en-GB\"}]}<\/script>\n<!-- \/ Yoast SEO plugin. -->","yoast_head_json":{"title":"Auto Draft - PrintYourFun","robots":{"index":"index","follow":"follow","max-snippet":"max-snippet:-1","max-image-preview":"max-image-preview:large","max-video-preview":"max-video-preview:-1"},"canonical":"https:\/\/printyourfun.eu\/en\/about-choose-region\/","og_locale":"en_GB","og_type":"article","og_title":"Auto Draft - PrintYourFun","og_url":"https:\/\/printyourfun.eu\/en\/about-choose-region\/","og_site_name":"PrintYourFun","article_publisher":"https:\/\/www.facebook.com\/Printyourfun\/","article_modified_time":"2022-01-20T10:53:35+00:00","og_image":[{"width":1480,"height":562,"url":"https:\/\/printyourfun.eu\/wp-content\/uploads\/2022\/01\/PRINT_YOUR_FUN_logo-1.png","type":"image\/png"}],"twitter_card":"summary_large_image","twitter_misc":{"Estimated reading time":"2 minutes"},"schema":{"@context":"https:\/\/schema.org","@graph":[{"@type":"WebPage","@id":"https:\/\/printyourfun.eu\/about-choose-region\/","url":"https:\/\/printyourfun.eu\/about-choose-region\/","name":"Auto Draft - PrintYourFun","isPartOf":{"@id":"https:\/\/printyourfun.eu\/#website"},"datePublished":"2021-08-22T15:02:33+00:00","dateModified":"2022-01-20T10:53:35+00:00","breadcrumb":{"@id":"https:\/\/printyourfun.eu\/about-choose-region\/#breadcrumb"},"inLanguage":"en-GB","potentialAction":[{"@type":"ReadAction","target":["https:\/\/printyourfun.eu\/about-choose-region\/"]}]},{"@type":"BreadcrumbList","@id":"https:\/\/printyourfun.eu\/about-choose-region\/#breadcrumb","itemListElement":[{"@type":"ListItem","position":1,"name":"Home","item":"https:\/\/printyourfun.eu\/"},{"@type":"ListItem","position":2,"name":"Auto Draft"}]},{"@type":"WebSite","@id":"https:\/\/printyourfun.eu\/#website","url":"https:\/\/printyourfun.eu\/","name":"PrintYourFun","description":"Wydruki 3D","potentialAction":[{"@type":"SearchAction","target":{"@type":"EntryPoint","urlTemplate":"https:\/\/printyourfun.eu\/?s={search_term_string}"},"query-input":{"@type":"PropertyValueSpecification","valueRequired":true,"valueName":"search_term_string"}}],"inLanguage":"en-GB"}]}},"_links":{"self":[{"href":"https:\/\/printyourfun.eu\/en\/wp-json\/wp\/v2\/pages\/534","targetHints":{"allow":["GET"]}}],"collection":[{"href":"https:\/\/printyourfun.eu\/en\/wp-json\/wp\/v2\/pages"}],"about":[{"href":"https:\/\/printyourfun.eu\/en\/wp-json\/wp\/v2\/types\/page"}],"author":[{"embeddable":true,"href":"https:\/\/printyourfun.eu\/en\/wp-json\/wp\/v2\/users\/1"}],"replies":[{"embeddable":true,"href":"https:\/\/printyourfun.eu\/en\/wp-json\/wp\/v2\/comments?post=534"}],"version-history":[{"count":11,"href":"https:\/\/printyourfun.eu\/en\/wp-json\/wp\/v2\/pages\/534\/revisions"}],"predecessor-version":[{"id":2441,"href":"https:\/\/printyourfun.eu\/en\/wp-json\/wp\/v2\/pages\/534\/revisions\/2441"}],"wp:attachment":[{"href":"https:\/\/printyourfun.eu\/en\/wp-json\/wp\/v2\/media?parent=534"}],"curies":[{"name":"wp","href":"https:\/\/api.w.org\/{rel}","templated":true}]}}