{"id":1195,"date":"2021-11-16T12:16:02","date_gmt":"2021-11-16T11:16:02","guid":{"rendered":"https:\/\/printyourfun.eu\/?post_type=product&#038;p=1195"},"modified":"2025-02-27T12:01:08","modified_gmt":"2025-02-27T11:01:08","slug":"podstawka-stojak-na-karty-gracza","status":"publish","type":"product","link":"https:\/\/printyourfun.eu\/en\/product\/podstawka-stojak-na-karty-gracza\/","title":{"rendered":"Podstawka, stojak na karty gracza"},"content":{"rendered":"<p style=\"text-align: left;\"><span style=\"color: #c66a26; font-size: 110%; border-left: 10px solid #c66a26; padding-left: 15px;\"><strong>Uniwersalna podstawka, stojak na karty gracza.\u00a0\u00a0<\/strong><\/span><\/p>\n<p>Po co trzyma\u0107 karty w r\u0119ce gdy mo\u017cna cieszy\u0107 si\u0119 wolno\u015bci\u0105.<\/p>\n<p>Dwurz\u0119dowa podstawka, pasuje do wszystkich rodzaj\u00f3w kart, ma\u0142ych, du\u017cych, w koszulkach i bez.<\/p>\n<p>Dost\u0119pna w d\u0142ugo\u015bciach : 18 cm i 29 cm<img loading=\"lazy\" decoding=\"async\" class=\"aligncenter wp-image-1236 size-medium\" src=\"https:\/\/printyourfun.eu\/wp-content\/uploads\/2021\/11\/podstawki-800x381.jpg\" alt=\"\" width=\"800\" height=\"381\" srcset=\"https:\/\/printyourfun.eu\/wp-content\/uploads\/2021\/11\/podstawki-800x381.jpg 800w, https:\/\/printyourfun.eu\/wp-content\/uploads\/2021\/11\/podstawki-1400x667.jpg 1400w, https:\/\/printyourfun.eu\/wp-content\/uploads\/2021\/11\/podstawki-768x366.jpg 768w, https:\/\/printyourfun.eu\/wp-content\/uploads\/2021\/11\/podstawki-1536x732.jpg 1536w, https:\/\/printyourfun.eu\/wp-content\/uploads\/2021\/11\/podstawki-18x9.jpg 18w, https:\/\/printyourfun.eu\/wp-content\/uploads\/2021\/11\/podstawki-600x286.jpg 600w, https:\/\/printyourfun.eu\/wp-content\/uploads\/2021\/11\/podstawki.jpg 2000w\" sizes=\"auto, (max-width: 800px) 100vw, 800px\" \/><\/p>\n<p>Dost\u0119pne w wielu kolorach.<\/p>\n<p>Materia\u0142 : PLA, trwa\u0142y i wytrzyma\u0142y.<\/p>\n<p>PRODUKT NIE ZAWIERA GRY PLANSZOWEJ I JEJ ELEMENT\u00d3W.<\/p>\n<h6><\/h6>","protected":false},"excerpt":{"rendered":"<p>Uniwersalna podstawka, stojak na karty gracza.\u00a0\u00a0 Po co trzyma\u0107 karty w r\u0119ce gdy mo\u017cna cieszy\u0107 si\u0119 wolno\u015bci\u0105. Dwurz\u0119dowa podstawka, pasuje do wszystkich rodzaj\u00f3w kart, ma\u0142ych, du\u017cych, w koszulkach i bez. Dost\u0119pna w d\u0142ugo\u015bciach : 18 cm i 29 cm Dost\u0119pne w wielu kolorach. Materia\u0142 : PLA, trwa\u0142y i wytrzyma\u0142y. PRODUKT NIE ZAWIERA GRY PLANSZOWEJ I [&#8230;]","protected":false},"featured_media":1237,"comment_status":"open","ping_status":"closed","template":"","meta":{"_acf_changed":false},"product_brand":[],"product_cat":[70,78],"product_tag":[120,142,127,140,144],"class_list":{"0":"post-1195","1":"product","2":"type-product","3":"status-publish","4":"has-post-thumbnail","6":"product_cat-akcesoria-do-gier","7":"product_cat-organizery-na-karty","8":"product_tag-karty","9":"product_tag-na-karty","10":"product_tag-organizer","11":"product_tag-pojemnik","12":"product_tag-stojak","14":"first","15":"instock","16":"shipping-taxable","17":"purchasable","18":"product-type-variable"},"acf":[],"yoast_head":"<!-- This site is optimized with the Yoast SEO plugin v24.8.1 - https:\/\/yoast.com\/wordpress\/plugins\/seo\/ -->\n<title>Podstawka, stojak na karty gracza - PrintYourFun<\/title>\n<meta name=\"robots\" content=\"index, follow, max-snippet:-1, max-image-preview:large, max-video-preview:-1\" \/>\n<link rel=\"canonical\" href=\"https:\/\/printyourfun.eu\/en\/product\/podstawka-stojak-na-karty-gracza\/\" \/>\n<meta property=\"og:locale\" content=\"en_GB\" \/>\n<meta property=\"og:type\" content=\"article\" \/>\n<meta property=\"og:title\" content=\"Podstawka, stojak na karty gracza - PrintYourFun\" \/>\n<meta property=\"og:description\" content=\"Uniwersalna podstawka, stojak na karty gracza.\u00a0\u00a0 Po co trzyma\u0107 karty w r\u0119ce gdy mo\u017cna cieszy\u0107 si\u0119 wolno\u015bci\u0105. Dwurz\u0119dowa podstawka, pasuje do wszystkich rodzaj\u00f3w kart, ma\u0142ych, du\u017cych, w koszulkach i bez. Dost\u0119pna w d\u0142ugo\u015bciach : 18 cm i 29 cm Dost\u0119pne w wielu kolorach. Materia\u0142 : PLA, trwa\u0142y i wytrzyma\u0142y. PRODUKT NIE ZAWIERA GRY PLANSZOWEJ I [...]\" \/>\n<meta property=\"og:url\" content=\"https:\/\/printyourfun.eu\/en\/product\/podstawka-stojak-na-karty-gracza\/\" \/>\n<meta property=\"og:site_name\" content=\"PrintYourFun\" \/>\n<meta property=\"article:publisher\" content=\"https:\/\/www.facebook.com\/Printyourfun\/\" \/>\n<meta property=\"article:modified_time\" content=\"2025-02-27T11:01:08+00:00\" \/>\n<meta property=\"og:image\" content=\"https:\/\/printyourfun.eu\/wp-content\/uploads\/2021\/11\/Stand-1.jpg\" \/>\n\t<meta property=\"og:image:width\" content=\"1824\" \/>\n\t<meta property=\"og:image:height\" content=\"1821\" \/>\n\t<meta property=\"og:image:type\" content=\"image\/jpeg\" \/>\n<meta name=\"twitter:card\" content=\"summary_large_image\" \/>\n<script type=\"application\/ld+json\" class=\"yoast-schema-graph\">{\"@context\":\"https:\/\/schema.org\",\"@graph\":[{\"@type\":\"WebPage\",\"@id\":\"https:\/\/printyourfun.eu\/product\/podstawka-stojak-na-karty-gracza\/\",\"url\":\"https:\/\/printyourfun.eu\/product\/podstawka-stojak-na-karty-gracza\/\",\"name\":\"Podstawka, stojak na karty gracza - PrintYourFun\",\"isPartOf\":{\"@id\":\"https:\/\/printyourfun.eu\/#website\"},\"primaryImageOfPage\":{\"@id\":\"https:\/\/printyourfun.eu\/product\/podstawka-stojak-na-karty-gracza\/#primaryimage\"},\"image\":{\"@id\":\"https:\/\/printyourfun.eu\/product\/podstawka-stojak-na-karty-gracza\/#primaryimage\"},\"thumbnailUrl\":\"https:\/\/printyourfun.eu\/wp-content\/uploads\/2021\/11\/Stand-1.jpg\",\"datePublished\":\"2021-11-16T11:16:02+00:00\",\"dateModified\":\"2025-02-27T11:01:08+00:00\",\"breadcrumb\":{\"@id\":\"https:\/\/printyourfun.eu\/product\/podstawka-stojak-na-karty-gracza\/#breadcrumb\"},\"inLanguage\":\"en-GB\",\"potentialAction\":[{\"@type\":\"ReadAction\",\"target\":[\"https:\/\/printyourfun.eu\/product\/podstawka-stojak-na-karty-gracza\/\"]}]},{\"@type\":\"ImageObject\",\"inLanguage\":\"en-GB\",\"@id\":\"https:\/\/printyourfun.eu\/product\/podstawka-stojak-na-karty-gracza\/#primaryimage\",\"url\":\"https:\/\/printyourfun.eu\/wp-content\/uploads\/2021\/11\/Stand-1.jpg\",\"contentUrl\":\"https:\/\/printyourfun.eu\/wp-content\/uploads\/2021\/11\/Stand-1.jpg\",\"width\":1824,\"height\":1821},{\"@type\":\"BreadcrumbList\",\"@id\":\"https:\/\/printyourfun.eu\/product\/podstawka-stojak-na-karty-gracza\/#breadcrumb\",\"itemListElement\":[{\"@type\":\"ListItem\",\"position\":1,\"name\":\"Home\",\"item\":\"https:\/\/printyourfun.eu\/\"},{\"@type\":\"ListItem\",\"position\":2,\"name\":\"Sklep\",\"item\":\"https:\/\/printyourfun.eu\/sklep\/\"},{\"@type\":\"ListItem\",\"position\":3,\"name\":\"Podstawka, stojak na karty gracza\"}]},{\"@type\":\"WebSite\",\"@id\":\"https:\/\/printyourfun.eu\/#website\",\"url\":\"https:\/\/printyourfun.eu\/\",\"name\":\"PrintYourFun\",\"description\":\"Wydruki 3D\",\"potentialAction\":[{\"@type\":\"SearchAction\",\"target\":{\"@type\":\"EntryPoint\",\"urlTemplate\":\"https:\/\/printyourfun.eu\/?s={search_term_string}\"},\"query-input\":{\"@type\":\"PropertyValueSpecification\",\"valueRequired\":true,\"valueName\":\"search_term_string\"}}],\"inLanguage\":\"en-GB\"}]}<\/script>\n<!-- \/ Yoast SEO plugin. -->","yoast_head_json":{"title":"Podstawka, stojak na karty gracza - PrintYourFun","robots":{"index":"index","follow":"follow","max-snippet":"max-snippet:-1","max-image-preview":"max-image-preview:large","max-video-preview":"max-video-preview:-1"},"canonical":"https:\/\/printyourfun.eu\/en\/product\/podstawka-stojak-na-karty-gracza\/","og_locale":"en_GB","og_type":"article","og_title":"Podstawka, stojak na karty gracza - PrintYourFun","og_description":"Uniwersalna podstawka, stojak na karty gracza.\u00a0\u00a0 Po co trzyma\u0107 karty w r\u0119ce gdy mo\u017cna cieszy\u0107 si\u0119 wolno\u015bci\u0105. Dwurz\u0119dowa podstawka, pasuje do wszystkich rodzaj\u00f3w kart, ma\u0142ych, du\u017cych, w koszulkach i bez. Dost\u0119pna w d\u0142ugo\u015bciach : 18 cm i 29 cm Dost\u0119pne w wielu kolorach. Materia\u0142 : PLA, trwa\u0142y i wytrzyma\u0142y. PRODUKT NIE ZAWIERA GRY PLANSZOWEJ I [...]","og_url":"https:\/\/printyourfun.eu\/en\/product\/podstawka-stojak-na-karty-gracza\/","og_site_name":"PrintYourFun","article_publisher":"https:\/\/www.facebook.com\/Printyourfun\/","article_modified_time":"2025-02-27T11:01:08+00:00","og_image":[{"width":1824,"height":1821,"url":"https:\/\/printyourfun.eu\/wp-content\/uploads\/2021\/11\/Stand-1.jpg","type":"image\/jpeg"}],"twitter_card":"summary_large_image","schema":{"@context":"https:\/\/schema.org","@graph":[{"@type":"WebPage","@id":"https:\/\/printyourfun.eu\/product\/podstawka-stojak-na-karty-gracza\/","url":"https:\/\/printyourfun.eu\/product\/podstawka-stojak-na-karty-gracza\/","name":"Podstawka, stojak na karty gracza - PrintYourFun","isPartOf":{"@id":"https:\/\/printyourfun.eu\/#website"},"primaryImageOfPage":{"@id":"https:\/\/printyourfun.eu\/product\/podstawka-stojak-na-karty-gracza\/#primaryimage"},"image":{"@id":"https:\/\/printyourfun.eu\/product\/podstawka-stojak-na-karty-gracza\/#primaryimage"},"thumbnailUrl":"https:\/\/printyourfun.eu\/wp-content\/uploads\/2021\/11\/Stand-1.jpg","datePublished":"2021-11-16T11:16:02+00:00","dateModified":"2025-02-27T11:01:08+00:00","breadcrumb":{"@id":"https:\/\/printyourfun.eu\/product\/podstawka-stojak-na-karty-gracza\/#breadcrumb"},"inLanguage":"en-GB","potentialAction":[{"@type":"ReadAction","target":["https:\/\/printyourfun.eu\/product\/podstawka-stojak-na-karty-gracza\/"]}]},{"@type":"ImageObject","inLanguage":"en-GB","@id":"https:\/\/printyourfun.eu\/product\/podstawka-stojak-na-karty-gracza\/#primaryimage","url":"https:\/\/printyourfun.eu\/wp-content\/uploads\/2021\/11\/Stand-1.jpg","contentUrl":"https:\/\/printyourfun.eu\/wp-content\/uploads\/2021\/11\/Stand-1.jpg","width":1824,"height":1821},{"@type":"BreadcrumbList","@id":"https:\/\/printyourfun.eu\/product\/podstawka-stojak-na-karty-gracza\/#breadcrumb","itemListElement":[{"@type":"ListItem","position":1,"name":"Home","item":"https:\/\/printyourfun.eu\/"},{"@type":"ListItem","position":2,"name":"Sklep","item":"https:\/\/printyourfun.eu\/sklep\/"},{"@type":"ListItem","position":3,"name":"Podstawka, stojak na karty gracza"}]},{"@type":"WebSite","@id":"https:\/\/printyourfun.eu\/#website","url":"https:\/\/printyourfun.eu\/","name":"PrintYourFun","description":"Wydruki 3D","potentialAction":[{"@type":"SearchAction","target":{"@type":"EntryPoint","urlTemplate":"https:\/\/printyourfun.eu\/?s={search_term_string}"},"query-input":{"@type":"PropertyValueSpecification","valueRequired":true,"valueName":"search_term_string"}}],"inLanguage":"en-GB"}]}},"_links":{"self":[{"href":"https:\/\/printyourfun.eu\/en\/wp-json\/wp\/v2\/product\/1195","targetHints":{"allow":["GET"]}}],"collection":[{"href":"https:\/\/printyourfun.eu\/en\/wp-json\/wp\/v2\/product"}],"about":[{"href":"https:\/\/printyourfun.eu\/en\/wp-json\/wp\/v2\/types\/product"}],"replies":[{"embeddable":true,"href":"https:\/\/printyourfun.eu\/en\/wp-json\/wp\/v2\/comments?post=1195"}],"wp:featuredmedia":[{"embeddable":true,"href":"https:\/\/printyourfun.eu\/en\/wp-json\/wp\/v2\/media\/1237"}],"wp:attachment":[{"href":"https:\/\/printyourfun.eu\/en\/wp-json\/wp\/v2\/media?parent=1195"}],"wp:term":[{"taxonomy":"product_brand","embeddable":true,"href":"https:\/\/printyourfun.eu\/en\/wp-json\/wp\/v2\/product_brand?post=1195"},{"taxonomy":"product_cat","embeddable":true,"href":"https:\/\/printyourfun.eu\/en\/wp-json\/wp\/v2\/product_cat?post=1195"},{"taxonomy":"product_tag","embeddable":true,"href":"https:\/\/printyourfun.eu\/en\/wp-json\/wp\/v2\/product_tag?post=1195"}],"curies":[{"name":"wp","href":"https:\/\/api.w.org\/{rel}","templated":true}]}}