{"id":1240,"date":"2021-11-16T12:44:21","date_gmt":"2021-11-16T11:44:21","guid":{"rendered":"https:\/\/printyourfun.eu\/?post_type=product&#038;p=1240"},"modified":"2025-02-27T12:00:52","modified_gmt":"2025-02-27T11:00:52","slug":"wsiasc-do-pociagu-stojaki-na-karty-gracza-komplet-5-szt","status":"publish","type":"product","link":"https:\/\/printyourfun.eu\/en\/product\/wsiasc-do-pociagu-stojaki-na-karty-gracza-komplet-5-szt\/","title":{"rendered":"Wsi\u0105\u015b\u0107 do poci\u0105gu, stojaki na karty gracza komplet 5 szt"},"content":{"rendered":"<p style=\"text-align: left;\"><span style=\"color: #c66a26; font-size: 110%; border-left: 10px solid #c66a26; padding-left: 15px;\"><strong>Wsi\u0105\u015b\u0107 do poci\u0105gu, zestaw 5 szt stojak na karty gracza 18 cm\u00a0<\/strong><\/span><\/p>\n<p>Po co trzyma\u0107 karty w r\u0119ce gdy mo\u017cna cieszy\u0107 si\u0119 wolno\u015bci\u0105.<\/p>\n<p>Dwurz\u0119dowa podstawka, pasuje do kart koszulkach i bez.<\/p>\n<p>Zestaw 5 szt w kolorach graczy.<\/p>\n<p>&nbsp;<\/p>\n<p><img loading=\"lazy\" decoding=\"async\" class=\"aligncenter wp-image-1281 size-medium\" src=\"https:\/\/printyourfun.eu\/wp-content\/uploads\/2021\/11\/wsiasc-do-pociagu-1-800x369.jpg\" alt=\"\" width=\"800\" height=\"369\" srcset=\"https:\/\/printyourfun.eu\/wp-content\/uploads\/2021\/11\/wsiasc-do-pociagu-1-800x369.jpg 800w, https:\/\/printyourfun.eu\/wp-content\/uploads\/2021\/11\/wsiasc-do-pociagu-1-1400x645.jpg 1400w, https:\/\/printyourfun.eu\/wp-content\/uploads\/2021\/11\/wsiasc-do-pociagu-1-768x354.jpg 768w, https:\/\/printyourfun.eu\/wp-content\/uploads\/2021\/11\/wsiasc-do-pociagu-1-1536x708.jpg 1536w, https:\/\/printyourfun.eu\/wp-content\/uploads\/2021\/11\/wsiasc-do-pociagu-1-18x8.jpg 18w, https:\/\/printyourfun.eu\/wp-content\/uploads\/2021\/11\/wsiasc-do-pociagu-1-600x277.jpg 600w, https:\/\/printyourfun.eu\/wp-content\/uploads\/2021\/11\/wsiasc-do-pociagu-1.jpg 2000w\" sizes=\"auto, (max-width: 800px) 100vw, 800px\" \/><\/p>\n<p>Dost\u0119pne w wielu kolorach. D\u0142ugo\u015b\u0107 18 cm<\/p>\n<p>Materia\u0142 : PLA, trwa\u0142y i wytrzyma\u0142y.<\/p>\n<p>PRODUKT NIE ZAWIERA GRY PLANSZOWEJ I JEJ ELEMENT\u00d3W.<\/p>\n<h6><\/h6>","protected":false},"excerpt":{"rendered":"<p>Wsi\u0105\u015b\u0107 do poci\u0105gu, zestaw 5 szt stojak na karty gracza 18 cm\u00a0 Po co trzyma\u0107 karty w r\u0119ce gdy mo\u017cna cieszy\u0107 si\u0119 wolno\u015bci\u0105. Dwurz\u0119dowa podstawka, pasuje do kart koszulkach i bez. Zestaw 5 szt w kolorach graczy. &nbsp; Dost\u0119pne w wielu kolorach. D\u0142ugo\u015b\u0107 18 cm Materia\u0142 : PLA, trwa\u0142y i wytrzyma\u0142y. PRODUKT NIE ZAWIERA GRY [&#8230;]","protected":false},"featured_media":1324,"comment_status":"open","ping_status":"closed","template":"","meta":{"_acf_changed":false},"product_brand":[],"product_cat":[70,78],"product_tag":[120,142,127,140,144,141,125],"class_list":{"0":"post-1240","1":"product","2":"type-product","3":"status-publish","4":"has-post-thumbnail","6":"product_cat-akcesoria-do-gier","7":"product_cat-organizery-na-karty","8":"product_tag-karty","9":"product_tag-na-karty","10":"product_tag-organizer","11":"product_tag-pojemnik","12":"product_tag-stojak","13":"product_tag-wsiasc","14":"product_tag-wsiasc-do-pociagu","16":"first","17":"instock","18":"shipping-taxable","19":"purchasable","20":"product-type-simple"},"acf":[],"yoast_head":"<!-- This site is optimized with the Yoast SEO plugin v24.8.1 - https:\/\/yoast.com\/wordpress\/plugins\/seo\/ -->\n<title>Wsi\u0105\u015b\u0107 do poci\u0105gu, stojaki na karty gracza komplet 5 szt - PrintYourFun<\/title>\n<meta name=\"robots\" content=\"index, follow, max-snippet:-1, max-image-preview:large, max-video-preview:-1\" \/>\n<link rel=\"canonical\" href=\"https:\/\/printyourfun.eu\/en\/product\/wsiasc-do-pociagu-stojaki-na-karty-gracza-komplet-5-szt\/\" \/>\n<meta property=\"og:locale\" content=\"en_GB\" \/>\n<meta property=\"og:type\" content=\"article\" \/>\n<meta property=\"og:title\" content=\"Wsi\u0105\u015b\u0107 do poci\u0105gu, stojaki na karty gracza komplet 5 szt - PrintYourFun\" \/>\n<meta property=\"og:description\" content=\"Wsi\u0105\u015b\u0107 do poci\u0105gu, zestaw 5 szt stojak na karty gracza 18 cm\u00a0 Po co trzyma\u0107 karty w r\u0119ce gdy mo\u017cna cieszy\u0107 si\u0119 wolno\u015bci\u0105. Dwurz\u0119dowa podstawka, pasuje do kart koszulkach i bez. Zestaw 5 szt w kolorach graczy. &nbsp; Dost\u0119pne w wielu kolorach. D\u0142ugo\u015b\u0107 18 cm Materia\u0142 : PLA, trwa\u0142y i wytrzyma\u0142y. PRODUKT NIE ZAWIERA GRY [...]\" \/>\n<meta property=\"og:url\" content=\"https:\/\/printyourfun.eu\/en\/product\/wsiasc-do-pociagu-stojaki-na-karty-gracza-komplet-5-szt\/\" \/>\n<meta property=\"og:site_name\" content=\"PrintYourFun\" \/>\n<meta property=\"article:publisher\" content=\"https:\/\/www.facebook.com\/Printyourfun\/\" \/>\n<meta property=\"article:modified_time\" content=\"2025-02-27T11:00:52+00:00\" \/>\n<meta property=\"og:image\" content=\"https:\/\/printyourfun.eu\/wp-content\/uploads\/2021\/11\/wsiasc-do-pociagu-set-1.jpg\" \/>\n\t<meta property=\"og:image:width\" content=\"2000\" \/>\n\t<meta property=\"og:image:height\" content=\"2008\" \/>\n\t<meta property=\"og:image:type\" content=\"image\/jpeg\" \/>\n<meta name=\"twitter:card\" content=\"summary_large_image\" \/>\n<script type=\"application\/ld+json\" class=\"yoast-schema-graph\">{\"@context\":\"https:\/\/schema.org\",\"@graph\":[{\"@type\":\"WebPage\",\"@id\":\"https:\/\/printyourfun.eu\/product\/wsiasc-do-pociagu-stojaki-na-karty-gracza-komplet-5-szt\/\",\"url\":\"https:\/\/printyourfun.eu\/product\/wsiasc-do-pociagu-stojaki-na-karty-gracza-komplet-5-szt\/\",\"name\":\"Wsi\u0105\u015b\u0107 do poci\u0105gu, stojaki na karty gracza komplet 5 szt - PrintYourFun\",\"isPartOf\":{\"@id\":\"https:\/\/printyourfun.eu\/#website\"},\"primaryImageOfPage\":{\"@id\":\"https:\/\/printyourfun.eu\/product\/wsiasc-do-pociagu-stojaki-na-karty-gracza-komplet-5-szt\/#primaryimage\"},\"image\":{\"@id\":\"https:\/\/printyourfun.eu\/product\/wsiasc-do-pociagu-stojaki-na-karty-gracza-komplet-5-szt\/#primaryimage\"},\"thumbnailUrl\":\"https:\/\/printyourfun.eu\/wp-content\/uploads\/2021\/11\/wsiasc-do-pociagu-set-1.jpg\",\"datePublished\":\"2021-11-16T11:44:21+00:00\",\"dateModified\":\"2025-02-27T11:00:52+00:00\",\"breadcrumb\":{\"@id\":\"https:\/\/printyourfun.eu\/product\/wsiasc-do-pociagu-stojaki-na-karty-gracza-komplet-5-szt\/#breadcrumb\"},\"inLanguage\":\"en-GB\",\"potentialAction\":[{\"@type\":\"ReadAction\",\"target\":[\"https:\/\/printyourfun.eu\/product\/wsiasc-do-pociagu-stojaki-na-karty-gracza-komplet-5-szt\/\"]}]},{\"@type\":\"ImageObject\",\"inLanguage\":\"en-GB\",\"@id\":\"https:\/\/printyourfun.eu\/product\/wsiasc-do-pociagu-stojaki-na-karty-gracza-komplet-5-szt\/#primaryimage\",\"url\":\"https:\/\/printyourfun.eu\/wp-content\/uploads\/2021\/11\/wsiasc-do-pociagu-set-1.jpg\",\"contentUrl\":\"https:\/\/printyourfun.eu\/wp-content\/uploads\/2021\/11\/wsiasc-do-pociagu-set-1.jpg\",\"width\":2000,\"height\":2008},{\"@type\":\"BreadcrumbList\",\"@id\":\"https:\/\/printyourfun.eu\/product\/wsiasc-do-pociagu-stojaki-na-karty-gracza-komplet-5-szt\/#breadcrumb\",\"itemListElement\":[{\"@type\":\"ListItem\",\"position\":1,\"name\":\"Home\",\"item\":\"https:\/\/printyourfun.eu\/\"},{\"@type\":\"ListItem\",\"position\":2,\"name\":\"Sklep\",\"item\":\"https:\/\/printyourfun.eu\/sklep\/\"},{\"@type\":\"ListItem\",\"position\":3,\"name\":\"Wsi\u0105\u015b\u0107 do poci\u0105gu, stojaki na karty gracza komplet 5 szt\"}]},{\"@type\":\"WebSite\",\"@id\":\"https:\/\/printyourfun.eu\/#website\",\"url\":\"https:\/\/printyourfun.eu\/\",\"name\":\"PrintYourFun\",\"description\":\"Wydruki 3D\",\"potentialAction\":[{\"@type\":\"SearchAction\",\"target\":{\"@type\":\"EntryPoint\",\"urlTemplate\":\"https:\/\/printyourfun.eu\/?s={search_term_string}\"},\"query-input\":{\"@type\":\"PropertyValueSpecification\",\"valueRequired\":true,\"valueName\":\"search_term_string\"}}],\"inLanguage\":\"en-GB\"}]}<\/script>\n<!-- \/ Yoast SEO plugin. -->","yoast_head_json":{"title":"Wsi\u0105\u015b\u0107 do poci\u0105gu, stojaki na karty gracza komplet 5 szt - PrintYourFun","robots":{"index":"index","follow":"follow","max-snippet":"max-snippet:-1","max-image-preview":"max-image-preview:large","max-video-preview":"max-video-preview:-1"},"canonical":"https:\/\/printyourfun.eu\/en\/product\/wsiasc-do-pociagu-stojaki-na-karty-gracza-komplet-5-szt\/","og_locale":"en_GB","og_type":"article","og_title":"Wsi\u0105\u015b\u0107 do poci\u0105gu, stojaki na karty gracza komplet 5 szt - PrintYourFun","og_description":"Wsi\u0105\u015b\u0107 do poci\u0105gu, zestaw 5 szt stojak na karty gracza 18 cm\u00a0 Po co trzyma\u0107 karty w r\u0119ce gdy mo\u017cna cieszy\u0107 si\u0119 wolno\u015bci\u0105. Dwurz\u0119dowa podstawka, pasuje do kart koszulkach i bez. Zestaw 5 szt w kolorach graczy. &nbsp; Dost\u0119pne w wielu kolorach. D\u0142ugo\u015b\u0107 18 cm Materia\u0142 : PLA, trwa\u0142y i wytrzyma\u0142y. PRODUKT NIE ZAWIERA GRY [...]","og_url":"https:\/\/printyourfun.eu\/en\/product\/wsiasc-do-pociagu-stojaki-na-karty-gracza-komplet-5-szt\/","og_site_name":"PrintYourFun","article_publisher":"https:\/\/www.facebook.com\/Printyourfun\/","article_modified_time":"2025-02-27T11:00:52+00:00","og_image":[{"width":2000,"height":2008,"url":"https:\/\/printyourfun.eu\/wp-content\/uploads\/2021\/11\/wsiasc-do-pociagu-set-1.jpg","type":"image\/jpeg"}],"twitter_card":"summary_large_image","schema":{"@context":"https:\/\/schema.org","@graph":[{"@type":"WebPage","@id":"https:\/\/printyourfun.eu\/product\/wsiasc-do-pociagu-stojaki-na-karty-gracza-komplet-5-szt\/","url":"https:\/\/printyourfun.eu\/product\/wsiasc-do-pociagu-stojaki-na-karty-gracza-komplet-5-szt\/","name":"Wsi\u0105\u015b\u0107 do poci\u0105gu, stojaki na karty gracza komplet 5 szt - PrintYourFun","isPartOf":{"@id":"https:\/\/printyourfun.eu\/#website"},"primaryImageOfPage":{"@id":"https:\/\/printyourfun.eu\/product\/wsiasc-do-pociagu-stojaki-na-karty-gracza-komplet-5-szt\/#primaryimage"},"image":{"@id":"https:\/\/printyourfun.eu\/product\/wsiasc-do-pociagu-stojaki-na-karty-gracza-komplet-5-szt\/#primaryimage"},"thumbnailUrl":"https:\/\/printyourfun.eu\/wp-content\/uploads\/2021\/11\/wsiasc-do-pociagu-set-1.jpg","datePublished":"2021-11-16T11:44:21+00:00","dateModified":"2025-02-27T11:00:52+00:00","breadcrumb":{"@id":"https:\/\/printyourfun.eu\/product\/wsiasc-do-pociagu-stojaki-na-karty-gracza-komplet-5-szt\/#breadcrumb"},"inLanguage":"en-GB","potentialAction":[{"@type":"ReadAction","target":["https:\/\/printyourfun.eu\/product\/wsiasc-do-pociagu-stojaki-na-karty-gracza-komplet-5-szt\/"]}]},{"@type":"ImageObject","inLanguage":"en-GB","@id":"https:\/\/printyourfun.eu\/product\/wsiasc-do-pociagu-stojaki-na-karty-gracza-komplet-5-szt\/#primaryimage","url":"https:\/\/printyourfun.eu\/wp-content\/uploads\/2021\/11\/wsiasc-do-pociagu-set-1.jpg","contentUrl":"https:\/\/printyourfun.eu\/wp-content\/uploads\/2021\/11\/wsiasc-do-pociagu-set-1.jpg","width":2000,"height":2008},{"@type":"BreadcrumbList","@id":"https:\/\/printyourfun.eu\/product\/wsiasc-do-pociagu-stojaki-na-karty-gracza-komplet-5-szt\/#breadcrumb","itemListElement":[{"@type":"ListItem","position":1,"name":"Home","item":"https:\/\/printyourfun.eu\/"},{"@type":"ListItem","position":2,"name":"Sklep","item":"https:\/\/printyourfun.eu\/sklep\/"},{"@type":"ListItem","position":3,"name":"Wsi\u0105\u015b\u0107 do poci\u0105gu, stojaki na karty gracza komplet 5 szt"}]},{"@type":"WebSite","@id":"https:\/\/printyourfun.eu\/#website","url":"https:\/\/printyourfun.eu\/","name":"PrintYourFun","description":"Wydruki 3D","potentialAction":[{"@type":"SearchAction","target":{"@type":"EntryPoint","urlTemplate":"https:\/\/printyourfun.eu\/?s={search_term_string}"},"query-input":{"@type":"PropertyValueSpecification","valueRequired":true,"valueName":"search_term_string"}}],"inLanguage":"en-GB"}]}},"_links":{"self":[{"href":"https:\/\/printyourfun.eu\/en\/wp-json\/wp\/v2\/product\/1240","targetHints":{"allow":["GET"]}}],"collection":[{"href":"https:\/\/printyourfun.eu\/en\/wp-json\/wp\/v2\/product"}],"about":[{"href":"https:\/\/printyourfun.eu\/en\/wp-json\/wp\/v2\/types\/product"}],"replies":[{"embeddable":true,"href":"https:\/\/printyourfun.eu\/en\/wp-json\/wp\/v2\/comments?post=1240"}],"wp:featuredmedia":[{"embeddable":true,"href":"https:\/\/printyourfun.eu\/en\/wp-json\/wp\/v2\/media\/1324"}],"wp:attachment":[{"href":"https:\/\/printyourfun.eu\/en\/wp-json\/wp\/v2\/media?parent=1240"}],"wp:term":[{"taxonomy":"product_brand","embeddable":true,"href":"https:\/\/printyourfun.eu\/en\/wp-json\/wp\/v2\/product_brand?post=1240"},{"taxonomy":"product_cat","embeddable":true,"href":"https:\/\/printyourfun.eu\/en\/wp-json\/wp\/v2\/product_cat?post=1240"},{"taxonomy":"product_tag","embeddable":true,"href":"https:\/\/printyourfun.eu\/en\/wp-json\/wp\/v2\/product_tag?post=1240"}],"curies":[{"name":"wp","href":"https:\/\/api.w.org\/{rel}","templated":true}]}}