{"id":1386,"date":"2021-11-16T15:14:44","date_gmt":"2021-11-16T14:14:44","guid":{"rendered":"https:\/\/printyourfun.eu\/?post_type=product&#038;p=1386"},"modified":"2025-02-27T12:01:08","modified_gmt":"2025-02-27T11:01:08","slug":"organizer-wsiasc-do-pociagu-europa-i-dookola-swiata-jednokolorowy","status":"publish","type":"product","link":"https:\/\/printyourfun.eu\/en\/product\/organizer-wsiasc-do-pociagu-europa-i-dookola-swiata-jednokolorowy\/","title":{"rendered":"Organizer Wsi\u0105\u015b\u0107 do poci\u0105gu Europa i Dooko\u0142a \u015bwiata. Jednokolorowy"},"content":{"rendered":"<p style=\"text-align: left;\"><span style=\"color: #c66a26; font-size: 110%; border-left: 10px solid #c66a26; padding-left: 15px;\"><strong>Uniwersalny organizer Wsi\u0105\u015b\u0107 do poci\u0105gu Europa i Dooko\u0142a \u015bwiata.<\/strong><\/span><\/p>\n<p>Nie lubisz chaosu na stole, z naszym organizerem ka\u017cda karta b\u0119dzie zawsze na swoim miejscu \ud83d\ude42<\/p>\n<p style=\"text-align: left;\"><span style=\"font-size: 14.4px;\">Idealnie pasuje na karty w koszulkach i bez.\u00a0<\/span><\/p>\n<p style=\"text-align: left;\">Rozmiar kart maksymalnie 6&#215;9 cm. wielko\u015b\u0107 kom\u00f3r\u00a0 9,2cm x 6,2 cm. Pasuj\u0105 koszulki Premium.<\/p>\n<p>Specjalna modu\u0142owa konstrukcja pozwala ustawi\u0107 uk\u0142ad zar\u00f3wno pod wersj\u0119 Europa ( i inne wersje z poci\u0105gami) lub wersj\u0119 Dooko\u0142a \u015bwiata ( z poci\u0105gami i statkami).<br \/>\n<span style=\"font-size: 14.4px;\"><img loading=\"lazy\" decoding=\"async\" class=\"aligncenter wp-image-1427 size-medium\" style=\"font-size: 14.4px;\" src=\"https:\/\/printyourfun.eu\/wp-content\/uploads\/2021\/11\/DSC_6914www2-742x400.jpg\" alt=\"\" width=\"742\" height=\"400\" srcset=\"https:\/\/printyourfun.eu\/wp-content\/uploads\/2021\/11\/DSC_6914www2-742x400.jpg 742w, https:\/\/printyourfun.eu\/wp-content\/uploads\/2021\/11\/DSC_6914www2-1400x755.jpg 1400w, https:\/\/printyourfun.eu\/wp-content\/uploads\/2021\/11\/DSC_6914www2-768x414.jpg 768w, https:\/\/printyourfun.eu\/wp-content\/uploads\/2021\/11\/DSC_6914www2-1536x828.jpg 1536w, https:\/\/printyourfun.eu\/wp-content\/uploads\/2021\/11\/DSC_6914www2-18x10.jpg 18w, https:\/\/printyourfun.eu\/wp-content\/uploads\/2021\/11\/DSC_6914www2-600x323.jpg 600w, https:\/\/printyourfun.eu\/wp-content\/uploads\/2021\/11\/DSC_6914www2.jpg 2048w\" sizes=\"auto, (max-width: 742px) 100vw, 742px\" \/><\/span><\/p>\n<p>\u0141atwy w sk\u0142adowaniu, elementy wchodz\u0105 w siebie zmniejszaj\u0105c ilo\u015b\u0107 potrzebnego miejsca. Mie\u015bci si\u0119 w pude\u0142ku Dooko\u0142a \u015bwiata bez oryginalnej wypraski.<\/p>\n<p>Materia\u0142 : PLA, trwa\u0142y i wytrzyma\u0142y.<\/p>\n<p>PRODUKT NIE ZAWIERA GRY PLANSZOWEJ I JEJ ELEMENT\u00d3W.<\/p>","protected":false},"excerpt":{"rendered":"<p>Uniwersalny organizer Wsi\u0105\u015b\u0107 do poci\u0105gu Europa i Dooko\u0142a \u015bwiata. Nie lubisz chaosu na stole, z naszym organizerem ka\u017cda karta b\u0119dzie zawsze na swoim miejscu \ud83d\ude42 Idealnie pasuje na karty w koszulkach i bez.\u00a0 Rozmiar kart maksymalnie 6&#215;9 cm. wielko\u015b\u0107 kom\u00f3r\u00a0 9,2cm x 6,2 cm. Pasuj\u0105 koszulki Premium. Specjalna modu\u0142owa konstrukcja pozwala ustawi\u0107 uk\u0142ad zar\u00f3wno pod [&#8230;]","protected":false},"featured_media":1428,"comment_status":"open","ping_status":"closed","template":"","meta":{"_acf_changed":false},"product_brand":[],"product_cat":[70,78],"product_tag":[145,146,131,128,127,130,126,129,141,125],"class_list":{"0":"post-1386","1":"product","2":"type-product","3":"status-publish","4":"has-post-thumbnail","6":"product_cat-akcesoria-do-gier","7":"product_cat-organizery-na-karty","8":"product_tag-dookola","9":"product_tag-dookola-swiata","10":"product_tag-europa","11":"product_tag-insert","12":"product_tag-organizer","13":"product_tag-pociag","14":"product_tag-pociagi","15":"product_tag-ttr","16":"product_tag-wsiasc","17":"product_tag-wsiasc-do-pociagu","19":"first","20":"instock","21":"shipping-taxable","22":"purchasable","23":"product-type-variable"},"acf":[],"yoast_head":"<!-- This site is optimized with the Yoast SEO plugin v24.8.1 - https:\/\/yoast.com\/wordpress\/plugins\/seo\/ -->\n<title>Organizer Wsi\u0105\u015b\u0107 do poci\u0105gu Europa i Dooko\u0142a \u015bwiata. Jednokolorowy - PrintYourFun<\/title>\n<meta name=\"robots\" content=\"index, follow, max-snippet:-1, max-image-preview:large, max-video-preview:-1\" \/>\n<link rel=\"canonical\" href=\"https:\/\/printyourfun.eu\/en\/product\/organizer-wsiasc-do-pociagu-europa-i-dookola-swiata-jednokolorowy\/\" \/>\n<meta property=\"og:locale\" content=\"en_GB\" \/>\n<meta property=\"og:type\" content=\"article\" \/>\n<meta property=\"og:title\" content=\"Organizer Wsi\u0105\u015b\u0107 do poci\u0105gu Europa i Dooko\u0142a \u015bwiata. Jednokolorowy - PrintYourFun\" \/>\n<meta property=\"og:description\" content=\"Uniwersalny organizer Wsi\u0105\u015b\u0107 do poci\u0105gu Europa i Dooko\u0142a \u015bwiata. Nie lubisz chaosu na stole, z naszym organizerem ka\u017cda karta b\u0119dzie zawsze na swoim miejscu \ud83d\ude42 Idealnie pasuje na karty w koszulkach i bez.\u00a0 Rozmiar kart maksymalnie 6&#215;9 cm. wielko\u015b\u0107 kom\u00f3r\u00a0 9,2cm x 6,2 cm. Pasuj\u0105 koszulki Premium. Specjalna modu\u0142owa konstrukcja pozwala ustawi\u0107 uk\u0142ad zar\u00f3wno pod [...]\" \/>\n<meta property=\"og:url\" content=\"https:\/\/printyourfun.eu\/en\/product\/organizer-wsiasc-do-pociagu-europa-i-dookola-swiata-jednokolorowy\/\" \/>\n<meta property=\"og:site_name\" content=\"PrintYourFun\" \/>\n<meta property=\"article:publisher\" content=\"https:\/\/www.facebook.com\/Printyourfun\/\" \/>\n<meta property=\"article:modified_time\" content=\"2025-02-27T11:01:08+00:00\" \/>\n<meta property=\"og:image\" content=\"https:\/\/printyourfun.eu\/wp-content\/uploads\/2021\/11\/DSC_6914www.jpg\" \/>\n\t<meta property=\"og:image:width\" content=\"1895\" \/>\n\t<meta property=\"og:image:height\" content=\"1902\" \/>\n\t<meta property=\"og:image:type\" content=\"image\/jpeg\" \/>\n<meta name=\"twitter:card\" content=\"summary_large_image\" \/>\n<meta name=\"twitter:label1\" content=\"Estimated reading time\" \/>\n\t<meta name=\"twitter:data1\" content=\"1 minute\" \/>\n<script type=\"application\/ld+json\" class=\"yoast-schema-graph\">{\"@context\":\"https:\/\/schema.org\",\"@graph\":[{\"@type\":\"WebPage\",\"@id\":\"https:\/\/printyourfun.eu\/product\/organizer-wsiasc-do-pociagu-europa-i-dookola-swiata-jednokolorowy\/\",\"url\":\"https:\/\/printyourfun.eu\/product\/organizer-wsiasc-do-pociagu-europa-i-dookola-swiata-jednokolorowy\/\",\"name\":\"Organizer Wsi\u0105\u015b\u0107 do poci\u0105gu Europa i Dooko\u0142a \u015bwiata. Jednokolorowy - PrintYourFun\",\"isPartOf\":{\"@id\":\"https:\/\/printyourfun.eu\/#website\"},\"primaryImageOfPage\":{\"@id\":\"https:\/\/printyourfun.eu\/product\/organizer-wsiasc-do-pociagu-europa-i-dookola-swiata-jednokolorowy\/#primaryimage\"},\"image\":{\"@id\":\"https:\/\/printyourfun.eu\/product\/organizer-wsiasc-do-pociagu-europa-i-dookola-swiata-jednokolorowy\/#primaryimage\"},\"thumbnailUrl\":\"https:\/\/printyourfun.eu\/wp-content\/uploads\/2021\/11\/DSC_6914www.jpg\",\"datePublished\":\"2021-11-16T14:14:44+00:00\",\"dateModified\":\"2025-02-27T11:01:08+00:00\",\"breadcrumb\":{\"@id\":\"https:\/\/printyourfun.eu\/product\/organizer-wsiasc-do-pociagu-europa-i-dookola-swiata-jednokolorowy\/#breadcrumb\"},\"inLanguage\":\"en-GB\",\"potentialAction\":[{\"@type\":\"ReadAction\",\"target\":[\"https:\/\/printyourfun.eu\/product\/organizer-wsiasc-do-pociagu-europa-i-dookola-swiata-jednokolorowy\/\"]}]},{\"@type\":\"ImageObject\",\"inLanguage\":\"en-GB\",\"@id\":\"https:\/\/printyourfun.eu\/product\/organizer-wsiasc-do-pociagu-europa-i-dookola-swiata-jednokolorowy\/#primaryimage\",\"url\":\"https:\/\/printyourfun.eu\/wp-content\/uploads\/2021\/11\/DSC_6914www.jpg\",\"contentUrl\":\"https:\/\/printyourfun.eu\/wp-content\/uploads\/2021\/11\/DSC_6914www.jpg\",\"width\":1895,\"height\":1902},{\"@type\":\"BreadcrumbList\",\"@id\":\"https:\/\/printyourfun.eu\/product\/organizer-wsiasc-do-pociagu-europa-i-dookola-swiata-jednokolorowy\/#breadcrumb\",\"itemListElement\":[{\"@type\":\"ListItem\",\"position\":1,\"name\":\"Home\",\"item\":\"https:\/\/printyourfun.eu\/\"},{\"@type\":\"ListItem\",\"position\":2,\"name\":\"Sklep\",\"item\":\"https:\/\/printyourfun.eu\/sklep\/\"},{\"@type\":\"ListItem\",\"position\":3,\"name\":\"Organizer Wsi\u0105\u015b\u0107 do poci\u0105gu Europa i Dooko\u0142a \u015bwiata. Jednokolorowy\"}]},{\"@type\":\"WebSite\",\"@id\":\"https:\/\/printyourfun.eu\/#website\",\"url\":\"https:\/\/printyourfun.eu\/\",\"name\":\"PrintYourFun\",\"description\":\"Wydruki 3D\",\"potentialAction\":[{\"@type\":\"SearchAction\",\"target\":{\"@type\":\"EntryPoint\",\"urlTemplate\":\"https:\/\/printyourfun.eu\/?s={search_term_string}\"},\"query-input\":{\"@type\":\"PropertyValueSpecification\",\"valueRequired\":true,\"valueName\":\"search_term_string\"}}],\"inLanguage\":\"en-GB\"}]}<\/script>\n<!-- \/ Yoast SEO plugin. -->","yoast_head_json":{"title":"Organizer Wsi\u0105\u015b\u0107 do poci\u0105gu Europa i Dooko\u0142a \u015bwiata. Jednokolorowy - PrintYourFun","robots":{"index":"index","follow":"follow","max-snippet":"max-snippet:-1","max-image-preview":"max-image-preview:large","max-video-preview":"max-video-preview:-1"},"canonical":"https:\/\/printyourfun.eu\/en\/product\/organizer-wsiasc-do-pociagu-europa-i-dookola-swiata-jednokolorowy\/","og_locale":"en_GB","og_type":"article","og_title":"Organizer Wsi\u0105\u015b\u0107 do poci\u0105gu Europa i Dooko\u0142a \u015bwiata. Jednokolorowy - PrintYourFun","og_description":"Uniwersalny organizer Wsi\u0105\u015b\u0107 do poci\u0105gu Europa i Dooko\u0142a \u015bwiata. Nie lubisz chaosu na stole, z naszym organizerem ka\u017cda karta b\u0119dzie zawsze na swoim miejscu \ud83d\ude42 Idealnie pasuje na karty w koszulkach i bez.\u00a0 Rozmiar kart maksymalnie 6&#215;9 cm. wielko\u015b\u0107 kom\u00f3r\u00a0 9,2cm x 6,2 cm. Pasuj\u0105 koszulki Premium. Specjalna modu\u0142owa konstrukcja pozwala ustawi\u0107 uk\u0142ad zar\u00f3wno pod [...]","og_url":"https:\/\/printyourfun.eu\/en\/product\/organizer-wsiasc-do-pociagu-europa-i-dookola-swiata-jednokolorowy\/","og_site_name":"PrintYourFun","article_publisher":"https:\/\/www.facebook.com\/Printyourfun\/","article_modified_time":"2025-02-27T11:01:08+00:00","og_image":[{"width":1895,"height":1902,"url":"https:\/\/printyourfun.eu\/wp-content\/uploads\/2021\/11\/DSC_6914www.jpg","type":"image\/jpeg"}],"twitter_card":"summary_large_image","twitter_misc":{"Estimated reading time":"1 minute"},"schema":{"@context":"https:\/\/schema.org","@graph":[{"@type":"WebPage","@id":"https:\/\/printyourfun.eu\/product\/organizer-wsiasc-do-pociagu-europa-i-dookola-swiata-jednokolorowy\/","url":"https:\/\/printyourfun.eu\/product\/organizer-wsiasc-do-pociagu-europa-i-dookola-swiata-jednokolorowy\/","name":"Organizer Wsi\u0105\u015b\u0107 do poci\u0105gu Europa i Dooko\u0142a \u015bwiata. Jednokolorowy - PrintYourFun","isPartOf":{"@id":"https:\/\/printyourfun.eu\/#website"},"primaryImageOfPage":{"@id":"https:\/\/printyourfun.eu\/product\/organizer-wsiasc-do-pociagu-europa-i-dookola-swiata-jednokolorowy\/#primaryimage"},"image":{"@id":"https:\/\/printyourfun.eu\/product\/organizer-wsiasc-do-pociagu-europa-i-dookola-swiata-jednokolorowy\/#primaryimage"},"thumbnailUrl":"https:\/\/printyourfun.eu\/wp-content\/uploads\/2021\/11\/DSC_6914www.jpg","datePublished":"2021-11-16T14:14:44+00:00","dateModified":"2025-02-27T11:01:08+00:00","breadcrumb":{"@id":"https:\/\/printyourfun.eu\/product\/organizer-wsiasc-do-pociagu-europa-i-dookola-swiata-jednokolorowy\/#breadcrumb"},"inLanguage":"en-GB","potentialAction":[{"@type":"ReadAction","target":["https:\/\/printyourfun.eu\/product\/organizer-wsiasc-do-pociagu-europa-i-dookola-swiata-jednokolorowy\/"]}]},{"@type":"ImageObject","inLanguage":"en-GB","@id":"https:\/\/printyourfun.eu\/product\/organizer-wsiasc-do-pociagu-europa-i-dookola-swiata-jednokolorowy\/#primaryimage","url":"https:\/\/printyourfun.eu\/wp-content\/uploads\/2021\/11\/DSC_6914www.jpg","contentUrl":"https:\/\/printyourfun.eu\/wp-content\/uploads\/2021\/11\/DSC_6914www.jpg","width":1895,"height":1902},{"@type":"BreadcrumbList","@id":"https:\/\/printyourfun.eu\/product\/organizer-wsiasc-do-pociagu-europa-i-dookola-swiata-jednokolorowy\/#breadcrumb","itemListElement":[{"@type":"ListItem","position":1,"name":"Home","item":"https:\/\/printyourfun.eu\/"},{"@type":"ListItem","position":2,"name":"Sklep","item":"https:\/\/printyourfun.eu\/sklep\/"},{"@type":"ListItem","position":3,"name":"Organizer Wsi\u0105\u015b\u0107 do poci\u0105gu Europa i Dooko\u0142a \u015bwiata. Jednokolorowy"}]},{"@type":"WebSite","@id":"https:\/\/printyourfun.eu\/#website","url":"https:\/\/printyourfun.eu\/","name":"PrintYourFun","description":"Wydruki 3D","potentialAction":[{"@type":"SearchAction","target":{"@type":"EntryPoint","urlTemplate":"https:\/\/printyourfun.eu\/?s={search_term_string}"},"query-input":{"@type":"PropertyValueSpecification","valueRequired":true,"valueName":"search_term_string"}}],"inLanguage":"en-GB"}]}},"_links":{"self":[{"href":"https:\/\/printyourfun.eu\/en\/wp-json\/wp\/v2\/product\/1386","targetHints":{"allow":["GET"]}}],"collection":[{"href":"https:\/\/printyourfun.eu\/en\/wp-json\/wp\/v2\/product"}],"about":[{"href":"https:\/\/printyourfun.eu\/en\/wp-json\/wp\/v2\/types\/product"}],"replies":[{"embeddable":true,"href":"https:\/\/printyourfun.eu\/en\/wp-json\/wp\/v2\/comments?post=1386"}],"wp:featuredmedia":[{"embeddable":true,"href":"https:\/\/printyourfun.eu\/en\/wp-json\/wp\/v2\/media\/1428"}],"wp:attachment":[{"href":"https:\/\/printyourfun.eu\/en\/wp-json\/wp\/v2\/media?parent=1386"}],"wp:term":[{"taxonomy":"product_brand","embeddable":true,"href":"https:\/\/printyourfun.eu\/en\/wp-json\/wp\/v2\/product_brand?post=1386"},{"taxonomy":"product_cat","embeddable":true,"href":"https:\/\/printyourfun.eu\/en\/wp-json\/wp\/v2\/product_cat?post=1386"},{"taxonomy":"product_tag","embeddable":true,"href":"https:\/\/printyourfun.eu\/en\/wp-json\/wp\/v2\/product_tag?post=1386"}],"curies":[{"name":"wp","href":"https:\/\/api.w.org\/{rel}","templated":true}]}}