{"id":1528,"date":"2021-11-16T17:04:31","date_gmt":"2021-11-16T16:04:31","guid":{"rendered":"https:\/\/printyourfun.eu\/?post_type=product&#038;p=1528"},"modified":"2025-02-27T12:01:08","modified_gmt":"2025-02-27T11:01:08","slug":"everdell-stojaki-na-4-male-karty-wydarzen-pieniek","status":"publish","type":"product","link":"https:\/\/printyourfun.eu\/en\/product\/everdell-stojaki-na-4-male-karty-wydarzen-pieniek\/","title":{"rendered":"Everdell Stojaki na 4 ma\u0142e karty wydarze\u0144, pieniek"},"content":{"rendered":"<p><span style=\"color: #c66a26; font-size: 110%; border-left: 10px solid #c66a26; padding-left: 15px;\"><strong>Everdell, stojaki na 4 ma\u0142e karty wydarze\u0144 pieniek.<\/strong><\/span><\/p>\n<p>Stojaki w formie pie\u0144ka na karty wydarze\u0144 specjalnych. U\u0142atwia widoczno\u015b\u0107 i czytelno\u015b\u0107 kart kt\u00f3re standardowo k\u0142adzie si\u0119 na p\u0142asko na drzewie.<\/p>\n<p>&nbsp;<\/p>\n<p><img loading=\"lazy\" decoding=\"async\" class=\"aligncenter wp-image-1529 size-medium\" src=\"https:\/\/printyourfun.eu\/wp-content\/uploads\/2021\/11\/DSC_9092-800x293.jpg\" alt=\"\" width=\"800\" height=\"293\" srcset=\"https:\/\/printyourfun.eu\/wp-content\/uploads\/2021\/11\/DSC_9092-800x293.jpg 800w, https:\/\/printyourfun.eu\/wp-content\/uploads\/2021\/11\/DSC_9092-1400x513.jpg 1400w, https:\/\/printyourfun.eu\/wp-content\/uploads\/2021\/11\/DSC_9092-768x281.jpg 768w, https:\/\/printyourfun.eu\/wp-content\/uploads\/2021\/11\/DSC_9092-1536x563.jpg 1536w, https:\/\/printyourfun.eu\/wp-content\/uploads\/2021\/11\/DSC_9092-18x7.jpg 18w, https:\/\/printyourfun.eu\/wp-content\/uploads\/2021\/11\/DSC_9092-600x220.jpg 600w, https:\/\/printyourfun.eu\/wp-content\/uploads\/2021\/11\/DSC_9092.jpg 2000w\" sizes=\"auto, (max-width: 800px) 100vw, 800px\" \/><\/p>\n<p>&nbsp;<\/p>\n<p>&nbsp;<\/p>\n<p>Dost\u0119pne w kolorach: ciemny br\u0105z, jasny br\u0105z i rudy br\u0105z.<\/p>\n<p>The 3d product is suggested as a matching game replacement, it is not an official item.<\/p>\n<p>Materia\u0142 : PLA, trwa\u0142y i wytrzyma\u0142y.<\/p>\n<p>PRODUKT NIE ZAWIERA GRY PLANSZOWEJ I JEJ ELEMENT\u00d3W.<\/p>\n<p>&nbsp;<\/p>\n<p>&nbsp;<\/p>","protected":false},"excerpt":{"rendered":"<p>Everdell, stojaki na 4 ma\u0142e karty wydarze\u0144 pieniek. Stojaki w formie pie\u0144ka na karty wydarze\u0144 specjalnych. U\u0142atwia widoczno\u015b\u0107 i czytelno\u015b\u0107 kart kt\u00f3re standardowo k\u0142adzie si\u0119 na p\u0142asko na drzewie. &nbsp; &nbsp; &nbsp; Dost\u0119pne w kolorach: ciemny br\u0105z, jasny br\u0105z i rudy br\u0105z. Produkt 3d jest sugerowany jako zamiennik pasuj\u0105cy do gry, nie stanowi oficjalnego elementu. [&#8230;]","protected":false},"featured_media":1535,"comment_status":"open","ping_status":"closed","template":"","meta":{"_acf_changed":false},"product_brand":[],"product_cat":[70,76,78],"product_tag":[136,142,127,144],"class_list":{"0":"post-1528","1":"product","2":"type-product","3":"status-publish","4":"has-post-thumbnail","6":"product_cat-akcesoria-do-gier","7":"product_cat-elementy-3d-na-plansze","8":"product_cat-organizery-na-karty","9":"product_tag-everdell","10":"product_tag-na-karty","11":"product_tag-organizer","12":"product_tag-stojak","14":"first","15":"instock","16":"shipping-taxable","17":"purchasable","18":"product-type-variable"},"acf":[],"yoast_head":"<!-- This site is optimized with the Yoast SEO plugin v24.8.1 - https:\/\/yoast.com\/wordpress\/plugins\/seo\/ -->\n<title>Everdell Stojaki na 4 ma\u0142e karty wydarze\u0144, pieniek - PrintYourFun<\/title>\n<meta name=\"robots\" content=\"index, follow, max-snippet:-1, max-image-preview:large, max-video-preview:-1\" \/>\n<link rel=\"canonical\" href=\"https:\/\/printyourfun.eu\/en\/product\/everdell-stojaki-na-4-male-karty-wydarzen-pieniek\/\" \/>\n<meta property=\"og:locale\" content=\"en_GB\" \/>\n<meta property=\"og:type\" content=\"article\" \/>\n<meta property=\"og:title\" content=\"Everdell Stojaki na 4 ma\u0142e karty wydarze\u0144, pieniek - PrintYourFun\" \/>\n<meta property=\"og:description\" content=\"Everdell, stojaki na 4 ma\u0142e karty wydarze\u0144 pieniek. Stojaki w formie pie\u0144ka na karty wydarze\u0144 specjalnych. U\u0142atwia widoczno\u015b\u0107 i czytelno\u015b\u0107 kart kt\u00f3re standardowo k\u0142adzie si\u0119 na p\u0142asko na drzewie. &nbsp; &nbsp; &nbsp; Dost\u0119pne w kolorach: ciemny br\u0105z, jasny br\u0105z i rudy br\u0105z. Produkt 3d jest sugerowany jako zamiennik pasuj\u0105cy do gry, nie stanowi oficjalnego elementu. [...]\" \/>\n<meta property=\"og:url\" content=\"https:\/\/printyourfun.eu\/en\/product\/everdell-stojaki-na-4-male-karty-wydarzen-pieniek\/\" \/>\n<meta property=\"og:site_name\" content=\"PrintYourFun\" \/>\n<meta property=\"article:publisher\" content=\"https:\/\/www.facebook.com\/Printyourfun\/\" \/>\n<meta property=\"article:modified_time\" content=\"2025-02-27T11:01:08+00:00\" \/>\n<meta property=\"og:image\" content=\"https:\/\/printyourfun.eu\/wp-content\/uploads\/2021\/11\/DSC_9096.jpg\" \/>\n\t<meta property=\"og:image:width\" content=\"2000\" \/>\n\t<meta property=\"og:image:height\" content=\"2009\" \/>\n\t<meta property=\"og:image:type\" content=\"image\/jpeg\" \/>\n<meta name=\"twitter:card\" content=\"summary_large_image\" \/>\n<script type=\"application\/ld+json\" class=\"yoast-schema-graph\">{\"@context\":\"https:\/\/schema.org\",\"@graph\":[{\"@type\":\"WebPage\",\"@id\":\"https:\/\/printyourfun.eu\/product\/everdell-stojaki-na-4-male-karty-wydarzen-pieniek\/\",\"url\":\"https:\/\/printyourfun.eu\/product\/everdell-stojaki-na-4-male-karty-wydarzen-pieniek\/\",\"name\":\"Everdell Stojaki na 4 ma\u0142e karty wydarze\u0144, pieniek - PrintYourFun\",\"isPartOf\":{\"@id\":\"https:\/\/printyourfun.eu\/#website\"},\"primaryImageOfPage\":{\"@id\":\"https:\/\/printyourfun.eu\/product\/everdell-stojaki-na-4-male-karty-wydarzen-pieniek\/#primaryimage\"},\"image\":{\"@id\":\"https:\/\/printyourfun.eu\/product\/everdell-stojaki-na-4-male-karty-wydarzen-pieniek\/#primaryimage\"},\"thumbnailUrl\":\"https:\/\/printyourfun.eu\/wp-content\/uploads\/2021\/11\/DSC_9096.jpg\",\"datePublished\":\"2021-11-16T16:04:31+00:00\",\"dateModified\":\"2025-02-27T11:01:08+00:00\",\"breadcrumb\":{\"@id\":\"https:\/\/printyourfun.eu\/product\/everdell-stojaki-na-4-male-karty-wydarzen-pieniek\/#breadcrumb\"},\"inLanguage\":\"en-GB\",\"potentialAction\":[{\"@type\":\"ReadAction\",\"target\":[\"https:\/\/printyourfun.eu\/product\/everdell-stojaki-na-4-male-karty-wydarzen-pieniek\/\"]}]},{\"@type\":\"ImageObject\",\"inLanguage\":\"en-GB\",\"@id\":\"https:\/\/printyourfun.eu\/product\/everdell-stojaki-na-4-male-karty-wydarzen-pieniek\/#primaryimage\",\"url\":\"https:\/\/printyourfun.eu\/wp-content\/uploads\/2021\/11\/DSC_9096.jpg\",\"contentUrl\":\"https:\/\/printyourfun.eu\/wp-content\/uploads\/2021\/11\/DSC_9096.jpg\",\"width\":2000,\"height\":2009},{\"@type\":\"BreadcrumbList\",\"@id\":\"https:\/\/printyourfun.eu\/product\/everdell-stojaki-na-4-male-karty-wydarzen-pieniek\/#breadcrumb\",\"itemListElement\":[{\"@type\":\"ListItem\",\"position\":1,\"name\":\"Home\",\"item\":\"https:\/\/printyourfun.eu\/\"},{\"@type\":\"ListItem\",\"position\":2,\"name\":\"Sklep\",\"item\":\"https:\/\/printyourfun.eu\/sklep\/\"},{\"@type\":\"ListItem\",\"position\":3,\"name\":\"Everdell Stojaki na 4 ma\u0142e karty wydarze\u0144, pieniek\"}]},{\"@type\":\"WebSite\",\"@id\":\"https:\/\/printyourfun.eu\/#website\",\"url\":\"https:\/\/printyourfun.eu\/\",\"name\":\"PrintYourFun\",\"description\":\"Wydruki 3D\",\"potentialAction\":[{\"@type\":\"SearchAction\",\"target\":{\"@type\":\"EntryPoint\",\"urlTemplate\":\"https:\/\/printyourfun.eu\/?s={search_term_string}\"},\"query-input\":{\"@type\":\"PropertyValueSpecification\",\"valueRequired\":true,\"valueName\":\"search_term_string\"}}],\"inLanguage\":\"en-GB\"}]}<\/script>\n<!-- \/ Yoast SEO plugin. -->","yoast_head_json":{"title":"Everdell Stojaki na 4 ma\u0142e karty wydarze\u0144, pieniek - PrintYourFun","robots":{"index":"index","follow":"follow","max-snippet":"max-snippet:-1","max-image-preview":"max-image-preview:large","max-video-preview":"max-video-preview:-1"},"canonical":"https:\/\/printyourfun.eu\/en\/product\/everdell-stojaki-na-4-male-karty-wydarzen-pieniek\/","og_locale":"en_GB","og_type":"article","og_title":"Everdell Stojaki na 4 ma\u0142e karty wydarze\u0144, pieniek - PrintYourFun","og_description":"Everdell, stojaki na 4 ma\u0142e karty wydarze\u0144 pieniek. Stojaki w formie pie\u0144ka na karty wydarze\u0144 specjalnych. U\u0142atwia widoczno\u015b\u0107 i czytelno\u015b\u0107 kart kt\u00f3re standardowo k\u0142adzie si\u0119 na p\u0142asko na drzewie. &nbsp; &nbsp; &nbsp; Dost\u0119pne w kolorach: ciemny br\u0105z, jasny br\u0105z i rudy br\u0105z. Produkt 3d jest sugerowany jako zamiennik pasuj\u0105cy do gry, nie stanowi oficjalnego elementu. [...]","og_url":"https:\/\/printyourfun.eu\/en\/product\/everdell-stojaki-na-4-male-karty-wydarzen-pieniek\/","og_site_name":"PrintYourFun","article_publisher":"https:\/\/www.facebook.com\/Printyourfun\/","article_modified_time":"2025-02-27T11:01:08+00:00","og_image":[{"width":2000,"height":2009,"url":"https:\/\/printyourfun.eu\/wp-content\/uploads\/2021\/11\/DSC_9096.jpg","type":"image\/jpeg"}],"twitter_card":"summary_large_image","schema":{"@context":"https:\/\/schema.org","@graph":[{"@type":"WebPage","@id":"https:\/\/printyourfun.eu\/product\/everdell-stojaki-na-4-male-karty-wydarzen-pieniek\/","url":"https:\/\/printyourfun.eu\/product\/everdell-stojaki-na-4-male-karty-wydarzen-pieniek\/","name":"Everdell Stojaki na 4 ma\u0142e karty wydarze\u0144, pieniek - PrintYourFun","isPartOf":{"@id":"https:\/\/printyourfun.eu\/#website"},"primaryImageOfPage":{"@id":"https:\/\/printyourfun.eu\/product\/everdell-stojaki-na-4-male-karty-wydarzen-pieniek\/#primaryimage"},"image":{"@id":"https:\/\/printyourfun.eu\/product\/everdell-stojaki-na-4-male-karty-wydarzen-pieniek\/#primaryimage"},"thumbnailUrl":"https:\/\/printyourfun.eu\/wp-content\/uploads\/2021\/11\/DSC_9096.jpg","datePublished":"2021-11-16T16:04:31+00:00","dateModified":"2025-02-27T11:01:08+00:00","breadcrumb":{"@id":"https:\/\/printyourfun.eu\/product\/everdell-stojaki-na-4-male-karty-wydarzen-pieniek\/#breadcrumb"},"inLanguage":"en-GB","potentialAction":[{"@type":"ReadAction","target":["https:\/\/printyourfun.eu\/product\/everdell-stojaki-na-4-male-karty-wydarzen-pieniek\/"]}]},{"@type":"ImageObject","inLanguage":"en-GB","@id":"https:\/\/printyourfun.eu\/product\/everdell-stojaki-na-4-male-karty-wydarzen-pieniek\/#primaryimage","url":"https:\/\/printyourfun.eu\/wp-content\/uploads\/2021\/11\/DSC_9096.jpg","contentUrl":"https:\/\/printyourfun.eu\/wp-content\/uploads\/2021\/11\/DSC_9096.jpg","width":2000,"height":2009},{"@type":"BreadcrumbList","@id":"https:\/\/printyourfun.eu\/product\/everdell-stojaki-na-4-male-karty-wydarzen-pieniek\/#breadcrumb","itemListElement":[{"@type":"ListItem","position":1,"name":"Home","item":"https:\/\/printyourfun.eu\/"},{"@type":"ListItem","position":2,"name":"Sklep","item":"https:\/\/printyourfun.eu\/sklep\/"},{"@type":"ListItem","position":3,"name":"Everdell Stojaki na 4 ma\u0142e karty wydarze\u0144, pieniek"}]},{"@type":"WebSite","@id":"https:\/\/printyourfun.eu\/#website","url":"https:\/\/printyourfun.eu\/","name":"PrintYourFun","description":"Wydruki 3D","potentialAction":[{"@type":"SearchAction","target":{"@type":"EntryPoint","urlTemplate":"https:\/\/printyourfun.eu\/?s={search_term_string}"},"query-input":{"@type":"PropertyValueSpecification","valueRequired":true,"valueName":"search_term_string"}}],"inLanguage":"en-GB"}]}},"_links":{"self":[{"href":"https:\/\/printyourfun.eu\/en\/wp-json\/wp\/v2\/product\/1528","targetHints":{"allow":["GET"]}}],"collection":[{"href":"https:\/\/printyourfun.eu\/en\/wp-json\/wp\/v2\/product"}],"about":[{"href":"https:\/\/printyourfun.eu\/en\/wp-json\/wp\/v2\/types\/product"}],"replies":[{"embeddable":true,"href":"https:\/\/printyourfun.eu\/en\/wp-json\/wp\/v2\/comments?post=1528"}],"wp:featuredmedia":[{"embeddable":true,"href":"https:\/\/printyourfun.eu\/en\/wp-json\/wp\/v2\/media\/1535"}],"wp:attachment":[{"href":"https:\/\/printyourfun.eu\/en\/wp-json\/wp\/v2\/media?parent=1528"}],"wp:term":[{"taxonomy":"product_brand","embeddable":true,"href":"https:\/\/printyourfun.eu\/en\/wp-json\/wp\/v2\/product_brand?post=1528"},{"taxonomy":"product_cat","embeddable":true,"href":"https:\/\/printyourfun.eu\/en\/wp-json\/wp\/v2\/product_cat?post=1528"},{"taxonomy":"product_tag","embeddable":true,"href":"https:\/\/printyourfun.eu\/en\/wp-json\/wp\/v2\/product_tag?post=1528"}],"curies":[{"name":"wp","href":"https:\/\/api.w.org\/{rel}","templated":true}]}}