{"id":1811,"date":"2021-11-17T12:47:26","date_gmt":"2021-11-17T11:47:26","guid":{"rendered":"https:\/\/printyourfun.eu\/?post_type=product&#038;p=1811"},"modified":"2025-02-27T12:01:08","modified_gmt":"2025-02-27T11:01:08","slug":"terraformacja-marsa-nakladka-na-kolonie","status":"publish","type":"product","link":"https:\/\/printyourfun.eu\/en\/product\/terraformacja-marsa-nakladka-na-kolonie\/","title":{"rendered":"Terraformacja marsa nak\u0142adka na kolonie 12 szt"},"content":{"rendered":"<p style=\"text-align: left;\"><span style=\"color: #c66a26; font-size: 110%; border-left: 10px solid #c66a26; padding-left: 15px;\"><strong>Terraformacja marsa nak\u0142adka na kolonie, wsuwana.<\/strong><\/span><\/p>\n<p>Nie lubisz gdy kostki przesuwaj\u0105 si\u0119 przy ka\u017cdym dotkni\u0119ciu planetki ? Mamy na to rozwi\u0105zanie.<\/p>\n<p>Wsuwana ( planszetka nie wypada spod niej) nak\u0142adka z miejscami na kostki do wszystkich planszetek z dodatku Kolonie, 12 szt.<\/p>\n<p>Wa\u017cne! Sprawd\u017a odleg\u0142o\u015b\u0107 g\u00f3rnej krawedzi nadruku, i w uwagach oznacz : wersja &#8222;1&#8221; je\u017celi ma grubo\u015b\u0107 ok 2 mm lub wersja &#8222;2&#8221; je\u017celi ma grubo\u015bc ok 4 mm. R\u00f3\u017cnica w wycinaniu \u017ceton\u00f3w w fabryce wymusza przygotowanie przez nas dw\u00f3ch r\u00f3znych zestaw\u00f3w nak\u0142adek aby pokrycie grafik by\u0142o r\u00f3wne.<\/p>\n<p>&nbsp;<\/p>\n<p>&nbsp;<\/p>\n<p><img loading=\"lazy\" decoding=\"async\" class=\"aligncenter wp-image-1832 size-medium\" src=\"https:\/\/printyourfun.eu\/wp-content\/uploads\/2021\/11\/DSC_9054-800x351.jpg\" alt=\"\" width=\"800\" height=\"351\" srcset=\"https:\/\/printyourfun.eu\/wp-content\/uploads\/2021\/11\/DSC_9054-800x351.jpg 800w, https:\/\/printyourfun.eu\/wp-content\/uploads\/2021\/11\/DSC_9054-1400x614.jpg 1400w, https:\/\/printyourfun.eu\/wp-content\/uploads\/2021\/11\/DSC_9054-768x337.jpg 768w, https:\/\/printyourfun.eu\/wp-content\/uploads\/2021\/11\/DSC_9054-1536x674.jpg 1536w, https:\/\/printyourfun.eu\/wp-content\/uploads\/2021\/11\/DSC_9054-18x8.jpg 18w, https:\/\/printyourfun.eu\/wp-content\/uploads\/2021\/11\/DSC_9054-600x263.jpg 600w, https:\/\/printyourfun.eu\/wp-content\/uploads\/2021\/11\/DSC_9054.jpg 2000w\" sizes=\"auto, (max-width: 800px) 100vw, 800px\" \/>Dost\u0119pne w wielu kolorach.<\/p>\n<p>Materia\u0142 : PLA, trwa\u0142y i wytrzyma\u0142y.<\/p>\n<p>PRODUKT NIE ZAWIERA GRY PLANSZOWEJ I JEJ ELEMENT\u00d3W.<\/p>\n<h6><\/h6>","protected":false},"excerpt":{"rendered":"<p>Terraformacja marsa nak\u0142adka na kolonie, wsuwana. Nie lubisz gdy kostki przesuwaj\u0105 si\u0119 przy ka\u017cdym dotkni\u0119ciu planetki ? Mamy na to rozwi\u0105zanie. Wsuwana ( planszetka nie wypada spod niej) nak\u0142adka z miejscami na kostki do wszystkich planszetek z dodatku Kolonie, 12 szt. Wa\u017cne! Sprawd\u017a odleg\u0142o\u015b\u0107 g\u00f3rnej krawedzi nadruku, i w uwagach oznacz : wersja &#8222;1&#8221; je\u017celi [&#8230;]","protected":false},"featured_media":1833,"comment_status":"open","ping_status":"closed","template":"","meta":{"_acf_changed":false},"product_brand":[],"product_cat":[70,163],"product_tag":[161,162,127,159,160],"class_list":{"0":"post-1811","1":"product","2":"type-product","3":"status-publish","4":"has-post-thumbnail","6":"product_cat-akcesoria-do-gier","7":"product_cat-organizery-plansz","8":"product_tag-kolonie","9":"product_tag-nakladka","10":"product_tag-organizer","11":"product_tag-terraformacja","12":"product_tag-terraformacja-marsa","14":"first","15":"instock","16":"shipping-taxable","17":"purchasable","18":"product-type-variable"},"acf":[],"yoast_head":"<!-- This site is optimized with the Yoast SEO plugin v24.8.1 - https:\/\/yoast.com\/wordpress\/plugins\/seo\/ -->\n<title>Terraformacja marsa nak\u0142adka na kolonie 12 szt - PrintYourFun<\/title>\n<meta name=\"robots\" content=\"index, follow, max-snippet:-1, max-image-preview:large, max-video-preview:-1\" \/>\n<link rel=\"canonical\" href=\"https:\/\/printyourfun.eu\/en\/product\/terraformacja-marsa-nakladka-na-kolonie\/\" \/>\n<meta property=\"og:locale\" content=\"en_GB\" \/>\n<meta property=\"og:type\" content=\"article\" \/>\n<meta property=\"og:title\" content=\"Terraformacja marsa nak\u0142adka na kolonie 12 szt - PrintYourFun\" \/>\n<meta property=\"og:description\" content=\"Terraformacja marsa nak\u0142adka na kolonie, wsuwana. Nie lubisz gdy kostki przesuwaj\u0105 si\u0119 przy ka\u017cdym dotkni\u0119ciu planetki ? Mamy na to rozwi\u0105zanie. Wsuwana ( planszetka nie wypada spod niej) nak\u0142adka z miejscami na kostki do wszystkich planszetek z dodatku Kolonie, 12 szt. Wa\u017cne! Sprawd\u017a odleg\u0142o\u015b\u0107 g\u00f3rnej krawedzi nadruku, i w uwagach oznacz : wersja &#8222;1&#8221; je\u017celi [...]\" \/>\n<meta property=\"og:url\" content=\"https:\/\/printyourfun.eu\/en\/product\/terraformacja-marsa-nakladka-na-kolonie\/\" \/>\n<meta property=\"og:site_name\" content=\"PrintYourFun\" \/>\n<meta property=\"article:publisher\" content=\"https:\/\/www.facebook.com\/Printyourfun\/\" \/>\n<meta property=\"article:modified_time\" content=\"2025-02-27T11:01:08+00:00\" \/>\n<meta property=\"og:image\" content=\"https:\/\/printyourfun.eu\/wp-content\/uploads\/2021\/11\/DSC_9057.jpg\" \/>\n\t<meta property=\"og:image:width\" content=\"2000\" \/>\n\t<meta property=\"og:image:height\" content=\"2000\" \/>\n\t<meta property=\"og:image:type\" content=\"image\/jpeg\" \/>\n<meta name=\"twitter:card\" content=\"summary_large_image\" \/>\n<meta name=\"twitter:label1\" content=\"Estimated reading time\" \/>\n\t<meta name=\"twitter:data1\" content=\"1 minute\" \/>\n<script type=\"application\/ld+json\" class=\"yoast-schema-graph\">{\"@context\":\"https:\/\/schema.org\",\"@graph\":[{\"@type\":\"WebPage\",\"@id\":\"https:\/\/printyourfun.eu\/product\/terraformacja-marsa-nakladka-na-kolonie\/\",\"url\":\"https:\/\/printyourfun.eu\/product\/terraformacja-marsa-nakladka-na-kolonie\/\",\"name\":\"Terraformacja marsa nak\u0142adka na kolonie 12 szt - PrintYourFun\",\"isPartOf\":{\"@id\":\"https:\/\/printyourfun.eu\/#website\"},\"primaryImageOfPage\":{\"@id\":\"https:\/\/printyourfun.eu\/product\/terraformacja-marsa-nakladka-na-kolonie\/#primaryimage\"},\"image\":{\"@id\":\"https:\/\/printyourfun.eu\/product\/terraformacja-marsa-nakladka-na-kolonie\/#primaryimage\"},\"thumbnailUrl\":\"https:\/\/printyourfun.eu\/wp-content\/uploads\/2021\/11\/DSC_9057.jpg\",\"datePublished\":\"2021-11-17T11:47:26+00:00\",\"dateModified\":\"2025-02-27T11:01:08+00:00\",\"breadcrumb\":{\"@id\":\"https:\/\/printyourfun.eu\/product\/terraformacja-marsa-nakladka-na-kolonie\/#breadcrumb\"},\"inLanguage\":\"en-GB\",\"potentialAction\":[{\"@type\":\"ReadAction\",\"target\":[\"https:\/\/printyourfun.eu\/product\/terraformacja-marsa-nakladka-na-kolonie\/\"]}]},{\"@type\":\"ImageObject\",\"inLanguage\":\"en-GB\",\"@id\":\"https:\/\/printyourfun.eu\/product\/terraformacja-marsa-nakladka-na-kolonie\/#primaryimage\",\"url\":\"https:\/\/printyourfun.eu\/wp-content\/uploads\/2021\/11\/DSC_9057.jpg\",\"contentUrl\":\"https:\/\/printyourfun.eu\/wp-content\/uploads\/2021\/11\/DSC_9057.jpg\",\"width\":2000,\"height\":2000},{\"@type\":\"BreadcrumbList\",\"@id\":\"https:\/\/printyourfun.eu\/product\/terraformacja-marsa-nakladka-na-kolonie\/#breadcrumb\",\"itemListElement\":[{\"@type\":\"ListItem\",\"position\":1,\"name\":\"Home\",\"item\":\"https:\/\/printyourfun.eu\/\"},{\"@type\":\"ListItem\",\"position\":2,\"name\":\"Sklep\",\"item\":\"https:\/\/printyourfun.eu\/sklep\/\"},{\"@type\":\"ListItem\",\"position\":3,\"name\":\"Terraformacja marsa nak\u0142adka na kolonie 12 szt\"}]},{\"@type\":\"WebSite\",\"@id\":\"https:\/\/printyourfun.eu\/#website\",\"url\":\"https:\/\/printyourfun.eu\/\",\"name\":\"PrintYourFun\",\"description\":\"Wydruki 3D\",\"potentialAction\":[{\"@type\":\"SearchAction\",\"target\":{\"@type\":\"EntryPoint\",\"urlTemplate\":\"https:\/\/printyourfun.eu\/?s={search_term_string}\"},\"query-input\":{\"@type\":\"PropertyValueSpecification\",\"valueRequired\":true,\"valueName\":\"search_term_string\"}}],\"inLanguage\":\"en-GB\"}]}<\/script>\n<!-- \/ Yoast SEO plugin. -->","yoast_head_json":{"title":"Terraformacja marsa nak\u0142adka na kolonie 12 szt - PrintYourFun","robots":{"index":"index","follow":"follow","max-snippet":"max-snippet:-1","max-image-preview":"max-image-preview:large","max-video-preview":"max-video-preview:-1"},"canonical":"https:\/\/printyourfun.eu\/en\/product\/terraformacja-marsa-nakladka-na-kolonie\/","og_locale":"en_GB","og_type":"article","og_title":"Terraformacja marsa nak\u0142adka na kolonie 12 szt - PrintYourFun","og_description":"Terraformacja marsa nak\u0142adka na kolonie, wsuwana. Nie lubisz gdy kostki przesuwaj\u0105 si\u0119 przy ka\u017cdym dotkni\u0119ciu planetki ? Mamy na to rozwi\u0105zanie. Wsuwana ( planszetka nie wypada spod niej) nak\u0142adka z miejscami na kostki do wszystkich planszetek z dodatku Kolonie, 12 szt. Wa\u017cne! Sprawd\u017a odleg\u0142o\u015b\u0107 g\u00f3rnej krawedzi nadruku, i w uwagach oznacz : wersja &#8222;1&#8221; je\u017celi [...]","og_url":"https:\/\/printyourfun.eu\/en\/product\/terraformacja-marsa-nakladka-na-kolonie\/","og_site_name":"PrintYourFun","article_publisher":"https:\/\/www.facebook.com\/Printyourfun\/","article_modified_time":"2025-02-27T11:01:08+00:00","og_image":[{"width":2000,"height":2000,"url":"https:\/\/printyourfun.eu\/wp-content\/uploads\/2021\/11\/DSC_9057.jpg","type":"image\/jpeg"}],"twitter_card":"summary_large_image","twitter_misc":{"Estimated reading time":"1 minute"},"schema":{"@context":"https:\/\/schema.org","@graph":[{"@type":"WebPage","@id":"https:\/\/printyourfun.eu\/product\/terraformacja-marsa-nakladka-na-kolonie\/","url":"https:\/\/printyourfun.eu\/product\/terraformacja-marsa-nakladka-na-kolonie\/","name":"Terraformacja marsa nak\u0142adka na kolonie 12 szt - PrintYourFun","isPartOf":{"@id":"https:\/\/printyourfun.eu\/#website"},"primaryImageOfPage":{"@id":"https:\/\/printyourfun.eu\/product\/terraformacja-marsa-nakladka-na-kolonie\/#primaryimage"},"image":{"@id":"https:\/\/printyourfun.eu\/product\/terraformacja-marsa-nakladka-na-kolonie\/#primaryimage"},"thumbnailUrl":"https:\/\/printyourfun.eu\/wp-content\/uploads\/2021\/11\/DSC_9057.jpg","datePublished":"2021-11-17T11:47:26+00:00","dateModified":"2025-02-27T11:01:08+00:00","breadcrumb":{"@id":"https:\/\/printyourfun.eu\/product\/terraformacja-marsa-nakladka-na-kolonie\/#breadcrumb"},"inLanguage":"en-GB","potentialAction":[{"@type":"ReadAction","target":["https:\/\/printyourfun.eu\/product\/terraformacja-marsa-nakladka-na-kolonie\/"]}]},{"@type":"ImageObject","inLanguage":"en-GB","@id":"https:\/\/printyourfun.eu\/product\/terraformacja-marsa-nakladka-na-kolonie\/#primaryimage","url":"https:\/\/printyourfun.eu\/wp-content\/uploads\/2021\/11\/DSC_9057.jpg","contentUrl":"https:\/\/printyourfun.eu\/wp-content\/uploads\/2021\/11\/DSC_9057.jpg","width":2000,"height":2000},{"@type":"BreadcrumbList","@id":"https:\/\/printyourfun.eu\/product\/terraformacja-marsa-nakladka-na-kolonie\/#breadcrumb","itemListElement":[{"@type":"ListItem","position":1,"name":"Home","item":"https:\/\/printyourfun.eu\/"},{"@type":"ListItem","position":2,"name":"Sklep","item":"https:\/\/printyourfun.eu\/sklep\/"},{"@type":"ListItem","position":3,"name":"Terraformacja marsa nak\u0142adka na kolonie 12 szt"}]},{"@type":"WebSite","@id":"https:\/\/printyourfun.eu\/#website","url":"https:\/\/printyourfun.eu\/","name":"PrintYourFun","description":"Wydruki 3D","potentialAction":[{"@type":"SearchAction","target":{"@type":"EntryPoint","urlTemplate":"https:\/\/printyourfun.eu\/?s={search_term_string}"},"query-input":{"@type":"PropertyValueSpecification","valueRequired":true,"valueName":"search_term_string"}}],"inLanguage":"en-GB"}]}},"_links":{"self":[{"href":"https:\/\/printyourfun.eu\/en\/wp-json\/wp\/v2\/product\/1811","targetHints":{"allow":["GET"]}}],"collection":[{"href":"https:\/\/printyourfun.eu\/en\/wp-json\/wp\/v2\/product"}],"about":[{"href":"https:\/\/printyourfun.eu\/en\/wp-json\/wp\/v2\/types\/product"}],"replies":[{"embeddable":true,"href":"https:\/\/printyourfun.eu\/en\/wp-json\/wp\/v2\/comments?post=1811"}],"wp:featuredmedia":[{"embeddable":true,"href":"https:\/\/printyourfun.eu\/en\/wp-json\/wp\/v2\/media\/1833"}],"wp:attachment":[{"href":"https:\/\/printyourfun.eu\/en\/wp-json\/wp\/v2\/media?parent=1811"}],"wp:term":[{"taxonomy":"product_brand","embeddable":true,"href":"https:\/\/printyourfun.eu\/en\/wp-json\/wp\/v2\/product_brand?post=1811"},{"taxonomy":"product_cat","embeddable":true,"href":"https:\/\/printyourfun.eu\/en\/wp-json\/wp\/v2\/product_cat?post=1811"},{"taxonomy":"product_tag","embeddable":true,"href":"https:\/\/printyourfun.eu\/en\/wp-json\/wp\/v2\/product_tag?post=1811"}],"curies":[{"name":"wp","href":"https:\/\/api.w.org\/{rel}","templated":true}]}}