{"id":1914,"date":"2021-12-05T21:58:11","date_gmt":"2021-12-05T20:58:11","guid":{"rendered":"https:\/\/printyourfun.eu\/?post_type=product&#038;p=1914"},"modified":"2025-02-27T12:01:08","modified_gmt":"2025-02-27T11:01:08","slug":"nemesis-gumowe-podstawki-na-obrazenia","status":"publish","type":"product","link":"https:\/\/printyourfun.eu\/en\/product\/nemesis-gumowe-podstawki-na-obrazenia\/","title":{"rendered":"Nemesis gumowe podstawki na obra\u017cenia"},"content":{"rendered":"<p style=\"text-align: left;\"><span style=\"color: #c66a26; font-size: 110%; border-left: 10px solid #c66a26; padding-left: 15px;\"><strong>Nemesis Gumowe podstawki na obra\u017cenia intruz\u00f3w.<\/strong><\/span><\/p>\n<p>-Zabi\u0142e\u015b go ??? ZABI\u0141E\u015a ???<\/p>\n<p>-Nie wiem, wpakowa\u0142em w niego ca\u0142y magazynek, a skubaniec i tak uciek\u0142\u2026.<\/p>\n<p>Tylko z naszymi gumowymi podstawkami na obra\u017cenia b\u0119dziecie pewni ile pestek wpakowali\u015bcie w nieproszonego go\u015bcia.<\/p>\n<p><img loading=\"lazy\" decoding=\"async\" class=\"aligncenter wp-image-1936 size-medium\" src=\"https:\/\/printyourfun.eu\/wp-content\/uploads\/2021\/12\/DSC_7872-800x395.jpg\" alt=\"\" width=\"800\" height=\"395\" srcset=\"https:\/\/printyourfun.eu\/wp-content\/uploads\/2021\/12\/DSC_7872-800x395.jpg 800w, https:\/\/printyourfun.eu\/wp-content\/uploads\/2021\/12\/DSC_7872-1400x692.jpg 1400w, https:\/\/printyourfun.eu\/wp-content\/uploads\/2021\/12\/DSC_7872-768x379.jpg 768w, https:\/\/printyourfun.eu\/wp-content\/uploads\/2021\/12\/DSC_7872-1536x759.jpg 1536w, https:\/\/printyourfun.eu\/wp-content\/uploads\/2021\/12\/DSC_7872-18x9.jpg 18w, https:\/\/printyourfun.eu\/wp-content\/uploads\/2021\/12\/DSC_7872-600x296.jpg 600w, https:\/\/printyourfun.eu\/wp-content\/uploads\/2021\/12\/DSC_7872.jpg 2000w\" sizes=\"auto, (max-width: 800px) 100vw, 800px\" \/><\/p>\n<p>W sk\u0142ad zestawu wchodz\u0105 podstawki na ka\u017cdego intruza z podstawowej wersji gry (Core Box)<\/p>\n<p>Podstawki: 1x Kr\u00f3lowa, 2x Reproduktor, 4x Doros\u0142y stoj\u0105cy, 4x Doros\u0142y kucaj\u0105cy, 3x pe\u0142zacz.<\/p>\n<p>Rok wydania widoczny jest z ty\u0142u pude\u0142ka nad kodem kreskowym.<\/p>\n<p>Dost\u0119pne w wielu kolorach.<\/p>\n<p>Materia\u0142 : TPU, guma trwa\u0142y i wytrzyma\u0142y.<\/p>\n<p>PRODUKT NIE ZAWIERA GRY PLANSZOWEJ I JEJ ELEMENT\u00d3W.<\/p>\n<h6><\/h6>","protected":false},"excerpt":{"rendered":"<p>Nemesis Gumowe podstawki na obra\u017cenia intruz\u00f3w. -Zabi\u0142e\u015b go ??? ZABI\u0141E\u015a ??? -Nie wiem, wpakowa\u0142em w niego ca\u0142y magazynek, a skubaniec i tak uciek\u0142\u2026. Tylko z naszymi gumowymi podstawkami na obra\u017cenia b\u0119dziecie pewni ile pestek wpakowali\u015bcie w nieproszonego go\u015bcia. W sk\u0142ad zestawu wchodz\u0105 podstawki na ka\u017cdego intruza z podstawowej wersji gry (Core Box) Podstawki: 1x Kr\u00f3lowa, [&#8230;]","protected":false},"featured_media":1937,"comment_status":"open","ping_status":"closed","template":"","meta":{"_acf_changed":false},"product_brand":[],"product_cat":[70,80],"product_tag":[173,170,169,164,165,171,172],"class_list":{"0":"post-1914","1":"product","2":"type-product","3":"status-publish","4":"has-post-thumbnail","6":"product_cat-akcesoria-do-gier","7":"product_cat-podstawki-pod-figurki","8":"product_tag-gumowe","9":"product_tag-intruz","10":"product_tag-intruzow","11":"product_tag-nemesis","12":"product_tag-nemesis-board-game","13":"product_tag-obrazenia","14":"product_tag-podstawki","16":"first","17":"instock","18":"shipping-taxable","19":"purchasable","20":"product-type-variable"},"acf":[],"yoast_head":"<!-- This site is optimized with the Yoast SEO plugin v24.8.1 - https:\/\/yoast.com\/wordpress\/plugins\/seo\/ -->\n<title>Nemesis gumowe podstawki na obra\u017cenia - PrintYourFun<\/title>\n<meta name=\"robots\" content=\"index, follow, max-snippet:-1, max-image-preview:large, max-video-preview:-1\" \/>\n<link rel=\"canonical\" href=\"https:\/\/printyourfun.eu\/en\/product\/nemesis-gumowe-podstawki-na-obrazenia\/\" \/>\n<meta property=\"og:locale\" content=\"en_GB\" \/>\n<meta property=\"og:type\" content=\"article\" \/>\n<meta property=\"og:title\" content=\"Nemesis gumowe podstawki na obra\u017cenia - PrintYourFun\" \/>\n<meta property=\"og:description\" content=\"Nemesis Gumowe podstawki na obra\u017cenia intruz\u00f3w. -Zabi\u0142e\u015b go ??? ZABI\u0141E\u015a ??? -Nie wiem, wpakowa\u0142em w niego ca\u0142y magazynek, a skubaniec i tak uciek\u0142\u2026. Tylko z naszymi gumowymi podstawkami na obra\u017cenia b\u0119dziecie pewni ile pestek wpakowali\u015bcie w nieproszonego go\u015bcia. W sk\u0142ad zestawu wchodz\u0105 podstawki na ka\u017cdego intruza z podstawowej wersji gry (Core Box) Podstawki: 1x Kr\u00f3lowa, [...]\" \/>\n<meta property=\"og:url\" content=\"https:\/\/printyourfun.eu\/en\/product\/nemesis-gumowe-podstawki-na-obrazenia\/\" \/>\n<meta property=\"og:site_name\" content=\"PrintYourFun\" \/>\n<meta property=\"article:publisher\" content=\"https:\/\/www.facebook.com\/Printyourfun\/\" \/>\n<meta property=\"article:modified_time\" content=\"2025-02-27T11:01:08+00:00\" \/>\n<meta property=\"og:image\" content=\"https:\/\/printyourfun.eu\/wp-content\/uploads\/2021\/12\/DSC_5871-scaled.jpg\" \/>\n\t<meta property=\"og:image:width\" content=\"2560\" \/>\n\t<meta property=\"og:image:height\" content=\"2560\" \/>\n\t<meta property=\"og:image:type\" content=\"image\/jpeg\" \/>\n<meta name=\"twitter:card\" content=\"summary_large_image\" \/>\n<meta name=\"twitter:label1\" content=\"Estimated reading time\" \/>\n\t<meta name=\"twitter:data1\" content=\"1 minute\" \/>\n<script type=\"application\/ld+json\" class=\"yoast-schema-graph\">{\"@context\":\"https:\/\/schema.org\",\"@graph\":[{\"@type\":\"WebPage\",\"@id\":\"https:\/\/printyourfun.eu\/product\/nemesis-gumowe-podstawki-na-obrazenia\/\",\"url\":\"https:\/\/printyourfun.eu\/product\/nemesis-gumowe-podstawki-na-obrazenia\/\",\"name\":\"Nemesis gumowe podstawki na obra\u017cenia - PrintYourFun\",\"isPartOf\":{\"@id\":\"https:\/\/printyourfun.eu\/#website\"},\"primaryImageOfPage\":{\"@id\":\"https:\/\/printyourfun.eu\/product\/nemesis-gumowe-podstawki-na-obrazenia\/#primaryimage\"},\"image\":{\"@id\":\"https:\/\/printyourfun.eu\/product\/nemesis-gumowe-podstawki-na-obrazenia\/#primaryimage\"},\"thumbnailUrl\":\"https:\/\/printyourfun.eu\/wp-content\/uploads\/2021\/12\/DSC_5871-scaled.jpg\",\"datePublished\":\"2021-12-05T20:58:11+00:00\",\"dateModified\":\"2025-02-27T11:01:08+00:00\",\"breadcrumb\":{\"@id\":\"https:\/\/printyourfun.eu\/product\/nemesis-gumowe-podstawki-na-obrazenia\/#breadcrumb\"},\"inLanguage\":\"en-GB\",\"potentialAction\":[{\"@type\":\"ReadAction\",\"target\":[\"https:\/\/printyourfun.eu\/product\/nemesis-gumowe-podstawki-na-obrazenia\/\"]}]},{\"@type\":\"ImageObject\",\"inLanguage\":\"en-GB\",\"@id\":\"https:\/\/printyourfun.eu\/product\/nemesis-gumowe-podstawki-na-obrazenia\/#primaryimage\",\"url\":\"https:\/\/printyourfun.eu\/wp-content\/uploads\/2021\/12\/DSC_5871-scaled.jpg\",\"contentUrl\":\"https:\/\/printyourfun.eu\/wp-content\/uploads\/2021\/12\/DSC_5871-scaled.jpg\",\"width\":2560,\"height\":2560},{\"@type\":\"BreadcrumbList\",\"@id\":\"https:\/\/printyourfun.eu\/product\/nemesis-gumowe-podstawki-na-obrazenia\/#breadcrumb\",\"itemListElement\":[{\"@type\":\"ListItem\",\"position\":1,\"name\":\"Home\",\"item\":\"https:\/\/printyourfun.eu\/\"},{\"@type\":\"ListItem\",\"position\":2,\"name\":\"Sklep\",\"item\":\"https:\/\/printyourfun.eu\/sklep\/\"},{\"@type\":\"ListItem\",\"position\":3,\"name\":\"Nemesis gumowe podstawki na obra\u017cenia\"}]},{\"@type\":\"WebSite\",\"@id\":\"https:\/\/printyourfun.eu\/#website\",\"url\":\"https:\/\/printyourfun.eu\/\",\"name\":\"PrintYourFun\",\"description\":\"Wydruki 3D\",\"potentialAction\":[{\"@type\":\"SearchAction\",\"target\":{\"@type\":\"EntryPoint\",\"urlTemplate\":\"https:\/\/printyourfun.eu\/?s={search_term_string}\"},\"query-input\":{\"@type\":\"PropertyValueSpecification\",\"valueRequired\":true,\"valueName\":\"search_term_string\"}}],\"inLanguage\":\"en-GB\"}]}<\/script>\n<!-- \/ Yoast SEO plugin. -->","yoast_head_json":{"title":"Nemesis gumowe podstawki na obra\u017cenia - PrintYourFun","robots":{"index":"index","follow":"follow","max-snippet":"max-snippet:-1","max-image-preview":"max-image-preview:large","max-video-preview":"max-video-preview:-1"},"canonical":"https:\/\/printyourfun.eu\/en\/product\/nemesis-gumowe-podstawki-na-obrazenia\/","og_locale":"en_GB","og_type":"article","og_title":"Nemesis gumowe podstawki na obra\u017cenia - PrintYourFun","og_description":"Nemesis Gumowe podstawki na obra\u017cenia intruz\u00f3w. -Zabi\u0142e\u015b go ??? ZABI\u0141E\u015a ??? -Nie wiem, wpakowa\u0142em w niego ca\u0142y magazynek, a skubaniec i tak uciek\u0142\u2026. Tylko z naszymi gumowymi podstawkami na obra\u017cenia b\u0119dziecie pewni ile pestek wpakowali\u015bcie w nieproszonego go\u015bcia. W sk\u0142ad zestawu wchodz\u0105 podstawki na ka\u017cdego intruza z podstawowej wersji gry (Core Box) Podstawki: 1x Kr\u00f3lowa, [...]","og_url":"https:\/\/printyourfun.eu\/en\/product\/nemesis-gumowe-podstawki-na-obrazenia\/","og_site_name":"PrintYourFun","article_publisher":"https:\/\/www.facebook.com\/Printyourfun\/","article_modified_time":"2025-02-27T11:01:08+00:00","og_image":[{"width":2560,"height":2560,"url":"https:\/\/printyourfun.eu\/wp-content\/uploads\/2021\/12\/DSC_5871-scaled.jpg","type":"image\/jpeg"}],"twitter_card":"summary_large_image","twitter_misc":{"Estimated reading time":"1 minute"},"schema":{"@context":"https:\/\/schema.org","@graph":[{"@type":"WebPage","@id":"https:\/\/printyourfun.eu\/product\/nemesis-gumowe-podstawki-na-obrazenia\/","url":"https:\/\/printyourfun.eu\/product\/nemesis-gumowe-podstawki-na-obrazenia\/","name":"Nemesis gumowe podstawki na obra\u017cenia - PrintYourFun","isPartOf":{"@id":"https:\/\/printyourfun.eu\/#website"},"primaryImageOfPage":{"@id":"https:\/\/printyourfun.eu\/product\/nemesis-gumowe-podstawki-na-obrazenia\/#primaryimage"},"image":{"@id":"https:\/\/printyourfun.eu\/product\/nemesis-gumowe-podstawki-na-obrazenia\/#primaryimage"},"thumbnailUrl":"https:\/\/printyourfun.eu\/wp-content\/uploads\/2021\/12\/DSC_5871-scaled.jpg","datePublished":"2021-12-05T20:58:11+00:00","dateModified":"2025-02-27T11:01:08+00:00","breadcrumb":{"@id":"https:\/\/printyourfun.eu\/product\/nemesis-gumowe-podstawki-na-obrazenia\/#breadcrumb"},"inLanguage":"en-GB","potentialAction":[{"@type":"ReadAction","target":["https:\/\/printyourfun.eu\/product\/nemesis-gumowe-podstawki-na-obrazenia\/"]}]},{"@type":"ImageObject","inLanguage":"en-GB","@id":"https:\/\/printyourfun.eu\/product\/nemesis-gumowe-podstawki-na-obrazenia\/#primaryimage","url":"https:\/\/printyourfun.eu\/wp-content\/uploads\/2021\/12\/DSC_5871-scaled.jpg","contentUrl":"https:\/\/printyourfun.eu\/wp-content\/uploads\/2021\/12\/DSC_5871-scaled.jpg","width":2560,"height":2560},{"@type":"BreadcrumbList","@id":"https:\/\/printyourfun.eu\/product\/nemesis-gumowe-podstawki-na-obrazenia\/#breadcrumb","itemListElement":[{"@type":"ListItem","position":1,"name":"Home","item":"https:\/\/printyourfun.eu\/"},{"@type":"ListItem","position":2,"name":"Sklep","item":"https:\/\/printyourfun.eu\/sklep\/"},{"@type":"ListItem","position":3,"name":"Nemesis gumowe podstawki na obra\u017cenia"}]},{"@type":"WebSite","@id":"https:\/\/printyourfun.eu\/#website","url":"https:\/\/printyourfun.eu\/","name":"PrintYourFun","description":"Wydruki 3D","potentialAction":[{"@type":"SearchAction","target":{"@type":"EntryPoint","urlTemplate":"https:\/\/printyourfun.eu\/?s={search_term_string}"},"query-input":{"@type":"PropertyValueSpecification","valueRequired":true,"valueName":"search_term_string"}}],"inLanguage":"en-GB"}]}},"_links":{"self":[{"href":"https:\/\/printyourfun.eu\/en\/wp-json\/wp\/v2\/product\/1914","targetHints":{"allow":["GET"]}}],"collection":[{"href":"https:\/\/printyourfun.eu\/en\/wp-json\/wp\/v2\/product"}],"about":[{"href":"https:\/\/printyourfun.eu\/en\/wp-json\/wp\/v2\/types\/product"}],"replies":[{"embeddable":true,"href":"https:\/\/printyourfun.eu\/en\/wp-json\/wp\/v2\/comments?post=1914"}],"wp:featuredmedia":[{"embeddable":true,"href":"https:\/\/printyourfun.eu\/en\/wp-json\/wp\/v2\/media\/1937"}],"wp:attachment":[{"href":"https:\/\/printyourfun.eu\/en\/wp-json\/wp\/v2\/media?parent=1914"}],"wp:term":[{"taxonomy":"product_brand","embeddable":true,"href":"https:\/\/printyourfun.eu\/en\/wp-json\/wp\/v2\/product_brand?post=1914"},{"taxonomy":"product_cat","embeddable":true,"href":"https:\/\/printyourfun.eu\/en\/wp-json\/wp\/v2\/product_cat?post=1914"},{"taxonomy":"product_tag","embeddable":true,"href":"https:\/\/printyourfun.eu\/en\/wp-json\/wp\/v2\/product_tag?post=1914"}],"curies":[{"name":"wp","href":"https:\/\/api.w.org\/{rel}","templated":true}]}}