{"id":1944,"date":"2021-12-06T21:56:15","date_gmt":"2021-12-06T20:56:15","guid":{"rendered":"https:\/\/printyourfun.eu\/?post_type=product&#038;p=1944"},"modified":"2025-02-27T12:00:39","modified_gmt":"2025-02-27T11:00:39","slug":"nemesis-gumowe-oslony-na-zetony-pomieszczen-aftermath","status":"publish","type":"product","link":"https:\/\/printyourfun.eu\/en\/product\/nemesis-gumowe-oslony-na-zetony-pomieszczen-aftermath\/","title":{"rendered":"Nemesis gumowe os\u0142ony na \u017cetony pomieszcze\u0144 + Aftermath"},"content":{"rendered":"<p style=\"text-align: left;\"><span style=\"color: #c66a26; font-size: 110%; border-left: 10px solid #c66a26; padding-left: 15px;\"><strong>Nemesis Gumowe os\u0142ony na \u017cetony pomieszcze\u0144 + Aftermath .<\/strong><\/span><\/p>\n<p>Komplet gumowych os\u0142on na kafle pomieszcze\u0144 24 szt (podstawowa wersja gry + Aftermath )<\/p>\n<p>Chroni\u0105 \u017cetony przed niszczeniem i wycieraniem, dzi\u0119ki gumowemu materia\u0142owi powstrzymuj\u0105 kafle przed \u015blizganiem si\u0119 po planszy.<\/p>\n<p><strong>WA\u017bNE!<\/strong><\/p>\n<p>Po zamontowaniu os\u0142on, pomieszczenia nie mieszcz\u0105 si\u0119 w oryginalnej wyprasce gry.<\/p>\n<p><img loading=\"lazy\" decoding=\"async\" class=\"aligncenter wp-image-1940 size-medium\" src=\"https:\/\/printyourfun.eu\/wp-content\/uploads\/2021\/12\/DSC_8291www-800x394.jpg\" alt=\"\" width=\"800\" height=\"394\" srcset=\"https:\/\/printyourfun.eu\/wp-content\/uploads\/2021\/12\/DSC_8291www-800x394.jpg 800w, https:\/\/printyourfun.eu\/wp-content\/uploads\/2021\/12\/DSC_8291www-1400x689.jpg 1400w, https:\/\/printyourfun.eu\/wp-content\/uploads\/2021\/12\/DSC_8291www-768x378.jpg 768w, https:\/\/printyourfun.eu\/wp-content\/uploads\/2021\/12\/DSC_8291www-1536x756.jpg 1536w, https:\/\/printyourfun.eu\/wp-content\/uploads\/2021\/12\/DSC_8291www-18x9.jpg 18w, https:\/\/printyourfun.eu\/wp-content\/uploads\/2021\/12\/DSC_8291www-600x295.jpg 600w, https:\/\/printyourfun.eu\/wp-content\/uploads\/2021\/12\/DSC_8291www.jpg 1900w\" sizes=\"auto, (max-width: 800px) 100vw, 800px\" \/><\/p>\n<p>&nbsp;<\/p>\n<p>Materia\u0142 : TPU &#8211; guma, trwa\u0142y i wytrzyma\u0142y.<\/p>\n<p>PRODUKT NIE ZAWIERA GRY PLANSZOWEJ I JEJ ELEMENT\u00d3W.<\/p>\n<h6><\/h6>","protected":false},"excerpt":{"rendered":"<p>Nemesis Gumowe os\u0142ony na \u017cetony pomieszcze\u0144 + Aftermath . Komplet gumowych os\u0142on na kafle pomieszcze\u0144 24 szt (podstawowa wersja gry + Aftermath ) Chroni\u0105 \u017cetony przed niszczeniem i wycieraniem, dzi\u0119ki gumowemu materia\u0142owi powstrzymuj\u0105 kafle przed \u015blizganiem si\u0119 po planszy. WA\u017bNE! Po zamontowaniu os\u0142on, pomieszczenia nie mieszcz\u0105 si\u0119 w oryginalnej wyprasce gry. &nbsp; Materia\u0142 : TPU [&#8230;]","protected":false},"featured_media":1943,"comment_status":"open","ping_status":"closed","template":"","meta":{"_acf_changed":false},"product_brand":[],"product_cat":[70,79],"product_tag":[178,173,164,165,174,176,177,175],"class_list":{"0":"post-1944","1":"product","2":"type-product","3":"status-publish","4":"has-post-thumbnail","6":"product_cat-akcesoria-do-gier","7":"product_cat-oslony-na-zetony","8":"product_tag-aftermath","9":"product_tag-gumowe","10":"product_tag-nemesis","11":"product_tag-nemesis-board-game","12":"product_tag-oslony","13":"product_tag-pomieszczen","14":"product_tag-pomieszczenia","15":"product_tag-protektory","17":"first","18":"instock","19":"shipping-taxable","20":"purchasable","21":"product-type-simple"},"acf":[],"yoast_head":"<!-- This site is optimized with the Yoast SEO plugin v24.8.1 - https:\/\/yoast.com\/wordpress\/plugins\/seo\/ -->\n<title>Nemesis gumowe os\u0142ony na \u017cetony pomieszcze\u0144 + Aftermath - PrintYourFun<\/title>\n<meta name=\"robots\" content=\"index, follow, max-snippet:-1, max-image-preview:large, max-video-preview:-1\" \/>\n<link rel=\"canonical\" href=\"https:\/\/printyourfun.eu\/en\/product\/nemesis-gumowe-oslony-na-zetony-pomieszczen-aftermath\/\" \/>\n<meta property=\"og:locale\" content=\"en_GB\" \/>\n<meta property=\"og:type\" content=\"article\" \/>\n<meta property=\"og:title\" content=\"Nemesis gumowe os\u0142ony na \u017cetony pomieszcze\u0144 + Aftermath - PrintYourFun\" \/>\n<meta property=\"og:description\" content=\"Nemesis Gumowe os\u0142ony na \u017cetony pomieszcze\u0144 + Aftermath . Komplet gumowych os\u0142on na kafle pomieszcze\u0144 24 szt (podstawowa wersja gry + Aftermath ) Chroni\u0105 \u017cetony przed niszczeniem i wycieraniem, dzi\u0119ki gumowemu materia\u0142owi powstrzymuj\u0105 kafle przed \u015blizganiem si\u0119 po planszy. WA\u017bNE! Po zamontowaniu os\u0142on, pomieszczenia nie mieszcz\u0105 si\u0119 w oryginalnej wyprasce gry. &nbsp; Materia\u0142 : TPU [...]\" \/>\n<meta property=\"og:url\" content=\"https:\/\/printyourfun.eu\/en\/product\/nemesis-gumowe-oslony-na-zetony-pomieszczen-aftermath\/\" \/>\n<meta property=\"og:site_name\" content=\"PrintYourFun\" \/>\n<meta property=\"article:publisher\" content=\"https:\/\/www.facebook.com\/Printyourfun\/\" \/>\n<meta property=\"article:modified_time\" content=\"2025-02-27T11:00:39+00:00\" \/>\n<meta property=\"og:image\" content=\"https:\/\/printyourfun.eu\/wp-content\/uploads\/2021\/12\/DSC_8293.jpg\" \/>\n\t<meta property=\"og:image:width\" content=\"1655\" \/>\n\t<meta property=\"og:image:height\" content=\"1655\" \/>\n\t<meta property=\"og:image:type\" content=\"image\/jpeg\" \/>\n<meta name=\"twitter:card\" content=\"summary_large_image\" \/>\n<meta name=\"twitter:label1\" content=\"Estimated reading time\" \/>\n\t<meta name=\"twitter:data1\" content=\"1 minute\" \/>\n<script type=\"application\/ld+json\" class=\"yoast-schema-graph\">{\"@context\":\"https:\/\/schema.org\",\"@graph\":[{\"@type\":\"WebPage\",\"@id\":\"https:\/\/printyourfun.eu\/product\/nemesis-gumowe-oslony-na-zetony-pomieszczen-aftermath\/\",\"url\":\"https:\/\/printyourfun.eu\/product\/nemesis-gumowe-oslony-na-zetony-pomieszczen-aftermath\/\",\"name\":\"Nemesis gumowe os\u0142ony na \u017cetony pomieszcze\u0144 + Aftermath - PrintYourFun\",\"isPartOf\":{\"@id\":\"https:\/\/printyourfun.eu\/#website\"},\"primaryImageOfPage\":{\"@id\":\"https:\/\/printyourfun.eu\/product\/nemesis-gumowe-oslony-na-zetony-pomieszczen-aftermath\/#primaryimage\"},\"image\":{\"@id\":\"https:\/\/printyourfun.eu\/product\/nemesis-gumowe-oslony-na-zetony-pomieszczen-aftermath\/#primaryimage\"},\"thumbnailUrl\":\"https:\/\/printyourfun.eu\/wp-content\/uploads\/2021\/12\/DSC_8293.jpg\",\"datePublished\":\"2021-12-06T20:56:15+00:00\",\"dateModified\":\"2025-02-27T11:00:39+00:00\",\"breadcrumb\":{\"@id\":\"https:\/\/printyourfun.eu\/product\/nemesis-gumowe-oslony-na-zetony-pomieszczen-aftermath\/#breadcrumb\"},\"inLanguage\":\"en-GB\",\"potentialAction\":[{\"@type\":\"ReadAction\",\"target\":[\"https:\/\/printyourfun.eu\/product\/nemesis-gumowe-oslony-na-zetony-pomieszczen-aftermath\/\"]}]},{\"@type\":\"ImageObject\",\"inLanguage\":\"en-GB\",\"@id\":\"https:\/\/printyourfun.eu\/product\/nemesis-gumowe-oslony-na-zetony-pomieszczen-aftermath\/#primaryimage\",\"url\":\"https:\/\/printyourfun.eu\/wp-content\/uploads\/2021\/12\/DSC_8293.jpg\",\"contentUrl\":\"https:\/\/printyourfun.eu\/wp-content\/uploads\/2021\/12\/DSC_8293.jpg\",\"width\":1655,\"height\":1655},{\"@type\":\"BreadcrumbList\",\"@id\":\"https:\/\/printyourfun.eu\/product\/nemesis-gumowe-oslony-na-zetony-pomieszczen-aftermath\/#breadcrumb\",\"itemListElement\":[{\"@type\":\"ListItem\",\"position\":1,\"name\":\"Home\",\"item\":\"https:\/\/printyourfun.eu\/\"},{\"@type\":\"ListItem\",\"position\":2,\"name\":\"Sklep\",\"item\":\"https:\/\/printyourfun.eu\/sklep\/\"},{\"@type\":\"ListItem\",\"position\":3,\"name\":\"Nemesis gumowe os\u0142ony na \u017cetony pomieszcze\u0144 + Aftermath\"}]},{\"@type\":\"WebSite\",\"@id\":\"https:\/\/printyourfun.eu\/#website\",\"url\":\"https:\/\/printyourfun.eu\/\",\"name\":\"PrintYourFun\",\"description\":\"Wydruki 3D\",\"potentialAction\":[{\"@type\":\"SearchAction\",\"target\":{\"@type\":\"EntryPoint\",\"urlTemplate\":\"https:\/\/printyourfun.eu\/?s={search_term_string}\"},\"query-input\":{\"@type\":\"PropertyValueSpecification\",\"valueRequired\":true,\"valueName\":\"search_term_string\"}}],\"inLanguage\":\"en-GB\"}]}<\/script>\n<!-- \/ Yoast SEO plugin. -->","yoast_head_json":{"title":"Nemesis gumowe os\u0142ony na \u017cetony pomieszcze\u0144 + Aftermath - PrintYourFun","robots":{"index":"index","follow":"follow","max-snippet":"max-snippet:-1","max-image-preview":"max-image-preview:large","max-video-preview":"max-video-preview:-1"},"canonical":"https:\/\/printyourfun.eu\/en\/product\/nemesis-gumowe-oslony-na-zetony-pomieszczen-aftermath\/","og_locale":"en_GB","og_type":"article","og_title":"Nemesis gumowe os\u0142ony na \u017cetony pomieszcze\u0144 + Aftermath - PrintYourFun","og_description":"Nemesis Gumowe os\u0142ony na \u017cetony pomieszcze\u0144 + Aftermath . Komplet gumowych os\u0142on na kafle pomieszcze\u0144 24 szt (podstawowa wersja gry + Aftermath ) Chroni\u0105 \u017cetony przed niszczeniem i wycieraniem, dzi\u0119ki gumowemu materia\u0142owi powstrzymuj\u0105 kafle przed \u015blizganiem si\u0119 po planszy. WA\u017bNE! Po zamontowaniu os\u0142on, pomieszczenia nie mieszcz\u0105 si\u0119 w oryginalnej wyprasce gry. &nbsp; Materia\u0142 : TPU [...]","og_url":"https:\/\/printyourfun.eu\/en\/product\/nemesis-gumowe-oslony-na-zetony-pomieszczen-aftermath\/","og_site_name":"PrintYourFun","article_publisher":"https:\/\/www.facebook.com\/Printyourfun\/","article_modified_time":"2025-02-27T11:00:39+00:00","og_image":[{"width":1655,"height":1655,"url":"https:\/\/printyourfun.eu\/wp-content\/uploads\/2021\/12\/DSC_8293.jpg","type":"image\/jpeg"}],"twitter_card":"summary_large_image","twitter_misc":{"Estimated reading time":"1 minute"},"schema":{"@context":"https:\/\/schema.org","@graph":[{"@type":"WebPage","@id":"https:\/\/printyourfun.eu\/product\/nemesis-gumowe-oslony-na-zetony-pomieszczen-aftermath\/","url":"https:\/\/printyourfun.eu\/product\/nemesis-gumowe-oslony-na-zetony-pomieszczen-aftermath\/","name":"Nemesis gumowe os\u0142ony na \u017cetony pomieszcze\u0144 + Aftermath - PrintYourFun","isPartOf":{"@id":"https:\/\/printyourfun.eu\/#website"},"primaryImageOfPage":{"@id":"https:\/\/printyourfun.eu\/product\/nemesis-gumowe-oslony-na-zetony-pomieszczen-aftermath\/#primaryimage"},"image":{"@id":"https:\/\/printyourfun.eu\/product\/nemesis-gumowe-oslony-na-zetony-pomieszczen-aftermath\/#primaryimage"},"thumbnailUrl":"https:\/\/printyourfun.eu\/wp-content\/uploads\/2021\/12\/DSC_8293.jpg","datePublished":"2021-12-06T20:56:15+00:00","dateModified":"2025-02-27T11:00:39+00:00","breadcrumb":{"@id":"https:\/\/printyourfun.eu\/product\/nemesis-gumowe-oslony-na-zetony-pomieszczen-aftermath\/#breadcrumb"},"inLanguage":"en-GB","potentialAction":[{"@type":"ReadAction","target":["https:\/\/printyourfun.eu\/product\/nemesis-gumowe-oslony-na-zetony-pomieszczen-aftermath\/"]}]},{"@type":"ImageObject","inLanguage":"en-GB","@id":"https:\/\/printyourfun.eu\/product\/nemesis-gumowe-oslony-na-zetony-pomieszczen-aftermath\/#primaryimage","url":"https:\/\/printyourfun.eu\/wp-content\/uploads\/2021\/12\/DSC_8293.jpg","contentUrl":"https:\/\/printyourfun.eu\/wp-content\/uploads\/2021\/12\/DSC_8293.jpg","width":1655,"height":1655},{"@type":"BreadcrumbList","@id":"https:\/\/printyourfun.eu\/product\/nemesis-gumowe-oslony-na-zetony-pomieszczen-aftermath\/#breadcrumb","itemListElement":[{"@type":"ListItem","position":1,"name":"Home","item":"https:\/\/printyourfun.eu\/"},{"@type":"ListItem","position":2,"name":"Sklep","item":"https:\/\/printyourfun.eu\/sklep\/"},{"@type":"ListItem","position":3,"name":"Nemesis gumowe os\u0142ony na \u017cetony pomieszcze\u0144 + Aftermath"}]},{"@type":"WebSite","@id":"https:\/\/printyourfun.eu\/#website","url":"https:\/\/printyourfun.eu\/","name":"PrintYourFun","description":"Wydruki 3D","potentialAction":[{"@type":"SearchAction","target":{"@type":"EntryPoint","urlTemplate":"https:\/\/printyourfun.eu\/?s={search_term_string}"},"query-input":{"@type":"PropertyValueSpecification","valueRequired":true,"valueName":"search_term_string"}}],"inLanguage":"en-GB"}]}},"_links":{"self":[{"href":"https:\/\/printyourfun.eu\/en\/wp-json\/wp\/v2\/product\/1944","targetHints":{"allow":["GET"]}}],"collection":[{"href":"https:\/\/printyourfun.eu\/en\/wp-json\/wp\/v2\/product"}],"about":[{"href":"https:\/\/printyourfun.eu\/en\/wp-json\/wp\/v2\/types\/product"}],"replies":[{"embeddable":true,"href":"https:\/\/printyourfun.eu\/en\/wp-json\/wp\/v2\/comments?post=1944"}],"wp:featuredmedia":[{"embeddable":true,"href":"https:\/\/printyourfun.eu\/en\/wp-json\/wp\/v2\/media\/1943"}],"wp:attachment":[{"href":"https:\/\/printyourfun.eu\/en\/wp-json\/wp\/v2\/media?parent=1944"}],"wp:term":[{"taxonomy":"product_brand","embeddable":true,"href":"https:\/\/printyourfun.eu\/en\/wp-json\/wp\/v2\/product_brand?post=1944"},{"taxonomy":"product_cat","embeddable":true,"href":"https:\/\/printyourfun.eu\/en\/wp-json\/wp\/v2\/product_cat?post=1944"},{"taxonomy":"product_tag","embeddable":true,"href":"https:\/\/printyourfun.eu\/en\/wp-json\/wp\/v2\/product_tag?post=1944"}],"curies":[{"name":"wp","href":"https:\/\/api.w.org\/{rel}","templated":true}]}}