{"id":1954,"date":"2021-12-07T21:32:11","date_gmt":"2021-12-07T20:32:11","guid":{"rendered":"https:\/\/printyourfun.eu\/?post_type=product&#038;p=1954"},"modified":"2025-02-27T12:00:38","modified_gmt":"2025-02-27T11:00:38","slug":"nemesis-gumowe-oslony-na-zetony-karnomorfy","status":"publish","type":"product","link":"https:\/\/printyourfun.eu\/en\/product\/nemesis-gumowe-oslony-na-zetony-karnomorfy\/","title":{"rendered":"Nemesis gumowe os\u0142ony na \u017cetony Karnomorfy"},"content":{"rendered":"<p style=\"text-align: left;\"><span style=\"color: #c66a26; font-size: 110%; border-left: 10px solid #c66a26; padding-left: 15px;\"><strong>Nemesis gumowe os\u0142ony na \u017cetony Karnomorfy 11 szt.<\/strong><\/span><\/p>\n<p>Komplet gumowych\u00a0 os\u0142on na \u017cetony Karnomorf\u00f3w.<\/p>\n<p>\u017betony w os\u0142onkach mieszcz\u0105 si\u0119 do oryginalnej wypraski.<\/p>\n<p>Chroni\u0105 \u017cetony przed niszczeniem i wycieraniem, dzi\u0119ki gumowemu materia\u0142owi u\u0142atwiaj\u0105 losowanie z woreczka.<\/p>\n<p><img loading=\"lazy\" decoding=\"async\" class=\"aligncenter wp-image-1950 size-medium\" src=\"https:\/\/printyourfun.eu\/wp-content\/uploads\/2021\/12\/alien4-800x306.jpg\" alt=\"\" width=\"800\" height=\"306\" srcset=\"https:\/\/printyourfun.eu\/wp-content\/uploads\/2021\/12\/alien4-800x306.jpg 800w, https:\/\/printyourfun.eu\/wp-content\/uploads\/2021\/12\/alien4-1400x536.jpg 1400w, https:\/\/printyourfun.eu\/wp-content\/uploads\/2021\/12\/alien4-768x294.jpg 768w, https:\/\/printyourfun.eu\/wp-content\/uploads\/2021\/12\/alien4-1536x588.jpg 1536w, https:\/\/printyourfun.eu\/wp-content\/uploads\/2021\/12\/alien4-2048x784.jpg 2048w, https:\/\/printyourfun.eu\/wp-content\/uploads\/2021\/12\/alien4-18x7.jpg 18w, https:\/\/printyourfun.eu\/wp-content\/uploads\/2021\/12\/alien4-600x230.jpg 600w\" sizes=\"auto, (max-width: 800px) 100vw, 800px\" \/><\/p>\n<p>&nbsp;<\/p>\n<p>Materia\u0142 : TPU &#8211; guma, trwa\u0142y i wytrzyma\u0142y.<\/p>\n<p>PRODUKT NIE ZAWIERA GRY PLANSZOWEJ I JEJ ELEMENT\u00d3W.<\/p>\n<h6><\/h6>","protected":false},"excerpt":{"rendered":"<p>Nemesis gumowe os\u0142ony na \u017cetony Karnomorfy 11 szt. Komplet gumowych\u00a0 os\u0142on na \u017cetony Karnomorf\u00f3w. \u017betony w os\u0142onkach mieszcz\u0105 si\u0119 do oryginalnej wypraski. Chroni\u0105 \u017cetony przed niszczeniem i wycieraniem, dzi\u0119ki gumowemu materia\u0142owi u\u0142atwiaj\u0105 losowanie z woreczka. &nbsp; Materia\u0142 : TPU &#8211; guma, trwa\u0142y i wytrzyma\u0142y. PRODUKT NIE ZAWIERA GRY PLANSZOWEJ I JEJ ELEMENT\u00d3W.<\/p>","protected":false},"featured_media":1955,"comment_status":"open","ping_status":"closed","template":"","meta":{"_acf_changed":false},"product_brand":[],"product_cat":[70,79],"product_tag":[181,173,170,169,180,164,165,174,175],"class_list":{"0":"post-1954","1":"product","2":"type-product","3":"status-publish","4":"has-post-thumbnail","6":"product_cat-akcesoria-do-gier","7":"product_cat-oslony-na-zetony","8":"product_tag-carnomorph","9":"product_tag-gumowe","10":"product_tag-intruz","11":"product_tag-intruzow","12":"product_tag-karnomorfy","13":"product_tag-nemesis","14":"product_tag-nemesis-board-game","15":"product_tag-oslony","16":"product_tag-protektory","18":"first","19":"instock","20":"shipping-taxable","21":"purchasable","22":"product-type-simple"},"acf":[],"yoast_head":"<!-- This site is optimized with the Yoast SEO plugin v24.8.1 - https:\/\/yoast.com\/wordpress\/plugins\/seo\/ -->\n<title>Nemesis gumowe os\u0142ony na \u017cetony Karnomorfy - PrintYourFun<\/title>\n<meta name=\"robots\" content=\"index, follow, max-snippet:-1, max-image-preview:large, max-video-preview:-1\" \/>\n<link rel=\"canonical\" href=\"https:\/\/printyourfun.eu\/en\/product\/nemesis-gumowe-oslony-na-zetony-karnomorfy\/\" \/>\n<meta property=\"og:locale\" content=\"en_GB\" \/>\n<meta property=\"og:type\" content=\"article\" \/>\n<meta property=\"og:title\" content=\"Nemesis gumowe os\u0142ony na \u017cetony Karnomorfy - PrintYourFun\" \/>\n<meta property=\"og:description\" content=\"Nemesis gumowe os\u0142ony na \u017cetony Karnomorfy 11 szt. Komplet gumowych\u00a0 os\u0142on na \u017cetony Karnomorf\u00f3w. \u017betony w os\u0142onkach mieszcz\u0105 si\u0119 do oryginalnej wypraski. Chroni\u0105 \u017cetony przed niszczeniem i wycieraniem, dzi\u0119ki gumowemu materia\u0142owi u\u0142atwiaj\u0105 losowanie z woreczka. &nbsp; Materia\u0142 : TPU &#8211; guma, trwa\u0142y i wytrzyma\u0142y. PRODUKT NIE ZAWIERA GRY PLANSZOWEJ I JEJ ELEMENT\u00d3W.\" \/>\n<meta property=\"og:url\" content=\"https:\/\/printyourfun.eu\/en\/product\/nemesis-gumowe-oslony-na-zetony-karnomorfy\/\" \/>\n<meta property=\"og:site_name\" content=\"PrintYourFun\" \/>\n<meta property=\"article:publisher\" content=\"https:\/\/www.facebook.com\/Printyourfun\/\" \/>\n<meta property=\"article:modified_time\" content=\"2025-02-27T11:00:38+00:00\" \/>\n<meta property=\"og:image\" content=\"https:\/\/printyourfun.eu\/wp-content\/uploads\/2021\/12\/DSC_8317.jpg\" \/>\n\t<meta property=\"og:image:width\" content=\"1748\" \/>\n\t<meta property=\"og:image:height\" content=\"1748\" \/>\n\t<meta property=\"og:image:type\" content=\"image\/jpeg\" \/>\n<meta name=\"twitter:card\" content=\"summary_large_image\" \/>\n<script type=\"application\/ld+json\" class=\"yoast-schema-graph\">{\"@context\":\"https:\/\/schema.org\",\"@graph\":[{\"@type\":\"WebPage\",\"@id\":\"https:\/\/printyourfun.eu\/product\/nemesis-gumowe-oslony-na-zetony-karnomorfy\/\",\"url\":\"https:\/\/printyourfun.eu\/product\/nemesis-gumowe-oslony-na-zetony-karnomorfy\/\",\"name\":\"Nemesis gumowe os\u0142ony na \u017cetony Karnomorfy - PrintYourFun\",\"isPartOf\":{\"@id\":\"https:\/\/printyourfun.eu\/#website\"},\"primaryImageOfPage\":{\"@id\":\"https:\/\/printyourfun.eu\/product\/nemesis-gumowe-oslony-na-zetony-karnomorfy\/#primaryimage\"},\"image\":{\"@id\":\"https:\/\/printyourfun.eu\/product\/nemesis-gumowe-oslony-na-zetony-karnomorfy\/#primaryimage\"},\"thumbnailUrl\":\"https:\/\/printyourfun.eu\/wp-content\/uploads\/2021\/12\/DSC_8317.jpg\",\"datePublished\":\"2021-12-07T20:32:11+00:00\",\"dateModified\":\"2025-02-27T11:00:38+00:00\",\"breadcrumb\":{\"@id\":\"https:\/\/printyourfun.eu\/product\/nemesis-gumowe-oslony-na-zetony-karnomorfy\/#breadcrumb\"},\"inLanguage\":\"en-GB\",\"potentialAction\":[{\"@type\":\"ReadAction\",\"target\":[\"https:\/\/printyourfun.eu\/product\/nemesis-gumowe-oslony-na-zetony-karnomorfy\/\"]}]},{\"@type\":\"ImageObject\",\"inLanguage\":\"en-GB\",\"@id\":\"https:\/\/printyourfun.eu\/product\/nemesis-gumowe-oslony-na-zetony-karnomorfy\/#primaryimage\",\"url\":\"https:\/\/printyourfun.eu\/wp-content\/uploads\/2021\/12\/DSC_8317.jpg\",\"contentUrl\":\"https:\/\/printyourfun.eu\/wp-content\/uploads\/2021\/12\/DSC_8317.jpg\",\"width\":1748,\"height\":1748},{\"@type\":\"BreadcrumbList\",\"@id\":\"https:\/\/printyourfun.eu\/product\/nemesis-gumowe-oslony-na-zetony-karnomorfy\/#breadcrumb\",\"itemListElement\":[{\"@type\":\"ListItem\",\"position\":1,\"name\":\"Home\",\"item\":\"https:\/\/printyourfun.eu\/\"},{\"@type\":\"ListItem\",\"position\":2,\"name\":\"Sklep\",\"item\":\"https:\/\/printyourfun.eu\/sklep\/\"},{\"@type\":\"ListItem\",\"position\":3,\"name\":\"Nemesis gumowe os\u0142ony na \u017cetony Karnomorfy\"}]},{\"@type\":\"WebSite\",\"@id\":\"https:\/\/printyourfun.eu\/#website\",\"url\":\"https:\/\/printyourfun.eu\/\",\"name\":\"PrintYourFun\",\"description\":\"Wydruki 3D\",\"potentialAction\":[{\"@type\":\"SearchAction\",\"target\":{\"@type\":\"EntryPoint\",\"urlTemplate\":\"https:\/\/printyourfun.eu\/?s={search_term_string}\"},\"query-input\":{\"@type\":\"PropertyValueSpecification\",\"valueRequired\":true,\"valueName\":\"search_term_string\"}}],\"inLanguage\":\"en-GB\"}]}<\/script>\n<!-- \/ Yoast SEO plugin. -->","yoast_head_json":{"title":"Nemesis gumowe os\u0142ony na \u017cetony Karnomorfy - PrintYourFun","robots":{"index":"index","follow":"follow","max-snippet":"max-snippet:-1","max-image-preview":"max-image-preview:large","max-video-preview":"max-video-preview:-1"},"canonical":"https:\/\/printyourfun.eu\/en\/product\/nemesis-gumowe-oslony-na-zetony-karnomorfy\/","og_locale":"en_GB","og_type":"article","og_title":"Nemesis gumowe os\u0142ony na \u017cetony Karnomorfy - PrintYourFun","og_description":"Nemesis gumowe os\u0142ony na \u017cetony Karnomorfy 11 szt. Komplet gumowych\u00a0 os\u0142on na \u017cetony Karnomorf\u00f3w. \u017betony w os\u0142onkach mieszcz\u0105 si\u0119 do oryginalnej wypraski. Chroni\u0105 \u017cetony przed niszczeniem i wycieraniem, dzi\u0119ki gumowemu materia\u0142owi u\u0142atwiaj\u0105 losowanie z woreczka. &nbsp; Materia\u0142 : TPU &#8211; guma, trwa\u0142y i wytrzyma\u0142y. PRODUKT NIE ZAWIERA GRY PLANSZOWEJ I JEJ ELEMENT\u00d3W.","og_url":"https:\/\/printyourfun.eu\/en\/product\/nemesis-gumowe-oslony-na-zetony-karnomorfy\/","og_site_name":"PrintYourFun","article_publisher":"https:\/\/www.facebook.com\/Printyourfun\/","article_modified_time":"2025-02-27T11:00:38+00:00","og_image":[{"width":1748,"height":1748,"url":"https:\/\/printyourfun.eu\/wp-content\/uploads\/2021\/12\/DSC_8317.jpg","type":"image\/jpeg"}],"twitter_card":"summary_large_image","schema":{"@context":"https:\/\/schema.org","@graph":[{"@type":"WebPage","@id":"https:\/\/printyourfun.eu\/product\/nemesis-gumowe-oslony-na-zetony-karnomorfy\/","url":"https:\/\/printyourfun.eu\/product\/nemesis-gumowe-oslony-na-zetony-karnomorfy\/","name":"Nemesis gumowe os\u0142ony na \u017cetony Karnomorfy - PrintYourFun","isPartOf":{"@id":"https:\/\/printyourfun.eu\/#website"},"primaryImageOfPage":{"@id":"https:\/\/printyourfun.eu\/product\/nemesis-gumowe-oslony-na-zetony-karnomorfy\/#primaryimage"},"image":{"@id":"https:\/\/printyourfun.eu\/product\/nemesis-gumowe-oslony-na-zetony-karnomorfy\/#primaryimage"},"thumbnailUrl":"https:\/\/printyourfun.eu\/wp-content\/uploads\/2021\/12\/DSC_8317.jpg","datePublished":"2021-12-07T20:32:11+00:00","dateModified":"2025-02-27T11:00:38+00:00","breadcrumb":{"@id":"https:\/\/printyourfun.eu\/product\/nemesis-gumowe-oslony-na-zetony-karnomorfy\/#breadcrumb"},"inLanguage":"en-GB","potentialAction":[{"@type":"ReadAction","target":["https:\/\/printyourfun.eu\/product\/nemesis-gumowe-oslony-na-zetony-karnomorfy\/"]}]},{"@type":"ImageObject","inLanguage":"en-GB","@id":"https:\/\/printyourfun.eu\/product\/nemesis-gumowe-oslony-na-zetony-karnomorfy\/#primaryimage","url":"https:\/\/printyourfun.eu\/wp-content\/uploads\/2021\/12\/DSC_8317.jpg","contentUrl":"https:\/\/printyourfun.eu\/wp-content\/uploads\/2021\/12\/DSC_8317.jpg","width":1748,"height":1748},{"@type":"BreadcrumbList","@id":"https:\/\/printyourfun.eu\/product\/nemesis-gumowe-oslony-na-zetony-karnomorfy\/#breadcrumb","itemListElement":[{"@type":"ListItem","position":1,"name":"Home","item":"https:\/\/printyourfun.eu\/"},{"@type":"ListItem","position":2,"name":"Sklep","item":"https:\/\/printyourfun.eu\/sklep\/"},{"@type":"ListItem","position":3,"name":"Nemesis gumowe os\u0142ony na \u017cetony Karnomorfy"}]},{"@type":"WebSite","@id":"https:\/\/printyourfun.eu\/#website","url":"https:\/\/printyourfun.eu\/","name":"PrintYourFun","description":"Wydruki 3D","potentialAction":[{"@type":"SearchAction","target":{"@type":"EntryPoint","urlTemplate":"https:\/\/printyourfun.eu\/?s={search_term_string}"},"query-input":{"@type":"PropertyValueSpecification","valueRequired":true,"valueName":"search_term_string"}}],"inLanguage":"en-GB"}]}},"_links":{"self":[{"href":"https:\/\/printyourfun.eu\/en\/wp-json\/wp\/v2\/product\/1954","targetHints":{"allow":["GET"]}}],"collection":[{"href":"https:\/\/printyourfun.eu\/en\/wp-json\/wp\/v2\/product"}],"about":[{"href":"https:\/\/printyourfun.eu\/en\/wp-json\/wp\/v2\/types\/product"}],"replies":[{"embeddable":true,"href":"https:\/\/printyourfun.eu\/en\/wp-json\/wp\/v2\/comments?post=1954"}],"wp:featuredmedia":[{"embeddable":true,"href":"https:\/\/printyourfun.eu\/en\/wp-json\/wp\/v2\/media\/1955"}],"wp:attachment":[{"href":"https:\/\/printyourfun.eu\/en\/wp-json\/wp\/v2\/media?parent=1954"}],"wp:term":[{"taxonomy":"product_brand","embeddable":true,"href":"https:\/\/printyourfun.eu\/en\/wp-json\/wp\/v2\/product_brand?post=1954"},{"taxonomy":"product_cat","embeddable":true,"href":"https:\/\/printyourfun.eu\/en\/wp-json\/wp\/v2\/product_cat?post=1954"},{"taxonomy":"product_tag","embeddable":true,"href":"https:\/\/printyourfun.eu\/en\/wp-json\/wp\/v2\/product_tag?post=1954"}],"curies":[{"name":"wp","href":"https:\/\/api.w.org\/{rel}","templated":true}]}}