{"id":2026,"date":"2021-12-12T10:36:45","date_gmt":"2021-12-12T09:36:45","guid":{"rendered":"https:\/\/printyourfun.eu\/?post_type=product&#038;p=2026"},"modified":"2025-09-23T12:42:12","modified_gmt":"2025-09-23T10:42:12","slug":"nemesis-komplet-figurek-komputerow-terminali","status":"publish","type":"product","link":"https:\/\/printyourfun.eu\/en\/product\/nemesis-komplet-figurek-komputerow-terminali\/","title":{"rendered":"Nemesis komplet 8szt figurek komputer\u00f3w, terminali"},"content":{"rendered":"<p style=\"text-align: left;\"><span style=\"color: #c66a26; font-size: 110%; border-left: 10px solid #c66a26; padding-left: 15px;\"><strong>Nemesis\u00a0komplet figurek komputer\u00f3w, terminali.<\/strong><\/span><\/p>\n<p>Idealnie zwi\u0119kszaj\u0105 widoczno\u015b\u0107 pomieszcze\u0144 z komputerem, idealne zw\u0142aszcza przy du\u017cym stole i grze na wi\u0119ksz\u0105 ilo\u015b\u0107 graczy.<\/p>\n<p>Dost\u0119pny w trzech opcjach<\/p>\n<p>Set 1 z 6 sztukami do Lockdown<br \/>\nSet 2 z 7 sztukami do Podstawowej wersji Core<br \/>\nSet 3 z 8 sztukami do Core i Aftermath<\/p>\n<p>Set 4 z 10 sztukami do Retaliation<\/p>\n<p>Nemesis komplet\u00a0 komputer\u00f3w do oznaczania pomieszcze\u0144 kt\u00f3re\u00a0 zawieraj\u0105 komputer.<\/p>\n<p>&nbsp;<\/p>\n<p><img loading=\"lazy\" decoding=\"async\" class=\"aligncenter size-medium wp-image-2027\" src=\"https:\/\/printyourfun.eu\/wp-content\/uploads\/2021\/12\/DSC_9059-8-szt-664x400.jpg\" alt=\"\" width=\"664\" height=\"400\" srcset=\"https:\/\/printyourfun.eu\/wp-content\/uploads\/2021\/12\/DSC_9059-8-szt-664x400.jpg 664w, https:\/\/printyourfun.eu\/wp-content\/uploads\/2021\/12\/DSC_9059-8-szt-1328x800.jpg 1328w, https:\/\/printyourfun.eu\/wp-content\/uploads\/2021\/12\/DSC_9059-8-szt-768x463.jpg 768w, https:\/\/printyourfun.eu\/wp-content\/uploads\/2021\/12\/DSC_9059-8-szt-1536x925.jpg 1536w, https:\/\/printyourfun.eu\/wp-content\/uploads\/2021\/12\/DSC_9059-8-szt-18x12.jpg 18w, https:\/\/printyourfun.eu\/wp-content\/uploads\/2021\/12\/DSC_9059-8-szt-600x362.jpg 600w, https:\/\/printyourfun.eu\/wp-content\/uploads\/2021\/12\/DSC_9059-8-szt.jpg 2000w\" sizes=\"auto, (max-width: 664px) 100vw, 664px\" \/>Nemesi<\/p>\n<p>Materia\u0142 : \u017cywica<\/p>\n<p>PRODUKT NIE ZAWIERA GRY PLANSZOWEJ I JEJ ELEMENT\u00d3W.<\/p>\n<h6><\/h6>","protected":false},"excerpt":{"rendered":"<p>Nemesis\u00a0komplet figurek komputer\u00f3w, terminali. Idealnie zwi\u0119kszaj\u0105 widoczno\u015b\u0107 pomieszcze\u0144 z komputerem, idealne zw\u0142aszcza przy du\u017cym stole i grze na wi\u0119ksz\u0105 ilo\u015b\u0107 graczy. Dost\u0119pny w trzech opcjach Set 1 z 6 sztukami do Lockdown Set 2 z 7 sztukami do Podstawowej wersji Core Set 3 z 8 sztukami do Core i Aftermath Set 4 z 10 sztukami [&#8230;]","protected":false},"featured_media":3932,"comment_status":"open","ping_status":"closed","template":"","meta":{"_acf_changed":false},"product_brand":[],"product_cat":[70,76],"product_tag":[191,413,259,164,165,410,411,412,190,187],"class_list":{"0":"post-2026","1":"product","2":"type-product","3":"status-publish","4":"has-post-thumbnail","6":"product_cat-akcesoria-do-gier","7":"product_cat-elementy-3d-na-plansze","8":"product_tag-komputer","9":"product_tag-komputery","10":"product_tag-lockdown","11":"product_tag-nemesis","12":"product_tag-nemesis-board-game","13":"product_tag-nemesis-retaliation","14":"product_tag-retaliation","15":"product_tag-terminal","16":"product_tag-terminale","17":"product_tag-znacznik","19":"first","20":"instock","21":"shipping-taxable","22":"purchasable","23":"product-type-variable"},"acf":[],"yoast_head":"<!-- This site is optimized with the Yoast SEO plugin v24.8.1 - https:\/\/yoast.com\/wordpress\/plugins\/seo\/ -->\n<title>Nemesis komplet 8szt figurek komputer\u00f3w, terminali - PrintYourFun<\/title>\n<meta name=\"robots\" content=\"index, follow, max-snippet:-1, max-image-preview:large, max-video-preview:-1\" \/>\n<link rel=\"canonical\" href=\"https:\/\/printyourfun.eu\/en\/product\/nemesis-komplet-figurek-komputerow-terminali\/\" \/>\n<meta property=\"og:locale\" content=\"en_GB\" \/>\n<meta property=\"og:type\" content=\"article\" \/>\n<meta property=\"og:title\" content=\"Nemesis komplet 8szt figurek komputer\u00f3w, terminali - PrintYourFun\" \/>\n<meta property=\"og:description\" content=\"Nemesis\u00a0komplet figurek komputer\u00f3w, terminali. Idealnie zwi\u0119kszaj\u0105 widoczno\u015b\u0107 pomieszcze\u0144 z komputerem, idealne zw\u0142aszcza przy du\u017cym stole i grze na wi\u0119ksz\u0105 ilo\u015b\u0107 graczy. Dost\u0119pny w trzech opcjach Set 1 z 6 sztukami do Lockdown Set 2 z 7 sztukami do Podstawowej wersji Core Set 3 z 8 sztukami do Core i Aftermath Set 4 z 10 sztukami [...]\" \/>\n<meta property=\"og:url\" content=\"https:\/\/printyourfun.eu\/en\/product\/nemesis-komplet-figurek-komputerow-terminali\/\" \/>\n<meta property=\"og:site_name\" content=\"PrintYourFun\" \/>\n<meta property=\"article:publisher\" content=\"https:\/\/www.facebook.com\/Printyourfun\/\" \/>\n<meta property=\"article:modified_time\" content=\"2025-09-23T10:42:12+00:00\" \/>\n<meta property=\"og:image\" content=\"https:\/\/printyourfun.eu\/wp-content\/uploads\/2021\/12\/main-terminal.jpg\" \/>\n\t<meta property=\"og:image:width\" content=\"2000\" \/>\n\t<meta property=\"og:image:height\" content=\"2000\" \/>\n\t<meta property=\"og:image:type\" content=\"image\/jpeg\" \/>\n<meta name=\"twitter:card\" content=\"summary_large_image\" \/>\n<meta name=\"twitter:label1\" content=\"Estimated reading time\" \/>\n\t<meta name=\"twitter:data1\" content=\"1 minute\" \/>\n<script type=\"application\/ld+json\" class=\"yoast-schema-graph\">{\"@context\":\"https:\/\/schema.org\",\"@graph\":[{\"@type\":\"WebPage\",\"@id\":\"https:\/\/printyourfun.eu\/product\/nemesis-komplet-figurek-komputerow-terminali\/\",\"url\":\"https:\/\/printyourfun.eu\/product\/nemesis-komplet-figurek-komputerow-terminali\/\",\"name\":\"Nemesis komplet 8szt figurek komputer\u00f3w, terminali - PrintYourFun\",\"isPartOf\":{\"@id\":\"https:\/\/printyourfun.eu\/#website\"},\"primaryImageOfPage\":{\"@id\":\"https:\/\/printyourfun.eu\/product\/nemesis-komplet-figurek-komputerow-terminali\/#primaryimage\"},\"image\":{\"@id\":\"https:\/\/printyourfun.eu\/product\/nemesis-komplet-figurek-komputerow-terminali\/#primaryimage\"},\"thumbnailUrl\":\"https:\/\/printyourfun.eu\/wp-content\/uploads\/2021\/12\/main-terminal.jpg\",\"datePublished\":\"2021-12-12T09:36:45+00:00\",\"dateModified\":\"2025-09-23T10:42:12+00:00\",\"breadcrumb\":{\"@id\":\"https:\/\/printyourfun.eu\/product\/nemesis-komplet-figurek-komputerow-terminali\/#breadcrumb\"},\"inLanguage\":\"en-GB\",\"potentialAction\":[{\"@type\":\"ReadAction\",\"target\":[\"https:\/\/printyourfun.eu\/product\/nemesis-komplet-figurek-komputerow-terminali\/\"]}]},{\"@type\":\"ImageObject\",\"inLanguage\":\"en-GB\",\"@id\":\"https:\/\/printyourfun.eu\/product\/nemesis-komplet-figurek-komputerow-terminali\/#primaryimage\",\"url\":\"https:\/\/printyourfun.eu\/wp-content\/uploads\/2021\/12\/main-terminal.jpg\",\"contentUrl\":\"https:\/\/printyourfun.eu\/wp-content\/uploads\/2021\/12\/main-terminal.jpg\",\"width\":2000,\"height\":2000},{\"@type\":\"BreadcrumbList\",\"@id\":\"https:\/\/printyourfun.eu\/product\/nemesis-komplet-figurek-komputerow-terminali\/#breadcrumb\",\"itemListElement\":[{\"@type\":\"ListItem\",\"position\":1,\"name\":\"Home\",\"item\":\"https:\/\/printyourfun.eu\/\"},{\"@type\":\"ListItem\",\"position\":2,\"name\":\"Sklep\",\"item\":\"https:\/\/printyourfun.eu\/sklep\/\"},{\"@type\":\"ListItem\",\"position\":3,\"name\":\"Nemesis komplet 8szt figurek komputer\u00f3w, terminali\"}]},{\"@type\":\"WebSite\",\"@id\":\"https:\/\/printyourfun.eu\/#website\",\"url\":\"https:\/\/printyourfun.eu\/\",\"name\":\"PrintYourFun\",\"description\":\"Wydruki 3D\",\"potentialAction\":[{\"@type\":\"SearchAction\",\"target\":{\"@type\":\"EntryPoint\",\"urlTemplate\":\"https:\/\/printyourfun.eu\/?s={search_term_string}\"},\"query-input\":{\"@type\":\"PropertyValueSpecification\",\"valueRequired\":true,\"valueName\":\"search_term_string\"}}],\"inLanguage\":\"en-GB\"}]}<\/script>\n<!-- \/ Yoast SEO plugin. -->","yoast_head_json":{"title":"Nemesis komplet 8szt figurek komputer\u00f3w, terminali - PrintYourFun","robots":{"index":"index","follow":"follow","max-snippet":"max-snippet:-1","max-image-preview":"max-image-preview:large","max-video-preview":"max-video-preview:-1"},"canonical":"https:\/\/printyourfun.eu\/en\/product\/nemesis-komplet-figurek-komputerow-terminali\/","og_locale":"en_GB","og_type":"article","og_title":"Nemesis komplet 8szt figurek komputer\u00f3w, terminali - PrintYourFun","og_description":"Nemesis\u00a0komplet figurek komputer\u00f3w, terminali. Idealnie zwi\u0119kszaj\u0105 widoczno\u015b\u0107 pomieszcze\u0144 z komputerem, idealne zw\u0142aszcza przy du\u017cym stole i grze na wi\u0119ksz\u0105 ilo\u015b\u0107 graczy. Dost\u0119pny w trzech opcjach Set 1 z 6 sztukami do Lockdown Set 2 z 7 sztukami do Podstawowej wersji Core Set 3 z 8 sztukami do Core i Aftermath Set 4 z 10 sztukami [...]","og_url":"https:\/\/printyourfun.eu\/en\/product\/nemesis-komplet-figurek-komputerow-terminali\/","og_site_name":"PrintYourFun","article_publisher":"https:\/\/www.facebook.com\/Printyourfun\/","article_modified_time":"2025-09-23T10:42:12+00:00","og_image":[{"width":2000,"height":2000,"url":"https:\/\/printyourfun.eu\/wp-content\/uploads\/2021\/12\/main-terminal.jpg","type":"image\/jpeg"}],"twitter_card":"summary_large_image","twitter_misc":{"Estimated reading time":"1 minute"},"schema":{"@context":"https:\/\/schema.org","@graph":[{"@type":"WebPage","@id":"https:\/\/printyourfun.eu\/product\/nemesis-komplet-figurek-komputerow-terminali\/","url":"https:\/\/printyourfun.eu\/product\/nemesis-komplet-figurek-komputerow-terminali\/","name":"Nemesis komplet 8szt figurek komputer\u00f3w, terminali - PrintYourFun","isPartOf":{"@id":"https:\/\/printyourfun.eu\/#website"},"primaryImageOfPage":{"@id":"https:\/\/printyourfun.eu\/product\/nemesis-komplet-figurek-komputerow-terminali\/#primaryimage"},"image":{"@id":"https:\/\/printyourfun.eu\/product\/nemesis-komplet-figurek-komputerow-terminali\/#primaryimage"},"thumbnailUrl":"https:\/\/printyourfun.eu\/wp-content\/uploads\/2021\/12\/main-terminal.jpg","datePublished":"2021-12-12T09:36:45+00:00","dateModified":"2025-09-23T10:42:12+00:00","breadcrumb":{"@id":"https:\/\/printyourfun.eu\/product\/nemesis-komplet-figurek-komputerow-terminali\/#breadcrumb"},"inLanguage":"en-GB","potentialAction":[{"@type":"ReadAction","target":["https:\/\/printyourfun.eu\/product\/nemesis-komplet-figurek-komputerow-terminali\/"]}]},{"@type":"ImageObject","inLanguage":"en-GB","@id":"https:\/\/printyourfun.eu\/product\/nemesis-komplet-figurek-komputerow-terminali\/#primaryimage","url":"https:\/\/printyourfun.eu\/wp-content\/uploads\/2021\/12\/main-terminal.jpg","contentUrl":"https:\/\/printyourfun.eu\/wp-content\/uploads\/2021\/12\/main-terminal.jpg","width":2000,"height":2000},{"@type":"BreadcrumbList","@id":"https:\/\/printyourfun.eu\/product\/nemesis-komplet-figurek-komputerow-terminali\/#breadcrumb","itemListElement":[{"@type":"ListItem","position":1,"name":"Home","item":"https:\/\/printyourfun.eu\/"},{"@type":"ListItem","position":2,"name":"Sklep","item":"https:\/\/printyourfun.eu\/sklep\/"},{"@type":"ListItem","position":3,"name":"Nemesis komplet 8szt figurek komputer\u00f3w, terminali"}]},{"@type":"WebSite","@id":"https:\/\/printyourfun.eu\/#website","url":"https:\/\/printyourfun.eu\/","name":"PrintYourFun","description":"Wydruki 3D","potentialAction":[{"@type":"SearchAction","target":{"@type":"EntryPoint","urlTemplate":"https:\/\/printyourfun.eu\/?s={search_term_string}"},"query-input":{"@type":"PropertyValueSpecification","valueRequired":true,"valueName":"search_term_string"}}],"inLanguage":"en-GB"}]}},"_links":{"self":[{"href":"https:\/\/printyourfun.eu\/en\/wp-json\/wp\/v2\/product\/2026","targetHints":{"allow":["GET"]}}],"collection":[{"href":"https:\/\/printyourfun.eu\/en\/wp-json\/wp\/v2\/product"}],"about":[{"href":"https:\/\/printyourfun.eu\/en\/wp-json\/wp\/v2\/types\/product"}],"replies":[{"embeddable":true,"href":"https:\/\/printyourfun.eu\/en\/wp-json\/wp\/v2\/comments?post=2026"}],"wp:featuredmedia":[{"embeddable":true,"href":"https:\/\/printyourfun.eu\/en\/wp-json\/wp\/v2\/media\/3932"}],"wp:attachment":[{"href":"https:\/\/printyourfun.eu\/en\/wp-json\/wp\/v2\/media?parent=2026"}],"wp:term":[{"taxonomy":"product_brand","embeddable":true,"href":"https:\/\/printyourfun.eu\/en\/wp-json\/wp\/v2\/product_brand?post=2026"},{"taxonomy":"product_cat","embeddable":true,"href":"https:\/\/printyourfun.eu\/en\/wp-json\/wp\/v2\/product_cat?post=2026"},{"taxonomy":"product_tag","embeddable":true,"href":"https:\/\/printyourfun.eu\/en\/wp-json\/wp\/v2\/product_tag?post=2026"}],"curies":[{"name":"wp","href":"https:\/\/api.w.org\/{rel}","templated":true}]}}