{"id":2031,"date":"2021-12-12T10:46:07","date_gmt":"2021-12-12T09:46:07","guid":{"rendered":"https:\/\/printyourfun.eu\/?post_type=product&#038;p=2031"},"modified":"2025-02-27T12:01:07","modified_gmt":"2025-02-27T11:01:07","slug":"nemesis-gumowe-oslony-na-kafle-jaj-kapsul-cial-amunicji","status":"publish","type":"product","link":"https:\/\/printyourfun.eu\/en\/product\/nemesis-gumowe-oslony-na-kafle-jaj-kapsul-cial-amunicji\/","title":{"rendered":"Nemesis gumowe os\u0142ony na kafle jaj, kapsu\u0142, cia\u0142, amunicji"},"content":{"rendered":"<p style=\"text-align: left;\"><span style=\"color: #c66a26; font-size: 110%; border-left: 10px solid #c66a26; padding-left: 15px;\"><strong>Nemesis gumowe os\u0142ony na kafle jaj, kapsu\u0142, cia\u0142, amunicji.<\/strong><\/span><\/p>\n<p><strong>W sk\u0142ad zestawu Core wchodz\u0105 gumy :<\/strong><\/p>\n<p>Cia\u0142a za\u0142ogi x6<\/p>\n<p>Jaja x 8<\/p>\n<p>Rany x2<\/p>\n<p>Cia\u0142a obcych x8<\/p>\n<p>Kapsu\u0142y ratunkowe x4<\/p>\n<p><strong>Zestaw Core + Karnomorfy<\/strong><\/p>\n<p>Cia\u0142a za\u0142ogi x6<\/p>\n<p>Jaja x 8<\/p>\n<p>Rany x2<\/p>\n<p>Cia\u0142a obcych x8\u00a0 ( +4 cia\u0142a do wersji Karnomorfy ) Razem 12<\/p>\n<p>Kapsu\u0142y ratunkowe x4<\/p>\n<p>Chroni\u0105 \u017cetony przed niszczeniem i wycieraniem.<img loading=\"lazy\" decoding=\"async\" class=\"aligncenter size-medium wp-image-2032\" src=\"https:\/\/printyourfun.eu\/wp-content\/uploads\/2021\/12\/kapsuly1-800x268.jpg\" alt=\"\" width=\"800\" height=\"268\" srcset=\"https:\/\/printyourfun.eu\/wp-content\/uploads\/2021\/12\/kapsuly1-800x268.jpg 800w, https:\/\/printyourfun.eu\/wp-content\/uploads\/2021\/12\/kapsuly1-1400x470.jpg 1400w, https:\/\/printyourfun.eu\/wp-content\/uploads\/2021\/12\/kapsuly1-768x258.jpg 768w, https:\/\/printyourfun.eu\/wp-content\/uploads\/2021\/12\/kapsuly1-1536x515.jpg 1536w, https:\/\/printyourfun.eu\/wp-content\/uploads\/2021\/12\/kapsuly1-18x6.jpg 18w, https:\/\/printyourfun.eu\/wp-content\/uploads\/2021\/12\/kapsuly1-600x201.jpg 600w, https:\/\/printyourfun.eu\/wp-content\/uploads\/2021\/12\/kapsuly1.jpg 2000w\" sizes=\"auto, (max-width: 800px) 100vw, 800px\" \/><\/p>\n<p>&nbsp;<\/p>\n<p>Materia\u0142 : TPU &#8211; guma, trwa\u0142y i wytrzyma\u0142y.<\/p>\n<p>PRODUKT NIE ZAWIERA GRY PLANSZOWEJ I JEJ ELEMENT\u00d3W.<\/p>\n<h6><\/h6>","protected":false},"excerpt":{"rendered":"<p>Nemesis gumowe os\u0142ony na kafle jaj, kapsu\u0142, cia\u0142, amunicji. W sk\u0142ad zestawu Core wchodz\u0105 gumy : Cia\u0142a za\u0142ogi x6 Jaja x 8 Rany x2 Cia\u0142a obcych x8 Kapsu\u0142y ratunkowe x4 Zestaw Core + Karnomorfy Cia\u0142a za\u0142ogi x6 Jaja x 8 Rany x2 Cia\u0142a obcych x8\u00a0 ( +4 cia\u0142a do wersji Karnomorfy ) Razem 12 Kapsu\u0142y [&#8230;]","protected":false},"featured_media":2033,"comment_status":"open","ping_status":"closed","template":"","meta":{"_acf_changed":false},"product_brand":[],"product_cat":[70,79],"product_tag":[173,164,165,174,175],"class_list":{"0":"post-2031","1":"product","2":"type-product","3":"status-publish","4":"has-post-thumbnail","6":"product_cat-akcesoria-do-gier","7":"product_cat-oslony-na-zetony","8":"product_tag-gumowe","9":"product_tag-nemesis","10":"product_tag-nemesis-board-game","11":"product_tag-oslony","12":"product_tag-protektory","14":"first","15":"instock","16":"shipping-taxable","17":"purchasable","18":"product-type-variable"},"acf":[],"yoast_head":"<!-- This site is optimized with the Yoast SEO plugin v24.8.1 - https:\/\/yoast.com\/wordpress\/plugins\/seo\/ -->\n<title>Nemesis gumowe os\u0142ony na kafle jaj, kapsu\u0142, cia\u0142, amunicji - PrintYourFun<\/title>\n<meta name=\"robots\" content=\"index, follow, max-snippet:-1, max-image-preview:large, max-video-preview:-1\" \/>\n<link rel=\"canonical\" href=\"https:\/\/printyourfun.eu\/en\/product\/nemesis-gumowe-oslony-na-kafle-jaj-kapsul-cial-amunicji\/\" \/>\n<meta property=\"og:locale\" content=\"en_GB\" \/>\n<meta property=\"og:type\" content=\"article\" \/>\n<meta property=\"og:title\" content=\"Nemesis gumowe os\u0142ony na kafle jaj, kapsu\u0142, cia\u0142, amunicji - PrintYourFun\" \/>\n<meta property=\"og:description\" content=\"Nemesis gumowe os\u0142ony na kafle jaj, kapsu\u0142, cia\u0142, amunicji. W sk\u0142ad zestawu Core wchodz\u0105 gumy : Cia\u0142a za\u0142ogi x6 Jaja x 8 Rany x2 Cia\u0142a obcych x8 Kapsu\u0142y ratunkowe x4 Zestaw Core + Karnomorfy Cia\u0142a za\u0142ogi x6 Jaja x 8 Rany x2 Cia\u0142a obcych x8\u00a0 ( +4 cia\u0142a do wersji Karnomorfy ) Razem 12 Kapsu\u0142y [...]\" \/>\n<meta property=\"og:url\" content=\"https:\/\/printyourfun.eu\/en\/product\/nemesis-gumowe-oslony-na-kafle-jaj-kapsul-cial-amunicji\/\" \/>\n<meta property=\"og:site_name\" content=\"PrintYourFun\" \/>\n<meta property=\"article:publisher\" content=\"https:\/\/www.facebook.com\/Printyourfun\/\" \/>\n<meta property=\"article:modified_time\" content=\"2025-02-27T11:01:07+00:00\" \/>\n<meta property=\"og:image\" content=\"https:\/\/printyourfun.eu\/wp-content\/uploads\/2021\/12\/jaja-kapsuly-all.jpg\" \/>\n\t<meta property=\"og:image:width\" content=\"1890\" \/>\n\t<meta property=\"og:image:height\" content=\"1890\" \/>\n\t<meta property=\"og:image:type\" content=\"image\/jpeg\" \/>\n<meta name=\"twitter:card\" content=\"summary_large_image\" \/>\n<script type=\"application\/ld+json\" class=\"yoast-schema-graph\">{\"@context\":\"https:\/\/schema.org\",\"@graph\":[{\"@type\":\"WebPage\",\"@id\":\"https:\/\/printyourfun.eu\/product\/nemesis-gumowe-oslony-na-kafle-jaj-kapsul-cial-amunicji\/\",\"url\":\"https:\/\/printyourfun.eu\/product\/nemesis-gumowe-oslony-na-kafle-jaj-kapsul-cial-amunicji\/\",\"name\":\"Nemesis gumowe os\u0142ony na kafle jaj, kapsu\u0142, cia\u0142, amunicji - PrintYourFun\",\"isPartOf\":{\"@id\":\"https:\/\/printyourfun.eu\/#website\"},\"primaryImageOfPage\":{\"@id\":\"https:\/\/printyourfun.eu\/product\/nemesis-gumowe-oslony-na-kafle-jaj-kapsul-cial-amunicji\/#primaryimage\"},\"image\":{\"@id\":\"https:\/\/printyourfun.eu\/product\/nemesis-gumowe-oslony-na-kafle-jaj-kapsul-cial-amunicji\/#primaryimage\"},\"thumbnailUrl\":\"https:\/\/printyourfun.eu\/wp-content\/uploads\/2021\/12\/jaja-kapsuly-all.jpg\",\"datePublished\":\"2021-12-12T09:46:07+00:00\",\"dateModified\":\"2025-02-27T11:01:07+00:00\",\"breadcrumb\":{\"@id\":\"https:\/\/printyourfun.eu\/product\/nemesis-gumowe-oslony-na-kafle-jaj-kapsul-cial-amunicji\/#breadcrumb\"},\"inLanguage\":\"en-GB\",\"potentialAction\":[{\"@type\":\"ReadAction\",\"target\":[\"https:\/\/printyourfun.eu\/product\/nemesis-gumowe-oslony-na-kafle-jaj-kapsul-cial-amunicji\/\"]}]},{\"@type\":\"ImageObject\",\"inLanguage\":\"en-GB\",\"@id\":\"https:\/\/printyourfun.eu\/product\/nemesis-gumowe-oslony-na-kafle-jaj-kapsul-cial-amunicji\/#primaryimage\",\"url\":\"https:\/\/printyourfun.eu\/wp-content\/uploads\/2021\/12\/jaja-kapsuly-all.jpg\",\"contentUrl\":\"https:\/\/printyourfun.eu\/wp-content\/uploads\/2021\/12\/jaja-kapsuly-all.jpg\",\"width\":1890,\"height\":1890},{\"@type\":\"BreadcrumbList\",\"@id\":\"https:\/\/printyourfun.eu\/product\/nemesis-gumowe-oslony-na-kafle-jaj-kapsul-cial-amunicji\/#breadcrumb\",\"itemListElement\":[{\"@type\":\"ListItem\",\"position\":1,\"name\":\"Home\",\"item\":\"https:\/\/printyourfun.eu\/\"},{\"@type\":\"ListItem\",\"position\":2,\"name\":\"Sklep\",\"item\":\"https:\/\/printyourfun.eu\/sklep\/\"},{\"@type\":\"ListItem\",\"position\":3,\"name\":\"Nemesis gumowe os\u0142ony na kafle jaj, kapsu\u0142, cia\u0142, amunicji\"}]},{\"@type\":\"WebSite\",\"@id\":\"https:\/\/printyourfun.eu\/#website\",\"url\":\"https:\/\/printyourfun.eu\/\",\"name\":\"PrintYourFun\",\"description\":\"Wydruki 3D\",\"potentialAction\":[{\"@type\":\"SearchAction\",\"target\":{\"@type\":\"EntryPoint\",\"urlTemplate\":\"https:\/\/printyourfun.eu\/?s={search_term_string}\"},\"query-input\":{\"@type\":\"PropertyValueSpecification\",\"valueRequired\":true,\"valueName\":\"search_term_string\"}}],\"inLanguage\":\"en-GB\"}]}<\/script>\n<!-- \/ Yoast SEO plugin. -->","yoast_head_json":{"title":"Nemesis gumowe os\u0142ony na kafle jaj, kapsu\u0142, cia\u0142, amunicji - PrintYourFun","robots":{"index":"index","follow":"follow","max-snippet":"max-snippet:-1","max-image-preview":"max-image-preview:large","max-video-preview":"max-video-preview:-1"},"canonical":"https:\/\/printyourfun.eu\/en\/product\/nemesis-gumowe-oslony-na-kafle-jaj-kapsul-cial-amunicji\/","og_locale":"en_GB","og_type":"article","og_title":"Nemesis gumowe os\u0142ony na kafle jaj, kapsu\u0142, cia\u0142, amunicji - PrintYourFun","og_description":"Nemesis gumowe os\u0142ony na kafle jaj, kapsu\u0142, cia\u0142, amunicji. W sk\u0142ad zestawu Core wchodz\u0105 gumy : Cia\u0142a za\u0142ogi x6 Jaja x 8 Rany x2 Cia\u0142a obcych x8 Kapsu\u0142y ratunkowe x4 Zestaw Core + Karnomorfy Cia\u0142a za\u0142ogi x6 Jaja x 8 Rany x2 Cia\u0142a obcych x8\u00a0 ( +4 cia\u0142a do wersji Karnomorfy ) Razem 12 Kapsu\u0142y [...]","og_url":"https:\/\/printyourfun.eu\/en\/product\/nemesis-gumowe-oslony-na-kafle-jaj-kapsul-cial-amunicji\/","og_site_name":"PrintYourFun","article_publisher":"https:\/\/www.facebook.com\/Printyourfun\/","article_modified_time":"2025-02-27T11:01:07+00:00","og_image":[{"width":1890,"height":1890,"url":"https:\/\/printyourfun.eu\/wp-content\/uploads\/2021\/12\/jaja-kapsuly-all.jpg","type":"image\/jpeg"}],"twitter_card":"summary_large_image","schema":{"@context":"https:\/\/schema.org","@graph":[{"@type":"WebPage","@id":"https:\/\/printyourfun.eu\/product\/nemesis-gumowe-oslony-na-kafle-jaj-kapsul-cial-amunicji\/","url":"https:\/\/printyourfun.eu\/product\/nemesis-gumowe-oslony-na-kafle-jaj-kapsul-cial-amunicji\/","name":"Nemesis gumowe os\u0142ony na kafle jaj, kapsu\u0142, cia\u0142, amunicji - PrintYourFun","isPartOf":{"@id":"https:\/\/printyourfun.eu\/#website"},"primaryImageOfPage":{"@id":"https:\/\/printyourfun.eu\/product\/nemesis-gumowe-oslony-na-kafle-jaj-kapsul-cial-amunicji\/#primaryimage"},"image":{"@id":"https:\/\/printyourfun.eu\/product\/nemesis-gumowe-oslony-na-kafle-jaj-kapsul-cial-amunicji\/#primaryimage"},"thumbnailUrl":"https:\/\/printyourfun.eu\/wp-content\/uploads\/2021\/12\/jaja-kapsuly-all.jpg","datePublished":"2021-12-12T09:46:07+00:00","dateModified":"2025-02-27T11:01:07+00:00","breadcrumb":{"@id":"https:\/\/printyourfun.eu\/product\/nemesis-gumowe-oslony-na-kafle-jaj-kapsul-cial-amunicji\/#breadcrumb"},"inLanguage":"en-GB","potentialAction":[{"@type":"ReadAction","target":["https:\/\/printyourfun.eu\/product\/nemesis-gumowe-oslony-na-kafle-jaj-kapsul-cial-amunicji\/"]}]},{"@type":"ImageObject","inLanguage":"en-GB","@id":"https:\/\/printyourfun.eu\/product\/nemesis-gumowe-oslony-na-kafle-jaj-kapsul-cial-amunicji\/#primaryimage","url":"https:\/\/printyourfun.eu\/wp-content\/uploads\/2021\/12\/jaja-kapsuly-all.jpg","contentUrl":"https:\/\/printyourfun.eu\/wp-content\/uploads\/2021\/12\/jaja-kapsuly-all.jpg","width":1890,"height":1890},{"@type":"BreadcrumbList","@id":"https:\/\/printyourfun.eu\/product\/nemesis-gumowe-oslony-na-kafle-jaj-kapsul-cial-amunicji\/#breadcrumb","itemListElement":[{"@type":"ListItem","position":1,"name":"Home","item":"https:\/\/printyourfun.eu\/"},{"@type":"ListItem","position":2,"name":"Sklep","item":"https:\/\/printyourfun.eu\/sklep\/"},{"@type":"ListItem","position":3,"name":"Nemesis gumowe os\u0142ony na kafle jaj, kapsu\u0142, cia\u0142, amunicji"}]},{"@type":"WebSite","@id":"https:\/\/printyourfun.eu\/#website","url":"https:\/\/printyourfun.eu\/","name":"PrintYourFun","description":"Wydruki 3D","potentialAction":[{"@type":"SearchAction","target":{"@type":"EntryPoint","urlTemplate":"https:\/\/printyourfun.eu\/?s={search_term_string}"},"query-input":{"@type":"PropertyValueSpecification","valueRequired":true,"valueName":"search_term_string"}}],"inLanguage":"en-GB"}]}},"_links":{"self":[{"href":"https:\/\/printyourfun.eu\/en\/wp-json\/wp\/v2\/product\/2031","targetHints":{"allow":["GET"]}}],"collection":[{"href":"https:\/\/printyourfun.eu\/en\/wp-json\/wp\/v2\/product"}],"about":[{"href":"https:\/\/printyourfun.eu\/en\/wp-json\/wp\/v2\/types\/product"}],"replies":[{"embeddable":true,"href":"https:\/\/printyourfun.eu\/en\/wp-json\/wp\/v2\/comments?post=2031"}],"wp:featuredmedia":[{"embeddable":true,"href":"https:\/\/printyourfun.eu\/en\/wp-json\/wp\/v2\/media\/2033"}],"wp:attachment":[{"href":"https:\/\/printyourfun.eu\/en\/wp-json\/wp\/v2\/media?parent=2031"}],"wp:term":[{"taxonomy":"product_brand","embeddable":true,"href":"https:\/\/printyourfun.eu\/en\/wp-json\/wp\/v2\/product_brand?post=2031"},{"taxonomy":"product_cat","embeddable":true,"href":"https:\/\/printyourfun.eu\/en\/wp-json\/wp\/v2\/product_cat?post=2031"},{"taxonomy":"product_tag","embeddable":true,"href":"https:\/\/printyourfun.eu\/en\/wp-json\/wp\/v2\/product_tag?post=2031"}],"curies":[{"name":"wp","href":"https:\/\/api.w.org\/{rel}","templated":true}]}}