{"id":2037,"date":"2021-12-12T11:01:21","date_gmt":"2021-12-12T10:01:21","guid":{"rendered":"https:\/\/printyourfun.eu\/?post_type=product&#038;p=2037"},"modified":"2025-02-27T12:00:37","modified_gmt":"2025-02-27T11:00:37","slug":"nemesis-gumowe-oslony-kafli-untold-stories-komiks","status":"publish","type":"product","link":"https:\/\/printyourfun.eu\/en\/product\/nemesis-gumowe-oslony-kafli-untold-stories-komiks\/","title":{"rendered":"Nemesis gumowe os\u0142ony kafli Untold Stories komiks"},"content":{"rendered":"<p style=\"text-align: left;\"><span style=\"color: #c66a26; font-size: 110%; border-left: 10px solid #c66a26; padding-left: 15px;\"><strong>Nemesis gumowe os\u0142ony kafli Untold Stories komiks.<\/strong><\/span><\/p>\n<p>50 szt gumowych os\u0142on na elementy \u017cetony do komiksu.<\/p>\n<p>Chroni\u0105 \u017cetony przed niszczeniem i wycieraniem.<\/p>\n<p><img loading=\"lazy\" decoding=\"async\" class=\"aligncenter size-medium wp-image-2038\" src=\"https:\/\/printyourfun.eu\/wp-content\/uploads\/2021\/12\/il_1588xN.3294835432_tkb1www-800x372.jpg\" alt=\"\" width=\"800\" height=\"372\" srcset=\"https:\/\/printyourfun.eu\/wp-content\/uploads\/2021\/12\/il_1588xN.3294835432_tkb1www-800x372.jpg 800w, https:\/\/printyourfun.eu\/wp-content\/uploads\/2021\/12\/il_1588xN.3294835432_tkb1www-1400x651.jpg 1400w, https:\/\/printyourfun.eu\/wp-content\/uploads\/2021\/12\/il_1588xN.3294835432_tkb1www-768x357.jpg 768w, https:\/\/printyourfun.eu\/wp-content\/uploads\/2021\/12\/il_1588xN.3294835432_tkb1www-1536x715.jpg 1536w, https:\/\/printyourfun.eu\/wp-content\/uploads\/2021\/12\/il_1588xN.3294835432_tkb1www-18x8.jpg 18w, https:\/\/printyourfun.eu\/wp-content\/uploads\/2021\/12\/il_1588xN.3294835432_tkb1www-600x279.jpg 600w, https:\/\/printyourfun.eu\/wp-content\/uploads\/2021\/12\/il_1588xN.3294835432_tkb1www.jpg 1930w\" sizes=\"auto, (max-width: 800px) 100vw, 800px\" \/><\/p>\n<p>&nbsp;<\/p>\n<p>Materia\u0142 : TPU &#8211; guma, trwa\u0142y i wytrzyma\u0142y.<\/p>\n<p>PRODUKT NIE ZAWIERA GRY PLANSZOWEJ I JEJ ELEMENT\u00d3W.<\/p>\n<h6><\/h6>","protected":false},"excerpt":{"rendered":"<p>Nemesis gumowe os\u0142ony kafli Untold Stories komiks. 50 szt gumowych os\u0142on na elementy \u017cetony do komiksu. Chroni\u0105 \u017cetony przed niszczeniem i wycieraniem. &nbsp; Materia\u0142 : TPU &#8211; guma, trwa\u0142y i wytrzyma\u0142y. PRODUKT NIE ZAWIERA GRY PLANSZOWEJ I JEJ ELEMENT\u00d3W.<\/p>","protected":false},"featured_media":2039,"comment_status":"open","ping_status":"closed","template":"","meta":{"_acf_changed":false},"product_brand":[],"product_cat":[70,79],"product_tag":[173,193,164,165,194,174,175,192],"class_list":{"0":"post-2037","1":"product","2":"type-product","3":"status-publish","4":"has-post-thumbnail","6":"product_cat-akcesoria-do-gier","7":"product_cat-oslony-na-zetony","8":"product_tag-gumowe","9":"product_tag-komiks","10":"product_tag-nemesis","11":"product_tag-nemesis-board-game","12":"product_tag-nieznane-historie","13":"product_tag-oslony","14":"product_tag-protektory","15":"product_tag-untold-stories","17":"first","18":"instock","19":"shipping-taxable","20":"purchasable","21":"product-type-simple"},"acf":[],"yoast_head":"<!-- This site is optimized with the Yoast SEO plugin v24.8.1 - https:\/\/yoast.com\/wordpress\/plugins\/seo\/ -->\n<title>Nemesis gumowe os\u0142ony kafli Untold Stories komiks - PrintYourFun<\/title>\n<meta name=\"robots\" content=\"index, follow, max-snippet:-1, max-image-preview:large, max-video-preview:-1\" \/>\n<link rel=\"canonical\" href=\"https:\/\/printyourfun.eu\/en\/product\/nemesis-gumowe-oslony-kafli-untold-stories-komiks\/\" \/>\n<meta property=\"og:locale\" content=\"en_GB\" \/>\n<meta property=\"og:type\" content=\"article\" \/>\n<meta property=\"og:title\" content=\"Nemesis gumowe os\u0142ony kafli Untold Stories komiks - PrintYourFun\" \/>\n<meta property=\"og:description\" content=\"Nemesis gumowe os\u0142ony kafli Untold Stories komiks. 50 szt gumowych os\u0142on na elementy \u017cetony do komiksu. Chroni\u0105 \u017cetony przed niszczeniem i wycieraniem. &nbsp; Materia\u0142 : TPU &#8211; guma, trwa\u0142y i wytrzyma\u0142y. PRODUKT NIE ZAWIERA GRY PLANSZOWEJ I JEJ ELEMENT\u00d3W.\" \/>\n<meta property=\"og:url\" content=\"https:\/\/printyourfun.eu\/en\/product\/nemesis-gumowe-oslony-kafli-untold-stories-komiks\/\" \/>\n<meta property=\"og:site_name\" content=\"PrintYourFun\" \/>\n<meta property=\"article:publisher\" content=\"https:\/\/www.facebook.com\/Printyourfun\/\" \/>\n<meta property=\"article:modified_time\" content=\"2025-02-27T11:00:37+00:00\" \/>\n<meta property=\"og:image\" content=\"https:\/\/printyourfun.eu\/wp-content\/uploads\/2021\/12\/il_1588xN.3342527975_skpf.jpg\" \/>\n\t<meta property=\"og:image:width\" content=\"1513\" \/>\n\t<meta property=\"og:image:height\" content=\"1513\" \/>\n\t<meta property=\"og:image:type\" content=\"image\/jpeg\" \/>\n<meta name=\"twitter:card\" content=\"summary_large_image\" \/>\n<script type=\"application\/ld+json\" class=\"yoast-schema-graph\">{\"@context\":\"https:\/\/schema.org\",\"@graph\":[{\"@type\":\"WebPage\",\"@id\":\"https:\/\/printyourfun.eu\/product\/nemesis-gumowe-oslony-kafli-untold-stories-komiks\/\",\"url\":\"https:\/\/printyourfun.eu\/product\/nemesis-gumowe-oslony-kafli-untold-stories-komiks\/\",\"name\":\"Nemesis gumowe os\u0142ony kafli Untold Stories komiks - PrintYourFun\",\"isPartOf\":{\"@id\":\"https:\/\/printyourfun.eu\/#website\"},\"primaryImageOfPage\":{\"@id\":\"https:\/\/printyourfun.eu\/product\/nemesis-gumowe-oslony-kafli-untold-stories-komiks\/#primaryimage\"},\"image\":{\"@id\":\"https:\/\/printyourfun.eu\/product\/nemesis-gumowe-oslony-kafli-untold-stories-komiks\/#primaryimage\"},\"thumbnailUrl\":\"https:\/\/printyourfun.eu\/wp-content\/uploads\/2021\/12\/il_1588xN.3342527975_skpf.jpg\",\"datePublished\":\"2021-12-12T10:01:21+00:00\",\"dateModified\":\"2025-02-27T11:00:37+00:00\",\"breadcrumb\":{\"@id\":\"https:\/\/printyourfun.eu\/product\/nemesis-gumowe-oslony-kafli-untold-stories-komiks\/#breadcrumb\"},\"inLanguage\":\"en-GB\",\"potentialAction\":[{\"@type\":\"ReadAction\",\"target\":[\"https:\/\/printyourfun.eu\/product\/nemesis-gumowe-oslony-kafli-untold-stories-komiks\/\"]}]},{\"@type\":\"ImageObject\",\"inLanguage\":\"en-GB\",\"@id\":\"https:\/\/printyourfun.eu\/product\/nemesis-gumowe-oslony-kafli-untold-stories-komiks\/#primaryimage\",\"url\":\"https:\/\/printyourfun.eu\/wp-content\/uploads\/2021\/12\/il_1588xN.3342527975_skpf.jpg\",\"contentUrl\":\"https:\/\/printyourfun.eu\/wp-content\/uploads\/2021\/12\/il_1588xN.3342527975_skpf.jpg\",\"width\":1513,\"height\":1513},{\"@type\":\"BreadcrumbList\",\"@id\":\"https:\/\/printyourfun.eu\/product\/nemesis-gumowe-oslony-kafli-untold-stories-komiks\/#breadcrumb\",\"itemListElement\":[{\"@type\":\"ListItem\",\"position\":1,\"name\":\"Home\",\"item\":\"https:\/\/printyourfun.eu\/\"},{\"@type\":\"ListItem\",\"position\":2,\"name\":\"Sklep\",\"item\":\"https:\/\/printyourfun.eu\/sklep\/\"},{\"@type\":\"ListItem\",\"position\":3,\"name\":\"Nemesis gumowe os\u0142ony kafli Untold Stories komiks\"}]},{\"@type\":\"WebSite\",\"@id\":\"https:\/\/printyourfun.eu\/#website\",\"url\":\"https:\/\/printyourfun.eu\/\",\"name\":\"PrintYourFun\",\"description\":\"Wydruki 3D\",\"potentialAction\":[{\"@type\":\"SearchAction\",\"target\":{\"@type\":\"EntryPoint\",\"urlTemplate\":\"https:\/\/printyourfun.eu\/?s={search_term_string}\"},\"query-input\":{\"@type\":\"PropertyValueSpecification\",\"valueRequired\":true,\"valueName\":\"search_term_string\"}}],\"inLanguage\":\"en-GB\"}]}<\/script>\n<!-- \/ Yoast SEO plugin. -->","yoast_head_json":{"title":"Nemesis gumowe os\u0142ony kafli Untold Stories komiks - PrintYourFun","robots":{"index":"index","follow":"follow","max-snippet":"max-snippet:-1","max-image-preview":"max-image-preview:large","max-video-preview":"max-video-preview:-1"},"canonical":"https:\/\/printyourfun.eu\/en\/product\/nemesis-gumowe-oslony-kafli-untold-stories-komiks\/","og_locale":"en_GB","og_type":"article","og_title":"Nemesis gumowe os\u0142ony kafli Untold Stories komiks - PrintYourFun","og_description":"Nemesis gumowe os\u0142ony kafli Untold Stories komiks. 50 szt gumowych os\u0142on na elementy \u017cetony do komiksu. Chroni\u0105 \u017cetony przed niszczeniem i wycieraniem. &nbsp; Materia\u0142 : TPU &#8211; guma, trwa\u0142y i wytrzyma\u0142y. PRODUKT NIE ZAWIERA GRY PLANSZOWEJ I JEJ ELEMENT\u00d3W.","og_url":"https:\/\/printyourfun.eu\/en\/product\/nemesis-gumowe-oslony-kafli-untold-stories-komiks\/","og_site_name":"PrintYourFun","article_publisher":"https:\/\/www.facebook.com\/Printyourfun\/","article_modified_time":"2025-02-27T11:00:37+00:00","og_image":[{"width":1513,"height":1513,"url":"https:\/\/printyourfun.eu\/wp-content\/uploads\/2021\/12\/il_1588xN.3342527975_skpf.jpg","type":"image\/jpeg"}],"twitter_card":"summary_large_image","schema":{"@context":"https:\/\/schema.org","@graph":[{"@type":"WebPage","@id":"https:\/\/printyourfun.eu\/product\/nemesis-gumowe-oslony-kafli-untold-stories-komiks\/","url":"https:\/\/printyourfun.eu\/product\/nemesis-gumowe-oslony-kafli-untold-stories-komiks\/","name":"Nemesis gumowe os\u0142ony kafli Untold Stories komiks - PrintYourFun","isPartOf":{"@id":"https:\/\/printyourfun.eu\/#website"},"primaryImageOfPage":{"@id":"https:\/\/printyourfun.eu\/product\/nemesis-gumowe-oslony-kafli-untold-stories-komiks\/#primaryimage"},"image":{"@id":"https:\/\/printyourfun.eu\/product\/nemesis-gumowe-oslony-kafli-untold-stories-komiks\/#primaryimage"},"thumbnailUrl":"https:\/\/printyourfun.eu\/wp-content\/uploads\/2021\/12\/il_1588xN.3342527975_skpf.jpg","datePublished":"2021-12-12T10:01:21+00:00","dateModified":"2025-02-27T11:00:37+00:00","breadcrumb":{"@id":"https:\/\/printyourfun.eu\/product\/nemesis-gumowe-oslony-kafli-untold-stories-komiks\/#breadcrumb"},"inLanguage":"en-GB","potentialAction":[{"@type":"ReadAction","target":["https:\/\/printyourfun.eu\/product\/nemesis-gumowe-oslony-kafli-untold-stories-komiks\/"]}]},{"@type":"ImageObject","inLanguage":"en-GB","@id":"https:\/\/printyourfun.eu\/product\/nemesis-gumowe-oslony-kafli-untold-stories-komiks\/#primaryimage","url":"https:\/\/printyourfun.eu\/wp-content\/uploads\/2021\/12\/il_1588xN.3342527975_skpf.jpg","contentUrl":"https:\/\/printyourfun.eu\/wp-content\/uploads\/2021\/12\/il_1588xN.3342527975_skpf.jpg","width":1513,"height":1513},{"@type":"BreadcrumbList","@id":"https:\/\/printyourfun.eu\/product\/nemesis-gumowe-oslony-kafli-untold-stories-komiks\/#breadcrumb","itemListElement":[{"@type":"ListItem","position":1,"name":"Home","item":"https:\/\/printyourfun.eu\/"},{"@type":"ListItem","position":2,"name":"Sklep","item":"https:\/\/printyourfun.eu\/sklep\/"},{"@type":"ListItem","position":3,"name":"Nemesis gumowe os\u0142ony kafli Untold Stories komiks"}]},{"@type":"WebSite","@id":"https:\/\/printyourfun.eu\/#website","url":"https:\/\/printyourfun.eu\/","name":"PrintYourFun","description":"Wydruki 3D","potentialAction":[{"@type":"SearchAction","target":{"@type":"EntryPoint","urlTemplate":"https:\/\/printyourfun.eu\/?s={search_term_string}"},"query-input":{"@type":"PropertyValueSpecification","valueRequired":true,"valueName":"search_term_string"}}],"inLanguage":"en-GB"}]}},"_links":{"self":[{"href":"https:\/\/printyourfun.eu\/en\/wp-json\/wp\/v2\/product\/2037","targetHints":{"allow":["GET"]}}],"collection":[{"href":"https:\/\/printyourfun.eu\/en\/wp-json\/wp\/v2\/product"}],"about":[{"href":"https:\/\/printyourfun.eu\/en\/wp-json\/wp\/v2\/types\/product"}],"replies":[{"embeddable":true,"href":"https:\/\/printyourfun.eu\/en\/wp-json\/wp\/v2\/comments?post=2037"}],"wp:featuredmedia":[{"embeddable":true,"href":"https:\/\/printyourfun.eu\/en\/wp-json\/wp\/v2\/media\/2039"}],"wp:attachment":[{"href":"https:\/\/printyourfun.eu\/en\/wp-json\/wp\/v2\/media?parent=2037"}],"wp:term":[{"taxonomy":"product_brand","embeddable":true,"href":"https:\/\/printyourfun.eu\/en\/wp-json\/wp\/v2\/product_brand?post=2037"},{"taxonomy":"product_cat","embeddable":true,"href":"https:\/\/printyourfun.eu\/en\/wp-json\/wp\/v2\/product_cat?post=2037"},{"taxonomy":"product_tag","embeddable":true,"href":"https:\/\/printyourfun.eu\/en\/wp-json\/wp\/v2\/product_tag?post=2037"}],"curies":[{"name":"wp","href":"https:\/\/api.w.org\/{rel}","templated":true}]}}