{"id":2064,"date":"2021-12-12T11:34:26","date_gmt":"2021-12-12T10:34:26","guid":{"rendered":"https:\/\/printyourfun.eu\/?post_type=product&#038;p=2064"},"modified":"2025-02-27T12:01:07","modified_gmt":"2025-02-27T11:01:07","slug":"nemesis-kokpit-z-koordynatami","status":"publish","type":"product","link":"https:\/\/printyourfun.eu\/en\/product\/nemesis-kokpit-z-koordynatami\/","title":{"rendered":"Nemesis Kokpit z koordynatami"},"content":{"rendered":"<p><span style=\"color: #c66a26; font-size: 110%; border-left: 10px solid #c66a26; padding-left: 15px;\"><strong>Nemesis Kokpit z koordynatami.<\/strong><\/span><\/p>\n<p>-Dzie\u0144 dobry, czy ta winda jedzie w d\u00f3\u0142 ?<\/p>\n<p>-A gdzie ma jecha\u0107, w bok ? \ud83d\ude09<\/p>\n<p>Je\u017celi nie chcecie mie\u0107 takich rozterek przyda si\u0119 porz\u0105dny kokpit aby statek dolecia\u0142 tam gdzie akurat potrzeba \ud83d\ude00<\/p>\n<p>Je\u017celi konsorcjum Marsja\u0144skie chce przej\u0105\u0107 Nemesis to koordynaty wprowadzisz na tej konsoli z wysuwanym miejscem na kart\u0119 koordynat\u00f3w i oznaczanych kostkami obra\u017ce\u0144\/amunicji.<\/p>\n<p>Two variants, with or without claw marks.<\/p>\n<p><img loading=\"lazy\" decoding=\"async\" class=\"aligncenter size-medium wp-image-2105\" src=\"https:\/\/printyourfun.eu\/wp-content\/uploads\/2021\/12\/Kokpitwww-2-800x337.jpg\" alt=\"\" width=\"800\" height=\"337\" srcset=\"https:\/\/printyourfun.eu\/wp-content\/uploads\/2021\/12\/Kokpitwww-2-800x337.jpg 800w, https:\/\/printyourfun.eu\/wp-content\/uploads\/2021\/12\/Kokpitwww-2-1400x590.jpg 1400w, https:\/\/printyourfun.eu\/wp-content\/uploads\/2021\/12\/Kokpitwww-2-768x324.jpg 768w, https:\/\/printyourfun.eu\/wp-content\/uploads\/2021\/12\/Kokpitwww-2-1536x647.jpg 1536w, https:\/\/printyourfun.eu\/wp-content\/uploads\/2021\/12\/Kokpitwww-2-2048x863.jpg 2048w, https:\/\/printyourfun.eu\/wp-content\/uploads\/2021\/12\/Kokpitwww-2-18x8.jpg 18w, https:\/\/printyourfun.eu\/wp-content\/uploads\/2021\/12\/Kokpitwww-2-600x253.jpg 600w\" sizes=\"auto, (max-width: 800px) 100vw, 800px\" \/><\/p>\n<p>&nbsp;<\/p>\n<p>Material: PLA<\/p>\n<p>PRODUKT NIE ZAWIERA GRY PLANSZOWEJ I JEJ ELEMENT\u00d3W.<\/p>\n<p>Mo\u017cliwo\u015b\u0107 \u0142atwego malowania po uprzednim u\u017cyciu zwyk\u0142ego podk\u0142adu (primer).<\/p>","protected":false},"excerpt":{"rendered":"<p>Nemesis Kokpit z koordynatami. -Dzie\u0144 dobry, czy ta winda jedzie w d\u00f3\u0142 ? -A gdzie ma jecha\u0107, w bok ? \ud83d\ude09 Je\u017celi nie chcecie mie\u0107 takich rozterek przyda si\u0119 porz\u0105dny kokpit aby statek dolecia\u0142 tam gdzie akurat potrzeba \ud83d\ude00 Je\u017celi konsorcjum Marsja\u0144skie chce przej\u0105\u0107 Nemesis to koordynaty wprowadzisz na tej konsoli z wysuwanym miejscem na [&#8230;]","protected":false},"featured_media":2106,"comment_status":"open","ping_status":"closed","template":"","meta":{"_acf_changed":false},"product_brand":[],"product_cat":[70,76],"product_tag":[195,196,164,165],"class_list":{"0":"post-2064","1":"product","2":"type-product","3":"status-publish","4":"has-post-thumbnail","6":"product_cat-akcesoria-do-gier","7":"product_cat-elementy-3d-na-plansze","8":"product_tag-kokpit","9":"product_tag-koordynaty","10":"product_tag-nemesis","11":"product_tag-nemesis-board-game","13":"first","14":"instock","15":"shipping-taxable","16":"purchasable","17":"product-type-variable"},"acf":[],"yoast_head":"<!-- This site is optimized with the Yoast SEO plugin v24.8.1 - https:\/\/yoast.com\/wordpress\/plugins\/seo\/ -->\n<title>Nemesis Kokpit z koordynatami - PrintYourFun<\/title>\n<meta name=\"robots\" content=\"index, follow, max-snippet:-1, max-image-preview:large, max-video-preview:-1\" \/>\n<link rel=\"canonical\" href=\"https:\/\/printyourfun.eu\/en\/product\/nemesis-kokpit-z-koordynatami\/\" \/>\n<meta property=\"og:locale\" content=\"en_GB\" \/>\n<meta property=\"og:type\" content=\"article\" \/>\n<meta property=\"og:title\" content=\"Nemesis Kokpit z koordynatami - PrintYourFun\" \/>\n<meta property=\"og:description\" content=\"Nemesis Kokpit z koordynatami. -Dzie\u0144 dobry, czy ta winda jedzie w d\u00f3\u0142 ? -A gdzie ma jecha\u0107, w bok ? \ud83d\ude09 Je\u017celi nie chcecie mie\u0107 takich rozterek przyda si\u0119 porz\u0105dny kokpit aby statek dolecia\u0142 tam gdzie akurat potrzeba \ud83d\ude00 Je\u017celi konsorcjum Marsja\u0144skie chce przej\u0105\u0107 Nemesis to koordynaty wprowadzisz na tej konsoli z wysuwanym miejscem na [...]\" \/>\n<meta property=\"og:url\" content=\"https:\/\/printyourfun.eu\/en\/product\/nemesis-kokpit-z-koordynatami\/\" \/>\n<meta property=\"og:site_name\" content=\"PrintYourFun\" \/>\n<meta property=\"article:publisher\" content=\"https:\/\/www.facebook.com\/Printyourfun\/\" \/>\n<meta property=\"article:modified_time\" content=\"2025-02-27T11:01:07+00:00\" \/>\n<meta property=\"og:image\" content=\"https:\/\/printyourfun.eu\/wp-content\/uploads\/2021\/12\/Kokpit222.jpg\" \/>\n\t<meta property=\"og:image:width\" content=\"1846\" \/>\n\t<meta property=\"og:image:height\" content=\"1846\" \/>\n\t<meta property=\"og:image:type\" content=\"image\/jpeg\" \/>\n<meta name=\"twitter:card\" content=\"summary_large_image\" \/>\n<script type=\"application\/ld+json\" class=\"yoast-schema-graph\">{\"@context\":\"https:\/\/schema.org\",\"@graph\":[{\"@type\":\"WebPage\",\"@id\":\"https:\/\/printyourfun.eu\/product\/nemesis-kokpit-z-koordynatami\/\",\"url\":\"https:\/\/printyourfun.eu\/product\/nemesis-kokpit-z-koordynatami\/\",\"name\":\"Nemesis Kokpit z koordynatami - PrintYourFun\",\"isPartOf\":{\"@id\":\"https:\/\/printyourfun.eu\/#website\"},\"primaryImageOfPage\":{\"@id\":\"https:\/\/printyourfun.eu\/product\/nemesis-kokpit-z-koordynatami\/#primaryimage\"},\"image\":{\"@id\":\"https:\/\/printyourfun.eu\/product\/nemesis-kokpit-z-koordynatami\/#primaryimage\"},\"thumbnailUrl\":\"https:\/\/printyourfun.eu\/wp-content\/uploads\/2021\/12\/Kokpit222.jpg\",\"datePublished\":\"2021-12-12T10:34:26+00:00\",\"dateModified\":\"2025-02-27T11:01:07+00:00\",\"breadcrumb\":{\"@id\":\"https:\/\/printyourfun.eu\/product\/nemesis-kokpit-z-koordynatami\/#breadcrumb\"},\"inLanguage\":\"en-GB\",\"potentialAction\":[{\"@type\":\"ReadAction\",\"target\":[\"https:\/\/printyourfun.eu\/product\/nemesis-kokpit-z-koordynatami\/\"]}]},{\"@type\":\"ImageObject\",\"inLanguage\":\"en-GB\",\"@id\":\"https:\/\/printyourfun.eu\/product\/nemesis-kokpit-z-koordynatami\/#primaryimage\",\"url\":\"https:\/\/printyourfun.eu\/wp-content\/uploads\/2021\/12\/Kokpit222.jpg\",\"contentUrl\":\"https:\/\/printyourfun.eu\/wp-content\/uploads\/2021\/12\/Kokpit222.jpg\",\"width\":1846,\"height\":1846},{\"@type\":\"BreadcrumbList\",\"@id\":\"https:\/\/printyourfun.eu\/product\/nemesis-kokpit-z-koordynatami\/#breadcrumb\",\"itemListElement\":[{\"@type\":\"ListItem\",\"position\":1,\"name\":\"Home\",\"item\":\"https:\/\/printyourfun.eu\/\"},{\"@type\":\"ListItem\",\"position\":2,\"name\":\"Sklep\",\"item\":\"https:\/\/printyourfun.eu\/sklep\/\"},{\"@type\":\"ListItem\",\"position\":3,\"name\":\"Nemesis Kokpit z koordynatami\"}]},{\"@type\":\"WebSite\",\"@id\":\"https:\/\/printyourfun.eu\/#website\",\"url\":\"https:\/\/printyourfun.eu\/\",\"name\":\"PrintYourFun\",\"description\":\"Wydruki 3D\",\"potentialAction\":[{\"@type\":\"SearchAction\",\"target\":{\"@type\":\"EntryPoint\",\"urlTemplate\":\"https:\/\/printyourfun.eu\/?s={search_term_string}\"},\"query-input\":{\"@type\":\"PropertyValueSpecification\",\"valueRequired\":true,\"valueName\":\"search_term_string\"}}],\"inLanguage\":\"en-GB\"}]}<\/script>\n<!-- \/ Yoast SEO plugin. -->","yoast_head_json":{"title":"Nemesis Kokpit z koordynatami - PrintYourFun","robots":{"index":"index","follow":"follow","max-snippet":"max-snippet:-1","max-image-preview":"max-image-preview:large","max-video-preview":"max-video-preview:-1"},"canonical":"https:\/\/printyourfun.eu\/en\/product\/nemesis-kokpit-z-koordynatami\/","og_locale":"en_GB","og_type":"article","og_title":"Nemesis Kokpit z koordynatami - PrintYourFun","og_description":"Nemesis Kokpit z koordynatami. -Dzie\u0144 dobry, czy ta winda jedzie w d\u00f3\u0142 ? -A gdzie ma jecha\u0107, w bok ? \ud83d\ude09 Je\u017celi nie chcecie mie\u0107 takich rozterek przyda si\u0119 porz\u0105dny kokpit aby statek dolecia\u0142 tam gdzie akurat potrzeba \ud83d\ude00 Je\u017celi konsorcjum Marsja\u0144skie chce przej\u0105\u0107 Nemesis to koordynaty wprowadzisz na tej konsoli z wysuwanym miejscem na [...]","og_url":"https:\/\/printyourfun.eu\/en\/product\/nemesis-kokpit-z-koordynatami\/","og_site_name":"PrintYourFun","article_publisher":"https:\/\/www.facebook.com\/Printyourfun\/","article_modified_time":"2025-02-27T11:01:07+00:00","og_image":[{"width":1846,"height":1846,"url":"https:\/\/printyourfun.eu\/wp-content\/uploads\/2021\/12\/Kokpit222.jpg","type":"image\/jpeg"}],"twitter_card":"summary_large_image","schema":{"@context":"https:\/\/schema.org","@graph":[{"@type":"WebPage","@id":"https:\/\/printyourfun.eu\/product\/nemesis-kokpit-z-koordynatami\/","url":"https:\/\/printyourfun.eu\/product\/nemesis-kokpit-z-koordynatami\/","name":"Nemesis Kokpit z koordynatami - PrintYourFun","isPartOf":{"@id":"https:\/\/printyourfun.eu\/#website"},"primaryImageOfPage":{"@id":"https:\/\/printyourfun.eu\/product\/nemesis-kokpit-z-koordynatami\/#primaryimage"},"image":{"@id":"https:\/\/printyourfun.eu\/product\/nemesis-kokpit-z-koordynatami\/#primaryimage"},"thumbnailUrl":"https:\/\/printyourfun.eu\/wp-content\/uploads\/2021\/12\/Kokpit222.jpg","datePublished":"2021-12-12T10:34:26+00:00","dateModified":"2025-02-27T11:01:07+00:00","breadcrumb":{"@id":"https:\/\/printyourfun.eu\/product\/nemesis-kokpit-z-koordynatami\/#breadcrumb"},"inLanguage":"en-GB","potentialAction":[{"@type":"ReadAction","target":["https:\/\/printyourfun.eu\/product\/nemesis-kokpit-z-koordynatami\/"]}]},{"@type":"ImageObject","inLanguage":"en-GB","@id":"https:\/\/printyourfun.eu\/product\/nemesis-kokpit-z-koordynatami\/#primaryimage","url":"https:\/\/printyourfun.eu\/wp-content\/uploads\/2021\/12\/Kokpit222.jpg","contentUrl":"https:\/\/printyourfun.eu\/wp-content\/uploads\/2021\/12\/Kokpit222.jpg","width":1846,"height":1846},{"@type":"BreadcrumbList","@id":"https:\/\/printyourfun.eu\/product\/nemesis-kokpit-z-koordynatami\/#breadcrumb","itemListElement":[{"@type":"ListItem","position":1,"name":"Home","item":"https:\/\/printyourfun.eu\/"},{"@type":"ListItem","position":2,"name":"Sklep","item":"https:\/\/printyourfun.eu\/sklep\/"},{"@type":"ListItem","position":3,"name":"Nemesis Kokpit z koordynatami"}]},{"@type":"WebSite","@id":"https:\/\/printyourfun.eu\/#website","url":"https:\/\/printyourfun.eu\/","name":"PrintYourFun","description":"Wydruki 3D","potentialAction":[{"@type":"SearchAction","target":{"@type":"EntryPoint","urlTemplate":"https:\/\/printyourfun.eu\/?s={search_term_string}"},"query-input":{"@type":"PropertyValueSpecification","valueRequired":true,"valueName":"search_term_string"}}],"inLanguage":"en-GB"}]}},"_links":{"self":[{"href":"https:\/\/printyourfun.eu\/en\/wp-json\/wp\/v2\/product\/2064","targetHints":{"allow":["GET"]}}],"collection":[{"href":"https:\/\/printyourfun.eu\/en\/wp-json\/wp\/v2\/product"}],"about":[{"href":"https:\/\/printyourfun.eu\/en\/wp-json\/wp\/v2\/types\/product"}],"replies":[{"embeddable":true,"href":"https:\/\/printyourfun.eu\/en\/wp-json\/wp\/v2\/comments?post=2064"}],"wp:featuredmedia":[{"embeddable":true,"href":"https:\/\/printyourfun.eu\/en\/wp-json\/wp\/v2\/media\/2106"}],"wp:attachment":[{"href":"https:\/\/printyourfun.eu\/en\/wp-json\/wp\/v2\/media?parent=2064"}],"wp:term":[{"taxonomy":"product_brand","embeddable":true,"href":"https:\/\/printyourfun.eu\/en\/wp-json\/wp\/v2\/product_brand?post=2064"},{"taxonomy":"product_cat","embeddable":true,"href":"https:\/\/printyourfun.eu\/en\/wp-json\/wp\/v2\/product_cat?post=2064"},{"taxonomy":"product_tag","embeddable":true,"href":"https:\/\/printyourfun.eu\/en\/wp-json\/wp\/v2\/product_tag?post=2064"}],"curies":[{"name":"wp","href":"https:\/\/api.w.org\/{rel}","templated":true}]}}