{"id":2158,"date":"2021-12-19T12:46:59","date_gmt":"2021-12-19T11:46:59","guid":{"rendered":"https:\/\/printyourfun.eu\/?post_type=product&#038;p=2158"},"modified":"2025-02-27T12:01:07","modified_gmt":"2025-02-27T11:01:07","slug":"insert-everdell-plus-6-dodatkow","status":"publish","type":"product","link":"https:\/\/printyourfun.eu\/en\/product\/insert-everdell-plus-6-dodatkow\/","title":{"rendered":"Insert Everdell plus 6 dodatk\u00f3w"},"content":{"rendered":"<p><span style=\"color: #c66a26; font-size: 110%; border-left: 10px solid #c66a26; padding-left: 15px;\"><strong>Insert do Everdell oraz na wszystkie dodatki.<\/strong><\/span><\/p>\n<p>Insert mie\u015bci podstawow\u0105 wersj\u0119 gry wraz z dodatkami:<\/p>\n<p>&#8211; Dodatek &#8222;\u015awi\u0119to Lata&#8221;<\/p>\n<p>&#8211; Dodatek &#8222;Per\u0142owy Potok&#8221; ***<\/p>\n<p>&#8211; Dodatek &#8221; Zimowy Szczyt&#8221;<\/p>\n<p>&#8211; Dodatek &#8222;Krostawiec&#8221;<\/p>\n<p>&#8211; Dodatek &#8222;Wi\u0119cej! Wi\u0119cej!&#8221;<\/p>\n<p>&#8211; Dodatek &#8221; Legendy&#8221;<\/p>\n<p>*** Sk\u0142adane elementy z dodatku Per\u0142owy potok sugerujemy przetrzymywa\u0107 w oryginalnym opakowaniu dodatku, gdy\u017c cz\u0119ste rozk\u0142adanie ich i sk\u0142adanie doprowadzi do szybkiego uszkodzenia kartonik\u00f3w, insert nie pozwala na umieszczenie ich w wersji z\u0142o\u017conej w ca\u0142o\u015b\u0107.<\/p>\n<p><img loading=\"lazy\" decoding=\"async\" class=\"aligncenter size-medium wp-image-2199\" src=\"https:\/\/printyourfun.eu\/wp-content\/uploads\/2021\/12\/eve1-626x400.jpg\" alt=\"\" width=\"626\" height=\"400\" srcset=\"https:\/\/printyourfun.eu\/wp-content\/uploads\/2021\/12\/eve1-626x400.jpg 626w, https:\/\/printyourfun.eu\/wp-content\/uploads\/2021\/12\/eve1-1251x800.jpg 1251w, https:\/\/printyourfun.eu\/wp-content\/uploads\/2021\/12\/eve1-768x491.jpg 768w, https:\/\/printyourfun.eu\/wp-content\/uploads\/2021\/12\/eve1-1536x982.jpg 1536w, https:\/\/printyourfun.eu\/wp-content\/uploads\/2021\/12\/eve1-18x12.jpg 18w, https:\/\/printyourfun.eu\/wp-content\/uploads\/2021\/12\/eve1-600x384.jpg 600w, https:\/\/printyourfun.eu\/wp-content\/uploads\/2021\/12\/eve1.jpg 1791w\" sizes=\"auto, (max-width: 626px) 100vw, 626px\" \/><\/p>\n<p>&nbsp;<\/p>\n<p>Druk 3D\u00a0 \u00a0 Materia\u0142 : PLA<\/p>\n<p>PRODUKT NIE ZAWIERA GRY PLANSZOWEJ I JEJ ELEMENT\u00d3W.<\/p>\n<p>&nbsp;<\/p>","protected":false},"excerpt":{"rendered":"<p>Insert do Everdell oraz na wszystkie dodatki. Insert mie\u015bci podstawow\u0105 wersj\u0119 gry wraz z dodatkami: &#8211; Dodatek &#8222;\u015awi\u0119to Lata&#8221; &#8211; Dodatek &#8222;Per\u0142owy Potok&#8221; *** &#8211; Dodatek &#8221; Zimowy Szczyt&#8221; &#8211; Dodatek &#8222;Krostawiec&#8221; &#8211; Dodatek &#8222;Wi\u0119cej! Wi\u0119cej!&#8221; &#8211; Dodatek &#8221; Legendy&#8221; *** Sk\u0142adane elementy z dodatku Per\u0142owy potok sugerujemy przetrzymywa\u0107 w oryginalnym opakowaniu dodatku, gdy\u017c cz\u0119ste [&#8230;]","protected":false},"featured_media":2200,"comment_status":"open","ping_status":"closed","template":"","meta":{"_acf_changed":false},"product_brand":[],"product_cat":[70,77],"product_tag":[136,128],"class_list":{"0":"post-2158","1":"product","2":"type-product","3":"status-publish","4":"has-post-thumbnail","6":"product_cat-akcesoria-do-gier","7":"product_cat-inserty","8":"product_tag-everdell","9":"product_tag-insert","11":"first","12":"instock","13":"shipping-taxable","14":"purchasable","15":"product-type-variable"},"acf":[],"yoast_head":"<!-- This site is optimized with the Yoast SEO plugin v24.8.1 - https:\/\/yoast.com\/wordpress\/plugins\/seo\/ -->\n<title>Insert Everdell plus 6 dodatk\u00f3w - PrintYourFun<\/title>\n<meta name=\"description\" content=\"Insert do Everdell na wszystkie 6 dodatk\u00f3w. System sk\u0142adowania gry w oryginalnym pude\u0142ku, u\u0142atwia organizacje i przechowywanie.\" \/>\n<meta name=\"robots\" content=\"index, follow, max-snippet:-1, max-image-preview:large, max-video-preview:-1\" \/>\n<link rel=\"canonical\" href=\"https:\/\/printyourfun.eu\/en\/product\/insert-everdell-plus-6-dodatkow\/\" \/>\n<meta property=\"og:locale\" content=\"en_GB\" \/>\n<meta property=\"og:type\" content=\"article\" \/>\n<meta property=\"og:title\" content=\"Insert Everdell plus 6 dodatk\u00f3w - PrintYourFun\" \/>\n<meta property=\"og:description\" content=\"Insert do Everdell na wszystkie 6 dodatk\u00f3w. System sk\u0142adowania gry w oryginalnym pude\u0142ku, u\u0142atwia organizacje i przechowywanie.\" \/>\n<meta property=\"og:url\" content=\"https:\/\/printyourfun.eu\/en\/product\/insert-everdell-plus-6-dodatkow\/\" \/>\n<meta property=\"og:site_name\" content=\"PrintYourFun\" \/>\n<meta property=\"article:publisher\" content=\"https:\/\/www.facebook.com\/Printyourfun\/\" \/>\n<meta property=\"article:modified_time\" content=\"2025-02-27T11:01:07+00:00\" \/>\n<meta property=\"og:image\" content=\"https:\/\/printyourfun.eu\/wp-content\/uploads\/2021\/12\/eve1-www.jpg\" \/>\n\t<meta property=\"og:image:width\" content=\"1418\" \/>\n\t<meta property=\"og:image:height\" content=\"1418\" \/>\n\t<meta property=\"og:image:type\" content=\"image\/jpeg\" \/>\n<meta name=\"twitter:card\" content=\"summary_large_image\" \/>\n<meta name=\"twitter:label1\" content=\"Estimated reading time\" \/>\n\t<meta name=\"twitter:data1\" content=\"1 minute\" \/>\n<script type=\"application\/ld+json\" class=\"yoast-schema-graph\">{\"@context\":\"https:\/\/schema.org\",\"@graph\":[{\"@type\":\"WebPage\",\"@id\":\"https:\/\/printyourfun.eu\/product\/insert-everdell-plus-6-dodatkow\/\",\"url\":\"https:\/\/printyourfun.eu\/product\/insert-everdell-plus-6-dodatkow\/\",\"name\":\"Insert Everdell plus 6 dodatk\u00f3w - PrintYourFun\",\"isPartOf\":{\"@id\":\"https:\/\/printyourfun.eu\/#website\"},\"primaryImageOfPage\":{\"@id\":\"https:\/\/printyourfun.eu\/product\/insert-everdell-plus-6-dodatkow\/#primaryimage\"},\"image\":{\"@id\":\"https:\/\/printyourfun.eu\/product\/insert-everdell-plus-6-dodatkow\/#primaryimage\"},\"thumbnailUrl\":\"https:\/\/printyourfun.eu\/wp-content\/uploads\/2021\/12\/eve1-www.jpg\",\"datePublished\":\"2021-12-19T11:46:59+00:00\",\"dateModified\":\"2025-02-27T11:01:07+00:00\",\"description\":\"Insert do Everdell na wszystkie 6 dodatk\u00f3w. System sk\u0142adowania gry w oryginalnym pude\u0142ku, u\u0142atwia organizacje i przechowywanie.\",\"breadcrumb\":{\"@id\":\"https:\/\/printyourfun.eu\/product\/insert-everdell-plus-6-dodatkow\/#breadcrumb\"},\"inLanguage\":\"en-GB\",\"potentialAction\":[{\"@type\":\"ReadAction\",\"target\":[\"https:\/\/printyourfun.eu\/product\/insert-everdell-plus-6-dodatkow\/\"]}]},{\"@type\":\"ImageObject\",\"inLanguage\":\"en-GB\",\"@id\":\"https:\/\/printyourfun.eu\/product\/insert-everdell-plus-6-dodatkow\/#primaryimage\",\"url\":\"https:\/\/printyourfun.eu\/wp-content\/uploads\/2021\/12\/eve1-www.jpg\",\"contentUrl\":\"https:\/\/printyourfun.eu\/wp-content\/uploads\/2021\/12\/eve1-www.jpg\",\"width\":1418,\"height\":1418},{\"@type\":\"BreadcrumbList\",\"@id\":\"https:\/\/printyourfun.eu\/product\/insert-everdell-plus-6-dodatkow\/#breadcrumb\",\"itemListElement\":[{\"@type\":\"ListItem\",\"position\":1,\"name\":\"Home\",\"item\":\"https:\/\/printyourfun.eu\/\"},{\"@type\":\"ListItem\",\"position\":2,\"name\":\"Sklep\",\"item\":\"https:\/\/printyourfun.eu\/sklep\/\"},{\"@type\":\"ListItem\",\"position\":3,\"name\":\"Insert Everdell plus 6 dodatk\u00f3w\"}]},{\"@type\":\"WebSite\",\"@id\":\"https:\/\/printyourfun.eu\/#website\",\"url\":\"https:\/\/printyourfun.eu\/\",\"name\":\"PrintYourFun\",\"description\":\"Wydruki 3D\",\"potentialAction\":[{\"@type\":\"SearchAction\",\"target\":{\"@type\":\"EntryPoint\",\"urlTemplate\":\"https:\/\/printyourfun.eu\/?s={search_term_string}\"},\"query-input\":{\"@type\":\"PropertyValueSpecification\",\"valueRequired\":true,\"valueName\":\"search_term_string\"}}],\"inLanguage\":\"en-GB\"}]}<\/script>\n<!-- \/ Yoast SEO plugin. -->","yoast_head_json":{"title":"Insert Everdell plus 6 dodatk\u00f3w - PrintYourFun","description":"Insert do Everdell na wszystkie 6 dodatk\u00f3w. System sk\u0142adowania gry w oryginalnym pude\u0142ku, u\u0142atwia organizacje i przechowywanie.","robots":{"index":"index","follow":"follow","max-snippet":"max-snippet:-1","max-image-preview":"max-image-preview:large","max-video-preview":"max-video-preview:-1"},"canonical":"https:\/\/printyourfun.eu\/en\/product\/insert-everdell-plus-6-dodatkow\/","og_locale":"en_GB","og_type":"article","og_title":"Insert Everdell plus 6 dodatk\u00f3w - PrintYourFun","og_description":"Insert do Everdell na wszystkie 6 dodatk\u00f3w. System sk\u0142adowania gry w oryginalnym pude\u0142ku, u\u0142atwia organizacje i przechowywanie.","og_url":"https:\/\/printyourfun.eu\/en\/product\/insert-everdell-plus-6-dodatkow\/","og_site_name":"PrintYourFun","article_publisher":"https:\/\/www.facebook.com\/Printyourfun\/","article_modified_time":"2025-02-27T11:01:07+00:00","og_image":[{"width":1418,"height":1418,"url":"https:\/\/printyourfun.eu\/wp-content\/uploads\/2021\/12\/eve1-www.jpg","type":"image\/jpeg"}],"twitter_card":"summary_large_image","twitter_misc":{"Estimated reading time":"1 minute"},"schema":{"@context":"https:\/\/schema.org","@graph":[{"@type":"WebPage","@id":"https:\/\/printyourfun.eu\/product\/insert-everdell-plus-6-dodatkow\/","url":"https:\/\/printyourfun.eu\/product\/insert-everdell-plus-6-dodatkow\/","name":"Insert Everdell plus 6 dodatk\u00f3w - PrintYourFun","isPartOf":{"@id":"https:\/\/printyourfun.eu\/#website"},"primaryImageOfPage":{"@id":"https:\/\/printyourfun.eu\/product\/insert-everdell-plus-6-dodatkow\/#primaryimage"},"image":{"@id":"https:\/\/printyourfun.eu\/product\/insert-everdell-plus-6-dodatkow\/#primaryimage"},"thumbnailUrl":"https:\/\/printyourfun.eu\/wp-content\/uploads\/2021\/12\/eve1-www.jpg","datePublished":"2021-12-19T11:46:59+00:00","dateModified":"2025-02-27T11:01:07+00:00","description":"Insert do Everdell na wszystkie 6 dodatk\u00f3w. System sk\u0142adowania gry w oryginalnym pude\u0142ku, u\u0142atwia organizacje i przechowywanie.","breadcrumb":{"@id":"https:\/\/printyourfun.eu\/product\/insert-everdell-plus-6-dodatkow\/#breadcrumb"},"inLanguage":"en-GB","potentialAction":[{"@type":"ReadAction","target":["https:\/\/printyourfun.eu\/product\/insert-everdell-plus-6-dodatkow\/"]}]},{"@type":"ImageObject","inLanguage":"en-GB","@id":"https:\/\/printyourfun.eu\/product\/insert-everdell-plus-6-dodatkow\/#primaryimage","url":"https:\/\/printyourfun.eu\/wp-content\/uploads\/2021\/12\/eve1-www.jpg","contentUrl":"https:\/\/printyourfun.eu\/wp-content\/uploads\/2021\/12\/eve1-www.jpg","width":1418,"height":1418},{"@type":"BreadcrumbList","@id":"https:\/\/printyourfun.eu\/product\/insert-everdell-plus-6-dodatkow\/#breadcrumb","itemListElement":[{"@type":"ListItem","position":1,"name":"Home","item":"https:\/\/printyourfun.eu\/"},{"@type":"ListItem","position":2,"name":"Sklep","item":"https:\/\/printyourfun.eu\/sklep\/"},{"@type":"ListItem","position":3,"name":"Insert Everdell plus 6 dodatk\u00f3w"}]},{"@type":"WebSite","@id":"https:\/\/printyourfun.eu\/#website","url":"https:\/\/printyourfun.eu\/","name":"PrintYourFun","description":"Wydruki 3D","potentialAction":[{"@type":"SearchAction","target":{"@type":"EntryPoint","urlTemplate":"https:\/\/printyourfun.eu\/?s={search_term_string}"},"query-input":{"@type":"PropertyValueSpecification","valueRequired":true,"valueName":"search_term_string"}}],"inLanguage":"en-GB"}]}},"_links":{"self":[{"href":"https:\/\/printyourfun.eu\/en\/wp-json\/wp\/v2\/product\/2158","targetHints":{"allow":["GET"]}}],"collection":[{"href":"https:\/\/printyourfun.eu\/en\/wp-json\/wp\/v2\/product"}],"about":[{"href":"https:\/\/printyourfun.eu\/en\/wp-json\/wp\/v2\/types\/product"}],"replies":[{"embeddable":true,"href":"https:\/\/printyourfun.eu\/en\/wp-json\/wp\/v2\/comments?post=2158"}],"wp:featuredmedia":[{"embeddable":true,"href":"https:\/\/printyourfun.eu\/en\/wp-json\/wp\/v2\/media\/2200"}],"wp:attachment":[{"href":"https:\/\/printyourfun.eu\/en\/wp-json\/wp\/v2\/media?parent=2158"}],"wp:term":[{"taxonomy":"product_brand","embeddable":true,"href":"https:\/\/printyourfun.eu\/en\/wp-json\/wp\/v2\/product_brand?post=2158"},{"taxonomy":"product_cat","embeddable":true,"href":"https:\/\/printyourfun.eu\/en\/wp-json\/wp\/v2\/product_cat?post=2158"},{"taxonomy":"product_tag","embeddable":true,"href":"https:\/\/printyourfun.eu\/en\/wp-json\/wp\/v2\/product_tag?post=2158"}],"curies":[{"name":"wp","href":"https:\/\/api.w.org\/{rel}","templated":true}]}}