{"id":2358,"date":"2022-01-10T15:51:10","date_gmt":"2022-01-10T14:51:10","guid":{"rendered":"https:\/\/printyourfun.eu\/?post_type=product&#038;p=2358"},"modified":"2025-02-27T12:00:34","modified_gmt":"2025-02-27T11:00:34","slug":"szarlatani-z-pasikurowic-gumowe-kolorowe-oslony-na-zetony-k","status":"publish","type":"product","link":"https:\/\/printyourfun.eu\/en\/product\/szarlatani-z-pasikurowic-gumowe-kolorowe-oslony-na-zetony-k\/","title":{"rendered":"Szarlatani z Pasikurowic gumowe kolorowe os\u0142ony na \u017cetony"},"content":{"rendered":"<p style=\"text-align: left;\"><span style=\"color: #c66a26; font-size: 110%; border-left: 10px solid #c66a26; padding-left: 15px;\"><strong>Szarlatani z Pasikurowic gumowe os\u0142ony na \u017cetony, wielokolorowe &#8211; w kolorach \u017ceton\u00f3w.<\/strong><\/span><\/p>\n<p>Idealnie chroni\u0105 przed wycieraniem i rozwarstwianiem si\u0119 \u017ceton\u00f3w podczas cz\u0119stego u\u017cywania zapewniaj\u0105c d\u0142ugowieczno\u015b\u0107.<\/p>\n<p>U\u0142atwiaj\u0105 te\u017c losowanie i podnoszenie \u017ceton\u00f3w ze sto\u0142u dzi\u0119ki gumowej strukturze os\u0142on.<\/p>\n<p><strong>W sk\u0142ad zestawu &#8222;podstawowego&#8221; wchodzi: 216 os\u0142onek<\/strong><\/p>\n<p>-Sk\u0142adniki<\/p>\n<p>Bia\u0142e 32 szt<\/p>\n<p>Zielone 38 szt<\/p>\n<p>Niebieskie 34 szt<\/p>\n<p>Czerwone 30 szt<\/p>\n<p>\u017b\u00f3\u0142te 29 szt<\/p>\n<p>Fiolet 15 szt<\/p>\n<p>Pomara\u0144cz 20 szt<\/p>\n<p>Czarne 18 szt<\/p>\n<p>Kwadraty punkt\u00f3w 4 szt<\/p>\n<p>&nbsp;<\/p>\n<p><strong>W sk\u0142ad zestawu &#8222;Szeptuchy&#8221; wchodzi: 169 os\u0142onek<\/strong><\/p>\n<p>Monety okr\u0105g\u0142e 15 szt<\/p>\n<p>Kwadrat pkt 1 szt<\/p>\n<p>-Sk\u0142adniki<\/p>\n<p>bia\u0142e 14 szt<\/p>\n<p>Paprocie 24 szt<\/p>\n<p>Czarne 8 szt<\/p>\n<p>fioletowe 8 szt<\/p>\n<p>\u017c\u00f3\u0142te 16 szt<\/p>\n<p>Zielone 18 szt<\/p>\n<p>Niebieskie 17 szt<\/p>\n<p>Czerwone 16 szt<\/p>\n<p>Pomara\u0144czowe 32 szt<\/p>\n<p><img loading=\"lazy\" decoding=\"async\" class=\"aligncenter size-medium wp-image-2136\" src=\"https:\/\/printyourfun.eu\/wp-content\/uploads\/2021\/12\/Dodatek-szeptuchy-kolor-www-790x400.jpg\" alt=\"\" width=\"790\" height=\"400\" srcset=\"https:\/\/printyourfun.eu\/wp-content\/uploads\/2021\/12\/Dodatek-szeptuchy-kolor-www-790x400.jpg 790w, https:\/\/printyourfun.eu\/wp-content\/uploads\/2021\/12\/Dodatek-szeptuchy-kolor-www-1400x709.jpg 1400w, https:\/\/printyourfun.eu\/wp-content\/uploads\/2021\/12\/Dodatek-szeptuchy-kolor-www-768x389.jpg 768w, https:\/\/printyourfun.eu\/wp-content\/uploads\/2021\/12\/Dodatek-szeptuchy-kolor-www-1536x777.jpg 1536w, https:\/\/printyourfun.eu\/wp-content\/uploads\/2021\/12\/Dodatek-szeptuchy-kolor-www-2048x1037.jpg 2048w, https:\/\/printyourfun.eu\/wp-content\/uploads\/2021\/12\/Dodatek-szeptuchy-kolor-www-18x9.jpg 18w, https:\/\/printyourfun.eu\/wp-content\/uploads\/2021\/12\/Dodatek-szeptuchy-kolor-www-600x304.jpg 600w\" sizes=\"auto, (max-width: 790px) 100vw, 790px\" \/><\/p>\n<p><strong>W sk\u0142ad zestawu\u00a0\u00a0&#8222;Znachorzy&#8221; wchodzi: 78 os\u0142onek<\/strong><\/p>\n<p>-Sk\u0142adniki<\/p>\n<p>Bia\u0142e 40 szt<\/p>\n<p>Paprotki 30 szt<\/p>\n<p>Pacjenci 8 szt<\/p>\n<p><img loading=\"lazy\" decoding=\"async\" class=\"aligncenter size-medium wp-image-2134\" src=\"https:\/\/printyourfun.eu\/wp-content\/uploads\/2021\/12\/znachorzy-kolor-722x400.jpg\" alt=\"\" width=\"722\" height=\"400\" srcset=\"https:\/\/printyourfun.eu\/wp-content\/uploads\/2021\/12\/znachorzy-kolor-722x400.jpg 722w, https:\/\/printyourfun.eu\/wp-content\/uploads\/2021\/12\/znachorzy-kolor-1400x775.jpg 1400w, https:\/\/printyourfun.eu\/wp-content\/uploads\/2021\/12\/znachorzy-kolor-768x425.jpg 768w, https:\/\/printyourfun.eu\/wp-content\/uploads\/2021\/12\/znachorzy-kolor-1536x851.jpg 1536w, https:\/\/printyourfun.eu\/wp-content\/uploads\/2021\/12\/znachorzy-kolor-2048x1134.jpg 2048w, https:\/\/printyourfun.eu\/wp-content\/uploads\/2021\/12\/znachorzy-kolor-18x10.jpg 18w, https:\/\/printyourfun.eu\/wp-content\/uploads\/2021\/12\/znachorzy-kolor-600x332.jpg 600w\" sizes=\"auto, (max-width: 722px) 100vw, 722px\" \/><\/p>\n<p>&nbsp;<\/p>\n<p>Materia\u0142 : TPU &#8211; guma, trwa\u0142y i wytrzyma\u0142y.<\/p>\n<p>PRODUKT NIE ZAWIERA GRY PLANSZOWEJ I JEJ ELEMENT\u00d3W.<\/p>\n<h6><\/h6>","protected":false},"excerpt":{"rendered":"<p>Szarlatani z Pasikurowic gumowe os\u0142ony na \u017cetony, wielokolorowe &#8211; w kolorach \u017ceton\u00f3w. Idealnie chroni\u0105 przed wycieraniem i rozwarstwianiem si\u0119 \u017ceton\u00f3w podczas cz\u0119stego u\u017cywania zapewniaj\u0105c d\u0142ugowieczno\u015b\u0107. U\u0142atwiaj\u0105 te\u017c losowanie i podnoszenie \u017ceton\u00f3w ze sto\u0142u dzi\u0119ki gumowej strukturze os\u0142on. W sk\u0142ad zestawu &#8222;podstawowego&#8221; wchodzi: 216 os\u0142onek -Sk\u0142adniki Bia\u0142e 32 szt Zielone 38 szt Niebieskie 34 szt Czerwone [&#8230;]","protected":false},"featured_media":2137,"comment_status":"open","ping_status":"closed","template":"","meta":{"_acf_changed":false},"product_brand":[],"product_cat":[70,79],"product_tag":[173,209,174,175,199,200],"class_list":{"0":"post-2358","1":"product","2":"type-product","3":"status-publish","4":"has-post-thumbnail","6":"product_cat-akcesoria-do-gier","7":"product_cat-oslony-na-zetony","8":"product_tag-gumowe","9":"product_tag-kolorowe","10":"product_tag-oslony","11":"product_tag-protektory","12":"product_tag-szarlatani","13":"product_tag-szarlatani-z-pasikurowic","15":"first","16":"instock","17":"featured","18":"shipping-taxable","19":"purchasable","20":"product-type-simple"},"acf":[],"yoast_head":"<!-- This site is optimized with the Yoast SEO plugin v24.8.1 - https:\/\/yoast.com\/wordpress\/plugins\/seo\/ -->\n<title>Szarlatani z Pasikurowic gumowe kolorowe os\u0142ony na \u017cetony - PrintYourFun<\/title>\n<meta name=\"robots\" content=\"index, follow, max-snippet:-1, max-image-preview:large, max-video-preview:-1\" \/>\n<link rel=\"canonical\" href=\"https:\/\/printyourfun.eu\/en\/product\/szarlatani-z-pasikurowic-gumowe-kolorowe-oslony-na-zetony-k\/\" \/>\n<meta property=\"og:locale\" content=\"en_GB\" \/>\n<meta property=\"og:type\" content=\"article\" \/>\n<meta property=\"og:title\" content=\"Szarlatani z Pasikurowic gumowe kolorowe os\u0142ony na \u017cetony - PrintYourFun\" \/>\n<meta property=\"og:description\" content=\"Szarlatani z Pasikurowic gumowe os\u0142ony na \u017cetony, wielokolorowe &#8211; w kolorach \u017ceton\u00f3w. Idealnie chroni\u0105 przed wycieraniem i rozwarstwianiem si\u0119 \u017ceton\u00f3w podczas cz\u0119stego u\u017cywania zapewniaj\u0105c d\u0142ugowieczno\u015b\u0107. U\u0142atwiaj\u0105 te\u017c losowanie i podnoszenie \u017ceton\u00f3w ze sto\u0142u dzi\u0119ki gumowej strukturze os\u0142on. W sk\u0142ad zestawu &#8222;podstawowego&#8221; wchodzi: 216 os\u0142onek -Sk\u0142adniki Bia\u0142e 32 szt Zielone 38 szt Niebieskie 34 szt Czerwone [...]\" \/>\n<meta property=\"og:url\" content=\"https:\/\/printyourfun.eu\/en\/product\/szarlatani-z-pasikurowic-gumowe-kolorowe-oslony-na-zetony-k\/\" \/>\n<meta property=\"og:site_name\" content=\"PrintYourFun\" \/>\n<meta property=\"article:publisher\" content=\"https:\/\/www.facebook.com\/Printyourfun\/\" \/>\n<meta property=\"article:modified_time\" content=\"2025-02-27T11:00:34+00:00\" \/>\n<meta property=\"og:image\" content=\"https:\/\/printyourfun.eu\/wp-content\/uploads\/2021\/12\/Podstawka-wielokolorowa2-duza-1.jpg\" \/>\n\t<meta property=\"og:image:width\" content=\"1948\" \/>\n\t<meta property=\"og:image:height\" content=\"1948\" \/>\n\t<meta property=\"og:image:type\" content=\"image\/jpeg\" \/>\n<meta name=\"twitter:card\" content=\"summary_large_image\" \/>\n<meta name=\"twitter:label1\" content=\"Estimated reading time\" \/>\n\t<meta name=\"twitter:data1\" content=\"2 minutes\" \/>\n<script type=\"application\/ld+json\" class=\"yoast-schema-graph\">{\"@context\":\"https:\/\/schema.org\",\"@graph\":[{\"@type\":\"WebPage\",\"@id\":\"https:\/\/printyourfun.eu\/product\/szarlatani-z-pasikurowic-gumowe-kolorowe-oslony-na-zetony-k\/\",\"url\":\"https:\/\/printyourfun.eu\/product\/szarlatani-z-pasikurowic-gumowe-kolorowe-oslony-na-zetony-k\/\",\"name\":\"Szarlatani z Pasikurowic gumowe kolorowe os\u0142ony na \u017cetony - PrintYourFun\",\"isPartOf\":{\"@id\":\"https:\/\/printyourfun.eu\/#website\"},\"primaryImageOfPage\":{\"@id\":\"https:\/\/printyourfun.eu\/product\/szarlatani-z-pasikurowic-gumowe-kolorowe-oslony-na-zetony-k\/#primaryimage\"},\"image\":{\"@id\":\"https:\/\/printyourfun.eu\/product\/szarlatani-z-pasikurowic-gumowe-kolorowe-oslony-na-zetony-k\/#primaryimage\"},\"thumbnailUrl\":\"https:\/\/printyourfun.eu\/wp-content\/uploads\/2021\/12\/Podstawka-wielokolorowa2-duza-1.jpg\",\"datePublished\":\"2022-01-10T14:51:10+00:00\",\"dateModified\":\"2025-02-27T11:00:34+00:00\",\"breadcrumb\":{\"@id\":\"https:\/\/printyourfun.eu\/product\/szarlatani-z-pasikurowic-gumowe-kolorowe-oslony-na-zetony-k\/#breadcrumb\"},\"inLanguage\":\"en-GB\",\"potentialAction\":[{\"@type\":\"ReadAction\",\"target\":[\"https:\/\/printyourfun.eu\/product\/szarlatani-z-pasikurowic-gumowe-kolorowe-oslony-na-zetony-k\/\"]}]},{\"@type\":\"ImageObject\",\"inLanguage\":\"en-GB\",\"@id\":\"https:\/\/printyourfun.eu\/product\/szarlatani-z-pasikurowic-gumowe-kolorowe-oslony-na-zetony-k\/#primaryimage\",\"url\":\"https:\/\/printyourfun.eu\/wp-content\/uploads\/2021\/12\/Podstawka-wielokolorowa2-duza-1.jpg\",\"contentUrl\":\"https:\/\/printyourfun.eu\/wp-content\/uploads\/2021\/12\/Podstawka-wielokolorowa2-duza-1.jpg\",\"width\":1948,\"height\":1948},{\"@type\":\"BreadcrumbList\",\"@id\":\"https:\/\/printyourfun.eu\/product\/szarlatani-z-pasikurowic-gumowe-kolorowe-oslony-na-zetony-k\/#breadcrumb\",\"itemListElement\":[{\"@type\":\"ListItem\",\"position\":1,\"name\":\"Home\",\"item\":\"https:\/\/printyourfun.eu\/\"},{\"@type\":\"ListItem\",\"position\":2,\"name\":\"Sklep\",\"item\":\"https:\/\/printyourfun.eu\/sklep\/\"},{\"@type\":\"ListItem\",\"position\":3,\"name\":\"Szarlatani z Pasikurowic gumowe kolorowe os\u0142ony na \u017cetony\"}]},{\"@type\":\"WebSite\",\"@id\":\"https:\/\/printyourfun.eu\/#website\",\"url\":\"https:\/\/printyourfun.eu\/\",\"name\":\"PrintYourFun\",\"description\":\"Wydruki 3D\",\"potentialAction\":[{\"@type\":\"SearchAction\",\"target\":{\"@type\":\"EntryPoint\",\"urlTemplate\":\"https:\/\/printyourfun.eu\/?s={search_term_string}\"},\"query-input\":{\"@type\":\"PropertyValueSpecification\",\"valueRequired\":true,\"valueName\":\"search_term_string\"}}],\"inLanguage\":\"en-GB\"}]}<\/script>\n<!-- \/ Yoast SEO plugin. -->","yoast_head_json":{"title":"Szarlatani z Pasikurowic gumowe kolorowe os\u0142ony na \u017cetony - PrintYourFun","robots":{"index":"index","follow":"follow","max-snippet":"max-snippet:-1","max-image-preview":"max-image-preview:large","max-video-preview":"max-video-preview:-1"},"canonical":"https:\/\/printyourfun.eu\/en\/product\/szarlatani-z-pasikurowic-gumowe-kolorowe-oslony-na-zetony-k\/","og_locale":"en_GB","og_type":"article","og_title":"Szarlatani z Pasikurowic gumowe kolorowe os\u0142ony na \u017cetony - PrintYourFun","og_description":"Szarlatani z Pasikurowic gumowe os\u0142ony na \u017cetony, wielokolorowe &#8211; w kolorach \u017ceton\u00f3w. Idealnie chroni\u0105 przed wycieraniem i rozwarstwianiem si\u0119 \u017ceton\u00f3w podczas cz\u0119stego u\u017cywania zapewniaj\u0105c d\u0142ugowieczno\u015b\u0107. U\u0142atwiaj\u0105 te\u017c losowanie i podnoszenie \u017ceton\u00f3w ze sto\u0142u dzi\u0119ki gumowej strukturze os\u0142on. W sk\u0142ad zestawu &#8222;podstawowego&#8221; wchodzi: 216 os\u0142onek -Sk\u0142adniki Bia\u0142e 32 szt Zielone 38 szt Niebieskie 34 szt Czerwone [...]","og_url":"https:\/\/printyourfun.eu\/en\/product\/szarlatani-z-pasikurowic-gumowe-kolorowe-oslony-na-zetony-k\/","og_site_name":"PrintYourFun","article_publisher":"https:\/\/www.facebook.com\/Printyourfun\/","article_modified_time":"2025-02-27T11:00:34+00:00","og_image":[{"width":1948,"height":1948,"url":"https:\/\/printyourfun.eu\/wp-content\/uploads\/2021\/12\/Podstawka-wielokolorowa2-duza-1.jpg","type":"image\/jpeg"}],"twitter_card":"summary_large_image","twitter_misc":{"Estimated reading time":"2 minutes"},"schema":{"@context":"https:\/\/schema.org","@graph":[{"@type":"WebPage","@id":"https:\/\/printyourfun.eu\/product\/szarlatani-z-pasikurowic-gumowe-kolorowe-oslony-na-zetony-k\/","url":"https:\/\/printyourfun.eu\/product\/szarlatani-z-pasikurowic-gumowe-kolorowe-oslony-na-zetony-k\/","name":"Szarlatani z Pasikurowic gumowe kolorowe os\u0142ony na \u017cetony - PrintYourFun","isPartOf":{"@id":"https:\/\/printyourfun.eu\/#website"},"primaryImageOfPage":{"@id":"https:\/\/printyourfun.eu\/product\/szarlatani-z-pasikurowic-gumowe-kolorowe-oslony-na-zetony-k\/#primaryimage"},"image":{"@id":"https:\/\/printyourfun.eu\/product\/szarlatani-z-pasikurowic-gumowe-kolorowe-oslony-na-zetony-k\/#primaryimage"},"thumbnailUrl":"https:\/\/printyourfun.eu\/wp-content\/uploads\/2021\/12\/Podstawka-wielokolorowa2-duza-1.jpg","datePublished":"2022-01-10T14:51:10+00:00","dateModified":"2025-02-27T11:00:34+00:00","breadcrumb":{"@id":"https:\/\/printyourfun.eu\/product\/szarlatani-z-pasikurowic-gumowe-kolorowe-oslony-na-zetony-k\/#breadcrumb"},"inLanguage":"en-GB","potentialAction":[{"@type":"ReadAction","target":["https:\/\/printyourfun.eu\/product\/szarlatani-z-pasikurowic-gumowe-kolorowe-oslony-na-zetony-k\/"]}]},{"@type":"ImageObject","inLanguage":"en-GB","@id":"https:\/\/printyourfun.eu\/product\/szarlatani-z-pasikurowic-gumowe-kolorowe-oslony-na-zetony-k\/#primaryimage","url":"https:\/\/printyourfun.eu\/wp-content\/uploads\/2021\/12\/Podstawka-wielokolorowa2-duza-1.jpg","contentUrl":"https:\/\/printyourfun.eu\/wp-content\/uploads\/2021\/12\/Podstawka-wielokolorowa2-duza-1.jpg","width":1948,"height":1948},{"@type":"BreadcrumbList","@id":"https:\/\/printyourfun.eu\/product\/szarlatani-z-pasikurowic-gumowe-kolorowe-oslony-na-zetony-k\/#breadcrumb","itemListElement":[{"@type":"ListItem","position":1,"name":"Home","item":"https:\/\/printyourfun.eu\/"},{"@type":"ListItem","position":2,"name":"Sklep","item":"https:\/\/printyourfun.eu\/sklep\/"},{"@type":"ListItem","position":3,"name":"Szarlatani z Pasikurowic gumowe kolorowe os\u0142ony na \u017cetony"}]},{"@type":"WebSite","@id":"https:\/\/printyourfun.eu\/#website","url":"https:\/\/printyourfun.eu\/","name":"PrintYourFun","description":"Wydruki 3D","potentialAction":[{"@type":"SearchAction","target":{"@type":"EntryPoint","urlTemplate":"https:\/\/printyourfun.eu\/?s={search_term_string}"},"query-input":{"@type":"PropertyValueSpecification","valueRequired":true,"valueName":"search_term_string"}}],"inLanguage":"en-GB"}]}},"_links":{"self":[{"href":"https:\/\/printyourfun.eu\/en\/wp-json\/wp\/v2\/product\/2358","targetHints":{"allow":["GET"]}}],"collection":[{"href":"https:\/\/printyourfun.eu\/en\/wp-json\/wp\/v2\/product"}],"about":[{"href":"https:\/\/printyourfun.eu\/en\/wp-json\/wp\/v2\/types\/product"}],"replies":[{"embeddable":true,"href":"https:\/\/printyourfun.eu\/en\/wp-json\/wp\/v2\/comments?post=2358"}],"wp:featuredmedia":[{"embeddable":true,"href":"https:\/\/printyourfun.eu\/en\/wp-json\/wp\/v2\/media\/2137"}],"wp:attachment":[{"href":"https:\/\/printyourfun.eu\/en\/wp-json\/wp\/v2\/media?parent=2358"}],"wp:term":[{"taxonomy":"product_brand","embeddable":true,"href":"https:\/\/printyourfun.eu\/en\/wp-json\/wp\/v2\/product_brand?post=2358"},{"taxonomy":"product_cat","embeddable":true,"href":"https:\/\/printyourfun.eu\/en\/wp-json\/wp\/v2\/product_cat?post=2358"},{"taxonomy":"product_tag","embeddable":true,"href":"https:\/\/printyourfun.eu\/en\/wp-json\/wp\/v2\/product_tag?post=2358"}],"curies":[{"name":"wp","href":"https:\/\/api.w.org\/{rel}","templated":true}]}}