{"id":2381,"date":"2022-01-15T20:27:21","date_gmt":"2022-01-15T19:27:21","guid":{"rendered":"https:\/\/printyourfun.eu\/?post_type=product&#038;p=2381"},"modified":"2025-02-27T12:00:34","modified_gmt":"2025-02-27T11:00:34","slug":"brzdek-nie-draznij-smoka-gumowe-kolorowe-oslony-na-zetony","status":"publish","type":"product","link":"https:\/\/printyourfun.eu\/en\/product\/brzdek-nie-draznij-smoka-gumowe-kolorowe-oslony-na-zetony\/","title":{"rendered":"Brzd\u0119k Nie dra\u017cnij smoka gumowe kolorowe os\u0142ony na \u017cetony"},"content":{"rendered":"<p style=\"text-align: left;\"><span style=\"color: #c66a26; font-size: 110%; border-left: 10px solid #c66a26; padding-left: 15px;\"><strong>Brzd\u0119k Nie dra\u017cnij smoka gumowe wielokolorowe os\u0142ony na \u017cetony.<\/strong><\/span><\/p>\n<p>Idealnie chroni\u0105 przed wycieraniem i rozwarstwianiem si\u0119 \u017ceton\u00f3w podczas cz\u0119stego u\u017cywania zapewniaj\u0105c d\u0142ugowieczno\u015b\u0107.<\/p>\n<p><strong>W sk\u0142ad zestawu &#8222;podstawowego&#8221; wchodzi: 83 szt os\u0142on<\/strong><\/p>\n<p>7x Artefakt\u00f3w<br \/>\n11x wielkie sekrety<br \/>\n18x ma\u0142e sekrety<br \/>\n2x klucze<br \/>\n2x plecaki<br \/>\n3x korony<br \/>\n3x ma\u0142pie bo\u017cki<br \/>\n4x z\u0142odziejskie mistrzostwo<br \/>\n12x $5 monety<br \/>\n21x $1 monete<\/p>\n<p><strong>Z\u0142oto i paj\u0119czyny 42 szt<\/strong><\/p>\n<p>5x $ 10 monety<br \/>\n12x $5 monety<br \/>\n21x $1 monety<br \/>\n12 x paj\u0119czyny<br \/>\n1x artefakt<br \/>\n3 x wagoniki<\/p>\n<p><strong>Weso\u0142a Kompania: 123 szt<\/strong><\/p>\n<p>5x Artefakt\u00f3w fiolet<br \/>\n1x plecak<br \/>\n1x korona<br \/>\n1x klucz<br \/>\n3x peleryna niewidka<br \/>\n4x miecz (rekrutacja)<br \/>\n1x rze\u017a<br \/>\n10x mana<br \/>\n7x tryby<br \/>\n3x \u0142apa<br \/>\n18x ma\u0142e sekrety<br \/>\n2x z\u0142odziejskie mistrzostwo<br \/>\n15x $ 10 monety<br \/>\n17x $5 monety<br \/>\n38x $1 monety<\/p>\n<p>&nbsp;<\/p>\n<p><strong>Mokra robota 5 szt<\/strong><\/p>\n<p>1x du\u017cy sekrety<br \/>\n2x ma\u0142e sekrety<br \/>\n2x akwalungi<\/p>\n<p><strong>Kl\u0105twa Mumii 31 szt<\/strong><\/p>\n<p>2x du\u017ce sekrety<br \/>\n2x ma\u0142e sekrety<br \/>\n2x krzy\u017ce<br \/>\n1x ma\u0142pi bo\u017cek<br \/>\n24x kl\u0105twa<\/p>\n<p><strong>Ekspedycje \u2013 \u015awi\u0105tynia Ma\u0142pich Kr\u00f3l\u00f3w 41 szt<\/strong><\/p>\n<p>8x rozpacz<br \/>\n9x kafle k\u00f3\u0142 z\u0119batych<br \/>\n3x \u017cetony kampanii<br \/>\n2x czasoprzewijacze<br \/>\n1x artefakt<br \/>\n18x wihajstry<\/p>\n<p>Materia\u0142 : TPU &#8211; guma, trwa\u0142y i wytrzyma\u0142y.<\/p>\n<p>PRODUKT NIE ZAWIERA GRY PLANSZOWEJ I JEJ ELEMENT\u00d3W.<\/p>\n<h6><\/h6>","protected":false},"excerpt":{"rendered":"<p>Brzd\u0119k Nie dra\u017cnij smoka gumowe wielokolorowe os\u0142ony na \u017cetony. Idealnie chroni\u0105 przed wycieraniem i rozwarstwianiem si\u0119 \u017ceton\u00f3w podczas cz\u0119stego u\u017cywania zapewniaj\u0105c d\u0142ugowieczno\u015b\u0107. W sk\u0142ad zestawu &#8222;podstawowego&#8221; wchodzi: 83 szt os\u0142on 7x Artefakt\u00f3w 11x wielkie sekrety 18x ma\u0142e sekrety 2x klucze 2x plecaki 3x korony 3x ma\u0142pie bo\u017cki 4x z\u0142odziejskie mistrzostwo 12x $5 monety 21x $1 [&#8230;]","protected":false},"featured_media":2382,"comment_status":"open","ping_status":"closed","template":"","meta":{"_acf_changed":false},"product_brand":[],"product_cat":[70,79],"product_tag":[119,124,173,209,174,175],"class_list":{"0":"post-2381","1":"product","2":"type-product","3":"status-publish","4":"has-post-thumbnail","6":"product_cat-akcesoria-do-gier","7":"product_cat-oslony-na-zetony","8":"product_tag-brzdek","9":"product_tag-clank","10":"product_tag-gumowe","11":"product_tag-kolorowe","12":"product_tag-oslony","13":"product_tag-protektory","15":"first","16":"instock","17":"featured","18":"shipping-taxable","19":"purchasable","20":"product-type-simple"},"acf":[],"yoast_head":"<!-- This site is optimized with the Yoast SEO plugin v24.8.1 - https:\/\/yoast.com\/wordpress\/plugins\/seo\/ -->\n<title>Brzd\u0119k Nie dra\u017cnij smoka gumowe kolorowe os\u0142ony na \u017cetony - PrintYourFun<\/title>\n<meta name=\"robots\" content=\"index, follow, max-snippet:-1, max-image-preview:large, max-video-preview:-1\" \/>\n<link rel=\"canonical\" href=\"https:\/\/printyourfun.eu\/en\/product\/brzdek-nie-draznij-smoka-gumowe-kolorowe-oslony-na-zetony\/\" \/>\n<meta property=\"og:locale\" content=\"en_GB\" \/>\n<meta property=\"og:type\" content=\"article\" \/>\n<meta property=\"og:title\" content=\"Brzd\u0119k Nie dra\u017cnij smoka gumowe kolorowe os\u0142ony na \u017cetony - PrintYourFun\" \/>\n<meta property=\"og:description\" content=\"Brzd\u0119k Nie dra\u017cnij smoka gumowe wielokolorowe os\u0142ony na \u017cetony. Idealnie chroni\u0105 przed wycieraniem i rozwarstwianiem si\u0119 \u017ceton\u00f3w podczas cz\u0119stego u\u017cywania zapewniaj\u0105c d\u0142ugowieczno\u015b\u0107. W sk\u0142ad zestawu &#8222;podstawowego&#8221; wchodzi: 83 szt os\u0142on 7x Artefakt\u00f3w 11x wielkie sekrety 18x ma\u0142e sekrety 2x klucze 2x plecaki 3x korony 3x ma\u0142pie bo\u017cki 4x z\u0142odziejskie mistrzostwo 12x $5 monety 21x $1 [...]\" \/>\n<meta property=\"og:url\" content=\"https:\/\/printyourfun.eu\/en\/product\/brzdek-nie-draznij-smoka-gumowe-kolorowe-oslony-na-zetony\/\" \/>\n<meta property=\"og:site_name\" content=\"PrintYourFun\" \/>\n<meta property=\"article:publisher\" content=\"https:\/\/www.facebook.com\/Printyourfun\/\" \/>\n<meta property=\"article:modified_time\" content=\"2025-02-27T11:00:34+00:00\" \/>\n<meta property=\"og:image\" content=\"https:\/\/printyourfun.eu\/wp-content\/uploads\/2022\/01\/Podstawka-3.jpg\" \/>\n\t<meta property=\"og:image:width\" content=\"1600\" \/>\n\t<meta property=\"og:image:height\" content=\"1600\" \/>\n\t<meta property=\"og:image:type\" content=\"image\/jpeg\" \/>\n<meta name=\"twitter:card\" content=\"summary_large_image\" \/>\n<meta name=\"twitter:label1\" content=\"Estimated reading time\" \/>\n\t<meta name=\"twitter:data1\" content=\"1 minute\" \/>\n<script type=\"application\/ld+json\" class=\"yoast-schema-graph\">{\"@context\":\"https:\/\/schema.org\",\"@graph\":[{\"@type\":\"WebPage\",\"@id\":\"https:\/\/printyourfun.eu\/product\/brzdek-nie-draznij-smoka-gumowe-kolorowe-oslony-na-zetony\/\",\"url\":\"https:\/\/printyourfun.eu\/product\/brzdek-nie-draznij-smoka-gumowe-kolorowe-oslony-na-zetony\/\",\"name\":\"Brzd\u0119k Nie dra\u017cnij smoka gumowe kolorowe os\u0142ony na \u017cetony - PrintYourFun\",\"isPartOf\":{\"@id\":\"https:\/\/printyourfun.eu\/#website\"},\"primaryImageOfPage\":{\"@id\":\"https:\/\/printyourfun.eu\/product\/brzdek-nie-draznij-smoka-gumowe-kolorowe-oslony-na-zetony\/#primaryimage\"},\"image\":{\"@id\":\"https:\/\/printyourfun.eu\/product\/brzdek-nie-draznij-smoka-gumowe-kolorowe-oslony-na-zetony\/#primaryimage\"},\"thumbnailUrl\":\"https:\/\/printyourfun.eu\/wp-content\/uploads\/2022\/01\/Podstawka-3.jpg\",\"datePublished\":\"2022-01-15T19:27:21+00:00\",\"dateModified\":\"2025-02-27T11:00:34+00:00\",\"breadcrumb\":{\"@id\":\"https:\/\/printyourfun.eu\/product\/brzdek-nie-draznij-smoka-gumowe-kolorowe-oslony-na-zetony\/#breadcrumb\"},\"inLanguage\":\"en-GB\",\"potentialAction\":[{\"@type\":\"ReadAction\",\"target\":[\"https:\/\/printyourfun.eu\/product\/brzdek-nie-draznij-smoka-gumowe-kolorowe-oslony-na-zetony\/\"]}]},{\"@type\":\"ImageObject\",\"inLanguage\":\"en-GB\",\"@id\":\"https:\/\/printyourfun.eu\/product\/brzdek-nie-draznij-smoka-gumowe-kolorowe-oslony-na-zetony\/#primaryimage\",\"url\":\"https:\/\/printyourfun.eu\/wp-content\/uploads\/2022\/01\/Podstawka-3.jpg\",\"contentUrl\":\"https:\/\/printyourfun.eu\/wp-content\/uploads\/2022\/01\/Podstawka-3.jpg\",\"width\":1600,\"height\":1600},{\"@type\":\"BreadcrumbList\",\"@id\":\"https:\/\/printyourfun.eu\/product\/brzdek-nie-draznij-smoka-gumowe-kolorowe-oslony-na-zetony\/#breadcrumb\",\"itemListElement\":[{\"@type\":\"ListItem\",\"position\":1,\"name\":\"Home\",\"item\":\"https:\/\/printyourfun.eu\/\"},{\"@type\":\"ListItem\",\"position\":2,\"name\":\"Sklep\",\"item\":\"https:\/\/printyourfun.eu\/sklep\/\"},{\"@type\":\"ListItem\",\"position\":3,\"name\":\"Brzd\u0119k Nie dra\u017cnij smoka gumowe kolorowe os\u0142ony na \u017cetony\"}]},{\"@type\":\"WebSite\",\"@id\":\"https:\/\/printyourfun.eu\/#website\",\"url\":\"https:\/\/printyourfun.eu\/\",\"name\":\"PrintYourFun\",\"description\":\"Wydruki 3D\",\"potentialAction\":[{\"@type\":\"SearchAction\",\"target\":{\"@type\":\"EntryPoint\",\"urlTemplate\":\"https:\/\/printyourfun.eu\/?s={search_term_string}\"},\"query-input\":{\"@type\":\"PropertyValueSpecification\",\"valueRequired\":true,\"valueName\":\"search_term_string\"}}],\"inLanguage\":\"en-GB\"}]}<\/script>\n<!-- \/ Yoast SEO plugin. -->","yoast_head_json":{"title":"Brzd\u0119k Nie dra\u017cnij smoka gumowe kolorowe os\u0142ony na \u017cetony - PrintYourFun","robots":{"index":"index","follow":"follow","max-snippet":"max-snippet:-1","max-image-preview":"max-image-preview:large","max-video-preview":"max-video-preview:-1"},"canonical":"https:\/\/printyourfun.eu\/en\/product\/brzdek-nie-draznij-smoka-gumowe-kolorowe-oslony-na-zetony\/","og_locale":"en_GB","og_type":"article","og_title":"Brzd\u0119k Nie dra\u017cnij smoka gumowe kolorowe os\u0142ony na \u017cetony - PrintYourFun","og_description":"Brzd\u0119k Nie dra\u017cnij smoka gumowe wielokolorowe os\u0142ony na \u017cetony. Idealnie chroni\u0105 przed wycieraniem i rozwarstwianiem si\u0119 \u017ceton\u00f3w podczas cz\u0119stego u\u017cywania zapewniaj\u0105c d\u0142ugowieczno\u015b\u0107. W sk\u0142ad zestawu &#8222;podstawowego&#8221; wchodzi: 83 szt os\u0142on 7x Artefakt\u00f3w 11x wielkie sekrety 18x ma\u0142e sekrety 2x klucze 2x plecaki 3x korony 3x ma\u0142pie bo\u017cki 4x z\u0142odziejskie mistrzostwo 12x $5 monety 21x $1 [...]","og_url":"https:\/\/printyourfun.eu\/en\/product\/brzdek-nie-draznij-smoka-gumowe-kolorowe-oslony-na-zetony\/","og_site_name":"PrintYourFun","article_publisher":"https:\/\/www.facebook.com\/Printyourfun\/","article_modified_time":"2025-02-27T11:00:34+00:00","og_image":[{"width":1600,"height":1600,"url":"https:\/\/printyourfun.eu\/wp-content\/uploads\/2022\/01\/Podstawka-3.jpg","type":"image\/jpeg"}],"twitter_card":"summary_large_image","twitter_misc":{"Estimated reading time":"1 minute"},"schema":{"@context":"https:\/\/schema.org","@graph":[{"@type":"WebPage","@id":"https:\/\/printyourfun.eu\/product\/brzdek-nie-draznij-smoka-gumowe-kolorowe-oslony-na-zetony\/","url":"https:\/\/printyourfun.eu\/product\/brzdek-nie-draznij-smoka-gumowe-kolorowe-oslony-na-zetony\/","name":"Brzd\u0119k Nie dra\u017cnij smoka gumowe kolorowe os\u0142ony na \u017cetony - PrintYourFun","isPartOf":{"@id":"https:\/\/printyourfun.eu\/#website"},"primaryImageOfPage":{"@id":"https:\/\/printyourfun.eu\/product\/brzdek-nie-draznij-smoka-gumowe-kolorowe-oslony-na-zetony\/#primaryimage"},"image":{"@id":"https:\/\/printyourfun.eu\/product\/brzdek-nie-draznij-smoka-gumowe-kolorowe-oslony-na-zetony\/#primaryimage"},"thumbnailUrl":"https:\/\/printyourfun.eu\/wp-content\/uploads\/2022\/01\/Podstawka-3.jpg","datePublished":"2022-01-15T19:27:21+00:00","dateModified":"2025-02-27T11:00:34+00:00","breadcrumb":{"@id":"https:\/\/printyourfun.eu\/product\/brzdek-nie-draznij-smoka-gumowe-kolorowe-oslony-na-zetony\/#breadcrumb"},"inLanguage":"en-GB","potentialAction":[{"@type":"ReadAction","target":["https:\/\/printyourfun.eu\/product\/brzdek-nie-draznij-smoka-gumowe-kolorowe-oslony-na-zetony\/"]}]},{"@type":"ImageObject","inLanguage":"en-GB","@id":"https:\/\/printyourfun.eu\/product\/brzdek-nie-draznij-smoka-gumowe-kolorowe-oslony-na-zetony\/#primaryimage","url":"https:\/\/printyourfun.eu\/wp-content\/uploads\/2022\/01\/Podstawka-3.jpg","contentUrl":"https:\/\/printyourfun.eu\/wp-content\/uploads\/2022\/01\/Podstawka-3.jpg","width":1600,"height":1600},{"@type":"BreadcrumbList","@id":"https:\/\/printyourfun.eu\/product\/brzdek-nie-draznij-smoka-gumowe-kolorowe-oslony-na-zetony\/#breadcrumb","itemListElement":[{"@type":"ListItem","position":1,"name":"Home","item":"https:\/\/printyourfun.eu\/"},{"@type":"ListItem","position":2,"name":"Sklep","item":"https:\/\/printyourfun.eu\/sklep\/"},{"@type":"ListItem","position":3,"name":"Brzd\u0119k Nie dra\u017cnij smoka gumowe kolorowe os\u0142ony na \u017cetony"}]},{"@type":"WebSite","@id":"https:\/\/printyourfun.eu\/#website","url":"https:\/\/printyourfun.eu\/","name":"PrintYourFun","description":"Wydruki 3D","potentialAction":[{"@type":"SearchAction","target":{"@type":"EntryPoint","urlTemplate":"https:\/\/printyourfun.eu\/?s={search_term_string}"},"query-input":{"@type":"PropertyValueSpecification","valueRequired":true,"valueName":"search_term_string"}}],"inLanguage":"en-GB"}]}},"_links":{"self":[{"href":"https:\/\/printyourfun.eu\/en\/wp-json\/wp\/v2\/product\/2381","targetHints":{"allow":["GET"]}}],"collection":[{"href":"https:\/\/printyourfun.eu\/en\/wp-json\/wp\/v2\/product"}],"about":[{"href":"https:\/\/printyourfun.eu\/en\/wp-json\/wp\/v2\/types\/product"}],"replies":[{"embeddable":true,"href":"https:\/\/printyourfun.eu\/en\/wp-json\/wp\/v2\/comments?post=2381"}],"wp:featuredmedia":[{"embeddable":true,"href":"https:\/\/printyourfun.eu\/en\/wp-json\/wp\/v2\/media\/2382"}],"wp:attachment":[{"href":"https:\/\/printyourfun.eu\/en\/wp-json\/wp\/v2\/media?parent=2381"}],"wp:term":[{"taxonomy":"product_brand","embeddable":true,"href":"https:\/\/printyourfun.eu\/en\/wp-json\/wp\/v2\/product_brand?post=2381"},{"taxonomy":"product_cat","embeddable":true,"href":"https:\/\/printyourfun.eu\/en\/wp-json\/wp\/v2\/product_cat?post=2381"},{"taxonomy":"product_tag","embeddable":true,"href":"https:\/\/printyourfun.eu\/en\/wp-json\/wp\/v2\/product_tag?post=2381"}],"curies":[{"name":"wp","href":"https:\/\/api.w.org\/{rel}","templated":true}]}}