{"id":2839,"date":"2022-04-08T22:36:36","date_gmt":"2022-04-08T20:36:36","guid":{"rendered":"https:\/\/printyourfun.eu\/?post_type=product&#038;p=2839"},"modified":"2025-02-27T12:00:29","modified_gmt":"2025-02-27T11:00:29","slug":"nemesis-gumowe-podstawki-na-obrazenia-koszmary","status":"publish","type":"product","link":"https:\/\/printyourfun.eu\/en\/product\/nemesis-gumowe-podstawki-na-obrazenia-koszmary\/","title":{"rendered":"Nemesis gumowe podstawki na obra\u017cenia  Koszmary"},"content":{"rendered":"<p style=\"text-align: left;\"><span style=\"color: #c66a26; font-size: 110%; border-left: 10px solid #c66a26; padding-left: 15px;\"><strong>Nemesis Gumowe podstawki na obra\u017cenia Koszmary.<\/strong><\/span><\/p>\n<p>-Zabi\u0142e\u015b go ??? ZABI\u0141E\u015a ???<\/p>\n<p>-Nie wiem, wpakowa\u0142em w niego ca\u0142y magazynek, a skubaniec i tak uciek\u0142\u2026.<\/p>\n<p>Tylko z naszymi gumowymi podstawkami na obra\u017cenia b\u0119dziecie pewni ile pestek wpakowali\u015bcie w nieproszonego go\u015bcia.<\/p>\n<p>Figurki po w\u0142o\u017ceniu w podstawk\u0119 nie wypadaj\u0105, mo\u017cna je podnosi\u0107.<\/p>\n<p><img loading=\"lazy\" decoding=\"async\" class=\"aligncenter size-medium wp-image-2828\" style=\"font-size: 14.4px;\" src=\"https:\/\/printyourfun.eu\/wp-content\/uploads\/2022\/04\/DSC_2843-www-800x357.jpg\" alt=\"\" width=\"800\" height=\"357\" srcset=\"https:\/\/printyourfun.eu\/wp-content\/uploads\/2022\/04\/DSC_2843-www-800x357.jpg 800w, https:\/\/printyourfun.eu\/wp-content\/uploads\/2022\/04\/DSC_2843-www-1400x624.jpg 1400w, https:\/\/printyourfun.eu\/wp-content\/uploads\/2022\/04\/DSC_2843-www-768x343.jpg 768w, https:\/\/printyourfun.eu\/wp-content\/uploads\/2022\/04\/DSC_2843-www-1536x685.jpg 1536w, https:\/\/printyourfun.eu\/wp-content\/uploads\/2022\/04\/DSC_2843-www-18x8.jpg 18w, https:\/\/printyourfun.eu\/wp-content\/uploads\/2022\/04\/DSC_2843-www-600x268.jpg 600w, https:\/\/printyourfun.eu\/wp-content\/uploads\/2022\/04\/DSC_2843-www.jpg 2000w\" sizes=\"auto, (max-width: 800px) 100vw, 800px\" \/><\/p>\n<p>W sk\u0142ad zestawu wchodz\u0105:<\/p>\n<p>4x szeptacze, 6x czyhacze, 3x le\u017ca, 1x my\u015bliwy<\/p>\n<p>Materia\u0142 : TPU, guma trwa\u0142y i wytrzyma\u0142y.<\/p>\n<p>PRODUKT NIE ZAWIERA GRY PLANSZOWEJ I JEJ ELEMENT\u00d3W.<\/p>\n<h6><\/h6>","protected":false},"excerpt":{"rendered":"<p>Nemesis Gumowe podstawki na obra\u017cenia Koszmary. -Zabi\u0142e\u015b go ??? ZABI\u0141E\u015a ??? -Nie wiem, wpakowa\u0142em w niego ca\u0142y magazynek, a skubaniec i tak uciek\u0142\u2026. Tylko z naszymi gumowymi podstawkami na obra\u017cenia b\u0119dziecie pewni ile pestek wpakowali\u015bcie w nieproszonego go\u015bcia. Figurki po w\u0142o\u017ceniu w podstawk\u0119 nie wypadaj\u0105, mo\u017cna je podnosi\u0107. W sk\u0142ad zestawu wchodz\u0105: 4x szeptacze, 6x [&#8230;]","protected":false},"featured_media":2842,"comment_status":"open","ping_status":"closed","template":"","meta":{"_acf_changed":false},"product_brand":[],"product_cat":[70,80],"product_tag":[173,170,169,186,164,165,171,172],"class_list":{"0":"post-2839","1":"product","2":"type-product","3":"status-publish","4":"has-post-thumbnail","6":"product_cat-akcesoria-do-gier","7":"product_cat-podstawki-pod-figurki","8":"product_tag-gumowe","9":"product_tag-intruz","10":"product_tag-intruzow","11":"product_tag-koszmary","12":"product_tag-nemesis","13":"product_tag-nemesis-board-game","14":"product_tag-obrazenia","15":"product_tag-podstawki","17":"first","18":"instock","19":"shipping-taxable","20":"purchasable","21":"product-type-simple"},"acf":[],"yoast_head":"<!-- This site is optimized with the Yoast SEO plugin v24.8.1 - https:\/\/yoast.com\/wordpress\/plugins\/seo\/ -->\n<title>Nemesis gumowe podstawki na obra\u017cenia Koszmary - PrintYourFun<\/title>\n<meta name=\"robots\" content=\"index, follow, max-snippet:-1, max-image-preview:large, max-video-preview:-1\" \/>\n<link rel=\"canonical\" href=\"https:\/\/printyourfun.eu\/en\/product\/nemesis-gumowe-podstawki-na-obrazenia-koszmary\/\" \/>\n<meta property=\"og:locale\" content=\"en_GB\" \/>\n<meta property=\"og:type\" content=\"article\" \/>\n<meta property=\"og:title\" content=\"Nemesis gumowe podstawki na obra\u017cenia Koszmary - PrintYourFun\" \/>\n<meta property=\"og:description\" content=\"Nemesis Gumowe podstawki na obra\u017cenia Koszmary. -Zabi\u0142e\u015b go ??? ZABI\u0141E\u015a ??? -Nie wiem, wpakowa\u0142em w niego ca\u0142y magazynek, a skubaniec i tak uciek\u0142\u2026. Tylko z naszymi gumowymi podstawkami na obra\u017cenia b\u0119dziecie pewni ile pestek wpakowali\u015bcie w nieproszonego go\u015bcia. Figurki po w\u0142o\u017ceniu w podstawk\u0119 nie wypadaj\u0105, mo\u017cna je podnosi\u0107. W sk\u0142ad zestawu wchodz\u0105: 4x szeptacze, 6x [...]\" \/>\n<meta property=\"og:url\" content=\"https:\/\/printyourfun.eu\/en\/product\/nemesis-gumowe-podstawki-na-obrazenia-koszmary\/\" \/>\n<meta property=\"og:site_name\" content=\"PrintYourFun\" \/>\n<meta property=\"article:publisher\" content=\"https:\/\/www.facebook.com\/Printyourfun\/\" \/>\n<meta property=\"article:modified_time\" content=\"2025-02-27T11:00:29+00:00\" \/>\n<meta property=\"og:image\" content=\"https:\/\/printyourfun.eu\/wp-content\/uploads\/2022\/04\/Void-front.jpg\" \/>\n\t<meta property=\"og:image:width\" content=\"2000\" \/>\n\t<meta property=\"og:image:height\" content=\"2000\" \/>\n\t<meta property=\"og:image:type\" content=\"image\/jpeg\" \/>\n<meta name=\"twitter:card\" content=\"summary_large_image\" \/>\n<script type=\"application\/ld+json\" class=\"yoast-schema-graph\">{\"@context\":\"https:\/\/schema.org\",\"@graph\":[{\"@type\":\"WebPage\",\"@id\":\"https:\/\/printyourfun.eu\/product\/nemesis-gumowe-podstawki-na-obrazenia-koszmary\/\",\"url\":\"https:\/\/printyourfun.eu\/product\/nemesis-gumowe-podstawki-na-obrazenia-koszmary\/\",\"name\":\"Nemesis gumowe podstawki na obra\u017cenia Koszmary - PrintYourFun\",\"isPartOf\":{\"@id\":\"https:\/\/printyourfun.eu\/#website\"},\"primaryImageOfPage\":{\"@id\":\"https:\/\/printyourfun.eu\/product\/nemesis-gumowe-podstawki-na-obrazenia-koszmary\/#primaryimage\"},\"image\":{\"@id\":\"https:\/\/printyourfun.eu\/product\/nemesis-gumowe-podstawki-na-obrazenia-koszmary\/#primaryimage\"},\"thumbnailUrl\":\"https:\/\/printyourfun.eu\/wp-content\/uploads\/2022\/04\/Void-front.jpg\",\"datePublished\":\"2022-04-08T20:36:36+00:00\",\"dateModified\":\"2025-02-27T11:00:29+00:00\",\"breadcrumb\":{\"@id\":\"https:\/\/printyourfun.eu\/product\/nemesis-gumowe-podstawki-na-obrazenia-koszmary\/#breadcrumb\"},\"inLanguage\":\"en-GB\",\"potentialAction\":[{\"@type\":\"ReadAction\",\"target\":[\"https:\/\/printyourfun.eu\/product\/nemesis-gumowe-podstawki-na-obrazenia-koszmary\/\"]}]},{\"@type\":\"ImageObject\",\"inLanguage\":\"en-GB\",\"@id\":\"https:\/\/printyourfun.eu\/product\/nemesis-gumowe-podstawki-na-obrazenia-koszmary\/#primaryimage\",\"url\":\"https:\/\/printyourfun.eu\/wp-content\/uploads\/2022\/04\/Void-front.jpg\",\"contentUrl\":\"https:\/\/printyourfun.eu\/wp-content\/uploads\/2022\/04\/Void-front.jpg\",\"width\":2000,\"height\":2000},{\"@type\":\"BreadcrumbList\",\"@id\":\"https:\/\/printyourfun.eu\/product\/nemesis-gumowe-podstawki-na-obrazenia-koszmary\/#breadcrumb\",\"itemListElement\":[{\"@type\":\"ListItem\",\"position\":1,\"name\":\"Home\",\"item\":\"https:\/\/printyourfun.eu\/\"},{\"@type\":\"ListItem\",\"position\":2,\"name\":\"Sklep\",\"item\":\"https:\/\/printyourfun.eu\/sklep\/\"},{\"@type\":\"ListItem\",\"position\":3,\"name\":\"Nemesis gumowe podstawki na obra\u017cenia Koszmary\"}]},{\"@type\":\"WebSite\",\"@id\":\"https:\/\/printyourfun.eu\/#website\",\"url\":\"https:\/\/printyourfun.eu\/\",\"name\":\"PrintYourFun\",\"description\":\"Wydruki 3D\",\"potentialAction\":[{\"@type\":\"SearchAction\",\"target\":{\"@type\":\"EntryPoint\",\"urlTemplate\":\"https:\/\/printyourfun.eu\/?s={search_term_string}\"},\"query-input\":{\"@type\":\"PropertyValueSpecification\",\"valueRequired\":true,\"valueName\":\"search_term_string\"}}],\"inLanguage\":\"en-GB\"}]}<\/script>\n<!-- \/ Yoast SEO plugin. -->","yoast_head_json":{"title":"Nemesis gumowe podstawki na obra\u017cenia Koszmary - PrintYourFun","robots":{"index":"index","follow":"follow","max-snippet":"max-snippet:-1","max-image-preview":"max-image-preview:large","max-video-preview":"max-video-preview:-1"},"canonical":"https:\/\/printyourfun.eu\/en\/product\/nemesis-gumowe-podstawki-na-obrazenia-koszmary\/","og_locale":"en_GB","og_type":"article","og_title":"Nemesis gumowe podstawki na obra\u017cenia Koszmary - PrintYourFun","og_description":"Nemesis Gumowe podstawki na obra\u017cenia Koszmary. -Zabi\u0142e\u015b go ??? ZABI\u0141E\u015a ??? -Nie wiem, wpakowa\u0142em w niego ca\u0142y magazynek, a skubaniec i tak uciek\u0142\u2026. Tylko z naszymi gumowymi podstawkami na obra\u017cenia b\u0119dziecie pewni ile pestek wpakowali\u015bcie w nieproszonego go\u015bcia. Figurki po w\u0142o\u017ceniu w podstawk\u0119 nie wypadaj\u0105, mo\u017cna je podnosi\u0107. W sk\u0142ad zestawu wchodz\u0105: 4x szeptacze, 6x [...]","og_url":"https:\/\/printyourfun.eu\/en\/product\/nemesis-gumowe-podstawki-na-obrazenia-koszmary\/","og_site_name":"PrintYourFun","article_publisher":"https:\/\/www.facebook.com\/Printyourfun\/","article_modified_time":"2025-02-27T11:00:29+00:00","og_image":[{"width":2000,"height":2000,"url":"https:\/\/printyourfun.eu\/wp-content\/uploads\/2022\/04\/Void-front.jpg","type":"image\/jpeg"}],"twitter_card":"summary_large_image","schema":{"@context":"https:\/\/schema.org","@graph":[{"@type":"WebPage","@id":"https:\/\/printyourfun.eu\/product\/nemesis-gumowe-podstawki-na-obrazenia-koszmary\/","url":"https:\/\/printyourfun.eu\/product\/nemesis-gumowe-podstawki-na-obrazenia-koszmary\/","name":"Nemesis gumowe podstawki na obra\u017cenia Koszmary - PrintYourFun","isPartOf":{"@id":"https:\/\/printyourfun.eu\/#website"},"primaryImageOfPage":{"@id":"https:\/\/printyourfun.eu\/product\/nemesis-gumowe-podstawki-na-obrazenia-koszmary\/#primaryimage"},"image":{"@id":"https:\/\/printyourfun.eu\/product\/nemesis-gumowe-podstawki-na-obrazenia-koszmary\/#primaryimage"},"thumbnailUrl":"https:\/\/printyourfun.eu\/wp-content\/uploads\/2022\/04\/Void-front.jpg","datePublished":"2022-04-08T20:36:36+00:00","dateModified":"2025-02-27T11:00:29+00:00","breadcrumb":{"@id":"https:\/\/printyourfun.eu\/product\/nemesis-gumowe-podstawki-na-obrazenia-koszmary\/#breadcrumb"},"inLanguage":"en-GB","potentialAction":[{"@type":"ReadAction","target":["https:\/\/printyourfun.eu\/product\/nemesis-gumowe-podstawki-na-obrazenia-koszmary\/"]}]},{"@type":"ImageObject","inLanguage":"en-GB","@id":"https:\/\/printyourfun.eu\/product\/nemesis-gumowe-podstawki-na-obrazenia-koszmary\/#primaryimage","url":"https:\/\/printyourfun.eu\/wp-content\/uploads\/2022\/04\/Void-front.jpg","contentUrl":"https:\/\/printyourfun.eu\/wp-content\/uploads\/2022\/04\/Void-front.jpg","width":2000,"height":2000},{"@type":"BreadcrumbList","@id":"https:\/\/printyourfun.eu\/product\/nemesis-gumowe-podstawki-na-obrazenia-koszmary\/#breadcrumb","itemListElement":[{"@type":"ListItem","position":1,"name":"Home","item":"https:\/\/printyourfun.eu\/"},{"@type":"ListItem","position":2,"name":"Sklep","item":"https:\/\/printyourfun.eu\/sklep\/"},{"@type":"ListItem","position":3,"name":"Nemesis gumowe podstawki na obra\u017cenia Koszmary"}]},{"@type":"WebSite","@id":"https:\/\/printyourfun.eu\/#website","url":"https:\/\/printyourfun.eu\/","name":"PrintYourFun","description":"Wydruki 3D","potentialAction":[{"@type":"SearchAction","target":{"@type":"EntryPoint","urlTemplate":"https:\/\/printyourfun.eu\/?s={search_term_string}"},"query-input":{"@type":"PropertyValueSpecification","valueRequired":true,"valueName":"search_term_string"}}],"inLanguage":"en-GB"}]}},"_links":{"self":[{"href":"https:\/\/printyourfun.eu\/en\/wp-json\/wp\/v2\/product\/2839","targetHints":{"allow":["GET"]}}],"collection":[{"href":"https:\/\/printyourfun.eu\/en\/wp-json\/wp\/v2\/product"}],"about":[{"href":"https:\/\/printyourfun.eu\/en\/wp-json\/wp\/v2\/types\/product"}],"replies":[{"embeddable":true,"href":"https:\/\/printyourfun.eu\/en\/wp-json\/wp\/v2\/comments?post=2839"}],"wp:featuredmedia":[{"embeddable":true,"href":"https:\/\/printyourfun.eu\/en\/wp-json\/wp\/v2\/media\/2842"}],"wp:attachment":[{"href":"https:\/\/printyourfun.eu\/en\/wp-json\/wp\/v2\/media?parent=2839"}],"wp:term":[{"taxonomy":"product_brand","embeddable":true,"href":"https:\/\/printyourfun.eu\/en\/wp-json\/wp\/v2\/product_brand?post=2839"},{"taxonomy":"product_cat","embeddable":true,"href":"https:\/\/printyourfun.eu\/en\/wp-json\/wp\/v2\/product_cat?post=2839"},{"taxonomy":"product_tag","embeddable":true,"href":"https:\/\/printyourfun.eu\/en\/wp-json\/wp\/v2\/product_tag?post=2839"}],"curies":[{"name":"wp","href":"https:\/\/api.w.org\/{rel}","templated":true}]}}