{"id":2983,"date":"2022-05-01T23:08:53","date_gmt":"2022-05-01T21:08:53","guid":{"rendered":"https:\/\/printyourfun.eu\/?post_type=product&#038;p=2983"},"modified":"2025-02-27T12:01:07","modified_gmt":"2025-02-27T11:01:07","slug":"uniwersalne-podstawki-stojaki-pod-modele-10-szt","status":"publish","type":"product","link":"https:\/\/printyourfun.eu\/en\/product\/uniwersalne-podstawki-stojaki-pod-modele-10-szt\/","title":{"rendered":"Uniwersalne podstawki stojaki pod modele 10 szt"},"content":{"rendered":"<p style=\"text-align: left;\"><span style=\"color: #c66a26; font-size: 110%; border-left: 10px solid #c66a26; padding-left: 15px;\"><strong>Uniwersalne podstawki stojaki pod modele 10 szt<\/strong><\/span><\/p>\n<p>Nadaj twoim jednostkom klimatycznego wygl\u0105du przy u\u017cyciu\u00a0wyj\u0105tkowych\u00a0stojak\u00f3w. Wykonane z materia\u0142u\u00a0ze wmieszanymi\u00a0kawa\u0142kami brokatowymi.<\/p>\n<p>Uniwersalny rozmiar, materia\u0142 bardzo \u0142atwo no\u017cykiem lub papierem \u015bciernym dostosowa\u0107 do szeroko\u015bci otworu modeli.<\/p>\n<p>Dopasowane do skali 28-32mm<\/p>\n<p>Potrzebujesz innego rozmiaru ? napisz do nas.<\/p>\n<p><img loading=\"lazy\" decoding=\"async\" class=\"aligncenter size-medium wp-image-3024\" src=\"https:\/\/printyourfun.eu\/wp-content\/uploads\/2022\/05\/DSC_9236-800x368.jpg\" alt=\"\" width=\"800\" height=\"368\" srcset=\"https:\/\/printyourfun.eu\/wp-content\/uploads\/2022\/05\/DSC_9236-800x368.jpg 800w, https:\/\/printyourfun.eu\/wp-content\/uploads\/2022\/05\/DSC_9236-1400x644.jpg 1400w, https:\/\/printyourfun.eu\/wp-content\/uploads\/2022\/05\/DSC_9236-768x353.jpg 768w, https:\/\/printyourfun.eu\/wp-content\/uploads\/2022\/05\/DSC_9236-1536x707.jpg 1536w, https:\/\/printyourfun.eu\/wp-content\/uploads\/2022\/05\/DSC_9236-2048x942.jpg 2048w, https:\/\/printyourfun.eu\/wp-content\/uploads\/2022\/05\/DSC_9236-18x8.jpg 18w, https:\/\/printyourfun.eu\/wp-content\/uploads\/2022\/05\/DSC_9236-600x276.jpg 600w\" sizes=\"auto, (max-width: 800px) 100vw, 800px\" \/>Dost\u0119pne w dw\u00f3ch kolorach.<\/p>\n<p>Materia\u0142 : PLA, trwa\u0142y i wytrzyma\u0142y.<\/p>\n<p>PRODUKT NIE ZAWIERA WIDOCZNYCH MODELI STATK\u00d3W<\/p>\n<h6><\/h6>","protected":false},"excerpt":{"rendered":"<p>Uniwersalne podstawki stojaki pod modele 10 szt Nadaj twoim jednostkom klimatycznego wygl\u0105du przy u\u017cyciu\u00a0wyj\u0105tkowych\u00a0stojak\u00f3w. Wykonane z materia\u0142u\u00a0ze wmieszanymi\u00a0kawa\u0142kami brokatowymi. Uniwersalny rozmiar, materia\u0142 bardzo \u0142atwo no\u017cykiem lub papierem \u015bciernym dostosowa\u0107 do szeroko\u015bci otworu modeli. Dopasowane do skali 28-32mm Potrzebujesz innego rozmiaru ? napisz do nas. Dost\u0119pne w dw\u00f3ch kolorach. Materia\u0142 : PLA, trwa\u0142y i wytrzyma\u0142y. PRODUKT [&#8230;]","protected":false},"featured_media":3025,"comment_status":"open","ping_status":"closed","template":"","meta":{"_acf_changed":false},"product_brand":[],"product_cat":[70,76,80],"product_tag":[242,244,232,245,243],"class_list":{"0":"post-2983","1":"product","2":"type-product","3":"status-publish","4":"has-post-thumbnail","6":"product_cat-akcesoria-do-gier","7":"product_cat-elementy-3d-na-plansze","8":"product_cat-podstawki-pod-figurki","9":"product_tag-figurki","10":"product_tag-model","11":"product_tag-podstawka","12":"product_tag-stand","13":"product_tag-statek","15":"first","16":"instock","17":"shipping-taxable","18":"purchasable","19":"product-type-variable"},"acf":[],"yoast_head":"<!-- This site is optimized with the Yoast SEO plugin v24.8.1 - https:\/\/yoast.com\/wordpress\/plugins\/seo\/ -->\n<title>Uniwersalne podstawki stojaki pod modele 10 szt - PrintYourFun<\/title>\n<meta name=\"robots\" content=\"index, follow, max-snippet:-1, max-image-preview:large, max-video-preview:-1\" \/>\n<link rel=\"canonical\" href=\"https:\/\/printyourfun.eu\/en\/product\/uniwersalne-podstawki-stojaki-pod-modele-10-szt\/\" \/>\n<meta property=\"og:locale\" content=\"en_GB\" \/>\n<meta property=\"og:type\" content=\"article\" \/>\n<meta property=\"og:title\" content=\"Uniwersalne podstawki stojaki pod modele 10 szt - PrintYourFun\" \/>\n<meta property=\"og:description\" content=\"Uniwersalne podstawki stojaki pod modele 10 szt Nadaj twoim jednostkom klimatycznego wygl\u0105du przy u\u017cyciu\u00a0wyj\u0105tkowych\u00a0stojak\u00f3w. Wykonane z materia\u0142u\u00a0ze wmieszanymi\u00a0kawa\u0142kami brokatowymi. Uniwersalny rozmiar, materia\u0142 bardzo \u0142atwo no\u017cykiem lub papierem \u015bciernym dostosowa\u0107 do szeroko\u015bci otworu modeli. Dopasowane do skali 28-32mm Potrzebujesz innego rozmiaru ? napisz do nas. Dost\u0119pne w dw\u00f3ch kolorach. Materia\u0142 : PLA, trwa\u0142y i wytrzyma\u0142y. PRODUKT [...]\" \/>\n<meta property=\"og:url\" content=\"https:\/\/printyourfun.eu\/en\/product\/uniwersalne-podstawki-stojaki-pod-modele-10-szt\/\" \/>\n<meta property=\"og:site_name\" content=\"PrintYourFun\" \/>\n<meta property=\"article:publisher\" content=\"https:\/\/www.facebook.com\/Printyourfun\/\" \/>\n<meta property=\"article:modified_time\" content=\"2025-02-27T11:01:07+00:00\" \/>\n<meta property=\"og:image\" content=\"https:\/\/printyourfun.eu\/wp-content\/uploads\/2022\/05\/DSC_9235.jpg\" \/>\n\t<meta property=\"og:image:width\" content=\"1600\" \/>\n\t<meta property=\"og:image:height\" content=\"1600\" \/>\n\t<meta property=\"og:image:type\" content=\"image\/jpeg\" \/>\n<meta name=\"twitter:card\" content=\"summary_large_image\" \/>\n<meta name=\"twitter:label1\" content=\"Estimated reading time\" \/>\n\t<meta name=\"twitter:data1\" content=\"1 minute\" \/>\n<script type=\"application\/ld+json\" class=\"yoast-schema-graph\">{\"@context\":\"https:\/\/schema.org\",\"@graph\":[{\"@type\":\"WebPage\",\"@id\":\"https:\/\/printyourfun.eu\/product\/uniwersalne-podstawki-stojaki-pod-modele-10-szt\/\",\"url\":\"https:\/\/printyourfun.eu\/product\/uniwersalne-podstawki-stojaki-pod-modele-10-szt\/\",\"name\":\"Uniwersalne podstawki stojaki pod modele 10 szt - PrintYourFun\",\"isPartOf\":{\"@id\":\"https:\/\/printyourfun.eu\/#website\"},\"primaryImageOfPage\":{\"@id\":\"https:\/\/printyourfun.eu\/product\/uniwersalne-podstawki-stojaki-pod-modele-10-szt\/#primaryimage\"},\"image\":{\"@id\":\"https:\/\/printyourfun.eu\/product\/uniwersalne-podstawki-stojaki-pod-modele-10-szt\/#primaryimage\"},\"thumbnailUrl\":\"https:\/\/printyourfun.eu\/wp-content\/uploads\/2022\/05\/DSC_9235.jpg\",\"datePublished\":\"2022-05-01T21:08:53+00:00\",\"dateModified\":\"2025-02-27T11:01:07+00:00\",\"breadcrumb\":{\"@id\":\"https:\/\/printyourfun.eu\/product\/uniwersalne-podstawki-stojaki-pod-modele-10-szt\/#breadcrumb\"},\"inLanguage\":\"en-GB\",\"potentialAction\":[{\"@type\":\"ReadAction\",\"target\":[\"https:\/\/printyourfun.eu\/product\/uniwersalne-podstawki-stojaki-pod-modele-10-szt\/\"]}]},{\"@type\":\"ImageObject\",\"inLanguage\":\"en-GB\",\"@id\":\"https:\/\/printyourfun.eu\/product\/uniwersalne-podstawki-stojaki-pod-modele-10-szt\/#primaryimage\",\"url\":\"https:\/\/printyourfun.eu\/wp-content\/uploads\/2022\/05\/DSC_9235.jpg\",\"contentUrl\":\"https:\/\/printyourfun.eu\/wp-content\/uploads\/2022\/05\/DSC_9235.jpg\",\"width\":1600,\"height\":1600},{\"@type\":\"BreadcrumbList\",\"@id\":\"https:\/\/printyourfun.eu\/product\/uniwersalne-podstawki-stojaki-pod-modele-10-szt\/#breadcrumb\",\"itemListElement\":[{\"@type\":\"ListItem\",\"position\":1,\"name\":\"Home\",\"item\":\"https:\/\/printyourfun.eu\/\"},{\"@type\":\"ListItem\",\"position\":2,\"name\":\"Sklep\",\"item\":\"https:\/\/printyourfun.eu\/sklep\/\"},{\"@type\":\"ListItem\",\"position\":3,\"name\":\"Uniwersalne podstawki stojaki pod modele 10 szt\"}]},{\"@type\":\"WebSite\",\"@id\":\"https:\/\/printyourfun.eu\/#website\",\"url\":\"https:\/\/printyourfun.eu\/\",\"name\":\"PrintYourFun\",\"description\":\"Wydruki 3D\",\"potentialAction\":[{\"@type\":\"SearchAction\",\"target\":{\"@type\":\"EntryPoint\",\"urlTemplate\":\"https:\/\/printyourfun.eu\/?s={search_term_string}\"},\"query-input\":{\"@type\":\"PropertyValueSpecification\",\"valueRequired\":true,\"valueName\":\"search_term_string\"}}],\"inLanguage\":\"en-GB\"}]}<\/script>\n<!-- \/ Yoast SEO plugin. -->","yoast_head_json":{"title":"Uniwersalne podstawki stojaki pod modele 10 szt - PrintYourFun","robots":{"index":"index","follow":"follow","max-snippet":"max-snippet:-1","max-image-preview":"max-image-preview:large","max-video-preview":"max-video-preview:-1"},"canonical":"https:\/\/printyourfun.eu\/en\/product\/uniwersalne-podstawki-stojaki-pod-modele-10-szt\/","og_locale":"en_GB","og_type":"article","og_title":"Uniwersalne podstawki stojaki pod modele 10 szt - PrintYourFun","og_description":"Uniwersalne podstawki stojaki pod modele 10 szt Nadaj twoim jednostkom klimatycznego wygl\u0105du przy u\u017cyciu\u00a0wyj\u0105tkowych\u00a0stojak\u00f3w. Wykonane z materia\u0142u\u00a0ze wmieszanymi\u00a0kawa\u0142kami brokatowymi. Uniwersalny rozmiar, materia\u0142 bardzo \u0142atwo no\u017cykiem lub papierem \u015bciernym dostosowa\u0107 do szeroko\u015bci otworu modeli. Dopasowane do skali 28-32mm Potrzebujesz innego rozmiaru ? napisz do nas. Dost\u0119pne w dw\u00f3ch kolorach. Materia\u0142 : PLA, trwa\u0142y i wytrzyma\u0142y. PRODUKT [...]","og_url":"https:\/\/printyourfun.eu\/en\/product\/uniwersalne-podstawki-stojaki-pod-modele-10-szt\/","og_site_name":"PrintYourFun","article_publisher":"https:\/\/www.facebook.com\/Printyourfun\/","article_modified_time":"2025-02-27T11:01:07+00:00","og_image":[{"width":1600,"height":1600,"url":"https:\/\/printyourfun.eu\/wp-content\/uploads\/2022\/05\/DSC_9235.jpg","type":"image\/jpeg"}],"twitter_card":"summary_large_image","twitter_misc":{"Estimated reading time":"1 minute"},"schema":{"@context":"https:\/\/schema.org","@graph":[{"@type":"WebPage","@id":"https:\/\/printyourfun.eu\/product\/uniwersalne-podstawki-stojaki-pod-modele-10-szt\/","url":"https:\/\/printyourfun.eu\/product\/uniwersalne-podstawki-stojaki-pod-modele-10-szt\/","name":"Uniwersalne podstawki stojaki pod modele 10 szt - PrintYourFun","isPartOf":{"@id":"https:\/\/printyourfun.eu\/#website"},"primaryImageOfPage":{"@id":"https:\/\/printyourfun.eu\/product\/uniwersalne-podstawki-stojaki-pod-modele-10-szt\/#primaryimage"},"image":{"@id":"https:\/\/printyourfun.eu\/product\/uniwersalne-podstawki-stojaki-pod-modele-10-szt\/#primaryimage"},"thumbnailUrl":"https:\/\/printyourfun.eu\/wp-content\/uploads\/2022\/05\/DSC_9235.jpg","datePublished":"2022-05-01T21:08:53+00:00","dateModified":"2025-02-27T11:01:07+00:00","breadcrumb":{"@id":"https:\/\/printyourfun.eu\/product\/uniwersalne-podstawki-stojaki-pod-modele-10-szt\/#breadcrumb"},"inLanguage":"en-GB","potentialAction":[{"@type":"ReadAction","target":["https:\/\/printyourfun.eu\/product\/uniwersalne-podstawki-stojaki-pod-modele-10-szt\/"]}]},{"@type":"ImageObject","inLanguage":"en-GB","@id":"https:\/\/printyourfun.eu\/product\/uniwersalne-podstawki-stojaki-pod-modele-10-szt\/#primaryimage","url":"https:\/\/printyourfun.eu\/wp-content\/uploads\/2022\/05\/DSC_9235.jpg","contentUrl":"https:\/\/printyourfun.eu\/wp-content\/uploads\/2022\/05\/DSC_9235.jpg","width":1600,"height":1600},{"@type":"BreadcrumbList","@id":"https:\/\/printyourfun.eu\/product\/uniwersalne-podstawki-stojaki-pod-modele-10-szt\/#breadcrumb","itemListElement":[{"@type":"ListItem","position":1,"name":"Home","item":"https:\/\/printyourfun.eu\/"},{"@type":"ListItem","position":2,"name":"Sklep","item":"https:\/\/printyourfun.eu\/sklep\/"},{"@type":"ListItem","position":3,"name":"Uniwersalne podstawki stojaki pod modele 10 szt"}]},{"@type":"WebSite","@id":"https:\/\/printyourfun.eu\/#website","url":"https:\/\/printyourfun.eu\/","name":"PrintYourFun","description":"Wydruki 3D","potentialAction":[{"@type":"SearchAction","target":{"@type":"EntryPoint","urlTemplate":"https:\/\/printyourfun.eu\/?s={search_term_string}"},"query-input":{"@type":"PropertyValueSpecification","valueRequired":true,"valueName":"search_term_string"}}],"inLanguage":"en-GB"}]}},"_links":{"self":[{"href":"https:\/\/printyourfun.eu\/en\/wp-json\/wp\/v2\/product\/2983","targetHints":{"allow":["GET"]}}],"collection":[{"href":"https:\/\/printyourfun.eu\/en\/wp-json\/wp\/v2\/product"}],"about":[{"href":"https:\/\/printyourfun.eu\/en\/wp-json\/wp\/v2\/types\/product"}],"replies":[{"embeddable":true,"href":"https:\/\/printyourfun.eu\/en\/wp-json\/wp\/v2\/comments?post=2983"}],"wp:featuredmedia":[{"embeddable":true,"href":"https:\/\/printyourfun.eu\/en\/wp-json\/wp\/v2\/media\/3025"}],"wp:attachment":[{"href":"https:\/\/printyourfun.eu\/en\/wp-json\/wp\/v2\/media?parent=2983"}],"wp:term":[{"taxonomy":"product_brand","embeddable":true,"href":"https:\/\/printyourfun.eu\/en\/wp-json\/wp\/v2\/product_brand?post=2983"},{"taxonomy":"product_cat","embeddable":true,"href":"https:\/\/printyourfun.eu\/en\/wp-json\/wp\/v2\/product_cat?post=2983"},{"taxonomy":"product_tag","embeddable":true,"href":"https:\/\/printyourfun.eu\/en\/wp-json\/wp\/v2\/product_tag?post=2983"}],"curies":[{"name":"wp","href":"https:\/\/api.w.org\/{rel}","templated":true}]}}