{"id":3245,"date":"2022-07-03T22:03:08","date_gmt":"2022-07-03T20:03:08","guid":{"rendered":"https:\/\/printyourfun.eu\/?post_type=product&#038;p=3245"},"modified":"2025-02-27T12:01:06","modified_gmt":"2025-02-27T11:01:06","slug":"nemesis-lockdown-winda-model-3d","status":"publish","type":"product","link":"https:\/\/printyourfun.eu\/en\/product\/nemesis-lockdown-winda-model-3d\/","title":{"rendered":"Nemesis Lockdown Winda model 3d"},"content":{"rendered":"<p><span style=\"color: #c66a26; font-size: 110%; border-left: 10px solid #c66a26; padding-left: 15px;\"><strong>Nemesis Lockdown Winda model 3d<\/strong><\/span><\/p>\n<p>-Dzie\u0144 dobry, czy ta winda jedzie w d\u00f3\u0142 ?<\/p>\n<p>-A gdzie ma jecha\u0107, w bok ? \ud83d\ude09<\/p>\n<p>Winda w kolorze grafitowym z metalowymi drobinkami (brokat) daje iluzj\u0119 prawdziwego elementu stacji kosmicznej bez konieczno\u015bci malowania.<\/p>\n<p>Szk\u0142o wykonane z pleksi. 4 kolory szk\u0142a do wyboru.<\/p>\n<p>Monitory komputerowe, wszystkie 4 kolory w ka\u017cdym zam\u00f3wieniu.<\/p>\n<p><img loading=\"lazy\" decoding=\"async\" class=\"aligncenter size-medium wp-image-3286\" src=\"https:\/\/printyourfun.eu\/wp-content\/uploads\/2022\/07\/DSC_5996-A-WWW-800x312.jpg\" alt=\"\" width=\"800\" height=\"312\" srcset=\"https:\/\/printyourfun.eu\/wp-content\/uploads\/2022\/07\/DSC_5996-A-WWW-800x312.jpg 800w, https:\/\/printyourfun.eu\/wp-content\/uploads\/2022\/07\/DSC_5996-A-WWW-1400x546.jpg 1400w, https:\/\/printyourfun.eu\/wp-content\/uploads\/2022\/07\/DSC_5996-A-WWW-768x300.jpg 768w, https:\/\/printyourfun.eu\/wp-content\/uploads\/2022\/07\/DSC_5996-A-WWW-1536x599.jpg 1536w, https:\/\/printyourfun.eu\/wp-content\/uploads\/2022\/07\/DSC_5996-A-WWW-18x7.jpg 18w, https:\/\/printyourfun.eu\/wp-content\/uploads\/2022\/07\/DSC_5996-A-WWW-600x234.jpg 600w, https:\/\/printyourfun.eu\/wp-content\/uploads\/2022\/07\/DSC_5996-A-WWW.jpg 2000w\" sizes=\"auto, (max-width: 800px) 100vw, 800px\" \/><\/p>\n<p>&nbsp;<\/p>\n<p>Material: PLA<\/p>\n<p>PRODUKT NIE ZAWIERA GRY PLANSZOWEJ I JEJ ELEMENT\u00d3W.<\/p>\n<p>&nbsp;<\/p>","protected":false},"excerpt":{"rendered":"<p>Nemesis Lockdown Winda model 3d -Dzie\u0144 dobry, czy ta winda jedzie w d\u00f3\u0142 ? -A gdzie ma jecha\u0107, w bok ? \ud83d\ude09 Winda w kolorze grafitowym z metalowymi drobinkami (brokat) daje iluzj\u0119 prawdziwego elementu stacji kosmicznej bez konieczno\u015bci malowania. Szk\u0142o wykonane z pleksi. 4 kolory szk\u0142a do wyboru. Monitory komputerowe, wszystkie 4 kolory w ka\u017cdym [&#8230;]","protected":false},"featured_media":3287,"comment_status":"open","ping_status":"closed","template":"","meta":{"_acf_changed":false},"product_brand":[],"product_cat":[70,76],"product_tag":[195,196,164,165],"class_list":{"0":"post-3245","1":"product","2":"type-product","3":"status-publish","4":"has-post-thumbnail","6":"product_cat-akcesoria-do-gier","7":"product_cat-elementy-3d-na-plansze","8":"product_tag-kokpit","9":"product_tag-koordynaty","10":"product_tag-nemesis","11":"product_tag-nemesis-board-game","13":"first","14":"instock","15":"shipping-taxable","16":"purchasable","17":"product-type-variable"},"acf":[],"yoast_head":"<!-- This site is optimized with the Yoast SEO plugin v24.8.1 - https:\/\/yoast.com\/wordpress\/plugins\/seo\/ -->\n<title>Nemesis Lockdown Winda model 3d - PrintYourFun<\/title>\n<meta name=\"robots\" content=\"index, follow, max-snippet:-1, max-image-preview:large, max-video-preview:-1\" \/>\n<link rel=\"canonical\" href=\"https:\/\/printyourfun.eu\/en\/product\/nemesis-lockdown-winda-model-3d\/\" \/>\n<meta property=\"og:locale\" content=\"en_GB\" \/>\n<meta property=\"og:type\" content=\"article\" \/>\n<meta property=\"og:title\" content=\"Nemesis Lockdown Winda model 3d - PrintYourFun\" \/>\n<meta property=\"og:description\" content=\"Nemesis Lockdown Winda model 3d -Dzie\u0144 dobry, czy ta winda jedzie w d\u00f3\u0142 ? -A gdzie ma jecha\u0107, w bok ? \ud83d\ude09 Winda w kolorze grafitowym z metalowymi drobinkami (brokat) daje iluzj\u0119 prawdziwego elementu stacji kosmicznej bez konieczno\u015bci malowania. Szk\u0142o wykonane z pleksi. 4 kolory szk\u0142a do wyboru. Monitory komputerowe, wszystkie 4 kolory w ka\u017cdym [...]\" \/>\n<meta property=\"og:url\" content=\"https:\/\/printyourfun.eu\/en\/product\/nemesis-lockdown-winda-model-3d\/\" \/>\n<meta property=\"og:site_name\" content=\"PrintYourFun\" \/>\n<meta property=\"article:publisher\" content=\"https:\/\/www.facebook.com\/Printyourfun\/\" \/>\n<meta property=\"article:modified_time\" content=\"2025-02-27T11:01:06+00:00\" \/>\n<meta property=\"og:image\" content=\"https:\/\/printyourfun.eu\/wp-content\/uploads\/2022\/07\/DSC_5996.jpg\" \/>\n\t<meta property=\"og:image:width\" content=\"2000\" \/>\n\t<meta property=\"og:image:height\" content=\"2000\" \/>\n\t<meta property=\"og:image:type\" content=\"image\/jpeg\" \/>\n<meta name=\"twitter:card\" content=\"summary_large_image\" \/>\n<meta name=\"twitter:label1\" content=\"Estimated reading time\" \/>\n\t<meta name=\"twitter:data1\" content=\"1 minute\" \/>\n<script type=\"application\/ld+json\" class=\"yoast-schema-graph\">{\"@context\":\"https:\/\/schema.org\",\"@graph\":[{\"@type\":\"WebPage\",\"@id\":\"https:\/\/printyourfun.eu\/product\/nemesis-lockdown-winda-model-3d\/\",\"url\":\"https:\/\/printyourfun.eu\/product\/nemesis-lockdown-winda-model-3d\/\",\"name\":\"Nemesis Lockdown Winda model 3d - PrintYourFun\",\"isPartOf\":{\"@id\":\"https:\/\/printyourfun.eu\/#website\"},\"primaryImageOfPage\":{\"@id\":\"https:\/\/printyourfun.eu\/product\/nemesis-lockdown-winda-model-3d\/#primaryimage\"},\"image\":{\"@id\":\"https:\/\/printyourfun.eu\/product\/nemesis-lockdown-winda-model-3d\/#primaryimage\"},\"thumbnailUrl\":\"https:\/\/printyourfun.eu\/wp-content\/uploads\/2022\/07\/DSC_5996.jpg\",\"datePublished\":\"2022-07-03T20:03:08+00:00\",\"dateModified\":\"2025-02-27T11:01:06+00:00\",\"breadcrumb\":{\"@id\":\"https:\/\/printyourfun.eu\/product\/nemesis-lockdown-winda-model-3d\/#breadcrumb\"},\"inLanguage\":\"en-GB\",\"potentialAction\":[{\"@type\":\"ReadAction\",\"target\":[\"https:\/\/printyourfun.eu\/product\/nemesis-lockdown-winda-model-3d\/\"]}]},{\"@type\":\"ImageObject\",\"inLanguage\":\"en-GB\",\"@id\":\"https:\/\/printyourfun.eu\/product\/nemesis-lockdown-winda-model-3d\/#primaryimage\",\"url\":\"https:\/\/printyourfun.eu\/wp-content\/uploads\/2022\/07\/DSC_5996.jpg\",\"contentUrl\":\"https:\/\/printyourfun.eu\/wp-content\/uploads\/2022\/07\/DSC_5996.jpg\",\"width\":2000,\"height\":2000},{\"@type\":\"BreadcrumbList\",\"@id\":\"https:\/\/printyourfun.eu\/product\/nemesis-lockdown-winda-model-3d\/#breadcrumb\",\"itemListElement\":[{\"@type\":\"ListItem\",\"position\":1,\"name\":\"Home\",\"item\":\"https:\/\/printyourfun.eu\/\"},{\"@type\":\"ListItem\",\"position\":2,\"name\":\"Sklep\",\"item\":\"https:\/\/printyourfun.eu\/sklep\/\"},{\"@type\":\"ListItem\",\"position\":3,\"name\":\"Nemesis Lockdown Winda model 3d\"}]},{\"@type\":\"WebSite\",\"@id\":\"https:\/\/printyourfun.eu\/#website\",\"url\":\"https:\/\/printyourfun.eu\/\",\"name\":\"PrintYourFun\",\"description\":\"Wydruki 3D\",\"potentialAction\":[{\"@type\":\"SearchAction\",\"target\":{\"@type\":\"EntryPoint\",\"urlTemplate\":\"https:\/\/printyourfun.eu\/?s={search_term_string}\"},\"query-input\":{\"@type\":\"PropertyValueSpecification\",\"valueRequired\":true,\"valueName\":\"search_term_string\"}}],\"inLanguage\":\"en-GB\"}]}<\/script>\n<!-- \/ Yoast SEO plugin. -->","yoast_head_json":{"title":"Nemesis Lockdown Winda model 3d - PrintYourFun","robots":{"index":"index","follow":"follow","max-snippet":"max-snippet:-1","max-image-preview":"max-image-preview:large","max-video-preview":"max-video-preview:-1"},"canonical":"https:\/\/printyourfun.eu\/en\/product\/nemesis-lockdown-winda-model-3d\/","og_locale":"en_GB","og_type":"article","og_title":"Nemesis Lockdown Winda model 3d - PrintYourFun","og_description":"Nemesis Lockdown Winda model 3d -Dzie\u0144 dobry, czy ta winda jedzie w d\u00f3\u0142 ? -A gdzie ma jecha\u0107, w bok ? \ud83d\ude09 Winda w kolorze grafitowym z metalowymi drobinkami (brokat) daje iluzj\u0119 prawdziwego elementu stacji kosmicznej bez konieczno\u015bci malowania. Szk\u0142o wykonane z pleksi. 4 kolory szk\u0142a do wyboru. Monitory komputerowe, wszystkie 4 kolory w ka\u017cdym [...]","og_url":"https:\/\/printyourfun.eu\/en\/product\/nemesis-lockdown-winda-model-3d\/","og_site_name":"PrintYourFun","article_publisher":"https:\/\/www.facebook.com\/Printyourfun\/","article_modified_time":"2025-02-27T11:01:06+00:00","og_image":[{"width":2000,"height":2000,"url":"https:\/\/printyourfun.eu\/wp-content\/uploads\/2022\/07\/DSC_5996.jpg","type":"image\/jpeg"}],"twitter_card":"summary_large_image","twitter_misc":{"Estimated reading time":"1 minute"},"schema":{"@context":"https:\/\/schema.org","@graph":[{"@type":"WebPage","@id":"https:\/\/printyourfun.eu\/product\/nemesis-lockdown-winda-model-3d\/","url":"https:\/\/printyourfun.eu\/product\/nemesis-lockdown-winda-model-3d\/","name":"Nemesis Lockdown Winda model 3d - PrintYourFun","isPartOf":{"@id":"https:\/\/printyourfun.eu\/#website"},"primaryImageOfPage":{"@id":"https:\/\/printyourfun.eu\/product\/nemesis-lockdown-winda-model-3d\/#primaryimage"},"image":{"@id":"https:\/\/printyourfun.eu\/product\/nemesis-lockdown-winda-model-3d\/#primaryimage"},"thumbnailUrl":"https:\/\/printyourfun.eu\/wp-content\/uploads\/2022\/07\/DSC_5996.jpg","datePublished":"2022-07-03T20:03:08+00:00","dateModified":"2025-02-27T11:01:06+00:00","breadcrumb":{"@id":"https:\/\/printyourfun.eu\/product\/nemesis-lockdown-winda-model-3d\/#breadcrumb"},"inLanguage":"en-GB","potentialAction":[{"@type":"ReadAction","target":["https:\/\/printyourfun.eu\/product\/nemesis-lockdown-winda-model-3d\/"]}]},{"@type":"ImageObject","inLanguage":"en-GB","@id":"https:\/\/printyourfun.eu\/product\/nemesis-lockdown-winda-model-3d\/#primaryimage","url":"https:\/\/printyourfun.eu\/wp-content\/uploads\/2022\/07\/DSC_5996.jpg","contentUrl":"https:\/\/printyourfun.eu\/wp-content\/uploads\/2022\/07\/DSC_5996.jpg","width":2000,"height":2000},{"@type":"BreadcrumbList","@id":"https:\/\/printyourfun.eu\/product\/nemesis-lockdown-winda-model-3d\/#breadcrumb","itemListElement":[{"@type":"ListItem","position":1,"name":"Home","item":"https:\/\/printyourfun.eu\/"},{"@type":"ListItem","position":2,"name":"Sklep","item":"https:\/\/printyourfun.eu\/sklep\/"},{"@type":"ListItem","position":3,"name":"Nemesis Lockdown Winda model 3d"}]},{"@type":"WebSite","@id":"https:\/\/printyourfun.eu\/#website","url":"https:\/\/printyourfun.eu\/","name":"PrintYourFun","description":"Wydruki 3D","potentialAction":[{"@type":"SearchAction","target":{"@type":"EntryPoint","urlTemplate":"https:\/\/printyourfun.eu\/?s={search_term_string}"},"query-input":{"@type":"PropertyValueSpecification","valueRequired":true,"valueName":"search_term_string"}}],"inLanguage":"en-GB"}]}},"_links":{"self":[{"href":"https:\/\/printyourfun.eu\/en\/wp-json\/wp\/v2\/product\/3245","targetHints":{"allow":["GET"]}}],"collection":[{"href":"https:\/\/printyourfun.eu\/en\/wp-json\/wp\/v2\/product"}],"about":[{"href":"https:\/\/printyourfun.eu\/en\/wp-json\/wp\/v2\/types\/product"}],"replies":[{"embeddable":true,"href":"https:\/\/printyourfun.eu\/en\/wp-json\/wp\/v2\/comments?post=3245"}],"wp:featuredmedia":[{"embeddable":true,"href":"https:\/\/printyourfun.eu\/en\/wp-json\/wp\/v2\/media\/3287"}],"wp:attachment":[{"href":"https:\/\/printyourfun.eu\/en\/wp-json\/wp\/v2\/media?parent=3245"}],"wp:term":[{"taxonomy":"product_brand","embeddable":true,"href":"https:\/\/printyourfun.eu\/en\/wp-json\/wp\/v2\/product_brand?post=3245"},{"taxonomy":"product_cat","embeddable":true,"href":"https:\/\/printyourfun.eu\/en\/wp-json\/wp\/v2\/product_cat?post=3245"},{"taxonomy":"product_tag","embeddable":true,"href":"https:\/\/printyourfun.eu\/en\/wp-json\/wp\/v2\/product_tag?post=3245"}],"curies":[{"name":"wp","href":"https:\/\/api.w.org\/{rel}","templated":true}]}}