{"id":3347,"date":"2022-07-04T18:29:59","date_gmt":"2022-07-04T16:29:59","guid":{"rendered":"https:\/\/printyourfun.eu\/?post_type=product&#038;p=3347"},"modified":"2025-02-27T12:01:06","modified_gmt":"2025-02-27T11:01:06","slug":"diuna-imperium-8szt-dreadnought-model-3d","status":"publish","type":"product","link":"https:\/\/printyourfun.eu\/en\/product\/diuna-imperium-8szt-dreadnought-model-3d\/","title":{"rendered":"Diuna Imperium 8szt dreadnought, model 3d"},"content":{"rendered":"<p style=\"text-align: left;\"><span style=\"color: #c66a26; font-size: 110%; border-left: 10px solid #c66a26; padding-left: 15px;\"><strong>Diuna Imperium 8szt dreadnought, model 3..\u00a0<\/strong><\/span><\/p>\n<p>Diuna Imperium dreadnought, model 3d zast\u0119puj\u0105cy drewniane znaczniki.<\/p>\n<p>Wykonany w technologii \u017cywicznego druku 3d.<\/p>\n<p>Zestaw zawiera 8 modeli po 2 szt w ka\u017cdym kolorze.<\/p>\n<p>Dost\u0119pny w wersji pe\u0142nego koloru lub prze\u017aroczyste.<\/p>\n<p>D\u0142ugo\u015b\u0107 2,4 cm<\/p>\n<p style=\"font-size: 14.4px;\"><img loading=\"lazy\" decoding=\"async\" class=\"aligncenter size-medium wp-image-3390\" src=\"https:\/\/printyourfun.eu\/wp-content\/uploads\/2022\/07\/Diuna1-www-1-800x316.jpg\" alt=\"\" width=\"800\" height=\"316\" srcset=\"https:\/\/printyourfun.eu\/wp-content\/uploads\/2022\/07\/Diuna1-www-1-800x316.jpg 800w, https:\/\/printyourfun.eu\/wp-content\/uploads\/2022\/07\/Diuna1-www-1-1400x554.jpg 1400w, https:\/\/printyourfun.eu\/wp-content\/uploads\/2022\/07\/Diuna1-www-1-768x304.jpg 768w, https:\/\/printyourfun.eu\/wp-content\/uploads\/2022\/07\/Diuna1-www-1-1536x607.jpg 1536w, https:\/\/printyourfun.eu\/wp-content\/uploads\/2022\/07\/Diuna1-www-1-2048x810.jpg 2048w, https:\/\/printyourfun.eu\/wp-content\/uploads\/2022\/07\/Diuna1-www-1-18x7.jpg 18w, https:\/\/printyourfun.eu\/wp-content\/uploads\/2022\/07\/Diuna1-www-1-600x237.jpg 600w\" sizes=\"auto, (max-width: 800px) 100vw, 800px\" \/><\/p>\n<p><span style=\"font-size: 80%;\"><b>THE PRODUCT DOES NOT CONTAIN A BOARD GAME AND ITS COMPONENTS<\/b><\/span><br \/>\n<span style=\"font-size: 80%;\">The 3d product is suggested as a matching game replacement, it is not an official item.<\/span><\/p>","protected":false},"excerpt":{"rendered":"<p>Diuna Imperium 8szt dreadnought, model 3..\u00a0 Diuna Imperium dreadnought, model 3d zast\u0119puj\u0105cy drewniane znaczniki. Wykonany w technologii \u017cywicznego druku 3d. Zestaw zawiera 8 modeli po 2 szt w ka\u017cdym kolorze. Dost\u0119pny w wersji pe\u0142nego koloru lub prze\u017aroczyste. D\u0142ugo\u015b\u0107 2,4 cm PRODUKT NIE ZAWIERA GRY PLANSZOWEJ I JEJ ELEMENT\u00d3W Produkt 3d jest sugerowany jako zamiennik pasuj\u0105cy [&#8230;]","protected":false},"featured_media":3391,"comment_status":"open","ping_status":"closed","template":"","meta":{"_acf_changed":false},"product_brand":[],"product_cat":[70,76],"product_tag":[197,256,255,198],"class_list":{"0":"post-3347","1":"product","2":"type-product","3":"status-publish","4":"has-post-thumbnail","6":"product_cat-akcesoria-do-gier","7":"product_cat-elementy-3d-na-plansze","8":"product_tag-diuna","9":"product_tag-diuna-imperium","10":"product_tag-dreadnought","11":"product_tag-imperium","13":"first","14":"instock","15":"shipping-taxable","16":"purchasable","17":"product-type-variable"},"acf":[],"yoast_head":"<!-- This site is optimized with the Yoast SEO plugin v24.8.1 - https:\/\/yoast.com\/wordpress\/plugins\/seo\/ -->\n<title>Diuna Imperium 8szt dreadnought, model 3d - PrintYourFun<\/title>\n<meta name=\"robots\" content=\"index, follow, max-snippet:-1, max-image-preview:large, max-video-preview:-1\" \/>\n<link rel=\"canonical\" href=\"https:\/\/printyourfun.eu\/en\/product\/diuna-imperium-8szt-dreadnought-model-3d\/\" \/>\n<meta property=\"og:locale\" content=\"en_GB\" \/>\n<meta property=\"og:type\" content=\"article\" \/>\n<meta property=\"og:title\" content=\"Diuna Imperium 8szt dreadnought, model 3d - PrintYourFun\" \/>\n<meta property=\"og:description\" content=\"Diuna Imperium 8szt dreadnought, model 3..\u00a0 Diuna Imperium dreadnought, model 3d zast\u0119puj\u0105cy drewniane znaczniki. Wykonany w technologii \u017cywicznego druku 3d. Zestaw zawiera 8 modeli po 2 szt w ka\u017cdym kolorze. Dost\u0119pny w wersji pe\u0142nego koloru lub prze\u017aroczyste. D\u0142ugo\u015b\u0107 2,4 cm PRODUKT NIE ZAWIERA GRY PLANSZOWEJ I JEJ ELEMENT\u00d3W Produkt 3d jest sugerowany jako zamiennik pasuj\u0105cy [...]\" \/>\n<meta property=\"og:url\" content=\"https:\/\/printyourfun.eu\/en\/product\/diuna-imperium-8szt-dreadnought-model-3d\/\" \/>\n<meta property=\"og:site_name\" content=\"PrintYourFun\" \/>\n<meta property=\"article:publisher\" content=\"https:\/\/www.facebook.com\/Printyourfun\/\" \/>\n<meta property=\"article:modified_time\" content=\"2025-02-27T11:01:06+00:00\" \/>\n<meta property=\"og:image\" content=\"https:\/\/printyourfun.eu\/wp-content\/uploads\/2022\/07\/Diuna1.jpg\" \/>\n\t<meta property=\"og:image:width\" content=\"2362\" \/>\n\t<meta property=\"og:image:height\" content=\"2362\" \/>\n\t<meta property=\"og:image:type\" content=\"image\/jpeg\" \/>\n<meta name=\"twitter:card\" content=\"summary_large_image\" \/>\n<meta name=\"twitter:label1\" content=\"Estimated reading time\" \/>\n\t<meta name=\"twitter:data1\" content=\"1 minute\" \/>\n<script type=\"application\/ld+json\" class=\"yoast-schema-graph\">{\"@context\":\"https:\/\/schema.org\",\"@graph\":[{\"@type\":\"WebPage\",\"@id\":\"https:\/\/printyourfun.eu\/product\/diuna-imperium-8szt-dreadnought-model-3d\/\",\"url\":\"https:\/\/printyourfun.eu\/product\/diuna-imperium-8szt-dreadnought-model-3d\/\",\"name\":\"Diuna Imperium 8szt dreadnought, model 3d - PrintYourFun\",\"isPartOf\":{\"@id\":\"https:\/\/printyourfun.eu\/#website\"},\"primaryImageOfPage\":{\"@id\":\"https:\/\/printyourfun.eu\/product\/diuna-imperium-8szt-dreadnought-model-3d\/#primaryimage\"},\"image\":{\"@id\":\"https:\/\/printyourfun.eu\/product\/diuna-imperium-8szt-dreadnought-model-3d\/#primaryimage\"},\"thumbnailUrl\":\"https:\/\/printyourfun.eu\/wp-content\/uploads\/2022\/07\/Diuna1.jpg\",\"datePublished\":\"2022-07-04T16:29:59+00:00\",\"dateModified\":\"2025-02-27T11:01:06+00:00\",\"breadcrumb\":{\"@id\":\"https:\/\/printyourfun.eu\/product\/diuna-imperium-8szt-dreadnought-model-3d\/#breadcrumb\"},\"inLanguage\":\"en-GB\",\"potentialAction\":[{\"@type\":\"ReadAction\",\"target\":[\"https:\/\/printyourfun.eu\/product\/diuna-imperium-8szt-dreadnought-model-3d\/\"]}]},{\"@type\":\"ImageObject\",\"inLanguage\":\"en-GB\",\"@id\":\"https:\/\/printyourfun.eu\/product\/diuna-imperium-8szt-dreadnought-model-3d\/#primaryimage\",\"url\":\"https:\/\/printyourfun.eu\/wp-content\/uploads\/2022\/07\/Diuna1.jpg\",\"contentUrl\":\"https:\/\/printyourfun.eu\/wp-content\/uploads\/2022\/07\/Diuna1.jpg\",\"width\":2362,\"height\":2362},{\"@type\":\"BreadcrumbList\",\"@id\":\"https:\/\/printyourfun.eu\/product\/diuna-imperium-8szt-dreadnought-model-3d\/#breadcrumb\",\"itemListElement\":[{\"@type\":\"ListItem\",\"position\":1,\"name\":\"Home\",\"item\":\"https:\/\/printyourfun.eu\/\"},{\"@type\":\"ListItem\",\"position\":2,\"name\":\"Sklep\",\"item\":\"https:\/\/printyourfun.eu\/sklep\/\"},{\"@type\":\"ListItem\",\"position\":3,\"name\":\"Diuna Imperium 8szt dreadnought, model 3d\"}]},{\"@type\":\"WebSite\",\"@id\":\"https:\/\/printyourfun.eu\/#website\",\"url\":\"https:\/\/printyourfun.eu\/\",\"name\":\"PrintYourFun\",\"description\":\"Wydruki 3D\",\"potentialAction\":[{\"@type\":\"SearchAction\",\"target\":{\"@type\":\"EntryPoint\",\"urlTemplate\":\"https:\/\/printyourfun.eu\/?s={search_term_string}\"},\"query-input\":{\"@type\":\"PropertyValueSpecification\",\"valueRequired\":true,\"valueName\":\"search_term_string\"}}],\"inLanguage\":\"en-GB\"}]}<\/script>\n<!-- \/ Yoast SEO plugin. -->","yoast_head_json":{"title":"Diuna Imperium 8szt dreadnought, model 3d - PrintYourFun","robots":{"index":"index","follow":"follow","max-snippet":"max-snippet:-1","max-image-preview":"max-image-preview:large","max-video-preview":"max-video-preview:-1"},"canonical":"https:\/\/printyourfun.eu\/en\/product\/diuna-imperium-8szt-dreadnought-model-3d\/","og_locale":"en_GB","og_type":"article","og_title":"Diuna Imperium 8szt dreadnought, model 3d - PrintYourFun","og_description":"Diuna Imperium 8szt dreadnought, model 3..\u00a0 Diuna Imperium dreadnought, model 3d zast\u0119puj\u0105cy drewniane znaczniki. Wykonany w technologii \u017cywicznego druku 3d. Zestaw zawiera 8 modeli po 2 szt w ka\u017cdym kolorze. Dost\u0119pny w wersji pe\u0142nego koloru lub prze\u017aroczyste. D\u0142ugo\u015b\u0107 2,4 cm PRODUKT NIE ZAWIERA GRY PLANSZOWEJ I JEJ ELEMENT\u00d3W Produkt 3d jest sugerowany jako zamiennik pasuj\u0105cy [...]","og_url":"https:\/\/printyourfun.eu\/en\/product\/diuna-imperium-8szt-dreadnought-model-3d\/","og_site_name":"PrintYourFun","article_publisher":"https:\/\/www.facebook.com\/Printyourfun\/","article_modified_time":"2025-02-27T11:01:06+00:00","og_image":[{"width":2362,"height":2362,"url":"https:\/\/printyourfun.eu\/wp-content\/uploads\/2022\/07\/Diuna1.jpg","type":"image\/jpeg"}],"twitter_card":"summary_large_image","twitter_misc":{"Estimated reading time":"1 minute"},"schema":{"@context":"https:\/\/schema.org","@graph":[{"@type":"WebPage","@id":"https:\/\/printyourfun.eu\/product\/diuna-imperium-8szt-dreadnought-model-3d\/","url":"https:\/\/printyourfun.eu\/product\/diuna-imperium-8szt-dreadnought-model-3d\/","name":"Diuna Imperium 8szt dreadnought, model 3d - PrintYourFun","isPartOf":{"@id":"https:\/\/printyourfun.eu\/#website"},"primaryImageOfPage":{"@id":"https:\/\/printyourfun.eu\/product\/diuna-imperium-8szt-dreadnought-model-3d\/#primaryimage"},"image":{"@id":"https:\/\/printyourfun.eu\/product\/diuna-imperium-8szt-dreadnought-model-3d\/#primaryimage"},"thumbnailUrl":"https:\/\/printyourfun.eu\/wp-content\/uploads\/2022\/07\/Diuna1.jpg","datePublished":"2022-07-04T16:29:59+00:00","dateModified":"2025-02-27T11:01:06+00:00","breadcrumb":{"@id":"https:\/\/printyourfun.eu\/product\/diuna-imperium-8szt-dreadnought-model-3d\/#breadcrumb"},"inLanguage":"en-GB","potentialAction":[{"@type":"ReadAction","target":["https:\/\/printyourfun.eu\/product\/diuna-imperium-8szt-dreadnought-model-3d\/"]}]},{"@type":"ImageObject","inLanguage":"en-GB","@id":"https:\/\/printyourfun.eu\/product\/diuna-imperium-8szt-dreadnought-model-3d\/#primaryimage","url":"https:\/\/printyourfun.eu\/wp-content\/uploads\/2022\/07\/Diuna1.jpg","contentUrl":"https:\/\/printyourfun.eu\/wp-content\/uploads\/2022\/07\/Diuna1.jpg","width":2362,"height":2362},{"@type":"BreadcrumbList","@id":"https:\/\/printyourfun.eu\/product\/diuna-imperium-8szt-dreadnought-model-3d\/#breadcrumb","itemListElement":[{"@type":"ListItem","position":1,"name":"Home","item":"https:\/\/printyourfun.eu\/"},{"@type":"ListItem","position":2,"name":"Sklep","item":"https:\/\/printyourfun.eu\/sklep\/"},{"@type":"ListItem","position":3,"name":"Diuna Imperium 8szt dreadnought, model 3d"}]},{"@type":"WebSite","@id":"https:\/\/printyourfun.eu\/#website","url":"https:\/\/printyourfun.eu\/","name":"PrintYourFun","description":"Wydruki 3D","potentialAction":[{"@type":"SearchAction","target":{"@type":"EntryPoint","urlTemplate":"https:\/\/printyourfun.eu\/?s={search_term_string}"},"query-input":{"@type":"PropertyValueSpecification","valueRequired":true,"valueName":"search_term_string"}}],"inLanguage":"en-GB"}]}},"_links":{"self":[{"href":"https:\/\/printyourfun.eu\/en\/wp-json\/wp\/v2\/product\/3347","targetHints":{"allow":["GET"]}}],"collection":[{"href":"https:\/\/printyourfun.eu\/en\/wp-json\/wp\/v2\/product"}],"about":[{"href":"https:\/\/printyourfun.eu\/en\/wp-json\/wp\/v2\/types\/product"}],"replies":[{"embeddable":true,"href":"https:\/\/printyourfun.eu\/en\/wp-json\/wp\/v2\/comments?post=3347"}],"wp:featuredmedia":[{"embeddable":true,"href":"https:\/\/printyourfun.eu\/en\/wp-json\/wp\/v2\/media\/3391"}],"wp:attachment":[{"href":"https:\/\/printyourfun.eu\/en\/wp-json\/wp\/v2\/media?parent=3347"}],"wp:term":[{"taxonomy":"product_brand","embeddable":true,"href":"https:\/\/printyourfun.eu\/en\/wp-json\/wp\/v2\/product_brand?post=3347"},{"taxonomy":"product_cat","embeddable":true,"href":"https:\/\/printyourfun.eu\/en\/wp-json\/wp\/v2\/product_cat?post=3347"},{"taxonomy":"product_tag","embeddable":true,"href":"https:\/\/printyourfun.eu\/en\/wp-json\/wp\/v2\/product_tag?post=3347"}],"curies":[{"name":"wp","href":"https:\/\/api.w.org\/{rel}","templated":true}]}}