{"id":3493,"date":"2022-08-09T18:42:30","date_gmt":"2022-08-09T16:42:30","guid":{"rendered":"https:\/\/printyourfun.eu\/?post_type=product&#038;p=3493"},"modified":"2025-02-27T12:01:06","modified_gmt":"2025-02-27T11:01:06","slug":"na-skrzydlach-kolorowe-akrylowe-znaczniki-pozywienia","status":"publish","type":"product","link":"https:\/\/printyourfun.eu\/en\/product\/na-skrzydlach-kolorowe-akrylowe-znaczniki-pozywienia\/","title":{"rendered":"Na Skrzyd\u0142ach kolorowe akrylowe znaczniki po\u017cywienia"},"content":{"rendered":"<p style=\"text-align: left;\"><span style=\"color: #c66a26; font-size: 110%; border-left: 10px solid #c66a26; padding-left: 15px;\"><strong>Na Skrzyd\u0142ach kolorowe akrylowe znaczniki po\u017cywienia.<\/strong><\/span><\/p>\n<p>Dodaj\u0105 \u0142adnego wygl\u0105du i klimatu pasuj\u0105cego do tematyki gry.<\/p>\n<p><b>Wyst\u0119puj\u0105 w dw\u00f3ch wersjach, wsp\u00f3lnym elementem jest jedynie nektar.\u00a0<\/b><\/p>\n<p>&nbsp;<\/p>\n<p><img loading=\"lazy\" decoding=\"async\" class=\"aligncenter size-medium wp-image-3494\" src=\"https:\/\/printyourfun.eu\/wp-content\/uploads\/2022\/08\/tokens-WWW-800x359.jpg\" alt=\"\" width=\"800\" height=\"359\" srcset=\"https:\/\/printyourfun.eu\/wp-content\/uploads\/2022\/08\/tokens-WWW-800x359.jpg 800w, https:\/\/printyourfun.eu\/wp-content\/uploads\/2022\/08\/tokens-WWW-1400x628.jpg 1400w, https:\/\/printyourfun.eu\/wp-content\/uploads\/2022\/08\/tokens-WWW-768x344.jpg 768w, https:\/\/printyourfun.eu\/wp-content\/uploads\/2022\/08\/tokens-WWW-1536x689.jpg 1536w, https:\/\/printyourfun.eu\/wp-content\/uploads\/2022\/08\/tokens-WWW-2048x918.jpg 2048w, https:\/\/printyourfun.eu\/wp-content\/uploads\/2022\/08\/tokens-WWW-18x8.jpg 18w, https:\/\/printyourfun.eu\/wp-content\/uploads\/2022\/08\/tokens-WWW-600x269.jpg 600w\" sizes=\"auto, (max-width: 800px) 100vw, 800px\" \/><\/p>\n<p><strong>W sk\u0142ad zestaw\u00f3w wchodz\u0105:<\/strong><\/p>\n<p>Podstawowa &#8211; ( po 21 szt )<br \/>\n&#8211; Ryby<br \/>\n&#8211; Robaki<br \/>\n&#8211; Jagody<br \/>\n&#8211; Myszy<br \/>\n&#8211; Zbo\u017ce<\/p>\n<p>Euro &#8211; (po 7 szt)<br \/>\n&#8211; Ryby<br \/>\n&#8211; Robaki<br \/>\n&#8211; Jagody<br \/>\n&#8211; Myszy<br \/>\n&#8211; Zbo\u017ce<\/p>\n<p>Ptaki Oceanii (69 szt)<br \/>\n&#8211; Nektar<\/p>\n<p>Podstawa+Euro+Oceania (po 28 szt )- Ryby<br \/>\n&#8211; Robaki<br \/>\n&#8211; Jagody<br \/>\n&#8211; Myszy<br \/>\n&#8211; Zbo\u017ce<\/p>\n<p>Plus<br \/>\n&#8211; Nektar (69 szt)<\/p>\n<p>&nbsp;<\/p>\n<p>Materia\u0142 : Akryl<\/p>\n<p>PRODUKT NIE ZAWIERA GRY PLANSZOWEJ I JEJ ELEMENT\u00d3W.<\/p>\n<h6><\/h6>","protected":false},"excerpt":{"rendered":"<p>Na Skrzyd\u0142ach kolorowe akrylowe znaczniki po\u017cywienia. Dodaj\u0105 \u0142adnego wygl\u0105du i klimatu pasuj\u0105cego do tematyki gry. Wyst\u0119puj\u0105 w dw\u00f3ch wersjach, wsp\u00f3lnym elementem jest jedynie nektar.\u00a0 &nbsp; W sk\u0142ad zestaw\u00f3w wchodz\u0105: Podstawowa &#8211; ( po 21 szt ) &#8211; Ryby &#8211; Robaki &#8211; Jagody &#8211; Myszy &#8211; Zbo\u017ce Euro &#8211; (po 7 szt) &#8211; Ryby &#8211; Robaki [&#8230;]","protected":false},"featured_media":3495,"comment_status":"open","ping_status":"closed","template":"","meta":{"_acf_changed":false},"product_brand":[],"product_cat":[70,76],"product_tag":[209,219,220,257,183],"class_list":{"0":"post-3493","1":"product","2":"type-product","3":"status-publish","4":"has-post-thumbnail","6":"product_cat-akcesoria-do-gier","7":"product_cat-elementy-3d-na-plansze","8":"product_tag-kolorowe","9":"product_tag-na-skrzydlach","10":"product_tag-ptaki","11":"product_tag-tokeny","12":"product_tag-znaczniki","14":"first","15":"instock","16":"shipping-taxable","17":"purchasable","18":"product-type-variable"},"acf":[],"yoast_head":"<!-- This site is optimized with the Yoast SEO plugin v24.8.1 - https:\/\/yoast.com\/wordpress\/plugins\/seo\/ -->\n<title>Na Skrzyd\u0142ach kolorowe akrylowe znaczniki po\u017cywienia - PrintYourFun<\/title>\n<meta name=\"robots\" content=\"index, follow, max-snippet:-1, max-image-preview:large, max-video-preview:-1\" \/>\n<link rel=\"canonical\" href=\"https:\/\/printyourfun.eu\/en\/product\/na-skrzydlach-kolorowe-akrylowe-znaczniki-pozywienia\/\" \/>\n<meta property=\"og:locale\" content=\"en_GB\" \/>\n<meta property=\"og:type\" content=\"article\" \/>\n<meta property=\"og:title\" content=\"Na Skrzyd\u0142ach kolorowe akrylowe znaczniki po\u017cywienia - PrintYourFun\" \/>\n<meta property=\"og:description\" content=\"Na Skrzyd\u0142ach kolorowe akrylowe znaczniki po\u017cywienia. Dodaj\u0105 \u0142adnego wygl\u0105du i klimatu pasuj\u0105cego do tematyki gry. Wyst\u0119puj\u0105 w dw\u00f3ch wersjach, wsp\u00f3lnym elementem jest jedynie nektar.\u00a0 &nbsp; W sk\u0142ad zestaw\u00f3w wchodz\u0105: Podstawowa &#8211; ( po 21 szt ) &#8211; Ryby &#8211; Robaki &#8211; Jagody &#8211; Myszy &#8211; Zbo\u017ce Euro &#8211; (po 7 szt) &#8211; Ryby &#8211; Robaki [...]\" \/>\n<meta property=\"og:url\" content=\"https:\/\/printyourfun.eu\/en\/product\/na-skrzydlach-kolorowe-akrylowe-znaczniki-pozywienia\/\" \/>\n<meta property=\"og:site_name\" content=\"PrintYourFun\" \/>\n<meta property=\"article:publisher\" content=\"https:\/\/www.facebook.com\/Printyourfun\/\" \/>\n<meta property=\"article:modified_time\" content=\"2025-02-27T11:01:06+00:00\" \/>\n<meta property=\"og:image\" content=\"https:\/\/printyourfun.eu\/wp-content\/uploads\/2022\/08\/tokens-Recovered.jpg\" \/>\n\t<meta property=\"og:image:width\" content=\"2000\" \/>\n\t<meta property=\"og:image:height\" content=\"2000\" \/>\n\t<meta property=\"og:image:type\" content=\"image\/jpeg\" \/>\n<meta name=\"twitter:card\" content=\"summary_large_image\" \/>\n<meta name=\"twitter:label1\" content=\"Estimated reading time\" \/>\n\t<meta name=\"twitter:data1\" content=\"1 minute\" \/>\n<script type=\"application\/ld+json\" class=\"yoast-schema-graph\">{\"@context\":\"https:\/\/schema.org\",\"@graph\":[{\"@type\":\"WebPage\",\"@id\":\"https:\/\/printyourfun.eu\/product\/na-skrzydlach-kolorowe-akrylowe-znaczniki-pozywienia\/\",\"url\":\"https:\/\/printyourfun.eu\/product\/na-skrzydlach-kolorowe-akrylowe-znaczniki-pozywienia\/\",\"name\":\"Na Skrzyd\u0142ach kolorowe akrylowe znaczniki po\u017cywienia - PrintYourFun\",\"isPartOf\":{\"@id\":\"https:\/\/printyourfun.eu\/#website\"},\"primaryImageOfPage\":{\"@id\":\"https:\/\/printyourfun.eu\/product\/na-skrzydlach-kolorowe-akrylowe-znaczniki-pozywienia\/#primaryimage\"},\"image\":{\"@id\":\"https:\/\/printyourfun.eu\/product\/na-skrzydlach-kolorowe-akrylowe-znaczniki-pozywienia\/#primaryimage\"},\"thumbnailUrl\":\"https:\/\/printyourfun.eu\/wp-content\/uploads\/2022\/08\/tokens-Recovered.jpg\",\"datePublished\":\"2022-08-09T16:42:30+00:00\",\"dateModified\":\"2025-02-27T11:01:06+00:00\",\"breadcrumb\":{\"@id\":\"https:\/\/printyourfun.eu\/product\/na-skrzydlach-kolorowe-akrylowe-znaczniki-pozywienia\/#breadcrumb\"},\"inLanguage\":\"en-GB\",\"potentialAction\":[{\"@type\":\"ReadAction\",\"target\":[\"https:\/\/printyourfun.eu\/product\/na-skrzydlach-kolorowe-akrylowe-znaczniki-pozywienia\/\"]}]},{\"@type\":\"ImageObject\",\"inLanguage\":\"en-GB\",\"@id\":\"https:\/\/printyourfun.eu\/product\/na-skrzydlach-kolorowe-akrylowe-znaczniki-pozywienia\/#primaryimage\",\"url\":\"https:\/\/printyourfun.eu\/wp-content\/uploads\/2022\/08\/tokens-Recovered.jpg\",\"contentUrl\":\"https:\/\/printyourfun.eu\/wp-content\/uploads\/2022\/08\/tokens-Recovered.jpg\",\"width\":2000,\"height\":2000},{\"@type\":\"BreadcrumbList\",\"@id\":\"https:\/\/printyourfun.eu\/product\/na-skrzydlach-kolorowe-akrylowe-znaczniki-pozywienia\/#breadcrumb\",\"itemListElement\":[{\"@type\":\"ListItem\",\"position\":1,\"name\":\"Home\",\"item\":\"https:\/\/printyourfun.eu\/\"},{\"@type\":\"ListItem\",\"position\":2,\"name\":\"Sklep\",\"item\":\"https:\/\/printyourfun.eu\/sklep\/\"},{\"@type\":\"ListItem\",\"position\":3,\"name\":\"Na Skrzyd\u0142ach kolorowe akrylowe znaczniki po\u017cywienia\"}]},{\"@type\":\"WebSite\",\"@id\":\"https:\/\/printyourfun.eu\/#website\",\"url\":\"https:\/\/printyourfun.eu\/\",\"name\":\"PrintYourFun\",\"description\":\"Wydruki 3D\",\"potentialAction\":[{\"@type\":\"SearchAction\",\"target\":{\"@type\":\"EntryPoint\",\"urlTemplate\":\"https:\/\/printyourfun.eu\/?s={search_term_string}\"},\"query-input\":{\"@type\":\"PropertyValueSpecification\",\"valueRequired\":true,\"valueName\":\"search_term_string\"}}],\"inLanguage\":\"en-GB\"}]}<\/script>\n<!-- \/ Yoast SEO plugin. -->","yoast_head_json":{"title":"Na Skrzyd\u0142ach kolorowe akrylowe znaczniki po\u017cywienia - PrintYourFun","robots":{"index":"index","follow":"follow","max-snippet":"max-snippet:-1","max-image-preview":"max-image-preview:large","max-video-preview":"max-video-preview:-1"},"canonical":"https:\/\/printyourfun.eu\/en\/product\/na-skrzydlach-kolorowe-akrylowe-znaczniki-pozywienia\/","og_locale":"en_GB","og_type":"article","og_title":"Na Skrzyd\u0142ach kolorowe akrylowe znaczniki po\u017cywienia - PrintYourFun","og_description":"Na Skrzyd\u0142ach kolorowe akrylowe znaczniki po\u017cywienia. Dodaj\u0105 \u0142adnego wygl\u0105du i klimatu pasuj\u0105cego do tematyki gry. Wyst\u0119puj\u0105 w dw\u00f3ch wersjach, wsp\u00f3lnym elementem jest jedynie nektar.\u00a0 &nbsp; W sk\u0142ad zestaw\u00f3w wchodz\u0105: Podstawowa &#8211; ( po 21 szt ) &#8211; Ryby &#8211; Robaki &#8211; Jagody &#8211; Myszy &#8211; Zbo\u017ce Euro &#8211; (po 7 szt) &#8211; Ryby &#8211; Robaki [...]","og_url":"https:\/\/printyourfun.eu\/en\/product\/na-skrzydlach-kolorowe-akrylowe-znaczniki-pozywienia\/","og_site_name":"PrintYourFun","article_publisher":"https:\/\/www.facebook.com\/Printyourfun\/","article_modified_time":"2025-02-27T11:01:06+00:00","og_image":[{"width":2000,"height":2000,"url":"https:\/\/printyourfun.eu\/wp-content\/uploads\/2022\/08\/tokens-Recovered.jpg","type":"image\/jpeg"}],"twitter_card":"summary_large_image","twitter_misc":{"Estimated reading time":"1 minute"},"schema":{"@context":"https:\/\/schema.org","@graph":[{"@type":"WebPage","@id":"https:\/\/printyourfun.eu\/product\/na-skrzydlach-kolorowe-akrylowe-znaczniki-pozywienia\/","url":"https:\/\/printyourfun.eu\/product\/na-skrzydlach-kolorowe-akrylowe-znaczniki-pozywienia\/","name":"Na Skrzyd\u0142ach kolorowe akrylowe znaczniki po\u017cywienia - PrintYourFun","isPartOf":{"@id":"https:\/\/printyourfun.eu\/#website"},"primaryImageOfPage":{"@id":"https:\/\/printyourfun.eu\/product\/na-skrzydlach-kolorowe-akrylowe-znaczniki-pozywienia\/#primaryimage"},"image":{"@id":"https:\/\/printyourfun.eu\/product\/na-skrzydlach-kolorowe-akrylowe-znaczniki-pozywienia\/#primaryimage"},"thumbnailUrl":"https:\/\/printyourfun.eu\/wp-content\/uploads\/2022\/08\/tokens-Recovered.jpg","datePublished":"2022-08-09T16:42:30+00:00","dateModified":"2025-02-27T11:01:06+00:00","breadcrumb":{"@id":"https:\/\/printyourfun.eu\/product\/na-skrzydlach-kolorowe-akrylowe-znaczniki-pozywienia\/#breadcrumb"},"inLanguage":"en-GB","potentialAction":[{"@type":"ReadAction","target":["https:\/\/printyourfun.eu\/product\/na-skrzydlach-kolorowe-akrylowe-znaczniki-pozywienia\/"]}]},{"@type":"ImageObject","inLanguage":"en-GB","@id":"https:\/\/printyourfun.eu\/product\/na-skrzydlach-kolorowe-akrylowe-znaczniki-pozywienia\/#primaryimage","url":"https:\/\/printyourfun.eu\/wp-content\/uploads\/2022\/08\/tokens-Recovered.jpg","contentUrl":"https:\/\/printyourfun.eu\/wp-content\/uploads\/2022\/08\/tokens-Recovered.jpg","width":2000,"height":2000},{"@type":"BreadcrumbList","@id":"https:\/\/printyourfun.eu\/product\/na-skrzydlach-kolorowe-akrylowe-znaczniki-pozywienia\/#breadcrumb","itemListElement":[{"@type":"ListItem","position":1,"name":"Home","item":"https:\/\/printyourfun.eu\/"},{"@type":"ListItem","position":2,"name":"Sklep","item":"https:\/\/printyourfun.eu\/sklep\/"},{"@type":"ListItem","position":3,"name":"Na Skrzyd\u0142ach kolorowe akrylowe znaczniki po\u017cywienia"}]},{"@type":"WebSite","@id":"https:\/\/printyourfun.eu\/#website","url":"https:\/\/printyourfun.eu\/","name":"PrintYourFun","description":"Wydruki 3D","potentialAction":[{"@type":"SearchAction","target":{"@type":"EntryPoint","urlTemplate":"https:\/\/printyourfun.eu\/?s={search_term_string}"},"query-input":{"@type":"PropertyValueSpecification","valueRequired":true,"valueName":"search_term_string"}}],"inLanguage":"en-GB"}]}},"_links":{"self":[{"href":"https:\/\/printyourfun.eu\/en\/wp-json\/wp\/v2\/product\/3493","targetHints":{"allow":["GET"]}}],"collection":[{"href":"https:\/\/printyourfun.eu\/en\/wp-json\/wp\/v2\/product"}],"about":[{"href":"https:\/\/printyourfun.eu\/en\/wp-json\/wp\/v2\/types\/product"}],"replies":[{"embeddable":true,"href":"https:\/\/printyourfun.eu\/en\/wp-json\/wp\/v2\/comments?post=3493"}],"wp:featuredmedia":[{"embeddable":true,"href":"https:\/\/printyourfun.eu\/en\/wp-json\/wp\/v2\/media\/3495"}],"wp:attachment":[{"href":"https:\/\/printyourfun.eu\/en\/wp-json\/wp\/v2\/media?parent=3493"}],"wp:term":[{"taxonomy":"product_brand","embeddable":true,"href":"https:\/\/printyourfun.eu\/en\/wp-json\/wp\/v2\/product_brand?post=3493"},{"taxonomy":"product_cat","embeddable":true,"href":"https:\/\/printyourfun.eu\/en\/wp-json\/wp\/v2\/product_cat?post=3493"},{"taxonomy":"product_tag","embeddable":true,"href":"https:\/\/printyourfun.eu\/en\/wp-json\/wp\/v2\/product_tag?post=3493"}],"curies":[{"name":"wp","href":"https:\/\/api.w.org\/{rel}","templated":true}]}}