{"id":3739,"date":"2022-12-02T17:58:44","date_gmt":"2022-12-02T16:58:44","guid":{"rendered":"https:\/\/printyourfun.eu\/?post_type=product&#038;p=3739"},"modified":"2025-02-27T12:01:06","modified_gmt":"2025-02-27T11:01:06","slug":"nemesis-komplet-16-stojakow-na-zetony-statusu","status":"publish","type":"product","link":"https:\/\/printyourfun.eu\/en\/product\/nemesis-komplet-16-stojakow-na-zetony-statusu\/","title":{"rendered":"Nemesis komplet stojak\u00f3w na \u017cetony statusu."},"content":{"rendered":"<p style=\"text-align: left;\"><span style=\"color: #c66a26; font-size: 110%; border-left: 10px solid #c66a26; padding-left: 15px;\"><strong>Nemesis komplet\u00a0 stojak\u00f3w na \u017cetony statusu, po\u017caru i uszkodze\u0144<\/strong><\/span><\/p>\n<p>Idealnie zwi\u0119kszaj\u0105 widoczno\u015b\u0107 status\u00f3w pomieszcze\u0144 z daleka, idealne zw\u0142aszcza przy du\u017cym stole i grze na wi\u0119ksz\u0105 ilo\u015b\u0107 graczy.<\/p>\n<p>Dost\u0119pny w dw\u00f3ch opcjach<\/p>\n<p>Set 1 z 8 szt ogie\u0144 i 8 szt awaria do Podstawowej wersji Core<br \/>\nSet 2 z 12 szt ogie\u0144 i 10 szt awaria do\u00a0 wersji\u00a0 Lockdown<\/p>\n<p>Kolor czerwony i szary z domieszk\u0105 srebrnego brokatu.<\/p>\n<p>&nbsp;<\/p>\n<p><img loading=\"lazy\" decoding=\"async\" class=\"aligncenter size-medium wp-image-3933\" src=\"https:\/\/printyourfun.eu\/wp-content\/uploads\/2022\/12\/DSC_1668www-800x303.jpg\" alt=\"\" width=\"800\" height=\"303\" srcset=\"https:\/\/printyourfun.eu\/wp-content\/uploads\/2022\/12\/DSC_1668www-800x303.jpg 800w, https:\/\/printyourfun.eu\/wp-content\/uploads\/2022\/12\/DSC_1668www-1400x531.jpg 1400w, https:\/\/printyourfun.eu\/wp-content\/uploads\/2022\/12\/DSC_1668www-768x291.jpg 768w, https:\/\/printyourfun.eu\/wp-content\/uploads\/2022\/12\/DSC_1668www-1536x582.jpg 1536w, https:\/\/printyourfun.eu\/wp-content\/uploads\/2022\/12\/DSC_1668www-18x7.jpg 18w, https:\/\/printyourfun.eu\/wp-content\/uploads\/2022\/12\/DSC_1668www-600x227.jpg 600w, https:\/\/printyourfun.eu\/wp-content\/uploads\/2022\/12\/DSC_1668www.jpg 2000w\" sizes=\"auto, (max-width: 800px) 100vw, 800px\" \/><\/p>\n<p>Material: PLA<\/p>\n<p>PRODUKT NIE ZAWIERA GRY PLANSZOWEJ I JEJ ELEMENT\u00d3W.<\/p>\n<h6><\/h6>","protected":false},"excerpt":{"rendered":"<p>Nemesis komplet\u00a0 stojak\u00f3w na \u017cetony statusu, po\u017caru i uszkodze\u0144 Idealnie zwi\u0119kszaj\u0105 widoczno\u015b\u0107 status\u00f3w pomieszcze\u0144 z daleka, idealne zw\u0142aszcza przy du\u017cym stole i grze na wi\u0119ksz\u0105 ilo\u015b\u0107 graczy. Dost\u0119pny w dw\u00f3ch opcjach Set 1 z 8 szt ogie\u0144 i 8 szt awaria do Podstawowej wersji Core Set 2 z 12 szt ogie\u0144 i 10 szt awaria [&#8230;]","protected":false},"featured_media":3943,"comment_status":"open","ping_status":"closed","template":"","meta":{"_acf_changed":false},"product_brand":[],"product_cat":[70,76],"product_tag":[259,164,165,258,265,144,266,187],"class_list":{"0":"post-3739","1":"product","2":"type-product","3":"status-publish","4":"has-post-thumbnail","6":"product_cat-akcesoria-do-gier","7":"product_cat-elementy-3d-na-plansze","8":"product_tag-lockdown","9":"product_tag-nemesis","10":"product_tag-nemesis-board-game","11":"product_tag-nemesis-lockdown","12":"product_tag-nemesis-ogien","13":"product_tag-stojak","14":"product_tag-stojaki","15":"product_tag-znacznik","17":"first","18":"instock","19":"shipping-taxable","20":"purchasable","21":"product-type-variable","22":"has-default-attributes"},"acf":[],"yoast_head":"<!-- This site is optimized with the Yoast SEO plugin v24.8.1 - https:\/\/yoast.com\/wordpress\/plugins\/seo\/ -->\n<title>Nemesis komplet stojak\u00f3w na \u017cetony statusu. - PrintYourFun<\/title>\n<meta name=\"robots\" content=\"index, follow, max-snippet:-1, max-image-preview:large, max-video-preview:-1\" \/>\n<link rel=\"canonical\" href=\"https:\/\/printyourfun.eu\/en\/product\/nemesis-komplet-16-stojakow-na-zetony-statusu\/\" \/>\n<meta property=\"og:locale\" content=\"en_GB\" \/>\n<meta property=\"og:type\" content=\"article\" \/>\n<meta property=\"og:title\" content=\"Nemesis komplet stojak\u00f3w na \u017cetony statusu. - PrintYourFun\" \/>\n<meta property=\"og:description\" content=\"Nemesis komplet\u00a0 stojak\u00f3w na \u017cetony statusu, po\u017caru i uszkodze\u0144 Idealnie zwi\u0119kszaj\u0105 widoczno\u015b\u0107 status\u00f3w pomieszcze\u0144 z daleka, idealne zw\u0142aszcza przy du\u017cym stole i grze na wi\u0119ksz\u0105 ilo\u015b\u0107 graczy. Dost\u0119pny w dw\u00f3ch opcjach Set 1 z 8 szt ogie\u0144 i 8 szt awaria do Podstawowej wersji Core Set 2 z 12 szt ogie\u0144 i 10 szt awaria [...]\" \/>\n<meta property=\"og:url\" content=\"https:\/\/printyourfun.eu\/en\/product\/nemesis-komplet-16-stojakow-na-zetony-statusu\/\" \/>\n<meta property=\"og:site_name\" content=\"PrintYourFun\" \/>\n<meta property=\"article:publisher\" content=\"https:\/\/www.facebook.com\/Printyourfun\/\" \/>\n<meta property=\"article:modified_time\" content=\"2025-02-27T11:01:06+00:00\" \/>\n<meta property=\"og:image\" content=\"https:\/\/printyourfun.eu\/wp-content\/uploads\/2022\/12\/DSC_1665-1male.jpg\" \/>\n\t<meta property=\"og:image:width\" content=\"2000\" \/>\n\t<meta property=\"og:image:height\" content=\"2000\" \/>\n\t<meta property=\"og:image:type\" content=\"image\/jpeg\" \/>\n<meta name=\"twitter:card\" content=\"summary_large_image\" \/>\n<meta name=\"twitter:label1\" content=\"Estimated reading time\" \/>\n\t<meta name=\"twitter:data1\" content=\"1 minute\" \/>\n<script type=\"application\/ld+json\" class=\"yoast-schema-graph\">{\"@context\":\"https:\/\/schema.org\",\"@graph\":[{\"@type\":\"WebPage\",\"@id\":\"https:\/\/printyourfun.eu\/product\/nemesis-komplet-16-stojakow-na-zetony-statusu\/\",\"url\":\"https:\/\/printyourfun.eu\/product\/nemesis-komplet-16-stojakow-na-zetony-statusu\/\",\"name\":\"Nemesis komplet stojak\u00f3w na \u017cetony statusu. - PrintYourFun\",\"isPartOf\":{\"@id\":\"https:\/\/printyourfun.eu\/#website\"},\"primaryImageOfPage\":{\"@id\":\"https:\/\/printyourfun.eu\/product\/nemesis-komplet-16-stojakow-na-zetony-statusu\/#primaryimage\"},\"image\":{\"@id\":\"https:\/\/printyourfun.eu\/product\/nemesis-komplet-16-stojakow-na-zetony-statusu\/#primaryimage\"},\"thumbnailUrl\":\"https:\/\/printyourfun.eu\/wp-content\/uploads\/2022\/12\/DSC_1665-1male.jpg\",\"datePublished\":\"2022-12-02T16:58:44+00:00\",\"dateModified\":\"2025-02-27T11:01:06+00:00\",\"breadcrumb\":{\"@id\":\"https:\/\/printyourfun.eu\/product\/nemesis-komplet-16-stojakow-na-zetony-statusu\/#breadcrumb\"},\"inLanguage\":\"en-GB\",\"potentialAction\":[{\"@type\":\"ReadAction\",\"target\":[\"https:\/\/printyourfun.eu\/product\/nemesis-komplet-16-stojakow-na-zetony-statusu\/\"]}]},{\"@type\":\"ImageObject\",\"inLanguage\":\"en-GB\",\"@id\":\"https:\/\/printyourfun.eu\/product\/nemesis-komplet-16-stojakow-na-zetony-statusu\/#primaryimage\",\"url\":\"https:\/\/printyourfun.eu\/wp-content\/uploads\/2022\/12\/DSC_1665-1male.jpg\",\"contentUrl\":\"https:\/\/printyourfun.eu\/wp-content\/uploads\/2022\/12\/DSC_1665-1male.jpg\",\"width\":2000,\"height\":2000},{\"@type\":\"BreadcrumbList\",\"@id\":\"https:\/\/printyourfun.eu\/product\/nemesis-komplet-16-stojakow-na-zetony-statusu\/#breadcrumb\",\"itemListElement\":[{\"@type\":\"ListItem\",\"position\":1,\"name\":\"Home\",\"item\":\"https:\/\/printyourfun.eu\/\"},{\"@type\":\"ListItem\",\"position\":2,\"name\":\"Sklep\",\"item\":\"https:\/\/printyourfun.eu\/sklep\/\"},{\"@type\":\"ListItem\",\"position\":3,\"name\":\"Nemesis komplet stojak\u00f3w na \u017cetony statusu.\"}]},{\"@type\":\"WebSite\",\"@id\":\"https:\/\/printyourfun.eu\/#website\",\"url\":\"https:\/\/printyourfun.eu\/\",\"name\":\"PrintYourFun\",\"description\":\"Wydruki 3D\",\"potentialAction\":[{\"@type\":\"SearchAction\",\"target\":{\"@type\":\"EntryPoint\",\"urlTemplate\":\"https:\/\/printyourfun.eu\/?s={search_term_string}\"},\"query-input\":{\"@type\":\"PropertyValueSpecification\",\"valueRequired\":true,\"valueName\":\"search_term_string\"}}],\"inLanguage\":\"en-GB\"}]}<\/script>\n<!-- \/ Yoast SEO plugin. -->","yoast_head_json":{"title":"Nemesis komplet stojak\u00f3w na \u017cetony statusu. - PrintYourFun","robots":{"index":"index","follow":"follow","max-snippet":"max-snippet:-1","max-image-preview":"max-image-preview:large","max-video-preview":"max-video-preview:-1"},"canonical":"https:\/\/printyourfun.eu\/en\/product\/nemesis-komplet-16-stojakow-na-zetony-statusu\/","og_locale":"en_GB","og_type":"article","og_title":"Nemesis komplet stojak\u00f3w na \u017cetony statusu. - PrintYourFun","og_description":"Nemesis komplet\u00a0 stojak\u00f3w na \u017cetony statusu, po\u017caru i uszkodze\u0144 Idealnie zwi\u0119kszaj\u0105 widoczno\u015b\u0107 status\u00f3w pomieszcze\u0144 z daleka, idealne zw\u0142aszcza przy du\u017cym stole i grze na wi\u0119ksz\u0105 ilo\u015b\u0107 graczy. Dost\u0119pny w dw\u00f3ch opcjach Set 1 z 8 szt ogie\u0144 i 8 szt awaria do Podstawowej wersji Core Set 2 z 12 szt ogie\u0144 i 10 szt awaria [...]","og_url":"https:\/\/printyourfun.eu\/en\/product\/nemesis-komplet-16-stojakow-na-zetony-statusu\/","og_site_name":"PrintYourFun","article_publisher":"https:\/\/www.facebook.com\/Printyourfun\/","article_modified_time":"2025-02-27T11:01:06+00:00","og_image":[{"width":2000,"height":2000,"url":"https:\/\/printyourfun.eu\/wp-content\/uploads\/2022\/12\/DSC_1665-1male.jpg","type":"image\/jpeg"}],"twitter_card":"summary_large_image","twitter_misc":{"Estimated reading time":"1 minute"},"schema":{"@context":"https:\/\/schema.org","@graph":[{"@type":"WebPage","@id":"https:\/\/printyourfun.eu\/product\/nemesis-komplet-16-stojakow-na-zetony-statusu\/","url":"https:\/\/printyourfun.eu\/product\/nemesis-komplet-16-stojakow-na-zetony-statusu\/","name":"Nemesis komplet stojak\u00f3w na \u017cetony statusu. - PrintYourFun","isPartOf":{"@id":"https:\/\/printyourfun.eu\/#website"},"primaryImageOfPage":{"@id":"https:\/\/printyourfun.eu\/product\/nemesis-komplet-16-stojakow-na-zetony-statusu\/#primaryimage"},"image":{"@id":"https:\/\/printyourfun.eu\/product\/nemesis-komplet-16-stojakow-na-zetony-statusu\/#primaryimage"},"thumbnailUrl":"https:\/\/printyourfun.eu\/wp-content\/uploads\/2022\/12\/DSC_1665-1male.jpg","datePublished":"2022-12-02T16:58:44+00:00","dateModified":"2025-02-27T11:01:06+00:00","breadcrumb":{"@id":"https:\/\/printyourfun.eu\/product\/nemesis-komplet-16-stojakow-na-zetony-statusu\/#breadcrumb"},"inLanguage":"en-GB","potentialAction":[{"@type":"ReadAction","target":["https:\/\/printyourfun.eu\/product\/nemesis-komplet-16-stojakow-na-zetony-statusu\/"]}]},{"@type":"ImageObject","inLanguage":"en-GB","@id":"https:\/\/printyourfun.eu\/product\/nemesis-komplet-16-stojakow-na-zetony-statusu\/#primaryimage","url":"https:\/\/printyourfun.eu\/wp-content\/uploads\/2022\/12\/DSC_1665-1male.jpg","contentUrl":"https:\/\/printyourfun.eu\/wp-content\/uploads\/2022\/12\/DSC_1665-1male.jpg","width":2000,"height":2000},{"@type":"BreadcrumbList","@id":"https:\/\/printyourfun.eu\/product\/nemesis-komplet-16-stojakow-na-zetony-statusu\/#breadcrumb","itemListElement":[{"@type":"ListItem","position":1,"name":"Home","item":"https:\/\/printyourfun.eu\/"},{"@type":"ListItem","position":2,"name":"Sklep","item":"https:\/\/printyourfun.eu\/sklep\/"},{"@type":"ListItem","position":3,"name":"Nemesis komplet stojak\u00f3w na \u017cetony statusu."}]},{"@type":"WebSite","@id":"https:\/\/printyourfun.eu\/#website","url":"https:\/\/printyourfun.eu\/","name":"PrintYourFun","description":"Wydruki 3D","potentialAction":[{"@type":"SearchAction","target":{"@type":"EntryPoint","urlTemplate":"https:\/\/printyourfun.eu\/?s={search_term_string}"},"query-input":{"@type":"PropertyValueSpecification","valueRequired":true,"valueName":"search_term_string"}}],"inLanguage":"en-GB"}]}},"_links":{"self":[{"href":"https:\/\/printyourfun.eu\/en\/wp-json\/wp\/v2\/product\/3739","targetHints":{"allow":["GET"]}}],"collection":[{"href":"https:\/\/printyourfun.eu\/en\/wp-json\/wp\/v2\/product"}],"about":[{"href":"https:\/\/printyourfun.eu\/en\/wp-json\/wp\/v2\/types\/product"}],"replies":[{"embeddable":true,"href":"https:\/\/printyourfun.eu\/en\/wp-json\/wp\/v2\/comments?post=3739"}],"wp:featuredmedia":[{"embeddable":true,"href":"https:\/\/printyourfun.eu\/en\/wp-json\/wp\/v2\/media\/3943"}],"wp:attachment":[{"href":"https:\/\/printyourfun.eu\/en\/wp-json\/wp\/v2\/media?parent=3739"}],"wp:term":[{"taxonomy":"product_brand","embeddable":true,"href":"https:\/\/printyourfun.eu\/en\/wp-json\/wp\/v2\/product_brand?post=3739"},{"taxonomy":"product_cat","embeddable":true,"href":"https:\/\/printyourfun.eu\/en\/wp-json\/wp\/v2\/product_cat?post=3739"},{"taxonomy":"product_tag","embeddable":true,"href":"https:\/\/printyourfun.eu\/en\/wp-json\/wp\/v2\/product_tag?post=3739"}],"curies":[{"name":"wp","href":"https:\/\/api.w.org\/{rel}","templated":true}]}}