{"id":5184,"date":"2023-03-30T22:06:10","date_gmt":"2023-03-30T20:06:10","guid":{"rendered":"https:\/\/printyourfun.eu\/?post_type=product&#038;p=5184"},"modified":"2025-10-01T17:06:35","modified_gmt":"2025-10-01T15:06:35","slug":"nemesis-komplet-stojakow-na-zetony-szmerow","status":"publish","type":"product","link":"https:\/\/printyourfun.eu\/en\/product\/nemesis-komplet-stojakow-na-zetony-szmerow\/","title":{"rendered":"Nemesis komplet stojak\u00f3w na \u017cetony szmer\u00f3w"},"content":{"rendered":"<p style=\"text-align: left;\"><span style=\"color: #c66a26; font-size: 110%; border-left: 10px solid #c66a26; padding-left: 15px;\"><strong>Nemesis komplet\u00a0 stojak\u00f3w na \u017cetony statusu szmer\u00f3w.<\/strong><\/span><\/p>\n<p>Idealnie zwi\u0119kszaj\u0105 widoczno\u015b\u0107 status\u00f3w korytarzy z daleka, idealne zw\u0142aszcza przy du\u017cym stole i grze na wi\u0119ksz\u0105 ilo\u015b\u0107 graczy.<\/p>\n<p>Jeden zestaw pasuje do podstawowej wersji Core, Lockdown i Nemesis Retaliation<\/p>\n<p>30 szt podstawek &#8211; WA\u017bNE &#8211;\u00a0Ze wzgl\u0119du na niewielkie r\u00f3\u017cnice w wymiarach znacznik\u00f3w mi\u0119dzy wersjami gry, podstawki wymagaj\u0105 mocnego wci\u015bni\u0119cia \u017ceton\u00f3w. Najlepiej pozostawi\u0107 je w podstawkach na sta\u0142e.<\/p>\n<p>Kolor Aurora (granatowy z domieszk\u0105 srebrnego brokatu)<\/p>\n<p>&nbsp;<\/p>\n<p><img loading=\"lazy\" decoding=\"async\" class=\"aligncenter size-medium wp-image-5187\" src=\"https:\/\/printyourfun.eu\/wp-content\/uploads\/2023\/03\/DSC_1680-www-800x312.jpg\" alt=\"\" width=\"800\" height=\"312\" srcset=\"https:\/\/printyourfun.eu\/wp-content\/uploads\/2023\/03\/DSC_1680-www-800x312.jpg 800w, https:\/\/printyourfun.eu\/wp-content\/uploads\/2023\/03\/DSC_1680-www-1400x546.jpg 1400w, https:\/\/printyourfun.eu\/wp-content\/uploads\/2023\/03\/DSC_1680-www-768x300.jpg 768w, https:\/\/printyourfun.eu\/wp-content\/uploads\/2023\/03\/DSC_1680-www-1536x599.jpg 1536w, https:\/\/printyourfun.eu\/wp-content\/uploads\/2023\/03\/DSC_1680-www-2048x799.jpg 2048w, https:\/\/printyourfun.eu\/wp-content\/uploads\/2023\/03\/DSC_1680-www-18x7.jpg 18w, https:\/\/printyourfun.eu\/wp-content\/uploads\/2023\/03\/DSC_1680-www-600x234.jpg 600w\" sizes=\"auto, (max-width: 800px) 100vw, 800px\" \/><\/p>\n<p>Material: PLA<\/p>\n<p>PRODUKT NIE ZAWIERA GRY PLANSZOWEJ I JEJ ELEMENT\u00d3W.<\/p>\n<h6><\/h6>","protected":false},"excerpt":{"rendered":"<p>Nemesis komplet\u00a0 stojak\u00f3w na \u017cetony statusu szmer\u00f3w. Idealnie zwi\u0119kszaj\u0105 widoczno\u015b\u0107 status\u00f3w korytarzy z daleka, idealne zw\u0142aszcza przy du\u017cym stole i grze na wi\u0119ksz\u0105 ilo\u015b\u0107 graczy. Jeden zestaw pasuje do podstawowej wersji Core, Lockdown i Nemesis Retaliation 30 szt podstawek &#8211; WA\u017bNE &#8211;\u00a0Ze wzgl\u0119du na niewielkie r\u00f3\u017cnice w wymiarach znacznik\u00f3w mi\u0119dzy wersjami gry, podstawki wymagaj\u0105 mocnego [&#8230;]","protected":false},"featured_media":5188,"comment_status":"open","ping_status":"closed","template":"","meta":{"_acf_changed":false},"product_brand":[],"product_cat":[70,76],"product_tag":[259,164,165,258,410,411,144,266,187],"class_list":{"0":"post-5184","1":"product","2":"type-product","3":"status-publish","4":"has-post-thumbnail","6":"product_cat-akcesoria-do-gier","7":"product_cat-elementy-3d-na-plansze","8":"product_tag-lockdown","9":"product_tag-nemesis","10":"product_tag-nemesis-board-game","11":"product_tag-nemesis-lockdown","12":"product_tag-nemesis-retaliation","13":"product_tag-retaliation","14":"product_tag-stojak","15":"product_tag-stojaki","16":"product_tag-znacznik","18":"first","19":"instock","20":"shipping-taxable","21":"purchasable","22":"product-type-simple"},"acf":[],"yoast_head":"<!-- This site is optimized with the Yoast SEO plugin v24.8.1 - https:\/\/yoast.com\/wordpress\/plugins\/seo\/ -->\n<title>Nemesis komplet stojak\u00f3w na \u017cetony szmer\u00f3w - PrintYourFun<\/title>\n<meta name=\"description\" content=\"Idealnie zwi\u0119kszaj\u0105 widoczno\u015b\u0107 status\u00f3w korytarzy z daleka, idealne zw\u0142aszcza przy du\u017cym stole i grze na wi\u0119ksz\u0105 ilo\u015b\u0107 graczy.\" \/>\n<meta name=\"robots\" content=\"index, follow, max-snippet:-1, max-image-preview:large, max-video-preview:-1\" \/>\n<link rel=\"canonical\" href=\"https:\/\/printyourfun.eu\/en\/product\/nemesis-komplet-stojakow-na-zetony-szmerow\/\" \/>\n<meta property=\"og:locale\" content=\"en_GB\" \/>\n<meta property=\"og:type\" content=\"article\" \/>\n<meta property=\"og:title\" content=\"Nemesis komplet stojak\u00f3w na \u017cetony szmer\u00f3w - PrintYourFun\" \/>\n<meta property=\"og:description\" content=\"Idealnie zwi\u0119kszaj\u0105 widoczno\u015b\u0107 status\u00f3w korytarzy z daleka, idealne zw\u0142aszcza przy du\u017cym stole i grze na wi\u0119ksz\u0105 ilo\u015b\u0107 graczy.\" \/>\n<meta property=\"og:url\" content=\"https:\/\/printyourfun.eu\/en\/product\/nemesis-komplet-stojakow-na-zetony-szmerow\/\" \/>\n<meta property=\"og:site_name\" content=\"PrintYourFun\" \/>\n<meta property=\"article:publisher\" content=\"https:\/\/www.facebook.com\/Printyourfun\/\" \/>\n<meta property=\"article:modified_time\" content=\"2025-10-01T15:06:35+00:00\" \/>\n<meta property=\"og:image\" content=\"https:\/\/printyourfun.eu\/wp-content\/uploads\/2023\/03\/DSC_1680-kwad.jpg\" \/>\n\t<meta property=\"og:image:width\" content=\"2000\" \/>\n\t<meta property=\"og:image:height\" content=\"2000\" \/>\n\t<meta property=\"og:image:type\" content=\"image\/jpeg\" \/>\n<meta name=\"twitter:card\" content=\"summary_large_image\" \/>\n<meta name=\"twitter:label1\" content=\"Estimated reading time\" \/>\n\t<meta name=\"twitter:data1\" content=\"1 minute\" \/>\n<script type=\"application\/ld+json\" class=\"yoast-schema-graph\">{\"@context\":\"https:\/\/schema.org\",\"@graph\":[{\"@type\":\"WebPage\",\"@id\":\"https:\/\/printyourfun.eu\/product\/nemesis-komplet-stojakow-na-zetony-szmerow\/\",\"url\":\"https:\/\/printyourfun.eu\/product\/nemesis-komplet-stojakow-na-zetony-szmerow\/\",\"name\":\"Nemesis komplet stojak\u00f3w na \u017cetony szmer\u00f3w - PrintYourFun\",\"isPartOf\":{\"@id\":\"https:\/\/printyourfun.eu\/#website\"},\"primaryImageOfPage\":{\"@id\":\"https:\/\/printyourfun.eu\/product\/nemesis-komplet-stojakow-na-zetony-szmerow\/#primaryimage\"},\"image\":{\"@id\":\"https:\/\/printyourfun.eu\/product\/nemesis-komplet-stojakow-na-zetony-szmerow\/#primaryimage\"},\"thumbnailUrl\":\"https:\/\/printyourfun.eu\/wp-content\/uploads\/2023\/03\/DSC_1680-kwad.jpg\",\"datePublished\":\"2023-03-30T20:06:10+00:00\",\"dateModified\":\"2025-10-01T15:06:35+00:00\",\"description\":\"Idealnie zwi\u0119kszaj\u0105 widoczno\u015b\u0107 status\u00f3w korytarzy z daleka, idealne zw\u0142aszcza przy du\u017cym stole i grze na wi\u0119ksz\u0105 ilo\u015b\u0107 graczy.\",\"breadcrumb\":{\"@id\":\"https:\/\/printyourfun.eu\/product\/nemesis-komplet-stojakow-na-zetony-szmerow\/#breadcrumb\"},\"inLanguage\":\"en-GB\",\"potentialAction\":[{\"@type\":\"ReadAction\",\"target\":[\"https:\/\/printyourfun.eu\/product\/nemesis-komplet-stojakow-na-zetony-szmerow\/\"]}]},{\"@type\":\"ImageObject\",\"inLanguage\":\"en-GB\",\"@id\":\"https:\/\/printyourfun.eu\/product\/nemesis-komplet-stojakow-na-zetony-szmerow\/#primaryimage\",\"url\":\"https:\/\/printyourfun.eu\/wp-content\/uploads\/2023\/03\/DSC_1680-kwad.jpg\",\"contentUrl\":\"https:\/\/printyourfun.eu\/wp-content\/uploads\/2023\/03\/DSC_1680-kwad.jpg\",\"width\":2000,\"height\":2000},{\"@type\":\"BreadcrumbList\",\"@id\":\"https:\/\/printyourfun.eu\/product\/nemesis-komplet-stojakow-na-zetony-szmerow\/#breadcrumb\",\"itemListElement\":[{\"@type\":\"ListItem\",\"position\":1,\"name\":\"Home\",\"item\":\"https:\/\/printyourfun.eu\/\"},{\"@type\":\"ListItem\",\"position\":2,\"name\":\"Sklep\",\"item\":\"https:\/\/printyourfun.eu\/sklep\/\"},{\"@type\":\"ListItem\",\"position\":3,\"name\":\"Nemesis komplet stojak\u00f3w na \u017cetony szmer\u00f3w\"}]},{\"@type\":\"WebSite\",\"@id\":\"https:\/\/printyourfun.eu\/#website\",\"url\":\"https:\/\/printyourfun.eu\/\",\"name\":\"PrintYourFun\",\"description\":\"Wydruki 3D\",\"potentialAction\":[{\"@type\":\"SearchAction\",\"target\":{\"@type\":\"EntryPoint\",\"urlTemplate\":\"https:\/\/printyourfun.eu\/?s={search_term_string}\"},\"query-input\":{\"@type\":\"PropertyValueSpecification\",\"valueRequired\":true,\"valueName\":\"search_term_string\"}}],\"inLanguage\":\"en-GB\"}]}<\/script>\n<!-- \/ Yoast SEO plugin. -->","yoast_head_json":{"title":"Nemesis komplet stojak\u00f3w na \u017cetony szmer\u00f3w - PrintYourFun","description":"Idealnie zwi\u0119kszaj\u0105 widoczno\u015b\u0107 status\u00f3w korytarzy z daleka, idealne zw\u0142aszcza przy du\u017cym stole i grze na wi\u0119ksz\u0105 ilo\u015b\u0107 graczy.","robots":{"index":"index","follow":"follow","max-snippet":"max-snippet:-1","max-image-preview":"max-image-preview:large","max-video-preview":"max-video-preview:-1"},"canonical":"https:\/\/printyourfun.eu\/en\/product\/nemesis-komplet-stojakow-na-zetony-szmerow\/","og_locale":"en_GB","og_type":"article","og_title":"Nemesis komplet stojak\u00f3w na \u017cetony szmer\u00f3w - PrintYourFun","og_description":"Idealnie zwi\u0119kszaj\u0105 widoczno\u015b\u0107 status\u00f3w korytarzy z daleka, idealne zw\u0142aszcza przy du\u017cym stole i grze na wi\u0119ksz\u0105 ilo\u015b\u0107 graczy.","og_url":"https:\/\/printyourfun.eu\/en\/product\/nemesis-komplet-stojakow-na-zetony-szmerow\/","og_site_name":"PrintYourFun","article_publisher":"https:\/\/www.facebook.com\/Printyourfun\/","article_modified_time":"2025-10-01T15:06:35+00:00","og_image":[{"width":2000,"height":2000,"url":"https:\/\/printyourfun.eu\/wp-content\/uploads\/2023\/03\/DSC_1680-kwad.jpg","type":"image\/jpeg"}],"twitter_card":"summary_large_image","twitter_misc":{"Estimated reading time":"1 minute"},"schema":{"@context":"https:\/\/schema.org","@graph":[{"@type":"WebPage","@id":"https:\/\/printyourfun.eu\/product\/nemesis-komplet-stojakow-na-zetony-szmerow\/","url":"https:\/\/printyourfun.eu\/product\/nemesis-komplet-stojakow-na-zetony-szmerow\/","name":"Nemesis komplet stojak\u00f3w na \u017cetony szmer\u00f3w - PrintYourFun","isPartOf":{"@id":"https:\/\/printyourfun.eu\/#website"},"primaryImageOfPage":{"@id":"https:\/\/printyourfun.eu\/product\/nemesis-komplet-stojakow-na-zetony-szmerow\/#primaryimage"},"image":{"@id":"https:\/\/printyourfun.eu\/product\/nemesis-komplet-stojakow-na-zetony-szmerow\/#primaryimage"},"thumbnailUrl":"https:\/\/printyourfun.eu\/wp-content\/uploads\/2023\/03\/DSC_1680-kwad.jpg","datePublished":"2023-03-30T20:06:10+00:00","dateModified":"2025-10-01T15:06:35+00:00","description":"Idealnie zwi\u0119kszaj\u0105 widoczno\u015b\u0107 status\u00f3w korytarzy z daleka, idealne zw\u0142aszcza przy du\u017cym stole i grze na wi\u0119ksz\u0105 ilo\u015b\u0107 graczy.","breadcrumb":{"@id":"https:\/\/printyourfun.eu\/product\/nemesis-komplet-stojakow-na-zetony-szmerow\/#breadcrumb"},"inLanguage":"en-GB","potentialAction":[{"@type":"ReadAction","target":["https:\/\/printyourfun.eu\/product\/nemesis-komplet-stojakow-na-zetony-szmerow\/"]}]},{"@type":"ImageObject","inLanguage":"en-GB","@id":"https:\/\/printyourfun.eu\/product\/nemesis-komplet-stojakow-na-zetony-szmerow\/#primaryimage","url":"https:\/\/printyourfun.eu\/wp-content\/uploads\/2023\/03\/DSC_1680-kwad.jpg","contentUrl":"https:\/\/printyourfun.eu\/wp-content\/uploads\/2023\/03\/DSC_1680-kwad.jpg","width":2000,"height":2000},{"@type":"BreadcrumbList","@id":"https:\/\/printyourfun.eu\/product\/nemesis-komplet-stojakow-na-zetony-szmerow\/#breadcrumb","itemListElement":[{"@type":"ListItem","position":1,"name":"Home","item":"https:\/\/printyourfun.eu\/"},{"@type":"ListItem","position":2,"name":"Sklep","item":"https:\/\/printyourfun.eu\/sklep\/"},{"@type":"ListItem","position":3,"name":"Nemesis komplet stojak\u00f3w na \u017cetony szmer\u00f3w"}]},{"@type":"WebSite","@id":"https:\/\/printyourfun.eu\/#website","url":"https:\/\/printyourfun.eu\/","name":"PrintYourFun","description":"Wydruki 3D","potentialAction":[{"@type":"SearchAction","target":{"@type":"EntryPoint","urlTemplate":"https:\/\/printyourfun.eu\/?s={search_term_string}"},"query-input":{"@type":"PropertyValueSpecification","valueRequired":true,"valueName":"search_term_string"}}],"inLanguage":"en-GB"}]}},"_links":{"self":[{"href":"https:\/\/printyourfun.eu\/en\/wp-json\/wp\/v2\/product\/5184","targetHints":{"allow":["GET"]}}],"collection":[{"href":"https:\/\/printyourfun.eu\/en\/wp-json\/wp\/v2\/product"}],"about":[{"href":"https:\/\/printyourfun.eu\/en\/wp-json\/wp\/v2\/types\/product"}],"replies":[{"embeddable":true,"href":"https:\/\/printyourfun.eu\/en\/wp-json\/wp\/v2\/comments?post=5184"}],"wp:featuredmedia":[{"embeddable":true,"href":"https:\/\/printyourfun.eu\/en\/wp-json\/wp\/v2\/media\/5188"}],"wp:attachment":[{"href":"https:\/\/printyourfun.eu\/en\/wp-json\/wp\/v2\/media?parent=5184"}],"wp:term":[{"taxonomy":"product_brand","embeddable":true,"href":"https:\/\/printyourfun.eu\/en\/wp-json\/wp\/v2\/product_brand?post=5184"},{"taxonomy":"product_cat","embeddable":true,"href":"https:\/\/printyourfun.eu\/en\/wp-json\/wp\/v2\/product_cat?post=5184"},{"taxonomy":"product_tag","embeddable":true,"href":"https:\/\/printyourfun.eu\/en\/wp-json\/wp\/v2\/product_tag?post=5184"}],"curies":[{"name":"wp","href":"https:\/\/api.w.org\/{rel}","templated":true}]}}