{"id":5307,"date":"2023-09-07T16:24:51","date_gmt":"2023-09-07T14:24:51","guid":{"rendered":"https:\/\/printyourfun.eu\/?post_type=product&#038;p=5307"},"modified":"2025-02-27T12:00:25","modified_gmt":"2025-02-27T11:00:25","slug":"moje-male-everdell-pojemniki-na-zasoby","status":"publish","type":"product","link":"https:\/\/printyourfun.eu\/en\/product\/moje-male-everdell-pojemniki-na-zasoby\/","title":{"rendered":"Moje ma\u0142e Everdell &#8211; pojemniki na zasoby"},"content":{"rendered":"<p><span style=\"color: #c66a26; font-size: 110%; border-left: 10px solid #c66a26; padding-left: 15px;\"><strong>Moje ma\u0142e Everdell &#8211; pojemniki na zasoby komplet pojemnik\u00f3w na zasoby.<\/strong><\/span><\/p>\n<p>Nasze pojemniki na zasoby to wspania\u0142y dodatek zwi\u0119kszaj\u0105cy klimat i przyjemno\u015b\u0107 wizualn\u0105 z gry ale przede wszystkim pozwala utrzyma\u0107 zasoby w jednym miejscu.<\/p>\n<p>Pojemniki s\u0105 kompatybilne z podstawow\u0105 gr\u0105.<\/p>\n<p>&nbsp;<\/p>\n<p><img loading=\"lazy\" decoding=\"async\" class=\"aligncenter size-medium wp-image-5312\" src=\"https:\/\/printyourfun.eu\/wp-content\/uploads\/2023\/09\/DSC_8139www-800x384.jpg\" alt=\"\" width=\"800\" height=\"384\" srcset=\"https:\/\/printyourfun.eu\/wp-content\/uploads\/2023\/09\/DSC_8139www-800x384.jpg 800w, https:\/\/printyourfun.eu\/wp-content\/uploads\/2023\/09\/DSC_8139www-1400x672.jpg 1400w, https:\/\/printyourfun.eu\/wp-content\/uploads\/2023\/09\/DSC_8139www-768x369.jpg 768w, https:\/\/printyourfun.eu\/wp-content\/uploads\/2023\/09\/DSC_8139www-1536x737.jpg 1536w, https:\/\/printyourfun.eu\/wp-content\/uploads\/2023\/09\/DSC_8139www-18x9.jpg 18w, https:\/\/printyourfun.eu\/wp-content\/uploads\/2023\/09\/DSC_8139www-600x288.jpg 600w, https:\/\/printyourfun.eu\/wp-content\/uploads\/2023\/09\/DSC_8139www.jpg 2000w\" sizes=\"auto, (max-width: 800px) 100vw, 800px\" \/><\/p>\n<p>&nbsp;<\/p>\n<p>Drukowane w kolorach jak na zdj\u0119ciu.<\/p>\n<p>Produkt 3d jest sugerowany jako zamiennik, nie stanowi oficjalnego elementu.<\/p>\n<p>Materia\u0142 : PLA, trwa\u0142y i wytrzyma\u0142y.<\/p>\n<p>PRODUKT NIE ZAWIERA GRY PLANSZOWEJ I JEJ ELEMENT\u00d3W.<\/p>\n<p>&nbsp;<\/p>\n<p>&nbsp;<\/p>","protected":false},"excerpt":{"rendered":"<p>Moje ma\u0142e Everdell &#8211; pojemniki na zasoby komplet pojemnik\u00f3w na zasoby. Nasze pojemniki na zasoby to wspania\u0142y dodatek zwi\u0119kszaj\u0105cy klimat i przyjemno\u015b\u0107 wizualn\u0105 z gry ale przede wszystkim pozwala utrzyma\u0107 zasoby w jednym miejscu. Pojemniki s\u0105 kompatybilne z podstawow\u0105 gr\u0105. &nbsp; &nbsp; Drukowane w kolorach jak na zdj\u0119ciu. Produkt 3d jest sugerowany jako zamiennik, nie [&#8230;]","protected":false},"featured_media":5315,"comment_status":"open","ping_status":"closed","template":"","meta":{"_acf_changed":false},"product_brand":[],"product_cat":[70,76,81],"product_tag":[136,284,283,127,138,140,137,135],"class_list":{"0":"post-5307","1":"product","2":"type-product","3":"status-publish","4":"has-post-thumbnail","6":"product_cat-akcesoria-do-gier","7":"product_cat-elementy-3d-na-plansze","8":"product_cat-pudelka-na-zetony","9":"product_tag-everdell","10":"product_tag-moje-male","11":"product_tag-moje-male-everdell","12":"product_tag-organizer","13":"product_tag-perlowy-potok","14":"product_tag-pojemnik","15":"product_tag-pojemniki","16":"product_tag-zasoby","18":"first","19":"instock","20":"featured","21":"shipping-taxable","22":"purchasable","23":"product-type-simple"},"acf":[],"yoast_head":"<!-- This site is optimized with the Yoast SEO plugin v24.8.1 - https:\/\/yoast.com\/wordpress\/plugins\/seo\/ -->\n<title>Moje ma\u0142e Everdell - pojemniki na zasoby - PrintYourFun<\/title>\n<meta name=\"robots\" content=\"index, follow, max-snippet:-1, max-image-preview:large, max-video-preview:-1\" \/>\n<link rel=\"canonical\" href=\"https:\/\/printyourfun.eu\/en\/product\/moje-male-everdell-pojemniki-na-zasoby\/\" \/>\n<meta property=\"og:locale\" content=\"en_GB\" \/>\n<meta property=\"og:type\" content=\"article\" \/>\n<meta property=\"og:title\" content=\"Moje ma\u0142e Everdell - pojemniki na zasoby - PrintYourFun\" \/>\n<meta property=\"og:description\" content=\"Moje ma\u0142e Everdell &#8211; pojemniki na zasoby komplet pojemnik\u00f3w na zasoby. Nasze pojemniki na zasoby to wspania\u0142y dodatek zwi\u0119kszaj\u0105cy klimat i przyjemno\u015b\u0107 wizualn\u0105 z gry ale przede wszystkim pozwala utrzyma\u0107 zasoby w jednym miejscu. Pojemniki s\u0105 kompatybilne z podstawow\u0105 gr\u0105. &nbsp; &nbsp; Drukowane w kolorach jak na zdj\u0119ciu. Produkt 3d jest sugerowany jako zamiennik, nie [...]\" \/>\n<meta property=\"og:url\" content=\"https:\/\/printyourfun.eu\/en\/product\/moje-male-everdell-pojemniki-na-zasoby\/\" \/>\n<meta property=\"og:site_name\" content=\"PrintYourFun\" \/>\n<meta property=\"article:publisher\" content=\"https:\/\/www.facebook.com\/Printyourfun\/\" \/>\n<meta property=\"article:modified_time\" content=\"2025-02-27T11:00:25+00:00\" \/>\n<meta property=\"og:image\" content=\"https:\/\/printyourfun.eu\/wp-content\/uploads\/2023\/09\/DSC_813999.jpg\" \/>\n\t<meta property=\"og:image:width\" content=\"2000\" \/>\n\t<meta property=\"og:image:height\" content=\"2000\" \/>\n\t<meta property=\"og:image:type\" content=\"image\/jpeg\" \/>\n<meta name=\"twitter:card\" content=\"summary_large_image\" \/>\n<meta name=\"twitter:label1\" content=\"Estimated reading time\" \/>\n\t<meta name=\"twitter:data1\" content=\"1 minute\" \/>\n<script type=\"application\/ld+json\" class=\"yoast-schema-graph\">{\"@context\":\"https:\/\/schema.org\",\"@graph\":[{\"@type\":\"WebPage\",\"@id\":\"https:\/\/printyourfun.eu\/product\/moje-male-everdell-pojemniki-na-zasoby\/\",\"url\":\"https:\/\/printyourfun.eu\/product\/moje-male-everdell-pojemniki-na-zasoby\/\",\"name\":\"Moje ma\u0142e Everdell - pojemniki na zasoby - PrintYourFun\",\"isPartOf\":{\"@id\":\"https:\/\/printyourfun.eu\/#website\"},\"primaryImageOfPage\":{\"@id\":\"https:\/\/printyourfun.eu\/product\/moje-male-everdell-pojemniki-na-zasoby\/#primaryimage\"},\"image\":{\"@id\":\"https:\/\/printyourfun.eu\/product\/moje-male-everdell-pojemniki-na-zasoby\/#primaryimage\"},\"thumbnailUrl\":\"https:\/\/printyourfun.eu\/wp-content\/uploads\/2023\/09\/DSC_813999.jpg\",\"datePublished\":\"2023-09-07T14:24:51+00:00\",\"dateModified\":\"2025-02-27T11:00:25+00:00\",\"breadcrumb\":{\"@id\":\"https:\/\/printyourfun.eu\/product\/moje-male-everdell-pojemniki-na-zasoby\/#breadcrumb\"},\"inLanguage\":\"en-GB\",\"potentialAction\":[{\"@type\":\"ReadAction\",\"target\":[\"https:\/\/printyourfun.eu\/product\/moje-male-everdell-pojemniki-na-zasoby\/\"]}]},{\"@type\":\"ImageObject\",\"inLanguage\":\"en-GB\",\"@id\":\"https:\/\/printyourfun.eu\/product\/moje-male-everdell-pojemniki-na-zasoby\/#primaryimage\",\"url\":\"https:\/\/printyourfun.eu\/wp-content\/uploads\/2023\/09\/DSC_813999.jpg\",\"contentUrl\":\"https:\/\/printyourfun.eu\/wp-content\/uploads\/2023\/09\/DSC_813999.jpg\",\"width\":2000,\"height\":2000},{\"@type\":\"BreadcrumbList\",\"@id\":\"https:\/\/printyourfun.eu\/product\/moje-male-everdell-pojemniki-na-zasoby\/#breadcrumb\",\"itemListElement\":[{\"@type\":\"ListItem\",\"position\":1,\"name\":\"Home\",\"item\":\"https:\/\/printyourfun.eu\/\"},{\"@type\":\"ListItem\",\"position\":2,\"name\":\"Sklep\",\"item\":\"https:\/\/printyourfun.eu\/sklep\/\"},{\"@type\":\"ListItem\",\"position\":3,\"name\":\"Moje ma\u0142e Everdell &#8211; pojemniki na zasoby\"}]},{\"@type\":\"WebSite\",\"@id\":\"https:\/\/printyourfun.eu\/#website\",\"url\":\"https:\/\/printyourfun.eu\/\",\"name\":\"PrintYourFun\",\"description\":\"Wydruki 3D\",\"potentialAction\":[{\"@type\":\"SearchAction\",\"target\":{\"@type\":\"EntryPoint\",\"urlTemplate\":\"https:\/\/printyourfun.eu\/?s={search_term_string}\"},\"query-input\":{\"@type\":\"PropertyValueSpecification\",\"valueRequired\":true,\"valueName\":\"search_term_string\"}}],\"inLanguage\":\"en-GB\"}]}<\/script>\n<!-- \/ Yoast SEO plugin. -->","yoast_head_json":{"title":"Moje ma\u0142e Everdell - pojemniki na zasoby - PrintYourFun","robots":{"index":"index","follow":"follow","max-snippet":"max-snippet:-1","max-image-preview":"max-image-preview:large","max-video-preview":"max-video-preview:-1"},"canonical":"https:\/\/printyourfun.eu\/en\/product\/moje-male-everdell-pojemniki-na-zasoby\/","og_locale":"en_GB","og_type":"article","og_title":"Moje ma\u0142e Everdell - pojemniki na zasoby - PrintYourFun","og_description":"Moje ma\u0142e Everdell &#8211; pojemniki na zasoby komplet pojemnik\u00f3w na zasoby. Nasze pojemniki na zasoby to wspania\u0142y dodatek zwi\u0119kszaj\u0105cy klimat i przyjemno\u015b\u0107 wizualn\u0105 z gry ale przede wszystkim pozwala utrzyma\u0107 zasoby w jednym miejscu. Pojemniki s\u0105 kompatybilne z podstawow\u0105 gr\u0105. &nbsp; &nbsp; Drukowane w kolorach jak na zdj\u0119ciu. Produkt 3d jest sugerowany jako zamiennik, nie [...]","og_url":"https:\/\/printyourfun.eu\/en\/product\/moje-male-everdell-pojemniki-na-zasoby\/","og_site_name":"PrintYourFun","article_publisher":"https:\/\/www.facebook.com\/Printyourfun\/","article_modified_time":"2025-02-27T11:00:25+00:00","og_image":[{"width":2000,"height":2000,"url":"https:\/\/printyourfun.eu\/wp-content\/uploads\/2023\/09\/DSC_813999.jpg","type":"image\/jpeg"}],"twitter_card":"summary_large_image","twitter_misc":{"Estimated reading time":"1 minute"},"schema":{"@context":"https:\/\/schema.org","@graph":[{"@type":"WebPage","@id":"https:\/\/printyourfun.eu\/product\/moje-male-everdell-pojemniki-na-zasoby\/","url":"https:\/\/printyourfun.eu\/product\/moje-male-everdell-pojemniki-na-zasoby\/","name":"Moje ma\u0142e Everdell - pojemniki na zasoby - PrintYourFun","isPartOf":{"@id":"https:\/\/printyourfun.eu\/#website"},"primaryImageOfPage":{"@id":"https:\/\/printyourfun.eu\/product\/moje-male-everdell-pojemniki-na-zasoby\/#primaryimage"},"image":{"@id":"https:\/\/printyourfun.eu\/product\/moje-male-everdell-pojemniki-na-zasoby\/#primaryimage"},"thumbnailUrl":"https:\/\/printyourfun.eu\/wp-content\/uploads\/2023\/09\/DSC_813999.jpg","datePublished":"2023-09-07T14:24:51+00:00","dateModified":"2025-02-27T11:00:25+00:00","breadcrumb":{"@id":"https:\/\/printyourfun.eu\/product\/moje-male-everdell-pojemniki-na-zasoby\/#breadcrumb"},"inLanguage":"en-GB","potentialAction":[{"@type":"ReadAction","target":["https:\/\/printyourfun.eu\/product\/moje-male-everdell-pojemniki-na-zasoby\/"]}]},{"@type":"ImageObject","inLanguage":"en-GB","@id":"https:\/\/printyourfun.eu\/product\/moje-male-everdell-pojemniki-na-zasoby\/#primaryimage","url":"https:\/\/printyourfun.eu\/wp-content\/uploads\/2023\/09\/DSC_813999.jpg","contentUrl":"https:\/\/printyourfun.eu\/wp-content\/uploads\/2023\/09\/DSC_813999.jpg","width":2000,"height":2000},{"@type":"BreadcrumbList","@id":"https:\/\/printyourfun.eu\/product\/moje-male-everdell-pojemniki-na-zasoby\/#breadcrumb","itemListElement":[{"@type":"ListItem","position":1,"name":"Home","item":"https:\/\/printyourfun.eu\/"},{"@type":"ListItem","position":2,"name":"Sklep","item":"https:\/\/printyourfun.eu\/sklep\/"},{"@type":"ListItem","position":3,"name":"Moje ma\u0142e Everdell &#8211; pojemniki na zasoby"}]},{"@type":"WebSite","@id":"https:\/\/printyourfun.eu\/#website","url":"https:\/\/printyourfun.eu\/","name":"PrintYourFun","description":"Wydruki 3D","potentialAction":[{"@type":"SearchAction","target":{"@type":"EntryPoint","urlTemplate":"https:\/\/printyourfun.eu\/?s={search_term_string}"},"query-input":{"@type":"PropertyValueSpecification","valueRequired":true,"valueName":"search_term_string"}}],"inLanguage":"en-GB"}]}},"_links":{"self":[{"href":"https:\/\/printyourfun.eu\/en\/wp-json\/wp\/v2\/product\/5307","targetHints":{"allow":["GET"]}}],"collection":[{"href":"https:\/\/printyourfun.eu\/en\/wp-json\/wp\/v2\/product"}],"about":[{"href":"https:\/\/printyourfun.eu\/en\/wp-json\/wp\/v2\/types\/product"}],"replies":[{"embeddable":true,"href":"https:\/\/printyourfun.eu\/en\/wp-json\/wp\/v2\/comments?post=5307"}],"wp:featuredmedia":[{"embeddable":true,"href":"https:\/\/printyourfun.eu\/en\/wp-json\/wp\/v2\/media\/5315"}],"wp:attachment":[{"href":"https:\/\/printyourfun.eu\/en\/wp-json\/wp\/v2\/media?parent=5307"}],"wp:term":[{"taxonomy":"product_brand","embeddable":true,"href":"https:\/\/printyourfun.eu\/en\/wp-json\/wp\/v2\/product_brand?post=5307"},{"taxonomy":"product_cat","embeddable":true,"href":"https:\/\/printyourfun.eu\/en\/wp-json\/wp\/v2\/product_cat?post=5307"},{"taxonomy":"product_tag","embeddable":true,"href":"https:\/\/printyourfun.eu\/en\/wp-json\/wp\/v2\/product_tag?post=5307"}],"curies":[{"name":"wp","href":"https:\/\/api.w.org\/{rel}","templated":true}]}}