{"id":5379,"date":"2023-09-26T21:51:54","date_gmt":"2023-09-26T19:51:54","guid":{"rendered":"https:\/\/printyourfun.eu\/?post_type=product&#038;p=5379"},"modified":"2025-10-01T16:56:44","modified_gmt":"2025-10-01T14:56:44","slug":"nemesis-komplet-stojakow-na-zetony-statusu-retaliation","status":"publish","type":"product","link":"https:\/\/printyourfun.eu\/en\/product\/nemesis-komplet-stojakow-na-zetony-statusu-retaliation\/","title":{"rendered":"Nemesis Retaliation komplet stojak\u00f3w na \u017cetony statusu."},"content":{"rendered":"<p style=\"text-align: left;\"><span style=\"color: #c66a26; font-size: 110%; border-left: 10px solid #c66a26; padding-left: 15px;\"><strong>Nemesis\u00a0Retaliation\u00a0 komplet\u00a0 stojak\u00f3w na \u017cetony statusu, po\u017caru i uszkodze\u0144<\/strong><\/span><\/p>\n<p>Idealnie zwi\u0119kszaj\u0105 widoczno\u015b\u0107 status\u00f3w pomieszcze\u0144 z daleka, idealne zw\u0142aszcza przy du\u017cym stole i grze na wi\u0119ksz\u0105 ilo\u015b\u0107 graczy.<\/p>\n<p>Zestaw zawiera<\/p>\n<p>&#8211; 9 szt ogie\u0144 i 14 szt awarii.<\/p>\n<p>Kolor czerwony i szary z domieszk\u0105 srebrnego brokatu.<\/p>\n<p>&nbsp;<\/p>\n<p><img loading=\"lazy\" decoding=\"async\" class=\"aligncenter size-medium wp-image-6652\" src=\"https:\/\/printyourfun.eu\/wp-content\/uploads\/2023\/09\/ASC02511-kopia-2WWW-1-800x220.jpg\" alt=\"\" width=\"800\" height=\"220\" srcset=\"https:\/\/printyourfun.eu\/wp-content\/uploads\/2023\/09\/ASC02511-kopia-2WWW-1-800x220.jpg 800w, https:\/\/printyourfun.eu\/wp-content\/uploads\/2023\/09\/ASC02511-kopia-2WWW-1-1400x385.jpg 1400w, https:\/\/printyourfun.eu\/wp-content\/uploads\/2023\/09\/ASC02511-kopia-2WWW-1-768x211.jpg 768w, https:\/\/printyourfun.eu\/wp-content\/uploads\/2023\/09\/ASC02511-kopia-2WWW-1-1536x422.jpg 1536w, https:\/\/printyourfun.eu\/wp-content\/uploads\/2023\/09\/ASC02511-kopia-2WWW-1-2048x563.jpg 2048w, https:\/\/printyourfun.eu\/wp-content\/uploads\/2023\/09\/ASC02511-kopia-2WWW-1-18x5.jpg 18w, https:\/\/printyourfun.eu\/wp-content\/uploads\/2023\/09\/ASC02511-kopia-2WWW-1-600x165.jpg 600w\" sizes=\"auto, (max-width: 800px) 100vw, 800px\" \/><\/p>\n<p>Material: PLA<\/p>\n<p>PRODUKT NIE ZAWIERA GRY PLANSZOWEJ I JEJ ELEMENT\u00d3W.<\/p>\n<h6><\/h6>","protected":false},"excerpt":{"rendered":"<p>Nemesis\u00a0Retaliation\u00a0 komplet\u00a0 stojak\u00f3w na \u017cetony statusu, po\u017caru i uszkodze\u0144 Idealnie zwi\u0119kszaj\u0105 widoczno\u015b\u0107 status\u00f3w pomieszcze\u0144 z daleka, idealne zw\u0142aszcza przy du\u017cym stole i grze na wi\u0119ksz\u0105 ilo\u015b\u0107 graczy. Zestaw zawiera &#8211; 9 szt ogie\u0144 i 14 szt awarii. Kolor czerwony i szary z domieszk\u0105 srebrnego brokatu. &nbsp; Materia\u0142 : PLA PRODUKT NIE ZAWIERA GRY PLANSZOWEJ I [&#8230;]","protected":false},"featured_media":6647,"comment_status":"open","ping_status":"closed","template":"","meta":{"_acf_changed":false},"product_brand":[],"product_cat":[70,76],"product_tag":[259,164,165,258,265,410,411,144,266,187],"class_list":{"0":"post-5379","1":"product","2":"type-product","3":"status-publish","4":"has-post-thumbnail","6":"product_cat-akcesoria-do-gier","7":"product_cat-elementy-3d-na-plansze","8":"product_tag-lockdown","9":"product_tag-nemesis","10":"product_tag-nemesis-board-game","11":"product_tag-nemesis-lockdown","12":"product_tag-nemesis-ogien","13":"product_tag-nemesis-retaliation","14":"product_tag-retaliation","15":"product_tag-stojak","16":"product_tag-stojaki","17":"product_tag-znacznik","19":"first","20":"instock","21":"shipping-taxable","22":"purchasable","23":"product-type-simple"},"acf":[],"yoast_head":"<!-- This site is optimized with the Yoast SEO plugin v24.8.1 - https:\/\/yoast.com\/wordpress\/plugins\/seo\/ -->\n<title>Nemesis Retaliation komplet stojak\u00f3w na \u017cetony statusu. - PrintYourFun<\/title>\n<meta name=\"description\" content=\"Idealnie zwi\u0119kszaj\u0105 widoczno\u015b\u0107 status\u00f3w pomieszcze\u0144 z daleka, idealne zw\u0142aszcza przy du\u017cym stole i grze na wi\u0119ksz\u0105 ilo\u015b\u0107 graczy.\" \/>\n<meta name=\"robots\" content=\"index, follow, max-snippet:-1, max-image-preview:large, max-video-preview:-1\" \/>\n<link rel=\"canonical\" href=\"https:\/\/printyourfun.eu\/en\/product\/nemesis-komplet-stojakow-na-zetony-statusu-retaliation\/\" \/>\n<meta property=\"og:locale\" content=\"en_GB\" \/>\n<meta property=\"og:type\" content=\"article\" \/>\n<meta property=\"og:title\" content=\"Nemesis Retaliation komplet stojak\u00f3w na \u017cetony statusu. - PrintYourFun\" \/>\n<meta property=\"og:description\" content=\"Idealnie zwi\u0119kszaj\u0105 widoczno\u015b\u0107 status\u00f3w pomieszcze\u0144 z daleka, idealne zw\u0142aszcza przy du\u017cym stole i grze na wi\u0119ksz\u0105 ilo\u015b\u0107 graczy.\" \/>\n<meta property=\"og:url\" content=\"https:\/\/printyourfun.eu\/en\/product\/nemesis-komplet-stojakow-na-zetony-statusu-retaliation\/\" \/>\n<meta property=\"og:site_name\" content=\"PrintYourFun\" \/>\n<meta property=\"article:publisher\" content=\"https:\/\/www.facebook.com\/Printyourfun\/\" \/>\n<meta property=\"article:modified_time\" content=\"2025-10-01T14:56:44+00:00\" \/>\n<meta property=\"og:image\" content=\"https:\/\/printyourfun.eu\/wp-content\/uploads\/2023\/09\/ASC02512-kopia.jpg\" \/>\n\t<meta property=\"og:image:width\" content=\"2000\" \/>\n\t<meta property=\"og:image:height\" content=\"2000\" \/>\n\t<meta property=\"og:image:type\" content=\"image\/jpeg\" \/>\n<meta name=\"twitter:card\" content=\"summary_large_image\" \/>\n<meta name=\"twitter:label1\" content=\"Estimated reading time\" \/>\n\t<meta name=\"twitter:data1\" content=\"1 minute\" \/>\n<script type=\"application\/ld+json\" class=\"yoast-schema-graph\">{\"@context\":\"https:\/\/schema.org\",\"@graph\":[{\"@type\":\"WebPage\",\"@id\":\"https:\/\/printyourfun.eu\/product\/nemesis-komplet-stojakow-na-zetony-statusu-retaliation\/\",\"url\":\"https:\/\/printyourfun.eu\/product\/nemesis-komplet-stojakow-na-zetony-statusu-retaliation\/\",\"name\":\"Nemesis Retaliation komplet stojak\u00f3w na \u017cetony statusu. - PrintYourFun\",\"isPartOf\":{\"@id\":\"https:\/\/printyourfun.eu\/#website\"},\"primaryImageOfPage\":{\"@id\":\"https:\/\/printyourfun.eu\/product\/nemesis-komplet-stojakow-na-zetony-statusu-retaliation\/#primaryimage\"},\"image\":{\"@id\":\"https:\/\/printyourfun.eu\/product\/nemesis-komplet-stojakow-na-zetony-statusu-retaliation\/#primaryimage\"},\"thumbnailUrl\":\"https:\/\/printyourfun.eu\/wp-content\/uploads\/2023\/09\/ASC02512-kopia.jpg\",\"datePublished\":\"2023-09-26T19:51:54+00:00\",\"dateModified\":\"2025-10-01T14:56:44+00:00\",\"description\":\"Idealnie zwi\u0119kszaj\u0105 widoczno\u015b\u0107 status\u00f3w pomieszcze\u0144 z daleka, idealne zw\u0142aszcza przy du\u017cym stole i grze na wi\u0119ksz\u0105 ilo\u015b\u0107 graczy.\",\"breadcrumb\":{\"@id\":\"https:\/\/printyourfun.eu\/product\/nemesis-komplet-stojakow-na-zetony-statusu-retaliation\/#breadcrumb\"},\"inLanguage\":\"en-GB\",\"potentialAction\":[{\"@type\":\"ReadAction\",\"target\":[\"https:\/\/printyourfun.eu\/product\/nemesis-komplet-stojakow-na-zetony-statusu-retaliation\/\"]}]},{\"@type\":\"ImageObject\",\"inLanguage\":\"en-GB\",\"@id\":\"https:\/\/printyourfun.eu\/product\/nemesis-komplet-stojakow-na-zetony-statusu-retaliation\/#primaryimage\",\"url\":\"https:\/\/printyourfun.eu\/wp-content\/uploads\/2023\/09\/ASC02512-kopia.jpg\",\"contentUrl\":\"https:\/\/printyourfun.eu\/wp-content\/uploads\/2023\/09\/ASC02512-kopia.jpg\",\"width\":2000,\"height\":2000},{\"@type\":\"BreadcrumbList\",\"@id\":\"https:\/\/printyourfun.eu\/product\/nemesis-komplet-stojakow-na-zetony-statusu-retaliation\/#breadcrumb\",\"itemListElement\":[{\"@type\":\"ListItem\",\"position\":1,\"name\":\"Home\",\"item\":\"https:\/\/printyourfun.eu\/\"},{\"@type\":\"ListItem\",\"position\":2,\"name\":\"Sklep\",\"item\":\"https:\/\/printyourfun.eu\/sklep\/\"},{\"@type\":\"ListItem\",\"position\":3,\"name\":\"Nemesis Retaliation komplet stojak\u00f3w na \u017cetony statusu.\"}]},{\"@type\":\"WebSite\",\"@id\":\"https:\/\/printyourfun.eu\/#website\",\"url\":\"https:\/\/printyourfun.eu\/\",\"name\":\"PrintYourFun\",\"description\":\"Wydruki 3D\",\"potentialAction\":[{\"@type\":\"SearchAction\",\"target\":{\"@type\":\"EntryPoint\",\"urlTemplate\":\"https:\/\/printyourfun.eu\/?s={search_term_string}\"},\"query-input\":{\"@type\":\"PropertyValueSpecification\",\"valueRequired\":true,\"valueName\":\"search_term_string\"}}],\"inLanguage\":\"en-GB\"}]}<\/script>\n<!-- \/ Yoast SEO plugin. -->","yoast_head_json":{"title":"Nemesis Retaliation komplet stojak\u00f3w na \u017cetony statusu. - PrintYourFun","description":"Idealnie zwi\u0119kszaj\u0105 widoczno\u015b\u0107 status\u00f3w pomieszcze\u0144 z daleka, idealne zw\u0142aszcza przy du\u017cym stole i grze na wi\u0119ksz\u0105 ilo\u015b\u0107 graczy.","robots":{"index":"index","follow":"follow","max-snippet":"max-snippet:-1","max-image-preview":"max-image-preview:large","max-video-preview":"max-video-preview:-1"},"canonical":"https:\/\/printyourfun.eu\/en\/product\/nemesis-komplet-stojakow-na-zetony-statusu-retaliation\/","og_locale":"en_GB","og_type":"article","og_title":"Nemesis Retaliation komplet stojak\u00f3w na \u017cetony statusu. - PrintYourFun","og_description":"Idealnie zwi\u0119kszaj\u0105 widoczno\u015b\u0107 status\u00f3w pomieszcze\u0144 z daleka, idealne zw\u0142aszcza przy du\u017cym stole i grze na wi\u0119ksz\u0105 ilo\u015b\u0107 graczy.","og_url":"https:\/\/printyourfun.eu\/en\/product\/nemesis-komplet-stojakow-na-zetony-statusu-retaliation\/","og_site_name":"PrintYourFun","article_publisher":"https:\/\/www.facebook.com\/Printyourfun\/","article_modified_time":"2025-10-01T14:56:44+00:00","og_image":[{"width":2000,"height":2000,"url":"https:\/\/printyourfun.eu\/wp-content\/uploads\/2023\/09\/ASC02512-kopia.jpg","type":"image\/jpeg"}],"twitter_card":"summary_large_image","twitter_misc":{"Estimated reading time":"1 minute"},"schema":{"@context":"https:\/\/schema.org","@graph":[{"@type":"WebPage","@id":"https:\/\/printyourfun.eu\/product\/nemesis-komplet-stojakow-na-zetony-statusu-retaliation\/","url":"https:\/\/printyourfun.eu\/product\/nemesis-komplet-stojakow-na-zetony-statusu-retaliation\/","name":"Nemesis Retaliation komplet stojak\u00f3w na \u017cetony statusu. - PrintYourFun","isPartOf":{"@id":"https:\/\/printyourfun.eu\/#website"},"primaryImageOfPage":{"@id":"https:\/\/printyourfun.eu\/product\/nemesis-komplet-stojakow-na-zetony-statusu-retaliation\/#primaryimage"},"image":{"@id":"https:\/\/printyourfun.eu\/product\/nemesis-komplet-stojakow-na-zetony-statusu-retaliation\/#primaryimage"},"thumbnailUrl":"https:\/\/printyourfun.eu\/wp-content\/uploads\/2023\/09\/ASC02512-kopia.jpg","datePublished":"2023-09-26T19:51:54+00:00","dateModified":"2025-10-01T14:56:44+00:00","description":"Idealnie zwi\u0119kszaj\u0105 widoczno\u015b\u0107 status\u00f3w pomieszcze\u0144 z daleka, idealne zw\u0142aszcza przy du\u017cym stole i grze na wi\u0119ksz\u0105 ilo\u015b\u0107 graczy.","breadcrumb":{"@id":"https:\/\/printyourfun.eu\/product\/nemesis-komplet-stojakow-na-zetony-statusu-retaliation\/#breadcrumb"},"inLanguage":"en-GB","potentialAction":[{"@type":"ReadAction","target":["https:\/\/printyourfun.eu\/product\/nemesis-komplet-stojakow-na-zetony-statusu-retaliation\/"]}]},{"@type":"ImageObject","inLanguage":"en-GB","@id":"https:\/\/printyourfun.eu\/product\/nemesis-komplet-stojakow-na-zetony-statusu-retaliation\/#primaryimage","url":"https:\/\/printyourfun.eu\/wp-content\/uploads\/2023\/09\/ASC02512-kopia.jpg","contentUrl":"https:\/\/printyourfun.eu\/wp-content\/uploads\/2023\/09\/ASC02512-kopia.jpg","width":2000,"height":2000},{"@type":"BreadcrumbList","@id":"https:\/\/printyourfun.eu\/product\/nemesis-komplet-stojakow-na-zetony-statusu-retaliation\/#breadcrumb","itemListElement":[{"@type":"ListItem","position":1,"name":"Home","item":"https:\/\/printyourfun.eu\/"},{"@type":"ListItem","position":2,"name":"Sklep","item":"https:\/\/printyourfun.eu\/sklep\/"},{"@type":"ListItem","position":3,"name":"Nemesis Retaliation komplet stojak\u00f3w na \u017cetony statusu."}]},{"@type":"WebSite","@id":"https:\/\/printyourfun.eu\/#website","url":"https:\/\/printyourfun.eu\/","name":"PrintYourFun","description":"Wydruki 3D","potentialAction":[{"@type":"SearchAction","target":{"@type":"EntryPoint","urlTemplate":"https:\/\/printyourfun.eu\/?s={search_term_string}"},"query-input":{"@type":"PropertyValueSpecification","valueRequired":true,"valueName":"search_term_string"}}],"inLanguage":"en-GB"}]}},"_links":{"self":[{"href":"https:\/\/printyourfun.eu\/en\/wp-json\/wp\/v2\/product\/5379","targetHints":{"allow":["GET"]}}],"collection":[{"href":"https:\/\/printyourfun.eu\/en\/wp-json\/wp\/v2\/product"}],"about":[{"href":"https:\/\/printyourfun.eu\/en\/wp-json\/wp\/v2\/types\/product"}],"replies":[{"embeddable":true,"href":"https:\/\/printyourfun.eu\/en\/wp-json\/wp\/v2\/comments?post=5379"}],"wp:featuredmedia":[{"embeddable":true,"href":"https:\/\/printyourfun.eu\/en\/wp-json\/wp\/v2\/media\/6647"}],"wp:attachment":[{"href":"https:\/\/printyourfun.eu\/en\/wp-json\/wp\/v2\/media?parent=5379"}],"wp:term":[{"taxonomy":"product_brand","embeddable":true,"href":"https:\/\/printyourfun.eu\/en\/wp-json\/wp\/v2\/product_brand?post=5379"},{"taxonomy":"product_cat","embeddable":true,"href":"https:\/\/printyourfun.eu\/en\/wp-json\/wp\/v2\/product_cat?post=5379"},{"taxonomy":"product_tag","embeddable":true,"href":"https:\/\/printyourfun.eu\/en\/wp-json\/wp\/v2\/product_tag?post=5379"}],"curies":[{"name":"wp","href":"https:\/\/api.w.org\/{rel}","templated":true}]}}