{"id":5390,"date":"2023-09-26T22:04:52","date_gmt":"2023-09-26T20:04:52","guid":{"rendered":"https:\/\/printyourfun.eu\/?post_type=product&#038;p=5390"},"modified":"2025-02-27T12:00:24","modified_gmt":"2025-02-27T11:00:24","slug":"tacka-na-kosci-sci-fi","status":"publish","type":"product","link":"https:\/\/printyourfun.eu\/en\/product\/tacka-na-kosci-sci-fi\/","title":{"rendered":"Tacka na ko\u015bci Sci Fi"},"content":{"rendered":"<p style=\"text-align: left;\"><span style=\"color: #c66a26; font-size: 110%; border-left: 10px solid #c66a26; padding-left: 15px;\"><strong>Tacka na ko\u015bci w stylu futurystycznym Sci Fi.<\/strong><\/span><\/p>\n<p>Nie lubisz jak ko\u015bci spadaj\u0105 ze sto\u0142u ? To idealne rozwi\u0105zanie.<\/p>\n<p>Pod\u0142oga wy\u0142o\u017cona piankow\u0105 mat\u0105 dla t\u0142umienia odg\u0142osu ko\u015bci.<\/p>\n<p>Kolor z domieszk\u0105 srebrnego brokatu imituj\u0105cy metalow\u0105 powierzchni\u0119.<\/p>\n<p>Szyby wykonane z plexi z grawerem.<\/p>\n<p>&nbsp;<\/p>\n<p><img loading=\"lazy\" decoding=\"async\" class=\"aligncenter size-medium wp-image-5396\" src=\"https:\/\/printyourfun.eu\/wp-content\/uploads\/2023\/09\/Untitled-1-800x282.jpg\" alt=\"\" width=\"800\" height=\"282\" srcset=\"https:\/\/printyourfun.eu\/wp-content\/uploads\/2023\/09\/Untitled-1-800x282.jpg 800w, https:\/\/printyourfun.eu\/wp-content\/uploads\/2023\/09\/Untitled-1-1400x494.jpg 1400w, https:\/\/printyourfun.eu\/wp-content\/uploads\/2023\/09\/Untitled-1-768x271.jpg 768w, https:\/\/printyourfun.eu\/wp-content\/uploads\/2023\/09\/Untitled-1-1536x542.jpg 1536w, https:\/\/printyourfun.eu\/wp-content\/uploads\/2023\/09\/Untitled-1-18x6.jpg 18w, https:\/\/printyourfun.eu\/wp-content\/uploads\/2023\/09\/Untitled-1-600x212.jpg 600w, https:\/\/printyourfun.eu\/wp-content\/uploads\/2023\/09\/Untitled-1.jpg 2000w\" sizes=\"auto, (max-width: 800px) 100vw, 800px\" \/><\/p>\n<p>Material: PLA<\/p>\n<p>PRODUKT NIE ZAWIERA GRY PLANSZOWEJ I JEJ ELEMENT\u00d3W.<\/p>\n<h6><\/h6>","protected":false},"excerpt":{"rendered":"<p>Tacka na ko\u015bci w stylu futurystycznym Sci Fi. Nie lubisz jak ko\u015bci spadaj\u0105 ze sto\u0142u ? To idealne rozwi\u0105zanie. Pod\u0142oga wy\u0142o\u017cona piankow\u0105 mat\u0105 dla t\u0142umienia odg\u0142osu ko\u015bci. Kolor z domieszk\u0105 srebrnego brokatu imituj\u0105cy metalow\u0105 powierzchni\u0119. Szyby wykonane z plexi z grawerem. &nbsp; Materia\u0142 : PLA PRODUKT NIE ZAWIERA GRY PLANSZOWEJ I JEJ ELEMENT\u00d3W.<\/p>","protected":false},"featured_media":5391,"comment_status":"open","ping_status":"closed","template":"","meta":{"_acf_changed":false},"product_brand":[],"product_cat":[70,82],"product_tag":[259,164,165,258,287,289,288,144,187],"class_list":{"0":"post-5390","1":"product","2":"type-product","3":"status-publish","4":"has-post-thumbnail","6":"product_cat-akcesoria-do-gier","7":"product_cat-wieze-na-kosci","8":"product_tag-lockdown","9":"product_tag-nemesis","10":"product_tag-nemesis-board-game","11":"product_tag-nemesis-lockdown","12":"product_tag-skaner","13":"product_tag-skazenia","14":"product_tag-skazenie","15":"product_tag-stojak","16":"product_tag-znacznik","18":"first","19":"instock","20":"shipping-taxable","21":"purchasable","22":"product-type-simple"},"acf":[],"yoast_head":"<!-- This site is optimized with the Yoast SEO plugin v24.8.1 - https:\/\/yoast.com\/wordpress\/plugins\/seo\/ -->\n<title>Tacka na ko\u015bci Sci Fi - PrintYourFun<\/title>\n<meta name=\"robots\" content=\"index, follow, max-snippet:-1, max-image-preview:large, max-video-preview:-1\" \/>\n<link rel=\"canonical\" href=\"https:\/\/printyourfun.eu\/en\/product\/tacka-na-kosci-sci-fi\/\" \/>\n<meta property=\"og:locale\" content=\"en_GB\" \/>\n<meta property=\"og:type\" content=\"article\" \/>\n<meta property=\"og:title\" content=\"Tacka na ko\u015bci Sci Fi - PrintYourFun\" \/>\n<meta property=\"og:description\" content=\"Tacka na ko\u015bci w stylu futurystycznym Sci Fi. Nie lubisz jak ko\u015bci spadaj\u0105 ze sto\u0142u ? To idealne rozwi\u0105zanie. Pod\u0142oga wy\u0142o\u017cona piankow\u0105 mat\u0105 dla t\u0142umienia odg\u0142osu ko\u015bci. Kolor z domieszk\u0105 srebrnego brokatu imituj\u0105cy metalow\u0105 powierzchni\u0119. Szyby wykonane z plexi z grawerem. &nbsp; Materia\u0142 : PLA PRODUKT NIE ZAWIERA GRY PLANSZOWEJ I JEJ ELEMENT\u00d3W.\" \/>\n<meta property=\"og:url\" content=\"https:\/\/printyourfun.eu\/en\/product\/tacka-na-kosci-sci-fi\/\" \/>\n<meta property=\"og:site_name\" content=\"PrintYourFun\" \/>\n<meta property=\"article:publisher\" content=\"https:\/\/www.facebook.com\/Printyourfun\/\" \/>\n<meta property=\"article:modified_time\" content=\"2025-02-27T11:00:24+00:00\" \/>\n<meta property=\"og:image\" content=\"https:\/\/printyourfun.eu\/wp-content\/uploads\/2023\/09\/DSC_9303-scaled.jpg\" \/>\n\t<meta property=\"og:image:width\" content=\"2560\" \/>\n\t<meta property=\"og:image:height\" content=\"2099\" \/>\n\t<meta property=\"og:image:type\" content=\"image\/jpeg\" \/>\n<meta name=\"twitter:card\" content=\"summary_large_image\" \/>\n<meta name=\"twitter:label1\" content=\"Estimated reading time\" \/>\n\t<meta name=\"twitter:data1\" content=\"1 minute\" \/>\n<script type=\"application\/ld+json\" class=\"yoast-schema-graph\">{\"@context\":\"https:\/\/schema.org\",\"@graph\":[{\"@type\":\"WebPage\",\"@id\":\"https:\/\/printyourfun.eu\/product\/tacka-na-kosci-sci-fi\/\",\"url\":\"https:\/\/printyourfun.eu\/product\/tacka-na-kosci-sci-fi\/\",\"name\":\"Tacka na ko\u015bci Sci Fi - PrintYourFun\",\"isPartOf\":{\"@id\":\"https:\/\/printyourfun.eu\/#website\"},\"primaryImageOfPage\":{\"@id\":\"https:\/\/printyourfun.eu\/product\/tacka-na-kosci-sci-fi\/#primaryimage\"},\"image\":{\"@id\":\"https:\/\/printyourfun.eu\/product\/tacka-na-kosci-sci-fi\/#primaryimage\"},\"thumbnailUrl\":\"https:\/\/printyourfun.eu\/wp-content\/uploads\/2023\/09\/DSC_9303-scaled.jpg\",\"datePublished\":\"2023-09-26T20:04:52+00:00\",\"dateModified\":\"2025-02-27T11:00:24+00:00\",\"breadcrumb\":{\"@id\":\"https:\/\/printyourfun.eu\/product\/tacka-na-kosci-sci-fi\/#breadcrumb\"},\"inLanguage\":\"en-GB\",\"potentialAction\":[{\"@type\":\"ReadAction\",\"target\":[\"https:\/\/printyourfun.eu\/product\/tacka-na-kosci-sci-fi\/\"]}]},{\"@type\":\"ImageObject\",\"inLanguage\":\"en-GB\",\"@id\":\"https:\/\/printyourfun.eu\/product\/tacka-na-kosci-sci-fi\/#primaryimage\",\"url\":\"https:\/\/printyourfun.eu\/wp-content\/uploads\/2023\/09\/DSC_9303-scaled.jpg\",\"contentUrl\":\"https:\/\/printyourfun.eu\/wp-content\/uploads\/2023\/09\/DSC_9303-scaled.jpg\",\"width\":2560,\"height\":2099},{\"@type\":\"BreadcrumbList\",\"@id\":\"https:\/\/printyourfun.eu\/product\/tacka-na-kosci-sci-fi\/#breadcrumb\",\"itemListElement\":[{\"@type\":\"ListItem\",\"position\":1,\"name\":\"Home\",\"item\":\"https:\/\/printyourfun.eu\/\"},{\"@type\":\"ListItem\",\"position\":2,\"name\":\"Sklep\",\"item\":\"https:\/\/printyourfun.eu\/sklep\/\"},{\"@type\":\"ListItem\",\"position\":3,\"name\":\"Tacka na ko\u015bci Sci Fi\"}]},{\"@type\":\"WebSite\",\"@id\":\"https:\/\/printyourfun.eu\/#website\",\"url\":\"https:\/\/printyourfun.eu\/\",\"name\":\"PrintYourFun\",\"description\":\"Wydruki 3D\",\"potentialAction\":[{\"@type\":\"SearchAction\",\"target\":{\"@type\":\"EntryPoint\",\"urlTemplate\":\"https:\/\/printyourfun.eu\/?s={search_term_string}\"},\"query-input\":{\"@type\":\"PropertyValueSpecification\",\"valueRequired\":true,\"valueName\":\"search_term_string\"}}],\"inLanguage\":\"en-GB\"}]}<\/script>\n<!-- \/ Yoast SEO plugin. -->","yoast_head_json":{"title":"Tacka na ko\u015bci Sci Fi - PrintYourFun","robots":{"index":"index","follow":"follow","max-snippet":"max-snippet:-1","max-image-preview":"max-image-preview:large","max-video-preview":"max-video-preview:-1"},"canonical":"https:\/\/printyourfun.eu\/en\/product\/tacka-na-kosci-sci-fi\/","og_locale":"en_GB","og_type":"article","og_title":"Tacka na ko\u015bci Sci Fi - PrintYourFun","og_description":"Tacka na ko\u015bci w stylu futurystycznym Sci Fi. Nie lubisz jak ko\u015bci spadaj\u0105 ze sto\u0142u ? To idealne rozwi\u0105zanie. Pod\u0142oga wy\u0142o\u017cona piankow\u0105 mat\u0105 dla t\u0142umienia odg\u0142osu ko\u015bci. Kolor z domieszk\u0105 srebrnego brokatu imituj\u0105cy metalow\u0105 powierzchni\u0119. Szyby wykonane z plexi z grawerem. &nbsp; Materia\u0142 : PLA PRODUKT NIE ZAWIERA GRY PLANSZOWEJ I JEJ ELEMENT\u00d3W.","og_url":"https:\/\/printyourfun.eu\/en\/product\/tacka-na-kosci-sci-fi\/","og_site_name":"PrintYourFun","article_publisher":"https:\/\/www.facebook.com\/Printyourfun\/","article_modified_time":"2025-02-27T11:00:24+00:00","og_image":[{"width":2560,"height":2099,"url":"https:\/\/printyourfun.eu\/wp-content\/uploads\/2023\/09\/DSC_9303-scaled.jpg","type":"image\/jpeg"}],"twitter_card":"summary_large_image","twitter_misc":{"Estimated reading time":"1 minute"},"schema":{"@context":"https:\/\/schema.org","@graph":[{"@type":"WebPage","@id":"https:\/\/printyourfun.eu\/product\/tacka-na-kosci-sci-fi\/","url":"https:\/\/printyourfun.eu\/product\/tacka-na-kosci-sci-fi\/","name":"Tacka na ko\u015bci Sci Fi - PrintYourFun","isPartOf":{"@id":"https:\/\/printyourfun.eu\/#website"},"primaryImageOfPage":{"@id":"https:\/\/printyourfun.eu\/product\/tacka-na-kosci-sci-fi\/#primaryimage"},"image":{"@id":"https:\/\/printyourfun.eu\/product\/tacka-na-kosci-sci-fi\/#primaryimage"},"thumbnailUrl":"https:\/\/printyourfun.eu\/wp-content\/uploads\/2023\/09\/DSC_9303-scaled.jpg","datePublished":"2023-09-26T20:04:52+00:00","dateModified":"2025-02-27T11:00:24+00:00","breadcrumb":{"@id":"https:\/\/printyourfun.eu\/product\/tacka-na-kosci-sci-fi\/#breadcrumb"},"inLanguage":"en-GB","potentialAction":[{"@type":"ReadAction","target":["https:\/\/printyourfun.eu\/product\/tacka-na-kosci-sci-fi\/"]}]},{"@type":"ImageObject","inLanguage":"en-GB","@id":"https:\/\/printyourfun.eu\/product\/tacka-na-kosci-sci-fi\/#primaryimage","url":"https:\/\/printyourfun.eu\/wp-content\/uploads\/2023\/09\/DSC_9303-scaled.jpg","contentUrl":"https:\/\/printyourfun.eu\/wp-content\/uploads\/2023\/09\/DSC_9303-scaled.jpg","width":2560,"height":2099},{"@type":"BreadcrumbList","@id":"https:\/\/printyourfun.eu\/product\/tacka-na-kosci-sci-fi\/#breadcrumb","itemListElement":[{"@type":"ListItem","position":1,"name":"Home","item":"https:\/\/printyourfun.eu\/"},{"@type":"ListItem","position":2,"name":"Sklep","item":"https:\/\/printyourfun.eu\/sklep\/"},{"@type":"ListItem","position":3,"name":"Tacka na ko\u015bci Sci Fi"}]},{"@type":"WebSite","@id":"https:\/\/printyourfun.eu\/#website","url":"https:\/\/printyourfun.eu\/","name":"PrintYourFun","description":"Wydruki 3D","potentialAction":[{"@type":"SearchAction","target":{"@type":"EntryPoint","urlTemplate":"https:\/\/printyourfun.eu\/?s={search_term_string}"},"query-input":{"@type":"PropertyValueSpecification","valueRequired":true,"valueName":"search_term_string"}}],"inLanguage":"en-GB"}]}},"_links":{"self":[{"href":"https:\/\/printyourfun.eu\/en\/wp-json\/wp\/v2\/product\/5390","targetHints":{"allow":["GET"]}}],"collection":[{"href":"https:\/\/printyourfun.eu\/en\/wp-json\/wp\/v2\/product"}],"about":[{"href":"https:\/\/printyourfun.eu\/en\/wp-json\/wp\/v2\/types\/product"}],"replies":[{"embeddable":true,"href":"https:\/\/printyourfun.eu\/en\/wp-json\/wp\/v2\/comments?post=5390"}],"wp:featuredmedia":[{"embeddable":true,"href":"https:\/\/printyourfun.eu\/en\/wp-json\/wp\/v2\/media\/5391"}],"wp:attachment":[{"href":"https:\/\/printyourfun.eu\/en\/wp-json\/wp\/v2\/media?parent=5390"}],"wp:term":[{"taxonomy":"product_brand","embeddable":true,"href":"https:\/\/printyourfun.eu\/en\/wp-json\/wp\/v2\/product_brand?post=5390"},{"taxonomy":"product_cat","embeddable":true,"href":"https:\/\/printyourfun.eu\/en\/wp-json\/wp\/v2\/product_cat?post=5390"},{"taxonomy":"product_tag","embeddable":true,"href":"https:\/\/printyourfun.eu\/en\/wp-json\/wp\/v2\/product_tag?post=5390"}],"curies":[{"name":"wp","href":"https:\/\/api.w.org\/{rel}","templated":true}]}}