{"id":5483,"date":"2024-01-25T12:46:27","date_gmt":"2024-01-25T11:46:27","guid":{"rendered":"https:\/\/printyourfun.eu\/?post_type=product&#038;p=5483"},"modified":"2025-06-10T15:26:49","modified_gmt":"2025-06-10T13:26:49","slug":"beczki-rpg-dd-3d-do-gier-i-planszowek-28mm-zestaw-5-szt","status":"publish","type":"product","link":"https:\/\/printyourfun.eu\/en\/product\/beczki-rpg-dd-3d-do-gier-i-planszowek-28mm-zestaw-5-szt\/","title":{"rendered":"Beczki RPG D&#038;D 3D do gier i plansz\u00f3wek 28mm zestaw 5 szt"},"content":{"rendered":"<p><span style=\"color: #c66a26; font-size: 110%; border-left: 10px solid #c66a26; padding-left: 15px;\"><strong>Beczki RPG D&amp;D 3D do gier i plansz\u00f3wek 28mm zestaw 5 szt.<\/strong><\/span><\/p>\n<p>Idealny zamiennik za wszelkiego rodzaju kartonowe elementy do gier, jako ozdoba sesji RPG czy gier bitewnych.<\/p>\n<p><img loading=\"lazy\" decoding=\"async\" class=\"aligncenter size-medium wp-image-5524\" src=\"https:\/\/printyourfun.eu\/wp-content\/uploads\/2024\/01\/zb1www-800x373.jpg\" alt=\"\" width=\"800\" height=\"373\" srcset=\"https:\/\/printyourfun.eu\/wp-content\/uploads\/2024\/01\/zb1www-800x373.jpg 800w, https:\/\/printyourfun.eu\/wp-content\/uploads\/2024\/01\/zb1www-1400x652.jpg 1400w, https:\/\/printyourfun.eu\/wp-content\/uploads\/2024\/01\/zb1www-768x358.jpg 768w, https:\/\/printyourfun.eu\/wp-content\/uploads\/2024\/01\/zb1www-1536x716.jpg 1536w, https:\/\/printyourfun.eu\/wp-content\/uploads\/2024\/01\/zb1www-18x8.jpg 18w, https:\/\/printyourfun.eu\/wp-content\/uploads\/2024\/01\/zb1www-600x280.jpg 600w, https:\/\/printyourfun.eu\/wp-content\/uploads\/2024\/01\/zb1www.jpg 2000w\" sizes=\"auto, (max-width: 800px) 100vw, 800px\" \/><\/p>\n<p>&nbsp;<\/p>\n<p>Dost\u0119pne warianty uwzgl\u0119dniaj\u0105 kszta\u0142t beczki, jej kolor i kolor oku\u0107.<\/p>\n<p>Produkt 3d, drukowany w kolorze.<\/p>\n<p>Material: PLA<\/p>\n<p>PRODUKT NIE ZAWIERA GRY PLANSZOWEJ I JEJ ELEMENT\u00d3W.<\/p>","protected":false},"excerpt":{"rendered":"<p>Beczki RPG D&amp;D 3D do gier i plansz\u00f3wek 28mm zestaw 5 szt<\/p>\n<p>Idealny zamiennik za wszelkiego rodzaju kartonowe elementy do gier, jako ozdoba sesji RPG czy gier bitewnych.<\/p>\n<p>&nbsp;<\/p>","protected":false},"featured_media":5525,"comment_status":"open","ping_status":"closed","template":"","meta":{"_acf_changed":false},"product_brand":[],"product_cat":[70,76],"product_tag":[290,291,294,293,292],"class_list":{"0":"post-5483","1":"product","2":"type-product","3":"status-publish","4":"has-post-thumbnail","6":"product_cat-akcesoria-do-gier","7":"product_cat-elementy-3d-na-plansze","8":"product_tag-beczka","9":"product_tag-beczki","10":"product_tag-beczki-3d","11":"product_tag-dd","12":"product_tag-rpg","14":"first","15":"instock","16":"featured","17":"shipping-taxable","18":"purchasable","19":"product-type-variable"},"acf":[],"yoast_head":"<!-- This site is optimized with the Yoast SEO plugin v24.8.1 - https:\/\/yoast.com\/wordpress\/plugins\/seo\/ -->\n<title>Beczki RPG D&amp;D 3D do gier i plansz\u00f3wek 28mm zestaw 5 szt - PrintYourFun<\/title>\n<meta name=\"robots\" content=\"index, follow, max-snippet:-1, max-image-preview:large, max-video-preview:-1\" \/>\n<link rel=\"canonical\" href=\"https:\/\/printyourfun.eu\/en\/product\/beczki-rpg-dd-3d-do-gier-i-planszowek-28mm-zestaw-5-szt\/\" \/>\n<meta property=\"og:locale\" content=\"en_GB\" \/>\n<meta property=\"og:type\" content=\"article\" \/>\n<meta property=\"og:title\" content=\"Beczki RPG D&amp;D 3D do gier i plansz\u00f3wek 28mm zestaw 5 szt - PrintYourFun\" \/>\n<meta property=\"og:description\" content=\"Beczki RPG D&amp;D 3D do gier i plansz\u00f3wek 28mm zestaw 5 szt  Idealny zamiennik za wszelkiego rodzaju kartonowe elementy do gier, jako ozdoba sesji RPG czy gier bitewnych.  &nbsp;\" \/>\n<meta property=\"og:url\" content=\"https:\/\/printyourfun.eu\/en\/product\/beczki-rpg-dd-3d-do-gier-i-planszowek-28mm-zestaw-5-szt\/\" \/>\n<meta property=\"og:site_name\" content=\"PrintYourFun\" \/>\n<meta property=\"article:publisher\" content=\"https:\/\/www.facebook.com\/Printyourfun\/\" \/>\n<meta property=\"article:modified_time\" content=\"2025-06-10T13:26:49+00:00\" \/>\n<meta property=\"og:image\" content=\"https:\/\/printyourfun.eu\/wp-content\/uploads\/2024\/01\/zb1.jpg\" \/>\n\t<meta property=\"og:image:width\" content=\"2000\" \/>\n\t<meta property=\"og:image:height\" content=\"2000\" \/>\n\t<meta property=\"og:image:type\" content=\"image\/jpeg\" \/>\n<meta name=\"twitter:card\" content=\"summary_large_image\" \/>\n<meta name=\"twitter:label1\" content=\"Estimated reading time\" \/>\n\t<meta name=\"twitter:data1\" content=\"1 minute\" \/>\n<script type=\"application\/ld+json\" class=\"yoast-schema-graph\">{\"@context\":\"https:\/\/schema.org\",\"@graph\":[{\"@type\":\"WebPage\",\"@id\":\"https:\/\/printyourfun.eu\/product\/beczki-rpg-dd-3d-do-gier-i-planszowek-28mm-zestaw-5-szt\/\",\"url\":\"https:\/\/printyourfun.eu\/product\/beczki-rpg-dd-3d-do-gier-i-planszowek-28mm-zestaw-5-szt\/\",\"name\":\"Beczki RPG D&D 3D do gier i plansz\u00f3wek 28mm zestaw 5 szt - PrintYourFun\",\"isPartOf\":{\"@id\":\"https:\/\/printyourfun.eu\/#website\"},\"primaryImageOfPage\":{\"@id\":\"https:\/\/printyourfun.eu\/product\/beczki-rpg-dd-3d-do-gier-i-planszowek-28mm-zestaw-5-szt\/#primaryimage\"},\"image\":{\"@id\":\"https:\/\/printyourfun.eu\/product\/beczki-rpg-dd-3d-do-gier-i-planszowek-28mm-zestaw-5-szt\/#primaryimage\"},\"thumbnailUrl\":\"https:\/\/printyourfun.eu\/wp-content\/uploads\/2024\/01\/zb1.jpg\",\"datePublished\":\"2024-01-25T11:46:27+00:00\",\"dateModified\":\"2025-06-10T13:26:49+00:00\",\"breadcrumb\":{\"@id\":\"https:\/\/printyourfun.eu\/product\/beczki-rpg-dd-3d-do-gier-i-planszowek-28mm-zestaw-5-szt\/#breadcrumb\"},\"inLanguage\":\"en-GB\",\"potentialAction\":[{\"@type\":\"ReadAction\",\"target\":[\"https:\/\/printyourfun.eu\/product\/beczki-rpg-dd-3d-do-gier-i-planszowek-28mm-zestaw-5-szt\/\"]}]},{\"@type\":\"ImageObject\",\"inLanguage\":\"en-GB\",\"@id\":\"https:\/\/printyourfun.eu\/product\/beczki-rpg-dd-3d-do-gier-i-planszowek-28mm-zestaw-5-szt\/#primaryimage\",\"url\":\"https:\/\/printyourfun.eu\/wp-content\/uploads\/2024\/01\/zb1.jpg\",\"contentUrl\":\"https:\/\/printyourfun.eu\/wp-content\/uploads\/2024\/01\/zb1.jpg\",\"width\":2000,\"height\":2000},{\"@type\":\"BreadcrumbList\",\"@id\":\"https:\/\/printyourfun.eu\/product\/beczki-rpg-dd-3d-do-gier-i-planszowek-28mm-zestaw-5-szt\/#breadcrumb\",\"itemListElement\":[{\"@type\":\"ListItem\",\"position\":1,\"name\":\"Home\",\"item\":\"https:\/\/printyourfun.eu\/\"},{\"@type\":\"ListItem\",\"position\":2,\"name\":\"Sklep\",\"item\":\"https:\/\/printyourfun.eu\/sklep\/\"},{\"@type\":\"ListItem\",\"position\":3,\"name\":\"Beczki RPG D&#038;D 3D do gier i plansz\u00f3wek 28mm zestaw 5 szt\"}]},{\"@type\":\"WebSite\",\"@id\":\"https:\/\/printyourfun.eu\/#website\",\"url\":\"https:\/\/printyourfun.eu\/\",\"name\":\"PrintYourFun\",\"description\":\"Wydruki 3D\",\"potentialAction\":[{\"@type\":\"SearchAction\",\"target\":{\"@type\":\"EntryPoint\",\"urlTemplate\":\"https:\/\/printyourfun.eu\/?s={search_term_string}\"},\"query-input\":{\"@type\":\"PropertyValueSpecification\",\"valueRequired\":true,\"valueName\":\"search_term_string\"}}],\"inLanguage\":\"en-GB\"}]}<\/script>\n<!-- \/ Yoast SEO plugin. -->","yoast_head_json":{"title":"Beczki RPG D&D 3D do gier i plansz\u00f3wek 28mm zestaw 5 szt - PrintYourFun","robots":{"index":"index","follow":"follow","max-snippet":"max-snippet:-1","max-image-preview":"max-image-preview:large","max-video-preview":"max-video-preview:-1"},"canonical":"https:\/\/printyourfun.eu\/en\/product\/beczki-rpg-dd-3d-do-gier-i-planszowek-28mm-zestaw-5-szt\/","og_locale":"en_GB","og_type":"article","og_title":"Beczki RPG D&D 3D do gier i plansz\u00f3wek 28mm zestaw 5 szt - PrintYourFun","og_description":"Beczki RPG D&amp;D 3D do gier i plansz\u00f3wek 28mm zestaw 5 szt  Idealny zamiennik za wszelkiego rodzaju kartonowe elementy do gier, jako ozdoba sesji RPG czy gier bitewnych.  &nbsp;","og_url":"https:\/\/printyourfun.eu\/en\/product\/beczki-rpg-dd-3d-do-gier-i-planszowek-28mm-zestaw-5-szt\/","og_site_name":"PrintYourFun","article_publisher":"https:\/\/www.facebook.com\/Printyourfun\/","article_modified_time":"2025-06-10T13:26:49+00:00","og_image":[{"width":2000,"height":2000,"url":"https:\/\/printyourfun.eu\/wp-content\/uploads\/2024\/01\/zb1.jpg","type":"image\/jpeg"}],"twitter_card":"summary_large_image","twitter_misc":{"Estimated reading time":"1 minute"},"schema":{"@context":"https:\/\/schema.org","@graph":[{"@type":"WebPage","@id":"https:\/\/printyourfun.eu\/product\/beczki-rpg-dd-3d-do-gier-i-planszowek-28mm-zestaw-5-szt\/","url":"https:\/\/printyourfun.eu\/product\/beczki-rpg-dd-3d-do-gier-i-planszowek-28mm-zestaw-5-szt\/","name":"Beczki RPG D&D 3D do gier i plansz\u00f3wek 28mm zestaw 5 szt - PrintYourFun","isPartOf":{"@id":"https:\/\/printyourfun.eu\/#website"},"primaryImageOfPage":{"@id":"https:\/\/printyourfun.eu\/product\/beczki-rpg-dd-3d-do-gier-i-planszowek-28mm-zestaw-5-szt\/#primaryimage"},"image":{"@id":"https:\/\/printyourfun.eu\/product\/beczki-rpg-dd-3d-do-gier-i-planszowek-28mm-zestaw-5-szt\/#primaryimage"},"thumbnailUrl":"https:\/\/printyourfun.eu\/wp-content\/uploads\/2024\/01\/zb1.jpg","datePublished":"2024-01-25T11:46:27+00:00","dateModified":"2025-06-10T13:26:49+00:00","breadcrumb":{"@id":"https:\/\/printyourfun.eu\/product\/beczki-rpg-dd-3d-do-gier-i-planszowek-28mm-zestaw-5-szt\/#breadcrumb"},"inLanguage":"en-GB","potentialAction":[{"@type":"ReadAction","target":["https:\/\/printyourfun.eu\/product\/beczki-rpg-dd-3d-do-gier-i-planszowek-28mm-zestaw-5-szt\/"]}]},{"@type":"ImageObject","inLanguage":"en-GB","@id":"https:\/\/printyourfun.eu\/product\/beczki-rpg-dd-3d-do-gier-i-planszowek-28mm-zestaw-5-szt\/#primaryimage","url":"https:\/\/printyourfun.eu\/wp-content\/uploads\/2024\/01\/zb1.jpg","contentUrl":"https:\/\/printyourfun.eu\/wp-content\/uploads\/2024\/01\/zb1.jpg","width":2000,"height":2000},{"@type":"BreadcrumbList","@id":"https:\/\/printyourfun.eu\/product\/beczki-rpg-dd-3d-do-gier-i-planszowek-28mm-zestaw-5-szt\/#breadcrumb","itemListElement":[{"@type":"ListItem","position":1,"name":"Home","item":"https:\/\/printyourfun.eu\/"},{"@type":"ListItem","position":2,"name":"Sklep","item":"https:\/\/printyourfun.eu\/sklep\/"},{"@type":"ListItem","position":3,"name":"Beczki RPG D&#038;D 3D do gier i plansz\u00f3wek 28mm zestaw 5 szt"}]},{"@type":"WebSite","@id":"https:\/\/printyourfun.eu\/#website","url":"https:\/\/printyourfun.eu\/","name":"PrintYourFun","description":"Wydruki 3D","potentialAction":[{"@type":"SearchAction","target":{"@type":"EntryPoint","urlTemplate":"https:\/\/printyourfun.eu\/?s={search_term_string}"},"query-input":{"@type":"PropertyValueSpecification","valueRequired":true,"valueName":"search_term_string"}}],"inLanguage":"en-GB"}]}},"_links":{"self":[{"href":"https:\/\/printyourfun.eu\/en\/wp-json\/wp\/v2\/product\/5483","targetHints":{"allow":["GET"]}}],"collection":[{"href":"https:\/\/printyourfun.eu\/en\/wp-json\/wp\/v2\/product"}],"about":[{"href":"https:\/\/printyourfun.eu\/en\/wp-json\/wp\/v2\/types\/product"}],"replies":[{"embeddable":true,"href":"https:\/\/printyourfun.eu\/en\/wp-json\/wp\/v2\/comments?post=5483"}],"wp:featuredmedia":[{"embeddable":true,"href":"https:\/\/printyourfun.eu\/en\/wp-json\/wp\/v2\/media\/5525"}],"wp:attachment":[{"href":"https:\/\/printyourfun.eu\/en\/wp-json\/wp\/v2\/media?parent=5483"}],"wp:term":[{"taxonomy":"product_brand","embeddable":true,"href":"https:\/\/printyourfun.eu\/en\/wp-json\/wp\/v2\/product_brand?post=5483"},{"taxonomy":"product_cat","embeddable":true,"href":"https:\/\/printyourfun.eu\/en\/wp-json\/wp\/v2\/product_cat?post=5483"},{"taxonomy":"product_tag","embeddable":true,"href":"https:\/\/printyourfun.eu\/en\/wp-json\/wp\/v2\/product_tag?post=5483"}],"curies":[{"name":"wp","href":"https:\/\/api.w.org\/{rel}","templated":true}]}}