{"id":5550,"date":"2024-01-25T14:53:40","date_gmt":"2024-01-25T13:53:40","guid":{"rendered":"https:\/\/printyourfun.eu\/?post_type=product&#038;p=5550"},"modified":"2025-02-27T12:00:23","modified_gmt":"2025-02-27T11:00:23","slug":"brzdek-katakumby-smok-3d","status":"publish","type":"product","link":"https:\/\/printyourfun.eu\/en\/product\/brzdek-katakumby-smok-3d\/","title":{"rendered":"Brzd\u0119k Katakumby Smok 3D"},"content":{"rendered":"<p style=\"text-align: left;\"><span style=\"color: #c66a26; font-size: 110%; border-left: 10px solid #c66a26; padding-left: 15px;\"><strong>Brzd\u0119k Katakumby Smok 3D<\/strong><\/span><\/p>\n<p>Wykonany w druku 3D, smok i kryszta\u0142y z \u017cywicy a podstawa, tradycyjny druk 3D.<\/p>\n<p>Wst\u0119pnie pomalowany ( rogi i oko) ca\u0142o\u015b\u0107 pokryta czarnym washem aby wyci\u0105gn\u0105\u0107 szczeg\u00f3\u0142y.<\/p>\n<p>Mo\u017cna przemalowa\u0107 bez problemu we w\u0142asnym zakresie.<\/p>\n<p>&nbsp;<\/p>\n<p><img loading=\"lazy\" decoding=\"async\" class=\"aligncenter size-medium wp-image-5551\" src=\"https:\/\/printyourfun.eu\/wp-content\/uploads\/2024\/01\/ASC01513www-756x400.jpg\" alt=\"\" width=\"756\" height=\"400\" srcset=\"https:\/\/printyourfun.eu\/wp-content\/uploads\/2024\/01\/ASC01513www-756x400.jpg 756w, https:\/\/printyourfun.eu\/wp-content\/uploads\/2024\/01\/ASC01513www-1400x741.jpg 1400w, https:\/\/printyourfun.eu\/wp-content\/uploads\/2024\/01\/ASC01513www-768x406.jpg 768w, https:\/\/printyourfun.eu\/wp-content\/uploads\/2024\/01\/ASC01513www-1536x813.jpg 1536w, https:\/\/printyourfun.eu\/wp-content\/uploads\/2024\/01\/ASC01513www-18x10.jpg 18w, https:\/\/printyourfun.eu\/wp-content\/uploads\/2024\/01\/ASC01513www-600x317.jpg 600w, https:\/\/printyourfun.eu\/wp-content\/uploads\/2024\/01\/ASC01513www.jpg 2000w\" sizes=\"auto, (max-width: 756px) 100vw, 756px\" \/><\/p>\n<p>&nbsp;<\/p>\n<p>Materia\u0142 : PLA &#8211; trwa\u0142y i wytrzyma\u0142y i \u017cywica<\/p>\n<p>PRODUKT NIE ZAWIERA GRY PLANSZOWEJ I JEJ ELEMENT\u00d3W.<\/p>\n<h6><\/h6>","protected":false},"excerpt":{"rendered":"<p>Brzd\u0119k Katakumby Smok 3D Wykonany w druku 3D, smok i kryszta\u0142y z \u017cywicy a podstawa, tradycyjny druk 3D. Wst\u0119pnie pomalowany ( rogi i oko) ca\u0142o\u015b\u0107 pokryta czarnym washem aby wyci\u0105gn\u0105\u0107 szczeg\u00f3\u0142y. Mo\u017cna przemalowa\u0107 bez problemu we w\u0142asnym zakresie. &nbsp; &nbsp; Materia\u0142 : PLA &#8211; trwa\u0142y i wytrzyma\u0142y i \u017cywica PRODUKT NIE ZAWIERA GRY PLANSZOWEJ I [&#8230;]","protected":false},"featured_media":5552,"comment_status":"open","ping_status":"closed","template":"","meta":{"_acf_changed":false},"product_brand":[],"product_cat":[70,76],"product_tag":[119,124,295,209,123],"class_list":{"0":"post-5550","1":"product","2":"type-product","3":"status-publish","4":"has-post-thumbnail","6":"product_cat-akcesoria-do-gier","7":"product_cat-elementy-3d-na-plansze","8":"product_tag-brzdek","9":"product_tag-clank","10":"product_tag-katakumby","11":"product_tag-kolorowe","12":"product_tag-smok","14":"first","15":"instock","16":"shipping-taxable","17":"purchasable","18":"product-type-simple"},"acf":[],"yoast_head":"<!-- This site is optimized with the Yoast SEO plugin v24.8.1 - https:\/\/yoast.com\/wordpress\/plugins\/seo\/ -->\n<title>Brzd\u0119k Katakumby Smok 3D - PrintYourFun<\/title>\n<meta name=\"robots\" content=\"index, follow, max-snippet:-1, max-image-preview:large, max-video-preview:-1\" \/>\n<link rel=\"canonical\" href=\"https:\/\/printyourfun.eu\/en\/product\/brzdek-katakumby-smok-3d\/\" \/>\n<meta property=\"og:locale\" content=\"en_GB\" \/>\n<meta property=\"og:type\" content=\"article\" \/>\n<meta property=\"og:title\" content=\"Brzd\u0119k Katakumby Smok 3D - PrintYourFun\" \/>\n<meta property=\"og:description\" content=\"Brzd\u0119k Katakumby Smok 3D Wykonany w druku 3D, smok i kryszta\u0142y z \u017cywicy a podstawa, tradycyjny druk 3D. Wst\u0119pnie pomalowany ( rogi i oko) ca\u0142o\u015b\u0107 pokryta czarnym washem aby wyci\u0105gn\u0105\u0107 szczeg\u00f3\u0142y. Mo\u017cna przemalowa\u0107 bez problemu we w\u0142asnym zakresie. &nbsp; &nbsp; Materia\u0142 : PLA &#8211; trwa\u0142y i wytrzyma\u0142y i \u017cywica PRODUKT NIE ZAWIERA GRY PLANSZOWEJ I [...]\" \/>\n<meta property=\"og:url\" content=\"https:\/\/printyourfun.eu\/en\/product\/brzdek-katakumby-smok-3d\/\" \/>\n<meta property=\"og:site_name\" content=\"PrintYourFun\" \/>\n<meta property=\"article:publisher\" content=\"https:\/\/www.facebook.com\/Printyourfun\/\" \/>\n<meta property=\"article:modified_time\" content=\"2025-02-27T11:00:23+00:00\" \/>\n<meta property=\"og:image\" content=\"https:\/\/printyourfun.eu\/wp-content\/uploads\/2024\/01\/ASC01513-main.jpg\" \/>\n\t<meta property=\"og:image:width\" content=\"2000\" \/>\n\t<meta property=\"og:image:height\" content=\"2000\" \/>\n\t<meta property=\"og:image:type\" content=\"image\/jpeg\" \/>\n<meta name=\"twitter:card\" content=\"summary_large_image\" \/>\n<script type=\"application\/ld+json\" class=\"yoast-schema-graph\">{\"@context\":\"https:\/\/schema.org\",\"@graph\":[{\"@type\":\"WebPage\",\"@id\":\"https:\/\/printyourfun.eu\/product\/brzdek-katakumby-smok-3d\/\",\"url\":\"https:\/\/printyourfun.eu\/product\/brzdek-katakumby-smok-3d\/\",\"name\":\"Brzd\u0119k Katakumby Smok 3D - PrintYourFun\",\"isPartOf\":{\"@id\":\"https:\/\/printyourfun.eu\/#website\"},\"primaryImageOfPage\":{\"@id\":\"https:\/\/printyourfun.eu\/product\/brzdek-katakumby-smok-3d\/#primaryimage\"},\"image\":{\"@id\":\"https:\/\/printyourfun.eu\/product\/brzdek-katakumby-smok-3d\/#primaryimage\"},\"thumbnailUrl\":\"https:\/\/printyourfun.eu\/wp-content\/uploads\/2024\/01\/ASC01513-main.jpg\",\"datePublished\":\"2024-01-25T13:53:40+00:00\",\"dateModified\":\"2025-02-27T11:00:23+00:00\",\"breadcrumb\":{\"@id\":\"https:\/\/printyourfun.eu\/product\/brzdek-katakumby-smok-3d\/#breadcrumb\"},\"inLanguage\":\"en-GB\",\"potentialAction\":[{\"@type\":\"ReadAction\",\"target\":[\"https:\/\/printyourfun.eu\/product\/brzdek-katakumby-smok-3d\/\"]}]},{\"@type\":\"ImageObject\",\"inLanguage\":\"en-GB\",\"@id\":\"https:\/\/printyourfun.eu\/product\/brzdek-katakumby-smok-3d\/#primaryimage\",\"url\":\"https:\/\/printyourfun.eu\/wp-content\/uploads\/2024\/01\/ASC01513-main.jpg\",\"contentUrl\":\"https:\/\/printyourfun.eu\/wp-content\/uploads\/2024\/01\/ASC01513-main.jpg\",\"width\":2000,\"height\":2000},{\"@type\":\"BreadcrumbList\",\"@id\":\"https:\/\/printyourfun.eu\/product\/brzdek-katakumby-smok-3d\/#breadcrumb\",\"itemListElement\":[{\"@type\":\"ListItem\",\"position\":1,\"name\":\"Home\",\"item\":\"https:\/\/printyourfun.eu\/\"},{\"@type\":\"ListItem\",\"position\":2,\"name\":\"Sklep\",\"item\":\"https:\/\/printyourfun.eu\/sklep\/\"},{\"@type\":\"ListItem\",\"position\":3,\"name\":\"Brzd\u0119k Katakumby Smok 3D\"}]},{\"@type\":\"WebSite\",\"@id\":\"https:\/\/printyourfun.eu\/#website\",\"url\":\"https:\/\/printyourfun.eu\/\",\"name\":\"PrintYourFun\",\"description\":\"Wydruki 3D\",\"potentialAction\":[{\"@type\":\"SearchAction\",\"target\":{\"@type\":\"EntryPoint\",\"urlTemplate\":\"https:\/\/printyourfun.eu\/?s={search_term_string}\"},\"query-input\":{\"@type\":\"PropertyValueSpecification\",\"valueRequired\":true,\"valueName\":\"search_term_string\"}}],\"inLanguage\":\"en-GB\"}]}<\/script>\n<!-- \/ Yoast SEO plugin. -->","yoast_head_json":{"title":"Brzd\u0119k Katakumby Smok 3D - PrintYourFun","robots":{"index":"index","follow":"follow","max-snippet":"max-snippet:-1","max-image-preview":"max-image-preview:large","max-video-preview":"max-video-preview:-1"},"canonical":"https:\/\/printyourfun.eu\/en\/product\/brzdek-katakumby-smok-3d\/","og_locale":"en_GB","og_type":"article","og_title":"Brzd\u0119k Katakumby Smok 3D - PrintYourFun","og_description":"Brzd\u0119k Katakumby Smok 3D Wykonany w druku 3D, smok i kryszta\u0142y z \u017cywicy a podstawa, tradycyjny druk 3D. Wst\u0119pnie pomalowany ( rogi i oko) ca\u0142o\u015b\u0107 pokryta czarnym washem aby wyci\u0105gn\u0105\u0107 szczeg\u00f3\u0142y. Mo\u017cna przemalowa\u0107 bez problemu we w\u0142asnym zakresie. &nbsp; &nbsp; Materia\u0142 : PLA &#8211; trwa\u0142y i wytrzyma\u0142y i \u017cywica PRODUKT NIE ZAWIERA GRY PLANSZOWEJ I [...]","og_url":"https:\/\/printyourfun.eu\/en\/product\/brzdek-katakumby-smok-3d\/","og_site_name":"PrintYourFun","article_publisher":"https:\/\/www.facebook.com\/Printyourfun\/","article_modified_time":"2025-02-27T11:00:23+00:00","og_image":[{"width":2000,"height":2000,"url":"https:\/\/printyourfun.eu\/wp-content\/uploads\/2024\/01\/ASC01513-main.jpg","type":"image\/jpeg"}],"twitter_card":"summary_large_image","schema":{"@context":"https:\/\/schema.org","@graph":[{"@type":"WebPage","@id":"https:\/\/printyourfun.eu\/product\/brzdek-katakumby-smok-3d\/","url":"https:\/\/printyourfun.eu\/product\/brzdek-katakumby-smok-3d\/","name":"Brzd\u0119k Katakumby Smok 3D - PrintYourFun","isPartOf":{"@id":"https:\/\/printyourfun.eu\/#website"},"primaryImageOfPage":{"@id":"https:\/\/printyourfun.eu\/product\/brzdek-katakumby-smok-3d\/#primaryimage"},"image":{"@id":"https:\/\/printyourfun.eu\/product\/brzdek-katakumby-smok-3d\/#primaryimage"},"thumbnailUrl":"https:\/\/printyourfun.eu\/wp-content\/uploads\/2024\/01\/ASC01513-main.jpg","datePublished":"2024-01-25T13:53:40+00:00","dateModified":"2025-02-27T11:00:23+00:00","breadcrumb":{"@id":"https:\/\/printyourfun.eu\/product\/brzdek-katakumby-smok-3d\/#breadcrumb"},"inLanguage":"en-GB","potentialAction":[{"@type":"ReadAction","target":["https:\/\/printyourfun.eu\/product\/brzdek-katakumby-smok-3d\/"]}]},{"@type":"ImageObject","inLanguage":"en-GB","@id":"https:\/\/printyourfun.eu\/product\/brzdek-katakumby-smok-3d\/#primaryimage","url":"https:\/\/printyourfun.eu\/wp-content\/uploads\/2024\/01\/ASC01513-main.jpg","contentUrl":"https:\/\/printyourfun.eu\/wp-content\/uploads\/2024\/01\/ASC01513-main.jpg","width":2000,"height":2000},{"@type":"BreadcrumbList","@id":"https:\/\/printyourfun.eu\/product\/brzdek-katakumby-smok-3d\/#breadcrumb","itemListElement":[{"@type":"ListItem","position":1,"name":"Home","item":"https:\/\/printyourfun.eu\/"},{"@type":"ListItem","position":2,"name":"Sklep","item":"https:\/\/printyourfun.eu\/sklep\/"},{"@type":"ListItem","position":3,"name":"Brzd\u0119k Katakumby Smok 3D"}]},{"@type":"WebSite","@id":"https:\/\/printyourfun.eu\/#website","url":"https:\/\/printyourfun.eu\/","name":"PrintYourFun","description":"Wydruki 3D","potentialAction":[{"@type":"SearchAction","target":{"@type":"EntryPoint","urlTemplate":"https:\/\/printyourfun.eu\/?s={search_term_string}"},"query-input":{"@type":"PropertyValueSpecification","valueRequired":true,"valueName":"search_term_string"}}],"inLanguage":"en-GB"}]}},"_links":{"self":[{"href":"https:\/\/printyourfun.eu\/en\/wp-json\/wp\/v2\/product\/5550","targetHints":{"allow":["GET"]}}],"collection":[{"href":"https:\/\/printyourfun.eu\/en\/wp-json\/wp\/v2\/product"}],"about":[{"href":"https:\/\/printyourfun.eu\/en\/wp-json\/wp\/v2\/types\/product"}],"replies":[{"embeddable":true,"href":"https:\/\/printyourfun.eu\/en\/wp-json\/wp\/v2\/comments?post=5550"}],"wp:featuredmedia":[{"embeddable":true,"href":"https:\/\/printyourfun.eu\/en\/wp-json\/wp\/v2\/media\/5552"}],"wp:attachment":[{"href":"https:\/\/printyourfun.eu\/en\/wp-json\/wp\/v2\/media?parent=5550"}],"wp:term":[{"taxonomy":"product_brand","embeddable":true,"href":"https:\/\/printyourfun.eu\/en\/wp-json\/wp\/v2\/product_brand?post=5550"},{"taxonomy":"product_cat","embeddable":true,"href":"https:\/\/printyourfun.eu\/en\/wp-json\/wp\/v2\/product_cat?post=5550"},{"taxonomy":"product_tag","embeddable":true,"href":"https:\/\/printyourfun.eu\/en\/wp-json\/wp\/v2\/product_tag?post=5550"}],"curies":[{"name":"wp","href":"https:\/\/api.w.org\/{rel}","templated":true}]}}