{"id":5645,"date":"2024-04-19T11:02:10","date_gmt":"2024-04-19T09:02:10","guid":{"rendered":"https:\/\/printyourfun.eu\/?post_type=product&#038;p=5645"},"modified":"2025-05-05T14:41:56","modified_gmt":"2025-05-05T12:41:56","slug":"karak-carcassonne-ramki-pod-kafle-map","status":"publish","type":"product","link":"https:\/\/printyourfun.eu\/en\/product\/karak-carcassonne-ramki-pod-kafle-map\/","title":{"rendered":"Karak, Carcassonne ramki pod kafle map"},"content":{"rendered":"<p style=\"text-align: left;\"><span style=\"color: #c66a26; font-size: 110%; border-left: 10px solid #c66a26; padding-left: 15px;\"><strong>Karak, Carcassonne ramki pod kafle map<\/strong><\/span><\/p>\n<p class=\"\" data-start=\"133\" data-end=\"250\">Utrzymaj porz\u0105dek na stole i ciesz si\u0119 idealnie u\u0142o\u017con\u0105 map\u0105 dzi\u0119ki praktycznym ramkom pod kafle do gier planszowych.<\/p>\n<p class=\"\" data-start=\"252\" data-end=\"817\">\ud83d\udd39 <strong data-start=\"255\" data-end=\"274\">Zestaw 12 ramek<\/strong> (uk\u0142ad 3&#215;3 kafle) w eleganckim <strong data-start=\"306\" data-end=\"325\">czarnym kolorze<\/strong> pozwala utrzyma\u0107 p\u0142ytki mapy na swoim miejscu, zapobiegaj\u0105c ich przesuwaniu si\u0119 w trakcie gry.<br data-start=\"420\" data-end=\"423\" \/>\ud83d\udd39 Ramki s\u0105 w pe\u0142ni <strong data-start=\"443\" data-end=\"467\">kompatybilne z grami<\/strong> o standardowym rozmiarze kafli, takimi jak <strong data-start=\"511\" data-end=\"526\">Carcassonne<\/strong>, <strong data-start=\"528\" data-end=\"537\">Karak<\/strong> i inne podobne tytu\u0142y.<br data-start=\"560\" data-end=\"563\" data-is-only-node=\"\" \/>\ud83d\udd39 W zestawie znajduje si\u0119 r\u00f3wnie\u017c <strong data-start=\"598\" data-end=\"621\">pude\u0142ko z p\u0142yty HDF<\/strong>, ozdobione nadrukiem na klapie \u2013 trwa\u0142e i estetyczne rozwi\u0105zanie do przechowywania.<br data-start=\"705\" data-end=\"708\" \/>\ud83d\udd39 Pude\u0142ko przeznaczone jest do <strong data-start=\"740\" data-end=\"766\">samodzielnego z\u0142o\u017cenia<\/strong>, a <strong data-start=\"770\" data-end=\"789\">klej do monta\u017cu<\/strong> do\u0142\u0105czony jest w komplecie.<\/p>\n<p class=\"\" data-start=\"819\" data-end=\"922\">Idealne akcesorium dla fan\u00f3w gier kafelkowych, kt\u00f3rzy ceni\u0105 sobie porz\u0105dek i komfort podczas rozgrywki.<\/p>\n<p><img loading=\"lazy\" decoding=\"async\" class=\"aligncenter size-medium wp-image-5646\" src=\"https:\/\/printyourfun.eu\/wp-content\/uploads\/2024\/04\/ASC01768-copywww-800x271.jpg\" alt=\"\" width=\"800\" height=\"271\" srcset=\"https:\/\/printyourfun.eu\/wp-content\/uploads\/2024\/04\/ASC01768-copywww-800x271.jpg 800w, https:\/\/printyourfun.eu\/wp-content\/uploads\/2024\/04\/ASC01768-copywww-1400x474.jpg 1400w, https:\/\/printyourfun.eu\/wp-content\/uploads\/2024\/04\/ASC01768-copywww-768x260.jpg 768w, https:\/\/printyourfun.eu\/wp-content\/uploads\/2024\/04\/ASC01768-copywww-1536x520.jpg 1536w, https:\/\/printyourfun.eu\/wp-content\/uploads\/2024\/04\/ASC01768-copywww-2048x693.jpg 2048w, https:\/\/printyourfun.eu\/wp-content\/uploads\/2024\/04\/ASC01768-copywww-18x6.jpg 18w, https:\/\/printyourfun.eu\/wp-content\/uploads\/2024\/04\/ASC01768-copywww-600x203.jpg 600w\" sizes=\"auto, (max-width: 800px) 100vw, 800px\" \/><\/p>\n<p>&nbsp;<\/p>\n<p>Materia\u0142 : PLA , HDF<\/p>\n<p>PRODUKT NIE ZAWIERA GRY PLANSZOWEJ I JEJ ELEMENT\u00d3W.<\/p>\n<h6><\/h6>","protected":false},"excerpt":{"rendered":"<p>Karak, Carcassonne ramki pod kafle map Utrzymaj porz\u0105dek na stole i ciesz si\u0119 idealnie u\u0142o\u017con\u0105 map\u0105 dzi\u0119ki praktycznym ramkom pod kafle do gier planszowych. \ud83d\udd39 Zestaw 12 ramek (uk\u0142ad 3&#215;3 kafle) w eleganckim czarnym kolorze pozwala utrzyma\u0107 p\u0142ytki mapy na swoim miejscu, zapobiegaj\u0105c ich przesuwaniu si\u0119 w trakcie gry.\ud83d\udd39 Ramki s\u0105 w pe\u0142ni kompatybilne z [&#8230;]","protected":false},"featured_media":5649,"comment_status":"open","ping_status":"closed","template":"","meta":{"_acf_changed":false},"product_brand":[],"product_cat":[70,163],"product_tag":[310,314,313,309,232,312,311],"class_list":{"0":"post-5645","1":"product","2":"type-product","3":"status-publish","4":"has-post-thumbnail","6":"product_cat-akcesoria-do-gier","7":"product_cat-organizery-plansz","8":"product_tag-carcassonne","9":"product_tag-holder-kafli","10":"product_tag-kafle","11":"product_tag-karak","12":"product_tag-podstawka","13":"product_tag-podstawka-map","14":"product_tag-ramki-map","16":"first","17":"instock","18":"shipping-taxable","19":"purchasable","20":"product-type-variable"},"acf":[],"yoast_head":"<!-- This site is optimized with the Yoast SEO plugin v24.8.1 - https:\/\/yoast.com\/wordpress\/plugins\/seo\/ -->\n<title>Karak, Carcassonne ramki pod kafle map - PrintYourFun<\/title>\n<meta name=\"robots\" content=\"index, follow, max-snippet:-1, max-image-preview:large, max-video-preview:-1\" \/>\n<link rel=\"canonical\" href=\"https:\/\/printyourfun.eu\/en\/product\/karak-carcassonne-ramki-pod-kafle-map\/\" \/>\n<meta property=\"og:locale\" content=\"en_GB\" \/>\n<meta property=\"og:type\" content=\"article\" \/>\n<meta property=\"og:title\" content=\"Karak, Carcassonne ramki pod kafle map - PrintYourFun\" \/>\n<meta property=\"og:description\" content=\"Karak, Carcassonne ramki pod kafle map Utrzymaj porz\u0105dek na stole i ciesz si\u0119 idealnie u\u0142o\u017con\u0105 map\u0105 dzi\u0119ki praktycznym ramkom pod kafle do gier planszowych. \ud83d\udd39 Zestaw 12 ramek (uk\u0142ad 3&#215;3 kafle) w eleganckim czarnym kolorze pozwala utrzyma\u0107 p\u0142ytki mapy na swoim miejscu, zapobiegaj\u0105c ich przesuwaniu si\u0119 w trakcie gry.\ud83d\udd39 Ramki s\u0105 w pe\u0142ni kompatybilne z [...]\" \/>\n<meta property=\"og:url\" content=\"https:\/\/printyourfun.eu\/en\/product\/karak-carcassonne-ramki-pod-kafle-map\/\" \/>\n<meta property=\"og:site_name\" content=\"PrintYourFun\" \/>\n<meta property=\"article:publisher\" content=\"https:\/\/www.facebook.com\/Printyourfun\/\" \/>\n<meta property=\"article:modified_time\" content=\"2025-05-05T12:41:56+00:00\" \/>\n<meta property=\"og:image\" content=\"https:\/\/printyourfun.eu\/wp-content\/uploads\/2024\/04\/ASC01776a-copy.jpg\" \/>\n\t<meta property=\"og:image:width\" content=\"2000\" \/>\n\t<meta property=\"og:image:height\" content=\"2000\" \/>\n\t<meta property=\"og:image:type\" content=\"image\/jpeg\" \/>\n<meta name=\"twitter:card\" content=\"summary_large_image\" \/>\n<meta name=\"twitter:label1\" content=\"Estimated reading time\" \/>\n\t<meta name=\"twitter:data1\" content=\"2 minutes\" \/>\n<script type=\"application\/ld+json\" class=\"yoast-schema-graph\">{\"@context\":\"https:\/\/schema.org\",\"@graph\":[{\"@type\":\"WebPage\",\"@id\":\"https:\/\/printyourfun.eu\/product\/karak-carcassonne-ramki-pod-kafle-map\/\",\"url\":\"https:\/\/printyourfun.eu\/product\/karak-carcassonne-ramki-pod-kafle-map\/\",\"name\":\"Karak, Carcassonne ramki pod kafle map - PrintYourFun\",\"isPartOf\":{\"@id\":\"https:\/\/printyourfun.eu\/#website\"},\"primaryImageOfPage\":{\"@id\":\"https:\/\/printyourfun.eu\/product\/karak-carcassonne-ramki-pod-kafle-map\/#primaryimage\"},\"image\":{\"@id\":\"https:\/\/printyourfun.eu\/product\/karak-carcassonne-ramki-pod-kafle-map\/#primaryimage\"},\"thumbnailUrl\":\"https:\/\/printyourfun.eu\/wp-content\/uploads\/2024\/04\/ASC01776a-copy.jpg\",\"datePublished\":\"2024-04-19T09:02:10+00:00\",\"dateModified\":\"2025-05-05T12:41:56+00:00\",\"breadcrumb\":{\"@id\":\"https:\/\/printyourfun.eu\/product\/karak-carcassonne-ramki-pod-kafle-map\/#breadcrumb\"},\"inLanguage\":\"en-GB\",\"potentialAction\":[{\"@type\":\"ReadAction\",\"target\":[\"https:\/\/printyourfun.eu\/product\/karak-carcassonne-ramki-pod-kafle-map\/\"]}]},{\"@type\":\"ImageObject\",\"inLanguage\":\"en-GB\",\"@id\":\"https:\/\/printyourfun.eu\/product\/karak-carcassonne-ramki-pod-kafle-map\/#primaryimage\",\"url\":\"https:\/\/printyourfun.eu\/wp-content\/uploads\/2024\/04\/ASC01776a-copy.jpg\",\"contentUrl\":\"https:\/\/printyourfun.eu\/wp-content\/uploads\/2024\/04\/ASC01776a-copy.jpg\",\"width\":2000,\"height\":2000},{\"@type\":\"BreadcrumbList\",\"@id\":\"https:\/\/printyourfun.eu\/product\/karak-carcassonne-ramki-pod-kafle-map\/#breadcrumb\",\"itemListElement\":[{\"@type\":\"ListItem\",\"position\":1,\"name\":\"Home\",\"item\":\"https:\/\/printyourfun.eu\/\"},{\"@type\":\"ListItem\",\"position\":2,\"name\":\"Sklep\",\"item\":\"https:\/\/printyourfun.eu\/sklep\/\"},{\"@type\":\"ListItem\",\"position\":3,\"name\":\"Karak, Carcassonne ramki pod kafle map\"}]},{\"@type\":\"WebSite\",\"@id\":\"https:\/\/printyourfun.eu\/#website\",\"url\":\"https:\/\/printyourfun.eu\/\",\"name\":\"PrintYourFun\",\"description\":\"Wydruki 3D\",\"potentialAction\":[{\"@type\":\"SearchAction\",\"target\":{\"@type\":\"EntryPoint\",\"urlTemplate\":\"https:\/\/printyourfun.eu\/?s={search_term_string}\"},\"query-input\":{\"@type\":\"PropertyValueSpecification\",\"valueRequired\":true,\"valueName\":\"search_term_string\"}}],\"inLanguage\":\"en-GB\"}]}<\/script>\n<!-- \/ Yoast SEO plugin. -->","yoast_head_json":{"title":"Karak, Carcassonne ramki pod kafle map - PrintYourFun","robots":{"index":"index","follow":"follow","max-snippet":"max-snippet:-1","max-image-preview":"max-image-preview:large","max-video-preview":"max-video-preview:-1"},"canonical":"https:\/\/printyourfun.eu\/en\/product\/karak-carcassonne-ramki-pod-kafle-map\/","og_locale":"en_GB","og_type":"article","og_title":"Karak, Carcassonne ramki pod kafle map - PrintYourFun","og_description":"Karak, Carcassonne ramki pod kafle map Utrzymaj porz\u0105dek na stole i ciesz si\u0119 idealnie u\u0142o\u017con\u0105 map\u0105 dzi\u0119ki praktycznym ramkom pod kafle do gier planszowych. \ud83d\udd39 Zestaw 12 ramek (uk\u0142ad 3&#215;3 kafle) w eleganckim czarnym kolorze pozwala utrzyma\u0107 p\u0142ytki mapy na swoim miejscu, zapobiegaj\u0105c ich przesuwaniu si\u0119 w trakcie gry.\ud83d\udd39 Ramki s\u0105 w pe\u0142ni kompatybilne z [...]","og_url":"https:\/\/printyourfun.eu\/en\/product\/karak-carcassonne-ramki-pod-kafle-map\/","og_site_name":"PrintYourFun","article_publisher":"https:\/\/www.facebook.com\/Printyourfun\/","article_modified_time":"2025-05-05T12:41:56+00:00","og_image":[{"width":2000,"height":2000,"url":"https:\/\/printyourfun.eu\/wp-content\/uploads\/2024\/04\/ASC01776a-copy.jpg","type":"image\/jpeg"}],"twitter_card":"summary_large_image","twitter_misc":{"Estimated reading time":"2 minutes"},"schema":{"@context":"https:\/\/schema.org","@graph":[{"@type":"WebPage","@id":"https:\/\/printyourfun.eu\/product\/karak-carcassonne-ramki-pod-kafle-map\/","url":"https:\/\/printyourfun.eu\/product\/karak-carcassonne-ramki-pod-kafle-map\/","name":"Karak, Carcassonne ramki pod kafle map - PrintYourFun","isPartOf":{"@id":"https:\/\/printyourfun.eu\/#website"},"primaryImageOfPage":{"@id":"https:\/\/printyourfun.eu\/product\/karak-carcassonne-ramki-pod-kafle-map\/#primaryimage"},"image":{"@id":"https:\/\/printyourfun.eu\/product\/karak-carcassonne-ramki-pod-kafle-map\/#primaryimage"},"thumbnailUrl":"https:\/\/printyourfun.eu\/wp-content\/uploads\/2024\/04\/ASC01776a-copy.jpg","datePublished":"2024-04-19T09:02:10+00:00","dateModified":"2025-05-05T12:41:56+00:00","breadcrumb":{"@id":"https:\/\/printyourfun.eu\/product\/karak-carcassonne-ramki-pod-kafle-map\/#breadcrumb"},"inLanguage":"en-GB","potentialAction":[{"@type":"ReadAction","target":["https:\/\/printyourfun.eu\/product\/karak-carcassonne-ramki-pod-kafle-map\/"]}]},{"@type":"ImageObject","inLanguage":"en-GB","@id":"https:\/\/printyourfun.eu\/product\/karak-carcassonne-ramki-pod-kafle-map\/#primaryimage","url":"https:\/\/printyourfun.eu\/wp-content\/uploads\/2024\/04\/ASC01776a-copy.jpg","contentUrl":"https:\/\/printyourfun.eu\/wp-content\/uploads\/2024\/04\/ASC01776a-copy.jpg","width":2000,"height":2000},{"@type":"BreadcrumbList","@id":"https:\/\/printyourfun.eu\/product\/karak-carcassonne-ramki-pod-kafle-map\/#breadcrumb","itemListElement":[{"@type":"ListItem","position":1,"name":"Home","item":"https:\/\/printyourfun.eu\/"},{"@type":"ListItem","position":2,"name":"Sklep","item":"https:\/\/printyourfun.eu\/sklep\/"},{"@type":"ListItem","position":3,"name":"Karak, Carcassonne ramki pod kafle map"}]},{"@type":"WebSite","@id":"https:\/\/printyourfun.eu\/#website","url":"https:\/\/printyourfun.eu\/","name":"PrintYourFun","description":"Wydruki 3D","potentialAction":[{"@type":"SearchAction","target":{"@type":"EntryPoint","urlTemplate":"https:\/\/printyourfun.eu\/?s={search_term_string}"},"query-input":{"@type":"PropertyValueSpecification","valueRequired":true,"valueName":"search_term_string"}}],"inLanguage":"en-GB"}]}},"_links":{"self":[{"href":"https:\/\/printyourfun.eu\/en\/wp-json\/wp\/v2\/product\/5645","targetHints":{"allow":["GET"]}}],"collection":[{"href":"https:\/\/printyourfun.eu\/en\/wp-json\/wp\/v2\/product"}],"about":[{"href":"https:\/\/printyourfun.eu\/en\/wp-json\/wp\/v2\/types\/product"}],"replies":[{"embeddable":true,"href":"https:\/\/printyourfun.eu\/en\/wp-json\/wp\/v2\/comments?post=5645"}],"wp:featuredmedia":[{"embeddable":true,"href":"https:\/\/printyourfun.eu\/en\/wp-json\/wp\/v2\/media\/5649"}],"wp:attachment":[{"href":"https:\/\/printyourfun.eu\/en\/wp-json\/wp\/v2\/media?parent=5645"}],"wp:term":[{"taxonomy":"product_brand","embeddable":true,"href":"https:\/\/printyourfun.eu\/en\/wp-json\/wp\/v2\/product_brand?post=5645"},{"taxonomy":"product_cat","embeddable":true,"href":"https:\/\/printyourfun.eu\/en\/wp-json\/wp\/v2\/product_cat?post=5645"},{"taxonomy":"product_tag","embeddable":true,"href":"https:\/\/printyourfun.eu\/en\/wp-json\/wp\/v2\/product_tag?post=5645"}],"curies":[{"name":"wp","href":"https:\/\/api.w.org\/{rel}","templated":true}]}}