{"id":5664,"date":"2024-04-19T11:26:35","date_gmt":"2024-04-19T09:26:35","guid":{"rendered":"https:\/\/printyourfun.eu\/?post_type=product&#038;p=5664"},"modified":"2025-05-05T14:41:23","modified_gmt":"2025-05-05T12:41:23","slug":"brzdek-katakumby-ramki-pod-kafle-map-pudelko","status":"publish","type":"product","link":"https:\/\/printyourfun.eu\/en\/product\/brzdek-katakumby-ramki-pod-kafle-map-pudelko\/","title":{"rendered":"Brzd\u0119k Katakumby Ramki pod kafle Map + pude\u0142ko"},"content":{"rendered":"<p style=\"text-align: left;\"><span style=\"color: #c66a26; font-size: 110%; border-left: 10px solid #c66a26; padding-left: 15px;\"><strong>Brzd\u0119k Katakumby Ramki pod kafle Map + pude\u0142ko<\/strong><\/span><\/p>\n<p class=\"\" data-start=\"126\" data-end=\"280\">Zadbaj o porz\u0105dek i wygod\u0119 podczas rozgrywki w <strong data-start=\"173\" data-end=\"194\">Brzd\u0119k! Katakumby<\/strong> dzi\u0119ki zestawowi ramek pod kafle map oraz eleganckiemu pude\u0142ku do ich przechowywania.<\/p>\n<p class=\"\" data-start=\"282\" data-end=\"817\">\ud83d\udd39 <strong data-start=\"285\" data-end=\"294\">Ramki<\/strong> utrzymuj\u0105 p\u0142ytki mapy na swoim miejscu, u\u0142atwiaj\u0105c uk\u0142adanie i stabilizacj\u0119 planszy podczas gry.<br data-start=\"391\" data-end=\"394\" \/>\ud83d\udd39 W zestawie znajduje si\u0119 <strong data-start=\"421\" data-end=\"446\">26 ramek pojedynczych<\/strong> oraz <strong data-start=\"452\" data-end=\"472\">1 ramka podw\u00f3jna<\/strong> na kafel startowy \u2013 wszystko, czego potrzebujesz do pe\u0142nej mapy.<br data-start=\"537\" data-end=\"540\" \/>\ud83d\udd39 <strong data-start=\"543\" data-end=\"554\">Pude\u0142ko<\/strong> wykonane z trwa\u0142ej p\u0142yty HDF, z ozdobnym nadrukiem na klapie. G\u0142owa smoka zosta\u0142a <strong data-start=\"637\" data-end=\"662\">dodatkowo lakierowana<\/strong>, by podkre\u015bli\u0107 detale i nada\u0107 ca\u0142o\u015bci wyj\u0105tkowego charakteru.<br data-start=\"724\" data-end=\"727\" \/>\ud83d\udd39 Pude\u0142ko przeznaczone jest do <strong data-start=\"759\" data-end=\"785\">samodzielnego z\u0142o\u017cenia<\/strong> \u2013 klej znajduje si\u0119 w zestawie.<\/p>\n<p class=\"\" data-start=\"819\" data-end=\"924\">Niech Twoja mapa zawsze wygl\u0105da schludnie i profesjonalnie \u2013 zar\u00f3wno podczas gry, jak i w przechowywaniu!<\/p>\n<p><img loading=\"lazy\" decoding=\"async\" class=\"aligncenter size-medium wp-image-5667\" src=\"https:\/\/printyourfun.eu\/wp-content\/uploads\/2024\/04\/DSC_9245-www-800x310.jpg\" alt=\"\" width=\"800\" height=\"310\" srcset=\"https:\/\/printyourfun.eu\/wp-content\/uploads\/2024\/04\/DSC_9245-www-800x310.jpg 800w, https:\/\/printyourfun.eu\/wp-content\/uploads\/2024\/04\/DSC_9245-www-1400x542.jpg 1400w, https:\/\/printyourfun.eu\/wp-content\/uploads\/2024\/04\/DSC_9245-www-768x297.jpg 768w, https:\/\/printyourfun.eu\/wp-content\/uploads\/2024\/04\/DSC_9245-www-1536x595.jpg 1536w, https:\/\/printyourfun.eu\/wp-content\/uploads\/2024\/04\/DSC_9245-www-2048x793.jpg 2048w, https:\/\/printyourfun.eu\/wp-content\/uploads\/2024\/04\/DSC_9245-www-18x7.jpg 18w, https:\/\/printyourfun.eu\/wp-content\/uploads\/2024\/04\/DSC_9245-www-600x232.jpg 600w\" sizes=\"auto, (max-width: 800px) 100vw, 800px\" \/><\/p>\n<p>&nbsp;<\/p>\n<p>Materia\u0142 :PLA,\u00a0 HDF<\/p>\n<p>PRODUKT NIE ZAWIERA GRY PLANSZOWEJ I JEJ ELEMENT\u00d3W.<\/p>\n<h6><\/h6>","protected":false},"excerpt":{"rendered":"<p>Brzd\u0119k Katakumby Ramki pod kafle Map + pude\u0142ko Zadbaj o porz\u0105dek i wygod\u0119 podczas rozgrywki w Brzd\u0119k! Katakumby dzi\u0119ki zestawowi ramek pod kafle map oraz eleganckiemu pude\u0142ku do ich przechowywania. \ud83d\udd39 Ramki utrzymuj\u0105 p\u0142ytki mapy na swoim miejscu, u\u0142atwiaj\u0105c uk\u0142adanie i stabilizacj\u0119 planszy podczas gry.\ud83d\udd39 W zestawie znajduje si\u0119 26 ramek pojedynczych oraz 1 ramka [&#8230;]","protected":false},"featured_media":5668,"comment_status":"open","ping_status":"closed","template":"","meta":{"_acf_changed":false},"product_brand":[],"product_cat":[70,163,81],"product_tag":[119,124,295,315,317,316,311],"class_list":{"0":"post-5664","1":"product","2":"type-product","3":"status-publish","4":"has-post-thumbnail","6":"product_cat-akcesoria-do-gier","7":"product_cat-organizery-plansz","8":"product_cat-pudelka-na-zetony","9":"product_tag-brzdek","10":"product_tag-clank","11":"product_tag-katakumby","12":"product_tag-mapy","13":"product_tag-podkladki","14":"product_tag-ramki","15":"product_tag-ramki-map","17":"first","18":"instock","19":"shipping-taxable","20":"purchasable","21":"product-type-variable"},"acf":[],"yoast_head":"<!-- This site is optimized with the Yoast SEO plugin v24.8.1 - https:\/\/yoast.com\/wordpress\/plugins\/seo\/ -->\n<title>Brzd\u0119k Katakumby Ramki pod kafle Map + pude\u0142ko - PrintYourFun<\/title>\n<meta name=\"robots\" content=\"index, follow, max-snippet:-1, max-image-preview:large, max-video-preview:-1\" \/>\n<link rel=\"canonical\" href=\"https:\/\/printyourfun.eu\/en\/product\/brzdek-katakumby-ramki-pod-kafle-map-pudelko\/\" \/>\n<meta property=\"og:locale\" content=\"en_GB\" \/>\n<meta property=\"og:type\" content=\"article\" \/>\n<meta property=\"og:title\" content=\"Brzd\u0119k Katakumby Ramki pod kafle Map + pude\u0142ko - PrintYourFun\" \/>\n<meta property=\"og:description\" content=\"Brzd\u0119k Katakumby Ramki pod kafle Map + pude\u0142ko Zadbaj o porz\u0105dek i wygod\u0119 podczas rozgrywki w Brzd\u0119k! Katakumby dzi\u0119ki zestawowi ramek pod kafle map oraz eleganckiemu pude\u0142ku do ich przechowywania. \ud83d\udd39 Ramki utrzymuj\u0105 p\u0142ytki mapy na swoim miejscu, u\u0142atwiaj\u0105c uk\u0142adanie i stabilizacj\u0119 planszy podczas gry.\ud83d\udd39 W zestawie znajduje si\u0119 26 ramek pojedynczych oraz 1 ramka [...]\" \/>\n<meta property=\"og:url\" content=\"https:\/\/printyourfun.eu\/en\/product\/brzdek-katakumby-ramki-pod-kafle-map-pudelko\/\" \/>\n<meta property=\"og:site_name\" content=\"PrintYourFun\" \/>\n<meta property=\"article:publisher\" content=\"https:\/\/www.facebook.com\/Printyourfun\/\" \/>\n<meta property=\"article:modified_time\" content=\"2025-05-05T12:41:23+00:00\" \/>\n<meta property=\"og:image\" content=\"https:\/\/printyourfun.eu\/wp-content\/uploads\/2024\/04\/DSC_9245-main-scaled.jpg\" \/>\n\t<meta property=\"og:image:width\" content=\"2556\" \/>\n\t<meta property=\"og:image:height\" content=\"2560\" \/>\n\t<meta property=\"og:image:type\" content=\"image\/jpeg\" \/>\n<meta name=\"twitter:card\" content=\"summary_large_image\" \/>\n<meta name=\"twitter:label1\" content=\"Estimated reading time\" \/>\n\t<meta name=\"twitter:data1\" content=\"2 minutes\" \/>\n<script type=\"application\/ld+json\" class=\"yoast-schema-graph\">{\"@context\":\"https:\/\/schema.org\",\"@graph\":[{\"@type\":\"WebPage\",\"@id\":\"https:\/\/printyourfun.eu\/product\/brzdek-katakumby-ramki-pod-kafle-map-pudelko\/\",\"url\":\"https:\/\/printyourfun.eu\/product\/brzdek-katakumby-ramki-pod-kafle-map-pudelko\/\",\"name\":\"Brzd\u0119k Katakumby Ramki pod kafle Map + pude\u0142ko - PrintYourFun\",\"isPartOf\":{\"@id\":\"https:\/\/printyourfun.eu\/#website\"},\"primaryImageOfPage\":{\"@id\":\"https:\/\/printyourfun.eu\/product\/brzdek-katakumby-ramki-pod-kafle-map-pudelko\/#primaryimage\"},\"image\":{\"@id\":\"https:\/\/printyourfun.eu\/product\/brzdek-katakumby-ramki-pod-kafle-map-pudelko\/#primaryimage\"},\"thumbnailUrl\":\"https:\/\/printyourfun.eu\/wp-content\/uploads\/2024\/04\/DSC_9245-main-scaled.jpg\",\"datePublished\":\"2024-04-19T09:26:35+00:00\",\"dateModified\":\"2025-05-05T12:41:23+00:00\",\"breadcrumb\":{\"@id\":\"https:\/\/printyourfun.eu\/product\/brzdek-katakumby-ramki-pod-kafle-map-pudelko\/#breadcrumb\"},\"inLanguage\":\"en-GB\",\"potentialAction\":[{\"@type\":\"ReadAction\",\"target\":[\"https:\/\/printyourfun.eu\/product\/brzdek-katakumby-ramki-pod-kafle-map-pudelko\/\"]}]},{\"@type\":\"ImageObject\",\"inLanguage\":\"en-GB\",\"@id\":\"https:\/\/printyourfun.eu\/product\/brzdek-katakumby-ramki-pod-kafle-map-pudelko\/#primaryimage\",\"url\":\"https:\/\/printyourfun.eu\/wp-content\/uploads\/2024\/04\/DSC_9245-main-scaled.jpg\",\"contentUrl\":\"https:\/\/printyourfun.eu\/wp-content\/uploads\/2024\/04\/DSC_9245-main-scaled.jpg\",\"width\":2556,\"height\":2560},{\"@type\":\"BreadcrumbList\",\"@id\":\"https:\/\/printyourfun.eu\/product\/brzdek-katakumby-ramki-pod-kafle-map-pudelko\/#breadcrumb\",\"itemListElement\":[{\"@type\":\"ListItem\",\"position\":1,\"name\":\"Home\",\"item\":\"https:\/\/printyourfun.eu\/\"},{\"@type\":\"ListItem\",\"position\":2,\"name\":\"Sklep\",\"item\":\"https:\/\/printyourfun.eu\/sklep\/\"},{\"@type\":\"ListItem\",\"position\":3,\"name\":\"Brzd\u0119k Katakumby Ramki pod kafle Map + pude\u0142ko\"}]},{\"@type\":\"WebSite\",\"@id\":\"https:\/\/printyourfun.eu\/#website\",\"url\":\"https:\/\/printyourfun.eu\/\",\"name\":\"PrintYourFun\",\"description\":\"Wydruki 3D\",\"potentialAction\":[{\"@type\":\"SearchAction\",\"target\":{\"@type\":\"EntryPoint\",\"urlTemplate\":\"https:\/\/printyourfun.eu\/?s={search_term_string}\"},\"query-input\":{\"@type\":\"PropertyValueSpecification\",\"valueRequired\":true,\"valueName\":\"search_term_string\"}}],\"inLanguage\":\"en-GB\"}]}<\/script>\n<!-- \/ Yoast SEO plugin. -->","yoast_head_json":{"title":"Brzd\u0119k Katakumby Ramki pod kafle Map + pude\u0142ko - PrintYourFun","robots":{"index":"index","follow":"follow","max-snippet":"max-snippet:-1","max-image-preview":"max-image-preview:large","max-video-preview":"max-video-preview:-1"},"canonical":"https:\/\/printyourfun.eu\/en\/product\/brzdek-katakumby-ramki-pod-kafle-map-pudelko\/","og_locale":"en_GB","og_type":"article","og_title":"Brzd\u0119k Katakumby Ramki pod kafle Map + pude\u0142ko - PrintYourFun","og_description":"Brzd\u0119k Katakumby Ramki pod kafle Map + pude\u0142ko Zadbaj o porz\u0105dek i wygod\u0119 podczas rozgrywki w Brzd\u0119k! Katakumby dzi\u0119ki zestawowi ramek pod kafle map oraz eleganckiemu pude\u0142ku do ich przechowywania. \ud83d\udd39 Ramki utrzymuj\u0105 p\u0142ytki mapy na swoim miejscu, u\u0142atwiaj\u0105c uk\u0142adanie i stabilizacj\u0119 planszy podczas gry.\ud83d\udd39 W zestawie znajduje si\u0119 26 ramek pojedynczych oraz 1 ramka [...]","og_url":"https:\/\/printyourfun.eu\/en\/product\/brzdek-katakumby-ramki-pod-kafle-map-pudelko\/","og_site_name":"PrintYourFun","article_publisher":"https:\/\/www.facebook.com\/Printyourfun\/","article_modified_time":"2025-05-05T12:41:23+00:00","og_image":[{"width":2556,"height":2560,"url":"https:\/\/printyourfun.eu\/wp-content\/uploads\/2024\/04\/DSC_9245-main-scaled.jpg","type":"image\/jpeg"}],"twitter_card":"summary_large_image","twitter_misc":{"Estimated reading time":"2 minutes"},"schema":{"@context":"https:\/\/schema.org","@graph":[{"@type":"WebPage","@id":"https:\/\/printyourfun.eu\/product\/brzdek-katakumby-ramki-pod-kafle-map-pudelko\/","url":"https:\/\/printyourfun.eu\/product\/brzdek-katakumby-ramki-pod-kafle-map-pudelko\/","name":"Brzd\u0119k Katakumby Ramki pod kafle Map + pude\u0142ko - PrintYourFun","isPartOf":{"@id":"https:\/\/printyourfun.eu\/#website"},"primaryImageOfPage":{"@id":"https:\/\/printyourfun.eu\/product\/brzdek-katakumby-ramki-pod-kafle-map-pudelko\/#primaryimage"},"image":{"@id":"https:\/\/printyourfun.eu\/product\/brzdek-katakumby-ramki-pod-kafle-map-pudelko\/#primaryimage"},"thumbnailUrl":"https:\/\/printyourfun.eu\/wp-content\/uploads\/2024\/04\/DSC_9245-main-scaled.jpg","datePublished":"2024-04-19T09:26:35+00:00","dateModified":"2025-05-05T12:41:23+00:00","breadcrumb":{"@id":"https:\/\/printyourfun.eu\/product\/brzdek-katakumby-ramki-pod-kafle-map-pudelko\/#breadcrumb"},"inLanguage":"en-GB","potentialAction":[{"@type":"ReadAction","target":["https:\/\/printyourfun.eu\/product\/brzdek-katakumby-ramki-pod-kafle-map-pudelko\/"]}]},{"@type":"ImageObject","inLanguage":"en-GB","@id":"https:\/\/printyourfun.eu\/product\/brzdek-katakumby-ramki-pod-kafle-map-pudelko\/#primaryimage","url":"https:\/\/printyourfun.eu\/wp-content\/uploads\/2024\/04\/DSC_9245-main-scaled.jpg","contentUrl":"https:\/\/printyourfun.eu\/wp-content\/uploads\/2024\/04\/DSC_9245-main-scaled.jpg","width":2556,"height":2560},{"@type":"BreadcrumbList","@id":"https:\/\/printyourfun.eu\/product\/brzdek-katakumby-ramki-pod-kafle-map-pudelko\/#breadcrumb","itemListElement":[{"@type":"ListItem","position":1,"name":"Home","item":"https:\/\/printyourfun.eu\/"},{"@type":"ListItem","position":2,"name":"Sklep","item":"https:\/\/printyourfun.eu\/sklep\/"},{"@type":"ListItem","position":3,"name":"Brzd\u0119k Katakumby Ramki pod kafle Map + pude\u0142ko"}]},{"@type":"WebSite","@id":"https:\/\/printyourfun.eu\/#website","url":"https:\/\/printyourfun.eu\/","name":"PrintYourFun","description":"Wydruki 3D","potentialAction":[{"@type":"SearchAction","target":{"@type":"EntryPoint","urlTemplate":"https:\/\/printyourfun.eu\/?s={search_term_string}"},"query-input":{"@type":"PropertyValueSpecification","valueRequired":true,"valueName":"search_term_string"}}],"inLanguage":"en-GB"}]}},"_links":{"self":[{"href":"https:\/\/printyourfun.eu\/en\/wp-json\/wp\/v2\/product\/5664","targetHints":{"allow":["GET"]}}],"collection":[{"href":"https:\/\/printyourfun.eu\/en\/wp-json\/wp\/v2\/product"}],"about":[{"href":"https:\/\/printyourfun.eu\/en\/wp-json\/wp\/v2\/types\/product"}],"replies":[{"embeddable":true,"href":"https:\/\/printyourfun.eu\/en\/wp-json\/wp\/v2\/comments?post=5664"}],"wp:featuredmedia":[{"embeddable":true,"href":"https:\/\/printyourfun.eu\/en\/wp-json\/wp\/v2\/media\/5668"}],"wp:attachment":[{"href":"https:\/\/printyourfun.eu\/en\/wp-json\/wp\/v2\/media?parent=5664"}],"wp:term":[{"taxonomy":"product_brand","embeddable":true,"href":"https:\/\/printyourfun.eu\/en\/wp-json\/wp\/v2\/product_brand?post=5664"},{"taxonomy":"product_cat","embeddable":true,"href":"https:\/\/printyourfun.eu\/en\/wp-json\/wp\/v2\/product_cat?post=5664"},{"taxonomy":"product_tag","embeddable":true,"href":"https:\/\/printyourfun.eu\/en\/wp-json\/wp\/v2\/product_tag?post=5664"}],"curies":[{"name":"wp","href":"https:\/\/api.w.org\/{rel}","templated":true}]}}