{"id":5724,"date":"2024-08-28T15:33:36","date_gmt":"2024-08-28T13:33:36","guid":{"rendered":"https:\/\/printyourfun.eu\/?post_type=product&#038;p=5724"},"modified":"2025-08-18T23:21:28","modified_gmt":"2025-08-18T21:21:28","slug":"wojna-w-krainie-czarow-organizer-planszy-postaci","status":"publish","type":"product","link":"https:\/\/printyourfun.eu\/en\/product\/wojna-w-krainie-czarow-organizer-planszy-postaci\/","title":{"rendered":"Wojna w Krainie Czar\u00f3w organizer planszy postaci"},"content":{"rendered":"<p style=\"text-align: left;\"><span style=\"color: #c66a26; font-size: 110%; border-left: 10px solid #c66a26; padding-left: 15px;\"><strong>Wojna w Krainie Czar\u00f3w, organizer planszy postaci.<\/strong><\/span><\/p>\n<p>Nadaj swojej grze niesamowity wygl\u0105d i kontroluj \u017cetony na tej wyj\u0105tkowej planszy gracza. Dzi\u0119ki niej wszystko b\u0119dzie na swoim miejscu.<\/p>\n<p>Dost\u0119pne w trzech wersjach:<br \/>\n&#8211; Kartonowe \u017cetony<\/p>\n<p>&#8211; Kartonowe \u017cetony w os\u0142onach (\u015brednica 29 mm) s\u0105 dostosowane do dost\u0119pnych u nas os\u0142on .<\/p>\n<p>&#8211; Premium \u017cetony<\/p>\n<p>Dodatkowo opcja organizator\u00f3w jednostek , zamk\u00f3w oraz wyczerpanych \u017ceton\u00f3w, widocznych na zdj\u0119ciach<br \/>\nOrganizatory jednostek nie s\u0105 przymocowane do g\u0142\u00f3wnej planszy i pozwalaj\u0105 na ich swobodne rozmieszczenie na stole.<\/p>\n<p>Nak\u0142adka pleksi jest \u0142atwo wyjmowana co umo\u017cliwia zamian\u0119 na stron\u0119 dla 2 graczy.<\/p>\n<p>Strona dla 2 graczy ma lekko przesuni\u0119te miejsce na tor si\u0142y ze wzgl\u0119du na inne rozmieszczenie na karcie postaci. Przesuni\u0119cie jest niewielkie i nie wp\u0142ywa na gr\u0119.<\/p>\n<p>&nbsp;<\/p>\n<p><img loading=\"lazy\" decoding=\"async\" class=\"aligncenter size-medium wp-image-5725\" src=\"https:\/\/printyourfun.eu\/wp-content\/uploads\/2024\/08\/ASC01873-kopia-www-800x206.jpg\" alt=\"\" width=\"800\" height=\"206\" srcset=\"https:\/\/printyourfun.eu\/wp-content\/uploads\/2024\/08\/ASC01873-kopia-www-800x206.jpg 800w, https:\/\/printyourfun.eu\/wp-content\/uploads\/2024\/08\/ASC01873-kopia-www-1400x361.jpg 1400w, https:\/\/printyourfun.eu\/wp-content\/uploads\/2024\/08\/ASC01873-kopia-www-768x198.jpg 768w, https:\/\/printyourfun.eu\/wp-content\/uploads\/2024\/08\/ASC01873-kopia-www-1536x396.jpg 1536w, https:\/\/printyourfun.eu\/wp-content\/uploads\/2024\/08\/ASC01873-kopia-www-2048x528.jpg 2048w, https:\/\/printyourfun.eu\/wp-content\/uploads\/2024\/08\/ASC01873-kopia-www-18x5.jpg 18w, https:\/\/printyourfun.eu\/wp-content\/uploads\/2024\/08\/ASC01873-kopia-www-600x155.jpg 600w\" sizes=\"auto, (max-width: 800px) 100vw, 800px\" \/><\/p>\n<p>&nbsp;<\/p>\n<p>Materia\u0142 : HDF, pleksi<\/p>\n<p>PRODUKT NIE ZAWIERA GRY PLANSZOWEJ I JEJ ELEMENT\u00d3W.<\/p>\n<h6><\/h6>","protected":false},"excerpt":{"rendered":"<p>Wojna w Krainie Czar\u00f3w, organizer planszy postaci. Nadaj swojej grze niesamowity wygl\u0105d i kontroluj \u017cetony na tej wyj\u0105tkowej planszy gracza. Dzi\u0119ki niej wszystko b\u0119dzie na swoim miejscu. Dost\u0119pne w trzech wersjach: &#8211; Kartonowe \u017cetony &#8211; Kartonowe \u017cetony w os\u0142onach (\u015brednica 29 mm) s\u0105 dostosowane do dost\u0119pnych u nas os\u0142on . &#8211; Premium \u017cetony Dodatkowo opcja [&#8230;]","protected":false},"featured_media":5742,"comment_status":"open","ping_status":"closed","template":"","meta":{"_acf_changed":false},"product_brand":[],"product_cat":[70,163,81],"product_tag":[320,322,323,319,321,318],"class_list":{"0":"post-5724","1":"product","2":"type-product","3":"status-publish","4":"has-post-thumbnail","6":"product_cat-akcesoria-do-gier","7":"product_cat-organizery-plansz","8":"product_cat-pudelka-na-zetony","9":"product_tag-kraina-czarow","10":"product_tag-organizer-postaci","11":"product_tag-planszetka","12":"product_tag-wojna","13":"product_tag-wojna-organizer","14":"product_tag-wojna-w-krainie-czarow","16":"first","17":"instock","18":"shipping-taxable","19":"purchasable","20":"product-type-variable"},"acf":[],"yoast_head":"<!-- This site is optimized with the Yoast SEO plugin v24.8.1 - https:\/\/yoast.com\/wordpress\/plugins\/seo\/ -->\n<title>Wojna w Krainie Czar\u00f3w organizer planszy postaci - PrintYourFun<\/title>\n<meta name=\"description\" content=\"Nak\u0142adWojna w Krainie Czar\u00f3w, organizer planszy postaci. Dzi\u0119ki niej wszystko b\u0119dzie na swoim miejscu.\" \/>\n<meta name=\"robots\" content=\"index, follow, max-snippet:-1, max-image-preview:large, max-video-preview:-1\" \/>\n<link rel=\"canonical\" href=\"https:\/\/printyourfun.eu\/en\/product\/wojna-w-krainie-czarow-organizer-planszy-postaci\/\" \/>\n<meta property=\"og:locale\" content=\"en_GB\" \/>\n<meta property=\"og:type\" content=\"article\" \/>\n<meta property=\"og:title\" content=\"Wojna w Krainie Czar\u00f3w organizer planszy postaci - PrintYourFun\" \/>\n<meta property=\"og:description\" content=\"Nak\u0142adWojna w Krainie Czar\u00f3w, organizer planszy postaci. Dzi\u0119ki niej wszystko b\u0119dzie na swoim miejscu.\" \/>\n<meta property=\"og:url\" content=\"https:\/\/printyourfun.eu\/en\/product\/wojna-w-krainie-czarow-organizer-planszy-postaci\/\" \/>\n<meta property=\"og:site_name\" content=\"PrintYourFun\" \/>\n<meta property=\"article:publisher\" content=\"https:\/\/www.facebook.com\/Printyourfun\/\" \/>\n<meta property=\"article:modified_time\" content=\"2025-08-18T21:21:28+00:00\" \/>\n<meta property=\"og:image\" content=\"https:\/\/printyourfun.eu\/wp-content\/uploads\/2024\/08\/ASC01893-kopia-MM.jpg\" \/>\n\t<meta property=\"og:image:width\" content=\"2000\" \/>\n\t<meta property=\"og:image:height\" content=\"2000\" \/>\n\t<meta property=\"og:image:type\" content=\"image\/jpeg\" \/>\n<meta name=\"twitter:card\" content=\"summary_large_image\" \/>\n<meta name=\"twitter:label1\" content=\"Estimated reading time\" \/>\n\t<meta name=\"twitter:data1\" content=\"2 minutes\" \/>\n<script type=\"application\/ld+json\" class=\"yoast-schema-graph\">{\"@context\":\"https:\/\/schema.org\",\"@graph\":[{\"@type\":\"WebPage\",\"@id\":\"https:\/\/printyourfun.eu\/product\/wojna-w-krainie-czarow-organizer-planszy-postaci\/\",\"url\":\"https:\/\/printyourfun.eu\/product\/wojna-w-krainie-czarow-organizer-planszy-postaci\/\",\"name\":\"Wojna w Krainie Czar\u00f3w organizer planszy postaci - PrintYourFun\",\"isPartOf\":{\"@id\":\"https:\/\/printyourfun.eu\/#website\"},\"primaryImageOfPage\":{\"@id\":\"https:\/\/printyourfun.eu\/product\/wojna-w-krainie-czarow-organizer-planszy-postaci\/#primaryimage\"},\"image\":{\"@id\":\"https:\/\/printyourfun.eu\/product\/wojna-w-krainie-czarow-organizer-planszy-postaci\/#primaryimage\"},\"thumbnailUrl\":\"https:\/\/printyourfun.eu\/wp-content\/uploads\/2024\/08\/ASC01893-kopia-MM.jpg\",\"datePublished\":\"2024-08-28T13:33:36+00:00\",\"dateModified\":\"2025-08-18T21:21:28+00:00\",\"description\":\"Nak\u0142adWojna w Krainie Czar\u00f3w, organizer planszy postaci. Dzi\u0119ki niej wszystko b\u0119dzie na swoim miejscu.\",\"breadcrumb\":{\"@id\":\"https:\/\/printyourfun.eu\/product\/wojna-w-krainie-czarow-organizer-planszy-postaci\/#breadcrumb\"},\"inLanguage\":\"en-GB\",\"potentialAction\":[{\"@type\":\"ReadAction\",\"target\":[\"https:\/\/printyourfun.eu\/product\/wojna-w-krainie-czarow-organizer-planszy-postaci\/\"]}]},{\"@type\":\"ImageObject\",\"inLanguage\":\"en-GB\",\"@id\":\"https:\/\/printyourfun.eu\/product\/wojna-w-krainie-czarow-organizer-planszy-postaci\/#primaryimage\",\"url\":\"https:\/\/printyourfun.eu\/wp-content\/uploads\/2024\/08\/ASC01893-kopia-MM.jpg\",\"contentUrl\":\"https:\/\/printyourfun.eu\/wp-content\/uploads\/2024\/08\/ASC01893-kopia-MM.jpg\",\"width\":2000,\"height\":2000},{\"@type\":\"BreadcrumbList\",\"@id\":\"https:\/\/printyourfun.eu\/product\/wojna-w-krainie-czarow-organizer-planszy-postaci\/#breadcrumb\",\"itemListElement\":[{\"@type\":\"ListItem\",\"position\":1,\"name\":\"Home\",\"item\":\"https:\/\/printyourfun.eu\/\"},{\"@type\":\"ListItem\",\"position\":2,\"name\":\"Sklep\",\"item\":\"https:\/\/printyourfun.eu\/sklep\/\"},{\"@type\":\"ListItem\",\"position\":3,\"name\":\"Wojna w Krainie Czar\u00f3w organizer planszy postaci\"}]},{\"@type\":\"WebSite\",\"@id\":\"https:\/\/printyourfun.eu\/#website\",\"url\":\"https:\/\/printyourfun.eu\/\",\"name\":\"PrintYourFun\",\"description\":\"Wydruki 3D\",\"potentialAction\":[{\"@type\":\"SearchAction\",\"target\":{\"@type\":\"EntryPoint\",\"urlTemplate\":\"https:\/\/printyourfun.eu\/?s={search_term_string}\"},\"query-input\":{\"@type\":\"PropertyValueSpecification\",\"valueRequired\":true,\"valueName\":\"search_term_string\"}}],\"inLanguage\":\"en-GB\"}]}<\/script>\n<!-- \/ Yoast SEO plugin. -->","yoast_head_json":{"title":"Wojna w Krainie Czar\u00f3w organizer planszy postaci - PrintYourFun","description":"Nak\u0142adWojna w Krainie Czar\u00f3w, organizer planszy postaci. Dzi\u0119ki niej wszystko b\u0119dzie na swoim miejscu.","robots":{"index":"index","follow":"follow","max-snippet":"max-snippet:-1","max-image-preview":"max-image-preview:large","max-video-preview":"max-video-preview:-1"},"canonical":"https:\/\/printyourfun.eu\/en\/product\/wojna-w-krainie-czarow-organizer-planszy-postaci\/","og_locale":"en_GB","og_type":"article","og_title":"Wojna w Krainie Czar\u00f3w organizer planszy postaci - PrintYourFun","og_description":"Nak\u0142adWojna w Krainie Czar\u00f3w, organizer planszy postaci. Dzi\u0119ki niej wszystko b\u0119dzie na swoim miejscu.","og_url":"https:\/\/printyourfun.eu\/en\/product\/wojna-w-krainie-czarow-organizer-planszy-postaci\/","og_site_name":"PrintYourFun","article_publisher":"https:\/\/www.facebook.com\/Printyourfun\/","article_modified_time":"2025-08-18T21:21:28+00:00","og_image":[{"width":2000,"height":2000,"url":"https:\/\/printyourfun.eu\/wp-content\/uploads\/2024\/08\/ASC01893-kopia-MM.jpg","type":"image\/jpeg"}],"twitter_card":"summary_large_image","twitter_misc":{"Estimated reading time":"2 minutes"},"schema":{"@context":"https:\/\/schema.org","@graph":[{"@type":"WebPage","@id":"https:\/\/printyourfun.eu\/product\/wojna-w-krainie-czarow-organizer-planszy-postaci\/","url":"https:\/\/printyourfun.eu\/product\/wojna-w-krainie-czarow-organizer-planszy-postaci\/","name":"Wojna w Krainie Czar\u00f3w organizer planszy postaci - PrintYourFun","isPartOf":{"@id":"https:\/\/printyourfun.eu\/#website"},"primaryImageOfPage":{"@id":"https:\/\/printyourfun.eu\/product\/wojna-w-krainie-czarow-organizer-planszy-postaci\/#primaryimage"},"image":{"@id":"https:\/\/printyourfun.eu\/product\/wojna-w-krainie-czarow-organizer-planszy-postaci\/#primaryimage"},"thumbnailUrl":"https:\/\/printyourfun.eu\/wp-content\/uploads\/2024\/08\/ASC01893-kopia-MM.jpg","datePublished":"2024-08-28T13:33:36+00:00","dateModified":"2025-08-18T21:21:28+00:00","description":"Nak\u0142adWojna w Krainie Czar\u00f3w, organizer planszy postaci. Dzi\u0119ki niej wszystko b\u0119dzie na swoim miejscu.","breadcrumb":{"@id":"https:\/\/printyourfun.eu\/product\/wojna-w-krainie-czarow-organizer-planszy-postaci\/#breadcrumb"},"inLanguage":"en-GB","potentialAction":[{"@type":"ReadAction","target":["https:\/\/printyourfun.eu\/product\/wojna-w-krainie-czarow-organizer-planszy-postaci\/"]}]},{"@type":"ImageObject","inLanguage":"en-GB","@id":"https:\/\/printyourfun.eu\/product\/wojna-w-krainie-czarow-organizer-planszy-postaci\/#primaryimage","url":"https:\/\/printyourfun.eu\/wp-content\/uploads\/2024\/08\/ASC01893-kopia-MM.jpg","contentUrl":"https:\/\/printyourfun.eu\/wp-content\/uploads\/2024\/08\/ASC01893-kopia-MM.jpg","width":2000,"height":2000},{"@type":"BreadcrumbList","@id":"https:\/\/printyourfun.eu\/product\/wojna-w-krainie-czarow-organizer-planszy-postaci\/#breadcrumb","itemListElement":[{"@type":"ListItem","position":1,"name":"Home","item":"https:\/\/printyourfun.eu\/"},{"@type":"ListItem","position":2,"name":"Sklep","item":"https:\/\/printyourfun.eu\/sklep\/"},{"@type":"ListItem","position":3,"name":"Wojna w Krainie Czar\u00f3w organizer planszy postaci"}]},{"@type":"WebSite","@id":"https:\/\/printyourfun.eu\/#website","url":"https:\/\/printyourfun.eu\/","name":"PrintYourFun","description":"Wydruki 3D","potentialAction":[{"@type":"SearchAction","target":{"@type":"EntryPoint","urlTemplate":"https:\/\/printyourfun.eu\/?s={search_term_string}"},"query-input":{"@type":"PropertyValueSpecification","valueRequired":true,"valueName":"search_term_string"}}],"inLanguage":"en-GB"}]}},"_links":{"self":[{"href":"https:\/\/printyourfun.eu\/en\/wp-json\/wp\/v2\/product\/5724","targetHints":{"allow":["GET"]}}],"collection":[{"href":"https:\/\/printyourfun.eu\/en\/wp-json\/wp\/v2\/product"}],"about":[{"href":"https:\/\/printyourfun.eu\/en\/wp-json\/wp\/v2\/types\/product"}],"replies":[{"embeddable":true,"href":"https:\/\/printyourfun.eu\/en\/wp-json\/wp\/v2\/comments?post=5724"}],"wp:featuredmedia":[{"embeddable":true,"href":"https:\/\/printyourfun.eu\/en\/wp-json\/wp\/v2\/media\/5742"}],"wp:attachment":[{"href":"https:\/\/printyourfun.eu\/en\/wp-json\/wp\/v2\/media?parent=5724"}],"wp:term":[{"taxonomy":"product_brand","embeddable":true,"href":"https:\/\/printyourfun.eu\/en\/wp-json\/wp\/v2\/product_brand?post=5724"},{"taxonomy":"product_cat","embeddable":true,"href":"https:\/\/printyourfun.eu\/en\/wp-json\/wp\/v2\/product_cat?post=5724"},{"taxonomy":"product_tag","embeddable":true,"href":"https:\/\/printyourfun.eu\/en\/wp-json\/wp\/v2\/product_tag?post=5724"}],"curies":[{"name":"wp","href":"https:\/\/api.w.org\/{rel}","templated":true}]}}