{"id":5761,"date":"2024-09-04T14:32:51","date_gmt":"2024-09-04T12:32:51","guid":{"rendered":"https:\/\/printyourfun.eu\/?post_type=product&#038;p=5761"},"modified":"2025-02-27T12:01:06","modified_gmt":"2025-02-27T11:01:06","slug":"wojna-w-krainie-czarow-podajnik-kart-mieszkancow","status":"publish","type":"product","link":"https:\/\/printyourfun.eu\/en\/product\/wojna-w-krainie-czarow-podajnik-kart-mieszkancow\/","title":{"rendered":"Wojna w Krainie Czar\u00f3w podajnik kart mieszka\u0144c\u00f3w"},"content":{"rendered":"<p style=\"text-align: left;\"><span style=\"color: #c66a26; font-size: 110%; border-left: 10px solid #c66a26; padding-left: 15px;\"><strong>Wojna w Krainie Czar\u00f3w, podajnik kart mieszka\u0144c\u00f3w.<\/strong><\/span><\/p>\n<p>Wojna w Krainie Czar\u00f3w, elegancki organizer, podajnik kart mieszka\u0144c\u00f3w oraz organizer talii.<\/p>\n<p>Nadaj swojej grze niesamowity wygl\u0105d i wygod\u0119.<\/p>\n<p>Podajnik:\u00a0 Pionowa ( pod k\u0105tem) pozycja kart pozwala w \u0142atwy spos\u00f3b dojrze\u0107 jej opis kart nawet z dalszych miejsc przy stole.<\/p>\n<p>Oragnizer talli z kolorowym nadrukiem idealnie pasuje do szaty graficznej gry.<\/p>\n<p>Dzi\u0119ki nim wszystko b\u0119dzie na swoim miejscu.<\/p>\n<p>Konstrukcja podajnika pozwala przechowywa\u0107 j\u0105 na p\u0142asko oszcz\u0119dzaj\u0105c miejsce.<\/p>\n<p>&nbsp;<\/p>\n<p><img loading=\"lazy\" decoding=\"async\" class=\"aligncenter size-medium wp-image-5854\" src=\"https:\/\/printyourfun.eu\/wp-content\/uploads\/2024\/09\/www-maly-800x308.jpg\" alt=\"\" width=\"800\" height=\"308\" srcset=\"https:\/\/printyourfun.eu\/wp-content\/uploads\/2024\/09\/www-maly-800x308.jpg 800w, https:\/\/printyourfun.eu\/wp-content\/uploads\/2024\/09\/www-maly-1400x539.jpg 1400w, https:\/\/printyourfun.eu\/wp-content\/uploads\/2024\/09\/www-maly-768x296.jpg 768w, https:\/\/printyourfun.eu\/wp-content\/uploads\/2024\/09\/www-maly-1536x592.jpg 1536w, https:\/\/printyourfun.eu\/wp-content\/uploads\/2024\/09\/www-maly-2048x789.jpg 2048w, https:\/\/printyourfun.eu\/wp-content\/uploads\/2024\/09\/www-maly-18x7.jpg 18w, https:\/\/printyourfun.eu\/wp-content\/uploads\/2024\/09\/www-maly-600x231.jpg 600w\" sizes=\"auto, (max-width: 800px) 100vw, 800px\" \/><\/p>\n<p>&nbsp;<\/p>\n<p>Materia\u0142 : HDF, pleksi<\/p>\n<p>PRODUKT NIE ZAWIERA GRY PLANSZOWEJ I JEJ ELEMENT\u00d3W.<\/p>\n<h6><\/h6>","protected":false},"excerpt":{"rendered":"<p>Wojna w Krainie Czar\u00f3w, podajnik kart mieszka\u0144c\u00f3w. Wojna w Krainie Czar\u00f3w, elegancki organizer, podajnik kart mieszka\u0144c\u00f3w oraz organizer talii. Nadaj swojej grze niesamowity wygl\u0105d i wygod\u0119. Podajnik:\u00a0 Pionowa ( pod k\u0105tem) pozycja kart pozwala w \u0142atwy spos\u00f3b dojrze\u0107 jej opis kart nawet z dalszych miejsc przy stole. Oragnizer talli z kolorowym nadrukiem idealnie pasuje do [&#8230;]","protected":false},"featured_media":5856,"comment_status":"open","ping_status":"closed","template":"","meta":{"_acf_changed":false},"product_brand":[],"product_cat":[70,78],"product_tag":[120,320,328,323,327,319,321,318],"class_list":{"0":"post-5761","1":"product","2":"type-product","3":"status-publish","4":"has-post-thumbnail","6":"product_cat-akcesoria-do-gier","7":"product_cat-organizery-na-karty","8":"product_tag-karty","9":"product_tag-kraina-czarow","10":"product_tag-organizer-kart","11":"product_tag-planszetka","12":"product_tag-podajnik-kart","13":"product_tag-wojna","14":"product_tag-wojna-organizer","15":"product_tag-wojna-w-krainie-czarow","17":"first","18":"instock","19":"shipping-taxable","20":"purchasable","21":"product-type-variable"},"acf":[],"yoast_head":"<!-- This site is optimized with the Yoast SEO plugin v24.8.1 - https:\/\/yoast.com\/wordpress\/plugins\/seo\/ -->\n<title>Wojna w Krainie Czar\u00f3w podajnik kart mieszka\u0144c\u00f3w - PrintYourFun<\/title>\n<meta name=\"robots\" content=\"index, follow, max-snippet:-1, max-image-preview:large, max-video-preview:-1\" \/>\n<link rel=\"canonical\" href=\"https:\/\/printyourfun.eu\/en\/product\/wojna-w-krainie-czarow-podajnik-kart-mieszkancow\/\" \/>\n<meta property=\"og:locale\" content=\"en_GB\" \/>\n<meta property=\"og:type\" content=\"article\" \/>\n<meta property=\"og:title\" content=\"Wojna w Krainie Czar\u00f3w podajnik kart mieszka\u0144c\u00f3w - PrintYourFun\" \/>\n<meta property=\"og:description\" content=\"Wojna w Krainie Czar\u00f3w, podajnik kart mieszka\u0144c\u00f3w. Wojna w Krainie Czar\u00f3w, elegancki organizer, podajnik kart mieszka\u0144c\u00f3w oraz organizer talii. Nadaj swojej grze niesamowity wygl\u0105d i wygod\u0119. Podajnik:\u00a0 Pionowa ( pod k\u0105tem) pozycja kart pozwala w \u0142atwy spos\u00f3b dojrze\u0107 jej opis kart nawet z dalszych miejsc przy stole. Oragnizer talli z kolorowym nadrukiem idealnie pasuje do [...]\" \/>\n<meta property=\"og:url\" content=\"https:\/\/printyourfun.eu\/en\/product\/wojna-w-krainie-czarow-podajnik-kart-mieszkancow\/\" \/>\n<meta property=\"og:site_name\" content=\"PrintYourFun\" \/>\n<meta property=\"article:publisher\" content=\"https:\/\/www.facebook.com\/Printyourfun\/\" \/>\n<meta property=\"article:modified_time\" content=\"2025-02-27T11:01:06+00:00\" \/>\n<meta property=\"og:image\" content=\"https:\/\/printyourfun.eu\/wp-content\/uploads\/2024\/09\/Main-maly.jpg\" \/>\n\t<meta property=\"og:image:width\" content=\"2000\" \/>\n\t<meta property=\"og:image:height\" content=\"2000\" \/>\n\t<meta property=\"og:image:type\" content=\"image\/jpeg\" \/>\n<meta name=\"twitter:card\" content=\"summary_large_image\" \/>\n<meta name=\"twitter:label1\" content=\"Estimated reading time\" \/>\n\t<meta name=\"twitter:data1\" content=\"1 minute\" \/>\n<script type=\"application\/ld+json\" class=\"yoast-schema-graph\">{\"@context\":\"https:\/\/schema.org\",\"@graph\":[{\"@type\":\"WebPage\",\"@id\":\"https:\/\/printyourfun.eu\/product\/wojna-w-krainie-czarow-podajnik-kart-mieszkancow\/\",\"url\":\"https:\/\/printyourfun.eu\/product\/wojna-w-krainie-czarow-podajnik-kart-mieszkancow\/\",\"name\":\"Wojna w Krainie Czar\u00f3w podajnik kart mieszka\u0144c\u00f3w - PrintYourFun\",\"isPartOf\":{\"@id\":\"https:\/\/printyourfun.eu\/#website\"},\"primaryImageOfPage\":{\"@id\":\"https:\/\/printyourfun.eu\/product\/wojna-w-krainie-czarow-podajnik-kart-mieszkancow\/#primaryimage\"},\"image\":{\"@id\":\"https:\/\/printyourfun.eu\/product\/wojna-w-krainie-czarow-podajnik-kart-mieszkancow\/#primaryimage\"},\"thumbnailUrl\":\"https:\/\/printyourfun.eu\/wp-content\/uploads\/2024\/09\/Main-maly.jpg\",\"datePublished\":\"2024-09-04T12:32:51+00:00\",\"dateModified\":\"2025-02-27T11:01:06+00:00\",\"breadcrumb\":{\"@id\":\"https:\/\/printyourfun.eu\/product\/wojna-w-krainie-czarow-podajnik-kart-mieszkancow\/#breadcrumb\"},\"inLanguage\":\"en-GB\",\"potentialAction\":[{\"@type\":\"ReadAction\",\"target\":[\"https:\/\/printyourfun.eu\/product\/wojna-w-krainie-czarow-podajnik-kart-mieszkancow\/\"]}]},{\"@type\":\"ImageObject\",\"inLanguage\":\"en-GB\",\"@id\":\"https:\/\/printyourfun.eu\/product\/wojna-w-krainie-czarow-podajnik-kart-mieszkancow\/#primaryimage\",\"url\":\"https:\/\/printyourfun.eu\/wp-content\/uploads\/2024\/09\/Main-maly.jpg\",\"contentUrl\":\"https:\/\/printyourfun.eu\/wp-content\/uploads\/2024\/09\/Main-maly.jpg\",\"width\":2000,\"height\":2000},{\"@type\":\"BreadcrumbList\",\"@id\":\"https:\/\/printyourfun.eu\/product\/wojna-w-krainie-czarow-podajnik-kart-mieszkancow\/#breadcrumb\",\"itemListElement\":[{\"@type\":\"ListItem\",\"position\":1,\"name\":\"Home\",\"item\":\"https:\/\/printyourfun.eu\/\"},{\"@type\":\"ListItem\",\"position\":2,\"name\":\"Sklep\",\"item\":\"https:\/\/printyourfun.eu\/sklep\/\"},{\"@type\":\"ListItem\",\"position\":3,\"name\":\"Wojna w Krainie Czar\u00f3w podajnik kart mieszka\u0144c\u00f3w\"}]},{\"@type\":\"WebSite\",\"@id\":\"https:\/\/printyourfun.eu\/#website\",\"url\":\"https:\/\/printyourfun.eu\/\",\"name\":\"PrintYourFun\",\"description\":\"Wydruki 3D\",\"potentialAction\":[{\"@type\":\"SearchAction\",\"target\":{\"@type\":\"EntryPoint\",\"urlTemplate\":\"https:\/\/printyourfun.eu\/?s={search_term_string}\"},\"query-input\":{\"@type\":\"PropertyValueSpecification\",\"valueRequired\":true,\"valueName\":\"search_term_string\"}}],\"inLanguage\":\"en-GB\"}]}<\/script>\n<!-- \/ Yoast SEO plugin. -->","yoast_head_json":{"title":"Wojna w Krainie Czar\u00f3w podajnik kart mieszka\u0144c\u00f3w - PrintYourFun","robots":{"index":"index","follow":"follow","max-snippet":"max-snippet:-1","max-image-preview":"max-image-preview:large","max-video-preview":"max-video-preview:-1"},"canonical":"https:\/\/printyourfun.eu\/en\/product\/wojna-w-krainie-czarow-podajnik-kart-mieszkancow\/","og_locale":"en_GB","og_type":"article","og_title":"Wojna w Krainie Czar\u00f3w podajnik kart mieszka\u0144c\u00f3w - PrintYourFun","og_description":"Wojna w Krainie Czar\u00f3w, podajnik kart mieszka\u0144c\u00f3w. Wojna w Krainie Czar\u00f3w, elegancki organizer, podajnik kart mieszka\u0144c\u00f3w oraz organizer talii. Nadaj swojej grze niesamowity wygl\u0105d i wygod\u0119. Podajnik:\u00a0 Pionowa ( pod k\u0105tem) pozycja kart pozwala w \u0142atwy spos\u00f3b dojrze\u0107 jej opis kart nawet z dalszych miejsc przy stole. Oragnizer talli z kolorowym nadrukiem idealnie pasuje do [...]","og_url":"https:\/\/printyourfun.eu\/en\/product\/wojna-w-krainie-czarow-podajnik-kart-mieszkancow\/","og_site_name":"PrintYourFun","article_publisher":"https:\/\/www.facebook.com\/Printyourfun\/","article_modified_time":"2025-02-27T11:01:06+00:00","og_image":[{"width":2000,"height":2000,"url":"https:\/\/printyourfun.eu\/wp-content\/uploads\/2024\/09\/Main-maly.jpg","type":"image\/jpeg"}],"twitter_card":"summary_large_image","twitter_misc":{"Estimated reading time":"1 minute"},"schema":{"@context":"https:\/\/schema.org","@graph":[{"@type":"WebPage","@id":"https:\/\/printyourfun.eu\/product\/wojna-w-krainie-czarow-podajnik-kart-mieszkancow\/","url":"https:\/\/printyourfun.eu\/product\/wojna-w-krainie-czarow-podajnik-kart-mieszkancow\/","name":"Wojna w Krainie Czar\u00f3w podajnik kart mieszka\u0144c\u00f3w - PrintYourFun","isPartOf":{"@id":"https:\/\/printyourfun.eu\/#website"},"primaryImageOfPage":{"@id":"https:\/\/printyourfun.eu\/product\/wojna-w-krainie-czarow-podajnik-kart-mieszkancow\/#primaryimage"},"image":{"@id":"https:\/\/printyourfun.eu\/product\/wojna-w-krainie-czarow-podajnik-kart-mieszkancow\/#primaryimage"},"thumbnailUrl":"https:\/\/printyourfun.eu\/wp-content\/uploads\/2024\/09\/Main-maly.jpg","datePublished":"2024-09-04T12:32:51+00:00","dateModified":"2025-02-27T11:01:06+00:00","breadcrumb":{"@id":"https:\/\/printyourfun.eu\/product\/wojna-w-krainie-czarow-podajnik-kart-mieszkancow\/#breadcrumb"},"inLanguage":"en-GB","potentialAction":[{"@type":"ReadAction","target":["https:\/\/printyourfun.eu\/product\/wojna-w-krainie-czarow-podajnik-kart-mieszkancow\/"]}]},{"@type":"ImageObject","inLanguage":"en-GB","@id":"https:\/\/printyourfun.eu\/product\/wojna-w-krainie-czarow-podajnik-kart-mieszkancow\/#primaryimage","url":"https:\/\/printyourfun.eu\/wp-content\/uploads\/2024\/09\/Main-maly.jpg","contentUrl":"https:\/\/printyourfun.eu\/wp-content\/uploads\/2024\/09\/Main-maly.jpg","width":2000,"height":2000},{"@type":"BreadcrumbList","@id":"https:\/\/printyourfun.eu\/product\/wojna-w-krainie-czarow-podajnik-kart-mieszkancow\/#breadcrumb","itemListElement":[{"@type":"ListItem","position":1,"name":"Home","item":"https:\/\/printyourfun.eu\/"},{"@type":"ListItem","position":2,"name":"Sklep","item":"https:\/\/printyourfun.eu\/sklep\/"},{"@type":"ListItem","position":3,"name":"Wojna w Krainie Czar\u00f3w podajnik kart mieszka\u0144c\u00f3w"}]},{"@type":"WebSite","@id":"https:\/\/printyourfun.eu\/#website","url":"https:\/\/printyourfun.eu\/","name":"PrintYourFun","description":"Wydruki 3D","potentialAction":[{"@type":"SearchAction","target":{"@type":"EntryPoint","urlTemplate":"https:\/\/printyourfun.eu\/?s={search_term_string}"},"query-input":{"@type":"PropertyValueSpecification","valueRequired":true,"valueName":"search_term_string"}}],"inLanguage":"en-GB"}]}},"_links":{"self":[{"href":"https:\/\/printyourfun.eu\/en\/wp-json\/wp\/v2\/product\/5761","targetHints":{"allow":["GET"]}}],"collection":[{"href":"https:\/\/printyourfun.eu\/en\/wp-json\/wp\/v2\/product"}],"about":[{"href":"https:\/\/printyourfun.eu\/en\/wp-json\/wp\/v2\/types\/product"}],"replies":[{"embeddable":true,"href":"https:\/\/printyourfun.eu\/en\/wp-json\/wp\/v2\/comments?post=5761"}],"wp:featuredmedia":[{"embeddable":true,"href":"https:\/\/printyourfun.eu\/en\/wp-json\/wp\/v2\/media\/5856"}],"wp:attachment":[{"href":"https:\/\/printyourfun.eu\/en\/wp-json\/wp\/v2\/media?parent=5761"}],"wp:term":[{"taxonomy":"product_brand","embeddable":true,"href":"https:\/\/printyourfun.eu\/en\/wp-json\/wp\/v2\/product_brand?post=5761"},{"taxonomy":"product_cat","embeddable":true,"href":"https:\/\/printyourfun.eu\/en\/wp-json\/wp\/v2\/product_cat?post=5761"},{"taxonomy":"product_tag","embeddable":true,"href":"https:\/\/printyourfun.eu\/en\/wp-json\/wp\/v2\/product_tag?post=5761"}],"curies":[{"name":"wp","href":"https:\/\/api.w.org\/{rel}","templated":true}]}}