{"id":5892,"date":"2025-01-09T12:44:59","date_gmt":"2025-01-09T11:44:59","guid":{"rendered":"https:\/\/printyourfun.eu\/?post_type=product&#038;p=5892"},"modified":"2025-04-04T11:45:34","modified_gmt":"2025-04-04T09:45:34","slug":"brass-zestaw-zasobow-wegla-i-zelaza","status":"publish","type":"product","link":"https:\/\/printyourfun.eu\/en\/product\/brass-zestaw-zasobow-wegla-i-zelaza\/","title":{"rendered":"Brass zestaw zasob\u00f3w w\u0119gla i \u017celaza"},"content":{"rendered":"<p style=\"text-align: left;\"><span style=\"color: #c66a26; font-size: 110%; border-left: 10px solid #c66a26; padding-left: 15px;\"><strong>Zestaw zasob\u00f3w do gry Brass<\/strong><\/span><\/p>\n<p>Zestaw zawiera:<\/p>\n<p><b>30<\/b>\u00a0kawa\u0142k\u00f3w w\u0119gla<\/p>\n<p><b>18<\/b>\u00a0sztabek \u017celaza\u00a0<b>(2 wersje kolorystyczne do wyboru)<\/b><\/p>\n<p>do wykorzystania w grach planszowych (Brass Birmingham, Lancashire)<\/p>\n<p>Nak\u0142adka na plansz\u0119 zasob\u00f3w z pleksiglasu, aby utrzyma\u0107 zasoby na miejscu!<\/p>\n<p>Elementy gry NIE s\u0105 do\u0142\u0105czone. Pojawiaj\u0105 si\u0119 wy\u0142\u0105cznie w celach ilustracyjnych.<\/p>\n<p>Sprawd\u017a nasze inne oferty, w kt\u00f3rych znajdziesz akcesoria do innych gier.<\/p>\n<p>Wysoka jako\u015b\u0107 druku.<\/p>\n<p><img loading=\"lazy\" decoding=\"async\" class=\"aligncenter size-medium wp-image-5895\" src=\"https:\/\/printyourfun.eu\/wp-content\/uploads\/2025\/01\/zasoby-www-800x276.jpg\" alt=\"\" width=\"800\" height=\"276\" srcset=\"https:\/\/printyourfun.eu\/wp-content\/uploads\/2025\/01\/zasoby-www-800x276.jpg 800w, https:\/\/printyourfun.eu\/wp-content\/uploads\/2025\/01\/zasoby-www-1400x484.jpg 1400w, https:\/\/printyourfun.eu\/wp-content\/uploads\/2025\/01\/zasoby-www-768x265.jpg 768w, https:\/\/printyourfun.eu\/wp-content\/uploads\/2025\/01\/zasoby-www-1536x531.jpg 1536w, https:\/\/printyourfun.eu\/wp-content\/uploads\/2025\/01\/zasoby-www-2048x707.jpg 2048w, https:\/\/printyourfun.eu\/wp-content\/uploads\/2025\/01\/zasoby-www-18x6.jpg 18w, https:\/\/printyourfun.eu\/wp-content\/uploads\/2025\/01\/zasoby-www-600x207.jpg 600w\" sizes=\"auto, (max-width: 800px) 100vw, 800px\" \/><\/p>\n<p>&nbsp;<\/p>\n<p>Materia\u0142 : Druk 3d Kolorowy, plexiglass<\/p>\n<p>PRODUKT NIE ZAWIERA GRY PLANSZOWEJ I JEJ ELEMENT\u00d3W.<\/p>\n<h6><\/h6>","protected":false},"excerpt":{"rendered":"<p>Zestaw zasob\u00f3w do gry Brass Zestaw zawiera: 30\u00a0kawa\u0142k\u00f3w w\u0119gla 18\u00a0sztabek \u017celaza\u00a0(2 wersje kolorystyczne do wyboru) do wykorzystania w grach planszowych (Brass Birmingham, Lancashire) Nak\u0142adka na plansz\u0119 zasob\u00f3w z pleksiglasu, aby utrzyma\u0107 zasoby na miejscu! Elementy gry NIE s\u0105 do\u0142\u0105czone. Pojawiaj\u0105 si\u0119 wy\u0142\u0105cznie w celach ilustracyjnych. Sprawd\u017a nasze inne oferty, w kt\u00f3rych znajdziesz akcesoria do innych [&#8230;]","protected":false},"featured_media":5896,"comment_status":"open","ping_status":"closed","template":"","meta":{"_acf_changed":false},"product_brand":[],"product_cat":[70,76,163,81,83],"product_tag":[291,329,330],"class_list":{"0":"post-5892","1":"product","2":"type-product","3":"status-publish","4":"has-post-thumbnail","6":"product_cat-akcesoria-do-gier","7":"product_cat-elementy-3d-na-plansze","8":"product_cat-organizery-plansz","9":"product_cat-pudelka-na-zetony","10":"product_cat-zetony-i-znaczniki","11":"product_tag-beczki","12":"product_tag-brass","13":"product_tag-brass-beczki","15":"first","16":"instock","17":"shipping-taxable","18":"purchasable","19":"product-type-variable"},"acf":[],"yoast_head":"<!-- This site is optimized with the Yoast SEO plugin v24.8.1 - https:\/\/yoast.com\/wordpress\/plugins\/seo\/ -->\n<title>Brass zestaw zasob\u00f3w w\u0119gla i \u017celaza - PrintYourFun<\/title>\n<meta name=\"robots\" content=\"index, follow, max-snippet:-1, max-image-preview:large, max-video-preview:-1\" \/>\n<link rel=\"canonical\" href=\"https:\/\/printyourfun.eu\/en\/product\/brass-zestaw-zasobow-wegla-i-zelaza\/\" \/>\n<meta property=\"og:locale\" content=\"en_GB\" \/>\n<meta property=\"og:type\" content=\"article\" \/>\n<meta property=\"og:title\" content=\"Brass zestaw zasob\u00f3w w\u0119gla i \u017celaza - PrintYourFun\" \/>\n<meta property=\"og:description\" content=\"Zestaw zasob\u00f3w do gry Brass Zestaw zawiera: 30\u00a0kawa\u0142k\u00f3w w\u0119gla 18\u00a0sztabek \u017celaza\u00a0(2 wersje kolorystyczne do wyboru) do wykorzystania w grach planszowych (Brass Birmingham, Lancashire) Nak\u0142adka na plansz\u0119 zasob\u00f3w z pleksiglasu, aby utrzyma\u0107 zasoby na miejscu! Elementy gry NIE s\u0105 do\u0142\u0105czone. Pojawiaj\u0105 si\u0119 wy\u0142\u0105cznie w celach ilustracyjnych. Sprawd\u017a nasze inne oferty, w kt\u00f3rych znajdziesz akcesoria do innych [...]\" \/>\n<meta property=\"og:url\" content=\"https:\/\/printyourfun.eu\/en\/product\/brass-zestaw-zasobow-wegla-i-zelaza\/\" \/>\n<meta property=\"og:site_name\" content=\"PrintYourFun\" \/>\n<meta property=\"article:publisher\" content=\"https:\/\/www.facebook.com\/Printyourfun\/\" \/>\n<meta property=\"article:modified_time\" content=\"2025-04-04T09:45:34+00:00\" \/>\n<meta property=\"og:image\" content=\"https:\/\/printyourfun.eu\/wp-content\/uploads\/2025\/01\/ASC01840-kopia.jpg\" \/>\n\t<meta property=\"og:image:width\" content=\"2000\" \/>\n\t<meta property=\"og:image:height\" content=\"1737\" \/>\n\t<meta property=\"og:image:type\" content=\"image\/jpeg\" \/>\n<meta name=\"twitter:card\" content=\"summary_large_image\" \/>\n<meta name=\"twitter:label1\" content=\"Estimated reading time\" \/>\n\t<meta name=\"twitter:data1\" content=\"1 minute\" \/>\n<script type=\"application\/ld+json\" class=\"yoast-schema-graph\">{\"@context\":\"https:\/\/schema.org\",\"@graph\":[{\"@type\":\"WebPage\",\"@id\":\"https:\/\/printyourfun.eu\/product\/brass-zestaw-zasobow-wegla-i-zelaza\/\",\"url\":\"https:\/\/printyourfun.eu\/product\/brass-zestaw-zasobow-wegla-i-zelaza\/\",\"name\":\"Brass zestaw zasob\u00f3w w\u0119gla i \u017celaza - PrintYourFun\",\"isPartOf\":{\"@id\":\"https:\/\/printyourfun.eu\/#website\"},\"primaryImageOfPage\":{\"@id\":\"https:\/\/printyourfun.eu\/product\/brass-zestaw-zasobow-wegla-i-zelaza\/#primaryimage\"},\"image\":{\"@id\":\"https:\/\/printyourfun.eu\/product\/brass-zestaw-zasobow-wegla-i-zelaza\/#primaryimage\"},\"thumbnailUrl\":\"https:\/\/printyourfun.eu\/wp-content\/uploads\/2025\/01\/ASC01840-kopia.jpg\",\"datePublished\":\"2025-01-09T11:44:59+00:00\",\"dateModified\":\"2025-04-04T09:45:34+00:00\",\"breadcrumb\":{\"@id\":\"https:\/\/printyourfun.eu\/product\/brass-zestaw-zasobow-wegla-i-zelaza\/#breadcrumb\"},\"inLanguage\":\"en-GB\",\"potentialAction\":[{\"@type\":\"ReadAction\",\"target\":[\"https:\/\/printyourfun.eu\/product\/brass-zestaw-zasobow-wegla-i-zelaza\/\"]}]},{\"@type\":\"ImageObject\",\"inLanguage\":\"en-GB\",\"@id\":\"https:\/\/printyourfun.eu\/product\/brass-zestaw-zasobow-wegla-i-zelaza\/#primaryimage\",\"url\":\"https:\/\/printyourfun.eu\/wp-content\/uploads\/2025\/01\/ASC01840-kopia.jpg\",\"contentUrl\":\"https:\/\/printyourfun.eu\/wp-content\/uploads\/2025\/01\/ASC01840-kopia.jpg\",\"width\":2000,\"height\":1737},{\"@type\":\"BreadcrumbList\",\"@id\":\"https:\/\/printyourfun.eu\/product\/brass-zestaw-zasobow-wegla-i-zelaza\/#breadcrumb\",\"itemListElement\":[{\"@type\":\"ListItem\",\"position\":1,\"name\":\"Home\",\"item\":\"https:\/\/printyourfun.eu\/\"},{\"@type\":\"ListItem\",\"position\":2,\"name\":\"Sklep\",\"item\":\"https:\/\/printyourfun.eu\/sklep\/\"},{\"@type\":\"ListItem\",\"position\":3,\"name\":\"Brass zestaw zasob\u00f3w w\u0119gla i \u017celaza\"}]},{\"@type\":\"WebSite\",\"@id\":\"https:\/\/printyourfun.eu\/#website\",\"url\":\"https:\/\/printyourfun.eu\/\",\"name\":\"PrintYourFun\",\"description\":\"Wydruki 3D\",\"potentialAction\":[{\"@type\":\"SearchAction\",\"target\":{\"@type\":\"EntryPoint\",\"urlTemplate\":\"https:\/\/printyourfun.eu\/?s={search_term_string}\"},\"query-input\":{\"@type\":\"PropertyValueSpecification\",\"valueRequired\":true,\"valueName\":\"search_term_string\"}}],\"inLanguage\":\"en-GB\"}]}<\/script>\n<!-- \/ Yoast SEO plugin. -->","yoast_head_json":{"title":"Brass zestaw zasob\u00f3w w\u0119gla i \u017celaza - PrintYourFun","robots":{"index":"index","follow":"follow","max-snippet":"max-snippet:-1","max-image-preview":"max-image-preview:large","max-video-preview":"max-video-preview:-1"},"canonical":"https:\/\/printyourfun.eu\/en\/product\/brass-zestaw-zasobow-wegla-i-zelaza\/","og_locale":"en_GB","og_type":"article","og_title":"Brass zestaw zasob\u00f3w w\u0119gla i \u017celaza - PrintYourFun","og_description":"Zestaw zasob\u00f3w do gry Brass Zestaw zawiera: 30\u00a0kawa\u0142k\u00f3w w\u0119gla 18\u00a0sztabek \u017celaza\u00a0(2 wersje kolorystyczne do wyboru) do wykorzystania w grach planszowych (Brass Birmingham, Lancashire) Nak\u0142adka na plansz\u0119 zasob\u00f3w z pleksiglasu, aby utrzyma\u0107 zasoby na miejscu! Elementy gry NIE s\u0105 do\u0142\u0105czone. Pojawiaj\u0105 si\u0119 wy\u0142\u0105cznie w celach ilustracyjnych. Sprawd\u017a nasze inne oferty, w kt\u00f3rych znajdziesz akcesoria do innych [...]","og_url":"https:\/\/printyourfun.eu\/en\/product\/brass-zestaw-zasobow-wegla-i-zelaza\/","og_site_name":"PrintYourFun","article_publisher":"https:\/\/www.facebook.com\/Printyourfun\/","article_modified_time":"2025-04-04T09:45:34+00:00","og_image":[{"width":2000,"height":1737,"url":"https:\/\/printyourfun.eu\/wp-content\/uploads\/2025\/01\/ASC01840-kopia.jpg","type":"image\/jpeg"}],"twitter_card":"summary_large_image","twitter_misc":{"Estimated reading time":"1 minute"},"schema":{"@context":"https:\/\/schema.org","@graph":[{"@type":"WebPage","@id":"https:\/\/printyourfun.eu\/product\/brass-zestaw-zasobow-wegla-i-zelaza\/","url":"https:\/\/printyourfun.eu\/product\/brass-zestaw-zasobow-wegla-i-zelaza\/","name":"Brass zestaw zasob\u00f3w w\u0119gla i \u017celaza - PrintYourFun","isPartOf":{"@id":"https:\/\/printyourfun.eu\/#website"},"primaryImageOfPage":{"@id":"https:\/\/printyourfun.eu\/product\/brass-zestaw-zasobow-wegla-i-zelaza\/#primaryimage"},"image":{"@id":"https:\/\/printyourfun.eu\/product\/brass-zestaw-zasobow-wegla-i-zelaza\/#primaryimage"},"thumbnailUrl":"https:\/\/printyourfun.eu\/wp-content\/uploads\/2025\/01\/ASC01840-kopia.jpg","datePublished":"2025-01-09T11:44:59+00:00","dateModified":"2025-04-04T09:45:34+00:00","breadcrumb":{"@id":"https:\/\/printyourfun.eu\/product\/brass-zestaw-zasobow-wegla-i-zelaza\/#breadcrumb"},"inLanguage":"en-GB","potentialAction":[{"@type":"ReadAction","target":["https:\/\/printyourfun.eu\/product\/brass-zestaw-zasobow-wegla-i-zelaza\/"]}]},{"@type":"ImageObject","inLanguage":"en-GB","@id":"https:\/\/printyourfun.eu\/product\/brass-zestaw-zasobow-wegla-i-zelaza\/#primaryimage","url":"https:\/\/printyourfun.eu\/wp-content\/uploads\/2025\/01\/ASC01840-kopia.jpg","contentUrl":"https:\/\/printyourfun.eu\/wp-content\/uploads\/2025\/01\/ASC01840-kopia.jpg","width":2000,"height":1737},{"@type":"BreadcrumbList","@id":"https:\/\/printyourfun.eu\/product\/brass-zestaw-zasobow-wegla-i-zelaza\/#breadcrumb","itemListElement":[{"@type":"ListItem","position":1,"name":"Home","item":"https:\/\/printyourfun.eu\/"},{"@type":"ListItem","position":2,"name":"Sklep","item":"https:\/\/printyourfun.eu\/sklep\/"},{"@type":"ListItem","position":3,"name":"Brass zestaw zasob\u00f3w w\u0119gla i \u017celaza"}]},{"@type":"WebSite","@id":"https:\/\/printyourfun.eu\/#website","url":"https:\/\/printyourfun.eu\/","name":"PrintYourFun","description":"Wydruki 3D","potentialAction":[{"@type":"SearchAction","target":{"@type":"EntryPoint","urlTemplate":"https:\/\/printyourfun.eu\/?s={search_term_string}"},"query-input":{"@type":"PropertyValueSpecification","valueRequired":true,"valueName":"search_term_string"}}],"inLanguage":"en-GB"}]}},"_links":{"self":[{"href":"https:\/\/printyourfun.eu\/en\/wp-json\/wp\/v2\/product\/5892","targetHints":{"allow":["GET"]}}],"collection":[{"href":"https:\/\/printyourfun.eu\/en\/wp-json\/wp\/v2\/product"}],"about":[{"href":"https:\/\/printyourfun.eu\/en\/wp-json\/wp\/v2\/types\/product"}],"replies":[{"embeddable":true,"href":"https:\/\/printyourfun.eu\/en\/wp-json\/wp\/v2\/comments?post=5892"}],"wp:featuredmedia":[{"embeddable":true,"href":"https:\/\/printyourfun.eu\/en\/wp-json\/wp\/v2\/media\/5896"}],"wp:attachment":[{"href":"https:\/\/printyourfun.eu\/en\/wp-json\/wp\/v2\/media?parent=5892"}],"wp:term":[{"taxonomy":"product_brand","embeddable":true,"href":"https:\/\/printyourfun.eu\/en\/wp-json\/wp\/v2\/product_brand?post=5892"},{"taxonomy":"product_cat","embeddable":true,"href":"https:\/\/printyourfun.eu\/en\/wp-json\/wp\/v2\/product_cat?post=5892"},{"taxonomy":"product_tag","embeddable":true,"href":"https:\/\/printyourfun.eu\/en\/wp-json\/wp\/v2\/product_tag?post=5892"}],"curies":[{"name":"wp","href":"https:\/\/api.w.org\/{rel}","templated":true}]}}