{"id":5910,"date":"2025-01-09T13:09:19","date_gmt":"2025-01-09T12:09:19","guid":{"rendered":"https:\/\/printyourfun.eu\/?post_type=product&#038;p=5910"},"modified":"2025-02-27T12:00:22","modified_gmt":"2025-02-27T11:00:22","slug":"brass-ulepszone-zetony-3d-lodzi-i-pociagow","status":"publish","type":"product","link":"https:\/\/printyourfun.eu\/en\/product\/brass-ulepszone-zetony-3d-lodzi-i-pociagow\/","title":{"rendered":"Brass ulepszone \u017cetony 3D \u0142odzi i poci\u0105g\u00f3w"},"content":{"rendered":"<p style=\"text-align: left;\"><span style=\"color: #c66a26; font-size: 110%; border-left: 10px solid #c66a26; padding-left: 15px;\"><strong>Brass &#8211; ulepszone \u017cetony 3D dla Brass Birmingham i Lancashire, \u0142odzi i poci\u0105g\u00f3w<\/strong><\/span><\/p>\n<p>Wykonane przy u\u017cyciu kolorowego druku 3D<\/p>\n<p>Zestaw 112 element\u00f3w:<\/p>\n<p>14 \u0142odzi i 14 poci\u0105g\u00f3w dla czerwonego gracza<\/p>\n<p>14 \u0142odzi i 14 poci\u0105g\u00f3w dla bia\u0142ego gracza<\/p>\n<p>14 \u0142odzi i 14 poci\u0105g\u00f3w dla \u017c\u00f3\u0142tego gracza<\/p>\n<p>14 \u0142odzi i 14 poci\u0105g\u00f3w dla fioletowego gracza<\/p>\n<p>Elementy gry NIE s\u0105 uwzgl\u0119dnione. Pojawiaj\u0105 si\u0119 wy\u0142\u0105cznie w celach ilustracyjnych.<\/p>\n<p>Sprawd\u017a nasze inne oferty, w kt\u00f3rych znajdziesz akcesoria do innych gier.<\/p>\n<p>Dodatek nie jest oficjaln\u0105 cz\u0119\u015bci\u0105 gry.<\/p>\n<p><img loading=\"lazy\" decoding=\"async\" class=\"aligncenter size-medium wp-image-5913\" src=\"https:\/\/printyourfun.eu\/wp-content\/uploads\/2025\/01\/www-2-800x335.jpg\" alt=\"\" width=\"800\" height=\"335\" srcset=\"https:\/\/printyourfun.eu\/wp-content\/uploads\/2025\/01\/www-2-800x335.jpg 800w, https:\/\/printyourfun.eu\/wp-content\/uploads\/2025\/01\/www-2-1400x587.jpg 1400w, https:\/\/printyourfun.eu\/wp-content\/uploads\/2025\/01\/www-2-768x322.jpg 768w, https:\/\/printyourfun.eu\/wp-content\/uploads\/2025\/01\/www-2-1536x644.jpg 1536w, https:\/\/printyourfun.eu\/wp-content\/uploads\/2025\/01\/www-2-18x8.jpg 18w, https:\/\/printyourfun.eu\/wp-content\/uploads\/2025\/01\/www-2-600x251.jpg 600w, https:\/\/printyourfun.eu\/wp-content\/uploads\/2025\/01\/www-2.jpg 2000w\" sizes=\"auto, (max-width: 800px) 100vw, 800px\" \/><\/p>\n<p>&nbsp;<\/p>\n<p>Materia\u0142 : Druk 3d Kolorowy<\/p>\n<p>PRODUKT NIE ZAWIERA GRY PLANSZOWEJ I JEJ ELEMENT\u00d3W.<\/p>\n<h6><\/h6>","protected":false},"excerpt":{"rendered":"<p>Brass &#8211; ulepszone \u017cetony 3D dla Brass Birmingham i Lancashire, \u0142odzi i poci\u0105g\u00f3w Wykonane przy u\u017cyciu kolorowego druku 3D Zestaw 112 element\u00f3w: 14 \u0142odzi i 14 poci\u0105g\u00f3w dla czerwonego gracza 14 \u0142odzi i 14 poci\u0105g\u00f3w dla bia\u0142ego gracza 14 \u0142odzi i 14 poci\u0105g\u00f3w dla \u017c\u00f3\u0142tego gracza 14 \u0142odzi i 14 poci\u0105g\u00f3w dla fioletowego gracza Elementy [&#8230;]","protected":false},"featured_media":5914,"comment_status":"open","ping_status":"closed","template":"","meta":{"_acf_changed":false},"product_brand":[],"product_cat":[70,76],"product_tag":[291,329,332,126,331],"class_list":{"0":"post-5910","1":"product","2":"type-product","3":"status-publish","4":"has-post-thumbnail","6":"product_cat-akcesoria-do-gier","7":"product_cat-elementy-3d-na-plansze","8":"product_tag-beczki","9":"product_tag-brass","10":"product_tag-brass-zetony","11":"product_tag-pociagi","12":"product_tag-statki","14":"first","15":"instock","16":"shipping-taxable","17":"purchasable","18":"product-type-simple"},"acf":[],"yoast_head":"<!-- This site is optimized with the Yoast SEO plugin v24.8.1 - https:\/\/yoast.com\/wordpress\/plugins\/seo\/ -->\n<title>Brass ulepszone \u017cetony 3D \u0142odzi i poci\u0105g\u00f3w - PrintYourFun<\/title>\n<meta name=\"robots\" content=\"index, follow, max-snippet:-1, max-image-preview:large, max-video-preview:-1\" \/>\n<link rel=\"canonical\" href=\"https:\/\/printyourfun.eu\/en\/product\/brass-ulepszone-zetony-3d-lodzi-i-pociagow\/\" \/>\n<meta property=\"og:locale\" content=\"en_GB\" \/>\n<meta property=\"og:type\" content=\"article\" \/>\n<meta property=\"og:title\" content=\"Brass ulepszone \u017cetony 3D \u0142odzi i poci\u0105g\u00f3w - PrintYourFun\" \/>\n<meta property=\"og:description\" content=\"Brass &#8211; ulepszone \u017cetony 3D dla Brass Birmingham i Lancashire, \u0142odzi i poci\u0105g\u00f3w Wykonane przy u\u017cyciu kolorowego druku 3D Zestaw 112 element\u00f3w: 14 \u0142odzi i 14 poci\u0105g\u00f3w dla czerwonego gracza 14 \u0142odzi i 14 poci\u0105g\u00f3w dla bia\u0142ego gracza 14 \u0142odzi i 14 poci\u0105g\u00f3w dla \u017c\u00f3\u0142tego gracza 14 \u0142odzi i 14 poci\u0105g\u00f3w dla fioletowego gracza Elementy [...]\" \/>\n<meta property=\"og:url\" content=\"https:\/\/printyourfun.eu\/en\/product\/brass-ulepszone-zetony-3d-lodzi-i-pociagow\/\" \/>\n<meta property=\"og:site_name\" content=\"PrintYourFun\" \/>\n<meta property=\"article:publisher\" content=\"https:\/\/www.facebook.com\/Printyourfun\/\" \/>\n<meta property=\"article:modified_time\" content=\"2025-02-27T11:00:22+00:00\" \/>\n<meta property=\"og:image\" content=\"https:\/\/printyourfun.eu\/wp-content\/uploads\/2025\/01\/ASC01959-kopia.jpg\" \/>\n\t<meta property=\"og:image:width\" content=\"2000\" \/>\n\t<meta property=\"og:image:height\" content=\"2000\" \/>\n\t<meta property=\"og:image:type\" content=\"image\/jpeg\" \/>\n<meta name=\"twitter:card\" content=\"summary_large_image\" \/>\n<meta name=\"twitter:label1\" content=\"Estimated reading time\" \/>\n\t<meta name=\"twitter:data1\" content=\"1 minute\" \/>\n<script type=\"application\/ld+json\" class=\"yoast-schema-graph\">{\"@context\":\"https:\/\/schema.org\",\"@graph\":[{\"@type\":\"WebPage\",\"@id\":\"https:\/\/printyourfun.eu\/product\/brass-ulepszone-zetony-3d-lodzi-i-pociagow\/\",\"url\":\"https:\/\/printyourfun.eu\/product\/brass-ulepszone-zetony-3d-lodzi-i-pociagow\/\",\"name\":\"Brass ulepszone \u017cetony 3D \u0142odzi i poci\u0105g\u00f3w - PrintYourFun\",\"isPartOf\":{\"@id\":\"https:\/\/printyourfun.eu\/#website\"},\"primaryImageOfPage\":{\"@id\":\"https:\/\/printyourfun.eu\/product\/brass-ulepszone-zetony-3d-lodzi-i-pociagow\/#primaryimage\"},\"image\":{\"@id\":\"https:\/\/printyourfun.eu\/product\/brass-ulepszone-zetony-3d-lodzi-i-pociagow\/#primaryimage\"},\"thumbnailUrl\":\"https:\/\/printyourfun.eu\/wp-content\/uploads\/2025\/01\/ASC01959-kopia.jpg\",\"datePublished\":\"2025-01-09T12:09:19+00:00\",\"dateModified\":\"2025-02-27T11:00:22+00:00\",\"breadcrumb\":{\"@id\":\"https:\/\/printyourfun.eu\/product\/brass-ulepszone-zetony-3d-lodzi-i-pociagow\/#breadcrumb\"},\"inLanguage\":\"en-GB\",\"potentialAction\":[{\"@type\":\"ReadAction\",\"target\":[\"https:\/\/printyourfun.eu\/product\/brass-ulepszone-zetony-3d-lodzi-i-pociagow\/\"]}]},{\"@type\":\"ImageObject\",\"inLanguage\":\"en-GB\",\"@id\":\"https:\/\/printyourfun.eu\/product\/brass-ulepszone-zetony-3d-lodzi-i-pociagow\/#primaryimage\",\"url\":\"https:\/\/printyourfun.eu\/wp-content\/uploads\/2025\/01\/ASC01959-kopia.jpg\",\"contentUrl\":\"https:\/\/printyourfun.eu\/wp-content\/uploads\/2025\/01\/ASC01959-kopia.jpg\",\"width\":2000,\"height\":2000},{\"@type\":\"BreadcrumbList\",\"@id\":\"https:\/\/printyourfun.eu\/product\/brass-ulepszone-zetony-3d-lodzi-i-pociagow\/#breadcrumb\",\"itemListElement\":[{\"@type\":\"ListItem\",\"position\":1,\"name\":\"Home\",\"item\":\"https:\/\/printyourfun.eu\/\"},{\"@type\":\"ListItem\",\"position\":2,\"name\":\"Sklep\",\"item\":\"https:\/\/printyourfun.eu\/sklep\/\"},{\"@type\":\"ListItem\",\"position\":3,\"name\":\"Brass ulepszone \u017cetony 3D \u0142odzi i poci\u0105g\u00f3w\"}]},{\"@type\":\"WebSite\",\"@id\":\"https:\/\/printyourfun.eu\/#website\",\"url\":\"https:\/\/printyourfun.eu\/\",\"name\":\"PrintYourFun\",\"description\":\"Wydruki 3D\",\"potentialAction\":[{\"@type\":\"SearchAction\",\"target\":{\"@type\":\"EntryPoint\",\"urlTemplate\":\"https:\/\/printyourfun.eu\/?s={search_term_string}\"},\"query-input\":{\"@type\":\"PropertyValueSpecification\",\"valueRequired\":true,\"valueName\":\"search_term_string\"}}],\"inLanguage\":\"en-GB\"}]}<\/script>\n<!-- \/ Yoast SEO plugin. -->","yoast_head_json":{"title":"Brass ulepszone \u017cetony 3D \u0142odzi i poci\u0105g\u00f3w - PrintYourFun","robots":{"index":"index","follow":"follow","max-snippet":"max-snippet:-1","max-image-preview":"max-image-preview:large","max-video-preview":"max-video-preview:-1"},"canonical":"https:\/\/printyourfun.eu\/en\/product\/brass-ulepszone-zetony-3d-lodzi-i-pociagow\/","og_locale":"en_GB","og_type":"article","og_title":"Brass ulepszone \u017cetony 3D \u0142odzi i poci\u0105g\u00f3w - PrintYourFun","og_description":"Brass &#8211; ulepszone \u017cetony 3D dla Brass Birmingham i Lancashire, \u0142odzi i poci\u0105g\u00f3w Wykonane przy u\u017cyciu kolorowego druku 3D Zestaw 112 element\u00f3w: 14 \u0142odzi i 14 poci\u0105g\u00f3w dla czerwonego gracza 14 \u0142odzi i 14 poci\u0105g\u00f3w dla bia\u0142ego gracza 14 \u0142odzi i 14 poci\u0105g\u00f3w dla \u017c\u00f3\u0142tego gracza 14 \u0142odzi i 14 poci\u0105g\u00f3w dla fioletowego gracza Elementy [...]","og_url":"https:\/\/printyourfun.eu\/en\/product\/brass-ulepszone-zetony-3d-lodzi-i-pociagow\/","og_site_name":"PrintYourFun","article_publisher":"https:\/\/www.facebook.com\/Printyourfun\/","article_modified_time":"2025-02-27T11:00:22+00:00","og_image":[{"width":2000,"height":2000,"url":"https:\/\/printyourfun.eu\/wp-content\/uploads\/2025\/01\/ASC01959-kopia.jpg","type":"image\/jpeg"}],"twitter_card":"summary_large_image","twitter_misc":{"Estimated reading time":"1 minute"},"schema":{"@context":"https:\/\/schema.org","@graph":[{"@type":"WebPage","@id":"https:\/\/printyourfun.eu\/product\/brass-ulepszone-zetony-3d-lodzi-i-pociagow\/","url":"https:\/\/printyourfun.eu\/product\/brass-ulepszone-zetony-3d-lodzi-i-pociagow\/","name":"Brass ulepszone \u017cetony 3D \u0142odzi i poci\u0105g\u00f3w - PrintYourFun","isPartOf":{"@id":"https:\/\/printyourfun.eu\/#website"},"primaryImageOfPage":{"@id":"https:\/\/printyourfun.eu\/product\/brass-ulepszone-zetony-3d-lodzi-i-pociagow\/#primaryimage"},"image":{"@id":"https:\/\/printyourfun.eu\/product\/brass-ulepszone-zetony-3d-lodzi-i-pociagow\/#primaryimage"},"thumbnailUrl":"https:\/\/printyourfun.eu\/wp-content\/uploads\/2025\/01\/ASC01959-kopia.jpg","datePublished":"2025-01-09T12:09:19+00:00","dateModified":"2025-02-27T11:00:22+00:00","breadcrumb":{"@id":"https:\/\/printyourfun.eu\/product\/brass-ulepszone-zetony-3d-lodzi-i-pociagow\/#breadcrumb"},"inLanguage":"en-GB","potentialAction":[{"@type":"ReadAction","target":["https:\/\/printyourfun.eu\/product\/brass-ulepszone-zetony-3d-lodzi-i-pociagow\/"]}]},{"@type":"ImageObject","inLanguage":"en-GB","@id":"https:\/\/printyourfun.eu\/product\/brass-ulepszone-zetony-3d-lodzi-i-pociagow\/#primaryimage","url":"https:\/\/printyourfun.eu\/wp-content\/uploads\/2025\/01\/ASC01959-kopia.jpg","contentUrl":"https:\/\/printyourfun.eu\/wp-content\/uploads\/2025\/01\/ASC01959-kopia.jpg","width":2000,"height":2000},{"@type":"BreadcrumbList","@id":"https:\/\/printyourfun.eu\/product\/brass-ulepszone-zetony-3d-lodzi-i-pociagow\/#breadcrumb","itemListElement":[{"@type":"ListItem","position":1,"name":"Home","item":"https:\/\/printyourfun.eu\/"},{"@type":"ListItem","position":2,"name":"Sklep","item":"https:\/\/printyourfun.eu\/sklep\/"},{"@type":"ListItem","position":3,"name":"Brass ulepszone \u017cetony 3D \u0142odzi i poci\u0105g\u00f3w"}]},{"@type":"WebSite","@id":"https:\/\/printyourfun.eu\/#website","url":"https:\/\/printyourfun.eu\/","name":"PrintYourFun","description":"Wydruki 3D","potentialAction":[{"@type":"SearchAction","target":{"@type":"EntryPoint","urlTemplate":"https:\/\/printyourfun.eu\/?s={search_term_string}"},"query-input":{"@type":"PropertyValueSpecification","valueRequired":true,"valueName":"search_term_string"}}],"inLanguage":"en-GB"}]}},"_links":{"self":[{"href":"https:\/\/printyourfun.eu\/en\/wp-json\/wp\/v2\/product\/5910","targetHints":{"allow":["GET"]}}],"collection":[{"href":"https:\/\/printyourfun.eu\/en\/wp-json\/wp\/v2\/product"}],"about":[{"href":"https:\/\/printyourfun.eu\/en\/wp-json\/wp\/v2\/types\/product"}],"replies":[{"embeddable":true,"href":"https:\/\/printyourfun.eu\/en\/wp-json\/wp\/v2\/comments?post=5910"}],"wp:featuredmedia":[{"embeddable":true,"href":"https:\/\/printyourfun.eu\/en\/wp-json\/wp\/v2\/media\/5914"}],"wp:attachment":[{"href":"https:\/\/printyourfun.eu\/en\/wp-json\/wp\/v2\/media?parent=5910"}],"wp:term":[{"taxonomy":"product_brand","embeddable":true,"href":"https:\/\/printyourfun.eu\/en\/wp-json\/wp\/v2\/product_brand?post=5910"},{"taxonomy":"product_cat","embeddable":true,"href":"https:\/\/printyourfun.eu\/en\/wp-json\/wp\/v2\/product_cat?post=5910"},{"taxonomy":"product_tag","embeddable":true,"href":"https:\/\/printyourfun.eu\/en\/wp-json\/wp\/v2\/product_tag?post=5910"}],"curies":[{"name":"wp","href":"https:\/\/api.w.org\/{rel}","templated":true}]}}