{"id":5925,"date":"2025-01-30T09:45:53","date_gmt":"2025-01-30T08:45:53","guid":{"rendered":"https:\/\/printyourfun.eu\/?post_type=product&#038;p=5925"},"modified":"2025-02-27T12:01:05","modified_gmt":"2025-02-27T11:01:05","slug":"komplet-organizerow-gracza-star-wars-zewnetrzne-rubieze","status":"publish","type":"product","link":"https:\/\/printyourfun.eu\/en\/product\/komplet-organizerow-gracza-star-wars-zewnetrzne-rubieze\/","title":{"rendered":"Komplet organizer\u00f3w gracza Star Wars Zewn\u0119trzne rubie\u017ce"},"content":{"rendered":"<p style=\"text-align: left;\"><span style=\"color: #c66a26; font-size: 110%; border-left: 10px solid #c66a26; padding-left: 15px;\"><strong>Komplet organizer\u00f3w gracza Star Wars Zewn\u0119trzne rubie\u017ce\u00a0<\/strong><\/span><\/p>\n<p>Zestaw zawiera organizer gracza i organizer statku x4 szt dla 4 graczy.<\/p>\n<p>Mozliwo\u015b\u0107 zam\u00f3wienia w kolorze czarnym (wszystkie 4 szt)<\/p>\n<p>W 4 kolorach ( czerwony, niebieski, z\u00f3\u0142ty i zielony)<\/p>\n<p>lub pojedynczo w w\/w kolorach<\/p>\n<p>Planszetki zosta\u0142y zaprojektowane tak aby na p\u0142asko utrzymywa\u0107 planszetki nawet je\u015bli (co jest problemem w tej grze) wyginaj\u0105 si\u0119 do g\u00f3ry. Specjalny system rowk\u00f3w i blokad utrzymuje kartoniki na swoim miejscu.<\/p>\n<p><img loading=\"lazy\" decoding=\"async\" class=\"aligncenter size-medium wp-image-5928\" src=\"https:\/\/printyourfun.eu\/wp-content\/uploads\/2025\/01\/plan-www-1-800x279.jpg\" alt=\"\" width=\"800\" height=\"279\" srcset=\"https:\/\/printyourfun.eu\/wp-content\/uploads\/2025\/01\/plan-www-1-800x279.jpg 800w, https:\/\/printyourfun.eu\/wp-content\/uploads\/2025\/01\/plan-www-1-1400x488.jpg 1400w, https:\/\/printyourfun.eu\/wp-content\/uploads\/2025\/01\/plan-www-1-768x267.jpg 768w, https:\/\/printyourfun.eu\/wp-content\/uploads\/2025\/01\/plan-www-1-1536x535.jpg 1536w, https:\/\/printyourfun.eu\/wp-content\/uploads\/2025\/01\/plan-www-1-2048x713.jpg 2048w, https:\/\/printyourfun.eu\/wp-content\/uploads\/2025\/01\/plan-www-1-18x6.jpg 18w, https:\/\/printyourfun.eu\/wp-content\/uploads\/2025\/01\/plan-www-1-600x209.jpg 600w\" sizes=\"auto, (max-width: 800px) 100vw, 800px\" \/><\/p>\n<p>&nbsp;<\/p>\n<p>Material: PLA<\/p>\n<p>PRODUKT NIE ZAWIERA GRY PLANSZOWEJ I JEJ ELEMENT\u00d3W.<\/p>\n<h6><\/h6>","protected":false},"excerpt":{"rendered":"<p>Komplet organizer\u00f3w gracza Star Wars Zewn\u0119trzne rubie\u017ce\u00a0 Zestaw zawiera organizer gracza i organizer statku x4 szt dla 4 graczy. Mozliwo\u015b\u0107 zam\u00f3wienia w kolorze czarnym (wszystkie 4 szt) W 4 kolorach ( czerwony, niebieski, z\u00f3\u0142ty i zielony) lub pojedynczo w w\/w kolorach Planszetki zosta\u0142y zaprojektowane tak aby na p\u0142asko utrzymywa\u0107 planszetki nawet je\u015bli (co jest problemem [&#8230;]","protected":false},"featured_media":5981,"comment_status":"open","ping_status":"closed","template":"","meta":{"_acf_changed":false},"product_brand":[],"product_cat":[70,78,163],"product_tag":[336,127,322,323,334,301,333,335],"class_list":{"0":"post-5925","1":"product","2":"type-product","3":"status-publish","4":"has-post-thumbnail","6":"product_cat-akcesoria-do-gier","7":"product_cat-organizery-na-karty","8":"product_cat-organizery-plansz","9":"product_tag-gwiezdne-wojny","10":"product_tag-organizer","11":"product_tag-organizer-postaci","12":"product_tag-planszetka","13":"product_tag-rubieze","14":"product_tag-star-wars","15":"product_tag-zewnetrzne","16":"product_tag-zewnetrzne-rubieze","18":"first","19":"instock","20":"shipping-taxable","21":"purchasable","22":"product-type-variable"},"acf":[],"yoast_head":"<!-- This site is optimized with the Yoast SEO plugin v24.8.1 - https:\/\/yoast.com\/wordpress\/plugins\/seo\/ -->\n<title>Komplet organizer\u00f3w gracza Star Wars Zewn\u0119trzne rubie\u017ce - PrintYourFun<\/title>\n<meta name=\"robots\" content=\"index, follow, max-snippet:-1, max-image-preview:large, max-video-preview:-1\" \/>\n<link rel=\"canonical\" href=\"https:\/\/printyourfun.eu\/en\/product\/komplet-organizerow-gracza-star-wars-zewnetrzne-rubieze\/\" \/>\n<meta property=\"og:locale\" content=\"en_GB\" \/>\n<meta property=\"og:type\" content=\"article\" \/>\n<meta property=\"og:title\" content=\"Komplet organizer\u00f3w gracza Star Wars Zewn\u0119trzne rubie\u017ce - PrintYourFun\" \/>\n<meta property=\"og:description\" content=\"Komplet organizer\u00f3w gracza Star Wars Zewn\u0119trzne rubie\u017ce\u00a0 Zestaw zawiera organizer gracza i organizer statku x4 szt dla 4 graczy. Mozliwo\u015b\u0107 zam\u00f3wienia w kolorze czarnym (wszystkie 4 szt) W 4 kolorach ( czerwony, niebieski, z\u00f3\u0142ty i zielony) lub pojedynczo w w\/w kolorach Planszetki zosta\u0142y zaprojektowane tak aby na p\u0142asko utrzymywa\u0107 planszetki nawet je\u015bli (co jest problemem [...]\" \/>\n<meta property=\"og:url\" content=\"https:\/\/printyourfun.eu\/en\/product\/komplet-organizerow-gracza-star-wars-zewnetrzne-rubieze\/\" \/>\n<meta property=\"og:site_name\" content=\"PrintYourFun\" \/>\n<meta property=\"article:publisher\" content=\"https:\/\/www.facebook.com\/Printyourfun\/\" \/>\n<meta property=\"article:modified_time\" content=\"2025-02-27T11:01:05+00:00\" \/>\n<meta property=\"og:image\" content=\"https:\/\/printyourfun.eu\/wp-content\/uploads\/2025\/01\/ASC02109-kopia22.jpg\" \/>\n\t<meta property=\"og:image:width\" content=\"2000\" \/>\n\t<meta property=\"og:image:height\" content=\"2000\" \/>\n\t<meta property=\"og:image:type\" content=\"image\/jpeg\" \/>\n<meta name=\"twitter:card\" content=\"summary_large_image\" \/>\n<meta name=\"twitter:label1\" content=\"Estimated reading time\" \/>\n\t<meta name=\"twitter:data1\" content=\"1 minute\" \/>\n<script type=\"application\/ld+json\" class=\"yoast-schema-graph\">{\"@context\":\"https:\/\/schema.org\",\"@graph\":[{\"@type\":\"WebPage\",\"@id\":\"https:\/\/printyourfun.eu\/product\/komplet-organizerow-gracza-star-wars-zewnetrzne-rubieze\/\",\"url\":\"https:\/\/printyourfun.eu\/product\/komplet-organizerow-gracza-star-wars-zewnetrzne-rubieze\/\",\"name\":\"Komplet organizer\u00f3w gracza Star Wars Zewn\u0119trzne rubie\u017ce - PrintYourFun\",\"isPartOf\":{\"@id\":\"https:\/\/printyourfun.eu\/#website\"},\"primaryImageOfPage\":{\"@id\":\"https:\/\/printyourfun.eu\/product\/komplet-organizerow-gracza-star-wars-zewnetrzne-rubieze\/#primaryimage\"},\"image\":{\"@id\":\"https:\/\/printyourfun.eu\/product\/komplet-organizerow-gracza-star-wars-zewnetrzne-rubieze\/#primaryimage\"},\"thumbnailUrl\":\"https:\/\/printyourfun.eu\/wp-content\/uploads\/2025\/01\/ASC02109-kopia22.jpg\",\"datePublished\":\"2025-01-30T08:45:53+00:00\",\"dateModified\":\"2025-02-27T11:01:05+00:00\",\"breadcrumb\":{\"@id\":\"https:\/\/printyourfun.eu\/product\/komplet-organizerow-gracza-star-wars-zewnetrzne-rubieze\/#breadcrumb\"},\"inLanguage\":\"en-GB\",\"potentialAction\":[{\"@type\":\"ReadAction\",\"target\":[\"https:\/\/printyourfun.eu\/product\/komplet-organizerow-gracza-star-wars-zewnetrzne-rubieze\/\"]}]},{\"@type\":\"ImageObject\",\"inLanguage\":\"en-GB\",\"@id\":\"https:\/\/printyourfun.eu\/product\/komplet-organizerow-gracza-star-wars-zewnetrzne-rubieze\/#primaryimage\",\"url\":\"https:\/\/printyourfun.eu\/wp-content\/uploads\/2025\/01\/ASC02109-kopia22.jpg\",\"contentUrl\":\"https:\/\/printyourfun.eu\/wp-content\/uploads\/2025\/01\/ASC02109-kopia22.jpg\",\"width\":2000,\"height\":2000},{\"@type\":\"BreadcrumbList\",\"@id\":\"https:\/\/printyourfun.eu\/product\/komplet-organizerow-gracza-star-wars-zewnetrzne-rubieze\/#breadcrumb\",\"itemListElement\":[{\"@type\":\"ListItem\",\"position\":1,\"name\":\"Home\",\"item\":\"https:\/\/printyourfun.eu\/\"},{\"@type\":\"ListItem\",\"position\":2,\"name\":\"Sklep\",\"item\":\"https:\/\/printyourfun.eu\/sklep\/\"},{\"@type\":\"ListItem\",\"position\":3,\"name\":\"Komplet organizer\u00f3w gracza Star Wars Zewn\u0119trzne rubie\u017ce\"}]},{\"@type\":\"WebSite\",\"@id\":\"https:\/\/printyourfun.eu\/#website\",\"url\":\"https:\/\/printyourfun.eu\/\",\"name\":\"PrintYourFun\",\"description\":\"Wydruki 3D\",\"potentialAction\":[{\"@type\":\"SearchAction\",\"target\":{\"@type\":\"EntryPoint\",\"urlTemplate\":\"https:\/\/printyourfun.eu\/?s={search_term_string}\"},\"query-input\":{\"@type\":\"PropertyValueSpecification\",\"valueRequired\":true,\"valueName\":\"search_term_string\"}}],\"inLanguage\":\"en-GB\"}]}<\/script>\n<!-- \/ Yoast SEO plugin. -->","yoast_head_json":{"title":"Komplet organizer\u00f3w gracza Star Wars Zewn\u0119trzne rubie\u017ce - PrintYourFun","robots":{"index":"index","follow":"follow","max-snippet":"max-snippet:-1","max-image-preview":"max-image-preview:large","max-video-preview":"max-video-preview:-1"},"canonical":"https:\/\/printyourfun.eu\/en\/product\/komplet-organizerow-gracza-star-wars-zewnetrzne-rubieze\/","og_locale":"en_GB","og_type":"article","og_title":"Komplet organizer\u00f3w gracza Star Wars Zewn\u0119trzne rubie\u017ce - PrintYourFun","og_description":"Komplet organizer\u00f3w gracza Star Wars Zewn\u0119trzne rubie\u017ce\u00a0 Zestaw zawiera organizer gracza i organizer statku x4 szt dla 4 graczy. Mozliwo\u015b\u0107 zam\u00f3wienia w kolorze czarnym (wszystkie 4 szt) W 4 kolorach ( czerwony, niebieski, z\u00f3\u0142ty i zielony) lub pojedynczo w w\/w kolorach Planszetki zosta\u0142y zaprojektowane tak aby na p\u0142asko utrzymywa\u0107 planszetki nawet je\u015bli (co jest problemem [...]","og_url":"https:\/\/printyourfun.eu\/en\/product\/komplet-organizerow-gracza-star-wars-zewnetrzne-rubieze\/","og_site_name":"PrintYourFun","article_publisher":"https:\/\/www.facebook.com\/Printyourfun\/","article_modified_time":"2025-02-27T11:01:05+00:00","og_image":[{"width":2000,"height":2000,"url":"https:\/\/printyourfun.eu\/wp-content\/uploads\/2025\/01\/ASC02109-kopia22.jpg","type":"image\/jpeg"}],"twitter_card":"summary_large_image","twitter_misc":{"Estimated reading time":"1 minute"},"schema":{"@context":"https:\/\/schema.org","@graph":[{"@type":"WebPage","@id":"https:\/\/printyourfun.eu\/product\/komplet-organizerow-gracza-star-wars-zewnetrzne-rubieze\/","url":"https:\/\/printyourfun.eu\/product\/komplet-organizerow-gracza-star-wars-zewnetrzne-rubieze\/","name":"Komplet organizer\u00f3w gracza Star Wars Zewn\u0119trzne rubie\u017ce - PrintYourFun","isPartOf":{"@id":"https:\/\/printyourfun.eu\/#website"},"primaryImageOfPage":{"@id":"https:\/\/printyourfun.eu\/product\/komplet-organizerow-gracza-star-wars-zewnetrzne-rubieze\/#primaryimage"},"image":{"@id":"https:\/\/printyourfun.eu\/product\/komplet-organizerow-gracza-star-wars-zewnetrzne-rubieze\/#primaryimage"},"thumbnailUrl":"https:\/\/printyourfun.eu\/wp-content\/uploads\/2025\/01\/ASC02109-kopia22.jpg","datePublished":"2025-01-30T08:45:53+00:00","dateModified":"2025-02-27T11:01:05+00:00","breadcrumb":{"@id":"https:\/\/printyourfun.eu\/product\/komplet-organizerow-gracza-star-wars-zewnetrzne-rubieze\/#breadcrumb"},"inLanguage":"en-GB","potentialAction":[{"@type":"ReadAction","target":["https:\/\/printyourfun.eu\/product\/komplet-organizerow-gracza-star-wars-zewnetrzne-rubieze\/"]}]},{"@type":"ImageObject","inLanguage":"en-GB","@id":"https:\/\/printyourfun.eu\/product\/komplet-organizerow-gracza-star-wars-zewnetrzne-rubieze\/#primaryimage","url":"https:\/\/printyourfun.eu\/wp-content\/uploads\/2025\/01\/ASC02109-kopia22.jpg","contentUrl":"https:\/\/printyourfun.eu\/wp-content\/uploads\/2025\/01\/ASC02109-kopia22.jpg","width":2000,"height":2000},{"@type":"BreadcrumbList","@id":"https:\/\/printyourfun.eu\/product\/komplet-organizerow-gracza-star-wars-zewnetrzne-rubieze\/#breadcrumb","itemListElement":[{"@type":"ListItem","position":1,"name":"Home","item":"https:\/\/printyourfun.eu\/"},{"@type":"ListItem","position":2,"name":"Sklep","item":"https:\/\/printyourfun.eu\/sklep\/"},{"@type":"ListItem","position":3,"name":"Komplet organizer\u00f3w gracza Star Wars Zewn\u0119trzne rubie\u017ce"}]},{"@type":"WebSite","@id":"https:\/\/printyourfun.eu\/#website","url":"https:\/\/printyourfun.eu\/","name":"PrintYourFun","description":"Wydruki 3D","potentialAction":[{"@type":"SearchAction","target":{"@type":"EntryPoint","urlTemplate":"https:\/\/printyourfun.eu\/?s={search_term_string}"},"query-input":{"@type":"PropertyValueSpecification","valueRequired":true,"valueName":"search_term_string"}}],"inLanguage":"en-GB"}]}},"_links":{"self":[{"href":"https:\/\/printyourfun.eu\/en\/wp-json\/wp\/v2\/product\/5925","targetHints":{"allow":["GET"]}}],"collection":[{"href":"https:\/\/printyourfun.eu\/en\/wp-json\/wp\/v2\/product"}],"about":[{"href":"https:\/\/printyourfun.eu\/en\/wp-json\/wp\/v2\/types\/product"}],"replies":[{"embeddable":true,"href":"https:\/\/printyourfun.eu\/en\/wp-json\/wp\/v2\/comments?post=5925"}],"wp:featuredmedia":[{"embeddable":true,"href":"https:\/\/printyourfun.eu\/en\/wp-json\/wp\/v2\/media\/5981"}],"wp:attachment":[{"href":"https:\/\/printyourfun.eu\/en\/wp-json\/wp\/v2\/media?parent=5925"}],"wp:term":[{"taxonomy":"product_brand","embeddable":true,"href":"https:\/\/printyourfun.eu\/en\/wp-json\/wp\/v2\/product_brand?post=5925"},{"taxonomy":"product_cat","embeddable":true,"href":"https:\/\/printyourfun.eu\/en\/wp-json\/wp\/v2\/product_cat?post=5925"},{"taxonomy":"product_tag","embeddable":true,"href":"https:\/\/printyourfun.eu\/en\/wp-json\/wp\/v2\/product_tag?post=5925"}],"curies":[{"name":"wp","href":"https:\/\/api.w.org\/{rel}","templated":true}]}}