{"id":5965,"date":"2025-01-30T11:18:20","date_gmt":"2025-01-30T10:18:20","guid":{"rendered":"https:\/\/printyourfun.eu\/?post_type=product&#038;p=5965"},"modified":"2025-05-23T09:10:16","modified_gmt":"2025-05-23T07:10:16","slug":"stojaki-patrolu-star-wars-zewnetrzne-rubieze","status":"publish","type":"product","link":"https:\/\/printyourfun.eu\/en\/product\/stojaki-patrolu-star-wars-zewnetrzne-rubieze\/","title":{"rendered":"Stojaki patrolu Star Wars Zewn\u0119trzne rubie\u017ce"},"content":{"rendered":"<p style=\"text-align: left;\"><span style=\"color: #c66a26; font-size: 110%; border-left: 10px solid #c66a26; padding-left: 15px;\"><strong>Stojaki, podstawki patrolu Star Wars Zewn\u0119trzne rubie\u017ce<\/strong><\/span><\/p>\n<p>Zestaw zawiera 4 podstawki patroli w 4 kolorach frakcji.<\/p>\n<p>Poprawiaj\u0105 widoczno\u015bc na planszy.<\/p>\n<p>&nbsp;<\/p>\n<p><img loading=\"lazy\" decoding=\"async\" class=\"aligncenter size-medium wp-image-5973\" src=\"https:\/\/printyourfun.eu\/wp-content\/uploads\/2025\/01\/WWW-3-800x303.jpg\" alt=\"\" width=\"800\" height=\"303\" srcset=\"https:\/\/printyourfun.eu\/wp-content\/uploads\/2025\/01\/WWW-3-800x303.jpg 800w, https:\/\/printyourfun.eu\/wp-content\/uploads\/2025\/01\/WWW-3-1400x531.jpg 1400w, https:\/\/printyourfun.eu\/wp-content\/uploads\/2025\/01\/WWW-3-768x291.jpg 768w, https:\/\/printyourfun.eu\/wp-content\/uploads\/2025\/01\/WWW-3-1536x583.jpg 1536w, https:\/\/printyourfun.eu\/wp-content\/uploads\/2025\/01\/WWW-3-18x7.jpg 18w, https:\/\/printyourfun.eu\/wp-content\/uploads\/2025\/01\/WWW-3-600x228.jpg 600w, https:\/\/printyourfun.eu\/wp-content\/uploads\/2025\/01\/WWW-3.jpg 1914w\" sizes=\"auto, (max-width: 800px) 100vw, 800px\" \/><\/p>\n<p>&nbsp;<\/p>\n<p>Material: PLA<\/p>\n<p>PRODUKT NIE ZAWIERA GRY PLANSZOWEJ I JEJ ELEMENT\u00d3W.<\/p>\n<h6><\/h6>","protected":false},"excerpt":{"rendered":"<p>Stojaki, podstawki patrolu Star Wars Zewn\u0119trzne rubie\u017ce Zestaw zawiera 4 podstawki patroli w 4 kolorach frakcji. Poprawiaj\u0105 widoczno\u015bc na planszy. &nbsp; &nbsp; Materia\u0142 : PLA PRODUKT NIE ZAWIERA GRY PLANSZOWEJ I JEJ ELEMENT\u00d3W.<\/p>","protected":false},"featured_media":5974,"comment_status":"open","ping_status":"closed","template":"","meta":{"_acf_changed":false},"product_brand":[],"product_cat":[70,76],"product_tag":[337,338,336,339,127,322,340,323,334,301,333,335],"class_list":{"0":"post-5965","1":"product","2":"type-product","3":"status-publish","4":"has-post-thumbnail","6":"product_cat-akcesoria-do-gier","7":"product_cat-elementy-3d-na-plansze","8":"product_tag-ambicja","9":"product_tag-ambicji","10":"product_tag-gwiezdne-wojny","11":"product_tag-niedokonczone-sprawy","12":"product_tag-organizer","13":"product_tag-organizer-postaci","14":"product_tag-patrol","15":"product_tag-planszetka","16":"product_tag-rubieze","17":"product_tag-star-wars","18":"product_tag-zewnetrzne","19":"product_tag-zewnetrzne-rubieze","21":"first","22":"instock","23":"shipping-taxable","24":"purchasable","25":"product-type-variable"},"acf":[],"yoast_head":"<!-- This site is optimized with the Yoast SEO plugin v24.8.1 - https:\/\/yoast.com\/wordpress\/plugins\/seo\/ -->\n<title>Stojaki patrolu Star Wars Zewn\u0119trzne rubie\u017ce - PrintYourFun<\/title>\n<meta name=\"robots\" content=\"index, follow, max-snippet:-1, max-image-preview:large, max-video-preview:-1\" \/>\n<link rel=\"canonical\" href=\"https:\/\/printyourfun.eu\/en\/product\/stojaki-patrolu-star-wars-zewnetrzne-rubieze\/\" \/>\n<meta property=\"og:locale\" content=\"en_GB\" \/>\n<meta property=\"og:type\" content=\"article\" \/>\n<meta property=\"og:title\" content=\"Stojaki patrolu Star Wars Zewn\u0119trzne rubie\u017ce - PrintYourFun\" \/>\n<meta property=\"og:description\" content=\"Stojaki, podstawki patrolu Star Wars Zewn\u0119trzne rubie\u017ce Zestaw zawiera 4 podstawki patroli w 4 kolorach frakcji. Poprawiaj\u0105 widoczno\u015bc na planszy. &nbsp; &nbsp; Materia\u0142 : PLA PRODUKT NIE ZAWIERA GRY PLANSZOWEJ I JEJ ELEMENT\u00d3W.\" \/>\n<meta property=\"og:url\" content=\"https:\/\/printyourfun.eu\/en\/product\/stojaki-patrolu-star-wars-zewnetrzne-rubieze\/\" \/>\n<meta property=\"og:site_name\" content=\"PrintYourFun\" \/>\n<meta property=\"article:publisher\" content=\"https:\/\/www.facebook.com\/Printyourfun\/\" \/>\n<meta property=\"article:modified_time\" content=\"2025-05-23T07:10:16+00:00\" \/>\n<meta property=\"og:image\" content=\"https:\/\/printyourfun.eu\/wp-content\/uploads\/2025\/01\/ASC01940-kopia-etsy.jpg\" \/>\n\t<meta property=\"og:image:width\" content=\"2000\" \/>\n\t<meta property=\"og:image:height\" content=\"2000\" \/>\n\t<meta property=\"og:image:type\" content=\"image\/jpeg\" \/>\n<meta name=\"twitter:card\" content=\"summary_large_image\" \/>\n<meta name=\"twitter:label1\" content=\"Estimated reading time\" \/>\n\t<meta name=\"twitter:data1\" content=\"1 minute\" \/>\n<script type=\"application\/ld+json\" class=\"yoast-schema-graph\">{\"@context\":\"https:\/\/schema.org\",\"@graph\":[{\"@type\":\"WebPage\",\"@id\":\"https:\/\/printyourfun.eu\/product\/stojaki-patrolu-star-wars-zewnetrzne-rubieze\/\",\"url\":\"https:\/\/printyourfun.eu\/product\/stojaki-patrolu-star-wars-zewnetrzne-rubieze\/\",\"name\":\"Stojaki patrolu Star Wars Zewn\u0119trzne rubie\u017ce - PrintYourFun\",\"isPartOf\":{\"@id\":\"https:\/\/printyourfun.eu\/#website\"},\"primaryImageOfPage\":{\"@id\":\"https:\/\/printyourfun.eu\/product\/stojaki-patrolu-star-wars-zewnetrzne-rubieze\/#primaryimage\"},\"image\":{\"@id\":\"https:\/\/printyourfun.eu\/product\/stojaki-patrolu-star-wars-zewnetrzne-rubieze\/#primaryimage\"},\"thumbnailUrl\":\"https:\/\/printyourfun.eu\/wp-content\/uploads\/2025\/01\/ASC01940-kopia-etsy.jpg\",\"datePublished\":\"2025-01-30T10:18:20+00:00\",\"dateModified\":\"2025-05-23T07:10:16+00:00\",\"breadcrumb\":{\"@id\":\"https:\/\/printyourfun.eu\/product\/stojaki-patrolu-star-wars-zewnetrzne-rubieze\/#breadcrumb\"},\"inLanguage\":\"en-GB\",\"potentialAction\":[{\"@type\":\"ReadAction\",\"target\":[\"https:\/\/printyourfun.eu\/product\/stojaki-patrolu-star-wars-zewnetrzne-rubieze\/\"]}]},{\"@type\":\"ImageObject\",\"inLanguage\":\"en-GB\",\"@id\":\"https:\/\/printyourfun.eu\/product\/stojaki-patrolu-star-wars-zewnetrzne-rubieze\/#primaryimage\",\"url\":\"https:\/\/printyourfun.eu\/wp-content\/uploads\/2025\/01\/ASC01940-kopia-etsy.jpg\",\"contentUrl\":\"https:\/\/printyourfun.eu\/wp-content\/uploads\/2025\/01\/ASC01940-kopia-etsy.jpg\",\"width\":2000,\"height\":2000},{\"@type\":\"BreadcrumbList\",\"@id\":\"https:\/\/printyourfun.eu\/product\/stojaki-patrolu-star-wars-zewnetrzne-rubieze\/#breadcrumb\",\"itemListElement\":[{\"@type\":\"ListItem\",\"position\":1,\"name\":\"Home\",\"item\":\"https:\/\/printyourfun.eu\/\"},{\"@type\":\"ListItem\",\"position\":2,\"name\":\"Sklep\",\"item\":\"https:\/\/printyourfun.eu\/sklep\/\"},{\"@type\":\"ListItem\",\"position\":3,\"name\":\"Stojaki patrolu Star Wars Zewn\u0119trzne rubie\u017ce\"}]},{\"@type\":\"WebSite\",\"@id\":\"https:\/\/printyourfun.eu\/#website\",\"url\":\"https:\/\/printyourfun.eu\/\",\"name\":\"PrintYourFun\",\"description\":\"Wydruki 3D\",\"potentialAction\":[{\"@type\":\"SearchAction\",\"target\":{\"@type\":\"EntryPoint\",\"urlTemplate\":\"https:\/\/printyourfun.eu\/?s={search_term_string}\"},\"query-input\":{\"@type\":\"PropertyValueSpecification\",\"valueRequired\":true,\"valueName\":\"search_term_string\"}}],\"inLanguage\":\"en-GB\"}]}<\/script>\n<!-- \/ Yoast SEO plugin. -->","yoast_head_json":{"title":"Stojaki patrolu Star Wars Zewn\u0119trzne rubie\u017ce - PrintYourFun","robots":{"index":"index","follow":"follow","max-snippet":"max-snippet:-1","max-image-preview":"max-image-preview:large","max-video-preview":"max-video-preview:-1"},"canonical":"https:\/\/printyourfun.eu\/en\/product\/stojaki-patrolu-star-wars-zewnetrzne-rubieze\/","og_locale":"en_GB","og_type":"article","og_title":"Stojaki patrolu Star Wars Zewn\u0119trzne rubie\u017ce - PrintYourFun","og_description":"Stojaki, podstawki patrolu Star Wars Zewn\u0119trzne rubie\u017ce Zestaw zawiera 4 podstawki patroli w 4 kolorach frakcji. Poprawiaj\u0105 widoczno\u015bc na planszy. &nbsp; &nbsp; Materia\u0142 : PLA PRODUKT NIE ZAWIERA GRY PLANSZOWEJ I JEJ ELEMENT\u00d3W.","og_url":"https:\/\/printyourfun.eu\/en\/product\/stojaki-patrolu-star-wars-zewnetrzne-rubieze\/","og_site_name":"PrintYourFun","article_publisher":"https:\/\/www.facebook.com\/Printyourfun\/","article_modified_time":"2025-05-23T07:10:16+00:00","og_image":[{"width":2000,"height":2000,"url":"https:\/\/printyourfun.eu\/wp-content\/uploads\/2025\/01\/ASC01940-kopia-etsy.jpg","type":"image\/jpeg"}],"twitter_card":"summary_large_image","twitter_misc":{"Estimated reading time":"1 minute"},"schema":{"@context":"https:\/\/schema.org","@graph":[{"@type":"WebPage","@id":"https:\/\/printyourfun.eu\/product\/stojaki-patrolu-star-wars-zewnetrzne-rubieze\/","url":"https:\/\/printyourfun.eu\/product\/stojaki-patrolu-star-wars-zewnetrzne-rubieze\/","name":"Stojaki patrolu Star Wars Zewn\u0119trzne rubie\u017ce - PrintYourFun","isPartOf":{"@id":"https:\/\/printyourfun.eu\/#website"},"primaryImageOfPage":{"@id":"https:\/\/printyourfun.eu\/product\/stojaki-patrolu-star-wars-zewnetrzne-rubieze\/#primaryimage"},"image":{"@id":"https:\/\/printyourfun.eu\/product\/stojaki-patrolu-star-wars-zewnetrzne-rubieze\/#primaryimage"},"thumbnailUrl":"https:\/\/printyourfun.eu\/wp-content\/uploads\/2025\/01\/ASC01940-kopia-etsy.jpg","datePublished":"2025-01-30T10:18:20+00:00","dateModified":"2025-05-23T07:10:16+00:00","breadcrumb":{"@id":"https:\/\/printyourfun.eu\/product\/stojaki-patrolu-star-wars-zewnetrzne-rubieze\/#breadcrumb"},"inLanguage":"en-GB","potentialAction":[{"@type":"ReadAction","target":["https:\/\/printyourfun.eu\/product\/stojaki-patrolu-star-wars-zewnetrzne-rubieze\/"]}]},{"@type":"ImageObject","inLanguage":"en-GB","@id":"https:\/\/printyourfun.eu\/product\/stojaki-patrolu-star-wars-zewnetrzne-rubieze\/#primaryimage","url":"https:\/\/printyourfun.eu\/wp-content\/uploads\/2025\/01\/ASC01940-kopia-etsy.jpg","contentUrl":"https:\/\/printyourfun.eu\/wp-content\/uploads\/2025\/01\/ASC01940-kopia-etsy.jpg","width":2000,"height":2000},{"@type":"BreadcrumbList","@id":"https:\/\/printyourfun.eu\/product\/stojaki-patrolu-star-wars-zewnetrzne-rubieze\/#breadcrumb","itemListElement":[{"@type":"ListItem","position":1,"name":"Home","item":"https:\/\/printyourfun.eu\/"},{"@type":"ListItem","position":2,"name":"Sklep","item":"https:\/\/printyourfun.eu\/sklep\/"},{"@type":"ListItem","position":3,"name":"Stojaki patrolu Star Wars Zewn\u0119trzne rubie\u017ce"}]},{"@type":"WebSite","@id":"https:\/\/printyourfun.eu\/#website","url":"https:\/\/printyourfun.eu\/","name":"PrintYourFun","description":"Wydruki 3D","potentialAction":[{"@type":"SearchAction","target":{"@type":"EntryPoint","urlTemplate":"https:\/\/printyourfun.eu\/?s={search_term_string}"},"query-input":{"@type":"PropertyValueSpecification","valueRequired":true,"valueName":"search_term_string"}}],"inLanguage":"en-GB"}]}},"_links":{"self":[{"href":"https:\/\/printyourfun.eu\/en\/wp-json\/wp\/v2\/product\/5965","targetHints":{"allow":["GET"]}}],"collection":[{"href":"https:\/\/printyourfun.eu\/en\/wp-json\/wp\/v2\/product"}],"about":[{"href":"https:\/\/printyourfun.eu\/en\/wp-json\/wp\/v2\/types\/product"}],"replies":[{"embeddable":true,"href":"https:\/\/printyourfun.eu\/en\/wp-json\/wp\/v2\/comments?post=5965"}],"wp:featuredmedia":[{"embeddable":true,"href":"https:\/\/printyourfun.eu\/en\/wp-json\/wp\/v2\/media\/5974"}],"wp:attachment":[{"href":"https:\/\/printyourfun.eu\/en\/wp-json\/wp\/v2\/media?parent=5965"}],"wp:term":[{"taxonomy":"product_brand","embeddable":true,"href":"https:\/\/printyourfun.eu\/en\/wp-json\/wp\/v2\/product_brand?post=5965"},{"taxonomy":"product_cat","embeddable":true,"href":"https:\/\/printyourfun.eu\/en\/wp-json\/wp\/v2\/product_cat?post=5965"},{"taxonomy":"product_tag","embeddable":true,"href":"https:\/\/printyourfun.eu\/en\/wp-json\/wp\/v2\/product_tag?post=5965"}],"curies":[{"name":"wp","href":"https:\/\/api.w.org\/{rel}","templated":true}]}}