{"id":5993,"date":"2025-02-26T11:26:09","date_gmt":"2025-02-26T10:26:09","guid":{"rendered":"https:\/\/printyourfun.eu\/?post_type=product&#038;p=5993"},"modified":"2025-02-27T12:01:05","modified_gmt":"2025-02-27T11:01:05","slug":"zakazane-gwiazdy-gumowe-oslony-na-zetony-kolorowe-do-galaxy-in-flames","status":"publish","type":"product","link":"https:\/\/printyourfun.eu\/en\/product\/zakazane-gwiazdy-gumowe-oslony-na-zetony-kolorowe-do-galaxy-in-flames\/","title":{"rendered":"Zakazane Gwiazdy Gumowe os\u0142ony na \u017cetony, kolorowe do Galaxy in Flames"},"content":{"rendered":"<p style=\"text-align: left;\"><span style=\"color: #c66a26; font-size: 110%; border-left: 10px solid #c66a26; padding-left: 15px;\"><strong>Zakazane Gwiazdy Gumowe os\u0142ony na \u017cetony, wielokolorowe &#8211; do dodatku Galaxy in Flames<\/strong><\/span><\/p>\n<p>Pasuj\u0105 do dodatku stworzonego w ramach fanowskiej zbi\u00f3rki organizowanej przez 'FULGRIMa&#8217;<\/p>\n<p>Idealnie chroni\u0105 przed wycieraniem i rozwarstwianiem si\u0119 \u017ceton\u00f3w podczas cz\u0119stego u\u017cywania zapewniaj\u0105c d\u0142ugowieczno\u015b\u0107 oraz zwi\u0119kszaj\u0105c widoczno\u015b\u0107 na stole.<\/p>\n<p><strong>Zestaw zawiera :<\/strong><\/p>\n<p>24 os\u0142onki na \u017cetony Cel\u00f3w<\/p>\n<p>36 os\u0142onki na \u017cetony kontroli<\/p>\n<p>32 os\u0142onki na \u017cetony rozkaz\u00f3w<\/p>\n<p><strong>Zestaw Bez rozkaz\u00f3w:<\/strong><\/p>\n<p>Zawiera wszystkie os\u0142ony opr\u00f3cz kompletu rozkaz\u00f3w, dla os\u00f3b trzymaj\u0105cych je w kapslach.<\/p>\n<p>Materia\u0142 : TPU &#8211; guma, trwa\u0142y i wytrzyma\u0142y.<\/p>\n<p>PRODUKT NIE ZAWIERA GRY PLANSZOWEJ I JEJ ELEMENT\u00d3W.<\/p>\n<h6><\/h6>","protected":false},"excerpt":{"rendered":"<p>Zakazane Gwiazdy Gumowe os\u0142ony na \u017cetony, wielokolorowe &#8211; do dodatku Galaxy in Flames Pasuj\u0105 do dodatku stworzonego w ramach fanowskiej zbi\u00f3rki organizowanej przez 'FULGRIMa&#8217; Idealnie chroni\u0105 przed wycieraniem i rozwarstwianiem si\u0119 \u017ceton\u00f3w podczas cz\u0119stego u\u017cywania zapewniaj\u0105c d\u0142ugowieczno\u015b\u0107 oraz zwi\u0119kszaj\u0105c widoczno\u015b\u0107 na stole. Zestaw zawiera : 24 os\u0142onki na \u017cetony Cel\u00f3w 36 os\u0142onki na \u017cetony kontroli [&#8230;]","protected":false},"featured_media":5996,"comment_status":"open","ping_status":"closed","template":"","meta":{"_acf_changed":false},"product_brand":[],"product_cat":[70,79],"product_tag":[341,342,173,209,174,175,210],"class_list":{"0":"post-5993","1":"product","2":"type-product","3":"status-publish","4":"has-post-thumbnail","6":"product_cat-akcesoria-do-gier","7":"product_cat-oslony-na-zetony","8":"product_tag-galaktyka-w-plomieniach","9":"product_tag-galaxy-in-flames","10":"product_tag-gumowe","11":"product_tag-kolorowe","12":"product_tag-oslony","13":"product_tag-protektory","14":"product_tag-zakazane-gwiazdy","16":"first","17":"instock","18":"shipping-taxable","19":"purchasable","20":"product-type-variable"},"acf":[],"yoast_head":"<!-- This site is optimized with the Yoast SEO plugin v24.8.1 - https:\/\/yoast.com\/wordpress\/plugins\/seo\/ -->\n<title>Zakazane Gwiazdy Gumowe os\u0142ony na \u017cetony, kolorowe do Galaxy in Flames - PrintYourFun<\/title>\n<meta name=\"robots\" content=\"index, follow, max-snippet:-1, max-image-preview:large, max-video-preview:-1\" \/>\n<link rel=\"canonical\" href=\"https:\/\/printyourfun.eu\/en\/product\/zakazane-gwiazdy-gumowe-oslony-na-zetony-kolorowe-do-galaxy-in-flames\/\" \/>\n<meta property=\"og:locale\" content=\"en_GB\" \/>\n<meta property=\"og:type\" content=\"article\" \/>\n<meta property=\"og:title\" content=\"Zakazane Gwiazdy Gumowe os\u0142ony na \u017cetony, kolorowe do Galaxy in Flames - PrintYourFun\" \/>\n<meta property=\"og:description\" content=\"Zakazane Gwiazdy Gumowe os\u0142ony na \u017cetony, wielokolorowe &#8211; do dodatku Galaxy in Flames Pasuj\u0105 do dodatku stworzonego w ramach fanowskiej zbi\u00f3rki organizowanej przez &#039;FULGRIMa&#8217; Idealnie chroni\u0105 przed wycieraniem i rozwarstwianiem si\u0119 \u017ceton\u00f3w podczas cz\u0119stego u\u017cywania zapewniaj\u0105c d\u0142ugowieczno\u015b\u0107 oraz zwi\u0119kszaj\u0105c widoczno\u015b\u0107 na stole. Zestaw zawiera : 24 os\u0142onki na \u017cetony Cel\u00f3w 36 os\u0142onki na \u017cetony kontroli [...]\" \/>\n<meta property=\"og:url\" content=\"https:\/\/printyourfun.eu\/en\/product\/zakazane-gwiazdy-gumowe-oslony-na-zetony-kolorowe-do-galaxy-in-flames\/\" \/>\n<meta property=\"og:site_name\" content=\"PrintYourFun\" \/>\n<meta property=\"article:publisher\" content=\"https:\/\/www.facebook.com\/Printyourfun\/\" \/>\n<meta property=\"article:modified_time\" content=\"2025-02-27T11:01:05+00:00\" \/>\n<meta property=\"og:image\" content=\"https:\/\/printyourfun.eu\/wp-content\/uploads\/2025\/02\/1.jpg\" \/>\n\t<meta property=\"og:image:width\" content=\"1140\" \/>\n\t<meta property=\"og:image:height\" content=\"923\" \/>\n\t<meta property=\"og:image:type\" content=\"image\/jpeg\" \/>\n<meta name=\"twitter:card\" content=\"summary_large_image\" \/>\n<meta name=\"twitter:label1\" content=\"Estimated reading time\" \/>\n\t<meta name=\"twitter:data1\" content=\"1 minute\" \/>\n<script type=\"application\/ld+json\" class=\"yoast-schema-graph\">{\"@context\":\"https:\/\/schema.org\",\"@graph\":[{\"@type\":\"WebPage\",\"@id\":\"https:\/\/printyourfun.eu\/product\/zakazane-gwiazdy-gumowe-oslony-na-zetony-kolorowe-do-galaxy-in-flames\/\",\"url\":\"https:\/\/printyourfun.eu\/product\/zakazane-gwiazdy-gumowe-oslony-na-zetony-kolorowe-do-galaxy-in-flames\/\",\"name\":\"Zakazane Gwiazdy Gumowe os\u0142ony na \u017cetony, kolorowe do Galaxy in Flames - PrintYourFun\",\"isPartOf\":{\"@id\":\"https:\/\/printyourfun.eu\/#website\"},\"primaryImageOfPage\":{\"@id\":\"https:\/\/printyourfun.eu\/product\/zakazane-gwiazdy-gumowe-oslony-na-zetony-kolorowe-do-galaxy-in-flames\/#primaryimage\"},\"image\":{\"@id\":\"https:\/\/printyourfun.eu\/product\/zakazane-gwiazdy-gumowe-oslony-na-zetony-kolorowe-do-galaxy-in-flames\/#primaryimage\"},\"thumbnailUrl\":\"https:\/\/printyourfun.eu\/wp-content\/uploads\/2025\/02\/1.jpg\",\"datePublished\":\"2025-02-26T10:26:09+00:00\",\"dateModified\":\"2025-02-27T11:01:05+00:00\",\"breadcrumb\":{\"@id\":\"https:\/\/printyourfun.eu\/product\/zakazane-gwiazdy-gumowe-oslony-na-zetony-kolorowe-do-galaxy-in-flames\/#breadcrumb\"},\"inLanguage\":\"en-GB\",\"potentialAction\":[{\"@type\":\"ReadAction\",\"target\":[\"https:\/\/printyourfun.eu\/product\/zakazane-gwiazdy-gumowe-oslony-na-zetony-kolorowe-do-galaxy-in-flames\/\"]}]},{\"@type\":\"ImageObject\",\"inLanguage\":\"en-GB\",\"@id\":\"https:\/\/printyourfun.eu\/product\/zakazane-gwiazdy-gumowe-oslony-na-zetony-kolorowe-do-galaxy-in-flames\/#primaryimage\",\"url\":\"https:\/\/printyourfun.eu\/wp-content\/uploads\/2025\/02\/1.jpg\",\"contentUrl\":\"https:\/\/printyourfun.eu\/wp-content\/uploads\/2025\/02\/1.jpg\",\"width\":1140,\"height\":923},{\"@type\":\"BreadcrumbList\",\"@id\":\"https:\/\/printyourfun.eu\/product\/zakazane-gwiazdy-gumowe-oslony-na-zetony-kolorowe-do-galaxy-in-flames\/#breadcrumb\",\"itemListElement\":[{\"@type\":\"ListItem\",\"position\":1,\"name\":\"Home\",\"item\":\"https:\/\/printyourfun.eu\/\"},{\"@type\":\"ListItem\",\"position\":2,\"name\":\"Sklep\",\"item\":\"https:\/\/printyourfun.eu\/sklep\/\"},{\"@type\":\"ListItem\",\"position\":3,\"name\":\"Zakazane Gwiazdy Gumowe os\u0142ony na \u017cetony, kolorowe do Galaxy in Flames\"}]},{\"@type\":\"WebSite\",\"@id\":\"https:\/\/printyourfun.eu\/#website\",\"url\":\"https:\/\/printyourfun.eu\/\",\"name\":\"PrintYourFun\",\"description\":\"Wydruki 3D\",\"potentialAction\":[{\"@type\":\"SearchAction\",\"target\":{\"@type\":\"EntryPoint\",\"urlTemplate\":\"https:\/\/printyourfun.eu\/?s={search_term_string}\"},\"query-input\":{\"@type\":\"PropertyValueSpecification\",\"valueRequired\":true,\"valueName\":\"search_term_string\"}}],\"inLanguage\":\"en-GB\"}]}<\/script>\n<!-- \/ Yoast SEO plugin. -->","yoast_head_json":{"title":"Zakazane Gwiazdy Gumowe os\u0142ony na \u017cetony, kolorowe do Galaxy in Flames - PrintYourFun","robots":{"index":"index","follow":"follow","max-snippet":"max-snippet:-1","max-image-preview":"max-image-preview:large","max-video-preview":"max-video-preview:-1"},"canonical":"https:\/\/printyourfun.eu\/en\/product\/zakazane-gwiazdy-gumowe-oslony-na-zetony-kolorowe-do-galaxy-in-flames\/","og_locale":"en_GB","og_type":"article","og_title":"Zakazane Gwiazdy Gumowe os\u0142ony na \u017cetony, kolorowe do Galaxy in Flames - PrintYourFun","og_description":"Zakazane Gwiazdy Gumowe os\u0142ony na \u017cetony, wielokolorowe &#8211; do dodatku Galaxy in Flames Pasuj\u0105 do dodatku stworzonego w ramach fanowskiej zbi\u00f3rki organizowanej przez 'FULGRIMa&#8217; Idealnie chroni\u0105 przed wycieraniem i rozwarstwianiem si\u0119 \u017ceton\u00f3w podczas cz\u0119stego u\u017cywania zapewniaj\u0105c d\u0142ugowieczno\u015b\u0107 oraz zwi\u0119kszaj\u0105c widoczno\u015b\u0107 na stole. Zestaw zawiera : 24 os\u0142onki na \u017cetony Cel\u00f3w 36 os\u0142onki na \u017cetony kontroli [...]","og_url":"https:\/\/printyourfun.eu\/en\/product\/zakazane-gwiazdy-gumowe-oslony-na-zetony-kolorowe-do-galaxy-in-flames\/","og_site_name":"PrintYourFun","article_publisher":"https:\/\/www.facebook.com\/Printyourfun\/","article_modified_time":"2025-02-27T11:01:05+00:00","og_image":[{"width":1140,"height":923,"url":"https:\/\/printyourfun.eu\/wp-content\/uploads\/2025\/02\/1.jpg","type":"image\/jpeg"}],"twitter_card":"summary_large_image","twitter_misc":{"Estimated reading time":"1 minute"},"schema":{"@context":"https:\/\/schema.org","@graph":[{"@type":"WebPage","@id":"https:\/\/printyourfun.eu\/product\/zakazane-gwiazdy-gumowe-oslony-na-zetony-kolorowe-do-galaxy-in-flames\/","url":"https:\/\/printyourfun.eu\/product\/zakazane-gwiazdy-gumowe-oslony-na-zetony-kolorowe-do-galaxy-in-flames\/","name":"Zakazane Gwiazdy Gumowe os\u0142ony na \u017cetony, kolorowe do Galaxy in Flames - PrintYourFun","isPartOf":{"@id":"https:\/\/printyourfun.eu\/#website"},"primaryImageOfPage":{"@id":"https:\/\/printyourfun.eu\/product\/zakazane-gwiazdy-gumowe-oslony-na-zetony-kolorowe-do-galaxy-in-flames\/#primaryimage"},"image":{"@id":"https:\/\/printyourfun.eu\/product\/zakazane-gwiazdy-gumowe-oslony-na-zetony-kolorowe-do-galaxy-in-flames\/#primaryimage"},"thumbnailUrl":"https:\/\/printyourfun.eu\/wp-content\/uploads\/2025\/02\/1.jpg","datePublished":"2025-02-26T10:26:09+00:00","dateModified":"2025-02-27T11:01:05+00:00","breadcrumb":{"@id":"https:\/\/printyourfun.eu\/product\/zakazane-gwiazdy-gumowe-oslony-na-zetony-kolorowe-do-galaxy-in-flames\/#breadcrumb"},"inLanguage":"en-GB","potentialAction":[{"@type":"ReadAction","target":["https:\/\/printyourfun.eu\/product\/zakazane-gwiazdy-gumowe-oslony-na-zetony-kolorowe-do-galaxy-in-flames\/"]}]},{"@type":"ImageObject","inLanguage":"en-GB","@id":"https:\/\/printyourfun.eu\/product\/zakazane-gwiazdy-gumowe-oslony-na-zetony-kolorowe-do-galaxy-in-flames\/#primaryimage","url":"https:\/\/printyourfun.eu\/wp-content\/uploads\/2025\/02\/1.jpg","contentUrl":"https:\/\/printyourfun.eu\/wp-content\/uploads\/2025\/02\/1.jpg","width":1140,"height":923},{"@type":"BreadcrumbList","@id":"https:\/\/printyourfun.eu\/product\/zakazane-gwiazdy-gumowe-oslony-na-zetony-kolorowe-do-galaxy-in-flames\/#breadcrumb","itemListElement":[{"@type":"ListItem","position":1,"name":"Home","item":"https:\/\/printyourfun.eu\/"},{"@type":"ListItem","position":2,"name":"Sklep","item":"https:\/\/printyourfun.eu\/sklep\/"},{"@type":"ListItem","position":3,"name":"Zakazane Gwiazdy Gumowe os\u0142ony na \u017cetony, kolorowe do Galaxy in Flames"}]},{"@type":"WebSite","@id":"https:\/\/printyourfun.eu\/#website","url":"https:\/\/printyourfun.eu\/","name":"PrintYourFun","description":"Wydruki 3D","potentialAction":[{"@type":"SearchAction","target":{"@type":"EntryPoint","urlTemplate":"https:\/\/printyourfun.eu\/?s={search_term_string}"},"query-input":{"@type":"PropertyValueSpecification","valueRequired":true,"valueName":"search_term_string"}}],"inLanguage":"en-GB"}]}},"_links":{"self":[{"href":"https:\/\/printyourfun.eu\/en\/wp-json\/wp\/v2\/product\/5993","targetHints":{"allow":["GET"]}}],"collection":[{"href":"https:\/\/printyourfun.eu\/en\/wp-json\/wp\/v2\/product"}],"about":[{"href":"https:\/\/printyourfun.eu\/en\/wp-json\/wp\/v2\/types\/product"}],"replies":[{"embeddable":true,"href":"https:\/\/printyourfun.eu\/en\/wp-json\/wp\/v2\/comments?post=5993"}],"wp:featuredmedia":[{"embeddable":true,"href":"https:\/\/printyourfun.eu\/en\/wp-json\/wp\/v2\/media\/5996"}],"wp:attachment":[{"href":"https:\/\/printyourfun.eu\/en\/wp-json\/wp\/v2\/media?parent=5993"}],"wp:term":[{"taxonomy":"product_brand","embeddable":true,"href":"https:\/\/printyourfun.eu\/en\/wp-json\/wp\/v2\/product_brand?post=5993"},{"taxonomy":"product_cat","embeddable":true,"href":"https:\/\/printyourfun.eu\/en\/wp-json\/wp\/v2\/product_cat?post=5993"},{"taxonomy":"product_tag","embeddable":true,"href":"https:\/\/printyourfun.eu\/en\/wp-json\/wp\/v2\/product_tag?post=5993"}],"curies":[{"name":"wp","href":"https:\/\/api.w.org\/{rel}","templated":true}]}}