{"id":6007,"date":"2025-03-05T10:01:59","date_gmt":"2025-03-05T09:01:59","guid":{"rendered":"https:\/\/printyourfun.eu\/?post_type=product&#038;p=6007"},"modified":"2025-03-05T10:16:54","modified_gmt":"2025-03-05T09:16:54","slug":"brzdek-w-kosmosie-pulsarcade-oslony-na-zetony","status":"publish","type":"product","link":"https:\/\/printyourfun.eu\/en\/product\/brzdek-w-kosmosie-pulsarcade-oslony-na-zetony\/","title":{"rendered":"Brzd\u0119k w Kosmosie + Pulsarcade Os\u0142ony na \u017cetony"},"content":{"rendered":"<p style=\"text-align: left;\"><span style=\"color: #c66a26; font-size: 110%; border-left: 10px solid #c66a26; padding-left: 15px;\"><strong>Brzd\u0119k w Kosmosie + Pulsarcade gumowe wielokolorowe os\u0142ony na \u017cetony.<\/strong><\/span><\/p>\n<p>Idealnie chroni\u0105 przed wycieraniem i rozwarstwianiem si\u0119 \u017ceton\u00f3w podczas cz\u0119stego u\u017cywania zapewniaj\u0105c d\u0142ugowieczno\u015b\u0107.<\/p>\n<p><strong>W sk\u0142ad zestawu &#8222;podstawowego&#8221; wchodzi:\u00a0<\/strong><\/p>\n<p>-Gra podstawowa:<br \/>\n6x Artifakt\u00f3w<br \/>\n11x Pomniejszych sekret\u00f3w<br \/>\n28x Du\u017cych sekret\u00f3w<br \/>\n8x Towary<br \/>\n4x Kapsu\u0142y ratunkowe<br \/>\n4x Kody dowodzenia<br \/>\n44x Kredyty<br \/>\n1x Blokada<\/p>\n<p>-Pulsartomat<br \/>\n4x Wynalazki<br \/>\n2x Niezb\u0119dniki inwigilatora<br \/>\n70x Kredyty<\/p>\n<p>Materia\u0142 : TPU &#8211; guma, trwa\u0142y i wytrzyma\u0142y.<\/p>\n<p>PRODUKT NIE ZAWIERA GRY PLANSZOWEJ I JEJ ELEMENT\u00d3W.<\/p>\n<h6><\/h6>","protected":false},"excerpt":{"rendered":"<p>Brzd\u0119k w Kosmosie + Pulsarcade gumowe wielokolorowe os\u0142ony na \u017cetony. Idealnie chroni\u0105 przed wycieraniem i rozwarstwianiem si\u0119 \u017ceton\u00f3w podczas cz\u0119stego u\u017cywania zapewniaj\u0105c d\u0142ugowieczno\u015b\u0107. W sk\u0142ad zestawu &#8222;podstawowego&#8221; wchodzi:\u00a0 -Gra podstawowa: 6x Artifakt\u00f3w 11x Pomniejszych sekret\u00f3w 28x Du\u017cych sekret\u00f3w 8x Towary 4x Kapsu\u0142y ratunkowe 4x Kody dowodzenia 44x Kredyty 1x Blokada -Pulsartomat 4x Wynalazki 2x Niezb\u0119dniki [&#8230;]","protected":false},"featured_media":6011,"comment_status":"open","ping_status":"closed","template":"","meta":{"_acf_changed":false},"product_brand":[],"product_cat":[70,79],"product_tag":[119,124,173,209,174,175],"class_list":{"0":"post-6007","1":"product","2":"type-product","3":"status-publish","4":"has-post-thumbnail","6":"product_cat-akcesoria-do-gier","7":"product_cat-oslony-na-zetony","8":"product_tag-brzdek","9":"product_tag-clank","10":"product_tag-gumowe","11":"product_tag-kolorowe","12":"product_tag-oslony","13":"product_tag-protektory","15":"first","16":"instock","17":"featured","18":"shipping-taxable","19":"purchasable","20":"product-type-variable"},"acf":[],"yoast_head":"<!-- This site is optimized with the Yoast SEO plugin v24.8.1 - https:\/\/yoast.com\/wordpress\/plugins\/seo\/ -->\n<title>Brzd\u0119k w Kosmosie + Pulsarcade Os\u0142ony na \u017cetony - PrintYourFun<\/title>\n<meta name=\"robots\" content=\"index, follow, max-snippet:-1, max-image-preview:large, max-video-preview:-1\" \/>\n<link rel=\"canonical\" href=\"https:\/\/printyourfun.eu\/en\/product\/brzdek-w-kosmosie-pulsarcade-oslony-na-zetony\/\" \/>\n<meta property=\"og:locale\" content=\"en_GB\" \/>\n<meta property=\"og:type\" content=\"article\" \/>\n<meta property=\"og:title\" content=\"Brzd\u0119k w Kosmosie + Pulsarcade Os\u0142ony na \u017cetony - PrintYourFun\" \/>\n<meta property=\"og:description\" content=\"Brzd\u0119k w Kosmosie + Pulsarcade gumowe wielokolorowe os\u0142ony na \u017cetony. Idealnie chroni\u0105 przed wycieraniem i rozwarstwianiem si\u0119 \u017ceton\u00f3w podczas cz\u0119stego u\u017cywania zapewniaj\u0105c d\u0142ugowieczno\u015b\u0107. W sk\u0142ad zestawu &#8222;podstawowego&#8221; wchodzi:\u00a0 -Gra podstawowa: 6x Artifakt\u00f3w 11x Pomniejszych sekret\u00f3w 28x Du\u017cych sekret\u00f3w 8x Towary 4x Kapsu\u0142y ratunkowe 4x Kody dowodzenia 44x Kredyty 1x Blokada -Pulsartomat 4x Wynalazki 2x Niezb\u0119dniki [...]\" \/>\n<meta property=\"og:url\" content=\"https:\/\/printyourfun.eu\/en\/product\/brzdek-w-kosmosie-pulsarcade-oslony-na-zetony\/\" \/>\n<meta property=\"og:site_name\" content=\"PrintYourFun\" \/>\n<meta property=\"article:publisher\" content=\"https:\/\/www.facebook.com\/Printyourfun\/\" \/>\n<meta property=\"article:modified_time\" content=\"2025-03-05T09:16:54+00:00\" \/>\n<meta property=\"og:image\" content=\"https:\/\/printyourfun.eu\/wp-content\/uploads\/2025\/03\/Kosmos-1-scaled.jpg\" \/>\n\t<meta property=\"og:image:width\" content=\"2560\" \/>\n\t<meta property=\"og:image:height\" content=\"1736\" \/>\n\t<meta property=\"og:image:type\" content=\"image\/jpeg\" \/>\n<meta name=\"twitter:card\" content=\"summary_large_image\" \/>\n<script type=\"application\/ld+json\" class=\"yoast-schema-graph\">{\"@context\":\"https:\/\/schema.org\",\"@graph\":[{\"@type\":\"WebPage\",\"@id\":\"https:\/\/printyourfun.eu\/product\/brzdek-w-kosmosie-pulsarcade-oslony-na-zetony\/\",\"url\":\"https:\/\/printyourfun.eu\/product\/brzdek-w-kosmosie-pulsarcade-oslony-na-zetony\/\",\"name\":\"Brzd\u0119k w Kosmosie + Pulsarcade Os\u0142ony na \u017cetony - PrintYourFun\",\"isPartOf\":{\"@id\":\"https:\/\/printyourfun.eu\/#website\"},\"primaryImageOfPage\":{\"@id\":\"https:\/\/printyourfun.eu\/product\/brzdek-w-kosmosie-pulsarcade-oslony-na-zetony\/#primaryimage\"},\"image\":{\"@id\":\"https:\/\/printyourfun.eu\/product\/brzdek-w-kosmosie-pulsarcade-oslony-na-zetony\/#primaryimage\"},\"thumbnailUrl\":\"https:\/\/printyourfun.eu\/wp-content\/uploads\/2025\/03\/Kosmos-1-scaled.jpg\",\"datePublished\":\"2025-03-05T09:01:59+00:00\",\"dateModified\":\"2025-03-05T09:16:54+00:00\",\"breadcrumb\":{\"@id\":\"https:\/\/printyourfun.eu\/product\/brzdek-w-kosmosie-pulsarcade-oslony-na-zetony\/#breadcrumb\"},\"inLanguage\":\"en-GB\",\"potentialAction\":[{\"@type\":\"ReadAction\",\"target\":[\"https:\/\/printyourfun.eu\/product\/brzdek-w-kosmosie-pulsarcade-oslony-na-zetony\/\"]}]},{\"@type\":\"ImageObject\",\"inLanguage\":\"en-GB\",\"@id\":\"https:\/\/printyourfun.eu\/product\/brzdek-w-kosmosie-pulsarcade-oslony-na-zetony\/#primaryimage\",\"url\":\"https:\/\/printyourfun.eu\/wp-content\/uploads\/2025\/03\/Kosmos-1-scaled.jpg\",\"contentUrl\":\"https:\/\/printyourfun.eu\/wp-content\/uploads\/2025\/03\/Kosmos-1-scaled.jpg\",\"width\":2560,\"height\":1736},{\"@type\":\"BreadcrumbList\",\"@id\":\"https:\/\/printyourfun.eu\/product\/brzdek-w-kosmosie-pulsarcade-oslony-na-zetony\/#breadcrumb\",\"itemListElement\":[{\"@type\":\"ListItem\",\"position\":1,\"name\":\"Home\",\"item\":\"https:\/\/printyourfun.eu\/\"},{\"@type\":\"ListItem\",\"position\":2,\"name\":\"Sklep\",\"item\":\"https:\/\/printyourfun.eu\/sklep\/\"},{\"@type\":\"ListItem\",\"position\":3,\"name\":\"Brzd\u0119k w Kosmosie + Pulsarcade Os\u0142ony na \u017cetony\"}]},{\"@type\":\"WebSite\",\"@id\":\"https:\/\/printyourfun.eu\/#website\",\"url\":\"https:\/\/printyourfun.eu\/\",\"name\":\"PrintYourFun\",\"description\":\"Wydruki 3D\",\"potentialAction\":[{\"@type\":\"SearchAction\",\"target\":{\"@type\":\"EntryPoint\",\"urlTemplate\":\"https:\/\/printyourfun.eu\/?s={search_term_string}\"},\"query-input\":{\"@type\":\"PropertyValueSpecification\",\"valueRequired\":true,\"valueName\":\"search_term_string\"}}],\"inLanguage\":\"en-GB\"}]}<\/script>\n<!-- \/ Yoast SEO plugin. -->","yoast_head_json":{"title":"Brzd\u0119k w Kosmosie + Pulsarcade Os\u0142ony na \u017cetony - PrintYourFun","robots":{"index":"index","follow":"follow","max-snippet":"max-snippet:-1","max-image-preview":"max-image-preview:large","max-video-preview":"max-video-preview:-1"},"canonical":"https:\/\/printyourfun.eu\/en\/product\/brzdek-w-kosmosie-pulsarcade-oslony-na-zetony\/","og_locale":"en_GB","og_type":"article","og_title":"Brzd\u0119k w Kosmosie + Pulsarcade Os\u0142ony na \u017cetony - PrintYourFun","og_description":"Brzd\u0119k w Kosmosie + Pulsarcade gumowe wielokolorowe os\u0142ony na \u017cetony. Idealnie chroni\u0105 przed wycieraniem i rozwarstwianiem si\u0119 \u017ceton\u00f3w podczas cz\u0119stego u\u017cywania zapewniaj\u0105c d\u0142ugowieczno\u015b\u0107. W sk\u0142ad zestawu &#8222;podstawowego&#8221; wchodzi:\u00a0 -Gra podstawowa: 6x Artifakt\u00f3w 11x Pomniejszych sekret\u00f3w 28x Du\u017cych sekret\u00f3w 8x Towary 4x Kapsu\u0142y ratunkowe 4x Kody dowodzenia 44x Kredyty 1x Blokada -Pulsartomat 4x Wynalazki 2x Niezb\u0119dniki [...]","og_url":"https:\/\/printyourfun.eu\/en\/product\/brzdek-w-kosmosie-pulsarcade-oslony-na-zetony\/","og_site_name":"PrintYourFun","article_publisher":"https:\/\/www.facebook.com\/Printyourfun\/","article_modified_time":"2025-03-05T09:16:54+00:00","og_image":[{"width":2560,"height":1736,"url":"https:\/\/printyourfun.eu\/wp-content\/uploads\/2025\/03\/Kosmos-1-scaled.jpg","type":"image\/jpeg"}],"twitter_card":"summary_large_image","schema":{"@context":"https:\/\/schema.org","@graph":[{"@type":"WebPage","@id":"https:\/\/printyourfun.eu\/product\/brzdek-w-kosmosie-pulsarcade-oslony-na-zetony\/","url":"https:\/\/printyourfun.eu\/product\/brzdek-w-kosmosie-pulsarcade-oslony-na-zetony\/","name":"Brzd\u0119k w Kosmosie + Pulsarcade Os\u0142ony na \u017cetony - PrintYourFun","isPartOf":{"@id":"https:\/\/printyourfun.eu\/#website"},"primaryImageOfPage":{"@id":"https:\/\/printyourfun.eu\/product\/brzdek-w-kosmosie-pulsarcade-oslony-na-zetony\/#primaryimage"},"image":{"@id":"https:\/\/printyourfun.eu\/product\/brzdek-w-kosmosie-pulsarcade-oslony-na-zetony\/#primaryimage"},"thumbnailUrl":"https:\/\/printyourfun.eu\/wp-content\/uploads\/2025\/03\/Kosmos-1-scaled.jpg","datePublished":"2025-03-05T09:01:59+00:00","dateModified":"2025-03-05T09:16:54+00:00","breadcrumb":{"@id":"https:\/\/printyourfun.eu\/product\/brzdek-w-kosmosie-pulsarcade-oslony-na-zetony\/#breadcrumb"},"inLanguage":"en-GB","potentialAction":[{"@type":"ReadAction","target":["https:\/\/printyourfun.eu\/product\/brzdek-w-kosmosie-pulsarcade-oslony-na-zetony\/"]}]},{"@type":"ImageObject","inLanguage":"en-GB","@id":"https:\/\/printyourfun.eu\/product\/brzdek-w-kosmosie-pulsarcade-oslony-na-zetony\/#primaryimage","url":"https:\/\/printyourfun.eu\/wp-content\/uploads\/2025\/03\/Kosmos-1-scaled.jpg","contentUrl":"https:\/\/printyourfun.eu\/wp-content\/uploads\/2025\/03\/Kosmos-1-scaled.jpg","width":2560,"height":1736},{"@type":"BreadcrumbList","@id":"https:\/\/printyourfun.eu\/product\/brzdek-w-kosmosie-pulsarcade-oslony-na-zetony\/#breadcrumb","itemListElement":[{"@type":"ListItem","position":1,"name":"Home","item":"https:\/\/printyourfun.eu\/"},{"@type":"ListItem","position":2,"name":"Sklep","item":"https:\/\/printyourfun.eu\/sklep\/"},{"@type":"ListItem","position":3,"name":"Brzd\u0119k w Kosmosie + Pulsarcade Os\u0142ony na \u017cetony"}]},{"@type":"WebSite","@id":"https:\/\/printyourfun.eu\/#website","url":"https:\/\/printyourfun.eu\/","name":"PrintYourFun","description":"Wydruki 3D","potentialAction":[{"@type":"SearchAction","target":{"@type":"EntryPoint","urlTemplate":"https:\/\/printyourfun.eu\/?s={search_term_string}"},"query-input":{"@type":"PropertyValueSpecification","valueRequired":true,"valueName":"search_term_string"}}],"inLanguage":"en-GB"}]}},"_links":{"self":[{"href":"https:\/\/printyourfun.eu\/en\/wp-json\/wp\/v2\/product\/6007","targetHints":{"allow":["GET"]}}],"collection":[{"href":"https:\/\/printyourfun.eu\/en\/wp-json\/wp\/v2\/product"}],"about":[{"href":"https:\/\/printyourfun.eu\/en\/wp-json\/wp\/v2\/types\/product"}],"replies":[{"embeddable":true,"href":"https:\/\/printyourfun.eu\/en\/wp-json\/wp\/v2\/comments?post=6007"}],"wp:featuredmedia":[{"embeddable":true,"href":"https:\/\/printyourfun.eu\/en\/wp-json\/wp\/v2\/media\/6011"}],"wp:attachment":[{"href":"https:\/\/printyourfun.eu\/en\/wp-json\/wp\/v2\/media?parent=6007"}],"wp:term":[{"taxonomy":"product_brand","embeddable":true,"href":"https:\/\/printyourfun.eu\/en\/wp-json\/wp\/v2\/product_brand?post=6007"},{"taxonomy":"product_cat","embeddable":true,"href":"https:\/\/printyourfun.eu\/en\/wp-json\/wp\/v2\/product_cat?post=6007"},{"taxonomy":"product_tag","embeddable":true,"href":"https:\/\/printyourfun.eu\/en\/wp-json\/wp\/v2\/product_tag?post=6007"}],"curies":[{"name":"wp","href":"https:\/\/api.w.org\/{rel}","templated":true}]}}