{"id":6067,"date":"2025-04-14T11:38:47","date_gmt":"2025-04-14T09:38:47","guid":{"rendered":"https:\/\/printyourfun.eu\/?post_type=product&#038;p=6067"},"modified":"2025-04-14T12:59:35","modified_gmt":"2025-04-14T10:59:35","slug":"scythe-swit-narodow-karty-pomocy","status":"publish","type":"product","link":"https:\/\/printyourfun.eu\/en\/product\/scythe-swit-narodow-karty-pomocy\/","title":{"rendered":"Scythe &#8211; \u015awit Narod\u00f3w Karty pomocy\u00a0"},"content":{"rendered":"<div><strong>Fanowski dodatek do Gry Scythe:<\/strong><\/div>\n<p>Karty zawieraj\u0105ce symbole frakcji oraz nazwy planszetek graczy.<\/p>\n<p>Karty s\u0105 przydatne podczas rozk\u0142adania gry. Dzi\u0119ki nim szybko wylosujesz zestaw startowy dla ka\u017cdego gracza.<\/p>\n<p>&nbsp;<\/p>\n<p>Dodatek fanowski. Nie posiadamy praw do \u017cadnego znaku towarowego, grafiki ani modelu zawartej w dodatku. \u017badne naruszenie praw nie jest zamierzone.<\/p>\n<p>Sprzedawane egzemplarze dodatku stanowi\u0105 pozosta\u0142o\u015b\u0107 po fanowskiej zbi\u00f3rce i s\u0105 nadwy\u017ckami produkcyjnymi.<\/p>","protected":false},"excerpt":{"rendered":"<p>Fanowski dodatek do Gry Scythe: Karty zawieraj\u0105ce symbole frakcji oraz nazwy planszetek graczy. Karty s\u0105 przydatne podczas rozk\u0142adania gry. Dzi\u0119ki nim szybko wylosujesz zestaw startowy dla ka\u017cdego gracza. &nbsp; Dodatek fanowski. Nie posiadamy praw do \u017cadnego znaku towarowego, grafiki ani modelu zawartej w dodatku. \u017badne naruszenie praw nie jest zamierzone. Sprzedawane egzemplarze dodatku stanowi\u0105 pozosta\u0142o\u015b\u0107 [&#8230;]","protected":false},"featured_media":6070,"comment_status":"open","ping_status":"closed","template":"","meta":{"_acf_changed":false},"product_brand":[],"product_cat":[345,350],"product_tag":[347,348,349],"class_list":{"0":"post-6067","1":"product","2":"type-product","3":"status-publish","4":"has-post-thumbnail","6":"product_cat-dodatki-fanowskie","7":"product_cat-scythe","8":"product_tag-scythe","9":"product_tag-scythe-swit-narodow","10":"product_tag-swit-narodow","12":"first","13":"instock","14":"shipping-taxable","15":"purchasable","16":"product-type-simple"},"acf":[],"yoast_head":"<!-- This site is optimized with the Yoast SEO plugin v24.8.1 - https:\/\/yoast.com\/wordpress\/plugins\/seo\/ -->\n<title>Scythe - \u015awit Narod\u00f3w Karty pomocy\u00a0 - PrintYourFun<\/title>\n<meta name=\"robots\" content=\"index, follow, max-snippet:-1, max-image-preview:large, max-video-preview:-1\" \/>\n<link rel=\"canonical\" href=\"https:\/\/printyourfun.eu\/en\/product\/scythe-swit-narodow-karty-pomocy\/\" \/>\n<meta property=\"og:locale\" content=\"en_GB\" \/>\n<meta property=\"og:type\" content=\"article\" \/>\n<meta property=\"og:title\" content=\"Scythe - \u015awit Narod\u00f3w Karty pomocy\u00a0 - PrintYourFun\" \/>\n<meta property=\"og:description\" content=\"Fanowski dodatek do Gry Scythe: Karty zawieraj\u0105ce symbole frakcji oraz nazwy planszetek graczy. Karty s\u0105 przydatne podczas rozk\u0142adania gry. Dzi\u0119ki nim szybko wylosujesz zestaw startowy dla ka\u017cdego gracza. &nbsp; Dodatek fanowski. Nie posiadamy praw do \u017cadnego znaku towarowego, grafiki ani modelu zawartej w dodatku. \u017badne naruszenie praw nie jest zamierzone. Sprzedawane egzemplarze dodatku stanowi\u0105 pozosta\u0142o\u015b\u0107 [...]\" \/>\n<meta property=\"og:url\" content=\"https:\/\/printyourfun.eu\/en\/product\/scythe-swit-narodow-karty-pomocy\/\" \/>\n<meta property=\"og:site_name\" content=\"PrintYourFun\" \/>\n<meta property=\"article:publisher\" content=\"https:\/\/www.facebook.com\/Printyourfun\/\" \/>\n<meta property=\"article:modified_time\" content=\"2025-04-14T10:59:35+00:00\" \/>\n<meta property=\"og:image\" content=\"https:\/\/printyourfun.eu\/wp-content\/uploads\/2025\/04\/ASC02234-kopia-1.jpg\" \/>\n\t<meta property=\"og:image:width\" content=\"2000\" \/>\n\t<meta property=\"og:image:height\" content=\"2000\" \/>\n\t<meta property=\"og:image:type\" content=\"image\/jpeg\" \/>\n<meta name=\"twitter:card\" content=\"summary_large_image\" \/>\n<meta name=\"twitter:label1\" content=\"Estimated reading time\" \/>\n\t<meta name=\"twitter:data1\" content=\"1 minute\" \/>\n<script type=\"application\/ld+json\" class=\"yoast-schema-graph\">{\"@context\":\"https:\/\/schema.org\",\"@graph\":[{\"@type\":\"WebPage\",\"@id\":\"https:\/\/printyourfun.eu\/product\/scythe-swit-narodow-karty-pomocy\/\",\"url\":\"https:\/\/printyourfun.eu\/product\/scythe-swit-narodow-karty-pomocy\/\",\"name\":\"Scythe - \u015awit Narod\u00f3w Karty pomocy\u00a0 - PrintYourFun\",\"isPartOf\":{\"@id\":\"https:\/\/printyourfun.eu\/#website\"},\"primaryImageOfPage\":{\"@id\":\"https:\/\/printyourfun.eu\/product\/scythe-swit-narodow-karty-pomocy\/#primaryimage\"},\"image\":{\"@id\":\"https:\/\/printyourfun.eu\/product\/scythe-swit-narodow-karty-pomocy\/#primaryimage\"},\"thumbnailUrl\":\"https:\/\/printyourfun.eu\/wp-content\/uploads\/2025\/04\/ASC02234-kopia-1.jpg\",\"datePublished\":\"2025-04-14T09:38:47+00:00\",\"dateModified\":\"2025-04-14T10:59:35+00:00\",\"breadcrumb\":{\"@id\":\"https:\/\/printyourfun.eu\/product\/scythe-swit-narodow-karty-pomocy\/#breadcrumb\"},\"inLanguage\":\"en-GB\",\"potentialAction\":[{\"@type\":\"ReadAction\",\"target\":[\"https:\/\/printyourfun.eu\/product\/scythe-swit-narodow-karty-pomocy\/\"]}]},{\"@type\":\"ImageObject\",\"inLanguage\":\"en-GB\",\"@id\":\"https:\/\/printyourfun.eu\/product\/scythe-swit-narodow-karty-pomocy\/#primaryimage\",\"url\":\"https:\/\/printyourfun.eu\/wp-content\/uploads\/2025\/04\/ASC02234-kopia-1.jpg\",\"contentUrl\":\"https:\/\/printyourfun.eu\/wp-content\/uploads\/2025\/04\/ASC02234-kopia-1.jpg\",\"width\":2000,\"height\":2000},{\"@type\":\"BreadcrumbList\",\"@id\":\"https:\/\/printyourfun.eu\/product\/scythe-swit-narodow-karty-pomocy\/#breadcrumb\",\"itemListElement\":[{\"@type\":\"ListItem\",\"position\":1,\"name\":\"Home\",\"item\":\"https:\/\/printyourfun.eu\/\"},{\"@type\":\"ListItem\",\"position\":2,\"name\":\"Sklep\",\"item\":\"https:\/\/printyourfun.eu\/sklep\/\"},{\"@type\":\"ListItem\",\"position\":3,\"name\":\"Scythe &#8211; \u015awit Narod\u00f3w Karty pomocy\u00a0\"}]},{\"@type\":\"WebSite\",\"@id\":\"https:\/\/printyourfun.eu\/#website\",\"url\":\"https:\/\/printyourfun.eu\/\",\"name\":\"PrintYourFun\",\"description\":\"Wydruki 3D\",\"potentialAction\":[{\"@type\":\"SearchAction\",\"target\":{\"@type\":\"EntryPoint\",\"urlTemplate\":\"https:\/\/printyourfun.eu\/?s={search_term_string}\"},\"query-input\":{\"@type\":\"PropertyValueSpecification\",\"valueRequired\":true,\"valueName\":\"search_term_string\"}}],\"inLanguage\":\"en-GB\"}]}<\/script>\n<!-- \/ Yoast SEO plugin. -->","yoast_head_json":{"title":"Scythe - \u015awit Narod\u00f3w Karty pomocy\u00a0 - PrintYourFun","robots":{"index":"index","follow":"follow","max-snippet":"max-snippet:-1","max-image-preview":"max-image-preview:large","max-video-preview":"max-video-preview:-1"},"canonical":"https:\/\/printyourfun.eu\/en\/product\/scythe-swit-narodow-karty-pomocy\/","og_locale":"en_GB","og_type":"article","og_title":"Scythe - \u015awit Narod\u00f3w Karty pomocy\u00a0 - PrintYourFun","og_description":"Fanowski dodatek do Gry Scythe: Karty zawieraj\u0105ce symbole frakcji oraz nazwy planszetek graczy. Karty s\u0105 przydatne podczas rozk\u0142adania gry. Dzi\u0119ki nim szybko wylosujesz zestaw startowy dla ka\u017cdego gracza. &nbsp; Dodatek fanowski. Nie posiadamy praw do \u017cadnego znaku towarowego, grafiki ani modelu zawartej w dodatku. \u017badne naruszenie praw nie jest zamierzone. Sprzedawane egzemplarze dodatku stanowi\u0105 pozosta\u0142o\u015b\u0107 [...]","og_url":"https:\/\/printyourfun.eu\/en\/product\/scythe-swit-narodow-karty-pomocy\/","og_site_name":"PrintYourFun","article_publisher":"https:\/\/www.facebook.com\/Printyourfun\/","article_modified_time":"2025-04-14T10:59:35+00:00","og_image":[{"width":2000,"height":2000,"url":"https:\/\/printyourfun.eu\/wp-content\/uploads\/2025\/04\/ASC02234-kopia-1.jpg","type":"image\/jpeg"}],"twitter_card":"summary_large_image","twitter_misc":{"Estimated reading time":"1 minute"},"schema":{"@context":"https:\/\/schema.org","@graph":[{"@type":"WebPage","@id":"https:\/\/printyourfun.eu\/product\/scythe-swit-narodow-karty-pomocy\/","url":"https:\/\/printyourfun.eu\/product\/scythe-swit-narodow-karty-pomocy\/","name":"Scythe - \u015awit Narod\u00f3w Karty pomocy\u00a0 - PrintYourFun","isPartOf":{"@id":"https:\/\/printyourfun.eu\/#website"},"primaryImageOfPage":{"@id":"https:\/\/printyourfun.eu\/product\/scythe-swit-narodow-karty-pomocy\/#primaryimage"},"image":{"@id":"https:\/\/printyourfun.eu\/product\/scythe-swit-narodow-karty-pomocy\/#primaryimage"},"thumbnailUrl":"https:\/\/printyourfun.eu\/wp-content\/uploads\/2025\/04\/ASC02234-kopia-1.jpg","datePublished":"2025-04-14T09:38:47+00:00","dateModified":"2025-04-14T10:59:35+00:00","breadcrumb":{"@id":"https:\/\/printyourfun.eu\/product\/scythe-swit-narodow-karty-pomocy\/#breadcrumb"},"inLanguage":"en-GB","potentialAction":[{"@type":"ReadAction","target":["https:\/\/printyourfun.eu\/product\/scythe-swit-narodow-karty-pomocy\/"]}]},{"@type":"ImageObject","inLanguage":"en-GB","@id":"https:\/\/printyourfun.eu\/product\/scythe-swit-narodow-karty-pomocy\/#primaryimage","url":"https:\/\/printyourfun.eu\/wp-content\/uploads\/2025\/04\/ASC02234-kopia-1.jpg","contentUrl":"https:\/\/printyourfun.eu\/wp-content\/uploads\/2025\/04\/ASC02234-kopia-1.jpg","width":2000,"height":2000},{"@type":"BreadcrumbList","@id":"https:\/\/printyourfun.eu\/product\/scythe-swit-narodow-karty-pomocy\/#breadcrumb","itemListElement":[{"@type":"ListItem","position":1,"name":"Home","item":"https:\/\/printyourfun.eu\/"},{"@type":"ListItem","position":2,"name":"Sklep","item":"https:\/\/printyourfun.eu\/sklep\/"},{"@type":"ListItem","position":3,"name":"Scythe &#8211; \u015awit Narod\u00f3w Karty pomocy\u00a0"}]},{"@type":"WebSite","@id":"https:\/\/printyourfun.eu\/#website","url":"https:\/\/printyourfun.eu\/","name":"PrintYourFun","description":"Wydruki 3D","potentialAction":[{"@type":"SearchAction","target":{"@type":"EntryPoint","urlTemplate":"https:\/\/printyourfun.eu\/?s={search_term_string}"},"query-input":{"@type":"PropertyValueSpecification","valueRequired":true,"valueName":"search_term_string"}}],"inLanguage":"en-GB"}]}},"_links":{"self":[{"href":"https:\/\/printyourfun.eu\/en\/wp-json\/wp\/v2\/product\/6067","targetHints":{"allow":["GET"]}}],"collection":[{"href":"https:\/\/printyourfun.eu\/en\/wp-json\/wp\/v2\/product"}],"about":[{"href":"https:\/\/printyourfun.eu\/en\/wp-json\/wp\/v2\/types\/product"}],"replies":[{"embeddable":true,"href":"https:\/\/printyourfun.eu\/en\/wp-json\/wp\/v2\/comments?post=6067"}],"wp:featuredmedia":[{"embeddable":true,"href":"https:\/\/printyourfun.eu\/en\/wp-json\/wp\/v2\/media\/6070"}],"wp:attachment":[{"href":"https:\/\/printyourfun.eu\/en\/wp-json\/wp\/v2\/media?parent=6067"}],"wp:term":[{"taxonomy":"product_brand","embeddable":true,"href":"https:\/\/printyourfun.eu\/en\/wp-json\/wp\/v2\/product_brand?post=6067"},{"taxonomy":"product_cat","embeddable":true,"href":"https:\/\/printyourfun.eu\/en\/wp-json\/wp\/v2\/product_cat?post=6067"},{"taxonomy":"product_tag","embeddable":true,"href":"https:\/\/printyourfun.eu\/en\/wp-json\/wp\/v2\/product_tag?post=6067"}],"curies":[{"name":"wp","href":"https:\/\/api.w.org\/{rel}","templated":true}]}}