{"id":6087,"date":"2025-04-14T12:46:10","date_gmt":"2025-04-14T10:46:10","guid":{"rendered":"https:\/\/printyourfun.eu\/?post_type=product&#038;p=6087"},"modified":"2025-04-14T12:59:50","modified_gmt":"2025-04-14T10:59:50","slug":"scythe-swit-narodow-figurki-bohaterow-i-mechow","status":"publish","type":"product","link":"https:\/\/printyourfun.eu\/en\/product\/scythe-swit-narodow-figurki-bohaterow-i-mechow\/","title":{"rendered":"Scythe &#8211; \u015awit Narod\u00f3w Figurki bohater\u00f3w i Mech\u00f3w"},"content":{"rendered":"<div><strong>Fanowski dodatek do Gry Scythe:<\/strong><\/div>\n<p>Zawiera figurki bohater\u00f3w i Mech\u00f3w.<\/p>\n<p>Ka\u017cda z sze\u015bciu frakcji zawiera figurk\u0119 bohatera i 4 mechy.<\/p>\n<p>Figurki s\u0105 zabezpieczone w specjalnie zaprojektowanym piankowym insercie, kt\u00f3ry pasuje do pude\u0142ka i \u2013 wraz z insertem HDF \u2013 idealnie wype\u0142nia ca\u0142\u0105 jego przestrze\u0144.<\/p>\n<p><strong>Frakcje:<\/strong><\/p>\n<p>-WOLNE PA\u0143STWO FI\u0143SKIE<\/p>\n<p>-KSI\u0118STWO W\u0118GIERII<\/p>\n<p>-MARKIZAT BRANDENBURGII<\/p>\n<p>-SOJUSZ ASZKENAZYJSKI<\/p>\n<p>-FEDERACJA DYNARSKA<\/p>\n<p>-LIGA HELLE\u0143SKA<\/p>\n<p>Dodatek fanowski. Nie posiadamy praw do \u017cadnego znaku towarowego, grafiki ani modelu zawartej w dodatku. \u017badne naruszenie praw nie jest zamierzone.<\/p>\n<p>Sprzedawane egzemplarze dodatku stanowi\u0105 pozosta\u0142o\u015b\u0107 po fanowskiej zbi\u00f3rce i s\u0105 nadwy\u017ckami produkcyjnymi.<\/p>","protected":false},"excerpt":{"rendered":"<p>Fanowski dodatek do Gry Scythe: Zawiera figurki bohater\u00f3w i Mech\u00f3w. Ka\u017cda z sze\u015bciu frakcji zawiera figurk\u0119 bohatera i 4 mechy. Figurki s\u0105 zabezpieczone w specjalnie zaprojektowanym piankowym insercie, kt\u00f3ry pasuje do pude\u0142ka i \u2013 wraz z insertem HDF \u2013 idealnie wype\u0142nia ca\u0142\u0105 jego przestrze\u0144. Frakcje: -WOLNE PA\u0143STWO FI\u0143SKIE -KSI\u0118STWO W\u0118GIERII -MARKIZAT BRANDENBURGII -SOJUSZ ASZKENAZYJSKI -FEDERACJA [&#8230;]","protected":false},"featured_media":6091,"comment_status":"open","ping_status":"closed","template":"","meta":{"_acf_changed":false},"product_brand":[],"product_cat":[345,350],"product_tag":[242,361,347,348,349],"class_list":{"0":"post-6087","1":"product","2":"type-product","3":"status-publish","4":"has-post-thumbnail","6":"product_cat-dodatki-fanowskie","7":"product_cat-scythe","8":"product_tag-figurki","9":"product_tag-mechy","10":"product_tag-scythe","11":"product_tag-scythe-swit-narodow","12":"product_tag-swit-narodow","14":"first","15":"instock","16":"shipping-taxable","17":"purchasable","18":"product-type-simple"},"acf":[],"yoast_head":"<!-- This site is optimized with the Yoast SEO plugin v24.8.1 - https:\/\/yoast.com\/wordpress\/plugins\/seo\/ -->\n<title>Scythe - \u015awit Narod\u00f3w Figurki bohater\u00f3w i Mech\u00f3w - PrintYourFun<\/title>\n<meta name=\"robots\" content=\"index, follow, max-snippet:-1, max-image-preview:large, max-video-preview:-1\" \/>\n<link rel=\"canonical\" href=\"https:\/\/printyourfun.eu\/en\/product\/scythe-swit-narodow-figurki-bohaterow-i-mechow\/\" \/>\n<meta property=\"og:locale\" content=\"en_GB\" \/>\n<meta property=\"og:type\" content=\"article\" \/>\n<meta property=\"og:title\" content=\"Scythe - \u015awit Narod\u00f3w Figurki bohater\u00f3w i Mech\u00f3w - PrintYourFun\" \/>\n<meta property=\"og:description\" content=\"Fanowski dodatek do Gry Scythe: Zawiera figurki bohater\u00f3w i Mech\u00f3w. Ka\u017cda z sze\u015bciu frakcji zawiera figurk\u0119 bohatera i 4 mechy. Figurki s\u0105 zabezpieczone w specjalnie zaprojektowanym piankowym insercie, kt\u00f3ry pasuje do pude\u0142ka i \u2013 wraz z insertem HDF \u2013 idealnie wype\u0142nia ca\u0142\u0105 jego przestrze\u0144. Frakcje: -WOLNE PA\u0143STWO FI\u0143SKIE -KSI\u0118STWO W\u0118GIERII -MARKIZAT BRANDENBURGII -SOJUSZ ASZKENAZYJSKI -FEDERACJA [...]\" \/>\n<meta property=\"og:url\" content=\"https:\/\/printyourfun.eu\/en\/product\/scythe-swit-narodow-figurki-bohaterow-i-mechow\/\" \/>\n<meta property=\"og:site_name\" content=\"PrintYourFun\" \/>\n<meta property=\"article:publisher\" content=\"https:\/\/www.facebook.com\/Printyourfun\/\" \/>\n<meta property=\"article:modified_time\" content=\"2025-04-14T10:59:50+00:00\" \/>\n<meta property=\"og:image\" content=\"https:\/\/printyourfun.eu\/wp-content\/uploads\/2025\/04\/ASC02239-kopia.jpg\" \/>\n\t<meta property=\"og:image:width\" content=\"2000\" \/>\n\t<meta property=\"og:image:height\" content=\"2000\" \/>\n\t<meta property=\"og:image:type\" content=\"image\/jpeg\" \/>\n<meta name=\"twitter:card\" content=\"summary_large_image\" \/>\n<meta name=\"twitter:label1\" content=\"Estimated reading time\" \/>\n\t<meta name=\"twitter:data1\" content=\"1 minute\" \/>\n<script type=\"application\/ld+json\" class=\"yoast-schema-graph\">{\"@context\":\"https:\/\/schema.org\",\"@graph\":[{\"@type\":\"WebPage\",\"@id\":\"https:\/\/printyourfun.eu\/product\/scythe-swit-narodow-figurki-bohaterow-i-mechow\/\",\"url\":\"https:\/\/printyourfun.eu\/product\/scythe-swit-narodow-figurki-bohaterow-i-mechow\/\",\"name\":\"Scythe - \u015awit Narod\u00f3w Figurki bohater\u00f3w i Mech\u00f3w - PrintYourFun\",\"isPartOf\":{\"@id\":\"https:\/\/printyourfun.eu\/#website\"},\"primaryImageOfPage\":{\"@id\":\"https:\/\/printyourfun.eu\/product\/scythe-swit-narodow-figurki-bohaterow-i-mechow\/#primaryimage\"},\"image\":{\"@id\":\"https:\/\/printyourfun.eu\/product\/scythe-swit-narodow-figurki-bohaterow-i-mechow\/#primaryimage\"},\"thumbnailUrl\":\"https:\/\/printyourfun.eu\/wp-content\/uploads\/2025\/04\/ASC02239-kopia.jpg\",\"datePublished\":\"2025-04-14T10:46:10+00:00\",\"dateModified\":\"2025-04-14T10:59:50+00:00\",\"breadcrumb\":{\"@id\":\"https:\/\/printyourfun.eu\/product\/scythe-swit-narodow-figurki-bohaterow-i-mechow\/#breadcrumb\"},\"inLanguage\":\"en-GB\",\"potentialAction\":[{\"@type\":\"ReadAction\",\"target\":[\"https:\/\/printyourfun.eu\/product\/scythe-swit-narodow-figurki-bohaterow-i-mechow\/\"]}]},{\"@type\":\"ImageObject\",\"inLanguage\":\"en-GB\",\"@id\":\"https:\/\/printyourfun.eu\/product\/scythe-swit-narodow-figurki-bohaterow-i-mechow\/#primaryimage\",\"url\":\"https:\/\/printyourfun.eu\/wp-content\/uploads\/2025\/04\/ASC02239-kopia.jpg\",\"contentUrl\":\"https:\/\/printyourfun.eu\/wp-content\/uploads\/2025\/04\/ASC02239-kopia.jpg\",\"width\":2000,\"height\":2000},{\"@type\":\"BreadcrumbList\",\"@id\":\"https:\/\/printyourfun.eu\/product\/scythe-swit-narodow-figurki-bohaterow-i-mechow\/#breadcrumb\",\"itemListElement\":[{\"@type\":\"ListItem\",\"position\":1,\"name\":\"Home\",\"item\":\"https:\/\/printyourfun.eu\/\"},{\"@type\":\"ListItem\",\"position\":2,\"name\":\"Sklep\",\"item\":\"https:\/\/printyourfun.eu\/sklep\/\"},{\"@type\":\"ListItem\",\"position\":3,\"name\":\"Scythe &#8211; \u015awit Narod\u00f3w Figurki bohater\u00f3w i Mech\u00f3w\"}]},{\"@type\":\"WebSite\",\"@id\":\"https:\/\/printyourfun.eu\/#website\",\"url\":\"https:\/\/printyourfun.eu\/\",\"name\":\"PrintYourFun\",\"description\":\"Wydruki 3D\",\"potentialAction\":[{\"@type\":\"SearchAction\",\"target\":{\"@type\":\"EntryPoint\",\"urlTemplate\":\"https:\/\/printyourfun.eu\/?s={search_term_string}\"},\"query-input\":{\"@type\":\"PropertyValueSpecification\",\"valueRequired\":true,\"valueName\":\"search_term_string\"}}],\"inLanguage\":\"en-GB\"}]}<\/script>\n<!-- \/ Yoast SEO plugin. -->","yoast_head_json":{"title":"Scythe - \u015awit Narod\u00f3w Figurki bohater\u00f3w i Mech\u00f3w - PrintYourFun","robots":{"index":"index","follow":"follow","max-snippet":"max-snippet:-1","max-image-preview":"max-image-preview:large","max-video-preview":"max-video-preview:-1"},"canonical":"https:\/\/printyourfun.eu\/en\/product\/scythe-swit-narodow-figurki-bohaterow-i-mechow\/","og_locale":"en_GB","og_type":"article","og_title":"Scythe - \u015awit Narod\u00f3w Figurki bohater\u00f3w i Mech\u00f3w - PrintYourFun","og_description":"Fanowski dodatek do Gry Scythe: Zawiera figurki bohater\u00f3w i Mech\u00f3w. Ka\u017cda z sze\u015bciu frakcji zawiera figurk\u0119 bohatera i 4 mechy. Figurki s\u0105 zabezpieczone w specjalnie zaprojektowanym piankowym insercie, kt\u00f3ry pasuje do pude\u0142ka i \u2013 wraz z insertem HDF \u2013 idealnie wype\u0142nia ca\u0142\u0105 jego przestrze\u0144. Frakcje: -WOLNE PA\u0143STWO FI\u0143SKIE -KSI\u0118STWO W\u0118GIERII -MARKIZAT BRANDENBURGII -SOJUSZ ASZKENAZYJSKI -FEDERACJA [...]","og_url":"https:\/\/printyourfun.eu\/en\/product\/scythe-swit-narodow-figurki-bohaterow-i-mechow\/","og_site_name":"PrintYourFun","article_publisher":"https:\/\/www.facebook.com\/Printyourfun\/","article_modified_time":"2025-04-14T10:59:50+00:00","og_image":[{"width":2000,"height":2000,"url":"https:\/\/printyourfun.eu\/wp-content\/uploads\/2025\/04\/ASC02239-kopia.jpg","type":"image\/jpeg"}],"twitter_card":"summary_large_image","twitter_misc":{"Estimated reading time":"1 minute"},"schema":{"@context":"https:\/\/schema.org","@graph":[{"@type":"WebPage","@id":"https:\/\/printyourfun.eu\/product\/scythe-swit-narodow-figurki-bohaterow-i-mechow\/","url":"https:\/\/printyourfun.eu\/product\/scythe-swit-narodow-figurki-bohaterow-i-mechow\/","name":"Scythe - \u015awit Narod\u00f3w Figurki bohater\u00f3w i Mech\u00f3w - PrintYourFun","isPartOf":{"@id":"https:\/\/printyourfun.eu\/#website"},"primaryImageOfPage":{"@id":"https:\/\/printyourfun.eu\/product\/scythe-swit-narodow-figurki-bohaterow-i-mechow\/#primaryimage"},"image":{"@id":"https:\/\/printyourfun.eu\/product\/scythe-swit-narodow-figurki-bohaterow-i-mechow\/#primaryimage"},"thumbnailUrl":"https:\/\/printyourfun.eu\/wp-content\/uploads\/2025\/04\/ASC02239-kopia.jpg","datePublished":"2025-04-14T10:46:10+00:00","dateModified":"2025-04-14T10:59:50+00:00","breadcrumb":{"@id":"https:\/\/printyourfun.eu\/product\/scythe-swit-narodow-figurki-bohaterow-i-mechow\/#breadcrumb"},"inLanguage":"en-GB","potentialAction":[{"@type":"ReadAction","target":["https:\/\/printyourfun.eu\/product\/scythe-swit-narodow-figurki-bohaterow-i-mechow\/"]}]},{"@type":"ImageObject","inLanguage":"en-GB","@id":"https:\/\/printyourfun.eu\/product\/scythe-swit-narodow-figurki-bohaterow-i-mechow\/#primaryimage","url":"https:\/\/printyourfun.eu\/wp-content\/uploads\/2025\/04\/ASC02239-kopia.jpg","contentUrl":"https:\/\/printyourfun.eu\/wp-content\/uploads\/2025\/04\/ASC02239-kopia.jpg","width":2000,"height":2000},{"@type":"BreadcrumbList","@id":"https:\/\/printyourfun.eu\/product\/scythe-swit-narodow-figurki-bohaterow-i-mechow\/#breadcrumb","itemListElement":[{"@type":"ListItem","position":1,"name":"Home","item":"https:\/\/printyourfun.eu\/"},{"@type":"ListItem","position":2,"name":"Sklep","item":"https:\/\/printyourfun.eu\/sklep\/"},{"@type":"ListItem","position":3,"name":"Scythe &#8211; \u015awit Narod\u00f3w Figurki bohater\u00f3w i Mech\u00f3w"}]},{"@type":"WebSite","@id":"https:\/\/printyourfun.eu\/#website","url":"https:\/\/printyourfun.eu\/","name":"PrintYourFun","description":"Wydruki 3D","potentialAction":[{"@type":"SearchAction","target":{"@type":"EntryPoint","urlTemplate":"https:\/\/printyourfun.eu\/?s={search_term_string}"},"query-input":{"@type":"PropertyValueSpecification","valueRequired":true,"valueName":"search_term_string"}}],"inLanguage":"en-GB"}]}},"_links":{"self":[{"href":"https:\/\/printyourfun.eu\/en\/wp-json\/wp\/v2\/product\/6087","targetHints":{"allow":["GET"]}}],"collection":[{"href":"https:\/\/printyourfun.eu\/en\/wp-json\/wp\/v2\/product"}],"about":[{"href":"https:\/\/printyourfun.eu\/en\/wp-json\/wp\/v2\/types\/product"}],"replies":[{"embeddable":true,"href":"https:\/\/printyourfun.eu\/en\/wp-json\/wp\/v2\/comments?post=6087"}],"wp:featuredmedia":[{"embeddable":true,"href":"https:\/\/printyourfun.eu\/en\/wp-json\/wp\/v2\/media\/6091"}],"wp:attachment":[{"href":"https:\/\/printyourfun.eu\/en\/wp-json\/wp\/v2\/media?parent=6087"}],"wp:term":[{"taxonomy":"product_brand","embeddable":true,"href":"https:\/\/printyourfun.eu\/en\/wp-json\/wp\/v2\/product_brand?post=6087"},{"taxonomy":"product_cat","embeddable":true,"href":"https:\/\/printyourfun.eu\/en\/wp-json\/wp\/v2\/product_cat?post=6087"},{"taxonomy":"product_tag","embeddable":true,"href":"https:\/\/printyourfun.eu\/en\/wp-json\/wp\/v2\/product_tag?post=6087"}],"curies":[{"name":"wp","href":"https:\/\/api.w.org\/{rel}","templated":true}]}}