{"id":6114,"date":"2025-04-17T14:16:20","date_gmt":"2025-04-17T12:16:20","guid":{"rendered":"https:\/\/printyourfun.eu\/?post_type=product&#038;p=6114"},"modified":"2025-05-05T14:22:55","modified_gmt":"2025-05-05T12:22:55","slug":"zywiczne-krysztaly-rpg-w-wielu-kolorach","status":"publish","type":"product","link":"https:\/\/printyourfun.eu\/en\/product\/zywiczne-krysztaly-rpg-w-wielu-kolorach\/","title":{"rendered":"\u017bywiczne kryszta\u0142y RPG w wielu kolorach"},"content":{"rendered":"<p style=\"text-align: left;\"><span style=\"color: #c66a26; font-size: 110%; border-left: 10px solid #c66a26; padding-left: 15px;\"><strong>\u017bwiczne kryszta\u0142y prze\u017aroczyste w kolorach<\/strong><\/span><\/p>\n<p class=\"\" data-start=\"168\" data-end=\"283\">Dodaj blasku swoim rozgrywkom dzi\u0119ki efektownym kryszta\u0142om wykonanym z wysokiej jako\u015bci prze\u017aroczystej \u017cywicy 3D!<\/p>\n<p class=\"\" data-start=\"285\" data-end=\"498\">Te estetyczne i trwa\u0142e elementy \u015bwietnie sprawdz\u0105 si\u0119 jako:<br data-start=\"344\" data-end=\"347\" \/>\ud83d\udd39 zasoby w grach planszowych,<br data-start=\"377\" data-end=\"380\" \/>\ud83d\udd39 elementy makiet i teren\u00f3w,<br data-start=\"409\" data-end=\"412\" \/>\ud83d\udd39 rekwizyty do sesji RPG \u2013 np. jako artefakty, punkty many lub tajemnicze minera\u0142y.<\/p>\n<p data-start=\"285\" data-end=\"498\">Wysoko\u015b\u0107 2 cm , szeroko\u015b\u0107 1,4 cm.<\/p>\n<p class=\"\" data-start=\"500\" data-end=\"609\">Dost\u0119pne w r\u00f3\u017cnych kolorach i zestawach ilo\u015bciowych \u2013 wybierz idealne dopasowanie do swojej gry lub kolekcji!<\/p>\n<p>&nbsp;<\/p>\n<p>&nbsp;<\/p>\n<p>&nbsp;<\/p>\n<p><img loading=\"lazy\" decoding=\"async\" class=\"aligncenter size-medium wp-image-6124\" src=\"https:\/\/printyourfun.eu\/wp-content\/uploads\/2025\/04\/ASC02039-www-800x257.jpg\" alt=\"\" width=\"800\" height=\"257\" srcset=\"https:\/\/printyourfun.eu\/wp-content\/uploads\/2025\/04\/ASC02039-www-800x257.jpg 800w, https:\/\/printyourfun.eu\/wp-content\/uploads\/2025\/04\/ASC02039-www-1400x450.jpg 1400w, https:\/\/printyourfun.eu\/wp-content\/uploads\/2025\/04\/ASC02039-www-768x247.jpg 768w, https:\/\/printyourfun.eu\/wp-content\/uploads\/2025\/04\/ASC02039-www-1536x494.jpg 1536w, https:\/\/printyourfun.eu\/wp-content\/uploads\/2025\/04\/ASC02039-www-18x6.jpg 18w, https:\/\/printyourfun.eu\/wp-content\/uploads\/2025\/04\/ASC02039-www-600x193.jpg 600w, https:\/\/printyourfun.eu\/wp-content\/uploads\/2025\/04\/ASC02039-www.jpg 2000w\" sizes=\"auto, (max-width: 800px) 100vw, 800px\" \/><\/p>\n<p>&nbsp;<\/p>\n<p>&nbsp;<\/p>\n<p>&nbsp;<\/p>\n<h6><\/h6>","protected":false},"excerpt":{"rendered":"<p>\u017bwiczne kryszta\u0142y prze\u017aroczyste w kolorach Dodaj blasku swoim rozgrywkom dzi\u0119ki efektownym kryszta\u0142om wykonanym z wysokiej jako\u015bci prze\u017aroczystej \u017cywicy 3D! Te estetyczne i trwa\u0142e elementy \u015bwietnie sprawdz\u0105 si\u0119 jako:\ud83d\udd39 zasoby w grach planszowych,\ud83d\udd39 elementy makiet i teren\u00f3w,\ud83d\udd39 rekwizyty do sesji RPG \u2013 np. jako artefakty, punkty many lub tajemnicze minera\u0142y. Wysoko\u015b\u0107 2 cm , szeroko\u015b\u0107 1,4 [&#8230;]","protected":false},"featured_media":6125,"comment_status":"open","ping_status":"closed","template":"","meta":{"_acf_changed":false},"product_brand":[],"product_cat":[70,76],"product_tag":[368,364,367,366,365,292,135],"class_list":{"0":"post-6114","1":"product","2":"type-product","3":"status-publish","4":"has-post-thumbnail","6":"product_cat-akcesoria-do-gier","7":"product_cat-elementy-3d-na-plansze","8":"product_tag-diament","9":"product_tag-krysztal","10":"product_tag-krysztal-3d","11":"product_tag-krysztalki","12":"product_tag-krysztaly","13":"product_tag-rpg","14":"product_tag-zasoby","16":"first","17":"instock","18":"shipping-taxable","19":"purchasable","20":"product-type-variable"},"acf":[],"yoast_head":"<!-- This site is optimized with the Yoast SEO plugin v24.8.1 - https:\/\/yoast.com\/wordpress\/plugins\/seo\/ -->\n<title>\u017bywiczne kryszta\u0142y RPG w wielu kolorach - PrintYourFun<\/title>\n<meta name=\"description\" content=\"\u017bwiczne kryszta\u0142y prze\u017aroczyste w kolorach :Dodaj blasku swoim rozgrywkom dzi\u0119ki efektownym kryszta\u0142om wykonanym z wysokiej jako\u015bci prze\u017aroczystej \u017cywicy 3D! Dost\u0119pne w r\u00f3\u017cnych kolorach i zestawach ilo\u015bciowych\" \/>\n<meta name=\"robots\" content=\"index, follow, max-snippet:-1, max-image-preview:large, max-video-preview:-1\" \/>\n<link rel=\"canonical\" href=\"https:\/\/printyourfun.eu\/en\/product\/zywiczne-krysztaly-rpg-w-wielu-kolorach\/\" \/>\n<meta property=\"og:locale\" content=\"en_GB\" \/>\n<meta property=\"og:type\" content=\"article\" \/>\n<meta property=\"og:title\" content=\"\u017bywiczne kryszta\u0142y RPG w wielu kolorach - PrintYourFun\" \/>\n<meta property=\"og:description\" content=\"\u017bwiczne kryszta\u0142y prze\u017aroczyste w kolorach :Dodaj blasku swoim rozgrywkom dzi\u0119ki efektownym kryszta\u0142om wykonanym z wysokiej jako\u015bci prze\u017aroczystej \u017cywicy 3D! Dost\u0119pne w r\u00f3\u017cnych kolorach i zestawach ilo\u015bciowych\" \/>\n<meta property=\"og:url\" content=\"https:\/\/printyourfun.eu\/en\/product\/zywiczne-krysztaly-rpg-w-wielu-kolorach\/\" \/>\n<meta property=\"og:site_name\" content=\"PrintYourFun\" \/>\n<meta property=\"article:publisher\" content=\"https:\/\/www.facebook.com\/Printyourfun\/\" \/>\n<meta property=\"article:modified_time\" content=\"2025-05-05T12:22:55+00:00\" \/>\n<meta property=\"og:image\" content=\"https:\/\/printyourfun.eu\/wp-content\/uploads\/2025\/04\/ASC02039-kopia-2.jpg\" \/>\n\t<meta property=\"og:image:width\" content=\"2000\" \/>\n\t<meta property=\"og:image:height\" content=\"2000\" \/>\n\t<meta property=\"og:image:type\" content=\"image\/jpeg\" \/>\n<meta name=\"twitter:card\" content=\"summary_large_image\" \/>\n<meta name=\"twitter:label1\" content=\"Estimated reading time\" \/>\n\t<meta name=\"twitter:data1\" content=\"1 minute\" \/>\n<script type=\"application\/ld+json\" class=\"yoast-schema-graph\">{\"@context\":\"https:\/\/schema.org\",\"@graph\":[{\"@type\":\"WebPage\",\"@id\":\"https:\/\/printyourfun.eu\/product\/zywiczne-krysztaly-rpg-w-wielu-kolorach\/\",\"url\":\"https:\/\/printyourfun.eu\/product\/zywiczne-krysztaly-rpg-w-wielu-kolorach\/\",\"name\":\"\u017bywiczne kryszta\u0142y RPG w wielu kolorach - PrintYourFun\",\"isPartOf\":{\"@id\":\"https:\/\/printyourfun.eu\/#website\"},\"primaryImageOfPage\":{\"@id\":\"https:\/\/printyourfun.eu\/product\/zywiczne-krysztaly-rpg-w-wielu-kolorach\/#primaryimage\"},\"image\":{\"@id\":\"https:\/\/printyourfun.eu\/product\/zywiczne-krysztaly-rpg-w-wielu-kolorach\/#primaryimage\"},\"thumbnailUrl\":\"https:\/\/printyourfun.eu\/wp-content\/uploads\/2025\/04\/ASC02039-kopia-2.jpg\",\"datePublished\":\"2025-04-17T12:16:20+00:00\",\"dateModified\":\"2025-05-05T12:22:55+00:00\",\"description\":\"\u017bwiczne kryszta\u0142y prze\u017aroczyste w kolorach :Dodaj blasku swoim rozgrywkom dzi\u0119ki efektownym kryszta\u0142om wykonanym z wysokiej jako\u015bci prze\u017aroczystej \u017cywicy 3D! Dost\u0119pne w r\u00f3\u017cnych kolorach i zestawach ilo\u015bciowych\",\"breadcrumb\":{\"@id\":\"https:\/\/printyourfun.eu\/product\/zywiczne-krysztaly-rpg-w-wielu-kolorach\/#breadcrumb\"},\"inLanguage\":\"en-GB\",\"potentialAction\":[{\"@type\":\"ReadAction\",\"target\":[\"https:\/\/printyourfun.eu\/product\/zywiczne-krysztaly-rpg-w-wielu-kolorach\/\"]}]},{\"@type\":\"ImageObject\",\"inLanguage\":\"en-GB\",\"@id\":\"https:\/\/printyourfun.eu\/product\/zywiczne-krysztaly-rpg-w-wielu-kolorach\/#primaryimage\",\"url\":\"https:\/\/printyourfun.eu\/wp-content\/uploads\/2025\/04\/ASC02039-kopia-2.jpg\",\"contentUrl\":\"https:\/\/printyourfun.eu\/wp-content\/uploads\/2025\/04\/ASC02039-kopia-2.jpg\",\"width\":2000,\"height\":2000},{\"@type\":\"BreadcrumbList\",\"@id\":\"https:\/\/printyourfun.eu\/product\/zywiczne-krysztaly-rpg-w-wielu-kolorach\/#breadcrumb\",\"itemListElement\":[{\"@type\":\"ListItem\",\"position\":1,\"name\":\"Home\",\"item\":\"https:\/\/printyourfun.eu\/\"},{\"@type\":\"ListItem\",\"position\":2,\"name\":\"Sklep\",\"item\":\"https:\/\/printyourfun.eu\/sklep\/\"},{\"@type\":\"ListItem\",\"position\":3,\"name\":\"\u017bywiczne kryszta\u0142y RPG w wielu kolorach\"}]},{\"@type\":\"WebSite\",\"@id\":\"https:\/\/printyourfun.eu\/#website\",\"url\":\"https:\/\/printyourfun.eu\/\",\"name\":\"PrintYourFun\",\"description\":\"Wydruki 3D\",\"potentialAction\":[{\"@type\":\"SearchAction\",\"target\":{\"@type\":\"EntryPoint\",\"urlTemplate\":\"https:\/\/printyourfun.eu\/?s={search_term_string}\"},\"query-input\":{\"@type\":\"PropertyValueSpecification\",\"valueRequired\":true,\"valueName\":\"search_term_string\"}}],\"inLanguage\":\"en-GB\"}]}<\/script>\n<!-- \/ Yoast SEO plugin. -->","yoast_head_json":{"title":"\u017bywiczne kryszta\u0142y RPG w wielu kolorach - PrintYourFun","description":"\u017bwiczne kryszta\u0142y prze\u017aroczyste w kolorach :Dodaj blasku swoim rozgrywkom dzi\u0119ki efektownym kryszta\u0142om wykonanym z wysokiej jako\u015bci prze\u017aroczystej \u017cywicy 3D! Dost\u0119pne w r\u00f3\u017cnych kolorach i zestawach ilo\u015bciowych","robots":{"index":"index","follow":"follow","max-snippet":"max-snippet:-1","max-image-preview":"max-image-preview:large","max-video-preview":"max-video-preview:-1"},"canonical":"https:\/\/printyourfun.eu\/en\/product\/zywiczne-krysztaly-rpg-w-wielu-kolorach\/","og_locale":"en_GB","og_type":"article","og_title":"\u017bywiczne kryszta\u0142y RPG w wielu kolorach - PrintYourFun","og_description":"\u017bwiczne kryszta\u0142y prze\u017aroczyste w kolorach :Dodaj blasku swoim rozgrywkom dzi\u0119ki efektownym kryszta\u0142om wykonanym z wysokiej jako\u015bci prze\u017aroczystej \u017cywicy 3D! Dost\u0119pne w r\u00f3\u017cnych kolorach i zestawach ilo\u015bciowych","og_url":"https:\/\/printyourfun.eu\/en\/product\/zywiczne-krysztaly-rpg-w-wielu-kolorach\/","og_site_name":"PrintYourFun","article_publisher":"https:\/\/www.facebook.com\/Printyourfun\/","article_modified_time":"2025-05-05T12:22:55+00:00","og_image":[{"width":2000,"height":2000,"url":"https:\/\/printyourfun.eu\/wp-content\/uploads\/2025\/04\/ASC02039-kopia-2.jpg","type":"image\/jpeg"}],"twitter_card":"summary_large_image","twitter_misc":{"Estimated reading time":"1 minute"},"schema":{"@context":"https:\/\/schema.org","@graph":[{"@type":"WebPage","@id":"https:\/\/printyourfun.eu\/product\/zywiczne-krysztaly-rpg-w-wielu-kolorach\/","url":"https:\/\/printyourfun.eu\/product\/zywiczne-krysztaly-rpg-w-wielu-kolorach\/","name":"\u017bywiczne kryszta\u0142y RPG w wielu kolorach - PrintYourFun","isPartOf":{"@id":"https:\/\/printyourfun.eu\/#website"},"primaryImageOfPage":{"@id":"https:\/\/printyourfun.eu\/product\/zywiczne-krysztaly-rpg-w-wielu-kolorach\/#primaryimage"},"image":{"@id":"https:\/\/printyourfun.eu\/product\/zywiczne-krysztaly-rpg-w-wielu-kolorach\/#primaryimage"},"thumbnailUrl":"https:\/\/printyourfun.eu\/wp-content\/uploads\/2025\/04\/ASC02039-kopia-2.jpg","datePublished":"2025-04-17T12:16:20+00:00","dateModified":"2025-05-05T12:22:55+00:00","description":"\u017bwiczne kryszta\u0142y prze\u017aroczyste w kolorach :Dodaj blasku swoim rozgrywkom dzi\u0119ki efektownym kryszta\u0142om wykonanym z wysokiej jako\u015bci prze\u017aroczystej \u017cywicy 3D! Dost\u0119pne w r\u00f3\u017cnych kolorach i zestawach ilo\u015bciowych","breadcrumb":{"@id":"https:\/\/printyourfun.eu\/product\/zywiczne-krysztaly-rpg-w-wielu-kolorach\/#breadcrumb"},"inLanguage":"en-GB","potentialAction":[{"@type":"ReadAction","target":["https:\/\/printyourfun.eu\/product\/zywiczne-krysztaly-rpg-w-wielu-kolorach\/"]}]},{"@type":"ImageObject","inLanguage":"en-GB","@id":"https:\/\/printyourfun.eu\/product\/zywiczne-krysztaly-rpg-w-wielu-kolorach\/#primaryimage","url":"https:\/\/printyourfun.eu\/wp-content\/uploads\/2025\/04\/ASC02039-kopia-2.jpg","contentUrl":"https:\/\/printyourfun.eu\/wp-content\/uploads\/2025\/04\/ASC02039-kopia-2.jpg","width":2000,"height":2000},{"@type":"BreadcrumbList","@id":"https:\/\/printyourfun.eu\/product\/zywiczne-krysztaly-rpg-w-wielu-kolorach\/#breadcrumb","itemListElement":[{"@type":"ListItem","position":1,"name":"Home","item":"https:\/\/printyourfun.eu\/"},{"@type":"ListItem","position":2,"name":"Sklep","item":"https:\/\/printyourfun.eu\/sklep\/"},{"@type":"ListItem","position":3,"name":"\u017bywiczne kryszta\u0142y RPG w wielu kolorach"}]},{"@type":"WebSite","@id":"https:\/\/printyourfun.eu\/#website","url":"https:\/\/printyourfun.eu\/","name":"PrintYourFun","description":"Wydruki 3D","potentialAction":[{"@type":"SearchAction","target":{"@type":"EntryPoint","urlTemplate":"https:\/\/printyourfun.eu\/?s={search_term_string}"},"query-input":{"@type":"PropertyValueSpecification","valueRequired":true,"valueName":"search_term_string"}}],"inLanguage":"en-GB"}]}},"_links":{"self":[{"href":"https:\/\/printyourfun.eu\/en\/wp-json\/wp\/v2\/product\/6114","targetHints":{"allow":["GET"]}}],"collection":[{"href":"https:\/\/printyourfun.eu\/en\/wp-json\/wp\/v2\/product"}],"about":[{"href":"https:\/\/printyourfun.eu\/en\/wp-json\/wp\/v2\/types\/product"}],"replies":[{"embeddable":true,"href":"https:\/\/printyourfun.eu\/en\/wp-json\/wp\/v2\/comments?post=6114"}],"wp:featuredmedia":[{"embeddable":true,"href":"https:\/\/printyourfun.eu\/en\/wp-json\/wp\/v2\/media\/6125"}],"wp:attachment":[{"href":"https:\/\/printyourfun.eu\/en\/wp-json\/wp\/v2\/media?parent=6114"}],"wp:term":[{"taxonomy":"product_brand","embeddable":true,"href":"https:\/\/printyourfun.eu\/en\/wp-json\/wp\/v2\/product_brand?post=6114"},{"taxonomy":"product_cat","embeddable":true,"href":"https:\/\/printyourfun.eu\/en\/wp-json\/wp\/v2\/product_cat?post=6114"},{"taxonomy":"product_tag","embeddable":true,"href":"https:\/\/printyourfun.eu\/en\/wp-json\/wp\/v2\/product_tag?post=6114"}],"curies":[{"name":"wp","href":"https:\/\/api.w.org\/{rel}","templated":true}]}}