{"id":6160,"date":"2025-05-05T18:06:07","date_gmt":"2025-05-05T16:06:07","guid":{"rendered":"https:\/\/printyourfun.eu\/?post_type=product&#038;p=6160"},"modified":"2025-05-05T18:55:44","modified_gmt":"2025-05-05T16:55:44","slug":"nakladka-pleksi-do-gry-eclipse-drugi-swit-galaktyki","status":"publish","type":"product","link":"https:\/\/printyourfun.eu\/en\/product\/nakladka-pleksi-do-gry-eclipse-drugi-swit-galaktyki\/","title":{"rendered":"Nak\u0142adka pleksi do gry Eclipse: Drugi \u015awit Galaktyki"},"content":{"rendered":"<p style=\"text-align: left;\"><span style=\"color: #c66a26; font-size: 110%; border-left: 10px solid #c66a26; padding-left: 15px;\"><strong>Nak\u0142adka pleksi do gry Eclipse: Drugi \u015awit Galaktyki<\/strong><\/span><\/p>\n<p class=\"\" data-start=\"118\" data-end=\"417\">Wznie\u015b swoj\u0105 rozgrywk\u0119 w Eclipse na wy\u017cszy poziom dzi\u0119ki wysokiej jako\u015bci nak\u0142adce z pleksi i p\u0142yty HDF. Nak\u0142adka zosta\u0142a zaprojektowana tak, by utrzyma\u0107 wszystkie \u017cetony i znaczniki na swoim miejscu. Koniec z przypadkowym przesuwaniem element\u00f3w!<\/p>\n<p data-start=\"118\" data-end=\"417\">Dost\u0119pna wersja <strong>STD<\/strong> (standardowa) na 4 statki oraz wersja <strong>RHO<\/strong> (Rho Indi Syndicate) na 3 statki.<\/p>\n<p data-start=\"118\" data-end=\"417\"><strong>Opcja 6+1<\/strong> dla podstawowej wersji gry zawiera 6 podstaw i 7 nak\u0142adek pleksi ( 6 STD i jedna RHO)<\/p>\n<p data-start=\"118\" data-end=\"417\"><strong>Opcja 9+1<\/strong> dla gry z dodatkiem zawiera 9 podstaw i 10 nak\u0142adek pleksi ( 9 STD i jedna RHO)<\/p>\n<p class=\"\" data-start=\"419\" data-end=\"576\">\u26a0\ufe0f <strong data-start=\"422\" data-end=\"432\">WA\u017bNE:<\/strong> Produkt wysy\u0142any jest z foli\u0105 ochronn\u0105 po obu stronach.<br data-start=\"488\" data-end=\"491\" \/>\ud83e\uddfc Przed u\u017cyciem nale\u017cy usun\u0105\u0107 foli\u0119, aby ods\u0142oni\u0107 idealnie przejrzyst\u0105 powierzchni\u0119.<\/p>\n<h3 class=\"\" data-start=\"583\" data-end=\"608\">\u2705 <strong data-start=\"589\" data-end=\"608\">Cechy produktu:<\/strong><\/h3>\n<ul data-start=\"609\" data-end=\"1068\">\n<li class=\"\" data-start=\"609\" data-end=\"686\">\n<p class=\"\" data-start=\"611\" data-end=\"686\">\ud83c\udfaf <strong data-start=\"614\" data-end=\"637\">Idealne dopasowanie<\/strong> \u2013 precyzyjnie zaprojektowane pod elementy z gry.<\/p>\n<\/li>\n<li class=\"\" data-start=\"687\" data-end=\"781\">\n<p class=\"\" data-start=\"689\" data-end=\"781\">\ud83d\udeab <strong data-start=\"692\" data-end=\"716\">Stabilizacja planszy<\/strong> \u2013 podstawa z p\u0142yty HDF oraz ramka utrzymuj\u0105ca nak\u0142adk\u0119 w miejscu.<\/p>\n<\/li>\n<li class=\"\" data-start=\"782\" data-end=\"895\">\n<p class=\"\" data-start=\"784\" data-end=\"895\">\ud83c\udf1f <strong data-start=\"787\" data-end=\"813\">Przejrzysto\u015b\u0107 i jako\u015b\u0107<\/strong> \u2013 wykonany z przezroczystej pleksi o grubo\u015bci 3 mm; lekki, a jednocze\u015bnie trwa\u0142y.<\/p>\n<\/li>\n<li class=\"\" data-start=\"896\" data-end=\"984\">\n<p class=\"\" data-start=\"898\" data-end=\"984\">\u2705 <strong data-start=\"900\" data-end=\"929\">Otwory na znaczniki akcji<\/strong> \u2013 pionowe umieszczenie znacznik\u00f3w zapewnia czytelno\u015b\u0107 i pozwala oznaczy\u0107 cztery te same akcje.<\/p>\n<\/li>\n<li class=\"\" data-start=\"985\" data-end=\"1068\">\n<p class=\"\" data-start=\"987\" data-end=\"1068\">\ud83e\udde9 <strong data-start=\"990\" data-end=\"1021\">\u0141atwa zmiana strony planszy<\/strong> \u2013 dzi\u0119ki specjalnemu otworowi w dolnej cz\u0119\u015bci.<\/p>\n<\/li>\n<\/ul>\n<p>&nbsp;<\/p>\n<p>&nbsp;<\/p>\n<p>Materia\u0142 : HDF, Pleksiglas<\/p>\n<p>PRODUKT NIE ZAWIERA GRY PLANSZOWEJ I JEJ ELEMENT\u00d3W.<\/p>\n<p class=\"wt-line-height-tight wt-break-word wt-text-body-01\" tabindex=\"0\" data-buy-box-listing-title=\"true\">Eclipse: 2nd Dawn for the Galaxy<\/p>","protected":false},"excerpt":{"rendered":"<p>Nak\u0142adka pleksi do gry Eclipse: Drugi \u015awit Galaktyki Wznie\u015b swoj\u0105 rozgrywk\u0119 w Eclipse na wy\u017cszy poziom dzi\u0119ki wysokiej jako\u015bci nak\u0142adce z pleksi i p\u0142yty HDF. Nak\u0142adka zosta\u0142a zaprojektowana tak, by utrzyma\u0107 wszystkie \u017cetony i znaczniki na swoim miejscu. Koniec z przypadkowym przesuwaniem element\u00f3w! Dost\u0119pna wersja STD (standardowa) na 4 statki oraz wersja RHO (Rho Indi [&#8230;]","protected":false},"featured_media":6161,"comment_status":"open","ping_status":"closed","template":"","meta":{"_acf_changed":false},"product_brand":[],"product_cat":[70,163],"product_tag":[370,372,369,162,127,322,371,323],"class_list":{"0":"post-6160","1":"product","2":"type-product","3":"status-publish","4":"has-post-thumbnail","6":"product_cat-akcesoria-do-gier","7":"product_cat-organizery-plansz","8":"product_tag-eclipse","9":"product_tag-eclipse-drugi-swit-galaktyki","10":"product_tag-eclipse-2nd-dawn-for-the-galaxy","11":"product_tag-nakladka","12":"product_tag-organizer","13":"product_tag-organizer-postaci","14":"product_tag-overlay-eclipse","15":"product_tag-planszetka","17":"first","18":"instock","19":"shipping-taxable","20":"purchasable","21":"product-type-variable"},"acf":[],"yoast_head":"<!-- This site is optimized with the Yoast SEO plugin v24.8.1 - https:\/\/yoast.com\/wordpress\/plugins\/seo\/ -->\n<title>Nak\u0142adka pleksi do gry Eclipse: Drugi \u015awit Galaktyki - PrintYourFun<\/title>\n<meta name=\"robots\" content=\"index, follow, max-snippet:-1, max-image-preview:large, max-video-preview:-1\" \/>\n<link rel=\"canonical\" href=\"https:\/\/printyourfun.eu\/en\/product\/nakladka-pleksi-do-gry-eclipse-drugi-swit-galaktyki\/\" \/>\n<meta property=\"og:locale\" content=\"en_GB\" \/>\n<meta property=\"og:type\" content=\"article\" \/>\n<meta property=\"og:title\" content=\"Nak\u0142adka pleksi do gry Eclipse: Drugi \u015awit Galaktyki - PrintYourFun\" \/>\n<meta property=\"og:description\" content=\"Nak\u0142adka pleksi do gry Eclipse: Drugi \u015awit Galaktyki Wznie\u015b swoj\u0105 rozgrywk\u0119 w Eclipse na wy\u017cszy poziom dzi\u0119ki wysokiej jako\u015bci nak\u0142adce z pleksi i p\u0142yty HDF. Nak\u0142adka zosta\u0142a zaprojektowana tak, by utrzyma\u0107 wszystkie \u017cetony i znaczniki na swoim miejscu. Koniec z przypadkowym przesuwaniem element\u00f3w! Dost\u0119pna wersja STD (standardowa) na 4 statki oraz wersja RHO (Rho Indi [...]\" \/>\n<meta property=\"og:url\" content=\"https:\/\/printyourfun.eu\/en\/product\/nakladka-pleksi-do-gry-eclipse-drugi-swit-galaktyki\/\" \/>\n<meta property=\"og:site_name\" content=\"PrintYourFun\" \/>\n<meta property=\"article:publisher\" content=\"https:\/\/www.facebook.com\/Printyourfun\/\" \/>\n<meta property=\"article:modified_time\" content=\"2025-05-05T16:55:44+00:00\" \/>\n<meta property=\"og:image\" content=\"https:\/\/printyourfun.eu\/wp-content\/uploads\/2025\/05\/ASC02276-kopia.jpg\" \/>\n\t<meta property=\"og:image:width\" content=\"2000\" \/>\n\t<meta property=\"og:image:height\" content=\"2000\" \/>\n\t<meta property=\"og:image:type\" content=\"image\/jpeg\" \/>\n<meta name=\"twitter:card\" content=\"summary_large_image\" \/>\n<meta name=\"twitter:label1\" content=\"Estimated reading time\" \/>\n\t<meta name=\"twitter:data1\" content=\"2 minutes\" \/>\n<script type=\"application\/ld+json\" class=\"yoast-schema-graph\">{\"@context\":\"https:\/\/schema.org\",\"@graph\":[{\"@type\":\"WebPage\",\"@id\":\"https:\/\/printyourfun.eu\/product\/nakladka-pleksi-do-gry-eclipse-drugi-swit-galaktyki\/\",\"url\":\"https:\/\/printyourfun.eu\/product\/nakladka-pleksi-do-gry-eclipse-drugi-swit-galaktyki\/\",\"name\":\"Nak\u0142adka pleksi do gry Eclipse: Drugi \u015awit Galaktyki - PrintYourFun\",\"isPartOf\":{\"@id\":\"https:\/\/printyourfun.eu\/#website\"},\"primaryImageOfPage\":{\"@id\":\"https:\/\/printyourfun.eu\/product\/nakladka-pleksi-do-gry-eclipse-drugi-swit-galaktyki\/#primaryimage\"},\"image\":{\"@id\":\"https:\/\/printyourfun.eu\/product\/nakladka-pleksi-do-gry-eclipse-drugi-swit-galaktyki\/#primaryimage\"},\"thumbnailUrl\":\"https:\/\/printyourfun.eu\/wp-content\/uploads\/2025\/05\/ASC02276-kopia.jpg\",\"datePublished\":\"2025-05-05T16:06:07+00:00\",\"dateModified\":\"2025-05-05T16:55:44+00:00\",\"breadcrumb\":{\"@id\":\"https:\/\/printyourfun.eu\/product\/nakladka-pleksi-do-gry-eclipse-drugi-swit-galaktyki\/#breadcrumb\"},\"inLanguage\":\"en-GB\",\"potentialAction\":[{\"@type\":\"ReadAction\",\"target\":[\"https:\/\/printyourfun.eu\/product\/nakladka-pleksi-do-gry-eclipse-drugi-swit-galaktyki\/\"]}]},{\"@type\":\"ImageObject\",\"inLanguage\":\"en-GB\",\"@id\":\"https:\/\/printyourfun.eu\/product\/nakladka-pleksi-do-gry-eclipse-drugi-swit-galaktyki\/#primaryimage\",\"url\":\"https:\/\/printyourfun.eu\/wp-content\/uploads\/2025\/05\/ASC02276-kopia.jpg\",\"contentUrl\":\"https:\/\/printyourfun.eu\/wp-content\/uploads\/2025\/05\/ASC02276-kopia.jpg\",\"width\":2000,\"height\":2000},{\"@type\":\"BreadcrumbList\",\"@id\":\"https:\/\/printyourfun.eu\/product\/nakladka-pleksi-do-gry-eclipse-drugi-swit-galaktyki\/#breadcrumb\",\"itemListElement\":[{\"@type\":\"ListItem\",\"position\":1,\"name\":\"Home\",\"item\":\"https:\/\/printyourfun.eu\/\"},{\"@type\":\"ListItem\",\"position\":2,\"name\":\"Sklep\",\"item\":\"https:\/\/printyourfun.eu\/sklep\/\"},{\"@type\":\"ListItem\",\"position\":3,\"name\":\"Nak\u0142adka pleksi do gry Eclipse: Drugi \u015awit Galaktyki\"}]},{\"@type\":\"WebSite\",\"@id\":\"https:\/\/printyourfun.eu\/#website\",\"url\":\"https:\/\/printyourfun.eu\/\",\"name\":\"PrintYourFun\",\"description\":\"Wydruki 3D\",\"potentialAction\":[{\"@type\":\"SearchAction\",\"target\":{\"@type\":\"EntryPoint\",\"urlTemplate\":\"https:\/\/printyourfun.eu\/?s={search_term_string}\"},\"query-input\":{\"@type\":\"PropertyValueSpecification\",\"valueRequired\":true,\"valueName\":\"search_term_string\"}}],\"inLanguage\":\"en-GB\"}]}<\/script>\n<!-- \/ Yoast SEO plugin. -->","yoast_head_json":{"title":"Nak\u0142adka pleksi do gry Eclipse: Drugi \u015awit Galaktyki - PrintYourFun","robots":{"index":"index","follow":"follow","max-snippet":"max-snippet:-1","max-image-preview":"max-image-preview:large","max-video-preview":"max-video-preview:-1"},"canonical":"https:\/\/printyourfun.eu\/en\/product\/nakladka-pleksi-do-gry-eclipse-drugi-swit-galaktyki\/","og_locale":"en_GB","og_type":"article","og_title":"Nak\u0142adka pleksi do gry Eclipse: Drugi \u015awit Galaktyki - PrintYourFun","og_description":"Nak\u0142adka pleksi do gry Eclipse: Drugi \u015awit Galaktyki Wznie\u015b swoj\u0105 rozgrywk\u0119 w Eclipse na wy\u017cszy poziom dzi\u0119ki wysokiej jako\u015bci nak\u0142adce z pleksi i p\u0142yty HDF. Nak\u0142adka zosta\u0142a zaprojektowana tak, by utrzyma\u0107 wszystkie \u017cetony i znaczniki na swoim miejscu. Koniec z przypadkowym przesuwaniem element\u00f3w! Dost\u0119pna wersja STD (standardowa) na 4 statki oraz wersja RHO (Rho Indi [...]","og_url":"https:\/\/printyourfun.eu\/en\/product\/nakladka-pleksi-do-gry-eclipse-drugi-swit-galaktyki\/","og_site_name":"PrintYourFun","article_publisher":"https:\/\/www.facebook.com\/Printyourfun\/","article_modified_time":"2025-05-05T16:55:44+00:00","og_image":[{"width":2000,"height":2000,"url":"https:\/\/printyourfun.eu\/wp-content\/uploads\/2025\/05\/ASC02276-kopia.jpg","type":"image\/jpeg"}],"twitter_card":"summary_large_image","twitter_misc":{"Estimated reading time":"2 minutes"},"schema":{"@context":"https:\/\/schema.org","@graph":[{"@type":"WebPage","@id":"https:\/\/printyourfun.eu\/product\/nakladka-pleksi-do-gry-eclipse-drugi-swit-galaktyki\/","url":"https:\/\/printyourfun.eu\/product\/nakladka-pleksi-do-gry-eclipse-drugi-swit-galaktyki\/","name":"Nak\u0142adka pleksi do gry Eclipse: Drugi \u015awit Galaktyki - PrintYourFun","isPartOf":{"@id":"https:\/\/printyourfun.eu\/#website"},"primaryImageOfPage":{"@id":"https:\/\/printyourfun.eu\/product\/nakladka-pleksi-do-gry-eclipse-drugi-swit-galaktyki\/#primaryimage"},"image":{"@id":"https:\/\/printyourfun.eu\/product\/nakladka-pleksi-do-gry-eclipse-drugi-swit-galaktyki\/#primaryimage"},"thumbnailUrl":"https:\/\/printyourfun.eu\/wp-content\/uploads\/2025\/05\/ASC02276-kopia.jpg","datePublished":"2025-05-05T16:06:07+00:00","dateModified":"2025-05-05T16:55:44+00:00","breadcrumb":{"@id":"https:\/\/printyourfun.eu\/product\/nakladka-pleksi-do-gry-eclipse-drugi-swit-galaktyki\/#breadcrumb"},"inLanguage":"en-GB","potentialAction":[{"@type":"ReadAction","target":["https:\/\/printyourfun.eu\/product\/nakladka-pleksi-do-gry-eclipse-drugi-swit-galaktyki\/"]}]},{"@type":"ImageObject","inLanguage":"en-GB","@id":"https:\/\/printyourfun.eu\/product\/nakladka-pleksi-do-gry-eclipse-drugi-swit-galaktyki\/#primaryimage","url":"https:\/\/printyourfun.eu\/wp-content\/uploads\/2025\/05\/ASC02276-kopia.jpg","contentUrl":"https:\/\/printyourfun.eu\/wp-content\/uploads\/2025\/05\/ASC02276-kopia.jpg","width":2000,"height":2000},{"@type":"BreadcrumbList","@id":"https:\/\/printyourfun.eu\/product\/nakladka-pleksi-do-gry-eclipse-drugi-swit-galaktyki\/#breadcrumb","itemListElement":[{"@type":"ListItem","position":1,"name":"Home","item":"https:\/\/printyourfun.eu\/"},{"@type":"ListItem","position":2,"name":"Sklep","item":"https:\/\/printyourfun.eu\/sklep\/"},{"@type":"ListItem","position":3,"name":"Nak\u0142adka pleksi do gry Eclipse: Drugi \u015awit Galaktyki"}]},{"@type":"WebSite","@id":"https:\/\/printyourfun.eu\/#website","url":"https:\/\/printyourfun.eu\/","name":"PrintYourFun","description":"Wydruki 3D","potentialAction":[{"@type":"SearchAction","target":{"@type":"EntryPoint","urlTemplate":"https:\/\/printyourfun.eu\/?s={search_term_string}"},"query-input":{"@type":"PropertyValueSpecification","valueRequired":true,"valueName":"search_term_string"}}],"inLanguage":"en-GB"}]}},"_links":{"self":[{"href":"https:\/\/printyourfun.eu\/en\/wp-json\/wp\/v2\/product\/6160","targetHints":{"allow":["GET"]}}],"collection":[{"href":"https:\/\/printyourfun.eu\/en\/wp-json\/wp\/v2\/product"}],"about":[{"href":"https:\/\/printyourfun.eu\/en\/wp-json\/wp\/v2\/types\/product"}],"replies":[{"embeddable":true,"href":"https:\/\/printyourfun.eu\/en\/wp-json\/wp\/v2\/comments?post=6160"}],"wp:featuredmedia":[{"embeddable":true,"href":"https:\/\/printyourfun.eu\/en\/wp-json\/wp\/v2\/media\/6161"}],"wp:attachment":[{"href":"https:\/\/printyourfun.eu\/en\/wp-json\/wp\/v2\/media?parent=6160"}],"wp:term":[{"taxonomy":"product_brand","embeddable":true,"href":"https:\/\/printyourfun.eu\/en\/wp-json\/wp\/v2\/product_brand?post=6160"},{"taxonomy":"product_cat","embeddable":true,"href":"https:\/\/printyourfun.eu\/en\/wp-json\/wp\/v2\/product_cat?post=6160"},{"taxonomy":"product_tag","embeddable":true,"href":"https:\/\/printyourfun.eu\/en\/wp-json\/wp\/v2\/product_tag?post=6160"}],"curies":[{"name":"wp","href":"https:\/\/api.w.org\/{rel}","templated":true}]}}