{"id":6176,"date":"2025-05-05T19:09:40","date_gmt":"2025-05-05T17:09:40","guid":{"rendered":"https:\/\/printyourfun.eu\/?post_type=product&#038;p=6176"},"modified":"2025-05-05T19:22:19","modified_gmt":"2025-05-05T17:22:19","slug":"organizer-planszy-kolejnosci-graczy-eclipse-drugi-swit-galaktyki","status":"publish","type":"product","link":"https:\/\/printyourfun.eu\/en\/product\/organizer-planszy-kolejnosci-graczy-eclipse-drugi-swit-galaktyki\/","title":{"rendered":"Organizer planszy kolejno\u015bci graczy Eclipse: Drugi \u015awit Galaktyki"},"content":{"rendered":"<p style=\"text-align: left;\"><span style=\"color: #c66a26; font-size: 110%; border-left: 10px solid #c66a26; padding-left: 15px;\"><strong>Organizer planszy kolejno\u015bci graczy Eclipse: Drugi \u015awit Galaktyki <\/strong><\/span><\/p>\n<p class=\"\" data-start=\"64\" data-end=\"294\">Ulepsz swoj\u0105 rozgrywk\u0119 w Eclipse dzi\u0119ki wysokiej jako\u015bci organizerze z p\u0142yty HDF i plexi z pi\u0119knym nadrukiem galaktyki!<\/p>\n<p class=\"\" data-start=\"64\" data-end=\"294\">Produkt zosta\u0142 zaprojektowany tak, aby uporz\u0105dkowa\u0107 kolejno\u015b\u0107 tur i nada\u0107 Twojej planszy elegancki, futurystyczny wygl\u0105d.<\/p>\n<p class=\"\" data-start=\"296\" data-end=\"450\">\u26a0\ufe0f <strong data-start=\"299\" data-end=\"309\">WA\u017bNE:<\/strong> Nak\u0142adki wysy\u0142ane s\u0105 z foli\u0105 ochronn\u0105 po obu stronach.<br data-start=\"364\" data-end=\"367\" \/>\ud83e\uddfc Przed u\u017cyciem nale\u017cy usun\u0105\u0107 foli\u0119, aby odkry\u0107 idealnie przejrzyst\u0105 powierzchni\u0119.<\/p>\n<p class=\"\" data-start=\"457\" data-end=\"478\">\u2705 <strong data-start=\"459\" data-end=\"478\">Cechy produktu:<\/strong><\/p>\n<p data-start=\"457\" data-end=\"478\">\ud83c\udfa8 <strong data-start=\"3\" data-end=\"43\">Pi\u0119kny nadruk UV z motywem galaktyki<\/strong> \u2013 realistyczna, pe\u0142nokolorowa grafika nadaje planszy wyj\u0105tkowego klimatu science-fiction.<\/p>\n<p class=\"\" data-start=\"480\" data-end=\"778\">\ud83c\udfaf <strong data-start=\"483\" data-end=\"506\">Idealne dopasowanie<\/strong> \u2013 precyzyjnie wykonana, pasuje idealnie do planszy.<br data-start=\"558\" data-end=\"561\" \/>\ud83d\udeab <strong data-start=\"564\" data-end=\"591\">Stabilizacja znacznik\u00f3w<\/strong> \u2013 podstawa z p\u0142yty HDF oraz ramka zapobiegaj\u0105 przesuwaniu si\u0119 element\u00f3w.<br data-start=\"664\" data-end=\"667\" \/>\ud83c\udf1f <strong data-start=\"670\" data-end=\"696\">Przejrzysto\u015b\u0107 i jako\u015b\u0107<\/strong> \u2013 wykonana z przezroczystego akrylu o grubo\u015bci 2 mm, lekka, a zarazem wytrzyma\u0142a.<\/p>\n<p class=\"\" data-start=\"785\" data-end=\"806\">\ud83e\udde9 Dost\u0119pne wersje:<\/p>\n<ul data-start=\"807\" data-end=\"872\">\n<li class=\"\" data-start=\"807\" data-end=\"839\">\n<p class=\"\" data-start=\"809\" data-end=\"839\"><strong data-start=\"809\" data-end=\"824\">Standardowa<\/strong> dla 6 graczy<\/p>\n<\/li>\n<li class=\"\" data-start=\"840\" data-end=\"872\">\n<p class=\"\" data-start=\"842\" data-end=\"872\"><strong data-start=\"842\" data-end=\"857\">Rozszerzona<\/strong> dla 9 graczy<\/p>\n<\/li>\n<\/ul>\n<p>&nbsp;<\/p>\n<p>Materia\u0142 : HDF, Pleksi<\/p>\n<p>PRODUKT NIE ZAWIERA GRY PLANSZOWEJ I JEJ ELEMENT\u00d3W.<\/p>\n<p class=\"wt-line-height-tight wt-break-word wt-text-body-01\" tabindex=\"0\" data-buy-box-listing-title=\"true\">Eclipse: 2nd Dawn for the Galaxy<\/p>","protected":false},"excerpt":{"rendered":"<p>Organizer planszy kolejno\u015bci graczy Eclipse: Drugi \u015awit Galaktyki Ulepsz swoj\u0105 rozgrywk\u0119 w Eclipse dzi\u0119ki wysokiej jako\u015bci organizerze z p\u0142yty HDF i plexi z pi\u0119knym nadrukiem galaktyki! Produkt zosta\u0142 zaprojektowany tak, aby uporz\u0105dkowa\u0107 kolejno\u015b\u0107 tur i nada\u0107 Twojej planszy elegancki, futurystyczny wygl\u0105d. \u26a0\ufe0f WA\u017bNE: Nak\u0142adki wysy\u0142ane s\u0105 z foli\u0105 ochronn\u0105 po obu stronach.\ud83e\uddfc Przed u\u017cyciem nale\u017cy [&#8230;]","protected":false},"featured_media":6181,"comment_status":"open","ping_status":"closed","template":"","meta":{"_acf_changed":false},"product_brand":[],"product_cat":[70,163],"product_tag":[370,372,369,375,162,127,374,371,323,373],"class_list":{"0":"post-6176","1":"product","2":"type-product","3":"status-publish","4":"has-post-thumbnail","6":"product_cat-akcesoria-do-gier","7":"product_cat-organizery-plansz","8":"product_tag-eclipse","9":"product_tag-eclipse-drugi-swit-galaktyki","10":"product_tag-eclipse-2nd-dawn-for-the-galaxy","11":"product_tag-kolejnosci-graczy","12":"product_tag-nakladka","13":"product_tag-organizer","14":"product_tag-organizer-tur","15":"product_tag-overlay-eclipse","16":"product_tag-planszetka","17":"product_tag-tury","19":"first","20":"instock","21":"shipping-taxable","22":"purchasable","23":"product-type-variable"},"acf":[],"yoast_head":"<!-- This site is optimized with the Yoast SEO plugin v24.8.1 - https:\/\/yoast.com\/wordpress\/plugins\/seo\/ -->\n<title>Organizer planszy kolejno\u015bci graczy Eclipse: Drugi \u015awit Galaktyki - PrintYourFun<\/title>\n<meta name=\"robots\" content=\"index, follow, max-snippet:-1, max-image-preview:large, max-video-preview:-1\" \/>\n<link rel=\"canonical\" href=\"https:\/\/printyourfun.eu\/en\/product\/organizer-planszy-kolejnosci-graczy-eclipse-drugi-swit-galaktyki\/\" \/>\n<meta property=\"og:locale\" content=\"en_GB\" \/>\n<meta property=\"og:type\" content=\"article\" \/>\n<meta property=\"og:title\" content=\"Organizer planszy kolejno\u015bci graczy Eclipse: Drugi \u015awit Galaktyki - PrintYourFun\" \/>\n<meta property=\"og:description\" content=\"Organizer planszy kolejno\u015bci graczy Eclipse: Drugi \u015awit Galaktyki Ulepsz swoj\u0105 rozgrywk\u0119 w Eclipse dzi\u0119ki wysokiej jako\u015bci organizerze z p\u0142yty HDF i plexi z pi\u0119knym nadrukiem galaktyki! Produkt zosta\u0142 zaprojektowany tak, aby uporz\u0105dkowa\u0107 kolejno\u015b\u0107 tur i nada\u0107 Twojej planszy elegancki, futurystyczny wygl\u0105d. \u26a0\ufe0f WA\u017bNE: Nak\u0142adki wysy\u0142ane s\u0105 z foli\u0105 ochronn\u0105 po obu stronach.\ud83e\uddfc Przed u\u017cyciem nale\u017cy [...]\" \/>\n<meta property=\"og:url\" content=\"https:\/\/printyourfun.eu\/en\/product\/organizer-planszy-kolejnosci-graczy-eclipse-drugi-swit-galaktyki\/\" \/>\n<meta property=\"og:site_name\" content=\"PrintYourFun\" \/>\n<meta property=\"article:publisher\" content=\"https:\/\/www.facebook.com\/Printyourfun\/\" \/>\n<meta property=\"article:modified_time\" content=\"2025-05-05T17:22:19+00:00\" \/>\n<meta property=\"og:image\" content=\"https:\/\/printyourfun.eu\/wp-content\/uploads\/2025\/05\/ASC02282-kopia.jpg\" \/>\n\t<meta property=\"og:image:width\" content=\"2000\" \/>\n\t<meta property=\"og:image:height\" content=\"2000\" \/>\n\t<meta property=\"og:image:type\" content=\"image\/jpeg\" \/>\n<meta name=\"twitter:card\" content=\"summary_large_image\" \/>\n<meta name=\"twitter:label1\" content=\"Estimated reading time\" \/>\n\t<meta name=\"twitter:data1\" content=\"2 minutes\" \/>\n<script type=\"application\/ld+json\" class=\"yoast-schema-graph\">{\"@context\":\"https:\/\/schema.org\",\"@graph\":[{\"@type\":\"WebPage\",\"@id\":\"https:\/\/printyourfun.eu\/product\/organizer-planszy-kolejnosci-graczy-eclipse-drugi-swit-galaktyki\/\",\"url\":\"https:\/\/printyourfun.eu\/product\/organizer-planszy-kolejnosci-graczy-eclipse-drugi-swit-galaktyki\/\",\"name\":\"Organizer planszy kolejno\u015bci graczy Eclipse: Drugi \u015awit Galaktyki - PrintYourFun\",\"isPartOf\":{\"@id\":\"https:\/\/printyourfun.eu\/#website\"},\"primaryImageOfPage\":{\"@id\":\"https:\/\/printyourfun.eu\/product\/organizer-planszy-kolejnosci-graczy-eclipse-drugi-swit-galaktyki\/#primaryimage\"},\"image\":{\"@id\":\"https:\/\/printyourfun.eu\/product\/organizer-planszy-kolejnosci-graczy-eclipse-drugi-swit-galaktyki\/#primaryimage\"},\"thumbnailUrl\":\"https:\/\/printyourfun.eu\/wp-content\/uploads\/2025\/05\/ASC02282-kopia.jpg\",\"datePublished\":\"2025-05-05T17:09:40+00:00\",\"dateModified\":\"2025-05-05T17:22:19+00:00\",\"breadcrumb\":{\"@id\":\"https:\/\/printyourfun.eu\/product\/organizer-planszy-kolejnosci-graczy-eclipse-drugi-swit-galaktyki\/#breadcrumb\"},\"inLanguage\":\"en-GB\",\"potentialAction\":[{\"@type\":\"ReadAction\",\"target\":[\"https:\/\/printyourfun.eu\/product\/organizer-planszy-kolejnosci-graczy-eclipse-drugi-swit-galaktyki\/\"]}]},{\"@type\":\"ImageObject\",\"inLanguage\":\"en-GB\",\"@id\":\"https:\/\/printyourfun.eu\/product\/organizer-planszy-kolejnosci-graczy-eclipse-drugi-swit-galaktyki\/#primaryimage\",\"url\":\"https:\/\/printyourfun.eu\/wp-content\/uploads\/2025\/05\/ASC02282-kopia.jpg\",\"contentUrl\":\"https:\/\/printyourfun.eu\/wp-content\/uploads\/2025\/05\/ASC02282-kopia.jpg\",\"width\":2000,\"height\":2000},{\"@type\":\"BreadcrumbList\",\"@id\":\"https:\/\/printyourfun.eu\/product\/organizer-planszy-kolejnosci-graczy-eclipse-drugi-swit-galaktyki\/#breadcrumb\",\"itemListElement\":[{\"@type\":\"ListItem\",\"position\":1,\"name\":\"Home\",\"item\":\"https:\/\/printyourfun.eu\/\"},{\"@type\":\"ListItem\",\"position\":2,\"name\":\"Sklep\",\"item\":\"https:\/\/printyourfun.eu\/sklep\/\"},{\"@type\":\"ListItem\",\"position\":3,\"name\":\"Organizer planszy kolejno\u015bci graczy Eclipse: Drugi \u015awit Galaktyki\"}]},{\"@type\":\"WebSite\",\"@id\":\"https:\/\/printyourfun.eu\/#website\",\"url\":\"https:\/\/printyourfun.eu\/\",\"name\":\"PrintYourFun\",\"description\":\"Wydruki 3D\",\"potentialAction\":[{\"@type\":\"SearchAction\",\"target\":{\"@type\":\"EntryPoint\",\"urlTemplate\":\"https:\/\/printyourfun.eu\/?s={search_term_string}\"},\"query-input\":{\"@type\":\"PropertyValueSpecification\",\"valueRequired\":true,\"valueName\":\"search_term_string\"}}],\"inLanguage\":\"en-GB\"}]}<\/script>\n<!-- \/ Yoast SEO plugin. -->","yoast_head_json":{"title":"Organizer planszy kolejno\u015bci graczy Eclipse: Drugi \u015awit Galaktyki - PrintYourFun","robots":{"index":"index","follow":"follow","max-snippet":"max-snippet:-1","max-image-preview":"max-image-preview:large","max-video-preview":"max-video-preview:-1"},"canonical":"https:\/\/printyourfun.eu\/en\/product\/organizer-planszy-kolejnosci-graczy-eclipse-drugi-swit-galaktyki\/","og_locale":"en_GB","og_type":"article","og_title":"Organizer planszy kolejno\u015bci graczy Eclipse: Drugi \u015awit Galaktyki - PrintYourFun","og_description":"Organizer planszy kolejno\u015bci graczy Eclipse: Drugi \u015awit Galaktyki Ulepsz swoj\u0105 rozgrywk\u0119 w Eclipse dzi\u0119ki wysokiej jako\u015bci organizerze z p\u0142yty HDF i plexi z pi\u0119knym nadrukiem galaktyki! Produkt zosta\u0142 zaprojektowany tak, aby uporz\u0105dkowa\u0107 kolejno\u015b\u0107 tur i nada\u0107 Twojej planszy elegancki, futurystyczny wygl\u0105d. \u26a0\ufe0f WA\u017bNE: Nak\u0142adki wysy\u0142ane s\u0105 z foli\u0105 ochronn\u0105 po obu stronach.\ud83e\uddfc Przed u\u017cyciem nale\u017cy [...]","og_url":"https:\/\/printyourfun.eu\/en\/product\/organizer-planszy-kolejnosci-graczy-eclipse-drugi-swit-galaktyki\/","og_site_name":"PrintYourFun","article_publisher":"https:\/\/www.facebook.com\/Printyourfun\/","article_modified_time":"2025-05-05T17:22:19+00:00","og_image":[{"width":2000,"height":2000,"url":"https:\/\/printyourfun.eu\/wp-content\/uploads\/2025\/05\/ASC02282-kopia.jpg","type":"image\/jpeg"}],"twitter_card":"summary_large_image","twitter_misc":{"Estimated reading time":"2 minutes"},"schema":{"@context":"https:\/\/schema.org","@graph":[{"@type":"WebPage","@id":"https:\/\/printyourfun.eu\/product\/organizer-planszy-kolejnosci-graczy-eclipse-drugi-swit-galaktyki\/","url":"https:\/\/printyourfun.eu\/product\/organizer-planszy-kolejnosci-graczy-eclipse-drugi-swit-galaktyki\/","name":"Organizer planszy kolejno\u015bci graczy Eclipse: Drugi \u015awit Galaktyki - PrintYourFun","isPartOf":{"@id":"https:\/\/printyourfun.eu\/#website"},"primaryImageOfPage":{"@id":"https:\/\/printyourfun.eu\/product\/organizer-planszy-kolejnosci-graczy-eclipse-drugi-swit-galaktyki\/#primaryimage"},"image":{"@id":"https:\/\/printyourfun.eu\/product\/organizer-planszy-kolejnosci-graczy-eclipse-drugi-swit-galaktyki\/#primaryimage"},"thumbnailUrl":"https:\/\/printyourfun.eu\/wp-content\/uploads\/2025\/05\/ASC02282-kopia.jpg","datePublished":"2025-05-05T17:09:40+00:00","dateModified":"2025-05-05T17:22:19+00:00","breadcrumb":{"@id":"https:\/\/printyourfun.eu\/product\/organizer-planszy-kolejnosci-graczy-eclipse-drugi-swit-galaktyki\/#breadcrumb"},"inLanguage":"en-GB","potentialAction":[{"@type":"ReadAction","target":["https:\/\/printyourfun.eu\/product\/organizer-planszy-kolejnosci-graczy-eclipse-drugi-swit-galaktyki\/"]}]},{"@type":"ImageObject","inLanguage":"en-GB","@id":"https:\/\/printyourfun.eu\/product\/organizer-planszy-kolejnosci-graczy-eclipse-drugi-swit-galaktyki\/#primaryimage","url":"https:\/\/printyourfun.eu\/wp-content\/uploads\/2025\/05\/ASC02282-kopia.jpg","contentUrl":"https:\/\/printyourfun.eu\/wp-content\/uploads\/2025\/05\/ASC02282-kopia.jpg","width":2000,"height":2000},{"@type":"BreadcrumbList","@id":"https:\/\/printyourfun.eu\/product\/organizer-planszy-kolejnosci-graczy-eclipse-drugi-swit-galaktyki\/#breadcrumb","itemListElement":[{"@type":"ListItem","position":1,"name":"Home","item":"https:\/\/printyourfun.eu\/"},{"@type":"ListItem","position":2,"name":"Sklep","item":"https:\/\/printyourfun.eu\/sklep\/"},{"@type":"ListItem","position":3,"name":"Organizer planszy kolejno\u015bci graczy Eclipse: Drugi \u015awit Galaktyki"}]},{"@type":"WebSite","@id":"https:\/\/printyourfun.eu\/#website","url":"https:\/\/printyourfun.eu\/","name":"PrintYourFun","description":"Wydruki 3D","potentialAction":[{"@type":"SearchAction","target":{"@type":"EntryPoint","urlTemplate":"https:\/\/printyourfun.eu\/?s={search_term_string}"},"query-input":{"@type":"PropertyValueSpecification","valueRequired":true,"valueName":"search_term_string"}}],"inLanguage":"en-GB"}]}},"_links":{"self":[{"href":"https:\/\/printyourfun.eu\/en\/wp-json\/wp\/v2\/product\/6176","targetHints":{"allow":["GET"]}}],"collection":[{"href":"https:\/\/printyourfun.eu\/en\/wp-json\/wp\/v2\/product"}],"about":[{"href":"https:\/\/printyourfun.eu\/en\/wp-json\/wp\/v2\/types\/product"}],"replies":[{"embeddable":true,"href":"https:\/\/printyourfun.eu\/en\/wp-json\/wp\/v2\/comments?post=6176"}],"wp:featuredmedia":[{"embeddable":true,"href":"https:\/\/printyourfun.eu\/en\/wp-json\/wp\/v2\/media\/6181"}],"wp:attachment":[{"href":"https:\/\/printyourfun.eu\/en\/wp-json\/wp\/v2\/media?parent=6176"}],"wp:term":[{"taxonomy":"product_brand","embeddable":true,"href":"https:\/\/printyourfun.eu\/en\/wp-json\/wp\/v2\/product_brand?post=6176"},{"taxonomy":"product_cat","embeddable":true,"href":"https:\/\/printyourfun.eu\/en\/wp-json\/wp\/v2\/product_cat?post=6176"},{"taxonomy":"product_tag","embeddable":true,"href":"https:\/\/printyourfun.eu\/en\/wp-json\/wp\/v2\/product_tag?post=6176"}],"curies":[{"name":"wp","href":"https:\/\/api.w.org\/{rel}","templated":true}]}}