{"id":6192,"date":"2025-05-10T10:09:22","date_gmt":"2025-05-10T08:09:22","guid":{"rendered":"https:\/\/printyourfun.eu\/?post_type=product&#038;p=6192"},"modified":"2025-05-23T09:11:48","modified_gmt":"2025-05-23T07:11:48","slug":"tacka-dice-tray","status":"publish","type":"product","link":"https:\/\/printyourfun.eu\/en\/product\/tacka-dice-tray\/","title":{"rendered":"Tacka na ko\u015bci Zamek z gumow\u0105 pod\u0142og\u0105"},"content":{"rendered":"<p style=\"text-align: left;\"><span style=\"color: #c66a26; font-size: 110%; border-left: 10px solid #c66a26; padding-left: 15px;\"><strong>Tacka na ko\u015bci Zamek z gumow\u0105 pod\u0142og\u0105<\/strong><\/span><\/p>\n<p data-start=\"123\" data-end=\"331\">\u2728 <strong data-start=\"125\" data-end=\"159\">Efektowny wygl\u0105d bez malowania<\/strong><br data-start=\"159\" data-end=\"162\" \/>Wykonana z wysokiej jako\u015bci materia\u0142u <em data-start=\"200\" data-end=\"209\">Vertigo<\/em> z dodatkiem srebrnych drobinek. Kolor zapewnia wyj\u0105tkowe wyko\u0144czenie \u2013 bez potrzeby dodatkowego malowania.<\/p>\n<p data-start=\"333\" data-end=\"483\">\ud83d\udd07 <strong data-start=\"336\" data-end=\"351\">Ciche rzuty<\/strong><br data-start=\"351\" data-end=\"354\" \/>Wyposa\u017cona w gumow\u0105 pod\u0142og\u0119, kt\u00f3ra skutecznie t\u0142umi d\u017awi\u0119k tocz\u0105cych si\u0119 ko\u015bci \u2013 idealne rozwi\u0105zanie do cichej i komfortowej gry.<\/p>\n<p data-start=\"485\" data-end=\"514\">\ud83e\uddf1 <strong data-start=\"488\" data-end=\"512\">Dwa warianty pod\u0142ogi<\/strong><\/p>\n<ul data-start=\"515\" data-end=\"587\">\n<li data-start=\"515\" data-end=\"554\">\n<p data-start=\"517\" data-end=\"554\">Wersja z grafik\u0105 kamiennej posadzki<\/p>\n<\/li>\n<li data-start=\"555\" data-end=\"587\">\n<p data-start=\"557\" data-end=\"587\">Wersja klasyczna (bez nadruku, czarna)<\/p>\n<\/li>\n<\/ul>\n<p data-start=\"589\" data-end=\"619\">\ud83d\udccf <strong data-start=\"592\" data-end=\"603\">Wymiary<\/strong><br data-start=\"603\" data-end=\"606\" \/>16 cm x 14 cm<\/p>\n<p data-start=\"621\" data-end=\"760\">\ud83c\udfb2 <strong data-start=\"624\" data-end=\"650\">Funkcjonalne wie\u017cyczki<\/strong><br data-start=\"650\" data-end=\"653\" \/>Wie\u017cyczki mog\u0105 pe\u0142ni\u0107 funkcj\u0119 praktycznego miejsca do odk\u0142adania wyrzuconych ko\u015bci. Przydatne w grach, w kt\u00f3rych mo\u017cna przerzuca\u0107 pojedyncze ko\u015bci bez ryzyka naruszenia pozosta\u0142ych.<\/p>\n<p><img loading=\"lazy\" decoding=\"async\" class=\"aligncenter size-medium wp-image-6193\" src=\"https:\/\/printyourfun.eu\/wp-content\/uploads\/2025\/05\/www-800x308.jpg\" alt=\"\" width=\"800\" height=\"308\" srcset=\"https:\/\/printyourfun.eu\/wp-content\/uploads\/2025\/05\/www-800x308.jpg 800w, https:\/\/printyourfun.eu\/wp-content\/uploads\/2025\/05\/www-1400x539.jpg 1400w, https:\/\/printyourfun.eu\/wp-content\/uploads\/2025\/05\/www-768x296.jpg 768w, https:\/\/printyourfun.eu\/wp-content\/uploads\/2025\/05\/www-1536x591.jpg 1536w, https:\/\/printyourfun.eu\/wp-content\/uploads\/2025\/05\/www-2048x788.jpg 2048w, https:\/\/printyourfun.eu\/wp-content\/uploads\/2025\/05\/www-18x7.jpg 18w, https:\/\/printyourfun.eu\/wp-content\/uploads\/2025\/05\/www-600x231.jpg 600w\" sizes=\"auto, (max-width: 800px) 100vw, 800px\" \/><\/p>\n<p>&nbsp;<\/p>\n<p>Materia\u0142 : PLA, EVA<\/p>\n<p>PRODUKT NIE ZAWIERA GRY PLANSZOWEJ I JEJ ELEMENT\u00d3W.<\/p>\n<h6><\/h6>","protected":false},"excerpt":{"rendered":"<p>Tacka na ko\u015bci Zamek z gumow\u0105 pod\u0142og\u0105 \u2728 Efektowny wygl\u0105d bez malowaniaWykonana z wysokiej jako\u015bci materia\u0142u Vertigo z dodatkiem srebrnych drobinek. Kolor zapewnia wyj\u0105tkowe wyko\u0144czenie \u2013 bez potrzeby dodatkowego malowania. \ud83d\udd07 Ciche rzutyWyposa\u017cona w gumow\u0105 pod\u0142og\u0119, kt\u00f3ra skutecznie t\u0142umi d\u017awi\u0119k tocz\u0105cych si\u0119 ko\u015bci \u2013 idealne rozwi\u0105zanie do cichej i komfortowej gry. \ud83e\uddf1 Dwa warianty pod\u0142ogi [&#8230;]","protected":false},"featured_media":6196,"comment_status":"open","ping_status":"closed","template":"","meta":{"_acf_changed":false},"product_brand":[],"product_cat":[70,82],"product_tag":[293,153,377,380,381,382,149,379,378,376,152],"class_list":{"0":"post-6192","1":"product","2":"type-product","3":"status-publish","4":"has-post-thumbnail","6":"product_cat-akcesoria-do-gier","7":"product_cat-wieze-na-kosci","8":"product_tag-dd","9":"product_tag-dice","10":"product_tag-dice-tray","11":"product_tag-do-rzucania","12":"product_tag-do-rzucania-kosci","13":"product_tag-fantasy","14":"product_tag-kosci","15":"product_tag-podstawka-na-kosci","16":"product_tag-tacka","17":"product_tag-tacka-na-kosci","18":"product_tag-zamek","20":"first","21":"instock","22":"shipping-taxable","23":"purchasable","24":"product-type-variable"},"acf":[],"yoast_head":"<!-- This site is optimized with the Yoast SEO plugin v24.8.1 - https:\/\/yoast.com\/wordpress\/plugins\/seo\/ -->\n<title>Tacka na ko\u015bci Zamek z gumow\u0105 pod\u0142og\u0105 - PrintYourFun<\/title>\n<meta name=\"description\" content=\"Tacka na ko\u015bci Zamek. Idealna do gier RPG, D&amp;D czy plansz\u00f3wek w klimacie zamk\u00f3w i smok\u00f3w. Wykonana z materia\u0142u Vertigo z drobinkami srebra \u2013 efektowne wyko\u0144czenie bez potrzeby malowania.\ud83d\udd07 Gumowana pod\u0142oga zapewnia ciche, stonowane rzuty.\" \/>\n<meta name=\"robots\" content=\"index, follow, max-snippet:-1, max-image-preview:large, max-video-preview:-1\" \/>\n<link rel=\"canonical\" href=\"https:\/\/printyourfun.eu\/en\/product\/tacka-dice-tray\/\" \/>\n<meta property=\"og:locale\" content=\"en_GB\" \/>\n<meta property=\"og:type\" content=\"article\" \/>\n<meta property=\"og:title\" content=\"Tacka na ko\u015bci Zamek z gumow\u0105 pod\u0142og\u0105 - PrintYourFun\" \/>\n<meta property=\"og:description\" content=\"Tacka na ko\u015bci Zamek. Idealna do gier RPG, D&amp;D czy plansz\u00f3wek w klimacie zamk\u00f3w i smok\u00f3w. Wykonana z materia\u0142u Vertigo z drobinkami srebra \u2013 efektowne wyko\u0144czenie bez potrzeby malowania.\ud83d\udd07 Gumowana pod\u0142oga zapewnia ciche, stonowane rzuty.\" \/>\n<meta property=\"og:url\" content=\"https:\/\/printyourfun.eu\/en\/product\/tacka-dice-tray\/\" \/>\n<meta property=\"og:site_name\" content=\"PrintYourFun\" \/>\n<meta property=\"article:publisher\" content=\"https:\/\/www.facebook.com\/Printyourfun\/\" \/>\n<meta property=\"article:modified_time\" content=\"2025-05-23T07:11:48+00:00\" \/>\n<meta property=\"og:image\" content=\"https:\/\/printyourfun.eu\/wp-content\/uploads\/2025\/05\/ASC02314-kopia.jpg\" \/>\n\t<meta property=\"og:image:width\" content=\"2000\" \/>\n\t<meta property=\"og:image:height\" content=\"2000\" \/>\n\t<meta property=\"og:image:type\" content=\"image\/jpeg\" \/>\n<meta name=\"twitter:card\" content=\"summary_large_image\" \/>\n<meta name=\"twitter:label1\" content=\"Estimated reading time\" \/>\n\t<meta name=\"twitter:data1\" content=\"2 minutes\" \/>\n<script type=\"application\/ld+json\" class=\"yoast-schema-graph\">{\"@context\":\"https:\/\/schema.org\",\"@graph\":[{\"@type\":\"WebPage\",\"@id\":\"https:\/\/printyourfun.eu\/product\/tacka-dice-tray\/\",\"url\":\"https:\/\/printyourfun.eu\/product\/tacka-dice-tray\/\",\"name\":\"Tacka na ko\u015bci Zamek z gumow\u0105 pod\u0142og\u0105 - PrintYourFun\",\"isPartOf\":{\"@id\":\"https:\/\/printyourfun.eu\/#website\"},\"primaryImageOfPage\":{\"@id\":\"https:\/\/printyourfun.eu\/product\/tacka-dice-tray\/#primaryimage\"},\"image\":{\"@id\":\"https:\/\/printyourfun.eu\/product\/tacka-dice-tray\/#primaryimage\"},\"thumbnailUrl\":\"https:\/\/printyourfun.eu\/wp-content\/uploads\/2025\/05\/ASC02314-kopia.jpg\",\"datePublished\":\"2025-05-10T08:09:22+00:00\",\"dateModified\":\"2025-05-23T07:11:48+00:00\",\"description\":\"Tacka na ko\u015bci Zamek. Idealna do gier RPG, D&D czy plansz\u00f3wek w klimacie zamk\u00f3w i smok\u00f3w. Wykonana z materia\u0142u Vertigo z drobinkami srebra \u2013 efektowne wyko\u0144czenie bez potrzeby malowania.\ud83d\udd07 Gumowana pod\u0142oga zapewnia ciche, stonowane rzuty.\",\"breadcrumb\":{\"@id\":\"https:\/\/printyourfun.eu\/product\/tacka-dice-tray\/#breadcrumb\"},\"inLanguage\":\"en-GB\",\"potentialAction\":[{\"@type\":\"ReadAction\",\"target\":[\"https:\/\/printyourfun.eu\/product\/tacka-dice-tray\/\"]}]},{\"@type\":\"ImageObject\",\"inLanguage\":\"en-GB\",\"@id\":\"https:\/\/printyourfun.eu\/product\/tacka-dice-tray\/#primaryimage\",\"url\":\"https:\/\/printyourfun.eu\/wp-content\/uploads\/2025\/05\/ASC02314-kopia.jpg\",\"contentUrl\":\"https:\/\/printyourfun.eu\/wp-content\/uploads\/2025\/05\/ASC02314-kopia.jpg\",\"width\":2000,\"height\":2000},{\"@type\":\"BreadcrumbList\",\"@id\":\"https:\/\/printyourfun.eu\/product\/tacka-dice-tray\/#breadcrumb\",\"itemListElement\":[{\"@type\":\"ListItem\",\"position\":1,\"name\":\"Home\",\"item\":\"https:\/\/printyourfun.eu\/\"},{\"@type\":\"ListItem\",\"position\":2,\"name\":\"Sklep\",\"item\":\"https:\/\/printyourfun.eu\/sklep\/\"},{\"@type\":\"ListItem\",\"position\":3,\"name\":\"Tacka na ko\u015bci Zamek z gumow\u0105 pod\u0142og\u0105\"}]},{\"@type\":\"WebSite\",\"@id\":\"https:\/\/printyourfun.eu\/#website\",\"url\":\"https:\/\/printyourfun.eu\/\",\"name\":\"PrintYourFun\",\"description\":\"Wydruki 3D\",\"potentialAction\":[{\"@type\":\"SearchAction\",\"target\":{\"@type\":\"EntryPoint\",\"urlTemplate\":\"https:\/\/printyourfun.eu\/?s={search_term_string}\"},\"query-input\":{\"@type\":\"PropertyValueSpecification\",\"valueRequired\":true,\"valueName\":\"search_term_string\"}}],\"inLanguage\":\"en-GB\"}]}<\/script>\n<!-- \/ Yoast SEO plugin. -->","yoast_head_json":{"title":"Tacka na ko\u015bci Zamek z gumow\u0105 pod\u0142og\u0105 - PrintYourFun","description":"Tacka na ko\u015bci Zamek. Idealna do gier RPG, D&D czy plansz\u00f3wek w klimacie zamk\u00f3w i smok\u00f3w. Wykonana z materia\u0142u Vertigo z drobinkami srebra \u2013 efektowne wyko\u0144czenie bez potrzeby malowania.\ud83d\udd07 Gumowana pod\u0142oga zapewnia ciche, stonowane rzuty.","robots":{"index":"index","follow":"follow","max-snippet":"max-snippet:-1","max-image-preview":"max-image-preview:large","max-video-preview":"max-video-preview:-1"},"canonical":"https:\/\/printyourfun.eu\/en\/product\/tacka-dice-tray\/","og_locale":"en_GB","og_type":"article","og_title":"Tacka na ko\u015bci Zamek z gumow\u0105 pod\u0142og\u0105 - PrintYourFun","og_description":"Tacka na ko\u015bci Zamek. Idealna do gier RPG, D&D czy plansz\u00f3wek w klimacie zamk\u00f3w i smok\u00f3w. Wykonana z materia\u0142u Vertigo z drobinkami srebra \u2013 efektowne wyko\u0144czenie bez potrzeby malowania.\ud83d\udd07 Gumowana pod\u0142oga zapewnia ciche, stonowane rzuty.","og_url":"https:\/\/printyourfun.eu\/en\/product\/tacka-dice-tray\/","og_site_name":"PrintYourFun","article_publisher":"https:\/\/www.facebook.com\/Printyourfun\/","article_modified_time":"2025-05-23T07:11:48+00:00","og_image":[{"width":2000,"height":2000,"url":"https:\/\/printyourfun.eu\/wp-content\/uploads\/2025\/05\/ASC02314-kopia.jpg","type":"image\/jpeg"}],"twitter_card":"summary_large_image","twitter_misc":{"Estimated reading time":"2 minutes"},"schema":{"@context":"https:\/\/schema.org","@graph":[{"@type":"WebPage","@id":"https:\/\/printyourfun.eu\/product\/tacka-dice-tray\/","url":"https:\/\/printyourfun.eu\/product\/tacka-dice-tray\/","name":"Tacka na ko\u015bci Zamek z gumow\u0105 pod\u0142og\u0105 - PrintYourFun","isPartOf":{"@id":"https:\/\/printyourfun.eu\/#website"},"primaryImageOfPage":{"@id":"https:\/\/printyourfun.eu\/product\/tacka-dice-tray\/#primaryimage"},"image":{"@id":"https:\/\/printyourfun.eu\/product\/tacka-dice-tray\/#primaryimage"},"thumbnailUrl":"https:\/\/printyourfun.eu\/wp-content\/uploads\/2025\/05\/ASC02314-kopia.jpg","datePublished":"2025-05-10T08:09:22+00:00","dateModified":"2025-05-23T07:11:48+00:00","description":"Tacka na ko\u015bci Zamek. Idealna do gier RPG, D&D czy plansz\u00f3wek w klimacie zamk\u00f3w i smok\u00f3w. Wykonana z materia\u0142u Vertigo z drobinkami srebra \u2013 efektowne wyko\u0144czenie bez potrzeby malowania.\ud83d\udd07 Gumowana pod\u0142oga zapewnia ciche, stonowane rzuty.","breadcrumb":{"@id":"https:\/\/printyourfun.eu\/product\/tacka-dice-tray\/#breadcrumb"},"inLanguage":"en-GB","potentialAction":[{"@type":"ReadAction","target":["https:\/\/printyourfun.eu\/product\/tacka-dice-tray\/"]}]},{"@type":"ImageObject","inLanguage":"en-GB","@id":"https:\/\/printyourfun.eu\/product\/tacka-dice-tray\/#primaryimage","url":"https:\/\/printyourfun.eu\/wp-content\/uploads\/2025\/05\/ASC02314-kopia.jpg","contentUrl":"https:\/\/printyourfun.eu\/wp-content\/uploads\/2025\/05\/ASC02314-kopia.jpg","width":2000,"height":2000},{"@type":"BreadcrumbList","@id":"https:\/\/printyourfun.eu\/product\/tacka-dice-tray\/#breadcrumb","itemListElement":[{"@type":"ListItem","position":1,"name":"Home","item":"https:\/\/printyourfun.eu\/"},{"@type":"ListItem","position":2,"name":"Sklep","item":"https:\/\/printyourfun.eu\/sklep\/"},{"@type":"ListItem","position":3,"name":"Tacka na ko\u015bci Zamek z gumow\u0105 pod\u0142og\u0105"}]},{"@type":"WebSite","@id":"https:\/\/printyourfun.eu\/#website","url":"https:\/\/printyourfun.eu\/","name":"PrintYourFun","description":"Wydruki 3D","potentialAction":[{"@type":"SearchAction","target":{"@type":"EntryPoint","urlTemplate":"https:\/\/printyourfun.eu\/?s={search_term_string}"},"query-input":{"@type":"PropertyValueSpecification","valueRequired":true,"valueName":"search_term_string"}}],"inLanguage":"en-GB"}]}},"_links":{"self":[{"href":"https:\/\/printyourfun.eu\/en\/wp-json\/wp\/v2\/product\/6192","targetHints":{"allow":["GET"]}}],"collection":[{"href":"https:\/\/printyourfun.eu\/en\/wp-json\/wp\/v2\/product"}],"about":[{"href":"https:\/\/printyourfun.eu\/en\/wp-json\/wp\/v2\/types\/product"}],"replies":[{"embeddable":true,"href":"https:\/\/printyourfun.eu\/en\/wp-json\/wp\/v2\/comments?post=6192"}],"wp:featuredmedia":[{"embeddable":true,"href":"https:\/\/printyourfun.eu\/en\/wp-json\/wp\/v2\/media\/6196"}],"wp:attachment":[{"href":"https:\/\/printyourfun.eu\/en\/wp-json\/wp\/v2\/media?parent=6192"}],"wp:term":[{"taxonomy":"product_brand","embeddable":true,"href":"https:\/\/printyourfun.eu\/en\/wp-json\/wp\/v2\/product_brand?post=6192"},{"taxonomy":"product_cat","embeddable":true,"href":"https:\/\/printyourfun.eu\/en\/wp-json\/wp\/v2\/product_cat?post=6192"},{"taxonomy":"product_tag","embeddable":true,"href":"https:\/\/printyourfun.eu\/en\/wp-json\/wp\/v2\/product_tag?post=6192"}],"curies":[{"name":"wp","href":"https:\/\/api.w.org\/{rel}","templated":true}]}}