{"id":6204,"date":"2025-05-10T11:45:03","date_gmt":"2025-05-10T09:45:03","guid":{"rendered":"https:\/\/printyourfun.eu\/?post_type=product&#038;p=6204"},"modified":"2025-05-10T11:59:14","modified_gmt":"2025-05-10T09:59:14","slug":"suwaki-rubieze-reputacja","status":"publish","type":"product","link":"https:\/\/printyourfun.eu\/en\/product\/suwaki-rubieze-reputacja\/","title":{"rendered":"Suwaki reputacji Star Wars Zewn\u0119trzne rubie\u017ce"},"content":{"rendered":"<p style=\"text-align: left;\"><span style=\"color: #c66a26; font-size: 110%; border-left: 10px solid #c66a26; padding-left: 15px;\"><strong>Suwaki reputacji Star Wars Zewn\u0119trzne rubie\u017ce<\/strong><\/span><\/p>\n<h3 data-start=\"120\" data-end=\"177\"><strong data-start=\"127\" data-end=\"177\">Zestaw 16 Suwak\u00f3w \u017beton\u00f3w Reputacji (4 kolory)<\/strong><\/h3>\n<p data-start=\"179\" data-end=\"329\">Zaprojektowane z my\u015bl\u0105 o wygodzie i estetyce, suwaki do \u017ceton\u00f3w reputacji to idealny dodatek dla graczy ceni\u0105cych porz\u0105dek i przejrzysto\u015b\u0107 na planszy.<\/p>\n<p data-start=\"336\" data-end=\"539\">\ud83c\udfa8 <strong data-start=\"339\" data-end=\"384\">Kolorowe wykonanie bez potrzeby malowania<\/strong><br data-start=\"384\" data-end=\"387\" \/>Suwaki zosta\u0142y wydrukowane w technologii 3D z kolorowego filamentu, dopasowanego do barw frakcji \u2013 bez konieczno\u015bci dodatkowego malowania czy sk\u0142adania.<\/p>\n<p data-start=\"546\" data-end=\"709\">\ud83c\udfaf <strong data-start=\"549\" data-end=\"582\">Kompletny zestaw dla 4 graczy<\/strong><br data-start=\"582\" data-end=\"585\" \/>Zestaw zawiera <strong data-start=\"600\" data-end=\"614\">16 suwak\u00f3w<\/strong>, po <strong data-start=\"619\" data-end=\"651\">4 w ka\u017cdym z kolor\u00f3w frakcji.<\/strong><\/p>\n<p data-start=\"716\" data-end=\"917\">\ud83d\udccf <strong data-start=\"719\" data-end=\"765\">Wysoka konstrukcja dla \u0142atwego przesuwania<\/strong><br data-start=\"765\" data-end=\"768\" \/>Zoptymalizowana wysoko\u015b\u0107 suwaka u\u0142atwia chwytanie i przesuwanie, co poprawia ergonomi\u0119 podczas gry i zapobiega przypadkowemu przesuni\u0119ciu znacznik\u00f3w.<\/p>\n<p data-start=\"924\" data-end=\"1101\">\ud83d\udc41 <strong data-start=\"927\" data-end=\"959\">Lepsza widoczno\u015b\u0107 na planszy<\/strong><br data-start=\"959\" data-end=\"962\" \/>Wyra\u017ane oznaczenia i dopasowane kolory zwi\u0119kszaj\u0105 przejrzysto\u015b\u0107 sytuacji na stole.<\/p>\n<p>&nbsp;<\/p>\n<p><img loading=\"lazy\" decoding=\"async\" class=\"aligncenter size-medium wp-image-6206\" src=\"https:\/\/printyourfun.eu\/wp-content\/uploads\/2025\/05\/www-1-800x308.jpg\" alt=\"\" width=\"800\" height=\"308\" srcset=\"https:\/\/printyourfun.eu\/wp-content\/uploads\/2025\/05\/www-1-800x308.jpg 800w, https:\/\/printyourfun.eu\/wp-content\/uploads\/2025\/05\/www-1-1400x539.jpg 1400w, https:\/\/printyourfun.eu\/wp-content\/uploads\/2025\/05\/www-1-768x296.jpg 768w, https:\/\/printyourfun.eu\/wp-content\/uploads\/2025\/05\/www-1-1536x591.jpg 1536w, https:\/\/printyourfun.eu\/wp-content\/uploads\/2025\/05\/www-1-2048x788.jpg 2048w, https:\/\/printyourfun.eu\/wp-content\/uploads\/2025\/05\/www-1-18x7.jpg 18w, https:\/\/printyourfun.eu\/wp-content\/uploads\/2025\/05\/www-1-600x231.jpg 600w\" sizes=\"auto, (max-width: 800px) 100vw, 800px\" \/><\/p>\n<p>&nbsp;<\/p>\n<p>Material: PLA<\/p>\n<p>PRODUKT NIE ZAWIERA GRY PLANSZOWEJ I JEJ ELEMENT\u00d3W.<\/p>\n<h6><\/h6>","protected":false},"excerpt":{"rendered":"<p>Suwaki reputacji Star Wars Zewn\u0119trzne rubie\u017ce Zestaw 16 Suwak\u00f3w \u017beton\u00f3w Reputacji (4 kolory) Zaprojektowane z my\u015bl\u0105 o wygodzie i estetyce, suwaki do \u017ceton\u00f3w reputacji to idealny dodatek dla graczy ceni\u0105cych porz\u0105dek i przejrzysto\u015b\u0107 na planszy. \ud83c\udfa8 Kolorowe wykonanie bez potrzeby malowaniaSuwaki zosta\u0142y wydrukowane w technologii 3D z kolorowego filamentu, dopasowanego do barw frakcji \u2013 bez [&#8230;]","protected":false},"featured_media":6207,"comment_status":"open","ping_status":"closed","template":"","meta":{"_acf_changed":false},"product_brand":[],"product_cat":[70,76],"product_tag":[336,339,127,322,340,323,383,384,334,301,385,333,335],"class_list":{"0":"post-6204","1":"product","2":"type-product","3":"status-publish","4":"has-post-thumbnail","6":"product_cat-akcesoria-do-gier","7":"product_cat-elementy-3d-na-plansze","8":"product_tag-gwiezdne-wojny","9":"product_tag-niedokonczone-sprawy","10":"product_tag-organizer","11":"product_tag-organizer-postaci","12":"product_tag-patrol","13":"product_tag-planszetka","14":"product_tag-reputacja","15":"product_tag-reputacji","16":"product_tag-rubieze","17":"product_tag-star-wars","18":"product_tag-suwaki","19":"product_tag-zewnetrzne","20":"product_tag-zewnetrzne-rubieze","22":"first","23":"instock","24":"shipping-taxable","25":"purchasable","26":"product-type-simple"},"acf":[],"yoast_head":"<!-- This site is optimized with the Yoast SEO plugin v24.8.1 - https:\/\/yoast.com\/wordpress\/plugins\/seo\/ -->\n<title>Suwaki reputacji Star Wars Zewn\u0119trzne rubie\u017ce - PrintYourFun<\/title>\n<meta name=\"description\" content=\"Zestaw 16 Suwak\u00f3w \u017beton\u00f3w Reputacji Star Wars Zewn\u0119trzne rubie\u017ce. Wydrukowane w technologii 3D z kolorowego filamentu, dopasowanego do barw frakcji.\" \/>\n<meta name=\"robots\" content=\"index, follow, max-snippet:-1, max-image-preview:large, max-video-preview:-1\" \/>\n<link rel=\"canonical\" href=\"https:\/\/printyourfun.eu\/en\/product\/suwaki-rubieze-reputacja\/\" \/>\n<meta property=\"og:locale\" content=\"en_GB\" \/>\n<meta property=\"og:type\" content=\"article\" \/>\n<meta property=\"og:title\" content=\"Suwaki reputacji Star Wars Zewn\u0119trzne rubie\u017ce - PrintYourFun\" \/>\n<meta property=\"og:description\" content=\"Zestaw 16 Suwak\u00f3w \u017beton\u00f3w Reputacji Star Wars Zewn\u0119trzne rubie\u017ce. Wydrukowane w technologii 3D z kolorowego filamentu, dopasowanego do barw frakcji.\" \/>\n<meta property=\"og:url\" content=\"https:\/\/printyourfun.eu\/en\/product\/suwaki-rubieze-reputacja\/\" \/>\n<meta property=\"og:site_name\" content=\"PrintYourFun\" \/>\n<meta property=\"article:publisher\" content=\"https:\/\/www.facebook.com\/Printyourfun\/\" \/>\n<meta property=\"article:modified_time\" content=\"2025-05-10T09:59:14+00:00\" \/>\n<meta property=\"og:image\" content=\"https:\/\/printyourfun.eu\/wp-content\/uploads\/2025\/05\/ASC02306-kopia.jpg\" \/>\n\t<meta property=\"og:image:width\" content=\"2000\" \/>\n\t<meta property=\"og:image:height\" content=\"2000\" \/>\n\t<meta property=\"og:image:type\" content=\"image\/jpeg\" \/>\n<meta name=\"twitter:card\" content=\"summary_large_image\" \/>\n<meta name=\"twitter:label1\" content=\"Estimated reading time\" \/>\n\t<meta name=\"twitter:data1\" content=\"2 minutes\" \/>\n<script type=\"application\/ld+json\" class=\"yoast-schema-graph\">{\"@context\":\"https:\/\/schema.org\",\"@graph\":[{\"@type\":\"WebPage\",\"@id\":\"https:\/\/printyourfun.eu\/product\/suwaki-rubieze-reputacja\/\",\"url\":\"https:\/\/printyourfun.eu\/product\/suwaki-rubieze-reputacja\/\",\"name\":\"Suwaki reputacji Star Wars Zewn\u0119trzne rubie\u017ce - PrintYourFun\",\"isPartOf\":{\"@id\":\"https:\/\/printyourfun.eu\/#website\"},\"primaryImageOfPage\":{\"@id\":\"https:\/\/printyourfun.eu\/product\/suwaki-rubieze-reputacja\/#primaryimage\"},\"image\":{\"@id\":\"https:\/\/printyourfun.eu\/product\/suwaki-rubieze-reputacja\/#primaryimage\"},\"thumbnailUrl\":\"https:\/\/printyourfun.eu\/wp-content\/uploads\/2025\/05\/ASC02306-kopia.jpg\",\"datePublished\":\"2025-05-10T09:45:03+00:00\",\"dateModified\":\"2025-05-10T09:59:14+00:00\",\"description\":\"Zestaw 16 Suwak\u00f3w \u017beton\u00f3w Reputacji Star Wars Zewn\u0119trzne rubie\u017ce. Wydrukowane w technologii 3D z kolorowego filamentu, dopasowanego do barw frakcji.\",\"breadcrumb\":{\"@id\":\"https:\/\/printyourfun.eu\/product\/suwaki-rubieze-reputacja\/#breadcrumb\"},\"inLanguage\":\"en-GB\",\"potentialAction\":[{\"@type\":\"ReadAction\",\"target\":[\"https:\/\/printyourfun.eu\/product\/suwaki-rubieze-reputacja\/\"]}]},{\"@type\":\"ImageObject\",\"inLanguage\":\"en-GB\",\"@id\":\"https:\/\/printyourfun.eu\/product\/suwaki-rubieze-reputacja\/#primaryimage\",\"url\":\"https:\/\/printyourfun.eu\/wp-content\/uploads\/2025\/05\/ASC02306-kopia.jpg\",\"contentUrl\":\"https:\/\/printyourfun.eu\/wp-content\/uploads\/2025\/05\/ASC02306-kopia.jpg\",\"width\":2000,\"height\":2000},{\"@type\":\"BreadcrumbList\",\"@id\":\"https:\/\/printyourfun.eu\/product\/suwaki-rubieze-reputacja\/#breadcrumb\",\"itemListElement\":[{\"@type\":\"ListItem\",\"position\":1,\"name\":\"Home\",\"item\":\"https:\/\/printyourfun.eu\/\"},{\"@type\":\"ListItem\",\"position\":2,\"name\":\"Sklep\",\"item\":\"https:\/\/printyourfun.eu\/sklep\/\"},{\"@type\":\"ListItem\",\"position\":3,\"name\":\"Suwaki reputacji Star Wars Zewn\u0119trzne rubie\u017ce\"}]},{\"@type\":\"WebSite\",\"@id\":\"https:\/\/printyourfun.eu\/#website\",\"url\":\"https:\/\/printyourfun.eu\/\",\"name\":\"PrintYourFun\",\"description\":\"Wydruki 3D\",\"potentialAction\":[{\"@type\":\"SearchAction\",\"target\":{\"@type\":\"EntryPoint\",\"urlTemplate\":\"https:\/\/printyourfun.eu\/?s={search_term_string}\"},\"query-input\":{\"@type\":\"PropertyValueSpecification\",\"valueRequired\":true,\"valueName\":\"search_term_string\"}}],\"inLanguage\":\"en-GB\"}]}<\/script>\n<!-- \/ Yoast SEO plugin. -->","yoast_head_json":{"title":"Suwaki reputacji Star Wars Zewn\u0119trzne rubie\u017ce - PrintYourFun","description":"Zestaw 16 Suwak\u00f3w \u017beton\u00f3w Reputacji Star Wars Zewn\u0119trzne rubie\u017ce. Wydrukowane w technologii 3D z kolorowego filamentu, dopasowanego do barw frakcji.","robots":{"index":"index","follow":"follow","max-snippet":"max-snippet:-1","max-image-preview":"max-image-preview:large","max-video-preview":"max-video-preview:-1"},"canonical":"https:\/\/printyourfun.eu\/en\/product\/suwaki-rubieze-reputacja\/","og_locale":"en_GB","og_type":"article","og_title":"Suwaki reputacji Star Wars Zewn\u0119trzne rubie\u017ce - PrintYourFun","og_description":"Zestaw 16 Suwak\u00f3w \u017beton\u00f3w Reputacji Star Wars Zewn\u0119trzne rubie\u017ce. Wydrukowane w technologii 3D z kolorowego filamentu, dopasowanego do barw frakcji.","og_url":"https:\/\/printyourfun.eu\/en\/product\/suwaki-rubieze-reputacja\/","og_site_name":"PrintYourFun","article_publisher":"https:\/\/www.facebook.com\/Printyourfun\/","article_modified_time":"2025-05-10T09:59:14+00:00","og_image":[{"width":2000,"height":2000,"url":"https:\/\/printyourfun.eu\/wp-content\/uploads\/2025\/05\/ASC02306-kopia.jpg","type":"image\/jpeg"}],"twitter_card":"summary_large_image","twitter_misc":{"Estimated reading time":"2 minutes"},"schema":{"@context":"https:\/\/schema.org","@graph":[{"@type":"WebPage","@id":"https:\/\/printyourfun.eu\/product\/suwaki-rubieze-reputacja\/","url":"https:\/\/printyourfun.eu\/product\/suwaki-rubieze-reputacja\/","name":"Suwaki reputacji Star Wars Zewn\u0119trzne rubie\u017ce - PrintYourFun","isPartOf":{"@id":"https:\/\/printyourfun.eu\/#website"},"primaryImageOfPage":{"@id":"https:\/\/printyourfun.eu\/product\/suwaki-rubieze-reputacja\/#primaryimage"},"image":{"@id":"https:\/\/printyourfun.eu\/product\/suwaki-rubieze-reputacja\/#primaryimage"},"thumbnailUrl":"https:\/\/printyourfun.eu\/wp-content\/uploads\/2025\/05\/ASC02306-kopia.jpg","datePublished":"2025-05-10T09:45:03+00:00","dateModified":"2025-05-10T09:59:14+00:00","description":"Zestaw 16 Suwak\u00f3w \u017beton\u00f3w Reputacji Star Wars Zewn\u0119trzne rubie\u017ce. Wydrukowane w technologii 3D z kolorowego filamentu, dopasowanego do barw frakcji.","breadcrumb":{"@id":"https:\/\/printyourfun.eu\/product\/suwaki-rubieze-reputacja\/#breadcrumb"},"inLanguage":"en-GB","potentialAction":[{"@type":"ReadAction","target":["https:\/\/printyourfun.eu\/product\/suwaki-rubieze-reputacja\/"]}]},{"@type":"ImageObject","inLanguage":"en-GB","@id":"https:\/\/printyourfun.eu\/product\/suwaki-rubieze-reputacja\/#primaryimage","url":"https:\/\/printyourfun.eu\/wp-content\/uploads\/2025\/05\/ASC02306-kopia.jpg","contentUrl":"https:\/\/printyourfun.eu\/wp-content\/uploads\/2025\/05\/ASC02306-kopia.jpg","width":2000,"height":2000},{"@type":"BreadcrumbList","@id":"https:\/\/printyourfun.eu\/product\/suwaki-rubieze-reputacja\/#breadcrumb","itemListElement":[{"@type":"ListItem","position":1,"name":"Home","item":"https:\/\/printyourfun.eu\/"},{"@type":"ListItem","position":2,"name":"Sklep","item":"https:\/\/printyourfun.eu\/sklep\/"},{"@type":"ListItem","position":3,"name":"Suwaki reputacji Star Wars Zewn\u0119trzne rubie\u017ce"}]},{"@type":"WebSite","@id":"https:\/\/printyourfun.eu\/#website","url":"https:\/\/printyourfun.eu\/","name":"PrintYourFun","description":"Wydruki 3D","potentialAction":[{"@type":"SearchAction","target":{"@type":"EntryPoint","urlTemplate":"https:\/\/printyourfun.eu\/?s={search_term_string}"},"query-input":{"@type":"PropertyValueSpecification","valueRequired":true,"valueName":"search_term_string"}}],"inLanguage":"en-GB"}]}},"_links":{"self":[{"href":"https:\/\/printyourfun.eu\/en\/wp-json\/wp\/v2\/product\/6204","targetHints":{"allow":["GET"]}}],"collection":[{"href":"https:\/\/printyourfun.eu\/en\/wp-json\/wp\/v2\/product"}],"about":[{"href":"https:\/\/printyourfun.eu\/en\/wp-json\/wp\/v2\/types\/product"}],"replies":[{"embeddable":true,"href":"https:\/\/printyourfun.eu\/en\/wp-json\/wp\/v2\/comments?post=6204"}],"wp:featuredmedia":[{"embeddable":true,"href":"https:\/\/printyourfun.eu\/en\/wp-json\/wp\/v2\/media\/6207"}],"wp:attachment":[{"href":"https:\/\/printyourfun.eu\/en\/wp-json\/wp\/v2\/media?parent=6204"}],"wp:term":[{"taxonomy":"product_brand","embeddable":true,"href":"https:\/\/printyourfun.eu\/en\/wp-json\/wp\/v2\/product_brand?post=6204"},{"taxonomy":"product_cat","embeddable":true,"href":"https:\/\/printyourfun.eu\/en\/wp-json\/wp\/v2\/product_cat?post=6204"},{"taxonomy":"product_tag","embeddable":true,"href":"https:\/\/printyourfun.eu\/en\/wp-json\/wp\/v2\/product_tag?post=6204"}],"curies":[{"name":"wp","href":"https:\/\/api.w.org\/{rel}","templated":true}]}}