{"id":6263,"date":"2025-07-13T12:50:18","date_gmt":"2025-07-13T10:50:18","guid":{"rendered":"https:\/\/printyourfun.eu\/?post_type=product&#038;p=6263"},"modified":"2025-10-01T16:33:05","modified_gmt":"2025-10-01T14:33:05","slug":"jaja-nemesis","status":"publish","type":"product","link":"https:\/\/printyourfun.eu\/en\/product\/jaja-nemesis\/","title":{"rendered":"Nemesis r\u0119cznie malowane jaja obcych"},"content":{"rendered":"<p><span style=\"color: #c66a26; font-size: 110%; border-left: 10px solid #c66a26; padding-left: 15px;\"><strong>Nemesis, zestaw jaj obcych, r\u0119cznie malowane i gotowe do u\u017cycia<\/strong><\/span><\/p>\n<p><img loading=\"lazy\" decoding=\"async\" class=\"aligncenter size-medium wp-image-6304\" src=\"https:\/\/printyourfun.eu\/wp-content\/uploads\/2025\/07\/ASC02354-kopiawww-800x240.jpg\" alt=\"\" width=\"800\" height=\"240\" srcset=\"https:\/\/printyourfun.eu\/wp-content\/uploads\/2025\/07\/ASC02354-kopiawww-800x240.jpg 800w, https:\/\/printyourfun.eu\/wp-content\/uploads\/2025\/07\/ASC02354-kopiawww-1400x420.jpg 1400w, https:\/\/printyourfun.eu\/wp-content\/uploads\/2025\/07\/ASC02354-kopiawww-768x230.jpg 768w, https:\/\/printyourfun.eu\/wp-content\/uploads\/2025\/07\/ASC02354-kopiawww-1536x461.jpg 1536w, https:\/\/printyourfun.eu\/wp-content\/uploads\/2025\/07\/ASC02354-kopiawww-18x5.jpg 18w, https:\/\/printyourfun.eu\/wp-content\/uploads\/2025\/07\/ASC02354-kopiawww-600x180.jpg 600w, https:\/\/printyourfun.eu\/wp-content\/uploads\/2025\/07\/ASC02354-kopiawww.jpg 2000w\" sizes=\"auto, (max-width: 800px) 100vw, 800px\" \/><\/p>\n<p>Zestaw jaj obcych \u2013 kompatybilne z gr\u0105 Nemesis &amp; Nemesis: Lockdown<br \/>\nWprowad\u017a nowy poziom immersji do swoich rozgrywek w Nemesis i Nemesis: Lockdown dzi\u0119ki realistycznym modelom jaj obcych!<\/p>\n<p>\ud83d\udd8c\ufe0f R\u0119cznie malowane i gotowe do u\u017cycia<br \/>\nKa\u017cde jajo zosta\u0142o wydrukowane w wysokiej jako\u015bci technologii \u017cywicy 3D, nast\u0119pnie pomalowane i pokryte specjalnym lakierem, kt\u00f3ry imituje \u015blisk\u0105, mokr\u0105 powierzchni\u0119 \u2013 dok\u0142adnie tak\u0105, jakiej mo\u017cna si\u0119 spodziewa\u0107 po niepokoj\u0105cych znaleziskach z pok\u0142adu statku lub bazy na Marsie&#8230;<\/p>\n<p>\ud83e\udddf\u200d\u2642\ufe0f Realizm i obrzydliwo\u015b\u0107 w jednym<br \/>\nModele robi\u0105 ogromne wra\u017cenie na stole \u2013 s\u0105 obrzydliwe, ociekaj\u0105ce, i wygl\u0105daj\u0105 tak, jakby zaraz mia\u0142y \u201ewyda\u0107 na \u015bwiat\u201d swoje przytula\u015bne larwy\u2026 kt\u00f3re zapewne pragn\u0105 spotka\u0107 twoj\u0105 posta\u0107 twarz\u0105 w twarz \ud83d\ude09<\/p>\n<p>\ud83c\udfb2 Idealne do urozmaicenia rozgrywki<br \/>\nZast\u0105p tekturowe \u017cetony prawdziwymi modelami i spraw, by gra nabra\u0142a kinowego klimatu. Doskonale sprawdzaj\u0105 si\u0119 tak\u017ce jako elementy dekoracyjne dla fan\u00f3w uniwersum obcych.<\/p>\n<p>Wersja<\/p>\n<p>-Nemesis, Nemesis Lockdown (8 szt<\/p>\n<p>-Nemesis Retaliation<\/p>\n<p>\u2705 Materia\u0142: druk 3D z \u017cywicy<br \/>\n\u2705 Wyko\u0144czenie: r\u0119czne malowanie + lakier imituj\u0105cy wilgo\u0107<br \/>\n\u2705 Stan: gotowe do gry, bez potrzeby sk\u0142adania czy malowania<br \/>\n\u2705 Zestaw zawiera: 8 szt w wersji podstawowej i Lockdown oraz 5 szt w wersji Nemesis Retaliation<\/p>\n<p>&nbsp;<\/p>\n<p>The 3d product is suggested as a matching game replacement, it is not an official item.<\/p>\n<p>PRODUKT NIE ZAWIERA GRY PLANSZOWEJ I JEJ ELEMENT\u00d3W.<\/p>","protected":false},"excerpt":{"rendered":"<p>Nemesis, zestaw jaj obcych, r\u0119cznie malowane i gotowe do u\u017cycia Zestaw jaj obcych \u2013 kompatybilne z gr\u0105 Nemesis &amp; Nemesis: Lockdown Wprowad\u017a nowy poziom immersji do swoich rozgrywek w Nemesis i Nemesis: Lockdown dzi\u0119ki realistycznym modelom jaj obcych! \ud83d\udd8c\ufe0f R\u0119cznie malowane i gotowe do u\u017cycia Ka\u017cde jajo zosta\u0142o wydrukowane w wysokiej jako\u015bci technologii \u017cywicy 3D, [&#8230;]","protected":false},"featured_media":6305,"comment_status":"open","ping_status":"closed","template":"","meta":{"_acf_changed":false},"product_brand":[],"product_cat":[70,76],"product_tag":[389,408,409,388,407,406,387,164,165,410,411,228],"class_list":{"0":"post-6263","1":"product","2":"type-product","3":"status-publish","4":"has-post-thumbnail","6":"product_cat-akcesoria-do-gier","7":"product_cat-elementy-3d-na-plansze","8":"product_tag-3d-jaja-do-nemesis","9":"product_tag-egg","10":"product_tag-eggs","11":"product_tag-figurki-jaj-obcych","12":"product_tag-jaj","13":"product_tag-jaja","14":"product_tag-jaja-nemesis","15":"product_tag-nemesis","16":"product_tag-nemesis-board-game","17":"product_tag-nemesis-retaliation","18":"product_tag-retaliation","19":"product_tag-zywica","21":"first","22":"instock","23":"featured","24":"shipping-taxable","25":"purchasable","26":"product-type-variable"},"acf":[],"yoast_head":"<!-- This site is optimized with the Yoast SEO plugin v24.8.1 - https:\/\/yoast.com\/wordpress\/plugins\/seo\/ -->\n<title>Nemesis r\u0119cznie malowane jaja obcych - PrintYourFun<\/title>\n<meta name=\"description\" content=\"Zestaw 8 pomalowanych jaj obcych do gry Nemesis i Nemesis Lockdown. Wydruk 3D z \u017cywicy, pokryty lakierem imituj\u0105cym \u015blisk\u0105, organiczn\u0105 powierzchni\u0119. Gotowe do u\u017cycia prosto z pude\u0142ka!\" \/>\n<meta name=\"robots\" content=\"index, follow, max-snippet:-1, max-image-preview:large, max-video-preview:-1\" \/>\n<link rel=\"canonical\" href=\"https:\/\/printyourfun.eu\/en\/product\/jaja-nemesis\/\" \/>\n<meta property=\"og:locale\" content=\"en_GB\" \/>\n<meta property=\"og:type\" content=\"article\" \/>\n<meta property=\"og:title\" content=\"Nemesis r\u0119cznie malowane jaja obcych - PrintYourFun\" \/>\n<meta property=\"og:description\" content=\"Zestaw 8 pomalowanych jaj obcych do gry Nemesis i Nemesis Lockdown. Wydruk 3D z \u017cywicy, pokryty lakierem imituj\u0105cym \u015blisk\u0105, organiczn\u0105 powierzchni\u0119. Gotowe do u\u017cycia prosto z pude\u0142ka!\" \/>\n<meta property=\"og:url\" content=\"https:\/\/printyourfun.eu\/en\/product\/jaja-nemesis\/\" \/>\n<meta property=\"og:site_name\" content=\"PrintYourFun\" \/>\n<meta property=\"article:publisher\" content=\"https:\/\/www.facebook.com\/Printyourfun\/\" \/>\n<meta property=\"article:modified_time\" content=\"2025-10-01T14:33:05+00:00\" \/>\n<meta property=\"og:image\" content=\"https:\/\/printyourfun.eu\/wp-content\/uploads\/2025\/07\/ASC02353-kopia.jpg\" \/>\n\t<meta property=\"og:image:width\" content=\"2000\" \/>\n\t<meta property=\"og:image:height\" content=\"2000\" \/>\n\t<meta property=\"og:image:type\" content=\"image\/jpeg\" \/>\n<meta name=\"twitter:card\" content=\"summary_large_image\" \/>\n<meta name=\"twitter:label1\" content=\"Estimated reading time\" \/>\n\t<meta name=\"twitter:data1\" content=\"2 minutes\" \/>\n<script type=\"application\/ld+json\" class=\"yoast-schema-graph\">{\"@context\":\"https:\/\/schema.org\",\"@graph\":[{\"@type\":\"WebPage\",\"@id\":\"https:\/\/printyourfun.eu\/product\/jaja-nemesis\/\",\"url\":\"https:\/\/printyourfun.eu\/product\/jaja-nemesis\/\",\"name\":\"Nemesis r\u0119cznie malowane jaja obcych - PrintYourFun\",\"isPartOf\":{\"@id\":\"https:\/\/printyourfun.eu\/#website\"},\"primaryImageOfPage\":{\"@id\":\"https:\/\/printyourfun.eu\/product\/jaja-nemesis\/#primaryimage\"},\"image\":{\"@id\":\"https:\/\/printyourfun.eu\/product\/jaja-nemesis\/#primaryimage\"},\"thumbnailUrl\":\"https:\/\/printyourfun.eu\/wp-content\/uploads\/2025\/07\/ASC02353-kopia.jpg\",\"datePublished\":\"2025-07-13T10:50:18+00:00\",\"dateModified\":\"2025-10-01T14:33:05+00:00\",\"description\":\"Zestaw 8 pomalowanych jaj obcych do gry Nemesis i Nemesis Lockdown. Wydruk 3D z \u017cywicy, pokryty lakierem imituj\u0105cym \u015blisk\u0105, organiczn\u0105 powierzchni\u0119. Gotowe do u\u017cycia prosto z pude\u0142ka!\",\"breadcrumb\":{\"@id\":\"https:\/\/printyourfun.eu\/product\/jaja-nemesis\/#breadcrumb\"},\"inLanguage\":\"en-GB\",\"potentialAction\":[{\"@type\":\"ReadAction\",\"target\":[\"https:\/\/printyourfun.eu\/product\/jaja-nemesis\/\"]}]},{\"@type\":\"ImageObject\",\"inLanguage\":\"en-GB\",\"@id\":\"https:\/\/printyourfun.eu\/product\/jaja-nemesis\/#primaryimage\",\"url\":\"https:\/\/printyourfun.eu\/wp-content\/uploads\/2025\/07\/ASC02353-kopia.jpg\",\"contentUrl\":\"https:\/\/printyourfun.eu\/wp-content\/uploads\/2025\/07\/ASC02353-kopia.jpg\",\"width\":2000,\"height\":2000},{\"@type\":\"BreadcrumbList\",\"@id\":\"https:\/\/printyourfun.eu\/product\/jaja-nemesis\/#breadcrumb\",\"itemListElement\":[{\"@type\":\"ListItem\",\"position\":1,\"name\":\"Home\",\"item\":\"https:\/\/printyourfun.eu\/\"},{\"@type\":\"ListItem\",\"position\":2,\"name\":\"Sklep\",\"item\":\"https:\/\/printyourfun.eu\/sklep\/\"},{\"@type\":\"ListItem\",\"position\":3,\"name\":\"Nemesis r\u0119cznie malowane jaja obcych\"}]},{\"@type\":\"WebSite\",\"@id\":\"https:\/\/printyourfun.eu\/#website\",\"url\":\"https:\/\/printyourfun.eu\/\",\"name\":\"PrintYourFun\",\"description\":\"Wydruki 3D\",\"potentialAction\":[{\"@type\":\"SearchAction\",\"target\":{\"@type\":\"EntryPoint\",\"urlTemplate\":\"https:\/\/printyourfun.eu\/?s={search_term_string}\"},\"query-input\":{\"@type\":\"PropertyValueSpecification\",\"valueRequired\":true,\"valueName\":\"search_term_string\"}}],\"inLanguage\":\"en-GB\"}]}<\/script>\n<!-- \/ Yoast SEO plugin. -->","yoast_head_json":{"title":"Nemesis r\u0119cznie malowane jaja obcych - PrintYourFun","description":"Zestaw 8 pomalowanych jaj obcych do gry Nemesis i Nemesis Lockdown. Wydruk 3D z \u017cywicy, pokryty lakierem imituj\u0105cym \u015blisk\u0105, organiczn\u0105 powierzchni\u0119. Gotowe do u\u017cycia prosto z pude\u0142ka!","robots":{"index":"index","follow":"follow","max-snippet":"max-snippet:-1","max-image-preview":"max-image-preview:large","max-video-preview":"max-video-preview:-1"},"canonical":"https:\/\/printyourfun.eu\/en\/product\/jaja-nemesis\/","og_locale":"en_GB","og_type":"article","og_title":"Nemesis r\u0119cznie malowane jaja obcych - PrintYourFun","og_description":"Zestaw 8 pomalowanych jaj obcych do gry Nemesis i Nemesis Lockdown. Wydruk 3D z \u017cywicy, pokryty lakierem imituj\u0105cym \u015blisk\u0105, organiczn\u0105 powierzchni\u0119. Gotowe do u\u017cycia prosto z pude\u0142ka!","og_url":"https:\/\/printyourfun.eu\/en\/product\/jaja-nemesis\/","og_site_name":"PrintYourFun","article_publisher":"https:\/\/www.facebook.com\/Printyourfun\/","article_modified_time":"2025-10-01T14:33:05+00:00","og_image":[{"width":2000,"height":2000,"url":"https:\/\/printyourfun.eu\/wp-content\/uploads\/2025\/07\/ASC02353-kopia.jpg","type":"image\/jpeg"}],"twitter_card":"summary_large_image","twitter_misc":{"Estimated reading time":"2 minutes"},"schema":{"@context":"https:\/\/schema.org","@graph":[{"@type":"WebPage","@id":"https:\/\/printyourfun.eu\/product\/jaja-nemesis\/","url":"https:\/\/printyourfun.eu\/product\/jaja-nemesis\/","name":"Nemesis r\u0119cznie malowane jaja obcych - PrintYourFun","isPartOf":{"@id":"https:\/\/printyourfun.eu\/#website"},"primaryImageOfPage":{"@id":"https:\/\/printyourfun.eu\/product\/jaja-nemesis\/#primaryimage"},"image":{"@id":"https:\/\/printyourfun.eu\/product\/jaja-nemesis\/#primaryimage"},"thumbnailUrl":"https:\/\/printyourfun.eu\/wp-content\/uploads\/2025\/07\/ASC02353-kopia.jpg","datePublished":"2025-07-13T10:50:18+00:00","dateModified":"2025-10-01T14:33:05+00:00","description":"Zestaw 8 pomalowanych jaj obcych do gry Nemesis i Nemesis Lockdown. Wydruk 3D z \u017cywicy, pokryty lakierem imituj\u0105cym \u015blisk\u0105, organiczn\u0105 powierzchni\u0119. Gotowe do u\u017cycia prosto z pude\u0142ka!","breadcrumb":{"@id":"https:\/\/printyourfun.eu\/product\/jaja-nemesis\/#breadcrumb"},"inLanguage":"en-GB","potentialAction":[{"@type":"ReadAction","target":["https:\/\/printyourfun.eu\/product\/jaja-nemesis\/"]}]},{"@type":"ImageObject","inLanguage":"en-GB","@id":"https:\/\/printyourfun.eu\/product\/jaja-nemesis\/#primaryimage","url":"https:\/\/printyourfun.eu\/wp-content\/uploads\/2025\/07\/ASC02353-kopia.jpg","contentUrl":"https:\/\/printyourfun.eu\/wp-content\/uploads\/2025\/07\/ASC02353-kopia.jpg","width":2000,"height":2000},{"@type":"BreadcrumbList","@id":"https:\/\/printyourfun.eu\/product\/jaja-nemesis\/#breadcrumb","itemListElement":[{"@type":"ListItem","position":1,"name":"Home","item":"https:\/\/printyourfun.eu\/"},{"@type":"ListItem","position":2,"name":"Sklep","item":"https:\/\/printyourfun.eu\/sklep\/"},{"@type":"ListItem","position":3,"name":"Nemesis r\u0119cznie malowane jaja obcych"}]},{"@type":"WebSite","@id":"https:\/\/printyourfun.eu\/#website","url":"https:\/\/printyourfun.eu\/","name":"PrintYourFun","description":"Wydruki 3D","potentialAction":[{"@type":"SearchAction","target":{"@type":"EntryPoint","urlTemplate":"https:\/\/printyourfun.eu\/?s={search_term_string}"},"query-input":{"@type":"PropertyValueSpecification","valueRequired":true,"valueName":"search_term_string"}}],"inLanguage":"en-GB"}]}},"_links":{"self":[{"href":"https:\/\/printyourfun.eu\/en\/wp-json\/wp\/v2\/product\/6263","targetHints":{"allow":["GET"]}}],"collection":[{"href":"https:\/\/printyourfun.eu\/en\/wp-json\/wp\/v2\/product"}],"about":[{"href":"https:\/\/printyourfun.eu\/en\/wp-json\/wp\/v2\/types\/product"}],"replies":[{"embeddable":true,"href":"https:\/\/printyourfun.eu\/en\/wp-json\/wp\/v2\/comments?post=6263"}],"wp:featuredmedia":[{"embeddable":true,"href":"https:\/\/printyourfun.eu\/en\/wp-json\/wp\/v2\/media\/6305"}],"wp:attachment":[{"href":"https:\/\/printyourfun.eu\/en\/wp-json\/wp\/v2\/media?parent=6263"}],"wp:term":[{"taxonomy":"product_brand","embeddable":true,"href":"https:\/\/printyourfun.eu\/en\/wp-json\/wp\/v2\/product_brand?post=6263"},{"taxonomy":"product_cat","embeddable":true,"href":"https:\/\/printyourfun.eu\/en\/wp-json\/wp\/v2\/product_cat?post=6263"},{"taxonomy":"product_tag","embeddable":true,"href":"https:\/\/printyourfun.eu\/en\/wp-json\/wp\/v2\/product_tag?post=6263"}],"curies":[{"name":"wp","href":"https:\/\/api.w.org\/{rel}","templated":true}]}}