{"id":6484,"date":"2025-08-27T11:16:39","date_gmt":"2025-08-27T09:16:39","guid":{"rendered":"https:\/\/printyourfun.eu\/?post_type=product&#038;p=6484"},"modified":"2025-08-27T11:21:51","modified_gmt":"2025-08-27T09:21:51","slug":"zywiczna-figurka-3d-28-32mm-duza-bestia-rpg-kreator-kopia","status":"publish","type":"product","link":"https:\/\/printyourfun.eu\/en\/product\/zywiczna-figurka-3d-28-32mm-duza-bestia-rpg-kreator-kopia\/","title":{"rendered":"\u017bywiczna figurka 3D 28-32mm Du\u017ca bestia RPG KREATOR"},"content":{"rendered":"<p><span style=\"color: #c66a26; font-size: 110%; border-left: 10px solid #c66a26; padding-left: 15px;\"><strong>Stw\u00f3rz dowoln\u0105 Du\u017c\u0105 besti\u0119 RPG w naszym KREATORZE i zam\u00f3w j\u0105 jako fizyczn\u0105 figurk\u0119 3D!<\/strong><\/span><\/p>\n<p><img loading=\"lazy\" decoding=\"async\" class=\"aligncenter size-medium wp-image-6485\" src=\"https:\/\/printyourfun.eu\/wp-content\/uploads\/2025\/08\/Beast-B-www-800x217.jpg\" alt=\"\" width=\"800\" height=\"217\" srcset=\"https:\/\/printyourfun.eu\/wp-content\/uploads\/2025\/08\/Beast-B-www-800x217.jpg 800w, https:\/\/printyourfun.eu\/wp-content\/uploads\/2025\/08\/Beast-B-www-768x208.jpg 768w, https:\/\/printyourfun.eu\/wp-content\/uploads\/2025\/08\/Beast-B-www-18x5.jpg 18w, https:\/\/printyourfun.eu\/wp-content\/uploads\/2025\/08\/Beast-B-www-600x163.jpg 600w, https:\/\/printyourfun.eu\/wp-content\/uploads\/2025\/08\/Beast-B-www.jpg 1000w\" sizes=\"auto, (max-width: 800px) 100vw, 800px\" \/><\/p>\n<p class=\"ds-markdown-paragraph\">Fizyczny model | Najwy\u017csza jako\u015b\u0107 | Tw\u00f3j unikalny projekt w CREATORZE<\/p>\n<p class=\"ds-markdown-paragraph\">\u26a0\u00a0<strong>WA\u017bNA UWAGA:<\/strong><br \/>\nStw\u00f3rz model na TitanCraft.com, ale <strong>NIE KUPUJ tam!<\/strong> Po wygenerowaniu linku wr\u00f3\u0107 do nas, aby zam\u00f3wi\u0107 wydruk fizyczny \u2013 w <strong>lepszej cenie!<\/strong><\/p>\n<p class=\"ds-markdown-paragraph\"><strong>Model: Bestia du\u017cej wielko\u015bci, figurka 3D skala 28-32mm <\/strong>\u00a0z dowolnymi akcesoriami dekoracyjnymi.<\/p>\n<p>W tej samej cenie sama bestia lub z jad\u0105cym na niej bohaterem.<\/p>\n<h3><strong>Dlaczego warto wybra\u0107 nasz\u0105 ofert\u0119?<\/strong><\/h3>\n<p class=\"ds-markdown-paragraph\">\u2714\u00a0<strong>Projektuj za darmo<\/strong>\u00a0\u2013 P\u0142acisz tylko za wydruk!<br \/>\n\u2714\u00a0<strong>Superwytrzyma\u0142a \u017cywica<\/strong>\u00a0\u2013 Lekko elastyczna dla wi\u0119kszej odporno\u015bci.<br \/>\n\u2714\u00a0<strong>Bez umiej\u0119tno\u015bci technicznych<\/strong> \u2013 Intuicyjne narz\u0119dzie online, sk\u0142adaj swojego bohatera z element\u00f3w.<\/p>\n<h3><strong>Jak to dzia\u0142a?<\/strong><\/h3>\n<ol start=\"1\">\n<li>\n<p class=\"ds-markdown-paragraph\"><strong>Projektuj:<\/strong>\u00a0Odwied\u017a\u00a0<a href=\"https:\/\/www.titancraft.com\/\" target=\"_blank\" rel=\"noopener noreferrer\">www.titancraft.com<\/a>\u00a0\u2192 Kliknij\u00a0<strong>&#8222;Character Creation&#8221;<\/strong> (konto nie jest potrzebne, ale mo\u017cesz je za\u0142o\u017cy\u0107, aby zapisywa\u0107\/edytowa\u0107 modele).<\/p>\n<\/li>\n<li>\n<p class=\"ds-markdown-paragraph\"><strong>Udost\u0119pnij:<\/strong>\u00a0Zako\u0144cz projekt \u2192 Kliknij menu \u2630 \u2192\u00a0<strong>&#8222;Generate Link&#8221;<\/strong>\u00a0\u2192 Skopiuj URL.<\/p>\n<\/li>\n<li>\n<p class=\"ds-markdown-paragraph\"><strong>Zam\u00f3w:<\/strong>\u00a0Wklej link w\u00a0<strong>&#8222;Uwagi do zam\u00f3wienia&#8221;<\/strong>\u00a0podczas finalizacji zakupu.<\/p>\n<\/li>\n<\/ol>\n<p class=\"ds-markdown-paragraph\"><strong>Chcesz inn\u0105 wielko\u015b\u0107 lub niestandardow\u0105 figurk\u0119? To proste!<\/strong><br \/>\n\u2460 Stw\u00f3rz projekt w kilka minut \u2192 \u2461 Udost\u0119pnij link \u2192 \u2462 Wy\u015blij nam zapytanie o wycen\u0119<\/p>\n<p><strong>Wyceny r\u00f3\u017cnych modeli \u0142atwo przyporz\u0105dkujesz dzi\u0119ki tej grafice:<\/strong><\/p>\n<p><img loading=\"lazy\" decoding=\"async\" class=\"aligncenter size-medium wp-image-6377\" src=\"https:\/\/printyourfun.eu\/wp-content\/uploads\/2025\/08\/Wycena-800x348.jpg\" alt=\"\" width=\"800\" height=\"348\" srcset=\"https:\/\/printyourfun.eu\/wp-content\/uploads\/2025\/08\/Wycena-800x348.jpg 800w, https:\/\/printyourfun.eu\/wp-content\/uploads\/2025\/08\/Wycena-1400x609.jpg 1400w, https:\/\/printyourfun.eu\/wp-content\/uploads\/2025\/08\/Wycena-768x334.jpg 768w, https:\/\/printyourfun.eu\/wp-content\/uploads\/2025\/08\/Wycena-1536x668.jpg 1536w, https:\/\/printyourfun.eu\/wp-content\/uploads\/2025\/08\/Wycena-2048x891.jpg 2048w, https:\/\/printyourfun.eu\/wp-content\/uploads\/2025\/08\/Wycena-18x8.jpg 18w, https:\/\/printyourfun.eu\/wp-content\/uploads\/2025\/08\/Wycena-600x261.jpg 600w\" sizes=\"auto, (max-width: 800px) 100vw, 800px\" \/><\/p>\n<p>Realizacja na podstawie licencji TitanCraft<\/p>","protected":false},"excerpt":{"rendered":"<p>Stw\u00f3rz dowoln\u0105 Du\u017c\u0105 besti\u0119 RPG w naszym KREATORZE i zam\u00f3w j\u0105 jako fizyczn\u0105 figurk\u0119 3D! Fizyczny model | Najwy\u017csza jako\u015b\u0107 | Tw\u00f3j unikalny projekt w CREATORZE \u26a0\u00a0WA\u017bNA UWAGA: Stw\u00f3rz model na TitanCraft.com, ale NIE KUPUJ tam! Po wygenerowaniu linku wr\u00f3\u0107 do nas, aby zam\u00f3wi\u0107 wydruk fizyczny \u2013 w lepszej cenie! Model: Bestia du\u017cej wielko\u015bci, figurka [&#8230;]","protected":false},"featured_media":6486,"comment_status":"open","ping_status":"closed","template":"","meta":{"_acf_changed":false},"product_brand":[],"product_cat":[76,72],"product_tag":[405,401,293,398,402,400,242,399,404,403,292,123,228],"class_list":{"0":"post-6484","1":"product","2":"type-product","3":"status-publish","4":"has-post-thumbnail","6":"product_cat-elementy-3d-na-plansze","7":"product_cat-figurki","8":"product_tag-bestia","9":"product_tag-bohater","10":"product_tag-dd","11":"product_tag-figurka","12":"product_tag-figurka-3d","13":"product_tag-figurka-fantasy","14":"product_tag-figurki","15":"product_tag-figurki-rpg","16":"product_tag-model-3d","17":"product_tag-model-rpg","18":"product_tag-rpg","19":"product_tag-smok","20":"product_tag-zywica","22":"first","23":"instock","24":"featured","25":"shipping-taxable","26":"purchasable","27":"product-type-simple"},"acf":[],"yoast_head":"<!-- This site is optimized with the Yoast SEO plugin v24.8.1 - https:\/\/yoast.com\/wordpress\/plugins\/seo\/ -->\n<title>\u017bywiczna figurka 3D 28-32mm Du\u017ca bestia RPG KREATOR - PrintYourFun<\/title>\n<meta name=\"description\" content=\"Stw\u00f3rz idealn\u0105 figurk\u0119 3D w naszym intuicyjnym kreatorze z tysi\u0105cami element\u00f3w do wyboru! A my wyrukujemy j\u0105 w najwy\u017cszej jako\u015bci \u017cywicy 3D\" \/>\n<meta name=\"robots\" content=\"index, follow, max-snippet:-1, max-image-preview:large, max-video-preview:-1\" \/>\n<link rel=\"canonical\" href=\"https:\/\/printyourfun.eu\/en\/product\/zywiczna-figurka-3d-28-32mm-duza-bestia-rpg-kreator-kopia\/\" \/>\n<meta property=\"og:locale\" content=\"en_GB\" \/>\n<meta property=\"og:type\" content=\"article\" \/>\n<meta property=\"og:title\" content=\"\u017bywiczna figurka 3D 28-32mm Du\u017ca bestia RPG KREATOR - PrintYourFun\" \/>\n<meta property=\"og:description\" content=\"Stw\u00f3rz idealn\u0105 figurk\u0119 3D w naszym intuicyjnym kreatorze z tysi\u0105cami element\u00f3w do wyboru! A my wyrukujemy j\u0105 w najwy\u017cszej jako\u015bci \u017cywicy 3D\" \/>\n<meta property=\"og:url\" content=\"https:\/\/printyourfun.eu\/en\/product\/zywiczna-figurka-3d-28-32mm-duza-bestia-rpg-kreator-kopia\/\" \/>\n<meta property=\"og:site_name\" content=\"PrintYourFun\" \/>\n<meta property=\"article:publisher\" content=\"https:\/\/www.facebook.com\/Printyourfun\/\" \/>\n<meta property=\"article:modified_time\" content=\"2025-08-27T09:21:51+00:00\" \/>\n<meta property=\"og:image\" content=\"https:\/\/printyourfun.eu\/wp-content\/uploads\/2025\/08\/ASC02462-kopia.jpg\" \/>\n\t<meta property=\"og:image:width\" content=\"2000\" \/>\n\t<meta property=\"og:image:height\" content=\"2000\" \/>\n\t<meta property=\"og:image:type\" content=\"image\/jpeg\" \/>\n<meta name=\"twitter:card\" content=\"summary_large_image\" \/>\n<meta name=\"twitter:label1\" content=\"Estimated reading time\" \/>\n\t<meta name=\"twitter:data1\" content=\"2 minutes\" \/>\n<script type=\"application\/ld+json\" class=\"yoast-schema-graph\">{\"@context\":\"https:\/\/schema.org\",\"@graph\":[{\"@type\":\"WebPage\",\"@id\":\"https:\/\/printyourfun.eu\/product\/zywiczna-figurka-3d-28-32mm-duza-bestia-rpg-kreator-kopia\/\",\"url\":\"https:\/\/printyourfun.eu\/product\/zywiczna-figurka-3d-28-32mm-duza-bestia-rpg-kreator-kopia\/\",\"name\":\"\u017bywiczna figurka 3D 28-32mm Du\u017ca bestia RPG KREATOR - PrintYourFun\",\"isPartOf\":{\"@id\":\"https:\/\/printyourfun.eu\/#website\"},\"primaryImageOfPage\":{\"@id\":\"https:\/\/printyourfun.eu\/product\/zywiczna-figurka-3d-28-32mm-duza-bestia-rpg-kreator-kopia\/#primaryimage\"},\"image\":{\"@id\":\"https:\/\/printyourfun.eu\/product\/zywiczna-figurka-3d-28-32mm-duza-bestia-rpg-kreator-kopia\/#primaryimage\"},\"thumbnailUrl\":\"https:\/\/printyourfun.eu\/wp-content\/uploads\/2025\/08\/ASC02462-kopia.jpg\",\"datePublished\":\"2025-08-27T09:16:39+00:00\",\"dateModified\":\"2025-08-27T09:21:51+00:00\",\"description\":\"Stw\u00f3rz idealn\u0105 figurk\u0119 3D w naszym intuicyjnym kreatorze z tysi\u0105cami element\u00f3w do wyboru! A my wyrukujemy j\u0105 w najwy\u017cszej jako\u015bci \u017cywicy 3D\",\"breadcrumb\":{\"@id\":\"https:\/\/printyourfun.eu\/product\/zywiczna-figurka-3d-28-32mm-duza-bestia-rpg-kreator-kopia\/#breadcrumb\"},\"inLanguage\":\"en-GB\",\"potentialAction\":[{\"@type\":\"ReadAction\",\"target\":[\"https:\/\/printyourfun.eu\/product\/zywiczna-figurka-3d-28-32mm-duza-bestia-rpg-kreator-kopia\/\"]}]},{\"@type\":\"ImageObject\",\"inLanguage\":\"en-GB\",\"@id\":\"https:\/\/printyourfun.eu\/product\/zywiczna-figurka-3d-28-32mm-duza-bestia-rpg-kreator-kopia\/#primaryimage\",\"url\":\"https:\/\/printyourfun.eu\/wp-content\/uploads\/2025\/08\/ASC02462-kopia.jpg\",\"contentUrl\":\"https:\/\/printyourfun.eu\/wp-content\/uploads\/2025\/08\/ASC02462-kopia.jpg\",\"width\":2000,\"height\":2000},{\"@type\":\"BreadcrumbList\",\"@id\":\"https:\/\/printyourfun.eu\/product\/zywiczna-figurka-3d-28-32mm-duza-bestia-rpg-kreator-kopia\/#breadcrumb\",\"itemListElement\":[{\"@type\":\"ListItem\",\"position\":1,\"name\":\"Home\",\"item\":\"https:\/\/printyourfun.eu\/\"},{\"@type\":\"ListItem\",\"position\":2,\"name\":\"Sklep\",\"item\":\"https:\/\/printyourfun.eu\/sklep\/\"},{\"@type\":\"ListItem\",\"position\":3,\"name\":\"\u017bywiczna figurka 3D 28-32mm Du\u017ca bestia RPG KREATOR\"}]},{\"@type\":\"WebSite\",\"@id\":\"https:\/\/printyourfun.eu\/#website\",\"url\":\"https:\/\/printyourfun.eu\/\",\"name\":\"PrintYourFun\",\"description\":\"Wydruki 3D\",\"potentialAction\":[{\"@type\":\"SearchAction\",\"target\":{\"@type\":\"EntryPoint\",\"urlTemplate\":\"https:\/\/printyourfun.eu\/?s={search_term_string}\"},\"query-input\":{\"@type\":\"PropertyValueSpecification\",\"valueRequired\":true,\"valueName\":\"search_term_string\"}}],\"inLanguage\":\"en-GB\"}]}<\/script>\n<!-- \/ Yoast SEO plugin. -->","yoast_head_json":{"title":"\u017bywiczna figurka 3D 28-32mm Du\u017ca bestia RPG KREATOR - PrintYourFun","description":"Stw\u00f3rz idealn\u0105 figurk\u0119 3D w naszym intuicyjnym kreatorze z tysi\u0105cami element\u00f3w do wyboru! A my wyrukujemy j\u0105 w najwy\u017cszej jako\u015bci \u017cywicy 3D","robots":{"index":"index","follow":"follow","max-snippet":"max-snippet:-1","max-image-preview":"max-image-preview:large","max-video-preview":"max-video-preview:-1"},"canonical":"https:\/\/printyourfun.eu\/en\/product\/zywiczna-figurka-3d-28-32mm-duza-bestia-rpg-kreator-kopia\/","og_locale":"en_GB","og_type":"article","og_title":"\u017bywiczna figurka 3D 28-32mm Du\u017ca bestia RPG KREATOR - PrintYourFun","og_description":"Stw\u00f3rz idealn\u0105 figurk\u0119 3D w naszym intuicyjnym kreatorze z tysi\u0105cami element\u00f3w do wyboru! A my wyrukujemy j\u0105 w najwy\u017cszej jako\u015bci \u017cywicy 3D","og_url":"https:\/\/printyourfun.eu\/en\/product\/zywiczna-figurka-3d-28-32mm-duza-bestia-rpg-kreator-kopia\/","og_site_name":"PrintYourFun","article_publisher":"https:\/\/www.facebook.com\/Printyourfun\/","article_modified_time":"2025-08-27T09:21:51+00:00","og_image":[{"width":2000,"height":2000,"url":"https:\/\/printyourfun.eu\/wp-content\/uploads\/2025\/08\/ASC02462-kopia.jpg","type":"image\/jpeg"}],"twitter_card":"summary_large_image","twitter_misc":{"Estimated reading time":"2 minutes"},"schema":{"@context":"https:\/\/schema.org","@graph":[{"@type":"WebPage","@id":"https:\/\/printyourfun.eu\/product\/zywiczna-figurka-3d-28-32mm-duza-bestia-rpg-kreator-kopia\/","url":"https:\/\/printyourfun.eu\/product\/zywiczna-figurka-3d-28-32mm-duza-bestia-rpg-kreator-kopia\/","name":"\u017bywiczna figurka 3D 28-32mm Du\u017ca bestia RPG KREATOR - PrintYourFun","isPartOf":{"@id":"https:\/\/printyourfun.eu\/#website"},"primaryImageOfPage":{"@id":"https:\/\/printyourfun.eu\/product\/zywiczna-figurka-3d-28-32mm-duza-bestia-rpg-kreator-kopia\/#primaryimage"},"image":{"@id":"https:\/\/printyourfun.eu\/product\/zywiczna-figurka-3d-28-32mm-duza-bestia-rpg-kreator-kopia\/#primaryimage"},"thumbnailUrl":"https:\/\/printyourfun.eu\/wp-content\/uploads\/2025\/08\/ASC02462-kopia.jpg","datePublished":"2025-08-27T09:16:39+00:00","dateModified":"2025-08-27T09:21:51+00:00","description":"Stw\u00f3rz idealn\u0105 figurk\u0119 3D w naszym intuicyjnym kreatorze z tysi\u0105cami element\u00f3w do wyboru! A my wyrukujemy j\u0105 w najwy\u017cszej jako\u015bci \u017cywicy 3D","breadcrumb":{"@id":"https:\/\/printyourfun.eu\/product\/zywiczna-figurka-3d-28-32mm-duza-bestia-rpg-kreator-kopia\/#breadcrumb"},"inLanguage":"en-GB","potentialAction":[{"@type":"ReadAction","target":["https:\/\/printyourfun.eu\/product\/zywiczna-figurka-3d-28-32mm-duza-bestia-rpg-kreator-kopia\/"]}]},{"@type":"ImageObject","inLanguage":"en-GB","@id":"https:\/\/printyourfun.eu\/product\/zywiczna-figurka-3d-28-32mm-duza-bestia-rpg-kreator-kopia\/#primaryimage","url":"https:\/\/printyourfun.eu\/wp-content\/uploads\/2025\/08\/ASC02462-kopia.jpg","contentUrl":"https:\/\/printyourfun.eu\/wp-content\/uploads\/2025\/08\/ASC02462-kopia.jpg","width":2000,"height":2000},{"@type":"BreadcrumbList","@id":"https:\/\/printyourfun.eu\/product\/zywiczna-figurka-3d-28-32mm-duza-bestia-rpg-kreator-kopia\/#breadcrumb","itemListElement":[{"@type":"ListItem","position":1,"name":"Home","item":"https:\/\/printyourfun.eu\/"},{"@type":"ListItem","position":2,"name":"Sklep","item":"https:\/\/printyourfun.eu\/sklep\/"},{"@type":"ListItem","position":3,"name":"\u017bywiczna figurka 3D 28-32mm Du\u017ca bestia RPG KREATOR"}]},{"@type":"WebSite","@id":"https:\/\/printyourfun.eu\/#website","url":"https:\/\/printyourfun.eu\/","name":"PrintYourFun","description":"Wydruki 3D","potentialAction":[{"@type":"SearchAction","target":{"@type":"EntryPoint","urlTemplate":"https:\/\/printyourfun.eu\/?s={search_term_string}"},"query-input":{"@type":"PropertyValueSpecification","valueRequired":true,"valueName":"search_term_string"}}],"inLanguage":"en-GB"}]}},"_links":{"self":[{"href":"https:\/\/printyourfun.eu\/en\/wp-json\/wp\/v2\/product\/6484","targetHints":{"allow":["GET"]}}],"collection":[{"href":"https:\/\/printyourfun.eu\/en\/wp-json\/wp\/v2\/product"}],"about":[{"href":"https:\/\/printyourfun.eu\/en\/wp-json\/wp\/v2\/types\/product"}],"replies":[{"embeddable":true,"href":"https:\/\/printyourfun.eu\/en\/wp-json\/wp\/v2\/comments?post=6484"}],"wp:featuredmedia":[{"embeddable":true,"href":"https:\/\/printyourfun.eu\/en\/wp-json\/wp\/v2\/media\/6486"}],"wp:attachment":[{"href":"https:\/\/printyourfun.eu\/en\/wp-json\/wp\/v2\/media?parent=6484"}],"wp:term":[{"taxonomy":"product_brand","embeddable":true,"href":"https:\/\/printyourfun.eu\/en\/wp-json\/wp\/v2\/product_brand?post=6484"},{"taxonomy":"product_cat","embeddable":true,"href":"https:\/\/printyourfun.eu\/en\/wp-json\/wp\/v2\/product_cat?post=6484"},{"taxonomy":"product_tag","embeddable":true,"href":"https:\/\/printyourfun.eu\/en\/wp-json\/wp\/v2\/product_tag?post=6484"}],"curies":[{"name":"wp","href":"https:\/\/api.w.org\/{rel}","templated":true}]}}