{"id":6658,"date":"2025-10-01T17:10:45","date_gmt":"2025-10-01T15:10:45","guid":{"rendered":"https:\/\/printyourfun.eu\/?post_type=product&#038;p=6658"},"modified":"2025-10-01T17:19:16","modified_gmt":"2025-10-01T15:19:16","slug":"nemesis-retaliation-organizer-kart-sprzetowych","status":"publish","type":"product","link":"https:\/\/printyourfun.eu\/en\/product\/nemesis-retaliation-organizer-kart-sprzetowych\/","title":{"rendered":"Nemesis Retaliation organizer kart sprz\u0119towych i ran"},"content":{"rendered":"<p style=\"text-align: left;\"><span style=\"color: #c66a26; font-size: 110%; border-left: 10px solid #c66a26; padding-left: 15px;\"><strong>Nemesis Retaliation organizer kart sprz\u0119towych i ran.<\/strong><\/span><\/p>\n<p>Nie lubisz chaosu na stole podczas gry? Gdy w ciszy starasz si\u0119 przeszuka\u0107 pomieszczenie, to upadaj\u0105cy przedmiot &#8222;karta&#8221; mo\u017ce narobi\u0107 niez\u0142ego ha\u0142asu i przyci\u0105gn\u0105\u0107 uwag\u0119 niechcianych go\u015bci \ud83d\ude09<\/p>\n<p>\u2714\ufe0f Pasuje do kart w koszulkach<br \/>\n\u2714\ufe0f Kompaktowy design oszcz\u0119dzaj\u0105cy miejsce.<\/p>\n<p>\ud83d\udce6 Pojemno\u015b\u0107:<\/p>\n<p>\ud83d\udc8a Karty Medyczne<\/p>\n<p>\u2699\ufe0f Karty Techniczne<\/p>\n<p>\ud83d\udd2b Karty Militarne<\/p>\n<p>\u2764\ufe0f Karty Powa\u017cnych ran<\/p>\n<p><img loading=\"lazy\" decoding=\"async\" class=\"aligncenter size-medium wp-image-6696\" src=\"https:\/\/printyourfun.eu\/wp-content\/uploads\/2025\/10\/ASC02514-kopia-2www-1-800x261.jpg\" alt=\"\" width=\"800\" height=\"261\" srcset=\"https:\/\/printyourfun.eu\/wp-content\/uploads\/2025\/10\/ASC02514-kopia-2www-1-800x261.jpg 800w, https:\/\/printyourfun.eu\/wp-content\/uploads\/2025\/10\/ASC02514-kopia-2www-1-1400x457.jpg 1400w, https:\/\/printyourfun.eu\/wp-content\/uploads\/2025\/10\/ASC02514-kopia-2www-1-768x251.jpg 768w, https:\/\/printyourfun.eu\/wp-content\/uploads\/2025\/10\/ASC02514-kopia-2www-1-1536x501.jpg 1536w, https:\/\/printyourfun.eu\/wp-content\/uploads\/2025\/10\/ASC02514-kopia-2www-1-2048x668.jpg 2048w, https:\/\/printyourfun.eu\/wp-content\/uploads\/2025\/10\/ASC02514-kopia-2www-1-18x6.jpg 18w, https:\/\/printyourfun.eu\/wp-content\/uploads\/2025\/10\/ASC02514-kopia-2www-1-600x196.jpg 600w\" sizes=\"auto, (max-width: 800px) 100vw, 800px\" \/>Dost\u0119pne w wielu kolorach.<\/p>\n<p>Materia\u0142 : PLA, trwa\u0142y i wytrzyma\u0142y.<\/p>\n<p>PRODUKT NIE ZAWIERA GRY PLANSZOWEJ I JEJ ELEMENT\u00d3W.<\/p>\n<h6><\/h6>","protected":false},"excerpt":{"rendered":"<p>Nemesis Retaliation organizer kart sprz\u0119towych i ran. Nie lubisz chaosu na stole podczas gry? Gdy w ciszy starasz si\u0119 przeszuka\u0107 pomieszczenie, to upadaj\u0105cy przedmiot &#8222;karta&#8221; mo\u017ce narobi\u0107 niez\u0142ego ha\u0142asu i przyci\u0105gn\u0105\u0107 uwag\u0119 niechcianych go\u015bci \ud83d\ude09 \u2714\ufe0f Pasuje do kart w koszulkach \u2714\ufe0f Kompaktowy design oszcz\u0119dzaj\u0105cy miejsce. \ud83d\udce6 Pojemno\u015b\u0107: \ud83d\udc8a Karty Medyczne \u2699\ufe0f Karty Techniczne \ud83d\udd2b [&#8230;]","protected":false},"featured_media":6692,"comment_status":"open","ping_status":"closed","template":"","meta":{"_acf_changed":false},"product_brand":[],"product_cat":[70,78],"product_tag":[166,162,164,165,127,167,168],"class_list":{"0":"post-6658","1":"product","2":"type-product","3":"status-publish","4":"has-post-thumbnail","6":"product_cat-akcesoria-do-gier","7":"product_cat-organizery-na-karty","8":"product_tag-gracza","9":"product_tag-nakladka","10":"product_tag-nemesis","11":"product_tag-nemesis-board-game","12":"product_tag-organizer","13":"product_tag-sprzet","14":"product_tag-tool","16":"first","17":"instock","18":"shipping-taxable","19":"purchasable","20":"product-type-variable"},"acf":[],"yoast_head":"<!-- This site is optimized with the Yoast SEO plugin v24.8.1 - https:\/\/yoast.com\/wordpress\/plugins\/seo\/ -->\n<title>Nemesis Retaliation organizer kart sprz\u0119towych i ran - PrintYourFun<\/title>\n<meta name=\"description\" content=\"Nie lubisz chaosu na stole podczas gry? Podajnik na ma\u0142e karty to idealne rozwi\u0105zanie. Mie\u015bci ma\u0142e karty sprz\u0119t\u00f3w i ran.\" \/>\n<meta name=\"robots\" content=\"index, follow, max-snippet:-1, max-image-preview:large, max-video-preview:-1\" \/>\n<link rel=\"canonical\" href=\"https:\/\/printyourfun.eu\/en\/product\/nemesis-retaliation-organizer-kart-sprzetowych\/\" \/>\n<meta property=\"og:locale\" content=\"en_GB\" \/>\n<meta property=\"og:type\" content=\"article\" \/>\n<meta property=\"og:title\" content=\"Nemesis Retaliation organizer kart sprz\u0119towych i ran - PrintYourFun\" \/>\n<meta property=\"og:description\" content=\"Nie lubisz chaosu na stole podczas gry? Podajnik na ma\u0142e karty to idealne rozwi\u0105zanie. Mie\u015bci ma\u0142e karty sprz\u0119t\u00f3w i ran.\" \/>\n<meta property=\"og:url\" content=\"https:\/\/printyourfun.eu\/en\/product\/nemesis-retaliation-organizer-kart-sprzetowych\/\" \/>\n<meta property=\"og:site_name\" content=\"PrintYourFun\" \/>\n<meta property=\"article:publisher\" content=\"https:\/\/www.facebook.com\/Printyourfun\/\" \/>\n<meta property=\"article:modified_time\" content=\"2025-10-01T15:19:16+00:00\" \/>\n<meta property=\"og:image\" content=\"https:\/\/printyourfun.eu\/wp-content\/uploads\/2025\/10\/ASC02517-kopia.jpg\" \/>\n\t<meta property=\"og:image:width\" content=\"2000\" \/>\n\t<meta property=\"og:image:height\" content=\"2000\" \/>\n\t<meta property=\"og:image:type\" content=\"image\/jpeg\" \/>\n<meta name=\"twitter:card\" content=\"summary_large_image\" \/>\n<meta name=\"twitter:label1\" content=\"Estimated reading time\" \/>\n\t<meta name=\"twitter:data1\" content=\"1 minute\" \/>\n<script type=\"application\/ld+json\" class=\"yoast-schema-graph\">{\"@context\":\"https:\/\/schema.org\",\"@graph\":[{\"@type\":\"WebPage\",\"@id\":\"https:\/\/printyourfun.eu\/product\/nemesis-retaliation-organizer-kart-sprzetowych\/\",\"url\":\"https:\/\/printyourfun.eu\/product\/nemesis-retaliation-organizer-kart-sprzetowych\/\",\"name\":\"Nemesis Retaliation organizer kart sprz\u0119towych i ran - PrintYourFun\",\"isPartOf\":{\"@id\":\"https:\/\/printyourfun.eu\/#website\"},\"primaryImageOfPage\":{\"@id\":\"https:\/\/printyourfun.eu\/product\/nemesis-retaliation-organizer-kart-sprzetowych\/#primaryimage\"},\"image\":{\"@id\":\"https:\/\/printyourfun.eu\/product\/nemesis-retaliation-organizer-kart-sprzetowych\/#primaryimage\"},\"thumbnailUrl\":\"https:\/\/printyourfun.eu\/wp-content\/uploads\/2025\/10\/ASC02517-kopia.jpg\",\"datePublished\":\"2025-10-01T15:10:45+00:00\",\"dateModified\":\"2025-10-01T15:19:16+00:00\",\"description\":\"Nie lubisz chaosu na stole podczas gry? Podajnik na ma\u0142e karty to idealne rozwi\u0105zanie. Mie\u015bci ma\u0142e karty sprz\u0119t\u00f3w i ran.\",\"breadcrumb\":{\"@id\":\"https:\/\/printyourfun.eu\/product\/nemesis-retaliation-organizer-kart-sprzetowych\/#breadcrumb\"},\"inLanguage\":\"en-GB\",\"potentialAction\":[{\"@type\":\"ReadAction\",\"target\":[\"https:\/\/printyourfun.eu\/product\/nemesis-retaliation-organizer-kart-sprzetowych\/\"]}]},{\"@type\":\"ImageObject\",\"inLanguage\":\"en-GB\",\"@id\":\"https:\/\/printyourfun.eu\/product\/nemesis-retaliation-organizer-kart-sprzetowych\/#primaryimage\",\"url\":\"https:\/\/printyourfun.eu\/wp-content\/uploads\/2025\/10\/ASC02517-kopia.jpg\",\"contentUrl\":\"https:\/\/printyourfun.eu\/wp-content\/uploads\/2025\/10\/ASC02517-kopia.jpg\",\"width\":2000,\"height\":2000},{\"@type\":\"BreadcrumbList\",\"@id\":\"https:\/\/printyourfun.eu\/product\/nemesis-retaliation-organizer-kart-sprzetowych\/#breadcrumb\",\"itemListElement\":[{\"@type\":\"ListItem\",\"position\":1,\"name\":\"Home\",\"item\":\"https:\/\/printyourfun.eu\/\"},{\"@type\":\"ListItem\",\"position\":2,\"name\":\"Sklep\",\"item\":\"https:\/\/printyourfun.eu\/sklep\/\"},{\"@type\":\"ListItem\",\"position\":3,\"name\":\"Nemesis Retaliation organizer kart sprz\u0119towych i ran\"}]},{\"@type\":\"WebSite\",\"@id\":\"https:\/\/printyourfun.eu\/#website\",\"url\":\"https:\/\/printyourfun.eu\/\",\"name\":\"PrintYourFun\",\"description\":\"Wydruki 3D\",\"potentialAction\":[{\"@type\":\"SearchAction\",\"target\":{\"@type\":\"EntryPoint\",\"urlTemplate\":\"https:\/\/printyourfun.eu\/?s={search_term_string}\"},\"query-input\":{\"@type\":\"PropertyValueSpecification\",\"valueRequired\":true,\"valueName\":\"search_term_string\"}}],\"inLanguage\":\"en-GB\"}]}<\/script>\n<!-- \/ Yoast SEO plugin. -->","yoast_head_json":{"title":"Nemesis Retaliation organizer kart sprz\u0119towych i ran - PrintYourFun","description":"Nie lubisz chaosu na stole podczas gry? Podajnik na ma\u0142e karty to idealne rozwi\u0105zanie. Mie\u015bci ma\u0142e karty sprz\u0119t\u00f3w i ran.","robots":{"index":"index","follow":"follow","max-snippet":"max-snippet:-1","max-image-preview":"max-image-preview:large","max-video-preview":"max-video-preview:-1"},"canonical":"https:\/\/printyourfun.eu\/en\/product\/nemesis-retaliation-organizer-kart-sprzetowych\/","og_locale":"en_GB","og_type":"article","og_title":"Nemesis Retaliation organizer kart sprz\u0119towych i ran - PrintYourFun","og_description":"Nie lubisz chaosu na stole podczas gry? Podajnik na ma\u0142e karty to idealne rozwi\u0105zanie. Mie\u015bci ma\u0142e karty sprz\u0119t\u00f3w i ran.","og_url":"https:\/\/printyourfun.eu\/en\/product\/nemesis-retaliation-organizer-kart-sprzetowych\/","og_site_name":"PrintYourFun","article_publisher":"https:\/\/www.facebook.com\/Printyourfun\/","article_modified_time":"2025-10-01T15:19:16+00:00","og_image":[{"width":2000,"height":2000,"url":"https:\/\/printyourfun.eu\/wp-content\/uploads\/2025\/10\/ASC02517-kopia.jpg","type":"image\/jpeg"}],"twitter_card":"summary_large_image","twitter_misc":{"Estimated reading time":"1 minute"},"schema":{"@context":"https:\/\/schema.org","@graph":[{"@type":"WebPage","@id":"https:\/\/printyourfun.eu\/product\/nemesis-retaliation-organizer-kart-sprzetowych\/","url":"https:\/\/printyourfun.eu\/product\/nemesis-retaliation-organizer-kart-sprzetowych\/","name":"Nemesis Retaliation organizer kart sprz\u0119towych i ran - PrintYourFun","isPartOf":{"@id":"https:\/\/printyourfun.eu\/#website"},"primaryImageOfPage":{"@id":"https:\/\/printyourfun.eu\/product\/nemesis-retaliation-organizer-kart-sprzetowych\/#primaryimage"},"image":{"@id":"https:\/\/printyourfun.eu\/product\/nemesis-retaliation-organizer-kart-sprzetowych\/#primaryimage"},"thumbnailUrl":"https:\/\/printyourfun.eu\/wp-content\/uploads\/2025\/10\/ASC02517-kopia.jpg","datePublished":"2025-10-01T15:10:45+00:00","dateModified":"2025-10-01T15:19:16+00:00","description":"Nie lubisz chaosu na stole podczas gry? Podajnik na ma\u0142e karty to idealne rozwi\u0105zanie. Mie\u015bci ma\u0142e karty sprz\u0119t\u00f3w i ran.","breadcrumb":{"@id":"https:\/\/printyourfun.eu\/product\/nemesis-retaliation-organizer-kart-sprzetowych\/#breadcrumb"},"inLanguage":"en-GB","potentialAction":[{"@type":"ReadAction","target":["https:\/\/printyourfun.eu\/product\/nemesis-retaliation-organizer-kart-sprzetowych\/"]}]},{"@type":"ImageObject","inLanguage":"en-GB","@id":"https:\/\/printyourfun.eu\/product\/nemesis-retaliation-organizer-kart-sprzetowych\/#primaryimage","url":"https:\/\/printyourfun.eu\/wp-content\/uploads\/2025\/10\/ASC02517-kopia.jpg","contentUrl":"https:\/\/printyourfun.eu\/wp-content\/uploads\/2025\/10\/ASC02517-kopia.jpg","width":2000,"height":2000},{"@type":"BreadcrumbList","@id":"https:\/\/printyourfun.eu\/product\/nemesis-retaliation-organizer-kart-sprzetowych\/#breadcrumb","itemListElement":[{"@type":"ListItem","position":1,"name":"Home","item":"https:\/\/printyourfun.eu\/"},{"@type":"ListItem","position":2,"name":"Sklep","item":"https:\/\/printyourfun.eu\/sklep\/"},{"@type":"ListItem","position":3,"name":"Nemesis Retaliation organizer kart sprz\u0119towych i ran"}]},{"@type":"WebSite","@id":"https:\/\/printyourfun.eu\/#website","url":"https:\/\/printyourfun.eu\/","name":"PrintYourFun","description":"Wydruki 3D","potentialAction":[{"@type":"SearchAction","target":{"@type":"EntryPoint","urlTemplate":"https:\/\/printyourfun.eu\/?s={search_term_string}"},"query-input":{"@type":"PropertyValueSpecification","valueRequired":true,"valueName":"search_term_string"}}],"inLanguage":"en-GB"}]}},"_links":{"self":[{"href":"https:\/\/printyourfun.eu\/en\/wp-json\/wp\/v2\/product\/6658","targetHints":{"allow":["GET"]}}],"collection":[{"href":"https:\/\/printyourfun.eu\/en\/wp-json\/wp\/v2\/product"}],"about":[{"href":"https:\/\/printyourfun.eu\/en\/wp-json\/wp\/v2\/types\/product"}],"replies":[{"embeddable":true,"href":"https:\/\/printyourfun.eu\/en\/wp-json\/wp\/v2\/comments?post=6658"}],"wp:featuredmedia":[{"embeddable":true,"href":"https:\/\/printyourfun.eu\/en\/wp-json\/wp\/v2\/media\/6692"}],"wp:attachment":[{"href":"https:\/\/printyourfun.eu\/en\/wp-json\/wp\/v2\/media?parent=6658"}],"wp:term":[{"taxonomy":"product_brand","embeddable":true,"href":"https:\/\/printyourfun.eu\/en\/wp-json\/wp\/v2\/product_brand?post=6658"},{"taxonomy":"product_cat","embeddable":true,"href":"https:\/\/printyourfun.eu\/en\/wp-json\/wp\/v2\/product_cat?post=6658"},{"taxonomy":"product_tag","embeddable":true,"href":"https:\/\/printyourfun.eu\/en\/wp-json\/wp\/v2\/product_tag?post=6658"}],"curies":[{"name":"wp","href":"https:\/\/api.w.org\/{rel}","templated":true}]}}