{"id":6703,"date":"2025-10-08T09:05:07","date_gmt":"2025-10-08T07:05:07","guid":{"rendered":"https:\/\/printyourfun.eu\/?post_type=product&#038;p=6703"},"modified":"2025-10-08T09:24:35","modified_gmt":"2025-10-08T07:24:35","slug":"zakazane-gwiazdy-licznik-symboli-walki","status":"publish","type":"product","link":"https:\/\/printyourfun.eu\/en\/product\/zakazane-gwiazdy-licznik-symboli-walki\/","title":{"rendered":"Zakazane Gwiazdy Licznik Symboli Walki"},"content":{"rendered":"<p style=\"text-align: left;\"><span style=\"color: #c66a26; font-size: 110%; border-left: 10px solid #c66a26; padding-left: 15px;\"><strong>Forbidden Stars \u2013 Licznik Symboli Walki.<\/strong><\/span><\/p>\n<p>\u2728 U\u0142atw sobie rozgrywk\u0119 dzi\u0119ki licznikowi symboli walki, kt\u00f3ry pozwala szybko i wygodnie zlicza\u0107 wyniki podczas star\u0107!<br \/>\n\u2714\ufe0f Przeznaczony do gier Forbidden Stars, Galaxy in Flames, Symphony of War<br \/>\n\u2714\ufe0f Pomaga w \u0142atwym \u015bledzeniu symboli w trakcie walki<\/p>\n<p>\u2694\ufe0f Cechy produktu:<\/p>\n<p>Cena dotyczy jednego licznika<\/p>\n<p>Zawiera 3 tory symboli w zakresie 0\u201320<\/p>\n<p>Wykonany z wysokiej jako\u015bci p\u0142yty HDF z trwa\u0142ym nadrukiem<\/p>\n<p>Kompaktowy, czytelny i wygodny w u\u017cyciu nawet podczas dynamicznych rozgrywek<\/p>\n<p>&nbsp;<\/p>\n<p><img loading=\"lazy\" decoding=\"async\" class=\"aligncenter size-medium wp-image-6706\" src=\"https:\/\/printyourfun.eu\/wp-content\/uploads\/2025\/10\/ASC02086-kopia-2www-701x400.jpg\" alt=\"\" width=\"701\" height=\"400\" srcset=\"https:\/\/printyourfun.eu\/wp-content\/uploads\/2025\/10\/ASC02086-kopia-2www-701x400.jpg 701w, https:\/\/printyourfun.eu\/wp-content\/uploads\/2025\/10\/ASC02086-kopia-2www-1400x800.jpg 1400w, https:\/\/printyourfun.eu\/wp-content\/uploads\/2025\/10\/ASC02086-kopia-2www-768x439.jpg 768w, https:\/\/printyourfun.eu\/wp-content\/uploads\/2025\/10\/ASC02086-kopia-2www-1536x877.jpg 1536w, https:\/\/printyourfun.eu\/wp-content\/uploads\/2025\/10\/ASC02086-kopia-2www-18x10.jpg 18w, https:\/\/printyourfun.eu\/wp-content\/uploads\/2025\/10\/ASC02086-kopia-2www-600x343.jpg 600w, https:\/\/printyourfun.eu\/wp-content\/uploads\/2025\/10\/ASC02086-kopia-2www.jpg 2000w\" sizes=\"auto, (max-width: 701px) 100vw, 701px\" \/><\/p>\n<p>&nbsp;<\/p>\n<p>\u2139\ufe0f Informacje:<\/p>\n<p>\u274c To nie jest oficjalny produkt<\/p>\n<p>\ud83c\udfb2 Elementy gry nie s\u0105 cz\u0119\u015bci\u0105 zestawu \u2013 widoczne na zdj\u0119ciach jedynie w celach prezentacyjnych<\/p>\n<p>\ud83d\udca1 Dlaczego warto?<\/p>\n<p>\ud83d\udd0d Przyspiesza i porz\u0105dkuje przebieg walk<\/p>\n<p>\ud83c\udfd7\ufe0f Wysoka jako\u015b\u0107 nadruku i solidne wykonanie<\/p>\n<p>\ud83d\udc49 Sprawd\u017a te\u017c nasze inne oferty \u2013 znajdziesz tam akcesoria i ulepszenia do wielu gier planszowych!<\/p>\n<h6><\/h6>","protected":false},"excerpt":{"rendered":"<p>Forbidden Stars \u2013 Licznik Symboli Walki. \u2728 U\u0142atw sobie rozgrywk\u0119 dzi\u0119ki licznikowi symboli walki, kt\u00f3ry pozwala szybko i wygodnie zlicza\u0107 wyniki podczas star\u0107! \u2714\ufe0f Przeznaczony do gier Forbidden Stars, Galaxy in Flames, Symphony of War \u2714\ufe0f Pomaga w \u0142atwym \u015bledzeniu symboli w trakcie walki \u2694\ufe0f Cechy produktu: Cena dotyczy jednego licznika Zawiera 3 tory symboli [&#8230;]","protected":false},"featured_media":6707,"comment_status":"open","ping_status":"closed","template":"","meta":{"_acf_changed":false},"product_brand":[],"product_cat":[70,83],"product_tag":[414,173,209,415,416,174,175,210],"class_list":{"0":"post-6703","1":"product","2":"type-product","3":"status-publish","4":"has-post-thumbnail","6":"product_cat-akcesoria-do-gier","7":"product_cat-zetony-i-znaczniki","8":"product_tag-forbidden-stars","9":"product_tag-gumowe","10":"product_tag-kolorowe","11":"product_tag-licznik","12":"product_tag-liczniki","13":"product_tag-oslony","14":"product_tag-protektory","15":"product_tag-zakazane-gwiazdy","17":"first","18":"instock","19":"shipping-taxable","20":"purchasable","21":"product-type-simple"},"acf":[],"yoast_head":"<!-- This site is optimized with the Yoast SEO plugin v24.8.1 - https:\/\/yoast.com\/wordpress\/plugins\/seo\/ -->\n<title>Zakazane Gwiazdy Licznik Symboli Walki - PrintYourFun<\/title>\n<meta name=\"robots\" content=\"index, follow, max-snippet:-1, max-image-preview:large, max-video-preview:-1\" \/>\n<link rel=\"canonical\" href=\"https:\/\/printyourfun.eu\/en\/product\/zakazane-gwiazdy-licznik-symboli-walki\/\" \/>\n<meta property=\"og:locale\" content=\"en_GB\" \/>\n<meta property=\"og:type\" content=\"article\" \/>\n<meta property=\"og:title\" content=\"Zakazane Gwiazdy Licznik Symboli Walki - PrintYourFun\" \/>\n<meta property=\"og:description\" content=\"Forbidden Stars \u2013 Licznik Symboli Walki. \u2728 U\u0142atw sobie rozgrywk\u0119 dzi\u0119ki licznikowi symboli walki, kt\u00f3ry pozwala szybko i wygodnie zlicza\u0107 wyniki podczas star\u0107! \u2714\ufe0f Przeznaczony do gier Forbidden Stars, Galaxy in Flames, Symphony of War \u2714\ufe0f Pomaga w \u0142atwym \u015bledzeniu symboli w trakcie walki \u2694\ufe0f Cechy produktu: Cena dotyczy jednego licznika Zawiera 3 tory symboli [...]\" \/>\n<meta property=\"og:url\" content=\"https:\/\/printyourfun.eu\/en\/product\/zakazane-gwiazdy-licznik-symboli-walki\/\" \/>\n<meta property=\"og:site_name\" content=\"PrintYourFun\" \/>\n<meta property=\"article:publisher\" content=\"https:\/\/www.facebook.com\/Printyourfun\/\" \/>\n<meta property=\"article:modified_time\" content=\"2025-10-08T07:24:35+00:00\" \/>\n<meta property=\"og:image\" content=\"https:\/\/printyourfun.eu\/wp-content\/uploads\/2025\/10\/ASC02087.jpg\" \/>\n\t<meta property=\"og:image:width\" content=\"2000\" \/>\n\t<meta property=\"og:image:height\" content=\"2000\" \/>\n\t<meta property=\"og:image:type\" content=\"image\/jpeg\" \/>\n<meta name=\"twitter:card\" content=\"summary_large_image\" \/>\n<meta name=\"twitter:label1\" content=\"Estimated reading time\" \/>\n\t<meta name=\"twitter:data1\" content=\"2 minutes\" \/>\n<script type=\"application\/ld+json\" class=\"yoast-schema-graph\">{\"@context\":\"https:\/\/schema.org\",\"@graph\":[{\"@type\":\"WebPage\",\"@id\":\"https:\/\/printyourfun.eu\/product\/zakazane-gwiazdy-licznik-symboli-walki\/\",\"url\":\"https:\/\/printyourfun.eu\/product\/zakazane-gwiazdy-licznik-symboli-walki\/\",\"name\":\"Zakazane Gwiazdy Licznik Symboli Walki - PrintYourFun\",\"isPartOf\":{\"@id\":\"https:\/\/printyourfun.eu\/#website\"},\"primaryImageOfPage\":{\"@id\":\"https:\/\/printyourfun.eu\/product\/zakazane-gwiazdy-licznik-symboli-walki\/#primaryimage\"},\"image\":{\"@id\":\"https:\/\/printyourfun.eu\/product\/zakazane-gwiazdy-licznik-symboli-walki\/#primaryimage\"},\"thumbnailUrl\":\"https:\/\/printyourfun.eu\/wp-content\/uploads\/2025\/10\/ASC02087.jpg\",\"datePublished\":\"2025-10-08T07:05:07+00:00\",\"dateModified\":\"2025-10-08T07:24:35+00:00\",\"breadcrumb\":{\"@id\":\"https:\/\/printyourfun.eu\/product\/zakazane-gwiazdy-licznik-symboli-walki\/#breadcrumb\"},\"inLanguage\":\"en-GB\",\"potentialAction\":[{\"@type\":\"ReadAction\",\"target\":[\"https:\/\/printyourfun.eu\/product\/zakazane-gwiazdy-licznik-symboli-walki\/\"]}]},{\"@type\":\"ImageObject\",\"inLanguage\":\"en-GB\",\"@id\":\"https:\/\/printyourfun.eu\/product\/zakazane-gwiazdy-licznik-symboli-walki\/#primaryimage\",\"url\":\"https:\/\/printyourfun.eu\/wp-content\/uploads\/2025\/10\/ASC02087.jpg\",\"contentUrl\":\"https:\/\/printyourfun.eu\/wp-content\/uploads\/2025\/10\/ASC02087.jpg\",\"width\":2000,\"height\":2000},{\"@type\":\"BreadcrumbList\",\"@id\":\"https:\/\/printyourfun.eu\/product\/zakazane-gwiazdy-licznik-symboli-walki\/#breadcrumb\",\"itemListElement\":[{\"@type\":\"ListItem\",\"position\":1,\"name\":\"Home\",\"item\":\"https:\/\/printyourfun.eu\/\"},{\"@type\":\"ListItem\",\"position\":2,\"name\":\"Sklep\",\"item\":\"https:\/\/printyourfun.eu\/sklep\/\"},{\"@type\":\"ListItem\",\"position\":3,\"name\":\"Zakazane Gwiazdy Licznik Symboli Walki\"}]},{\"@type\":\"WebSite\",\"@id\":\"https:\/\/printyourfun.eu\/#website\",\"url\":\"https:\/\/printyourfun.eu\/\",\"name\":\"PrintYourFun\",\"description\":\"Wydruki 3D\",\"potentialAction\":[{\"@type\":\"SearchAction\",\"target\":{\"@type\":\"EntryPoint\",\"urlTemplate\":\"https:\/\/printyourfun.eu\/?s={search_term_string}\"},\"query-input\":{\"@type\":\"PropertyValueSpecification\",\"valueRequired\":true,\"valueName\":\"search_term_string\"}}],\"inLanguage\":\"en-GB\"}]}<\/script>\n<!-- \/ Yoast SEO plugin. -->","yoast_head_json":{"title":"Zakazane Gwiazdy Licznik Symboli Walki - PrintYourFun","robots":{"index":"index","follow":"follow","max-snippet":"max-snippet:-1","max-image-preview":"max-image-preview:large","max-video-preview":"max-video-preview:-1"},"canonical":"https:\/\/printyourfun.eu\/en\/product\/zakazane-gwiazdy-licznik-symboli-walki\/","og_locale":"en_GB","og_type":"article","og_title":"Zakazane Gwiazdy Licznik Symboli Walki - PrintYourFun","og_description":"Forbidden Stars \u2013 Licznik Symboli Walki. \u2728 U\u0142atw sobie rozgrywk\u0119 dzi\u0119ki licznikowi symboli walki, kt\u00f3ry pozwala szybko i wygodnie zlicza\u0107 wyniki podczas star\u0107! \u2714\ufe0f Przeznaczony do gier Forbidden Stars, Galaxy in Flames, Symphony of War \u2714\ufe0f Pomaga w \u0142atwym \u015bledzeniu symboli w trakcie walki \u2694\ufe0f Cechy produktu: Cena dotyczy jednego licznika Zawiera 3 tory symboli [...]","og_url":"https:\/\/printyourfun.eu\/en\/product\/zakazane-gwiazdy-licznik-symboli-walki\/","og_site_name":"PrintYourFun","article_publisher":"https:\/\/www.facebook.com\/Printyourfun\/","article_modified_time":"2025-10-08T07:24:35+00:00","og_image":[{"width":2000,"height":2000,"url":"https:\/\/printyourfun.eu\/wp-content\/uploads\/2025\/10\/ASC02087.jpg","type":"image\/jpeg"}],"twitter_card":"summary_large_image","twitter_misc":{"Estimated reading time":"2 minutes"},"schema":{"@context":"https:\/\/schema.org","@graph":[{"@type":"WebPage","@id":"https:\/\/printyourfun.eu\/product\/zakazane-gwiazdy-licznik-symboli-walki\/","url":"https:\/\/printyourfun.eu\/product\/zakazane-gwiazdy-licznik-symboli-walki\/","name":"Zakazane Gwiazdy Licznik Symboli Walki - PrintYourFun","isPartOf":{"@id":"https:\/\/printyourfun.eu\/#website"},"primaryImageOfPage":{"@id":"https:\/\/printyourfun.eu\/product\/zakazane-gwiazdy-licznik-symboli-walki\/#primaryimage"},"image":{"@id":"https:\/\/printyourfun.eu\/product\/zakazane-gwiazdy-licznik-symboli-walki\/#primaryimage"},"thumbnailUrl":"https:\/\/printyourfun.eu\/wp-content\/uploads\/2025\/10\/ASC02087.jpg","datePublished":"2025-10-08T07:05:07+00:00","dateModified":"2025-10-08T07:24:35+00:00","breadcrumb":{"@id":"https:\/\/printyourfun.eu\/product\/zakazane-gwiazdy-licznik-symboli-walki\/#breadcrumb"},"inLanguage":"en-GB","potentialAction":[{"@type":"ReadAction","target":["https:\/\/printyourfun.eu\/product\/zakazane-gwiazdy-licznik-symboli-walki\/"]}]},{"@type":"ImageObject","inLanguage":"en-GB","@id":"https:\/\/printyourfun.eu\/product\/zakazane-gwiazdy-licznik-symboli-walki\/#primaryimage","url":"https:\/\/printyourfun.eu\/wp-content\/uploads\/2025\/10\/ASC02087.jpg","contentUrl":"https:\/\/printyourfun.eu\/wp-content\/uploads\/2025\/10\/ASC02087.jpg","width":2000,"height":2000},{"@type":"BreadcrumbList","@id":"https:\/\/printyourfun.eu\/product\/zakazane-gwiazdy-licznik-symboli-walki\/#breadcrumb","itemListElement":[{"@type":"ListItem","position":1,"name":"Home","item":"https:\/\/printyourfun.eu\/"},{"@type":"ListItem","position":2,"name":"Sklep","item":"https:\/\/printyourfun.eu\/sklep\/"},{"@type":"ListItem","position":3,"name":"Zakazane Gwiazdy Licznik Symboli Walki"}]},{"@type":"WebSite","@id":"https:\/\/printyourfun.eu\/#website","url":"https:\/\/printyourfun.eu\/","name":"PrintYourFun","description":"Wydruki 3D","potentialAction":[{"@type":"SearchAction","target":{"@type":"EntryPoint","urlTemplate":"https:\/\/printyourfun.eu\/?s={search_term_string}"},"query-input":{"@type":"PropertyValueSpecification","valueRequired":true,"valueName":"search_term_string"}}],"inLanguage":"en-GB"}]}},"_links":{"self":[{"href":"https:\/\/printyourfun.eu\/en\/wp-json\/wp\/v2\/product\/6703","targetHints":{"allow":["GET"]}}],"collection":[{"href":"https:\/\/printyourfun.eu\/en\/wp-json\/wp\/v2\/product"}],"about":[{"href":"https:\/\/printyourfun.eu\/en\/wp-json\/wp\/v2\/types\/product"}],"replies":[{"embeddable":true,"href":"https:\/\/printyourfun.eu\/en\/wp-json\/wp\/v2\/comments?post=6703"}],"wp:featuredmedia":[{"embeddable":true,"href":"https:\/\/printyourfun.eu\/en\/wp-json\/wp\/v2\/media\/6707"}],"wp:attachment":[{"href":"https:\/\/printyourfun.eu\/en\/wp-json\/wp\/v2\/media?parent=6703"}],"wp:term":[{"taxonomy":"product_brand","embeddable":true,"href":"https:\/\/printyourfun.eu\/en\/wp-json\/wp\/v2\/product_brand?post=6703"},{"taxonomy":"product_cat","embeddable":true,"href":"https:\/\/printyourfun.eu\/en\/wp-json\/wp\/v2\/product_cat?post=6703"},{"taxonomy":"product_tag","embeddable":true,"href":"https:\/\/printyourfun.eu\/en\/wp-json\/wp\/v2\/product_tag?post=6703"}],"curies":[{"name":"wp","href":"https:\/\/api.w.org\/{rel}","templated":true}]}}